{"id":12982,"date":"2025-09-18T15:25:20","date_gmt":"2025-09-18T13:25:20","guid":{"rendered":"https:\/\/shop.natureneem.com\/vogn-2\/"},"modified":"2026-03-15T08:24:07","modified_gmt":"2026-03-15T07:24:07","slug":"vogn-2","status":"publish","type":"page","link":"https:\/\/shop.natureneem.com\/da\/vogn-2\/","title":{"rendered":"Vogn"},"content":{"rendered":"\n<div data-block-name=\"woocommerce\/cart\" class=\"wp-block-woocommerce-cart alignwide is-loading\">\n<div data-block-name=\"woocommerce\/filled-cart-block\" class=\"wp-block-woocommerce-filled-cart-block\">\n<div data-block-name=\"woocommerce\/cart-items-block\" class=\"wp-block-woocommerce-cart-items-block\">\n<div data-block-name=\"woocommerce\/cart-line-items-block\" class=\"wp-block-woocommerce-cart-line-items-block\"><\/div>\n\n\n\n<div data-block-name=\"woocommerce\/cart-cross-sells-block\" class=\"wp-block-woocommerce-cart-cross-sells-block\">\n<h2 class=\"wp-block-heading has-large-font-size\" id=\"h-you-may-be-interested-in\">Du er m\u00e5ske interesseret i&#8230;<\/h2>\n\n\n\n<div data-block-name=\"woocommerce\/cart-cross-sells-products-block\" class=\"wp-block-woocommerce-cart-cross-sells-products-block\"><\/div>\n<\/div>\n<\/div>\n\n\n\n<div data-block-name=\"woocommerce\/cart-totals-block\" class=\"wp-block-woocommerce-cart-totals-block\">\n<div data-block-name=\"woocommerce\/cart-order-summary-block\" class=\"wp-block-woocommerce-cart-order-summary-block\">\n<div data-block-name=\"woocommerce\/cart-order-summary-heading-block\" class=\"wp-block-woocommerce-cart-order-summary-heading-block\"><\/div>\n\n\n\n<div data-block-name=\"woocommerce\/cart-order-summary-coupon-form-block\" class=\"wp-block-woocommerce-cart-order-summary-coupon-form-block\"><\/div>\n\n\n\n<div data-block-name=\"woocommerce\/cart-order-summary-totals-block\" class=\"wp-block-woocommerce-cart-order-summary-totals-block\">\n<div data-block-name=\"woocommerce\/cart-order-summary-subtotal-block\" class=\"wp-block-woocommerce-cart-order-summary-subtotal-block\"><\/div>\n\n\n\n<div data-block-name=\"woocommerce\/cart-order-summary-fee-block\" class=\"wp-block-woocommerce-cart-order-summary-fee-block\"><\/div>\n\n\n\n<div data-block-name=\"woocommerce\/cart-order-summary-discount-block\" class=\"wp-block-woocommerce-cart-order-summary-discount-block\"><\/div>\n\n\n\n<div data-block-name=\"woocommerce\/cart-order-summary-shipping-block\" class=\"wp-block-woocommerce-cart-order-summary-shipping-block\"><\/div>\n\n\n\n<div data-block-name=\"woocommerce\/cart-order-summary-taxes-block\" class=\"wp-block-woocommerce-cart-order-summary-taxes-block\"><\/div>\n<\/div>\n<\/div>\n\n\n\n\n\n<div data-block-name=\"woocommerce\/cart-express-payment-block\" class=\"wp-block-woocommerce-cart-express-payment-block\"><\/div>\n\n\n\n<div data-block-name=\"woocommerce\/proceed-to-checkout-block\" class=\"wp-block-woocommerce-proceed-to-checkout-block\"><\/div>\n<div id=\"ppcp-recaptcha-v2-container\" style=\"margin:20px 0;\"><\/div>\n\n\n<div data-block-name=\"woocommerce\/cart-accepted-payment-methods-block\" class=\"wp-block-woocommerce-cart-accepted-payment-methods-block\"><\/div>\n<\/div>\n<\/div>\n\n\n\n<div data-block-name=\"woocommerce\/empty-cart-block\" class=\"wp-block-woocommerce-empty-cart-block\">\n<h2 class=\"wp-block-heading has-text-align-center with-empty-cart-icon wc-block-cart__empty-cart__title\" id=\"h-your-cart-is-currently-empty\">Din indk\u00f8bskurv er i \u00f8jeblikket tom!<\/h2>\n\n\n\n<hr class=\"wp-block-separator has-alpha-channel-opacity is-style-dots\"\/>\n\n\n\n<h2 class=\"wp-block-heading has-text-align-center\" id=\"h-new-in-store\">Nyt i butikken<\/h2>\n\n\n<div data-block-name=\"woocommerce\/product-new\" data-columns=\"4\" data-rows=\"1\" class=\"wc-block-grid wp-block-product-new wp-block-woocommerce-product-new wc-block-product-new has-4-columns\"><ul class=\"wc-block-grid__products\"><li class=\"wc-block-grid__product\">\n\t\t\t\t<a href=\"https:\/\/shop.natureneem.com\/da\/e-shop\/coco-mursten-copy\/\" class=\"wc-block-grid__product-link\">\n\t\t\t\t\t<div class=\"wc-block-grid__product-onsale\">\n\t\t\t<span aria-hidden=\"true\">Tilbud<\/span>\n\t\t\t<span class=\"screen-reader-text\">Vare p\u00e5 tilbud<\/span>\n\t\t<\/div>\n\t\t\t\t\t<div class=\"wc-block-grid__product-image\"><img loading=\"lazy\" decoding=\"async\" width=\"300\" height=\"300\" src=\"https:\/\/shop.natureneem.com\/wp-content\/uploads\/2025\/05\/NN_COCO-MULCH_WEB_00-1-300x300.jpg\" class=\"attachment-woocommerce_thumbnail size-woocommerce_thumbnail\" alt=\"CocoMulch af NatureNeem\" srcset=\"https:\/\/shop.natureneem.com\/wp-content\/uploads\/2025\/05\/NN_COCO-MULCH_WEB_00-1-300x300.jpg 300w, https:\/\/shop.natureneem.com\/wp-content\/uploads\/2025\/05\/NN_COCO-MULCH_WEB_00-1-100x100.jpg 100w, https:\/\/shop.natureneem.com\/wp-content\/uploads\/2025\/05\/NN_COCO-MULCH_WEB_00-1-500x500.jpg 500w, https:\/\/shop.natureneem.com\/wp-content\/uploads\/2025\/05\/NN_COCO-MULCH_WEB_00-1-1024x1024.jpg 1024w, https:\/\/shop.natureneem.com\/wp-content\/uploads\/2025\/05\/NN_COCO-MULCH_WEB_00-1-150x150.jpg 150w, https:\/\/shop.natureneem.com\/wp-content\/uploads\/2025\/05\/NN_COCO-MULCH_WEB_00-1-768x768.jpg 768w, https:\/\/shop.natureneem.com\/wp-content\/uploads\/2025\/05\/NN_COCO-MULCH_WEB_00-1.jpg 1200w\" sizes=\"(max-width: 300px) 100vw, 300px\" \/><\/div>\n\t\t\t\t\t<div class=\"wc-block-grid__product-title\">Coco Mulch<\/div>\n\t\t\t\t<\/a>\n\t\t\t\t<div class=\"wc-block-grid__product-price price\"><span class=\"tm-price-from\">fra<\/span> <ins><span class=\"woocommerce-Price-amount amount\">1,99&nbsp;<span class=\"woocommerce-Price-currencySymbol\">&euro;<\/span><\/span><\/ins> <del aria-hidden=\"true\"><span class=\"woocommerce-Price-amount amount\">3,99&nbsp;<span class=\"woocommerce-Price-currencySymbol\">&euro;<\/span><\/span><\/del><\/div>\n\t\t\t\t\n\t\t\t\t<div class=\"wp-block-button wc-block-grid__product-add-to-cart\"><a href=\"https:\/\/shop.natureneem.com\/da\/e-shop\/coco-mursten-copy\/\" aria-label=\"V\u00e6lg muligheder for &ldquo;Coco Mulch&rdquo;\" data-quantity=\"1\" data-product_id=\"11510\" data-product_sku=\"NN-GP-CM\" data-price=\"1.99\" rel=\"nofollow\" class=\"wp-block-button__link  add_to_cart_button\">V\u00e6lg muligheder<\/a><\/div>\n\t\t\t<\/li><li class=\"wc-block-grid__product\">\n\t\t\t\t<a href=\"https:\/\/shop.natureneem.com\/da\/e-shop\/nutraza-pulver\/\" class=\"wc-block-grid__product-link\">\n\t\t\t\t\t\n\t\t\t\t\t<div class=\"wc-block-grid__product-image\"><img loading=\"lazy\" decoding=\"async\" width=\"300\" height=\"300\" src=\"https:\/\/shop.natureneem.com\/wp-content\/uploads\/2025\/03\/NN-NutrAza_Powder_BAG_25KG_2025-03-31_01-300x300.jpg\" class=\"attachment-woocommerce_thumbnail size-woocommerce_thumbnail\" alt=\"Pulver af neem-fr\u00f8 fra NatureNeem\" srcset=\"https:\/\/shop.natureneem.com\/wp-content\/uploads\/2025\/03\/NN-NutrAza_Powder_BAG_25KG_2025-03-31_01-300x300.jpg 300w, https:\/\/shop.natureneem.com\/wp-content\/uploads\/2025\/03\/NN-NutrAza_Powder_BAG_25KG_2025-03-31_01-100x100.jpg 100w, https:\/\/shop.natureneem.com\/wp-content\/uploads\/2025\/03\/NN-NutrAza_Powder_BAG_25KG_2025-03-31_01-500x500.jpg 500w, https:\/\/shop.natureneem.com\/wp-content\/uploads\/2025\/03\/NN-NutrAza_Powder_BAG_25KG_2025-03-31_01-1024x1024.jpg 1024w, https:\/\/shop.natureneem.com\/wp-content\/uploads\/2025\/03\/NN-NutrAza_Powder_BAG_25KG_2025-03-31_01-150x150.jpg 150w, https:\/\/shop.natureneem.com\/wp-content\/uploads\/2025\/03\/NN-NutrAza_Powder_BAG_25KG_2025-03-31_01-768x768.jpg 768w, https:\/\/shop.natureneem.com\/wp-content\/uploads\/2025\/03\/NN-NutrAza_Powder_BAG_25KG_2025-03-31_01-1536x1536.jpg 1536w, https:\/\/shop.natureneem.com\/wp-content\/uploads\/2025\/03\/NN-NutrAza_Powder_BAG_25KG_2025-03-31_01.jpg 2000w\" sizes=\"(max-width: 300px) 100vw, 300px\" \/><\/div>\n\t\t\t\t\t<div class=\"wc-block-grid__product-title\">NutrAza-pulver<\/div>\n\t\t\t\t<\/a>\n\t\t\t\t<div class=\"wc-block-grid__product-price price\"><span class=\"woocommerce-Price-amount amount\">64,00&nbsp;<span class=\"woocommerce-Price-currencySymbol\">&euro;<\/span><\/span><\/div>\n\t\t\t\t\n\t\t\t\t<div class=\"wp-block-button wc-block-grid__product-add-to-cart\"><a href=\"https:\/\/shop.natureneem.com\/da\/e-shop\/nutraza-pulver\/\" aria-label=\"V\u00e6lg muligheder for &ldquo;NutrAza-pulver&rdquo;\" data-quantity=\"1\" data-product_id=\"11031\" data-product_sku=\"NN-NUT-XX-1\" data-price=\"64\" rel=\"nofollow\" class=\"wp-block-button__link  add_to_cart_button\">V\u00e6lg muligheder<\/a><\/div>\n\t\t\t<\/li><li class=\"wc-block-grid__product\">\n\t\t\t\t<a href=\"https:\/\/shop.natureneem.com\/da\/e-shop\/sesamolie\/\" class=\"wc-block-grid__product-link\">\n\t\t\t\t\t<div class=\"wc-block-grid__product-onsale\">\n\t\t\t<span aria-hidden=\"true\">Tilbud<\/span>\n\t\t\t<span class=\"screen-reader-text\">Vare p\u00e5 tilbud<\/span>\n\t\t<\/div>\n\t\t\t\t\t<div class=\"wc-block-grid__product-image\"><img loading=\"lazy\" decoding=\"async\" width=\"300\" height=\"300\" src=\"https:\/\/shop.natureneem.com\/wp-content\/uploads\/2024\/11\/NN-Sesame_Oil_500ml_2024-11-28_01-300x300.jpg\" class=\"attachment-woocommerce_thumbnail size-woocommerce_thumbnail\" alt=\"Sesamolie\" srcset=\"https:\/\/shop.natureneem.com\/wp-content\/uploads\/2024\/11\/NN-Sesame_Oil_500ml_2024-11-28_01-300x300.jpg 300w, https:\/\/shop.natureneem.com\/wp-content\/uploads\/2024\/11\/NN-Sesame_Oil_500ml_2024-11-28_01-100x100.jpg 100w, https:\/\/shop.natureneem.com\/wp-content\/uploads\/2024\/11\/NN-Sesame_Oil_500ml_2024-11-28_01-500x500.jpg 500w, https:\/\/shop.natureneem.com\/wp-content\/uploads\/2024\/11\/NN-Sesame_Oil_500ml_2024-11-28_01-1024x1024.jpg 1024w, https:\/\/shop.natureneem.com\/wp-content\/uploads\/2024\/11\/NN-Sesame_Oil_500ml_2024-11-28_01-150x150.jpg 150w, https:\/\/shop.natureneem.com\/wp-content\/uploads\/2024\/11\/NN-Sesame_Oil_500ml_2024-11-28_01-768x768.jpg 768w, https:\/\/shop.natureneem.com\/wp-content\/uploads\/2024\/11\/NN-Sesame_Oil_500ml_2024-11-28_01-1536x1536.jpg 1536w, https:\/\/shop.natureneem.com\/wp-content\/uploads\/2024\/11\/NN-Sesame_Oil_500ml_2024-11-28_01.jpg 2000w\" sizes=\"(max-width: 300px) 100vw, 300px\" \/><\/div>\n\t\t\t\t\t<div class=\"wc-block-grid__product-title\">Sesamolie<\/div>\n\t\t\t\t<\/a>\n\t\t\t\t<div class=\"wc-block-grid__product-price price\"><ins><span class=\"woocommerce-Price-amount amount\">12,99&nbsp;<span class=\"woocommerce-Price-currencySymbol\">&euro;<\/span><\/span><\/ins> <del aria-hidden=\"true\"><span class=\"woocommerce-Price-amount amount\">15,99&nbsp;<span class=\"woocommerce-Price-currencySymbol\">&euro;<\/span><\/span><\/del><\/div>\n\t\t\t\t\n\t\t\t\t<div class=\"wp-block-button wc-block-grid__product-add-to-cart\"><a href=\"\/da\/wp-json\/wp\/v2\/pages\/12982?add-to-cart=10176\" aria-label=\"L\u00e6g i kurv: &ldquo;Sesamolie&rdquo;\" data-quantity=\"1\" data-product_id=\"10176\" data-product_sku=\"NN-SO-0500\" data-price=\"12.99\" rel=\"nofollow\" class=\"wp-block-button__link  add_to_cart_button ajax_add_to_cart\">Tilf\u00f8j til kurv<\/a><\/div>\n\t\t\t<\/li><li class=\"wc-block-grid__product\">\n\t\t\t\t<a href=\"https:\/\/shop.natureneem.com\/da\/e-shop\/sennepsolie\/\" class=\"wc-block-grid__product-link\">\n\t\t\t\t\t<div class=\"wc-block-grid__product-onsale\">\n\t\t\t<span aria-hidden=\"true\">Tilbud<\/span>\n\t\t\t<span class=\"screen-reader-text\">Vare p\u00e5 tilbud<\/span>\n\t\t<\/div>\n\t\t\t\t\t<div class=\"wc-block-grid__product-image\"><img loading=\"lazy\" decoding=\"async\" width=\"300\" height=\"300\" src=\"https:\/\/shop.natureneem.com\/wp-content\/uploads\/2024\/11\/NN-Mustard_Oil_500ml_2024-11-28_01-300x300.jpg\" class=\"attachment-woocommerce_thumbnail size-woocommerce_thumbnail\" alt=\"Sennepsolie fra Nature Neem (Brassica Alba) Olie fra sennepsfr\u00f8 Nature Neem India\" srcset=\"https:\/\/shop.natureneem.com\/wp-content\/uploads\/2024\/11\/NN-Mustard_Oil_500ml_2024-11-28_01-300x300.jpg 300w, https:\/\/shop.natureneem.com\/wp-content\/uploads\/2024\/11\/NN-Mustard_Oil_500ml_2024-11-28_01-100x100.jpg 100w, https:\/\/shop.natureneem.com\/wp-content\/uploads\/2024\/11\/NN-Mustard_Oil_500ml_2024-11-28_01-500x500.jpg 500w, https:\/\/shop.natureneem.com\/wp-content\/uploads\/2024\/11\/NN-Mustard_Oil_500ml_2024-11-28_01-1024x1024.jpg 1024w, https:\/\/shop.natureneem.com\/wp-content\/uploads\/2024\/11\/NN-Mustard_Oil_500ml_2024-11-28_01-150x150.jpg 150w, https:\/\/shop.natureneem.com\/wp-content\/uploads\/2024\/11\/NN-Mustard_Oil_500ml_2024-11-28_01-768x768.jpg 768w, https:\/\/shop.natureneem.com\/wp-content\/uploads\/2024\/11\/NN-Mustard_Oil_500ml_2024-11-28_01-1536x1536.jpg 1536w, https:\/\/shop.natureneem.com\/wp-content\/uploads\/2024\/11\/NN-Mustard_Oil_500ml_2024-11-28_01.jpg 2000w\" sizes=\"(max-width: 300px) 100vw, 300px\" \/><\/div>\n\t\t\t\t\t<div class=\"wc-block-grid__product-title\">Sennepsolie<\/div>\n\t\t\t\t<\/a>\n\t\t\t\t<div class=\"wc-block-grid__product-price price\"><ins><span class=\"woocommerce-Price-amount amount\">11,99&nbsp;<span class=\"woocommerce-Price-currencySymbol\">&euro;<\/span><\/span><\/ins> <del aria-hidden=\"true\"><span class=\"woocommerce-Price-amount amount\">15,99&nbsp;<span class=\"woocommerce-Price-currencySymbol\">&euro;<\/span><\/span><\/del><\/div>\n\t\t\t\t\n\t\t\t\t<div class=\"wp-block-button wc-block-grid__product-add-to-cart\"><a href=\"\/da\/wp-json\/wp\/v2\/pages\/12982?add-to-cart=10184\" aria-label=\"L\u00e6g i kurv: &ldquo;Sennepsolie&rdquo;\" data-quantity=\"1\" data-product_id=\"10184\" data-product_sku=\"NN-MO-0500\" data-price=\"11.99\" rel=\"nofollow\" class=\"wp-block-button__link  add_to_cart_button ajax_add_to_cart\">Tilf\u00f8j til kurv<\/a><\/div>\n\t\t\t<\/li><\/ul><\/div><\/div>\n<\/div>\n","protected":false},"excerpt":{"rendered":"","protected":false},"author":1,"featured_media":0,"parent":0,"menu_order":0,"comment_status":"closed","ping_status":"closed","template":"","meta":{"footnotes":""},"class_list":["post-12982","page","type-page","status-publish","hentry"],"yoast_head":"<!-- This site is optimized with the Yoast SEO Premium plugin v27.1 (Yoast SEO v27.2) - https:\/\/yoast.com\/product\/yoast-seo-premium-wordpress\/ -->\n<title>Vogn - NatureNeem e-Shop<\/title>\n<meta name=\"robots\" content=\"index, follow, max-snippet:-1, max-image-preview:large, max-video-preview:-1\" \/>\n<link rel=\"canonical\" href=\"https:\/\/shop.natureneem.com\/da\/vogn-2\/\" \/>\n<meta property=\"og:locale\" content=\"da_DK\" \/>\n<meta property=\"og:type\" content=\"article\" \/>\n<meta property=\"og:title\" content=\"Vogn\" \/>\n<meta property=\"og:url\" content=\"https:\/\/shop.natureneem.com\/da\/vogn-2\/\" \/>\n<meta property=\"og:site_name\" content=\"NatureNeem e-Shop\" \/>\n<meta property=\"article:publisher\" content=\"https:\/\/www.facebook.com\/natureneemindia\/\" \/>\n<meta property=\"article:modified_time\" content=\"2026-03-15T07:24:07+00:00\" \/>\n<meta property=\"og:image\" content=\"https:\/\/shop.natureneem.com\/wp-content\/uploads\/2024\/09\/nn-logo-2024_social_yoast2.jpg\" \/>\n\t<meta property=\"og:image:width\" content=\"1200\" \/>\n\t<meta property=\"og:image:height\" content=\"675\" \/>\n\t<meta property=\"og:image:type\" content=\"image\/jpeg\" \/>\n<meta name=\"twitter:card\" content=\"summary_large_image\" \/>\n<meta name=\"twitter:site\" content=\"@natureneem\" \/>\n<script type=\"application\/ld+json\" class=\"yoast-schema-graph\">{\"@context\":\"https:\/\/schema.org\",\"@graph\":[{\"@type\":\"WebPage\",\"@id\":\"https:\/\/shop.natureneem.com\/da\/vogn-2\/\",\"url\":\"https:\/\/shop.natureneem.com\/da\/vogn-2\/\",\"name\":\"Vogn - NatureNeem e-Shop\",\"isPartOf\":{\"@id\":\"https:\/\/shop.natureneem.com\/da\/#website\"},\"datePublished\":\"2025-09-18T13:25:20+00:00\",\"dateModified\":\"2026-03-15T07:24:07+00:00\",\"breadcrumb\":{\"@id\":\"https:\/\/shop.natureneem.com\/da\/vogn-2\/#breadcrumb\"},\"inLanguage\":\"da-DK\",\"potentialAction\":[{\"@type\":\"ReadAction\",\"target\":[\"https:\/\/shop.natureneem.com\/da\/vogn-2\/\"]}]},{\"@type\":\"BreadcrumbList\",\"@id\":\"https:\/\/shop.natureneem.com\/da\/vogn-2\/#breadcrumb\",\"itemListElement\":[{\"@type\":\"ListItem\",\"position\":1,\"name\":\"Home\",\"item\":\"https:\/\/shop.natureneem.com\/da\/hjem\/\"},{\"@type\":\"ListItem\",\"position\":2,\"name\":\"Vogn\"}]},{\"@type\":\"WebSite\",\"@id\":\"https:\/\/shop.natureneem.com\/da\/#website\",\"url\":\"https:\/\/shop.natureneem.com\/da\/\",\"name\":\"NatureNeem e-Shop\",\"description\":\"Official Shop from Nature Neem\",\"publisher\":{\"@id\":\"https:\/\/shop.natureneem.com\/da\/#organization\"},\"alternateName\":\"Nature Neem\",\"potentialAction\":[{\"@type\":\"SearchAction\",\"target\":{\"@type\":\"EntryPoint\",\"urlTemplate\":\"https:\/\/shop.natureneem.com\/da\/?s={search_term_string}\"},\"query-input\":{\"@type\":\"PropertyValueSpecification\",\"valueRequired\":true,\"valueName\":\"search_term_string\"}}],\"inLanguage\":\"da-DK\"},{\"@type\":\"Organization\",\"@id\":\"https:\/\/shop.natureneem.com\/da\/#organization\",\"name\":\"Nature Neem\",\"alternateName\":\"Lorsun SAS\",\"url\":\"https:\/\/shop.natureneem.com\/da\/\",\"logo\":{\"@type\":\"ImageObject\",\"inLanguage\":\"da-DK\",\"@id\":\"https:\/\/shop.natureneem.com\/da\/#\/schema\/logo\/image\/\",\"url\":\"https:\/\/shop.natureneem.com\/wp-content\/uploads\/2024\/09\/nn-logo-symbole-2024-01.svg\",\"contentUrl\":\"https:\/\/shop.natureneem.com\/wp-content\/uploads\/2024\/09\/nn-logo-symbole-2024-01.svg\",\"width\":1,\"height\":1,\"caption\":\"Nature Neem\"},\"image\":{\"@id\":\"https:\/\/shop.natureneem.com\/da\/#\/schema\/logo\/image\/\"},\"sameAs\":[\"https:\/\/www.facebook.com\/natureneemindia\/\",\"https:\/\/x.com\/natureneem\",\"https:\/\/www.youtube.com\/user\/natureneem\",\"https:\/\/www.linkedin.com\/company\/natureneem\"],\"description\":\"Vi besk\u00e6ftiger os med udvikling og kommercialisering af \u00f8kologiske l\u00f8sninger. Vi forts\u00e6tter med at opfinde disse naturlige alternative l\u00f8sninger, som effektivt kan erstatte de kemisk fremstillede produkter, der skader vores milj\u00f8. Vores team er s\u00e6rligt kompetent til at foresl\u00e5 \u00f8kologiske landbrugsinput. Vi fungerer ogs\u00e5 som en sammenslutning af ligesindede, der tror p\u00e5, at naturen er l\u00f8sningen p\u00e5 alle de milj\u00f8problemer, som mennesker st\u00e5r over for.   \",\"email\":\"info@natureneem.com\",\"telephone\":\"+91 77084 00899\",\"legalName\":\"NATURE NEEM PRODUCTS\",\"vatID\":\"FR08891657884\",\"numberOfEmployees\":{\"@type\":\"QuantitativeValue\",\"minValue\":\"51\",\"maxValue\":\"200\"},\"publishingPrinciples\":\"https:\/\/shop.natureneem.com\/\",\"actionableFeedbackPolicy\":\"https:\/\/shop.natureneem.com\/return-and-refund-policy\/\",\"hasMerchantReturnPolicy\":{\"@type\":\"MerchantReturnPolicy\",\"merchantReturnLink\":\"https:\/\/shop.natureneem.com\/return-and-refund-policy\/\"}}]}<\/script>\n<!-- \/ Yoast SEO Premium plugin. -->","yoast_head_json":{"title":"Vogn - NatureNeem e-Shop","robots":{"index":"index","follow":"follow","max-snippet":"max-snippet:-1","max-image-preview":"max-image-preview:large","max-video-preview":"max-video-preview:-1"},"canonical":"https:\/\/shop.natureneem.com\/da\/vogn-2\/","og_locale":"da_DK","og_type":"article","og_title":"Vogn","og_url":"https:\/\/shop.natureneem.com\/da\/vogn-2\/","og_site_name":"NatureNeem e-Shop","article_publisher":"https:\/\/www.facebook.com\/natureneemindia\/","article_modified_time":"2026-03-15T07:24:07+00:00","og_image":[{"width":1200,"height":675,"url":"https:\/\/shop.natureneem.com\/wp-content\/uploads\/2024\/09\/nn-logo-2024_social_yoast2.jpg","type":"image\/jpeg"}],"twitter_card":"summary_large_image","twitter_site":"@natureneem","schema":{"@context":"https:\/\/schema.org","@graph":[{"@type":"WebPage","@id":"https:\/\/shop.natureneem.com\/da\/vogn-2\/","url":"https:\/\/shop.natureneem.com\/da\/vogn-2\/","name":"Vogn - NatureNeem e-Shop","isPartOf":{"@id":"https:\/\/shop.natureneem.com\/da\/#website"},"datePublished":"2025-09-18T13:25:20+00:00","dateModified":"2026-03-15T07:24:07+00:00","breadcrumb":{"@id":"https:\/\/shop.natureneem.com\/da\/vogn-2\/#breadcrumb"},"inLanguage":"da-DK","potentialAction":[{"@type":"ReadAction","target":["https:\/\/shop.natureneem.com\/da\/vogn-2\/"]}]},{"@type":"BreadcrumbList","@id":"https:\/\/shop.natureneem.com\/da\/vogn-2\/#breadcrumb","itemListElement":[{"@type":"ListItem","position":1,"name":"Home","item":"https:\/\/shop.natureneem.com\/da\/hjem\/"},{"@type":"ListItem","position":2,"name":"Vogn"}]},{"@type":"WebSite","@id":"https:\/\/shop.natureneem.com\/da\/#website","url":"https:\/\/shop.natureneem.com\/da\/","name":"NatureNeem e-Shop","description":"Official Shop from Nature Neem","publisher":{"@id":"https:\/\/shop.natureneem.com\/da\/#organization"},"alternateName":"Nature Neem","potentialAction":[{"@type":"SearchAction","target":{"@type":"EntryPoint","urlTemplate":"https:\/\/shop.natureneem.com\/da\/?s={search_term_string}"},"query-input":{"@type":"PropertyValueSpecification","valueRequired":true,"valueName":"search_term_string"}}],"inLanguage":"da-DK"},{"@type":"Organization","@id":"https:\/\/shop.natureneem.com\/da\/#organization","name":"Nature Neem","alternateName":"Lorsun SAS","url":"https:\/\/shop.natureneem.com\/da\/","logo":{"@type":"ImageObject","inLanguage":"da-DK","@id":"https:\/\/shop.natureneem.com\/da\/#\/schema\/logo\/image\/","url":"https:\/\/shop.natureneem.com\/wp-content\/uploads\/2024\/09\/nn-logo-symbole-2024-01.svg","contentUrl":"https:\/\/shop.natureneem.com\/wp-content\/uploads\/2024\/09\/nn-logo-symbole-2024-01.svg","width":1,"height":1,"caption":"Nature Neem"},"image":{"@id":"https:\/\/shop.natureneem.com\/da\/#\/schema\/logo\/image\/"},"sameAs":["https:\/\/www.facebook.com\/natureneemindia\/","https:\/\/x.com\/natureneem","https:\/\/www.youtube.com\/user\/natureneem","https:\/\/www.linkedin.com\/company\/natureneem"],"description":"Vi besk\u00e6ftiger os med udvikling og kommercialisering af \u00f8kologiske l\u00f8sninger. Vi forts\u00e6tter med at opfinde disse naturlige alternative l\u00f8sninger, som effektivt kan erstatte de kemisk fremstillede produkter, der skader vores milj\u00f8. Vores team er s\u00e6rligt kompetent til at foresl\u00e5 \u00f8kologiske landbrugsinput. Vi fungerer ogs\u00e5 som en sammenslutning af ligesindede, der tror p\u00e5, at naturen er l\u00f8sningen p\u00e5 alle de milj\u00f8problemer, som mennesker st\u00e5r over for.   ","email":"info@natureneem.com","telephone":"+91 77084 00899","legalName":"NATURE NEEM PRODUCTS","vatID":"FR08891657884","numberOfEmployees":{"@type":"QuantitativeValue","minValue":"51","maxValue":"200"},"publishingPrinciples":"https:\/\/shop.natureneem.com\/","actionableFeedbackPolicy":"https:\/\/shop.natureneem.com\/return-and-refund-policy\/","hasMerchantReturnPolicy":{"@type":"MerchantReturnPolicy","merchantReturnLink":"https:\/\/shop.natureneem.com\/return-and-refund-policy\/"}}]}},"_links":{"self":[{"href":"https:\/\/shop.natureneem.com\/da\/wp-json\/wp\/v2\/pages\/12982","targetHints":{"allow":["GET"]}}],"collection":[{"href":"https:\/\/shop.natureneem.com\/da\/wp-json\/wp\/v2\/pages"}],"about":[{"href":"https:\/\/shop.natureneem.com\/da\/wp-json\/wp\/v2\/types\/page"}],"author":[{"embeddable":true,"href":"https:\/\/shop.natureneem.com\/da\/wp-json\/wp\/v2\/users\/1"}],"replies":[{"embeddable":true,"href":"https:\/\/shop.natureneem.com\/da\/wp-json\/wp\/v2\/comments?post=12982"}],"version-history":[{"count":5,"href":"https:\/\/shop.natureneem.com\/da\/wp-json\/wp\/v2\/pages\/12982\/revisions"}],"predecessor-version":[{"id":12999,"href":"https:\/\/shop.natureneem.com\/da\/wp-json\/wp\/v2\/pages\/12982\/revisions\/12999"}],"wp:attachment":[{"href":"https:\/\/shop.natureneem.com\/da\/wp-json\/wp\/v2\/media?parent=12982"}],"curies":[{"name":"wp","href":"https:\/\/api.w.org\/{rel}","templated":true}]}}