{"id":9342,"date":"2024-11-01T20:36:51","date_gmt":"2024-11-01T19:36:51","guid":{"rendered":"https:\/\/shop.natureneem.com\/nyheder\/"},"modified":"2025-09-19T00:11:53","modified_gmt":"2025-09-18T22:11:53","slug":"nyheder","status":"publish","type":"page","link":"https:\/\/shop.natureneem.com\/da\/nyheder\/","title":{"rendered":"Nyheder"},"content":{"rendered":"<div>\n<\/div>\n<p><!--more--><br \/>\n<!-- {\"type\":\"layout\",\"children\":[{\"type\":\"section\",\"props\":{\"image_position\":\"center-center\",\"style\":\"default\",\"title_breakpoint\":\"xl\",\"title_position\":\"top-left\",\"title_rotation\":\"left\",\"vertical_align\":\"middle\",\"width\":\"default\"},\"children\":[{\"type\":\"row\",\"children\":[{\"type\":\"column\",\"props\":{\"image_position\":\"center-center\",\"position_sticky_breakpoint\":\"m\"},\"children\":[{\"type\":\"headline\",\"props\":{\"title_element\":\"h1\"},\"source_extended\":{\"props\":{\"content\":{\"filters\":{\"search\":\"\"},\"name\":\"title\",\"query\":{\"name\":\"pages.singlePage\"}}}},\"source\":{}},{\"type\":\"grid\",\"props\":{\"content_column_breakpoint\":\"m\",\"content_margin\":\"small\",\"content_style\":\"text-lead\",\"filter\":true,\"filter_align\":\"left\",\"filter_all\":true,\"filter_grid_breakpoint\":\"l\",\"filter_grid_width\":\"auto\",\"filter_margin\":\"small\",\"filter_position\":\"top\",\"filter_style\":\"tab\",\"grid_column_gap\":\"small\",\"grid_default\":\"1\",\"grid_divider\":false,\"grid_medium\":\"2\",\"grid_row_gap\":\"small\",\"icon_width\":80,\"image_align\":\"top\",\"image_grid_breakpoint\":\"m\",\"image_grid_width\":\"1-2\",\"image_link\":true,\"image_loading\":true,\"image_svg_color\":\"emphasis\",\"image_transition_border\":false,\"item_animation\":true,\"lightbox\":false,\"link_fullwidth\":false,\"link_size\":\"small\",\"link_style\":\"secondary\",\"link_target\":false,\"link_text\":\"Read more\",\"margin\":\"default\",\"meta_align\":\"above-title\",\"meta_element\":\"div\",\"meta_margin\":\"small\",\"meta_style\":\"text-lead\",\"panel_image_no_padding\":false,\"panel_link\":true,\"panel_padding\":\"small\",\"panel_style\":\"tile-primary\",\"show_content\":true,\"show_image\":true,\"show_link\":true,\"show_meta\":true,\"show_title\":true,\"title_align\":\"top\",\"title_element\":\"h3\",\"title_grid_breakpoint\":\"m\",\"title_grid_width\":\"1-2\",\"title_hover_style\":\"reset\",\"title_margin\":\"small\",\"title_style\":\"h2\"},\"children\":[{\"type\":\"grid_item\",\"source\":{\"query\":{\"name\":\"posts.customPosts\",\"arguments\":{\"terms\":[444,496,405],\"category_operator\":\"IN\",\"post_tag_operator\":\"IN\",\"users\":[],\"users_operator\":\"IN\",\"offset\":0,\"limit\":10,\"order\":\"date\",\"order_direction\":\"DESC\"}},\"props\":{\"title\":{\"filters\":{\"search\":\"\"},\"name\":\"title\"},\"content\":{\"filters\":{\"search\":\"\",\"limit\":150},\"arguments\":{\"show_intro_text\":true},\"name\":\"content\"},\"image\":{\"filters\":{\"search\":\"\"},\"name\":\"featuredImage.url\"},\"link\":{\"filters\":{\"search\":\"\"},\"name\":\"link\"},\"meta\":{\"filters\":{\"search\":\"\"},\"arguments\":{\"separator\":\", \",\"show_link\":true,\"link_style\":\"\"},\"name\":\"categoryString\"},\"image_alt\":{\"filters\":{\"search\":\"\"},\"name\":\"title\"},\"tags\":{\"filters\":{\"search\":\"\"},\"arguments\":{\"separator\":\", \",\"show_link\":true,\"link_style\":\"\"},\"name\":\"post_tagString\"},\"link_text\":{\"filters\":{\"search\":\"\",\"date\":\"l, M d\"},\"name\":\"date\"}}}}]}]}]}]}],\"version\":\"4.4.12\",\"yooessentialsVersion\":\"2.2.24\"} --><\/p>\n","protected":false},"excerpt":{"rendered":"","protected":false},"author":3,"featured_media":0,"parent":0,"menu_order":0,"comment_status":"closed","ping_status":"closed","template":"","meta":{"footnotes":""},"class_list":["post-9342","page","type-page","status-publish","hentry"],"yoast_head":"<!-- This site is optimized with the Yoast SEO Premium plugin v27.1 (Yoast SEO v27.2) - https:\/\/yoast.com\/product\/yoast-seo-premium-wordpress\/ -->\n<title>Nyheder - NatureNeem e-Shop<\/title>\n<meta name=\"robots\" content=\"index, follow, max-snippet:-1, max-image-preview:large, max-video-preview:-1\" \/>\n<link rel=\"canonical\" href=\"https:\/\/shop.natureneem.com\/da\/nyheder\/\" \/>\n<meta property=\"og:locale\" content=\"da_DK\" \/>\n<meta property=\"og:type\" content=\"article\" \/>\n<meta property=\"og:title\" content=\"Nyheder\" \/>\n<meta property=\"og:url\" content=\"https:\/\/shop.natureneem.com\/da\/nyheder\/\" \/>\n<meta property=\"og:site_name\" content=\"NatureNeem e-Shop\" \/>\n<meta property=\"article:publisher\" content=\"https:\/\/www.facebook.com\/natureneemindia\/\" \/>\n<meta property=\"article:modified_time\" content=\"2025-09-18T22:11:53+00:00\" \/>\n<meta property=\"og:image\" content=\"https:\/\/shop.natureneem.com\/wp-content\/uploads\/2024\/09\/nn-logo-2024_social_yoast2.jpg\" \/>\n\t<meta property=\"og:image:width\" content=\"1200\" \/>\n\t<meta property=\"og:image:height\" content=\"675\" \/>\n\t<meta property=\"og:image:type\" content=\"image\/jpeg\" \/>\n<meta name=\"twitter:card\" content=\"summary_large_image\" \/>\n<meta name=\"twitter:site\" content=\"@natureneem\" \/>\n<script type=\"application\/ld+json\" class=\"yoast-schema-graph\">{\"@context\":\"https:\/\/schema.org\",\"@graph\":[{\"@type\":\"WebPage\",\"@id\":\"https:\/\/shop.natureneem.com\/da\/nyheder\/\",\"url\":\"https:\/\/shop.natureneem.com\/da\/nyheder\/\",\"name\":\"Nyheder - NatureNeem e-Shop\",\"isPartOf\":{\"@id\":\"https:\/\/shop.natureneem.com\/da\/#website\"},\"datePublished\":\"2024-11-01T19:36:51+00:00\",\"dateModified\":\"2025-09-18T22:11:53+00:00\",\"breadcrumb\":{\"@id\":\"https:\/\/shop.natureneem.com\/da\/nyheder\/#breadcrumb\"},\"inLanguage\":\"da-DK\",\"potentialAction\":[{\"@type\":\"ReadAction\",\"target\":[\"https:\/\/shop.natureneem.com\/da\/nyheder\/\"]}]},{\"@type\":\"BreadcrumbList\",\"@id\":\"https:\/\/shop.natureneem.com\/da\/nyheder\/#breadcrumb\",\"itemListElement\":[{\"@type\":\"ListItem\",\"position\":1,\"name\":\"Home\",\"item\":\"https:\/\/shop.natureneem.com\/da\/hjem\/\"},{\"@type\":\"ListItem\",\"position\":2,\"name\":\"Nyheder\"}]},{\"@type\":\"WebSite\",\"@id\":\"https:\/\/shop.natureneem.com\/da\/#website\",\"url\":\"https:\/\/shop.natureneem.com\/da\/\",\"name\":\"NatureNeem e-Shop\",\"description\":\"Official Shop from Nature Neem\",\"publisher\":{\"@id\":\"https:\/\/shop.natureneem.com\/da\/#organization\"},\"alternateName\":\"Nature Neem\",\"potentialAction\":[{\"@type\":\"SearchAction\",\"target\":{\"@type\":\"EntryPoint\",\"urlTemplate\":\"https:\/\/shop.natureneem.com\/da\/?s={search_term_string}\"},\"query-input\":{\"@type\":\"PropertyValueSpecification\",\"valueRequired\":true,\"valueName\":\"search_term_string\"}}],\"inLanguage\":\"da-DK\"},{\"@type\":\"Organization\",\"@id\":\"https:\/\/shop.natureneem.com\/da\/#organization\",\"name\":\"Nature Neem\",\"alternateName\":\"Lorsun SAS\",\"url\":\"https:\/\/shop.natureneem.com\/da\/\",\"logo\":{\"@type\":\"ImageObject\",\"inLanguage\":\"da-DK\",\"@id\":\"https:\/\/shop.natureneem.com\/da\/#\/schema\/logo\/image\/\",\"url\":\"https:\/\/shop.natureneem.com\/wp-content\/uploads\/2024\/09\/nn-logo-symbole-2024-01.svg\",\"contentUrl\":\"https:\/\/shop.natureneem.com\/wp-content\/uploads\/2024\/09\/nn-logo-symbole-2024-01.svg\",\"width\":1,\"height\":1,\"caption\":\"Nature Neem\"},\"image\":{\"@id\":\"https:\/\/shop.natureneem.com\/da\/#\/schema\/logo\/image\/\"},\"sameAs\":[\"https:\/\/www.facebook.com\/natureneemindia\/\",\"https:\/\/x.com\/natureneem\",\"https:\/\/www.youtube.com\/user\/natureneem\",\"https:\/\/www.linkedin.com\/company\/natureneem\"],\"description\":\"Vi besk\u00e6ftiger os med udvikling og kommercialisering af \u00f8kologiske l\u00f8sninger. Vi forts\u00e6tter med at opfinde disse naturlige alternative l\u00f8sninger, som effektivt kan erstatte de kemisk fremstillede produkter, der skader vores milj\u00f8. Vores team er s\u00e6rligt kompetent til at foresl\u00e5 \u00f8kologiske landbrugsinput. Vi fungerer ogs\u00e5 som en sammenslutning af ligesindede, der tror p\u00e5, at naturen er l\u00f8sningen p\u00e5 alle de milj\u00f8problemer, som mennesker st\u00e5r over for.   \",\"email\":\"info@natureneem.com\",\"telephone\":\"+91 77084 00899\",\"legalName\":\"NATURE NEEM PRODUCTS\",\"vatID\":\"FR08891657884\",\"numberOfEmployees\":{\"@type\":\"QuantitativeValue\",\"minValue\":\"51\",\"maxValue\":\"200\"},\"publishingPrinciples\":\"https:\/\/shop.natureneem.com\/\",\"actionableFeedbackPolicy\":\"https:\/\/shop.natureneem.com\/return-and-refund-policy\/\",\"hasMerchantReturnPolicy\":{\"@type\":\"MerchantReturnPolicy\",\"merchantReturnLink\":\"https:\/\/shop.natureneem.com\/return-and-refund-policy\/\"}}]}<\/script>\n<!-- \/ Yoast SEO Premium plugin. -->","yoast_head_json":{"title":"Nyheder - NatureNeem e-Shop","robots":{"index":"index","follow":"follow","max-snippet":"max-snippet:-1","max-image-preview":"max-image-preview:large","max-video-preview":"max-video-preview:-1"},"canonical":"https:\/\/shop.natureneem.com\/da\/nyheder\/","og_locale":"da_DK","og_type":"article","og_title":"Nyheder","og_url":"https:\/\/shop.natureneem.com\/da\/nyheder\/","og_site_name":"NatureNeem e-Shop","article_publisher":"https:\/\/www.facebook.com\/natureneemindia\/","article_modified_time":"2025-09-18T22:11:53+00:00","og_image":[{"width":1200,"height":675,"url":"https:\/\/shop.natureneem.com\/wp-content\/uploads\/2024\/09\/nn-logo-2024_social_yoast2.jpg","type":"image\/jpeg"}],"twitter_card":"summary_large_image","twitter_site":"@natureneem","schema":{"@context":"https:\/\/schema.org","@graph":[{"@type":"WebPage","@id":"https:\/\/shop.natureneem.com\/da\/nyheder\/","url":"https:\/\/shop.natureneem.com\/da\/nyheder\/","name":"Nyheder - NatureNeem e-Shop","isPartOf":{"@id":"https:\/\/shop.natureneem.com\/da\/#website"},"datePublished":"2024-11-01T19:36:51+00:00","dateModified":"2025-09-18T22:11:53+00:00","breadcrumb":{"@id":"https:\/\/shop.natureneem.com\/da\/nyheder\/#breadcrumb"},"inLanguage":"da-DK","potentialAction":[{"@type":"ReadAction","target":["https:\/\/shop.natureneem.com\/da\/nyheder\/"]}]},{"@type":"BreadcrumbList","@id":"https:\/\/shop.natureneem.com\/da\/nyheder\/#breadcrumb","itemListElement":[{"@type":"ListItem","position":1,"name":"Home","item":"https:\/\/shop.natureneem.com\/da\/hjem\/"},{"@type":"ListItem","position":2,"name":"Nyheder"}]},{"@type":"WebSite","@id":"https:\/\/shop.natureneem.com\/da\/#website","url":"https:\/\/shop.natureneem.com\/da\/","name":"NatureNeem e-Shop","description":"Official Shop from Nature Neem","publisher":{"@id":"https:\/\/shop.natureneem.com\/da\/#organization"},"alternateName":"Nature Neem","potentialAction":[{"@type":"SearchAction","target":{"@type":"EntryPoint","urlTemplate":"https:\/\/shop.natureneem.com\/da\/?s={search_term_string}"},"query-input":{"@type":"PropertyValueSpecification","valueRequired":true,"valueName":"search_term_string"}}],"inLanguage":"da-DK"},{"@type":"Organization","@id":"https:\/\/shop.natureneem.com\/da\/#organization","name":"Nature Neem","alternateName":"Lorsun SAS","url":"https:\/\/shop.natureneem.com\/da\/","logo":{"@type":"ImageObject","inLanguage":"da-DK","@id":"https:\/\/shop.natureneem.com\/da\/#\/schema\/logo\/image\/","url":"https:\/\/shop.natureneem.com\/wp-content\/uploads\/2024\/09\/nn-logo-symbole-2024-01.svg","contentUrl":"https:\/\/shop.natureneem.com\/wp-content\/uploads\/2024\/09\/nn-logo-symbole-2024-01.svg","width":1,"height":1,"caption":"Nature Neem"},"image":{"@id":"https:\/\/shop.natureneem.com\/da\/#\/schema\/logo\/image\/"},"sameAs":["https:\/\/www.facebook.com\/natureneemindia\/","https:\/\/x.com\/natureneem","https:\/\/www.youtube.com\/user\/natureneem","https:\/\/www.linkedin.com\/company\/natureneem"],"description":"Vi besk\u00e6ftiger os med udvikling og kommercialisering af \u00f8kologiske l\u00f8sninger. Vi forts\u00e6tter med at opfinde disse naturlige alternative l\u00f8sninger, som effektivt kan erstatte de kemisk fremstillede produkter, der skader vores milj\u00f8. Vores team er s\u00e6rligt kompetent til at foresl\u00e5 \u00f8kologiske landbrugsinput. Vi fungerer ogs\u00e5 som en sammenslutning af ligesindede, der tror p\u00e5, at naturen er l\u00f8sningen p\u00e5 alle de milj\u00f8problemer, som mennesker st\u00e5r over for.   ","email":"info@natureneem.com","telephone":"+91 77084 00899","legalName":"NATURE NEEM PRODUCTS","vatID":"FR08891657884","numberOfEmployees":{"@type":"QuantitativeValue","minValue":"51","maxValue":"200"},"publishingPrinciples":"https:\/\/shop.natureneem.com\/","actionableFeedbackPolicy":"https:\/\/shop.natureneem.com\/return-and-refund-policy\/","hasMerchantReturnPolicy":{"@type":"MerchantReturnPolicy","merchantReturnLink":"https:\/\/shop.natureneem.com\/return-and-refund-policy\/"}}]}},"_links":{"self":[{"href":"https:\/\/shop.natureneem.com\/da\/wp-json\/wp\/v2\/pages\/9342","targetHints":{"allow":["GET"]}}],"collection":[{"href":"https:\/\/shop.natureneem.com\/da\/wp-json\/wp\/v2\/pages"}],"about":[{"href":"https:\/\/shop.natureneem.com\/da\/wp-json\/wp\/v2\/types\/page"}],"author":[{"embeddable":true,"href":"https:\/\/shop.natureneem.com\/da\/wp-json\/wp\/v2\/users\/3"}],"replies":[{"embeddable":true,"href":"https:\/\/shop.natureneem.com\/da\/wp-json\/wp\/v2\/comments?post=9342"}],"version-history":[{"count":2,"href":"https:\/\/shop.natureneem.com\/da\/wp-json\/wp\/v2\/pages\/9342\/revisions"}],"predecessor-version":[{"id":12995,"href":"https:\/\/shop.natureneem.com\/da\/wp-json\/wp\/v2\/pages\/9342\/revisions\/12995"}],"wp:attachment":[{"href":"https:\/\/shop.natureneem.com\/da\/wp-json\/wp\/v2\/media?parent=9342"}],"curies":[{"name":"wp","href":"https:\/\/api.w.org\/{rel}","templated":true}]}}