{"id":9354,"date":"2024-09-16T16:00:43","date_gmt":"2024-09-16T14:00:43","guid":{"rendered":"https:\/\/shop.natureneem.com\/politik-for-returnering-og-tilbagebetaling\/"},"modified":"2024-09-16T16:00:43","modified_gmt":"2024-09-16T14:00:43","slug":"politik-for-returnering-og-tilbagebetaling","status":"publish","type":"page","link":"https:\/\/shop.natureneem.com\/da\/politik-for-returnering-og-tilbagebetaling\/","title":{"rendered":"Politik for returnering og tilbagebetaling"},"content":{"rendered":"<h3>Tak, fordi du handler hos Nature Neem e-Shop.<\/h3>\n<div>\n<p style=\"padding-left: 40px;\">Hvis du af en eller anden grund ikke er helt tilfreds med et k\u00f8b, opfordrer vi dig til at gennemg\u00e5 vores politik for tilbagebetaling og returnering.<\/p>\n<p style=\"padding-left: 40px;\">F\u00f8lgende vilk\u00e5r g\u00e6lder for alle produkter, som du har k\u00f8bt hos os.<\/p>\n<h2>Fortolkning og definitioner<\/h2>\n<h3 style=\"padding-left: 40px;\">Fortolkning<\/h3>\n<p style=\"padding-left: 80px;\">De ord, hvis begyndelsesbogstav er skrevet med stort, har betydninger, der er defineret under f\u00f8lgende betingelser.<br \/>\nF\u00f8lgende definitioner har samme betydning, uanset om de forekommer i ental eller flertal. <\/p>\n<h3 style=\"padding-left: 40px;\">Definitioner<\/h3>\n<p style=\"padding-left: 80px;\">I forbindelse med denne retur- og tilbagebetalingspolitik:<\/p>\n<ul>\n<li style=\"list-style-type: none;\">\n<ul>\n<li style=\"list-style-type: none;\">\n<ul>\n<li>Virksomheden (omtalt som enten &#8220;virksomheden&#8221;, &#8220;vi&#8221;, &#8220;os&#8221; eller &#8220;vores&#8221; i denne aftale) henviser til Nature Neem, 58-A, Bajanai Madam Street Namakkal 637 001.<\/li>\n<li>Varer henviser til de varer, der udbydes til salg p\u00e5 tjenesten.<\/li>\n<li>Ordrer betyder en anmodning fra dig om at k\u00f8be varer fra os.<\/li>\n<li>Service henviser til hjemmesiden.<\/li>\n<li>Hjemmesiden henviser til Nature Neem e-Shop, der er tilg\u00e6ngelig fra https:\/\/shop.natureneem.com\/<\/li>\n<li>Du betyder den person, der f\u00e5r adgang til eller bruger tjenesten, eller virksomheden eller en anden juridisk enhed p\u00e5 vegne af hvilken en s\u00e5dan person f\u00e5r adgang til eller bruger tjenesten, alt efter hvad der er relevant.<\/li>\n<\/ul>\n<\/li>\n<\/ul>\n<\/li>\n<\/ul>\n<h3 style=\"padding-left: 40px;\">Din ret til at annullere en ordre<\/h3>\n<p style=\"padding-left: 80px;\">Du har ret til at annullere din ordre inden for 7 dage uden at angive nogen grund til at g\u00f8re det.<\/p>\n<p style=\"padding-left: 120px;\">Fristen for at annullere en ordre er 7 dage fra den dato, hvor du modtog varerne, eller hvor en tredjepart, som du har udpeget, og som ikke er transport\u00f8ren, tager det leverede produkt i besiddelse.<\/p>\n<p style=\"padding-left: 120px;\">For at ud\u00f8ve din fortrydelsesret skal du informere os om din beslutning ved hj\u00e6lp af en klar erkl\u00e6ring.<br \/>\nDu kan informere os om din beslutning ved at: <\/p>\n<p style=\"padding-left: 120px;\">Via e-mail: <strong>info@natureneem.com<\/strong><\/p>\n<p style=\"padding-left: 120px;\">Vi refunderer dig senest 14 dage fra den dag, hvor vi modtager de returnerede varer.<br \/>\nVi bruger samme betalingsmiddel, som du brugte til ordren, og du vil ikke blive p\u00e5lagt nogen gebyrer for en s\u00e5dan refusion. <\/p>\n<h3 style=\"padding-left: 40px;\">Betingelser for returnering<\/h3>\n<p style=\"padding-left: 80px;\">For at varerne kan returneres, skal du sikre dig, at:<\/p>\n<ul>\n<li style=\"list-style-type: none;\">\n<ul>\n<li style=\"list-style-type: none;\">\n<ul>\n<li>Varerne er k\u00f8bt inden for de seneste 7 dage<\/li>\n<li>Varerne er i den originale emballage<\/li>\n<li>F\u00f8lgende varer kan ikke returneres:\n<ul>\n<li>Levering af varer, der er fremstillet efter dine specifikationer eller tydeligt personliggjort.<\/li>\n<li>Levering af varer, som p\u00e5 grund af deres art ikke er egnet til at blive returneret, som forringes hurtigt, eller hvis udl\u00f8bsdato er overskredet.<\/li>\n<li>Levering af varer, der ikke er egnet til returnering af hensyn til sundhedsbeskyttelse eller hygiejne, og som blev \u00e5bnet efter levering.<\/li>\n<li>Levering af varer, der efter levering i henhold til deres art er uadskilleligt blandet med andre genstande.<\/li>\n<\/ul>\n<\/li>\n<\/ul>\n<\/li>\n<\/ul>\n<\/li>\n<\/ul>\n<p style=\"padding-left: 80px;\">Vi forbeholder os ret til efter eget sk\u00f8n at afvise returnering af varer, der ikke opfylder ovenst\u00e5ende returbetingelser.<\/p>\n<p style=\"padding-left: 80px;\">Kun varer til almindelig pris kan refunderes.<br \/>\nVarer p\u00e5 udsalg kan desv\u00e6rre ikke refunderes.<br \/>\nDenne udelukkelse g\u00e6lder muligvis ikke for dig, hvis det ikke er tilladt i henhold til g\u00e6ldende lov.  <\/p>\n<h3 style=\"padding-left: 40px;\">Returnering af varer<\/h3>\n<p style=\"padding-left: 80px;\">Du er ansvarlig for omkostningerne og risikoen ved at returnere varerne til os.<br \/>\nDu skal sende varerne til f\u00f8lgende adresse: <\/p>\n<ul>\n<li style=\"list-style-type: none;\">\n<ul>\n<li style=\"list-style-type: none;\">\n<ul>\n<li>Nature Neem<br \/>\n58-A, Bajanai Madam Street<br \/>\nNamakkal 637 001<br \/>\nTamil Nadu, Indien<\/li>\n<\/ul>\n<\/li>\n<\/ul>\n<\/li>\n<\/ul>\n<p style=\"padding-left: 120px;\">Vi kan ikke holdes ansvarlige for varer, der er beskadiget eller g\u00e5et tabt under returforsendelsen.<br \/>\nDerfor anbefaler vi en forsikret og sporbar posttjeneste. Vi kan ikke udstede en refusion uden faktisk modtagelse af varerne eller bevis for modtaget returlevering. <\/p>\n<h3 style=\"padding-left: 40px;\">Gaver og gratis produkter<\/h3>\n<p style=\"padding-left: 80px;\">Hvis varerne blev markeret som en gave, da de blev k\u00f8bt og derefter sendt direkte til dig, vil du modtage en gavekredit for v\u00e6rdien af din returnering.<br \/>\nN\u00e5r det returnerede produkt er modtaget, vil et gavekort blive sendt til dig. <\/p>\n<p style=\"padding-left: 80px;\">Hvis varerne ikke var markeret som en gave, da de blev k\u00f8bt, eller hvis gavegiveren fik ordren sendt til sig selv for at give den til dig senere, sender vi refusionen til gavegiveren.<\/p>\n<h3 style=\"padding-left: 40px;\">Kontakt os<\/h3>\n<p style=\"padding-left: 80px;\">Hvis du har sp\u00f8rgsm\u00e5l til vores retur- og tilbagebetalingspolitik, er du velkommen til at kontakte os:<\/p>\n<p style=\"padding-left: 80px;\">Via e-mail: <strong>info@natureneem.com<\/strong><\/p>\n<\/div>\n<p style=\"padding-left: 40px; text-align: right;\">Ikrafttr\u00e6delsesdato: <strong>5. maj 2023<\/strong><\/p>\n","protected":false},"excerpt":{"rendered":"<p>Tak, fordi du handler hos Nature Neem e-Shop. Hvis du af en eller anden grund ikke er helt tilfreds med et k\u00f8b, opfordrer vi dig til at gennemg\u00e5 vores politik for tilbagebetaling og returnering. F\u00f8lgende vilk\u00e5r g\u00e6lder for alle produkter, som du har k\u00f8bt hos os. Fortolkning og definitioner Fortolkning De ord, hvis begyndelsesbogstav er [&hellip;]<\/p>\n","protected":false},"author":3,"featured_media":0,"parent":0,"menu_order":0,"comment_status":"closed","ping_status":"closed","template":"","meta":{"footnotes":""},"class_list":["post-9354","page","type-page","status-publish","hentry"],"yoast_head":"<!-- This site is optimized with the Yoast SEO Premium plugin v27.1 (Yoast SEO v27.2) - https:\/\/yoast.com\/product\/yoast-seo-premium-wordpress\/ -->\n<title>Politik for returnering og tilbagebetaling - NatureNeem e-Shop<\/title>\n<meta name=\"robots\" content=\"index, follow, max-snippet:-1, max-image-preview:large, max-video-preview:-1\" \/>\n<link rel=\"canonical\" href=\"https:\/\/shop.natureneem.com\/da\/politik-for-returnering-og-tilbagebetaling\/\" \/>\n<meta property=\"og:locale\" content=\"da_DK\" \/>\n<meta property=\"og:type\" content=\"article\" \/>\n<meta property=\"og:title\" content=\"Politik for returnering og tilbagebetaling\" \/>\n<meta property=\"og:description\" content=\"Tak, fordi du handler hos Nature Neem e-Shop. Hvis du af en eller anden grund ikke er helt tilfreds med et k\u00f8b, opfordrer vi dig til at gennemg\u00e5 vores politik for tilbagebetaling og returnering. F\u00f8lgende vilk\u00e5r g\u00e6lder for alle produkter, som du har k\u00f8bt hos os. Fortolkning og definitioner Fortolkning De ord, hvis begyndelsesbogstav er [&hellip;]\" \/>\n<meta property=\"og:url\" content=\"https:\/\/shop.natureneem.com\/da\/politik-for-returnering-og-tilbagebetaling\/\" \/>\n<meta property=\"og:site_name\" content=\"NatureNeem e-Shop\" \/>\n<meta property=\"article:publisher\" content=\"https:\/\/www.facebook.com\/natureneemindia\/\" \/>\n<meta property=\"og:image\" content=\"https:\/\/shop.natureneem.com\/wp-content\/uploads\/2024\/09\/nn-logo-2024_social_yoast2.jpg\" \/>\n\t<meta property=\"og:image:width\" content=\"1200\" \/>\n\t<meta property=\"og:image:height\" content=\"675\" \/>\n\t<meta property=\"og:image:type\" content=\"image\/jpeg\" \/>\n<meta name=\"twitter:card\" content=\"summary_large_image\" \/>\n<meta name=\"twitter:site\" content=\"@natureneem\" \/>\n<meta name=\"twitter:label1\" content=\"Estimeret l\u00e6setid\" \/>\n\t<meta name=\"twitter:data1\" content=\"3 minut\" \/>\n<script type=\"application\/ld+json\" class=\"yoast-schema-graph\">{\"@context\":\"https:\/\/schema.org\",\"@graph\":[{\"@type\":\"WebPage\",\"@id\":\"https:\/\/shop.natureneem.com\/da\/politik-for-returnering-og-tilbagebetaling\/\",\"url\":\"https:\/\/shop.natureneem.com\/da\/politik-for-returnering-og-tilbagebetaling\/\",\"name\":\"Politik for returnering og tilbagebetaling - NatureNeem e-Shop\",\"isPartOf\":{\"@id\":\"https:\/\/shop.natureneem.com\/da\/#website\"},\"datePublished\":\"2024-09-16T14:00:43+00:00\",\"breadcrumb\":{\"@id\":\"https:\/\/shop.natureneem.com\/da\/politik-for-returnering-og-tilbagebetaling\/#breadcrumb\"},\"inLanguage\":\"da-DK\",\"potentialAction\":[{\"@type\":\"ReadAction\",\"target\":[\"https:\/\/shop.natureneem.com\/da\/politik-for-returnering-og-tilbagebetaling\/\"]}]},{\"@type\":\"BreadcrumbList\",\"@id\":\"https:\/\/shop.natureneem.com\/da\/politik-for-returnering-og-tilbagebetaling\/#breadcrumb\",\"itemListElement\":[{\"@type\":\"ListItem\",\"position\":1,\"name\":\"Home\",\"item\":\"https:\/\/shop.natureneem.com\/da\/hjem\/\"},{\"@type\":\"ListItem\",\"position\":2,\"name\":\"Politik for returnering og tilbagebetaling\"}]},{\"@type\":\"WebSite\",\"@id\":\"https:\/\/shop.natureneem.com\/da\/#website\",\"url\":\"https:\/\/shop.natureneem.com\/da\/\",\"name\":\"NatureNeem e-Shop\",\"description\":\"Official Shop from Nature Neem\",\"publisher\":{\"@id\":\"https:\/\/shop.natureneem.com\/da\/#organization\"},\"alternateName\":\"Nature Neem\",\"potentialAction\":[{\"@type\":\"SearchAction\",\"target\":{\"@type\":\"EntryPoint\",\"urlTemplate\":\"https:\/\/shop.natureneem.com\/da\/?s={search_term_string}\"},\"query-input\":{\"@type\":\"PropertyValueSpecification\",\"valueRequired\":true,\"valueName\":\"search_term_string\"}}],\"inLanguage\":\"da-DK\"},{\"@type\":\"Organization\",\"@id\":\"https:\/\/shop.natureneem.com\/da\/#organization\",\"name\":\"Nature Neem\",\"alternateName\":\"Lorsun SAS\",\"url\":\"https:\/\/shop.natureneem.com\/da\/\",\"logo\":{\"@type\":\"ImageObject\",\"inLanguage\":\"da-DK\",\"@id\":\"https:\/\/shop.natureneem.com\/da\/#\/schema\/logo\/image\/\",\"url\":\"https:\/\/shop.natureneem.com\/wp-content\/uploads\/2024\/09\/nn-logo-symbole-2024-01.svg\",\"contentUrl\":\"https:\/\/shop.natureneem.com\/wp-content\/uploads\/2024\/09\/nn-logo-symbole-2024-01.svg\",\"width\":1,\"height\":1,\"caption\":\"Nature Neem\"},\"image\":{\"@id\":\"https:\/\/shop.natureneem.com\/da\/#\/schema\/logo\/image\/\"},\"sameAs\":[\"https:\/\/www.facebook.com\/natureneemindia\/\",\"https:\/\/x.com\/natureneem\",\"https:\/\/www.youtube.com\/user\/natureneem\",\"https:\/\/www.linkedin.com\/company\/natureneem\"],\"description\":\"Vi besk\u00e6ftiger os med udvikling og kommercialisering af \u00f8kologiske l\u00f8sninger. Vi forts\u00e6tter med at opfinde disse naturlige alternative l\u00f8sninger, som effektivt kan erstatte de kemisk fremstillede produkter, der skader vores milj\u00f8. Vores team er s\u00e6rligt kompetent til at foresl\u00e5 \u00f8kologiske landbrugsinput. Vi fungerer ogs\u00e5 som en sammenslutning af ligesindede, der tror p\u00e5, at naturen er l\u00f8sningen p\u00e5 alle de milj\u00f8problemer, som mennesker st\u00e5r over for.   \",\"email\":\"info@natureneem.com\",\"telephone\":\"+91 77084 00899\",\"legalName\":\"NATURE NEEM PRODUCTS\",\"vatID\":\"FR08891657884\",\"numberOfEmployees\":{\"@type\":\"QuantitativeValue\",\"minValue\":\"51\",\"maxValue\":\"200\"},\"publishingPrinciples\":\"https:\/\/shop.natureneem.com\/\",\"actionableFeedbackPolicy\":\"https:\/\/shop.natureneem.com\/return-and-refund-policy\/\",\"hasMerchantReturnPolicy\":{\"@type\":\"MerchantReturnPolicy\",\"merchantReturnLink\":\"https:\/\/shop.natureneem.com\/return-and-refund-policy\/\"}}]}<\/script>\n<!-- \/ Yoast SEO Premium plugin. -->","yoast_head_json":{"title":"Politik for returnering og tilbagebetaling - NatureNeem e-Shop","robots":{"index":"index","follow":"follow","max-snippet":"max-snippet:-1","max-image-preview":"max-image-preview:large","max-video-preview":"max-video-preview:-1"},"canonical":"https:\/\/shop.natureneem.com\/da\/politik-for-returnering-og-tilbagebetaling\/","og_locale":"da_DK","og_type":"article","og_title":"Politik for returnering og tilbagebetaling","og_description":"Tak, fordi du handler hos Nature Neem e-Shop. Hvis du af en eller anden grund ikke er helt tilfreds med et k\u00f8b, opfordrer vi dig til at gennemg\u00e5 vores politik for tilbagebetaling og returnering. F\u00f8lgende vilk\u00e5r g\u00e6lder for alle produkter, som du har k\u00f8bt hos os. Fortolkning og definitioner Fortolkning De ord, hvis begyndelsesbogstav er [&hellip;]","og_url":"https:\/\/shop.natureneem.com\/da\/politik-for-returnering-og-tilbagebetaling\/","og_site_name":"NatureNeem e-Shop","article_publisher":"https:\/\/www.facebook.com\/natureneemindia\/","og_image":[{"width":1200,"height":675,"url":"https:\/\/shop.natureneem.com\/wp-content\/uploads\/2024\/09\/nn-logo-2024_social_yoast2.jpg","type":"image\/jpeg"}],"twitter_card":"summary_large_image","twitter_site":"@natureneem","twitter_misc":{"Estimeret l\u00e6setid":"3 minut"},"schema":{"@context":"https:\/\/schema.org","@graph":[{"@type":"WebPage","@id":"https:\/\/shop.natureneem.com\/da\/politik-for-returnering-og-tilbagebetaling\/","url":"https:\/\/shop.natureneem.com\/da\/politik-for-returnering-og-tilbagebetaling\/","name":"Politik for returnering og tilbagebetaling - NatureNeem e-Shop","isPartOf":{"@id":"https:\/\/shop.natureneem.com\/da\/#website"},"datePublished":"2024-09-16T14:00:43+00:00","breadcrumb":{"@id":"https:\/\/shop.natureneem.com\/da\/politik-for-returnering-og-tilbagebetaling\/#breadcrumb"},"inLanguage":"da-DK","potentialAction":[{"@type":"ReadAction","target":["https:\/\/shop.natureneem.com\/da\/politik-for-returnering-og-tilbagebetaling\/"]}]},{"@type":"BreadcrumbList","@id":"https:\/\/shop.natureneem.com\/da\/politik-for-returnering-og-tilbagebetaling\/#breadcrumb","itemListElement":[{"@type":"ListItem","position":1,"name":"Home","item":"https:\/\/shop.natureneem.com\/da\/hjem\/"},{"@type":"ListItem","position":2,"name":"Politik for returnering og tilbagebetaling"}]},{"@type":"WebSite","@id":"https:\/\/shop.natureneem.com\/da\/#website","url":"https:\/\/shop.natureneem.com\/da\/","name":"NatureNeem e-Shop","description":"Official Shop from Nature Neem","publisher":{"@id":"https:\/\/shop.natureneem.com\/da\/#organization"},"alternateName":"Nature Neem","potentialAction":[{"@type":"SearchAction","target":{"@type":"EntryPoint","urlTemplate":"https:\/\/shop.natureneem.com\/da\/?s={search_term_string}"},"query-input":{"@type":"PropertyValueSpecification","valueRequired":true,"valueName":"search_term_string"}}],"inLanguage":"da-DK"},{"@type":"Organization","@id":"https:\/\/shop.natureneem.com\/da\/#organization","name":"Nature Neem","alternateName":"Lorsun SAS","url":"https:\/\/shop.natureneem.com\/da\/","logo":{"@type":"ImageObject","inLanguage":"da-DK","@id":"https:\/\/shop.natureneem.com\/da\/#\/schema\/logo\/image\/","url":"https:\/\/shop.natureneem.com\/wp-content\/uploads\/2024\/09\/nn-logo-symbole-2024-01.svg","contentUrl":"https:\/\/shop.natureneem.com\/wp-content\/uploads\/2024\/09\/nn-logo-symbole-2024-01.svg","width":1,"height":1,"caption":"Nature Neem"},"image":{"@id":"https:\/\/shop.natureneem.com\/da\/#\/schema\/logo\/image\/"},"sameAs":["https:\/\/www.facebook.com\/natureneemindia\/","https:\/\/x.com\/natureneem","https:\/\/www.youtube.com\/user\/natureneem","https:\/\/www.linkedin.com\/company\/natureneem"],"description":"Vi besk\u00e6ftiger os med udvikling og kommercialisering af \u00f8kologiske l\u00f8sninger. Vi forts\u00e6tter med at opfinde disse naturlige alternative l\u00f8sninger, som effektivt kan erstatte de kemisk fremstillede produkter, der skader vores milj\u00f8. Vores team er s\u00e6rligt kompetent til at foresl\u00e5 \u00f8kologiske landbrugsinput. Vi fungerer ogs\u00e5 som en sammenslutning af ligesindede, der tror p\u00e5, at naturen er l\u00f8sningen p\u00e5 alle de milj\u00f8problemer, som mennesker st\u00e5r over for.   ","email":"info@natureneem.com","telephone":"+91 77084 00899","legalName":"NATURE NEEM PRODUCTS","vatID":"FR08891657884","numberOfEmployees":{"@type":"QuantitativeValue","minValue":"51","maxValue":"200"},"publishingPrinciples":"https:\/\/shop.natureneem.com\/","actionableFeedbackPolicy":"https:\/\/shop.natureneem.com\/return-and-refund-policy\/","hasMerchantReturnPolicy":{"@type":"MerchantReturnPolicy","merchantReturnLink":"https:\/\/shop.natureneem.com\/return-and-refund-policy\/"}}]}},"_links":{"self":[{"href":"https:\/\/shop.natureneem.com\/da\/wp-json\/wp\/v2\/pages\/9354","targetHints":{"allow":["GET"]}}],"collection":[{"href":"https:\/\/shop.natureneem.com\/da\/wp-json\/wp\/v2\/pages"}],"about":[{"href":"https:\/\/shop.natureneem.com\/da\/wp-json\/wp\/v2\/types\/page"}],"author":[{"embeddable":true,"href":"https:\/\/shop.natureneem.com\/da\/wp-json\/wp\/v2\/users\/3"}],"replies":[{"embeddable":true,"href":"https:\/\/shop.natureneem.com\/da\/wp-json\/wp\/v2\/comments?post=9354"}],"version-history":[{"count":0,"href":"https:\/\/shop.natureneem.com\/da\/wp-json\/wp\/v2\/pages\/9354\/revisions"}],"wp:attachment":[{"href":"https:\/\/shop.natureneem.com\/da\/wp-json\/wp\/v2\/media?parent=9354"}],"curies":[{"name":"wp","href":"https:\/\/api.w.org\/{rel}","templated":true}]}}