{"id":10184,"date":"2024-11-27T20:31:38","date_gmt":"2024-11-27T19:31:38","guid":{"rendered":"https:\/\/shop.natureneem.com\/e-shop\/sennepsolie\/"},"modified":"2025-04-03T00:10:56","modified_gmt":"2025-04-02T22:10:56","slug":"sennepsolie","status":"publish","type":"product","link":"https:\/\/shop.natureneem.com\/da\/e-shop\/sennepsolie\/","title":{"rendered":"Sennepsolie"},"content":{"rendered":"<h2 style=\"text-align: left;\"><strong>100 % ren koldpresset olie fra gule sennepsfr\u00f8<\/strong><\/h2>\n<h3 style=\"text-align: justify;\"><strong>Hvad g\u00f8r forskellen i vores sennepsolie?<\/strong><\/h3>\n<h4 style=\"text-align: justify; padding-left: 40px;\"><strong>Nature Neem Sennepsolie<\/strong><\/h4>\n<div style=\"text-align: justify; padding-left: 40px;\">Vores sennepsolie er fremstillet af de gule sennepsfr\u00f8 Brassica Alba, som har et lavt indhold af erucasyre (ogs\u00e5 kaldet hvid sennep). Den er koldpresset, uraffineret og ren. Smagen er ogs\u00e5 mere levende og skarp, og farven er m\u00f8rkere, hvilket indikerer dens renhed og naturlige sammens\u00e6tning.  <\/div>\n<h4 style=\"text-align: justify; padding-left: 40px;\"><strong>Andre billigere sennepsolier<\/strong><\/h4>\n<p style=\"text-align: justify; padding-left: 40px;\">De fleste sennepsolieprodukter p\u00e5 markedet er fremstillet ved hj\u00e6lp af billigere ekstraktionsmetoder med kemiske opl\u00f8sningsmidler og h\u00f8j varme. Lugten af denne kemisk udvundne olie er s\u00e5 harsk, at man bruger en blegningsproces til at aflufte den. S\u00e5 denne uraffinerede olie ser ud til at v\u00e6re klar og billigere. Denne industrielle proces skaber ogs\u00e5 inflammatoriske omega-6-fedtsyrer og eukasyre, som ikke er gode for vores krop.   <\/p>\n<h3 style=\"text-align: justify;\"><strong>Sennepsoliens fordele for huden<\/strong><\/h3>\n<ul>\n<li style=\"text-align: justify;\"><strong>Fjerner hudlinjer og rynker: <\/strong>Rige omega-syrer og alfa-linolensyre forebygger tidlig \u00e6ldning af huden. Sennepsolie \u00f8ger kollagenproduktionen, som er afg\u00f8rende for at bevare en ung hud. <\/li>\n<li style=\"text-align: justify;\"><strong>Hududsl\u00e6t: <\/strong>Dens antimikrobielle og svampedr\u00e6bende egenskaber er effektive til behandling af hudproblemer som udsl\u00e6t, bumser og kl\u00f8e. Det er et godt middel mod hudallergier. <\/li>\n<li style=\"text-align: justify;\"><strong>Eksfoliering: <\/strong>Sennepsolie bruges til at eksfoliere og give n\u00e6ring til huden. Den renser hudens porer, virker som et naturligt rensemiddel og giver en lysere hudtone. <\/li>\n<\/ul>\n<h3 style=\"text-align: justify;\"><strong>Sennepsolie mod hoste og fork\u00f8lelse<\/strong><\/h3>\n<p style=\"text-align: justify; padding-left: 40px;\">Det er et naturligt middel mod fork\u00f8lelse, hoste og overbelastning. Ind\u00e5nding af damp, der indeholder sennepsolie, er kendt for at fjerne overbelastning og give lindring. Det er ogs\u00e5 nyttigt for dem, der lider af bihulebet\u00e6ndelse. Sennepsolie let opvarmet med hvidl\u00f8g og fed og masseret p\u00e5 bryst og f\u00f8dder giver lindring af fork\u00f8lelse og hoste.   <\/p>\n<h3 style=\"text-align: justify;\"><strong>Sennepsolie til h\u00e5ret<\/strong><\/h3>\n<ul>\n<li style=\"text-align: justify;\">Sennepsolie kan ogs\u00e5 bruges til at opn\u00e5 dine dr\u00f8mmefrisurer. Fordelene ved sennepsolie til h\u00e5r kan tilskrives tilstedev\u00e6relsen af omega-fedtsyrer. <\/li>\n<li style=\"text-align: justify;\">Det hj\u00e6lper med at bevare fugten i h\u00e5ret og holde det silkebl\u00f8dt og levende.<\/li>\n<li style=\"text-align: justify;\">Massering af sennepsolie i hovedbunden n\u00e6rer og styrker hovedbunden og giver glans til h\u00e5ret.<\/li>\n<li style=\"text-align: justify;\">Som et naturligt stimulerende middel forbedrer sennepsolie blodcirkulationen i hovedbunden. Effektiv blodcirkulation reducerer h\u00e5rfald og udtynding p\u00e5 grund af d\u00e5rlig cirkulation. <\/li>\n<li style=\"text-align: justify;\">Du kan lave en h\u00e5rmaske med sennepsolie p\u00e5 f\u00f8lgende m\u00e5de :\n<ul>\n<li style=\"text-align: justify;\">Bland 1 spiseskefuld sennepsolie, jojobaolie og mandelolie.<\/li>\n<li style=\"text-align: justify;\">Varm olien op i 10 sekunder.<\/li>\n<li style=\"text-align: justify;\">P\u00e5f\u00f8r masken p\u00e5 r\u00f8dderne og h\u00e5rstr\u00e5ene.<\/li>\n<li style=\"text-align: justify;\">Lad det sidde i 30 minutter, og vask h\u00e5ret med varmt vand.<\/li>\n<\/ul>\n<\/li>\n<\/ul>\n<h3><strong>Bevarelse<\/strong><\/h3>\n<p style=\"padding-left: 40px;\">Den kan opbevares p\u00e5 et k\u00f8ligt og t\u00f8rt sted i mindst 2 \u00e5r.<br \/>\nMen efter \u00e5bning skal den opbevares i k\u00f8leskab og forbruges inden for 3 m\u00e5neder.<\/p>\n<p style=\"padding-left: 40px;\">Den bedste kvalitet i koldpresset olie fra sennepsfr\u00f8.<\/p>\n","protected":false},"excerpt":{"rendered":"<p>Med sin rige historie og kulturelle betydning har sennepsolie v\u00e6ret en integreret del af den menneskelige civilisation i \u00e5rhundreder.<\/p>\n<p>De ayurvediske tekster n\u00e6vner sennepsolie som et st\u00e6rkt middel mod forskellige lidelser.<\/p>\n","protected":false},"featured_media":10032,"comment_status":"closed","ping_status":"closed","template":"","meta":[],"product_brand":[],"product_cat":[678],"product_tag":[],"class_list":{"0":"post-10184","1":"product","2":"type-product","3":"status-publish","4":"has-post-thumbnail","6":"product_cat-andre-produkter","7":"product_shipping_class-06-kg-da","9":"first","10":"instock","11":"sale","12":"shipping-taxable","13":"purchasable","14":"product-type-simple"},"yoast_head":"<!-- This site is optimized with the Yoast SEO Premium plugin v27.1 (Yoast SEO v27.2) - https:\/\/yoast.com\/product\/yoast-seo-premium-wordpress\/ -->\n<title>Koldpresset olie fra sennepsfr\u00f8 - ren kvalitet - NatureNeem e-Shop<\/title>\n<meta name=\"description\" content=\"Udnyt fordelene ved koldpresset olie fra sennepsfr\u00f8. Denne uraffinerede olie fremmer hudens sundhed, samtidig med at den l\u00f8fter din madlavning! \ud83c\udf31 Sennepsolie til h\u00e5ret \ud83d\udc69\ud83c\udffd\u200d\ud83e\uddb0\ud83d\udc71\ud83c\udffd\u200d\u2640\ufe0f\ud83d\udc69\ud83c\udffd\" \/>\n<meta name=\"robots\" content=\"index, follow, max-snippet:-1, max-image-preview:large, max-video-preview:-1\" \/>\n<link rel=\"canonical\" href=\"https:\/\/shop.natureneem.com\/da\/e-shop\/sennepsolie\/\" \/>\n<meta property=\"og:locale\" content=\"da_DK\" \/>\n<meta property=\"og:type\" content=\"article\" \/>\n<meta property=\"og:title\" content=\"Sennepsolie\" \/>\n<meta property=\"og:description\" content=\"Udnyt fordelene ved koldpresset olie fra sennepsfr\u00f8. Denne uraffinerede olie fremmer hudens sundhed, samtidig med at den l\u00f8fter din madlavning! \ud83c\udf31 Sennepsolie til h\u00e5ret \ud83d\udc69\ud83c\udffd\u200d\ud83e\uddb0\ud83d\udc71\ud83c\udffd\u200d\u2640\ufe0f\ud83d\udc69\ud83c\udffd\" \/>\n<meta property=\"og:url\" content=\"https:\/\/shop.natureneem.com\/da\/e-shop\/sennepsolie\/\" \/>\n<meta property=\"og:site_name\" content=\"NatureNeem e-Shop\" \/>\n<meta property=\"article:publisher\" content=\"https:\/\/www.facebook.com\/natureneemindia\/\" \/>\n<meta property=\"article:modified_time\" content=\"2025-04-02T22:10:56+00:00\" \/>\n<meta property=\"og:image\" content=\"https:\/\/shop.natureneem.com\/wp-content\/uploads\/2024\/11\/NN-Mustard_Oil_500ml_2024-11-28_01.jpg\" \/>\n\t<meta property=\"og:image:width\" content=\"2000\" \/>\n\t<meta property=\"og:image:height\" content=\"2000\" \/>\n\t<meta property=\"og:image:type\" content=\"image\/jpeg\" \/>\n<meta name=\"twitter:card\" content=\"summary_large_image\" \/>\n<meta name=\"twitter:site\" content=\"@natureneem\" \/>\n<meta name=\"twitter:label1\" content=\"Pris\" \/>\n\t<meta name=\"twitter:data1\" content=\"11,99&nbsp;&euro;\" \/>\n\t<meta name=\"twitter:label2\" content=\"Tilg\u00e6ngelighed\" \/>\n\t<meta name=\"twitter:data2\" content=\"P\u00e5 lager\" \/>\n<script type=\"application\/ld+json\" class=\"yoast-schema-graph\">{\"@context\":\"https:\/\/schema.org\",\"@graph\":[{\"@type\":\"WebPage\",\"@id\":\"https:\/\/shop.natureneem.com\/da\/e-shop\/sennepsolie\/\",\"url\":\"https:\/\/shop.natureneem.com\/da\/e-shop\/sennepsolie\/\",\"name\":\"Koldpresset olie fra sennepsfr\u00f8 - ren kvalitet - NatureNeem e-Shop\",\"isPartOf\":{\"@id\":\"https:\/\/shop.natureneem.com\/da\/#website\"},\"primaryImageOfPage\":{\"@id\":\"https:\/\/shop.natureneem.com\/da\/e-shop\/sennepsolie\/#primaryimage\"},\"image\":{\"@id\":\"https:\/\/shop.natureneem.com\/da\/e-shop\/sennepsolie\/#primaryimage\"},\"thumbnailUrl\":\"https:\/\/shop.natureneem.com\/wp-content\/uploads\/2024\/11\/NN-Mustard_Oil_500ml_2024-11-28_01.jpg\",\"datePublished\":\"2024-11-27T19:31:38+00:00\",\"dateModified\":\"2025-04-02T22:10:56+00:00\",\"description\":\"Udnyt fordelene ved koldpresset olie fra sennepsfr\u00f8. Denne uraffinerede olie fremmer hudens sundhed, samtidig med at den l\u00f8fter din madlavning! \ud83c\udf31 Sennepsolie til h\u00e5ret \ud83d\udc69\ud83c\udffd\u200d\ud83e\uddb0\ud83d\udc71\ud83c\udffd\u200d\u2640\ufe0f\ud83d\udc69\ud83c\udffd\",\"breadcrumb\":{\"@id\":\"https:\/\/shop.natureneem.com\/da\/e-shop\/sennepsolie\/#breadcrumb\"},\"inLanguage\":\"da-DK\",\"potentialAction\":[{\"@type\":\"ReadAction\",\"target\":[\"https:\/\/shop.natureneem.com\/da\/e-shop\/sennepsolie\/\"]}]},{\"@type\":\"ImageObject\",\"inLanguage\":\"da-DK\",\"@id\":\"https:\/\/shop.natureneem.com\/da\/e-shop\/sennepsolie\/#primaryimage\",\"url\":\"https:\/\/shop.natureneem.com\/wp-content\/uploads\/2024\/11\/NN-Mustard_Oil_500ml_2024-11-28_01.jpg\",\"contentUrl\":\"https:\/\/shop.natureneem.com\/wp-content\/uploads\/2024\/11\/NN-Mustard_Oil_500ml_2024-11-28_01.jpg\",\"width\":2000,\"height\":2000,\"caption\":\"Sennepsolie fra Nature Neem (Brassica Alba) Olie fra sennepsfr\u00f8 Nature Neem India\"},{\"@type\":\"BreadcrumbList\",\"@id\":\"https:\/\/shop.natureneem.com\/da\/e-shop\/sennepsolie\/#breadcrumb\",\"itemListElement\":[{\"@type\":\"ListItem\",\"position\":1,\"name\":\"Home\",\"item\":\"https:\/\/shop.natureneem.com\/da\/hjem\/\"},{\"@type\":\"ListItem\",\"position\":2,\"name\":\"e-butik\",\"item\":\"https:\/\/shop.natureneem.com\/da\/e-butik\/\"},{\"@type\":\"ListItem\",\"position\":3,\"name\":\"Sennepsolie\"}]},{\"@type\":\"WebSite\",\"@id\":\"https:\/\/shop.natureneem.com\/da\/#website\",\"url\":\"https:\/\/shop.natureneem.com\/da\/\",\"name\":\"NatureNeem e-Shop\",\"description\":\"Official Shop from Nature Neem\",\"publisher\":{\"@id\":\"https:\/\/shop.natureneem.com\/da\/#organization\"},\"alternateName\":\"Nature Neem\",\"potentialAction\":[{\"@type\":\"SearchAction\",\"target\":{\"@type\":\"EntryPoint\",\"urlTemplate\":\"https:\/\/shop.natureneem.com\/da\/?s={search_term_string}\"},\"query-input\":{\"@type\":\"PropertyValueSpecification\",\"valueRequired\":true,\"valueName\":\"search_term_string\"}}],\"inLanguage\":\"da-DK\"},{\"@type\":\"Organization\",\"@id\":\"https:\/\/shop.natureneem.com\/da\/#organization\",\"name\":\"Nature Neem\",\"alternateName\":\"Lorsun SAS\",\"url\":\"https:\/\/shop.natureneem.com\/da\/\",\"logo\":{\"@type\":\"ImageObject\",\"inLanguage\":\"da-DK\",\"@id\":\"https:\/\/shop.natureneem.com\/da\/#\/schema\/logo\/image\/\",\"url\":\"https:\/\/shop.natureneem.com\/wp-content\/uploads\/2024\/09\/nn-logo-symbole-2024-01.svg\",\"contentUrl\":\"https:\/\/shop.natureneem.com\/wp-content\/uploads\/2024\/09\/nn-logo-symbole-2024-01.svg\",\"width\":1,\"height\":1,\"caption\":\"Nature Neem\"},\"image\":{\"@id\":\"https:\/\/shop.natureneem.com\/da\/#\/schema\/logo\/image\/\"},\"sameAs\":[\"https:\/\/www.facebook.com\/natureneemindia\/\",\"https:\/\/x.com\/natureneem\",\"https:\/\/www.youtube.com\/user\/natureneem\",\"https:\/\/www.linkedin.com\/company\/natureneem\"],\"description\":\"Vi besk\u00e6ftiger os med udvikling og kommercialisering af \u00f8kologiske l\u00f8sninger. Vi forts\u00e6tter med at opfinde disse naturlige alternative l\u00f8sninger, som effektivt kan erstatte de kemisk fremstillede produkter, der skader vores milj\u00f8. Vores team er s\u00e6rligt kompetent til at foresl\u00e5 \u00f8kologiske landbrugsinput. Vi fungerer ogs\u00e5 som en sammenslutning af ligesindede, der tror p\u00e5, at naturen er l\u00f8sningen p\u00e5 alle de milj\u00f8problemer, som mennesker st\u00e5r over for.   \",\"email\":\"info@natureneem.com\",\"telephone\":\"+91 77084 00899\",\"legalName\":\"NATURE NEEM PRODUCTS\",\"vatID\":\"FR08891657884\",\"numberOfEmployees\":{\"@type\":\"QuantitativeValue\",\"minValue\":\"51\",\"maxValue\":\"200\"},\"publishingPrinciples\":\"https:\/\/shop.natureneem.com\/\",\"actionableFeedbackPolicy\":\"https:\/\/shop.natureneem.com\/return-and-refund-policy\/\",\"hasMerchantReturnPolicy\":{\"@type\":\"MerchantReturnPolicy\",\"merchantReturnLink\":\"https:\/\/shop.natureneem.com\/return-and-refund-policy\/\"}}]}<\/script>\n<meta property=\"product:price:amount\" content=\"11.99\" \/>\n<meta property=\"product:price:currency\" content=\"EUR\" \/>\n<meta property=\"og:availability\" content=\"instock\" \/>\n<meta property=\"product:availability\" content=\"instock\" \/>\n<meta property=\"product:retailer_item_id\" content=\"NN-MO-0500\" \/>\n<meta property=\"product:condition\" content=\"new\" \/>\n<!-- \/ Yoast SEO Premium plugin. -->","yoast_head_json":{"title":"Koldpresset olie fra sennepsfr\u00f8 - ren kvalitet - NatureNeem e-Shop","description":"Udnyt fordelene ved koldpresset olie fra sennepsfr\u00f8. Denne uraffinerede olie fremmer hudens sundhed, samtidig med at den l\u00f8fter din madlavning! \ud83c\udf31 Sennepsolie til h\u00e5ret \ud83d\udc69\ud83c\udffd\u200d\ud83e\uddb0\ud83d\udc71\ud83c\udffd\u200d\u2640\ufe0f\ud83d\udc69\ud83c\udffd","robots":{"index":"index","follow":"follow","max-snippet":"max-snippet:-1","max-image-preview":"max-image-preview:large","max-video-preview":"max-video-preview:-1"},"canonical":"https:\/\/shop.natureneem.com\/da\/e-shop\/sennepsolie\/","og_locale":"da_DK","og_type":"article","og_title":"Sennepsolie","og_description":"Udnyt fordelene ved koldpresset olie fra sennepsfr\u00f8. Denne uraffinerede olie fremmer hudens sundhed, samtidig med at den l\u00f8fter din madlavning! \ud83c\udf31 Sennepsolie til h\u00e5ret \ud83d\udc69\ud83c\udffd\u200d\ud83e\uddb0\ud83d\udc71\ud83c\udffd\u200d\u2640\ufe0f\ud83d\udc69\ud83c\udffd","og_url":"https:\/\/shop.natureneem.com\/da\/e-shop\/sennepsolie\/","og_site_name":"NatureNeem e-Shop","article_publisher":"https:\/\/www.facebook.com\/natureneemindia\/","article_modified_time":"2025-04-02T22:10:56+00:00","og_image":[{"width":2000,"height":2000,"url":"https:\/\/shop.natureneem.com\/wp-content\/uploads\/2024\/11\/NN-Mustard_Oil_500ml_2024-11-28_01.jpg","type":"image\/jpeg"}],"twitter_card":"summary_large_image","twitter_site":"@natureneem","twitter_misc":{"Pris":"11,99&nbsp;&euro;","Tilg\u00e6ngelighed":"P\u00e5 lager"},"schema":{"@context":"https:\/\/schema.org","@graph":[{"@type":"WebPage","@id":"https:\/\/shop.natureneem.com\/da\/e-shop\/sennepsolie\/","url":"https:\/\/shop.natureneem.com\/da\/e-shop\/sennepsolie\/","name":"Koldpresset olie fra sennepsfr\u00f8 - ren kvalitet - NatureNeem e-Shop","isPartOf":{"@id":"https:\/\/shop.natureneem.com\/da\/#website"},"primaryImageOfPage":{"@id":"https:\/\/shop.natureneem.com\/da\/e-shop\/sennepsolie\/#primaryimage"},"image":{"@id":"https:\/\/shop.natureneem.com\/da\/e-shop\/sennepsolie\/#primaryimage"},"thumbnailUrl":"https:\/\/shop.natureneem.com\/wp-content\/uploads\/2024\/11\/NN-Mustard_Oil_500ml_2024-11-28_01.jpg","datePublished":"2024-11-27T19:31:38+00:00","dateModified":"2025-04-02T22:10:56+00:00","description":"Udnyt fordelene ved koldpresset olie fra sennepsfr\u00f8. Denne uraffinerede olie fremmer hudens sundhed, samtidig med at den l\u00f8fter din madlavning! \ud83c\udf31 Sennepsolie til h\u00e5ret \ud83d\udc69\ud83c\udffd\u200d\ud83e\uddb0\ud83d\udc71\ud83c\udffd\u200d\u2640\ufe0f\ud83d\udc69\ud83c\udffd","breadcrumb":{"@id":"https:\/\/shop.natureneem.com\/da\/e-shop\/sennepsolie\/#breadcrumb"},"inLanguage":"da-DK","potentialAction":[{"@type":"ReadAction","target":["https:\/\/shop.natureneem.com\/da\/e-shop\/sennepsolie\/"]}]},{"@type":"ImageObject","inLanguage":"da-DK","@id":"https:\/\/shop.natureneem.com\/da\/e-shop\/sennepsolie\/#primaryimage","url":"https:\/\/shop.natureneem.com\/wp-content\/uploads\/2024\/11\/NN-Mustard_Oil_500ml_2024-11-28_01.jpg","contentUrl":"https:\/\/shop.natureneem.com\/wp-content\/uploads\/2024\/11\/NN-Mustard_Oil_500ml_2024-11-28_01.jpg","width":2000,"height":2000,"caption":"Sennepsolie fra Nature Neem (Brassica Alba) Olie fra sennepsfr\u00f8 Nature Neem India"},{"@type":"BreadcrumbList","@id":"https:\/\/shop.natureneem.com\/da\/e-shop\/sennepsolie\/#breadcrumb","itemListElement":[{"@type":"ListItem","position":1,"name":"Home","item":"https:\/\/shop.natureneem.com\/da\/hjem\/"},{"@type":"ListItem","position":2,"name":"e-butik","item":"https:\/\/shop.natureneem.com\/da\/e-butik\/"},{"@type":"ListItem","position":3,"name":"Sennepsolie"}]},{"@type":"WebSite","@id":"https:\/\/shop.natureneem.com\/da\/#website","url":"https:\/\/shop.natureneem.com\/da\/","name":"NatureNeem e-Shop","description":"Official Shop from Nature Neem","publisher":{"@id":"https:\/\/shop.natureneem.com\/da\/#organization"},"alternateName":"Nature Neem","potentialAction":[{"@type":"SearchAction","target":{"@type":"EntryPoint","urlTemplate":"https:\/\/shop.natureneem.com\/da\/?s={search_term_string}"},"query-input":{"@type":"PropertyValueSpecification","valueRequired":true,"valueName":"search_term_string"}}],"inLanguage":"da-DK"},{"@type":"Organization","@id":"https:\/\/shop.natureneem.com\/da\/#organization","name":"Nature Neem","alternateName":"Lorsun SAS","url":"https:\/\/shop.natureneem.com\/da\/","logo":{"@type":"ImageObject","inLanguage":"da-DK","@id":"https:\/\/shop.natureneem.com\/da\/#\/schema\/logo\/image\/","url":"https:\/\/shop.natureneem.com\/wp-content\/uploads\/2024\/09\/nn-logo-symbole-2024-01.svg","contentUrl":"https:\/\/shop.natureneem.com\/wp-content\/uploads\/2024\/09\/nn-logo-symbole-2024-01.svg","width":1,"height":1,"caption":"Nature Neem"},"image":{"@id":"https:\/\/shop.natureneem.com\/da\/#\/schema\/logo\/image\/"},"sameAs":["https:\/\/www.facebook.com\/natureneemindia\/","https:\/\/x.com\/natureneem","https:\/\/www.youtube.com\/user\/natureneem","https:\/\/www.linkedin.com\/company\/natureneem"],"description":"Vi besk\u00e6ftiger os med udvikling og kommercialisering af \u00f8kologiske l\u00f8sninger. Vi forts\u00e6tter med at opfinde disse naturlige alternative l\u00f8sninger, som effektivt kan erstatte de kemisk fremstillede produkter, der skader vores milj\u00f8. Vores team er s\u00e6rligt kompetent til at foresl\u00e5 \u00f8kologiske landbrugsinput. Vi fungerer ogs\u00e5 som en sammenslutning af ligesindede, der tror p\u00e5, at naturen er l\u00f8sningen p\u00e5 alle de milj\u00f8problemer, som mennesker st\u00e5r over for.   ","email":"info@natureneem.com","telephone":"+91 77084 00899","legalName":"NATURE NEEM PRODUCTS","vatID":"FR08891657884","numberOfEmployees":{"@type":"QuantitativeValue","minValue":"51","maxValue":"200"},"publishingPrinciples":"https:\/\/shop.natureneem.com\/","actionableFeedbackPolicy":"https:\/\/shop.natureneem.com\/return-and-refund-policy\/","hasMerchantReturnPolicy":{"@type":"MerchantReturnPolicy","merchantReturnLink":"https:\/\/shop.natureneem.com\/return-and-refund-policy\/"}}]},"product_price_amount":"11.99","product_price_currency":"EUR","og_availability":"instock","product_availability":"instock","product_retailer_item_id":"NN-MO-0500","product_condition":"new"},"_links":{"self":[{"href":"https:\/\/shop.natureneem.com\/da\/wp-json\/wp\/v2\/product\/10184","targetHints":{"allow":["GET"]}}],"collection":[{"href":"https:\/\/shop.natureneem.com\/da\/wp-json\/wp\/v2\/product"}],"about":[{"href":"https:\/\/shop.natureneem.com\/da\/wp-json\/wp\/v2\/types\/product"}],"replies":[{"embeddable":true,"href":"https:\/\/shop.natureneem.com\/da\/wp-json\/wp\/v2\/comments?post=10184"}],"wp:featuredmedia":[{"embeddable":true,"href":"https:\/\/shop.natureneem.com\/da\/wp-json\/wp\/v2\/media\/10032"}],"wp:attachment":[{"href":"https:\/\/shop.natureneem.com\/da\/wp-json\/wp\/v2\/media?parent=10184"}],"wp:term":[{"taxonomy":"product_brand","embeddable":true,"href":"https:\/\/shop.natureneem.com\/da\/wp-json\/wp\/v2\/product_brand?post=10184"},{"taxonomy":"product_cat","embeddable":true,"href":"https:\/\/shop.natureneem.com\/da\/wp-json\/wp\/v2\/product_cat?post=10184"},{"taxonomy":"product_tag","embeddable":true,"href":"https:\/\/shop.natureneem.com\/da\/wp-json\/wp\/v2\/product_tag?post=10184"}],"curies":[{"name":"wp","href":"https:\/\/api.w.org\/{rel}","templated":true}]}}