{"id":11510,"date":"2025-05-14T17:54:41","date_gmt":"2025-05-14T15:54:41","guid":{"rendered":"https:\/\/shop.natureneem.com\/?post_type=product&#038;p=11510"},"modified":"2025-09-12T12:57:52","modified_gmt":"2025-09-12T10:57:52","slug":"coco-mursten-copy","status":"publish","type":"product","link":"https:\/\/shop.natureneem.com\/da\/e-shop\/coco-mursten-copy\/","title":{"rendered":"Coco Mulch"},"content":{"rendered":"<h3><strong>Naturlig barkflis af kokosn\u00f8ddeskaller. Nem opbevaring. Ideel til urbant havearbejde &#8211; lejligheder, terrasser, &#8230;<br \/>\n<\/strong><\/h3>\n<h4 style=\"text-align: left;\"><strong>1 kg komprimeret blok = ca. 15 liter hydreret volumen.<br \/>\n<\/strong><strong>Eksempel: 4,5 kg komprimeret = ca. 65 liter hydreret.<\/strong><\/h4>\n<div class=\"uk-alert\"><img loading=\"lazy\" decoding=\"async\" class=\"alignnone wp-image-11652 size-thumbnail\" title=\"CocoMulch 4-4.5Kg af NatureNeem\" src=\"https:\/\/shop.natureneem.com\/wp-content\/uploads\/2025\/05\/NN_COCO-MULCH_WEB_02-1-150x150.jpg\" alt=\"CocoMulch 4-4,5 kg\" width=\"150\" height=\"150\" srcset=\"https:\/\/shop.natureneem.com\/wp-content\/uploads\/2025\/05\/NN_COCO-MULCH_WEB_02-1-150x150.jpg 150w, https:\/\/shop.natureneem.com\/wp-content\/uploads\/2025\/05\/NN_COCO-MULCH_WEB_02-1-300x300.jpg 300w, https:\/\/shop.natureneem.com\/wp-content\/uploads\/2025\/05\/NN_COCO-MULCH_WEB_02-1-100x100.jpg 100w, https:\/\/shop.natureneem.com\/wp-content\/uploads\/2025\/05\/NN_COCO-MULCH_WEB_02-1-500x500.jpg 500w, https:\/\/shop.natureneem.com\/wp-content\/uploads\/2025\/05\/NN_COCO-MULCH_WEB_02-1-1024x1024.jpg 1024w, https:\/\/shop.natureneem.com\/wp-content\/uploads\/2025\/05\/NN_COCO-MULCH_WEB_02-1-768x768.jpg 768w, https:\/\/shop.natureneem.com\/wp-content\/uploads\/2025\/05\/NN_COCO-MULCH_WEB_02-1.jpg 1200w\" sizes=\"(max-width: 150px) 100vw, 150px\" \/>Naturlig barkflis af kokosskaller. 4,5 kg komprimeret blok = ca. 65 liter hydreret volumen. <\/div>\n<div class=\"uk-alert\"><img loading=\"lazy\" decoding=\"async\" class=\"alignnone wp-image-11670 size-thumbnail\" src=\"https:\/\/shop.natureneem.com\/wp-content\/uploads\/2025\/05\/NN_COCO-MULCH_WEB_04-1-150x150.jpg\" alt=\"CocoMulch 650g\" width=\"150\" height=\"150\" srcset=\"https:\/\/shop.natureneem.com\/wp-content\/uploads\/2025\/05\/NN_COCO-MULCH_WEB_04-1-150x150.jpg 150w, https:\/\/shop.natureneem.com\/wp-content\/uploads\/2025\/05\/NN_COCO-MULCH_WEB_04-1-300x300.jpg 300w, https:\/\/shop.natureneem.com\/wp-content\/uploads\/2025\/05\/NN_COCO-MULCH_WEB_04-1-100x100.jpg 100w, https:\/\/shop.natureneem.com\/wp-content\/uploads\/2025\/05\/NN_COCO-MULCH_WEB_04-1-500x500.jpg 500w, https:\/\/shop.natureneem.com\/wp-content\/uploads\/2025\/05\/NN_COCO-MULCH_WEB_04-1-1024x1024.jpg 1024w, https:\/\/shop.natureneem.com\/wp-content\/uploads\/2025\/05\/NN_COCO-MULCH_WEB_04-1-768x768.jpg 768w, https:\/\/shop.natureneem.com\/wp-content\/uploads\/2025\/05\/NN_COCO-MULCH_WEB_04-1.jpg 1200w\" sizes=\"(max-width: 150px) 100vw, 150px\" \/>Naturlig barkflis af kokosskaller. 650 g komprimeret blok = ca. 12 liter hydreret volumen. <\/div>\n<div class=\"uk-alert\"><img loading=\"lazy\" decoding=\"async\" class=\"alignnone size-thumbnail wp-image-11688\" src=\"https:\/\/shop.natureneem.com\/wp-content\/uploads\/2025\/05\/NN_COCO-MULCH_WEB_06-1-150x150.jpg\" alt=\"CocoMulch-skive 110 g  \" width=\"150\" height=\"150\" srcset=\"https:\/\/shop.natureneem.com\/wp-content\/uploads\/2025\/05\/NN_COCO-MULCH_WEB_06-1-150x150.jpg 150w, https:\/\/shop.natureneem.com\/wp-content\/uploads\/2025\/05\/NN_COCO-MULCH_WEB_06-1-300x300.jpg 300w, https:\/\/shop.natureneem.com\/wp-content\/uploads\/2025\/05\/NN_COCO-MULCH_WEB_06-1-100x100.jpg 100w, https:\/\/shop.natureneem.com\/wp-content\/uploads\/2025\/05\/NN_COCO-MULCH_WEB_06-1-500x500.jpg 500w, https:\/\/shop.natureneem.com\/wp-content\/uploads\/2025\/05\/NN_COCO-MULCH_WEB_06-1-1024x1024.jpg 1024w, https:\/\/shop.natureneem.com\/wp-content\/uploads\/2025\/05\/NN_COCO-MULCH_WEB_06-1-768x768.jpg 768w, https:\/\/shop.natureneem.com\/wp-content\/uploads\/2025\/05\/NN_COCO-MULCH_WEB_06-1.jpg 1200w\" sizes=\"(max-width: 150px) 100vw, 150px\" \/>Naturlig barkflis fra kokosskaller. 110 g komprimeret blok = ca. 1,5 liter hydreret volumen. <\/div>\n<h3 style=\"text-align: left;\"><strong><br \/>\nFordele<\/strong><\/h3>\n<ul>\n<li><strong>Reducerer fordampning og sparer p\u00e5 vandet<\/strong><br \/>\nEt tykt lag Coco Mulch blokerer for sollys og undertrykker v\u00e6ksten af ukrudt.<\/li>\n<li><strong>Organisk g\u00f8dning og jordforbedringsmiddel<\/strong><br \/>\nBevarer jordens fugtighed ved at reducere fordampningen, s\u00e5 jorden holdes fugtig i l\u00e6ngere tid.<\/li>\n<li><strong>Overlegen beluftning for sunde r\u00f8dder<\/strong><br \/>\nDen fibr\u00f8se struktur i Coco Mulch hj\u00e6lper med at forhindre jorderosion, is\u00e6r p\u00e5 skr\u00e5ninger eller i kraftig regn.<\/li>\n<li><strong>Regulering af jordtemperatur<\/strong><br \/>\nIsolerer jorden og beskytter r\u00f8dderne mod ekstreme temperatursvingninger<\/li>\n<\/ul>\n<h3><strong>Forberedelse f\u00f8r p\u00e5f\u00f8ring<\/strong><\/h3>\n<ul>\n<li>L\u00e6g blokken i en 100-liters balje<\/li>\n<li>Tils\u00e6t omkring 60 liter vand<\/li>\n<li>Vent i 45 minutter<\/li>\n<\/ul>\n<h3><strong>Anvendelser<\/strong><\/h3>\n<ul>\n<li>Klar til brug, ukrudtsfri, pH- og EC-balanceret barkflis til planter<\/li>\n<li>Mulching: Spred 10 cm p\u00e5 overfladen.<\/li>\n<li>Dr\u00e6ning: Spred 10 cm i bunden (potter og plantegruber)<\/li>\n<li>Til orkideer, der kr\u00e6ver luftning &#8211; fyld potten helt op som plantemedie.<\/li>\n<\/ul>\n<h3><strong>Forslag til ideelle resultater<\/strong><\/h3>\n<ul>\n<li>Tils\u00e6t <a href=\"https:\/\/shop.natureneem.com\/da\/e-shop\/nutraza\/\">NutrAza<\/a>, en organisk g\u00f8dning og et jordbeskyttelsesmiddel mod nematoder.<\/li>\n<li>Brug <a href=\"https:\/\/shop.natureneem.com\/da\/e-shop\/coco-mursten\/\">Coco Brick<\/a> som pottemiddel<\/li>\n<\/ul>\n<h3><strong>Specifikationer<\/strong><\/h3>\n<ul>\n<li>Sammens\u00e6tning: Hakket \u00f8kologisk Coco Husk, der er beriget og bufret<\/li>\n<li>Fugtindhold: mindre end 15 %.<\/li>\n<li>pH: 5,6- 6,5 | EC: 0,6-0,8 mS\/cm<\/li>\n<li>Kompressionsforhold &#8211; 6:1<\/li>\n<li>Europ\u00e6iske normer: NFU 44-551 (plantev\u00e6kstmedium)<\/li>\n<li>V\u00e6gt: 4-4,5 kg<\/li>\n<\/ul>\n","protected":false},"excerpt":{"rendered":"<p class=\"ai-optimize-20\"><strong>Naturlig<\/strong>barkflis <strong>af kokosn\u00f8ddeskaller<br \/>\n<\/strong>Et tykt lag kokosflis blokerer sollyset for at stoppe ukrudt og holde p\u00e5 fugten, s\u00e5 din jord holdes naturligt fugtig og sund i l\u00e6ngere tid.<\/p>\n<p class=\"ai-optimize-21\"><strong> <\/strong><\/p>\n","protected":false},"featured_media":11716,"comment_status":"open","ping_status":"closed","template":"","meta":[],"product_brand":[],"product_cat":[612],"product_tag":[],"class_list":{"0":"post-11510","1":"product","2":"type-product","3":"status-publish","4":"has-post-thumbnail","6":"product_cat-kokosprodukter-da","7":"product_shipping_class-06-kg-da","9":"first","10":"instock","11":"sale","12":"shipping-taxable","13":"purchasable","14":"product-type-variable"},"yoast_head":"<!-- This site is optimized with the Yoast SEO Premium plugin v27.1 (Yoast SEO v27.2) - https:\/\/yoast.com\/product\/yoast-seo-premium-wordpress\/ -->\n<title>Coco Mulch til at holde p\u00e5 jordens fugt og isolere<\/title>\n<meta name=\"description\" content=\"Forvandl din haveoplevelse med Coco Mulch! Den er ideel til lejligheder og terrasser, hvor den isolerer og forhindrer ukrudtsv\u00e6kst. K\u00f8b det nu!\" \/>\n<meta name=\"robots\" content=\"index, follow, max-snippet:-1, max-image-preview:large, max-video-preview:-1\" \/>\n<link rel=\"canonical\" href=\"https:\/\/shop.natureneem.com\/da\/e-shop\/coco-mursten-copy\/\" \/>\n<meta property=\"og:locale\" content=\"da_DK\" \/>\n<meta property=\"og:type\" content=\"article\" \/>\n<meta property=\"og:title\" content=\"Coco Mulch Coco Mulch fra Nature Neem\" \/>\n<meta property=\"og:description\" content=\"Naturlig barkflis af kokosn\u00f8ddeskaller. Et tykt lag kokosflis kan blokere for sollys og undertrykke v\u00e6ksten af ukrudt, og det hj\u00e6lper med at holde p\u00e5 jordens fugt ved at reducere fordampningen, s\u00e5 jorden holdes fugtig i l\u00e6ngere tid.\" \/>\n<meta property=\"og:url\" content=\"https:\/\/shop.natureneem.com\/da\/e-shop\/coco-mursten-copy\/\" \/>\n<meta property=\"og:site_name\" content=\"NatureNeem e-Shop\" \/>\n<meta property=\"article:publisher\" content=\"https:\/\/www.facebook.com\/natureneemindia\/\" \/>\n<meta property=\"article:modified_time\" content=\"2025-09-12T10:57:52+00:00\" \/>\n<meta property=\"og:image\" content=\"https:\/\/shop.natureneem.com\/wp-content\/uploads\/2025\/05\/NN_COCO-MULCH_WEB_00-1.jpg\" \/>\n\t<meta property=\"og:image:width\" content=\"1200\" \/>\n\t<meta property=\"og:image:height\" content=\"1200\" \/>\n\t<meta property=\"og:image:type\" content=\"image\/jpeg\" \/>\n<meta name=\"twitter:card\" content=\"summary_large_image\" \/>\n<meta name=\"twitter:title\" content=\"Coco Mulch\" \/>\n<meta name=\"twitter:site\" content=\"@natureneem\" \/>\n<meta name=\"twitter:label1\" content=\"Tilg\u00e6ngelighed\" \/>\n\t<meta name=\"twitter:data1\" content=\"P\u00e5 lager\" \/>\n<script type=\"application\/ld+json\" class=\"yoast-schema-graph\">{\"@context\":\"https:\/\/schema.org\",\"@graph\":[{\"@type\":\"WebPage\",\"@id\":\"https:\/\/shop.natureneem.com\/da\/e-shop\/coco-mursten-copy\/\",\"url\":\"https:\/\/shop.natureneem.com\/da\/e-shop\/coco-mursten-copy\/\",\"name\":\"Coco Mulch til at holde p\u00e5 jordens fugt og isolere\",\"isPartOf\":{\"@id\":\"https:\/\/shop.natureneem.com\/da\/#website\"},\"primaryImageOfPage\":{\"@id\":\"https:\/\/shop.natureneem.com\/da\/e-shop\/coco-mursten-copy\/#primaryimage\"},\"image\":{\"@id\":\"https:\/\/shop.natureneem.com\/da\/e-shop\/coco-mursten-copy\/#primaryimage\"},\"thumbnailUrl\":\"https:\/\/shop.natureneem.com\/wp-content\/uploads\/2025\/05\/NN_COCO-MULCH_WEB_00-1.jpg\",\"datePublished\":\"2025-05-14T15:54:41+00:00\",\"dateModified\":\"2025-09-12T10:57:52+00:00\",\"description\":\"Forvandl din haveoplevelse med Coco Mulch! Den er ideel til lejligheder og terrasser, hvor den isolerer og forhindrer ukrudtsv\u00e6kst. K\u00f8b det nu!\",\"breadcrumb\":{\"@id\":\"https:\/\/shop.natureneem.com\/da\/e-shop\/coco-mursten-copy\/#breadcrumb\"},\"inLanguage\":\"da-DK\",\"potentialAction\":[{\"@type\":\"ReadAction\",\"target\":[\"https:\/\/shop.natureneem.com\/da\/e-shop\/coco-mursten-copy\/\"]}]},{\"@type\":\"ImageObject\",\"inLanguage\":\"da-DK\",\"@id\":\"https:\/\/shop.natureneem.com\/da\/e-shop\/coco-mursten-copy\/#primaryimage\",\"url\":\"https:\/\/shop.natureneem.com\/wp-content\/uploads\/2025\/05\/NN_COCO-MULCH_WEB_00-1.jpg\",\"contentUrl\":\"https:\/\/shop.natureneem.com\/wp-content\/uploads\/2025\/05\/NN_COCO-MULCH_WEB_00-1.jpg\",\"width\":1200,\"height\":1200,\"caption\":\"CocoMulch af NatureNeem\"},{\"@type\":\"BreadcrumbList\",\"@id\":\"https:\/\/shop.natureneem.com\/da\/e-shop\/coco-mursten-copy\/#breadcrumb\",\"itemListElement\":[{\"@type\":\"ListItem\",\"position\":1,\"name\":\"Home\",\"item\":\"https:\/\/shop.natureneem.com\/da\/hjem\/\"},{\"@type\":\"ListItem\",\"position\":2,\"name\":\"e-butik\",\"item\":\"https:\/\/shop.natureneem.com\/da\/e-butik\/\"},{\"@type\":\"ListItem\",\"position\":3,\"name\":\"Coco Mulch\"}]},{\"@type\":\"WebSite\",\"@id\":\"https:\/\/shop.natureneem.com\/da\/#website\",\"url\":\"https:\/\/shop.natureneem.com\/da\/\",\"name\":\"NatureNeem e-Shop\",\"description\":\"Official Shop from Nature Neem\",\"publisher\":{\"@id\":\"https:\/\/shop.natureneem.com\/da\/#organization\"},\"alternateName\":\"Nature Neem\",\"potentialAction\":[{\"@type\":\"SearchAction\",\"target\":{\"@type\":\"EntryPoint\",\"urlTemplate\":\"https:\/\/shop.natureneem.com\/da\/?s={search_term_string}\"},\"query-input\":{\"@type\":\"PropertyValueSpecification\",\"valueRequired\":true,\"valueName\":\"search_term_string\"}}],\"inLanguage\":\"da-DK\"},{\"@type\":\"Organization\",\"@id\":\"https:\/\/shop.natureneem.com\/da\/#organization\",\"name\":\"Nature Neem\",\"alternateName\":\"Lorsun SAS\",\"url\":\"https:\/\/shop.natureneem.com\/da\/\",\"logo\":{\"@type\":\"ImageObject\",\"inLanguage\":\"da-DK\",\"@id\":\"https:\/\/shop.natureneem.com\/da\/#\/schema\/logo\/image\/\",\"url\":\"https:\/\/shop.natureneem.com\/wp-content\/uploads\/2024\/09\/nn-logo-symbole-2024-01.svg\",\"contentUrl\":\"https:\/\/shop.natureneem.com\/wp-content\/uploads\/2024\/09\/nn-logo-symbole-2024-01.svg\",\"width\":1,\"height\":1,\"caption\":\"Nature Neem\"},\"image\":{\"@id\":\"https:\/\/shop.natureneem.com\/da\/#\/schema\/logo\/image\/\"},\"sameAs\":[\"https:\/\/www.facebook.com\/natureneemindia\/\",\"https:\/\/x.com\/natureneem\",\"https:\/\/www.youtube.com\/user\/natureneem\",\"https:\/\/www.linkedin.com\/company\/natureneem\"],\"description\":\"Vi besk\u00e6ftiger os med udvikling og kommercialisering af \u00f8kologiske l\u00f8sninger. Vi forts\u00e6tter med at opfinde disse naturlige alternative l\u00f8sninger, som effektivt kan erstatte de kemisk fremstillede produkter, der skader vores milj\u00f8. Vores team er s\u00e6rligt kompetent til at foresl\u00e5 \u00f8kologiske landbrugsinput. Vi fungerer ogs\u00e5 som en sammenslutning af ligesindede, der tror p\u00e5, at naturen er l\u00f8sningen p\u00e5 alle de milj\u00f8problemer, som mennesker st\u00e5r over for.   \",\"email\":\"info@natureneem.com\",\"telephone\":\"+91 77084 00899\",\"legalName\":\"NATURE NEEM PRODUCTS\",\"vatID\":\"FR08891657884\",\"numberOfEmployees\":{\"@type\":\"QuantitativeValue\",\"minValue\":\"51\",\"maxValue\":\"200\"},\"publishingPrinciples\":\"https:\/\/shop.natureneem.com\/\",\"actionableFeedbackPolicy\":\"https:\/\/shop.natureneem.com\/return-and-refund-policy\/\",\"hasMerchantReturnPolicy\":{\"@type\":\"MerchantReturnPolicy\",\"merchantReturnLink\":\"https:\/\/shop.natureneem.com\/return-and-refund-policy\/\"}}]}<\/script>\n<meta property=\"og:availability\" content=\"instock\" \/>\n<meta property=\"product:availability\" content=\"instock\" \/>\n<meta property=\"product:retailer_item_id\" content=\"NN-GP-CM\" \/>\n<meta property=\"product:condition\" content=\"new\" \/>\n<!-- \/ Yoast SEO Premium plugin. -->","yoast_head_json":{"title":"Coco Mulch til at holde p\u00e5 jordens fugt og isolere","description":"Forvandl din haveoplevelse med Coco Mulch! Den er ideel til lejligheder og terrasser, hvor den isolerer og forhindrer ukrudtsv\u00e6kst. K\u00f8b det nu!","robots":{"index":"index","follow":"follow","max-snippet":"max-snippet:-1","max-image-preview":"max-image-preview:large","max-video-preview":"max-video-preview:-1"},"canonical":"https:\/\/shop.natureneem.com\/da\/e-shop\/coco-mursten-copy\/","og_locale":"da_DK","og_type":"article","og_title":"Coco Mulch Coco Mulch fra Nature Neem","og_description":"Naturlig barkflis af kokosn\u00f8ddeskaller. Et tykt lag kokosflis kan blokere for sollys og undertrykke v\u00e6ksten af ukrudt, og det hj\u00e6lper med at holde p\u00e5 jordens fugt ved at reducere fordampningen, s\u00e5 jorden holdes fugtig i l\u00e6ngere tid.","og_url":"https:\/\/shop.natureneem.com\/da\/e-shop\/coco-mursten-copy\/","og_site_name":"NatureNeem e-Shop","article_publisher":"https:\/\/www.facebook.com\/natureneemindia\/","article_modified_time":"2025-09-12T10:57:52+00:00","og_image":[{"width":1200,"height":1200,"url":"https:\/\/shop.natureneem.com\/wp-content\/uploads\/2025\/05\/NN_COCO-MULCH_WEB_00-1.jpg","type":"image\/jpeg"}],"twitter_card":"summary_large_image","twitter_title":"Coco Mulch","twitter_site":"@natureneem","twitter_misc":{"Tilg\u00e6ngelighed":"P\u00e5 lager"},"schema":{"@context":"https:\/\/schema.org","@graph":[{"@type":"WebPage","@id":"https:\/\/shop.natureneem.com\/da\/e-shop\/coco-mursten-copy\/","url":"https:\/\/shop.natureneem.com\/da\/e-shop\/coco-mursten-copy\/","name":"Coco Mulch til at holde p\u00e5 jordens fugt og isolere","isPartOf":{"@id":"https:\/\/shop.natureneem.com\/da\/#website"},"primaryImageOfPage":{"@id":"https:\/\/shop.natureneem.com\/da\/e-shop\/coco-mursten-copy\/#primaryimage"},"image":{"@id":"https:\/\/shop.natureneem.com\/da\/e-shop\/coco-mursten-copy\/#primaryimage"},"thumbnailUrl":"https:\/\/shop.natureneem.com\/wp-content\/uploads\/2025\/05\/NN_COCO-MULCH_WEB_00-1.jpg","datePublished":"2025-05-14T15:54:41+00:00","dateModified":"2025-09-12T10:57:52+00:00","description":"Forvandl din haveoplevelse med Coco Mulch! Den er ideel til lejligheder og terrasser, hvor den isolerer og forhindrer ukrudtsv\u00e6kst. K\u00f8b det nu!","breadcrumb":{"@id":"https:\/\/shop.natureneem.com\/da\/e-shop\/coco-mursten-copy\/#breadcrumb"},"inLanguage":"da-DK","potentialAction":[{"@type":"ReadAction","target":["https:\/\/shop.natureneem.com\/da\/e-shop\/coco-mursten-copy\/"]}]},{"@type":"ImageObject","inLanguage":"da-DK","@id":"https:\/\/shop.natureneem.com\/da\/e-shop\/coco-mursten-copy\/#primaryimage","url":"https:\/\/shop.natureneem.com\/wp-content\/uploads\/2025\/05\/NN_COCO-MULCH_WEB_00-1.jpg","contentUrl":"https:\/\/shop.natureneem.com\/wp-content\/uploads\/2025\/05\/NN_COCO-MULCH_WEB_00-1.jpg","width":1200,"height":1200,"caption":"CocoMulch af NatureNeem"},{"@type":"BreadcrumbList","@id":"https:\/\/shop.natureneem.com\/da\/e-shop\/coco-mursten-copy\/#breadcrumb","itemListElement":[{"@type":"ListItem","position":1,"name":"Home","item":"https:\/\/shop.natureneem.com\/da\/hjem\/"},{"@type":"ListItem","position":2,"name":"e-butik","item":"https:\/\/shop.natureneem.com\/da\/e-butik\/"},{"@type":"ListItem","position":3,"name":"Coco Mulch"}]},{"@type":"WebSite","@id":"https:\/\/shop.natureneem.com\/da\/#website","url":"https:\/\/shop.natureneem.com\/da\/","name":"NatureNeem e-Shop","description":"Official Shop from Nature Neem","publisher":{"@id":"https:\/\/shop.natureneem.com\/da\/#organization"},"alternateName":"Nature Neem","potentialAction":[{"@type":"SearchAction","target":{"@type":"EntryPoint","urlTemplate":"https:\/\/shop.natureneem.com\/da\/?s={search_term_string}"},"query-input":{"@type":"PropertyValueSpecification","valueRequired":true,"valueName":"search_term_string"}}],"inLanguage":"da-DK"},{"@type":"Organization","@id":"https:\/\/shop.natureneem.com\/da\/#organization","name":"Nature Neem","alternateName":"Lorsun SAS","url":"https:\/\/shop.natureneem.com\/da\/","logo":{"@type":"ImageObject","inLanguage":"da-DK","@id":"https:\/\/shop.natureneem.com\/da\/#\/schema\/logo\/image\/","url":"https:\/\/shop.natureneem.com\/wp-content\/uploads\/2024\/09\/nn-logo-symbole-2024-01.svg","contentUrl":"https:\/\/shop.natureneem.com\/wp-content\/uploads\/2024\/09\/nn-logo-symbole-2024-01.svg","width":1,"height":1,"caption":"Nature Neem"},"image":{"@id":"https:\/\/shop.natureneem.com\/da\/#\/schema\/logo\/image\/"},"sameAs":["https:\/\/www.facebook.com\/natureneemindia\/","https:\/\/x.com\/natureneem","https:\/\/www.youtube.com\/user\/natureneem","https:\/\/www.linkedin.com\/company\/natureneem"],"description":"Vi besk\u00e6ftiger os med udvikling og kommercialisering af \u00f8kologiske l\u00f8sninger. Vi forts\u00e6tter med at opfinde disse naturlige alternative l\u00f8sninger, som effektivt kan erstatte de kemisk fremstillede produkter, der skader vores milj\u00f8. Vores team er s\u00e6rligt kompetent til at foresl\u00e5 \u00f8kologiske landbrugsinput. Vi fungerer ogs\u00e5 som en sammenslutning af ligesindede, der tror p\u00e5, at naturen er l\u00f8sningen p\u00e5 alle de milj\u00f8problemer, som mennesker st\u00e5r over for.   ","email":"info@natureneem.com","telephone":"+91 77084 00899","legalName":"NATURE NEEM PRODUCTS","vatID":"FR08891657884","numberOfEmployees":{"@type":"QuantitativeValue","minValue":"51","maxValue":"200"},"publishingPrinciples":"https:\/\/shop.natureneem.com\/","actionableFeedbackPolicy":"https:\/\/shop.natureneem.com\/return-and-refund-policy\/","hasMerchantReturnPolicy":{"@type":"MerchantReturnPolicy","merchantReturnLink":"https:\/\/shop.natureneem.com\/return-and-refund-policy\/"}}]},"og_availability":"instock","product_availability":"instock","product_retailer_item_id":"NN-GP-CM","product_condition":"new"},"_links":{"self":[{"href":"https:\/\/shop.natureneem.com\/da\/wp-json\/wp\/v2\/product\/11510","targetHints":{"allow":["GET"]}}],"collection":[{"href":"https:\/\/shop.natureneem.com\/da\/wp-json\/wp\/v2\/product"}],"about":[{"href":"https:\/\/shop.natureneem.com\/da\/wp-json\/wp\/v2\/types\/product"}],"replies":[{"embeddable":true,"href":"https:\/\/shop.natureneem.com\/da\/wp-json\/wp\/v2\/comments?post=11510"}],"wp:featuredmedia":[{"embeddable":true,"href":"https:\/\/shop.natureneem.com\/da\/wp-json\/wp\/v2\/media\/11716"}],"wp:attachment":[{"href":"https:\/\/shop.natureneem.com\/da\/wp-json\/wp\/v2\/media?parent=11510"}],"wp:term":[{"taxonomy":"product_brand","embeddable":true,"href":"https:\/\/shop.natureneem.com\/da\/wp-json\/wp\/v2\/product_brand?post=11510"},{"taxonomy":"product_cat","embeddable":true,"href":"https:\/\/shop.natureneem.com\/da\/wp-json\/wp\/v2\/product_cat?post=11510"},{"taxonomy":"product_tag","embeddable":true,"href":"https:\/\/shop.natureneem.com\/da\/wp-json\/wp\/v2\/product_tag?post=11510"}],"curies":[{"name":"wp","href":"https:\/\/api.w.org\/{rel}","templated":true}]}}