{"id":9377,"date":"2021-05-07T11:11:23","date_gmt":"2021-05-07T09:11:23","guid":{"rendered":"https:\/\/shop.natureneem.com\/e-shop\/coco-mursten\/"},"modified":"2025-06-13T07:51:26","modified_gmt":"2025-06-13T05:51:26","slug":"coco-mursten","status":"publish","type":"product","link":"https:\/\/shop.natureneem.com\/da\/e-shop\/coco-mursten\/","title":{"rendered":"CocoBrick"},"content":{"rendered":"<p style=\"text-align: left;\"><strong>1 mursten = 650 g mursten i sammenpresset tilstand = <\/strong><strong>12 L plantesubstrat efter tils\u00e6tning af vand.<br \/>\n<\/strong><strong>Vejer 3 gange mindre end klassisk pottejord.<br \/>\n<\/strong><strong>Nem at opbevare. Ideel til urbant havearbejde &#8211; lejligheder, terrasser &#8230; <\/strong><\/p>\n<p>Komprimeret plantesubstrat fremstillet af kokosmarv og -fibre. Let at opbevare. 1 klods p\u00e5 650 g = 12 liter plantesubstrat efter rehydrering. Giver fremragende vandbinding og luftningsegenskaber, der fremmer planteetablering og hurtig rodv\u00e6kst. Perfekt til fr\u00f8planter, potteplanter og k\u00f8kkenhaver.    <\/p>\n<p><strong>Beskrivelse<\/strong><\/p>\n<p>Coco Bricks er et plantemedie eller substrat fremstillet af kokosmarv i komprimeret form. Med 4 liter vand hydratiseres det i l\u00f8bet af f\u00e5 minutter til ca. 12 liter plantesubstrat, der er klar til dyrkning. Dette substrat er velegnet til alle former for dyrkning, b\u00e5de udend\u00f8rs og indend\u00f8rs. N\u00e5r det blandes med havejord eller andre potteplanter, fungerer det som jordforbedringsmiddel og vandbeholder.   <\/p>\n<p><strong>Hvordan fremstilles produktet?<\/strong><\/p>\n<p>&#8220;Coir&#8221; er navnet p\u00e5 den tykke, fibr\u00f8se mesokarp, der omgiver kokosn\u00f8dden. N\u00e5r man udvinder fibrene, f\u00e5r man en betydelig m\u00e6ngde (ca. 2\/3) materiale kaldet PEAT, PITH, DUST eller peat*. Produktet vaskes for at fjerne de salte, der naturligt findes i de knuste fibre. pH- og saltniveauet kontrolleres n\u00f8je for at opfylde kravene til selv sarte afgr\u00f8der. T\u00f8rven blandes med afsk\u00e5rne kokosfibre og komprimeres derefter i forholdet 8:1 i form af en blok p\u00e5 20 x 10 x 5 cm.    <\/p>\n<p><em>Kokost\u00f8rv er et svampet materiale, der er naturligt limet til kokosfibre. M\u00e5 ikke forveksles med ikke-vedvarende t\u00f8rv, som er et organisk materiale, der findes i vandm\u00e6ttede milj\u00f8er og skove, og hvis udvinding er kontroversiel. <\/em><\/p>\n<p><strong>Hvordan bruger man det?<\/strong><\/p>\n<ul>\n<li>L\u00e6g den udpakkede blok i en spand.<\/li>\n<li>Tils\u00e6t 4 liter almindeligt vand.<\/li>\n<li>Lad blokken absorbere vandet i 30 til 60 minutter. Du kan endda tilf\u00f8je 1 eller 2 skeer NutrAza, den naturlige g\u00f8dning, der modst\u00e5r skadedyr. <\/li>\n<li>En blok p\u00e5 650 gram med 4 liter vand kan producere en jord p\u00e5 10-12 liter plantemateriale.<\/li>\n<li>H\u00e6ld overskydende vand p\u00e5 efter absorptionsprocessen.<\/li>\n<\/ul>\n<p><strong>Brug<\/strong><\/p>\n<ul>\n<li>Perfekt til dyrkning af planter og fr\u00f8planter eller til at blande med dit plantemedie.<\/li>\n<li>Frav\u00e6ret af skimmel og den ensartede fugtighed g\u00f8r den perfekt til fr\u00f8planter, dyrkning af krydderurter, gr\u00f8ntsager, prydplanter og eksotiske planter.<\/li>\n<\/ul>\n<p><strong>Karakteristika<\/strong><\/p>\n<ul>\n<li>100 % naturligt produkt, biologisk nedbrydeligt. Nedbrydningsproces p\u00e5 5 \u00e5r. <\/li>\n<li>Minimerer transplantationschok hos kimplanterne.<\/li>\n<li>Ingen problemer med ukrudt<\/li>\n<li>CocoBricks holder p\u00e5 vandet og frigiver det til planterne, n\u00e5r det er n\u00f8dvendigt. Det bl\u00f8dg\u00f8r jorden og giver en god beluftning af r\u00f8dderne, hvilket letter optagelsen af n\u00e6ringsstoffer. Dette f\u00f8rer til h\u00e6rdning af st\u00e6ngler og r\u00f8dder.  <\/li>\n<li>Da det h\u00e6mmer skimmelv\u00e6kst, er det velegnet til dyrkning af eksotiske planter uden tilskud.<\/li>\n<\/ul>\n","protected":false},"excerpt":{"rendered":"<div>\n<p class=\"ai-optimize-introduction ai-optimize-25\"><strong>Plantesubstrat og jordforbedringsmiddel<\/strong><br \/>\nOplev fordelene ved Coco Brick, et alsidigt substrat, der er perfekt til en \u00f8kologisk m\u00e5de at dyrke have p\u00e5. Coco Brick er et b\u00e6redygtigt valg, der forbedrer plantelivet. <\/p>\n<\/div>\n","protected":false},"featured_media":11740,"comment_status":"open","ping_status":"closed","template":"","meta":[],"product_brand":[],"product_cat":[612],"product_tag":[],"class_list":{"0":"post-9377","1":"product","2":"type-product","3":"status-publish","4":"has-post-thumbnail","6":"product_cat-kokosprodukter-da","7":"product_shipping_class-06-kg-da","8":"pa_packing-5-kg-70-litres-da","9":"pa_packing-650-g-11-litres-da","11":"first","12":"instock","13":"sale","14":"featured","15":"shipping-taxable","16":"purchasable","17":"product-type-variable"},"yoast_head":"<!-- This site is optimized with the Yoast SEO Premium plugin v27.1 (Yoast SEO v27.2) - https:\/\/yoast.com\/product\/yoast-seo-premium-wordpress\/ -->\n<title>Coco Brick: Letv\u00e6gts plantesubstrat til urban gardening - NatureNeem e-Shop<\/title>\n<meta name=\"description\" content=\"Forvandl dit havearbejde med Coco Brick, et komprimeret substrat, der skaber 12 liter plantemateriale! Perfekt til urbant havearbejde. \ud83c\udf31\" \/>\n<meta name=\"robots\" content=\"index, follow, max-snippet:-1, max-image-preview:large, max-video-preview:-1\" \/>\n<link rel=\"canonical\" href=\"https:\/\/shop.natureneem.com\/da\/e-shop\/coco-mursten\/\" \/>\n<meta property=\"og:locale\" content=\"da_DK\" \/>\n<meta property=\"og:type\" content=\"article\" \/>\n<meta property=\"og:title\" content=\"CocoBrick\" \/>\n<meta property=\"og:description\" content=\"Forvandl dit havearbejde med Coco Brick, et komprimeret substrat, der skaber 12 liter plantemateriale! Perfekt til urbant havearbejde. \ud83c\udf31\" \/>\n<meta property=\"og:url\" content=\"https:\/\/shop.natureneem.com\/da\/e-shop\/coco-mursten\/\" \/>\n<meta property=\"og:site_name\" content=\"NatureNeem e-Shop\" \/>\n<meta property=\"article:publisher\" content=\"https:\/\/www.facebook.com\/natureneemindia\/\" \/>\n<meta property=\"article:modified_time\" content=\"2025-06-13T05:51:26+00:00\" \/>\n<meta property=\"og:image\" content=\"https:\/\/shop.natureneem.com\/wp-content\/uploads\/2021\/05\/2025-05-26-NN_COCO-BRICK-WEB-01-11.jpg\" \/>\n\t<meta property=\"og:image:width\" content=\"2400\" \/>\n\t<meta property=\"og:image:height\" content=\"2400\" \/>\n\t<meta property=\"og:image:type\" content=\"image\/jpeg\" \/>\n<meta name=\"twitter:card\" content=\"summary_large_image\" \/>\n<meta name=\"twitter:site\" content=\"@natureneem\" \/>\n<meta name=\"twitter:label1\" content=\"Tilg\u00e6ngelighed\" \/>\n\t<meta name=\"twitter:data1\" content=\"P\u00e5 lager\" \/>\n<script type=\"application\/ld+json\" class=\"yoast-schema-graph\">{\"@context\":\"https:\/\/schema.org\",\"@graph\":[{\"@type\":\"WebPage\",\"@id\":\"https:\/\/shop.natureneem.com\/da\/e-shop\/coco-mursten\/\",\"url\":\"https:\/\/shop.natureneem.com\/da\/e-shop\/coco-mursten\/\",\"name\":\"Coco Brick: Letv\u00e6gts plantesubstrat til urban gardening - NatureNeem e-Shop\",\"isPartOf\":{\"@id\":\"https:\/\/shop.natureneem.com\/da\/#website\"},\"primaryImageOfPage\":{\"@id\":\"https:\/\/shop.natureneem.com\/da\/e-shop\/coco-mursten\/#primaryimage\"},\"image\":{\"@id\":\"https:\/\/shop.natureneem.com\/da\/e-shop\/coco-mursten\/#primaryimage\"},\"thumbnailUrl\":\"https:\/\/shop.natureneem.com\/wp-content\/uploads\/2021\/05\/2025-05-26-NN_COCO-BRICK-WEB-01-11.jpg\",\"datePublished\":\"2021-05-07T09:11:23+00:00\",\"dateModified\":\"2025-06-13T05:51:26+00:00\",\"description\":\"Forvandl dit havearbejde med Coco Brick, et komprimeret substrat, der skaber 12 liter plantemateriale! Perfekt til urbant havearbejde. \ud83c\udf31\",\"breadcrumb\":{\"@id\":\"https:\/\/shop.natureneem.com\/da\/e-shop\/coco-mursten\/#breadcrumb\"},\"inLanguage\":\"da-DK\",\"potentialAction\":[{\"@type\":\"ReadAction\",\"target\":[\"https:\/\/shop.natureneem.com\/da\/e-shop\/coco-mursten\/\"]}]},{\"@type\":\"ImageObject\",\"inLanguage\":\"da-DK\",\"@id\":\"https:\/\/shop.natureneem.com\/da\/e-shop\/coco-mursten\/#primaryimage\",\"url\":\"https:\/\/shop.natureneem.com\/wp-content\/uploads\/2021\/05\/2025-05-26-NN_COCO-BRICK-WEB-01-11.jpg\",\"contentUrl\":\"https:\/\/shop.natureneem.com\/wp-content\/uploads\/2021\/05\/2025-05-26-NN_COCO-BRICK-WEB-01-11.jpg\",\"width\":2400,\"height\":2400,\"caption\":\"Blokke af kokosmarv\"},{\"@type\":\"BreadcrumbList\",\"@id\":\"https:\/\/shop.natureneem.com\/da\/e-shop\/coco-mursten\/#breadcrumb\",\"itemListElement\":[{\"@type\":\"ListItem\",\"position\":1,\"name\":\"Home\",\"item\":\"https:\/\/shop.natureneem.com\/da\/hjem\/\"},{\"@type\":\"ListItem\",\"position\":2,\"name\":\"e-butik\",\"item\":\"https:\/\/shop.natureneem.com\/da\/e-butik\/\"},{\"@type\":\"ListItem\",\"position\":3,\"name\":\"CocoBrick\"}]},{\"@type\":\"WebSite\",\"@id\":\"https:\/\/shop.natureneem.com\/da\/#website\",\"url\":\"https:\/\/shop.natureneem.com\/da\/\",\"name\":\"NatureNeem e-Shop\",\"description\":\"Official Shop from Nature Neem\",\"publisher\":{\"@id\":\"https:\/\/shop.natureneem.com\/da\/#organization\"},\"alternateName\":\"Nature Neem\",\"potentialAction\":[{\"@type\":\"SearchAction\",\"target\":{\"@type\":\"EntryPoint\",\"urlTemplate\":\"https:\/\/shop.natureneem.com\/da\/?s={search_term_string}\"},\"query-input\":{\"@type\":\"PropertyValueSpecification\",\"valueRequired\":true,\"valueName\":\"search_term_string\"}}],\"inLanguage\":\"da-DK\"},{\"@type\":\"Organization\",\"@id\":\"https:\/\/shop.natureneem.com\/da\/#organization\",\"name\":\"Nature Neem\",\"alternateName\":\"Lorsun SAS\",\"url\":\"https:\/\/shop.natureneem.com\/da\/\",\"logo\":{\"@type\":\"ImageObject\",\"inLanguage\":\"da-DK\",\"@id\":\"https:\/\/shop.natureneem.com\/da\/#\/schema\/logo\/image\/\",\"url\":\"https:\/\/shop.natureneem.com\/wp-content\/uploads\/2024\/09\/nn-logo-symbole-2024-01.svg\",\"contentUrl\":\"https:\/\/shop.natureneem.com\/wp-content\/uploads\/2024\/09\/nn-logo-symbole-2024-01.svg\",\"width\":1,\"height\":1,\"caption\":\"Nature Neem\"},\"image\":{\"@id\":\"https:\/\/shop.natureneem.com\/da\/#\/schema\/logo\/image\/\"},\"sameAs\":[\"https:\/\/www.facebook.com\/natureneemindia\/\",\"https:\/\/x.com\/natureneem\",\"https:\/\/www.youtube.com\/user\/natureneem\",\"https:\/\/www.linkedin.com\/company\/natureneem\"],\"description\":\"Vi besk\u00e6ftiger os med udvikling og kommercialisering af \u00f8kologiske l\u00f8sninger. Vi forts\u00e6tter med at opfinde disse naturlige alternative l\u00f8sninger, som effektivt kan erstatte de kemisk fremstillede produkter, der skader vores milj\u00f8. Vores team er s\u00e6rligt kompetent til at foresl\u00e5 \u00f8kologiske landbrugsinput. Vi fungerer ogs\u00e5 som en sammenslutning af ligesindede, der tror p\u00e5, at naturen er l\u00f8sningen p\u00e5 alle de milj\u00f8problemer, som mennesker st\u00e5r over for.   \",\"email\":\"info@natureneem.com\",\"telephone\":\"+91 77084 00899\",\"legalName\":\"NATURE NEEM PRODUCTS\",\"vatID\":\"FR08891657884\",\"numberOfEmployees\":{\"@type\":\"QuantitativeValue\",\"minValue\":\"51\",\"maxValue\":\"200\"},\"publishingPrinciples\":\"https:\/\/shop.natureneem.com\/\",\"actionableFeedbackPolicy\":\"https:\/\/shop.natureneem.com\/return-and-refund-policy\/\",\"hasMerchantReturnPolicy\":{\"@type\":\"MerchantReturnPolicy\",\"merchantReturnLink\":\"https:\/\/shop.natureneem.com\/return-and-refund-policy\/\"}}]}<\/script>\n<meta property=\"og:availability\" content=\"instock\" \/>\n<meta property=\"product:availability\" content=\"instock\" \/>\n<meta property=\"product:retailer_item_id\" content=\"NN-GP-CB\" \/>\n<meta property=\"product:condition\" content=\"new\" \/>\n<!-- \/ Yoast SEO Premium plugin. -->","yoast_head_json":{"title":"Coco Brick: Letv\u00e6gts plantesubstrat til urban gardening - NatureNeem e-Shop","description":"Forvandl dit havearbejde med Coco Brick, et komprimeret substrat, der skaber 12 liter plantemateriale! Perfekt til urbant havearbejde. \ud83c\udf31","robots":{"index":"index","follow":"follow","max-snippet":"max-snippet:-1","max-image-preview":"max-image-preview:large","max-video-preview":"max-video-preview:-1"},"canonical":"https:\/\/shop.natureneem.com\/da\/e-shop\/coco-mursten\/","og_locale":"da_DK","og_type":"article","og_title":"CocoBrick","og_description":"Forvandl dit havearbejde med Coco Brick, et komprimeret substrat, der skaber 12 liter plantemateriale! Perfekt til urbant havearbejde. \ud83c\udf31","og_url":"https:\/\/shop.natureneem.com\/da\/e-shop\/coco-mursten\/","og_site_name":"NatureNeem e-Shop","article_publisher":"https:\/\/www.facebook.com\/natureneemindia\/","article_modified_time":"2025-06-13T05:51:26+00:00","og_image":[{"width":2400,"height":2400,"url":"https:\/\/shop.natureneem.com\/wp-content\/uploads\/2021\/05\/2025-05-26-NN_COCO-BRICK-WEB-01-11.jpg","type":"image\/jpeg"}],"twitter_card":"summary_large_image","twitter_site":"@natureneem","twitter_misc":{"Tilg\u00e6ngelighed":"P\u00e5 lager"},"schema":{"@context":"https:\/\/schema.org","@graph":[{"@type":"WebPage","@id":"https:\/\/shop.natureneem.com\/da\/e-shop\/coco-mursten\/","url":"https:\/\/shop.natureneem.com\/da\/e-shop\/coco-mursten\/","name":"Coco Brick: Letv\u00e6gts plantesubstrat til urban gardening - NatureNeem e-Shop","isPartOf":{"@id":"https:\/\/shop.natureneem.com\/da\/#website"},"primaryImageOfPage":{"@id":"https:\/\/shop.natureneem.com\/da\/e-shop\/coco-mursten\/#primaryimage"},"image":{"@id":"https:\/\/shop.natureneem.com\/da\/e-shop\/coco-mursten\/#primaryimage"},"thumbnailUrl":"https:\/\/shop.natureneem.com\/wp-content\/uploads\/2021\/05\/2025-05-26-NN_COCO-BRICK-WEB-01-11.jpg","datePublished":"2021-05-07T09:11:23+00:00","dateModified":"2025-06-13T05:51:26+00:00","description":"Forvandl dit havearbejde med Coco Brick, et komprimeret substrat, der skaber 12 liter plantemateriale! Perfekt til urbant havearbejde. \ud83c\udf31","breadcrumb":{"@id":"https:\/\/shop.natureneem.com\/da\/e-shop\/coco-mursten\/#breadcrumb"},"inLanguage":"da-DK","potentialAction":[{"@type":"ReadAction","target":["https:\/\/shop.natureneem.com\/da\/e-shop\/coco-mursten\/"]}]},{"@type":"ImageObject","inLanguage":"da-DK","@id":"https:\/\/shop.natureneem.com\/da\/e-shop\/coco-mursten\/#primaryimage","url":"https:\/\/shop.natureneem.com\/wp-content\/uploads\/2021\/05\/2025-05-26-NN_COCO-BRICK-WEB-01-11.jpg","contentUrl":"https:\/\/shop.natureneem.com\/wp-content\/uploads\/2021\/05\/2025-05-26-NN_COCO-BRICK-WEB-01-11.jpg","width":2400,"height":2400,"caption":"Blokke af kokosmarv"},{"@type":"BreadcrumbList","@id":"https:\/\/shop.natureneem.com\/da\/e-shop\/coco-mursten\/#breadcrumb","itemListElement":[{"@type":"ListItem","position":1,"name":"Home","item":"https:\/\/shop.natureneem.com\/da\/hjem\/"},{"@type":"ListItem","position":2,"name":"e-butik","item":"https:\/\/shop.natureneem.com\/da\/e-butik\/"},{"@type":"ListItem","position":3,"name":"CocoBrick"}]},{"@type":"WebSite","@id":"https:\/\/shop.natureneem.com\/da\/#website","url":"https:\/\/shop.natureneem.com\/da\/","name":"NatureNeem e-Shop","description":"Official Shop from Nature Neem","publisher":{"@id":"https:\/\/shop.natureneem.com\/da\/#organization"},"alternateName":"Nature Neem","potentialAction":[{"@type":"SearchAction","target":{"@type":"EntryPoint","urlTemplate":"https:\/\/shop.natureneem.com\/da\/?s={search_term_string}"},"query-input":{"@type":"PropertyValueSpecification","valueRequired":true,"valueName":"search_term_string"}}],"inLanguage":"da-DK"},{"@type":"Organization","@id":"https:\/\/shop.natureneem.com\/da\/#organization","name":"Nature Neem","alternateName":"Lorsun SAS","url":"https:\/\/shop.natureneem.com\/da\/","logo":{"@type":"ImageObject","inLanguage":"da-DK","@id":"https:\/\/shop.natureneem.com\/da\/#\/schema\/logo\/image\/","url":"https:\/\/shop.natureneem.com\/wp-content\/uploads\/2024\/09\/nn-logo-symbole-2024-01.svg","contentUrl":"https:\/\/shop.natureneem.com\/wp-content\/uploads\/2024\/09\/nn-logo-symbole-2024-01.svg","width":1,"height":1,"caption":"Nature Neem"},"image":{"@id":"https:\/\/shop.natureneem.com\/da\/#\/schema\/logo\/image\/"},"sameAs":["https:\/\/www.facebook.com\/natureneemindia\/","https:\/\/x.com\/natureneem","https:\/\/www.youtube.com\/user\/natureneem","https:\/\/www.linkedin.com\/company\/natureneem"],"description":"Vi besk\u00e6ftiger os med udvikling og kommercialisering af \u00f8kologiske l\u00f8sninger. Vi forts\u00e6tter med at opfinde disse naturlige alternative l\u00f8sninger, som effektivt kan erstatte de kemisk fremstillede produkter, der skader vores milj\u00f8. Vores team er s\u00e6rligt kompetent til at foresl\u00e5 \u00f8kologiske landbrugsinput. Vi fungerer ogs\u00e5 som en sammenslutning af ligesindede, der tror p\u00e5, at naturen er l\u00f8sningen p\u00e5 alle de milj\u00f8problemer, som mennesker st\u00e5r over for.   ","email":"info@natureneem.com","telephone":"+91 77084 00899","legalName":"NATURE NEEM PRODUCTS","vatID":"FR08891657884","numberOfEmployees":{"@type":"QuantitativeValue","minValue":"51","maxValue":"200"},"publishingPrinciples":"https:\/\/shop.natureneem.com\/","actionableFeedbackPolicy":"https:\/\/shop.natureneem.com\/return-and-refund-policy\/","hasMerchantReturnPolicy":{"@type":"MerchantReturnPolicy","merchantReturnLink":"https:\/\/shop.natureneem.com\/return-and-refund-policy\/"}}]},"og_availability":"instock","product_availability":"instock","product_retailer_item_id":"NN-GP-CB","product_condition":"new"},"_links":{"self":[{"href":"https:\/\/shop.natureneem.com\/da\/wp-json\/wp\/v2\/product\/9377","targetHints":{"allow":["GET"]}}],"collection":[{"href":"https:\/\/shop.natureneem.com\/da\/wp-json\/wp\/v2\/product"}],"about":[{"href":"https:\/\/shop.natureneem.com\/da\/wp-json\/wp\/v2\/types\/product"}],"replies":[{"embeddable":true,"href":"https:\/\/shop.natureneem.com\/da\/wp-json\/wp\/v2\/comments?post=9377"}],"wp:featuredmedia":[{"embeddable":true,"href":"https:\/\/shop.natureneem.com\/da\/wp-json\/wp\/v2\/media\/11740"}],"wp:attachment":[{"href":"https:\/\/shop.natureneem.com\/da\/wp-json\/wp\/v2\/media?parent=9377"}],"wp:term":[{"taxonomy":"product_brand","embeddable":true,"href":"https:\/\/shop.natureneem.com\/da\/wp-json\/wp\/v2\/product_brand?post=9377"},{"taxonomy":"product_cat","embeddable":true,"href":"https:\/\/shop.natureneem.com\/da\/wp-json\/wp\/v2\/product_cat?post=9377"},{"taxonomy":"product_tag","embeddable":true,"href":"https:\/\/shop.natureneem.com\/da\/wp-json\/wp\/v2\/product_tag?post=9377"}],"curies":[{"name":"wp","href":"https:\/\/api.w.org\/{rel}","templated":true}]}}