{"id":9379,"date":"2021-05-15T12:16:27","date_gmt":"2021-05-15T10:16:27","guid":{"rendered":"https:\/\/shop.natureneem.com\/e-shop\/naturecoco\/"},"modified":"2025-09-18T15:48:56","modified_gmt":"2025-09-18T13:48:56","slug":"naturecoco","status":"publish","type":"product","link":"https:\/\/shop.natureneem.com\/da\/e-shop\/naturecoco\/","title":{"rendered":"NatureCoco"},"content":{"rendered":"<div>\n<h3>\u00d8kologisk jomfru kokosolie<\/h3>\n<\/div>\n<div><strong>Brugsanvisning for Nature Coco<\/strong><br \/>\nAlsidig madolie og et sundere alternativ til traditionelt madfedt.<br \/>\nAnvendes ogs\u00e5 til h\u00e5r, l\u00e6ber og hud som fugtighedscreme.<br \/>\nIngen spor af pesticider, tungmetaller eller OGM.<br \/>\nNatureCoco \u00f8kologisk jomfruolie<br \/>\nDer anvendes ikke varme, blegemidler eller konserveringsmidler for at forbedre dens farve og holdbarhed.<br \/>\nKan opbevares i op til 2 \u00e5r i k\u00f8leskabet, men n\u00e5r den er \u00e5bnet, skal den bruges inden for 6 m\u00e5neder.<\/div>\n<div><\/div>\n<div><strong>Sikkerhedsinformation<\/strong><br \/>\nIndeholder ingen proteiner. Kontaktallergisk dermatitis kan forekomme i ekstremt sj\u00e6ldne tilf\u00e6lde.<br \/>\nPakning i BPA-fri PEG-genanvendelige flasker. <\/div>\n<div><\/div>\n<div><strong>Sammens\u00e6tning<\/strong><\/div>\n<ul>\n<li>Indeholder 100 % f\u00f8rsteklasses koldpresset kokosolie (kopra).<\/li>\n<li>Gennemsnitligt n\u00e6ringsindhold for 100 g.<\/li>\n<li>Energi: 898 kcal.<\/li>\n<li>Fedtstoffer: 99 g, heraf m\u00e6ttede fedtsyrer: 93 g.<\/li>\n<li>Glukider\/proteiner\/salte: 0 g<\/li>\n<li><strong>500 ml<\/strong><\/li>\n<\/ul>\n<p>Anvendes inden for 6 m\u00e5neder efter \u00e5bning af flasken. Kan opbevares i op til 2 \u00e5r i k\u00f8leskab.<br \/>\nOpbevares p\u00e5 et k\u00f8ligt, t\u00f8rt sted v\u00e6k fra sollys. <\/p>\n<ul class=\"uk-list uk-list-bullet uk-scrollspy-inview \" uk-scrollspy-class=\"\">\n<li class=\"el-item\">\n<div class=\"el-content uk-panel\">\n<p>\u00c6gte kokosolie udvindes af naturligt t\u00f8rret, moden kokosn\u00f8d COPRA.<\/p>\n<\/div>\n<\/li>\n<li class=\"el-item\">\n<div class=\"el-content uk-panel\">\n<p>Olien udvindes ved hj\u00e6lp af den traditionelle koldpressede metode med tr\u00e6kv\u00e6rne.<\/p>\n<\/div>\n<\/li>\n<li class=\"el-item\">\n<div class=\"el-content uk-panel\">\n<p>De magiske ingredienser i kokosn\u00f8dden og dens oprindelige smag er bevaret.<\/p>\n<\/div>\n<\/li>\n<li class=\"el-item\">\n<div class=\"el-content uk-panel\">\n<p>Der er ikke tilsat konserveringsmidler for at forl\u00e6nge holdbarheden eller foretaget blegning for kunstigt at forbedre kvaliteten.<\/p>\n<\/div>\n<\/li>\n<li class=\"el-item\">\n<div class=\"el-content uk-panel\">\n<p>F\u00f8devaregodkendt olie, der ikke indeholder spor af pesticider, tungmetaller eller OGM.<\/p>\n<\/div>\n<\/li>\n<li class=\"el-item\">\n<div class=\"el-content uk-panel\">\n<p>Anvendelser: kosmetik &#8211; fugtighedscreme, massage. Madlavning &#8211; et sundere alternativ til traditionelle madlavningsfedtstoffer. <\/p>\n<\/div>\n<\/li>\n<\/ul>\n<div class=\"tm-grid-expand uk-child-width-1-1 uk-grid-margin uk-grid uk-grid-stack\" uk-grid=\"\">\n<div class=\"uk-width-1-1@m uk-first-column\"><\/div>\n<\/div>\n<div class=\"tm-grid-expand uk-margin uk-grid\" uk-grid=\"\" uk-height-match=\"target: .uk-card\">\n<div class=\"uk-width-1-2@s uk-first-column\">\n<div class=\"uk-card uk-card-secondary uk-card-body uk-margin-remove-first-child uk-margin\">\n<h4 class=\"el-title uk-heading-small uk-margin-top uk-margin-remove-bottom\">Kosmetik<\/h4>\n<div class=\"el-content uk-panel uk-text-lead uk-column-1-2@m uk-margin-top\">Anvendes p\u00e5 h\u00e5r, l\u00e6ber og hud som fugtighedscreme. Sa\u00efd for at \u00f8ge h\u00e5rv\u00e6ksten. Bedste olie til massage. Kan anvendes til at berolige og helbrede allergisk hud. Anvendes som makeupfjerner.    <\/div>\n<\/div>\n<\/div>\n<div class=\"uk-width-1-2@s\">\n<div class=\"uk-card uk-card-primary uk-card-body uk-margin-remove-first-child uk-margin\">\n<h4 class=\"el-title uk-heading-small uk-margin-top uk-margin-remove-bottom\">Madlavning<\/h4>\n<div class=\"el-content uk-panel uk-text-lead uk-column-1-2@m uk-margin-top\">En alsidig olie og et sundere alternativ til traditionelt madlavningsfedt. Kan bruges til dressinger, madlavning, stegning, bagning, saucer og marinader. Ideel til salater og kolde retter. Den uraffinerede koldpressede olie tilf\u00f8rer vores retter aroma og smag af kokosn\u00f8d.   <\/div>\n<\/div>\n<\/div>\n<\/div>\n<h3>F\u00e5 mere information om NatureCoco \u00f8kologisk jomfruolie<\/h3>\n<p><img loading=\"lazy\" decoding=\"async\" class=\"alignleft wp-image-416 size-thumbnail\" src=\"https:\/\/shop.natureneem.com\/wp-content\/uploads\/2021\/05\/nn_naturecoco_deco02-150x150.webp\" alt=\"NatureCoco af NatureNeem\" width=\"150\" height=\"150\"><\/p>\n<div><a class=\"uk-button uk-button-secondary uk-button-large\" href=\"https:\/\/natureneem.com\/en\/products\/naturecoco\" target=\"_blank\" rel=\"noopener noreferrer\">Klik her<\/a><\/div>\n<div><\/div>\n","protected":false},"excerpt":{"rendered":"<h3 class=\"ai-optimize-10\">\u00d8kologisk jomfru kokosn\u00f8ddeolie<\/h3>\n<p class=\"ai-optimize-11\">Ingen varme, ingen blegemidler, ingen konserveringsmidler<\/p>\n","protected":false},"featured_media":11915,"comment_status":"open","ping_status":"closed","template":"","meta":[],"product_brand":[],"product_cat":[612],"product_tag":[],"class_list":{"0":"post-9379","1":"product","2":"type-product","3":"status-publish","4":"has-post-thumbnail","6":"product_cat-kokosprodukter-da","7":"product_shipping_class-06-kg-da","9":"first","10":"instock","11":"sale","12":"shipping-taxable","13":"purchasable","14":"product-type-simple"},"yoast_head":"<!-- This site is optimized with the Yoast SEO Premium plugin v27.1 (Yoast SEO v27.2) - https:\/\/yoast.com\/product\/yoast-seo-premium-wordpress\/ -->\n<title>\u00d8kologisk jomfru kokosolie: Alsidig madlavningsolie og fugtighedscreme<\/title>\n<meta name=\"description\" content=\"Nyd den rene godhed i Nature Cocos \u00f8kologiske jomfrukokosolie. Ingen pesticider, tungmetaller eller OGM. Forbedr dit velv\u00e6re i dag!\" \/>\n<meta name=\"robots\" content=\"index, follow, max-snippet:-1, max-image-preview:large, max-video-preview:-1\" \/>\n<link rel=\"canonical\" href=\"https:\/\/shop.natureneem.com\/da\/e-shop\/naturecoco\/\" \/>\n<meta property=\"og:locale\" content=\"da_DK\" \/>\n<meta property=\"og:type\" content=\"article\" \/>\n<meta property=\"og:title\" content=\"NatureCoco\" \/>\n<meta property=\"og:description\" content=\"Nyd den rene godhed i Nature Cocos \u00f8kologiske jomfrukokosolie. Ingen pesticider, tungmetaller eller OGM. Forbedr dit velv\u00e6re i dag!\" \/>\n<meta property=\"og:url\" content=\"https:\/\/shop.natureneem.com\/da\/e-shop\/naturecoco\/\" \/>\n<meta property=\"og:site_name\" content=\"NatureNeem e-Shop\" \/>\n<meta property=\"article:publisher\" content=\"https:\/\/www.facebook.com\/natureneemindia\/\" \/>\n<meta property=\"article:modified_time\" content=\"2025-09-18T13:48:56+00:00\" \/>\n<meta property=\"og:image\" content=\"https:\/\/shop.natureneem.com\/wp-content\/uploads\/2021\/05\/NN-COCO-2025_01.jpg\" \/>\n\t<meta property=\"og:image:width\" content=\"800\" \/>\n\t<meta property=\"og:image:height\" content=\"800\" \/>\n\t<meta property=\"og:image:type\" content=\"image\/jpeg\" \/>\n<meta name=\"twitter:card\" content=\"summary_large_image\" \/>\n<meta name=\"twitter:site\" content=\"@natureneem\" \/>\n<meta name=\"twitter:label1\" content=\"Pris\" \/>\n\t<meta name=\"twitter:data1\" content=\"9,99&nbsp;&euro;\" \/>\n\t<meta name=\"twitter:label2\" content=\"Tilg\u00e6ngelighed\" \/>\n\t<meta name=\"twitter:data2\" content=\"P\u00e5 lager\" \/>\n<script type=\"application\/ld+json\" class=\"yoast-schema-graph\">{\"@context\":\"https:\/\/schema.org\",\"@graph\":[{\"@type\":\"WebPage\",\"@id\":\"https:\/\/shop.natureneem.com\/da\/e-shop\/naturecoco\/\",\"url\":\"https:\/\/shop.natureneem.com\/da\/e-shop\/naturecoco\/\",\"name\":\"\u00d8kologisk jomfru kokosolie: Alsidig madlavningsolie og fugtighedscreme\",\"isPartOf\":{\"@id\":\"https:\/\/shop.natureneem.com\/da\/#website\"},\"primaryImageOfPage\":{\"@id\":\"https:\/\/shop.natureneem.com\/da\/e-shop\/naturecoco\/#primaryimage\"},\"image\":{\"@id\":\"https:\/\/shop.natureneem.com\/da\/e-shop\/naturecoco\/#primaryimage\"},\"thumbnailUrl\":\"https:\/\/shop.natureneem.com\/wp-content\/uploads\/2021\/05\/NN-COCO-2025_01.jpg\",\"datePublished\":\"2021-05-15T10:16:27+00:00\",\"dateModified\":\"2025-09-18T13:48:56+00:00\",\"description\":\"Nyd den rene godhed i Nature Cocos \u00f8kologiske jomfrukokosolie. Ingen pesticider, tungmetaller eller OGM. Forbedr dit velv\u00e6re i dag!\",\"breadcrumb\":{\"@id\":\"https:\/\/shop.natureneem.com\/da\/e-shop\/naturecoco\/#breadcrumb\"},\"inLanguage\":\"da-DK\",\"potentialAction\":[{\"@type\":\"ReadAction\",\"target\":[\"https:\/\/shop.natureneem.com\/da\/e-shop\/naturecoco\/\"]}]},{\"@type\":\"ImageObject\",\"inLanguage\":\"da-DK\",\"@id\":\"https:\/\/shop.natureneem.com\/da\/e-shop\/naturecoco\/#primaryimage\",\"url\":\"https:\/\/shop.natureneem.com\/wp-content\/uploads\/2021\/05\/NN-COCO-2025_01.jpg\",\"contentUrl\":\"https:\/\/shop.natureneem.com\/wp-content\/uploads\/2021\/05\/NN-COCO-2025_01.jpg\",\"width\":800,\"height\":800},{\"@type\":\"BreadcrumbList\",\"@id\":\"https:\/\/shop.natureneem.com\/da\/e-shop\/naturecoco\/#breadcrumb\",\"itemListElement\":[{\"@type\":\"ListItem\",\"position\":1,\"name\":\"Home\",\"item\":\"https:\/\/shop.natureneem.com\/da\/hjem\/\"},{\"@type\":\"ListItem\",\"position\":2,\"name\":\"e-butik\",\"item\":\"https:\/\/shop.natureneem.com\/da\/e-butik\/\"},{\"@type\":\"ListItem\",\"position\":3,\"name\":\"NatureCoco\"}]},{\"@type\":\"WebSite\",\"@id\":\"https:\/\/shop.natureneem.com\/da\/#website\",\"url\":\"https:\/\/shop.natureneem.com\/da\/\",\"name\":\"NatureNeem e-Shop\",\"description\":\"Official Shop from Nature Neem\",\"publisher\":{\"@id\":\"https:\/\/shop.natureneem.com\/da\/#organization\"},\"alternateName\":\"Nature Neem\",\"potentialAction\":[{\"@type\":\"SearchAction\",\"target\":{\"@type\":\"EntryPoint\",\"urlTemplate\":\"https:\/\/shop.natureneem.com\/da\/?s={search_term_string}\"},\"query-input\":{\"@type\":\"PropertyValueSpecification\",\"valueRequired\":true,\"valueName\":\"search_term_string\"}}],\"inLanguage\":\"da-DK\"},{\"@type\":\"Organization\",\"@id\":\"https:\/\/shop.natureneem.com\/da\/#organization\",\"name\":\"Nature Neem\",\"alternateName\":\"Lorsun SAS\",\"url\":\"https:\/\/shop.natureneem.com\/da\/\",\"logo\":{\"@type\":\"ImageObject\",\"inLanguage\":\"da-DK\",\"@id\":\"https:\/\/shop.natureneem.com\/da\/#\/schema\/logo\/image\/\",\"url\":\"https:\/\/shop.natureneem.com\/wp-content\/uploads\/2024\/09\/nn-logo-symbole-2024-01.svg\",\"contentUrl\":\"https:\/\/shop.natureneem.com\/wp-content\/uploads\/2024\/09\/nn-logo-symbole-2024-01.svg\",\"width\":1,\"height\":1,\"caption\":\"Nature Neem\"},\"image\":{\"@id\":\"https:\/\/shop.natureneem.com\/da\/#\/schema\/logo\/image\/\"},\"sameAs\":[\"https:\/\/www.facebook.com\/natureneemindia\/\",\"https:\/\/x.com\/natureneem\",\"https:\/\/www.youtube.com\/user\/natureneem\",\"https:\/\/www.linkedin.com\/company\/natureneem\"],\"description\":\"Vi besk\u00e6ftiger os med udvikling og kommercialisering af \u00f8kologiske l\u00f8sninger. Vi forts\u00e6tter med at opfinde disse naturlige alternative l\u00f8sninger, som effektivt kan erstatte de kemisk fremstillede produkter, der skader vores milj\u00f8. Vores team er s\u00e6rligt kompetent til at foresl\u00e5 \u00f8kologiske landbrugsinput. Vi fungerer ogs\u00e5 som en sammenslutning af ligesindede, der tror p\u00e5, at naturen er l\u00f8sningen p\u00e5 alle de milj\u00f8problemer, som mennesker st\u00e5r over for.   \",\"email\":\"info@natureneem.com\",\"telephone\":\"+91 77084 00899\",\"legalName\":\"NATURE NEEM PRODUCTS\",\"vatID\":\"FR08891657884\",\"numberOfEmployees\":{\"@type\":\"QuantitativeValue\",\"minValue\":\"51\",\"maxValue\":\"200\"},\"publishingPrinciples\":\"https:\/\/shop.natureneem.com\/\",\"actionableFeedbackPolicy\":\"https:\/\/shop.natureneem.com\/return-and-refund-policy\/\",\"hasMerchantReturnPolicy\":{\"@type\":\"MerchantReturnPolicy\",\"merchantReturnLink\":\"https:\/\/shop.natureneem.com\/return-and-refund-policy\/\"}}]}<\/script>\n<meta property=\"product:price:amount\" content=\"9.99\" \/>\n<meta property=\"product:price:currency\" content=\"EUR\" \/>\n<meta property=\"og:availability\" content=\"instock\" \/>\n<meta property=\"product:availability\" content=\"instock\" \/>\n<meta property=\"product:retailer_item_id\" content=\"NN-CP-NC-500\" \/>\n<meta property=\"product:condition\" content=\"new\" \/>\n<!-- \/ Yoast SEO Premium plugin. -->","yoast_head_json":{"title":"\u00d8kologisk jomfru kokosolie: Alsidig madlavningsolie og fugtighedscreme","description":"Nyd den rene godhed i Nature Cocos \u00f8kologiske jomfrukokosolie. Ingen pesticider, tungmetaller eller OGM. Forbedr dit velv\u00e6re i dag!","robots":{"index":"index","follow":"follow","max-snippet":"max-snippet:-1","max-image-preview":"max-image-preview:large","max-video-preview":"max-video-preview:-1"},"canonical":"https:\/\/shop.natureneem.com\/da\/e-shop\/naturecoco\/","og_locale":"da_DK","og_type":"article","og_title":"NatureCoco","og_description":"Nyd den rene godhed i Nature Cocos \u00f8kologiske jomfrukokosolie. Ingen pesticider, tungmetaller eller OGM. Forbedr dit velv\u00e6re i dag!","og_url":"https:\/\/shop.natureneem.com\/da\/e-shop\/naturecoco\/","og_site_name":"NatureNeem e-Shop","article_publisher":"https:\/\/www.facebook.com\/natureneemindia\/","article_modified_time":"2025-09-18T13:48:56+00:00","og_image":[{"width":800,"height":800,"url":"https:\/\/shop.natureneem.com\/wp-content\/uploads\/2021\/05\/NN-COCO-2025_01.jpg","type":"image\/jpeg"}],"twitter_card":"summary_large_image","twitter_site":"@natureneem","twitter_misc":{"Pris":"9,99&nbsp;&euro;","Tilg\u00e6ngelighed":"P\u00e5 lager"},"schema":{"@context":"https:\/\/schema.org","@graph":[{"@type":"WebPage","@id":"https:\/\/shop.natureneem.com\/da\/e-shop\/naturecoco\/","url":"https:\/\/shop.natureneem.com\/da\/e-shop\/naturecoco\/","name":"\u00d8kologisk jomfru kokosolie: Alsidig madlavningsolie og fugtighedscreme","isPartOf":{"@id":"https:\/\/shop.natureneem.com\/da\/#website"},"primaryImageOfPage":{"@id":"https:\/\/shop.natureneem.com\/da\/e-shop\/naturecoco\/#primaryimage"},"image":{"@id":"https:\/\/shop.natureneem.com\/da\/e-shop\/naturecoco\/#primaryimage"},"thumbnailUrl":"https:\/\/shop.natureneem.com\/wp-content\/uploads\/2021\/05\/NN-COCO-2025_01.jpg","datePublished":"2021-05-15T10:16:27+00:00","dateModified":"2025-09-18T13:48:56+00:00","description":"Nyd den rene godhed i Nature Cocos \u00f8kologiske jomfrukokosolie. Ingen pesticider, tungmetaller eller OGM. Forbedr dit velv\u00e6re i dag!","breadcrumb":{"@id":"https:\/\/shop.natureneem.com\/da\/e-shop\/naturecoco\/#breadcrumb"},"inLanguage":"da-DK","potentialAction":[{"@type":"ReadAction","target":["https:\/\/shop.natureneem.com\/da\/e-shop\/naturecoco\/"]}]},{"@type":"ImageObject","inLanguage":"da-DK","@id":"https:\/\/shop.natureneem.com\/da\/e-shop\/naturecoco\/#primaryimage","url":"https:\/\/shop.natureneem.com\/wp-content\/uploads\/2021\/05\/NN-COCO-2025_01.jpg","contentUrl":"https:\/\/shop.natureneem.com\/wp-content\/uploads\/2021\/05\/NN-COCO-2025_01.jpg","width":800,"height":800},{"@type":"BreadcrumbList","@id":"https:\/\/shop.natureneem.com\/da\/e-shop\/naturecoco\/#breadcrumb","itemListElement":[{"@type":"ListItem","position":1,"name":"Home","item":"https:\/\/shop.natureneem.com\/da\/hjem\/"},{"@type":"ListItem","position":2,"name":"e-butik","item":"https:\/\/shop.natureneem.com\/da\/e-butik\/"},{"@type":"ListItem","position":3,"name":"NatureCoco"}]},{"@type":"WebSite","@id":"https:\/\/shop.natureneem.com\/da\/#website","url":"https:\/\/shop.natureneem.com\/da\/","name":"NatureNeem e-Shop","description":"Official Shop from Nature Neem","publisher":{"@id":"https:\/\/shop.natureneem.com\/da\/#organization"},"alternateName":"Nature Neem","potentialAction":[{"@type":"SearchAction","target":{"@type":"EntryPoint","urlTemplate":"https:\/\/shop.natureneem.com\/da\/?s={search_term_string}"},"query-input":{"@type":"PropertyValueSpecification","valueRequired":true,"valueName":"search_term_string"}}],"inLanguage":"da-DK"},{"@type":"Organization","@id":"https:\/\/shop.natureneem.com\/da\/#organization","name":"Nature Neem","alternateName":"Lorsun SAS","url":"https:\/\/shop.natureneem.com\/da\/","logo":{"@type":"ImageObject","inLanguage":"da-DK","@id":"https:\/\/shop.natureneem.com\/da\/#\/schema\/logo\/image\/","url":"https:\/\/shop.natureneem.com\/wp-content\/uploads\/2024\/09\/nn-logo-symbole-2024-01.svg","contentUrl":"https:\/\/shop.natureneem.com\/wp-content\/uploads\/2024\/09\/nn-logo-symbole-2024-01.svg","width":1,"height":1,"caption":"Nature Neem"},"image":{"@id":"https:\/\/shop.natureneem.com\/da\/#\/schema\/logo\/image\/"},"sameAs":["https:\/\/www.facebook.com\/natureneemindia\/","https:\/\/x.com\/natureneem","https:\/\/www.youtube.com\/user\/natureneem","https:\/\/www.linkedin.com\/company\/natureneem"],"description":"Vi besk\u00e6ftiger os med udvikling og kommercialisering af \u00f8kologiske l\u00f8sninger. Vi forts\u00e6tter med at opfinde disse naturlige alternative l\u00f8sninger, som effektivt kan erstatte de kemisk fremstillede produkter, der skader vores milj\u00f8. Vores team er s\u00e6rligt kompetent til at foresl\u00e5 \u00f8kologiske landbrugsinput. Vi fungerer ogs\u00e5 som en sammenslutning af ligesindede, der tror p\u00e5, at naturen er l\u00f8sningen p\u00e5 alle de milj\u00f8problemer, som mennesker st\u00e5r over for.   ","email":"info@natureneem.com","telephone":"+91 77084 00899","legalName":"NATURE NEEM PRODUCTS","vatID":"FR08891657884","numberOfEmployees":{"@type":"QuantitativeValue","minValue":"51","maxValue":"200"},"publishingPrinciples":"https:\/\/shop.natureneem.com\/","actionableFeedbackPolicy":"https:\/\/shop.natureneem.com\/return-and-refund-policy\/","hasMerchantReturnPolicy":{"@type":"MerchantReturnPolicy","merchantReturnLink":"https:\/\/shop.natureneem.com\/return-and-refund-policy\/"}}]},"product_price_amount":"9.99","product_price_currency":"EUR","og_availability":"instock","product_availability":"instock","product_retailer_item_id":"NN-CP-NC-500","product_condition":"new"},"_links":{"self":[{"href":"https:\/\/shop.natureneem.com\/da\/wp-json\/wp\/v2\/product\/9379","targetHints":{"allow":["GET"]}}],"collection":[{"href":"https:\/\/shop.natureneem.com\/da\/wp-json\/wp\/v2\/product"}],"about":[{"href":"https:\/\/shop.natureneem.com\/da\/wp-json\/wp\/v2\/types\/product"}],"replies":[{"embeddable":true,"href":"https:\/\/shop.natureneem.com\/da\/wp-json\/wp\/v2\/comments?post=9379"}],"wp:featuredmedia":[{"embeddable":true,"href":"https:\/\/shop.natureneem.com\/da\/wp-json\/wp\/v2\/media\/11915"}],"wp:attachment":[{"href":"https:\/\/shop.natureneem.com\/da\/wp-json\/wp\/v2\/media?parent=9379"}],"wp:term":[{"taxonomy":"product_brand","embeddable":true,"href":"https:\/\/shop.natureneem.com\/da\/wp-json\/wp\/v2\/product_brand?post=9379"},{"taxonomy":"product_cat","embeddable":true,"href":"https:\/\/shop.natureneem.com\/da\/wp-json\/wp\/v2\/product_cat?post=9379"},{"taxonomy":"product_tag","embeddable":true,"href":"https:\/\/shop.natureneem.com\/da\/wp-json\/wp\/v2\/product_tag?post=9379"}],"curies":[{"name":"wp","href":"https:\/\/api.w.org\/{rel}","templated":true}]}}