{"id":9382,"date":"2023-05-06T17:02:45","date_gmt":"2023-05-06T15:02:45","guid":{"rendered":"https:\/\/shop.natureneem.com\/e-shop\/nutraza\/"},"modified":"2025-06-13T07:51:12","modified_gmt":"2025-06-13T05:51:12","slug":"nutraza","status":"publish","type":"product","link":"https:\/\/shop.natureneem.com\/da\/e-shop\/nutraza\/","title":{"rendered":"NutrAza"},"content":{"rendered":"<h3><strong>Neemfr\u00f8kage i pilleform &#8211; bedste organiske g\u00f8dning, jordbeskyttelsesmiddel og naturlige nematicider.<\/strong><\/h3>\n<h4><strong>Dosering<\/strong><\/h4>\n<ul>\n<li>Pottemuld: 30 g \/ kg jord. Op til 250 g for st\u00f8rre potter. D\u00e6k med barkflis.<br \/>\n<a href=\"https:\/\/www.youtube.com\/watch?v=yjb7McnAWbg\" target=\"_blank\" rel=\"noopener\">Pottevideo med NutrAza<\/a><\/li>\n<li>Planteskoler, k\u00f8kkenhave: 100 g\/kvadratmeter. 500-1000 g for en grund p\u00e5 10-15 kvadratmeter.   <\/li>\n<li>Tr\u00e6er og buske: 100-500 g baseret p\u00e5 plantens st\u00f8rrelse.<br \/>\nAnvendelse af NutrAza p\u00e5 frugttr\u00e6er. <a href=\"https:\/\/www.youtube.com\/watch?v=IKq8JdvQV0k\" target=\"_blank\" rel=\"noopener\">Video1<\/a> <a href=\"https:\/\/www.youtube.com\/watch?v=oZCcpArD4fs\" target=\"_blank\" rel=\"noopener\">Video2<\/a><\/li>\n<li>Markafgr\u00f8der: 1000-2000 kg pr. hektar baseret p\u00e5 jordens frugtbarhed og nematodeforekomst.<\/li>\n<\/ul>\n<h4><strong>Berig og beskyt din jord med organisk NutrAza. En g\u00f8dning med langsom frigivelse, der ikke udvaskes gennem vand.<br \/>\n<\/strong><\/h4>\n<p>NutrAza er en s\u00e6rlig formulering af neem-fr\u00f8kage, der bevarer de vigtigste n\u00e6ringsstoffer s\u00e5 l\u00e6nge som muligt. Den pelleterede form \u00f8ger opbevaringsevnen i mere end 2 \u00e5r, men neem-fr\u00f8kage eller -pulver bliver forringet, hvis det opbevares i mere end 6 m\u00e5neder. NutrAza-pellets muligg\u00f8r basal jordp\u00e5f\u00f8ring eller topdressing ved hj\u00e6lp af sofistikerede mekaniserede maskiner.  <\/p>\n<h4><strong>Funktioner<\/strong><\/h4>\n<ul>\n<li style=\"list-style-type: none;\">\n<ul>\n<li>Bedste organiske g\u00f8dning, der indeholder makron\u00e6ringsstoffer og mikron\u00e6ringsstoffer i naturlig form.<\/li>\n<li>Biostimulerende middel til planterne, n\u00e5r det absorberes gennem r\u00f8dderne. Det fremskynder rodudviklingen og den samlede plantev\u00e6kst. <\/li>\n<li>NutrAza forbedrer det generelle udseende af frugt og gr\u00f8ntsager og \u00f8ger bladenes alder, v\u00e6kst, blomstring og styrkelse af r\u00f8dderne.<\/li>\n<li>Jordforbedringsmiddel, der forbedrer jordstrukturen ved at tilf\u00f8re organisk indhold og bringe jordfloraen tilbage.<\/li>\n<li>Naturligt jordpesticid og fungicid, der afviser jordinsekter og h\u00e6mmer jordpatogene svampe.<\/li>\n<li>Det bedste naturlige nematicid med et videnskabeligt bevist langtidsvirkende middel mod et spektrum af nematoder, der p\u00e5virker planter.<\/li>\n<li>Langsomt frigivende g\u00f8dning, der passer perfekt til efter\u00e5rs- og vinterg\u00f8dskning.<\/li>\n<\/ul>\n<\/li>\n<\/ul>\n<p><span style=\"text-decoration: underline;\"><strong>NutrAza er certificeret af Ecocert<\/strong><\/span> som et \u00f8kologisk input i overensstemmelse med de forskellige landbrugsstandarder. Det er det foretrukne input for landm\u00e6nd, der s\u00f8ger \u00f8kologiske certificeringer. <\/p>\n<h4><strong>Skadedyrsafvisende aktivitet af NutrAza.  <\/strong><\/h4>\n<p><strong>NutrAza <\/strong>har vist sig at v\u00e6re effektivt mod et bredt spektrum af nematoder. Det h\u00e6mmer ogs\u00e5 v\u00e6ksten af en r\u00e6kke jordb\u00e5rne parasitiske svampe, der for\u00e5rsager rodbrand, visnesyge osv. <\/p>\n<h3><strong>Fuld beskrivelse, anvendelser og information om dette produkt.<\/strong><\/h3>\n<p><a class=\"uk-button uk-button-small uk-button-primary\" href=\"https:\/\/natureneem.com\/en\/products\/nutraza\" target=\"_blank\" rel=\"noopener noreferrer\">KLIK HER<\/a><\/p>\n","protected":false},"excerpt":{"rendered":"<h2 class=\"ai-optimize-15\">Pille af neem-fr\u00f8kage som naturlig organisk g\u00f8dning og jordbeskyttelsesmiddel<\/h2>\n","protected":false},"featured_media":11905,"comment_status":"open","ping_status":"closed","template":"","meta":[],"product_brand":[],"product_cat":[614],"product_tag":[618,619,615,616,617],"class_list":{"0":"post-9382","1":"product","2":"type-product","3":"status-publish","4":"has-post-thumbnail","6":"product_cat-neem-produkter-da","7":"product_tag-godning","8":"product_tag-kernepulver","9":"product_tag-neem-da","10":"product_tag-nutraza-da","11":"product_tag-okologisk","12":"pa_packing-10kg-da","13":"pa_packing-15kg-da","14":"pa_packing-2kg-da","15":"pa_packing-20kg-da","16":"pa_packing-25kg-da","17":"pa_packing-25-kg_powder-da","18":"pa_packing-5kg-da","20":"first","21":"instock","22":"shipping-taxable","23":"purchasable","24":"product-type-variable","25":"has-default-attributes"},"yoast_head":"<!-- This site is optimized with the Yoast SEO Premium plugin v27.1 (Yoast SEO v27.2) - https:\/\/yoast.com\/product\/yoast-seo-premium-wordpress\/ -->\n<title>Neem-fr\u00f8piller: Organisk jordberigelse og g\u00f8dskning - NatureNeem e-Shop<\/title>\n<meta name=\"description\" content=\"Boost dine planters v\u00e6kst med NutrAZA, neemfr\u00f8kagepiller. Naturlig organisk g\u00f8dning. Forbedrer rodudviklingen og beskytter mod skadedyr. Neem pille.\" \/>\n<meta name=\"robots\" content=\"index, follow, max-snippet:-1, max-image-preview:large, max-video-preview:-1\" \/>\n<link rel=\"canonical\" href=\"https:\/\/shop.natureneem.com\/da\/e-shop\/nutraza\/\" \/>\n<meta property=\"og:locale\" content=\"da_DK\" \/>\n<meta property=\"og:type\" content=\"article\" \/>\n<meta property=\"og:title\" content=\"Kraftig Neem-fr\u00f8g\u00f8dning til sund jord og planter\" \/>\n<meta property=\"og:description\" content=\"Boost plantev\u00e6kst og rodudvikling med vores neem-fr\u00f8piller. Lavet med naturlige makron\u00e6ringsstoffer og mikron\u00e6ringsstoffer er det det perfekte \u00f8kologiske valg. \ud83c\udf3f\" \/>\n<meta property=\"og:url\" content=\"https:\/\/shop.natureneem.com\/da\/e-shop\/nutraza\/\" \/>\n<meta property=\"og:site_name\" content=\"NatureNeem e-Shop\" \/>\n<meta property=\"article:publisher\" content=\"https:\/\/www.facebook.com\/natureneemindia\/\" \/>\n<meta property=\"article:modified_time\" content=\"2025-06-13T05:51:12+00:00\" \/>\n<meta property=\"og:image\" content=\"https:\/\/shop.natureneem.com\/wp-content\/uploads\/2024\/10\/nn_nutraza_en-2kg-800x800-1.jpg\" \/>\n\t<meta property=\"og:image:width\" content=\"800\" \/>\n\t<meta property=\"og:image:height\" content=\"800\" \/>\n\t<meta property=\"og:image:type\" content=\"image\/jpeg\" \/>\n<meta name=\"twitter:card\" content=\"summary_large_image\" \/>\n<meta name=\"twitter:title\" content=\"Neem fr\u00f8 pille: Organisk jordforbedringsmiddel og g\u00f8dning\" \/>\n<meta name=\"twitter:description\" content=\"Giv dine planter et naturligt boost med vores neem-fr\u00f8piller. Disse biostimulanter fremmer rodudviklingen og den generelle plantev\u00e6kst. Pr\u00f8v dem selv, og se forskellen!\" \/>\n<meta name=\"twitter:site\" content=\"@natureneem\" \/>\n<meta name=\"twitter:label1\" content=\"Tilg\u00e6ngelighed\" \/>\n\t<meta name=\"twitter:data1\" content=\"P\u00e5 lager\" \/>\n<script type=\"application\/ld+json\" class=\"yoast-schema-graph\">{\"@context\":\"https:\/\/schema.org\",\"@graph\":[{\"@type\":\"WebPage\",\"@id\":\"https:\/\/shop.natureneem.com\/da\/e-shop\/nutraza\/\",\"url\":\"https:\/\/shop.natureneem.com\/da\/e-shop\/nutraza\/\",\"name\":\"Neem-fr\u00f8piller: Organisk jordberigelse og g\u00f8dskning - NatureNeem e-Shop\",\"isPartOf\":{\"@id\":\"https:\/\/shop.natureneem.com\/da\/#website\"},\"primaryImageOfPage\":{\"@id\":\"https:\/\/shop.natureneem.com\/da\/e-shop\/nutraza\/#primaryimage\"},\"image\":{\"@id\":\"https:\/\/shop.natureneem.com\/da\/e-shop\/nutraza\/#primaryimage\"},\"thumbnailUrl\":\"https:\/\/shop.natureneem.com\/wp-content\/uploads\/2024\/10\/nn_nutraza_en-2kg-800x800-1.jpg\",\"datePublished\":\"2023-05-06T15:02:45+00:00\",\"dateModified\":\"2025-06-13T05:51:12+00:00\",\"description\":\"Boost dine planters v\u00e6kst med NutrAZA, neemfr\u00f8kagepiller. Naturlig organisk g\u00f8dning. Forbedrer rodudviklingen og beskytter mod skadedyr. Neem pille.\",\"breadcrumb\":{\"@id\":\"https:\/\/shop.natureneem.com\/da\/e-shop\/nutraza\/#breadcrumb\"},\"inLanguage\":\"da-DK\",\"potentialAction\":[{\"@type\":\"ReadAction\",\"target\":[\"https:\/\/shop.natureneem.com\/da\/e-shop\/nutraza\/\"]}]},{\"@type\":\"ImageObject\",\"inLanguage\":\"da-DK\",\"@id\":\"https:\/\/shop.natureneem.com\/da\/e-shop\/nutraza\/#primaryimage\",\"url\":\"https:\/\/shop.natureneem.com\/wp-content\/uploads\/2024\/10\/nn_nutraza_en-2kg-800x800-1.jpg\",\"contentUrl\":\"https:\/\/shop.natureneem.com\/wp-content\/uploads\/2024\/10\/nn_nutraza_en-2kg-800x800-1.jpg\",\"width\":800,\"height\":800},{\"@type\":\"BreadcrumbList\",\"@id\":\"https:\/\/shop.natureneem.com\/da\/e-shop\/nutraza\/#breadcrumb\",\"itemListElement\":[{\"@type\":\"ListItem\",\"position\":1,\"name\":\"Home\",\"item\":\"https:\/\/shop.natureneem.com\/da\/hjem\/\"},{\"@type\":\"ListItem\",\"position\":2,\"name\":\"e-butik\",\"item\":\"https:\/\/shop.natureneem.com\/da\/e-butik\/\"},{\"@type\":\"ListItem\",\"position\":3,\"name\":\"NutrAza\"}]},{\"@type\":\"WebSite\",\"@id\":\"https:\/\/shop.natureneem.com\/da\/#website\",\"url\":\"https:\/\/shop.natureneem.com\/da\/\",\"name\":\"NatureNeem e-Shop\",\"description\":\"Official Shop from Nature Neem\",\"publisher\":{\"@id\":\"https:\/\/shop.natureneem.com\/da\/#organization\"},\"alternateName\":\"Nature Neem\",\"potentialAction\":[{\"@type\":\"SearchAction\",\"target\":{\"@type\":\"EntryPoint\",\"urlTemplate\":\"https:\/\/shop.natureneem.com\/da\/?s={search_term_string}\"},\"query-input\":{\"@type\":\"PropertyValueSpecification\",\"valueRequired\":true,\"valueName\":\"search_term_string\"}}],\"inLanguage\":\"da-DK\"},{\"@type\":\"Organization\",\"@id\":\"https:\/\/shop.natureneem.com\/da\/#organization\",\"name\":\"Nature Neem\",\"alternateName\":\"Lorsun SAS\",\"url\":\"https:\/\/shop.natureneem.com\/da\/\",\"logo\":{\"@type\":\"ImageObject\",\"inLanguage\":\"da-DK\",\"@id\":\"https:\/\/shop.natureneem.com\/da\/#\/schema\/logo\/image\/\",\"url\":\"https:\/\/shop.natureneem.com\/wp-content\/uploads\/2024\/09\/nn-logo-symbole-2024-01.svg\",\"contentUrl\":\"https:\/\/shop.natureneem.com\/wp-content\/uploads\/2024\/09\/nn-logo-symbole-2024-01.svg\",\"width\":1,\"height\":1,\"caption\":\"Nature Neem\"},\"image\":{\"@id\":\"https:\/\/shop.natureneem.com\/da\/#\/schema\/logo\/image\/\"},\"sameAs\":[\"https:\/\/www.facebook.com\/natureneemindia\/\",\"https:\/\/x.com\/natureneem\",\"https:\/\/www.youtube.com\/user\/natureneem\",\"https:\/\/www.linkedin.com\/company\/natureneem\"],\"description\":\"Vi besk\u00e6ftiger os med udvikling og kommercialisering af \u00f8kologiske l\u00f8sninger. Vi forts\u00e6tter med at opfinde disse naturlige alternative l\u00f8sninger, som effektivt kan erstatte de kemisk fremstillede produkter, der skader vores milj\u00f8. Vores team er s\u00e6rligt kompetent til at foresl\u00e5 \u00f8kologiske landbrugsinput. Vi fungerer ogs\u00e5 som en sammenslutning af ligesindede, der tror p\u00e5, at naturen er l\u00f8sningen p\u00e5 alle de milj\u00f8problemer, som mennesker st\u00e5r over for.   \",\"email\":\"info@natureneem.com\",\"telephone\":\"+91 77084 00899\",\"legalName\":\"NATURE NEEM PRODUCTS\",\"vatID\":\"FR08891657884\",\"numberOfEmployees\":{\"@type\":\"QuantitativeValue\",\"minValue\":\"51\",\"maxValue\":\"200\"},\"publishingPrinciples\":\"https:\/\/shop.natureneem.com\/\",\"actionableFeedbackPolicy\":\"https:\/\/shop.natureneem.com\/return-and-refund-policy\/\",\"hasMerchantReturnPolicy\":{\"@type\":\"MerchantReturnPolicy\",\"merchantReturnLink\":\"https:\/\/shop.natureneem.com\/return-and-refund-policy\/\"}}]}<\/script>\n<meta property=\"og:availability\" content=\"instock\" \/>\n<meta property=\"product:availability\" content=\"instock\" \/>\n<meta property=\"product:retailer_item_id\" content=\"NN-NUT-XX\" \/>\n<meta property=\"product:condition\" content=\"new\" \/>\n<!-- \/ Yoast SEO Premium plugin. -->","yoast_head_json":{"title":"Neem-fr\u00f8piller: Organisk jordberigelse og g\u00f8dskning - NatureNeem e-Shop","description":"Boost dine planters v\u00e6kst med NutrAZA, neemfr\u00f8kagepiller. Naturlig organisk g\u00f8dning. Forbedrer rodudviklingen og beskytter mod skadedyr. Neem pille.","robots":{"index":"index","follow":"follow","max-snippet":"max-snippet:-1","max-image-preview":"max-image-preview:large","max-video-preview":"max-video-preview:-1"},"canonical":"https:\/\/shop.natureneem.com\/da\/e-shop\/nutraza\/","og_locale":"da_DK","og_type":"article","og_title":"Kraftig Neem-fr\u00f8g\u00f8dning til sund jord og planter","og_description":"Boost plantev\u00e6kst og rodudvikling med vores neem-fr\u00f8piller. Lavet med naturlige makron\u00e6ringsstoffer og mikron\u00e6ringsstoffer er det det perfekte \u00f8kologiske valg. \ud83c\udf3f","og_url":"https:\/\/shop.natureneem.com\/da\/e-shop\/nutraza\/","og_site_name":"NatureNeem e-Shop","article_publisher":"https:\/\/www.facebook.com\/natureneemindia\/","article_modified_time":"2025-06-13T05:51:12+00:00","og_image":[{"width":800,"height":800,"url":"https:\/\/shop.natureneem.com\/wp-content\/uploads\/2024\/10\/nn_nutraza_en-2kg-800x800-1.jpg","type":"image\/jpeg"}],"twitter_card":"summary_large_image","twitter_title":"Neem fr\u00f8 pille: Organisk jordforbedringsmiddel og g\u00f8dning","twitter_description":"Giv dine planter et naturligt boost med vores neem-fr\u00f8piller. Disse biostimulanter fremmer rodudviklingen og den generelle plantev\u00e6kst. Pr\u00f8v dem selv, og se forskellen!","twitter_site":"@natureneem","twitter_misc":{"Tilg\u00e6ngelighed":"P\u00e5 lager"},"schema":{"@context":"https:\/\/schema.org","@graph":[{"@type":"WebPage","@id":"https:\/\/shop.natureneem.com\/da\/e-shop\/nutraza\/","url":"https:\/\/shop.natureneem.com\/da\/e-shop\/nutraza\/","name":"Neem-fr\u00f8piller: Organisk jordberigelse og g\u00f8dskning - NatureNeem e-Shop","isPartOf":{"@id":"https:\/\/shop.natureneem.com\/da\/#website"},"primaryImageOfPage":{"@id":"https:\/\/shop.natureneem.com\/da\/e-shop\/nutraza\/#primaryimage"},"image":{"@id":"https:\/\/shop.natureneem.com\/da\/e-shop\/nutraza\/#primaryimage"},"thumbnailUrl":"https:\/\/shop.natureneem.com\/wp-content\/uploads\/2024\/10\/nn_nutraza_en-2kg-800x800-1.jpg","datePublished":"2023-05-06T15:02:45+00:00","dateModified":"2025-06-13T05:51:12+00:00","description":"Boost dine planters v\u00e6kst med NutrAZA, neemfr\u00f8kagepiller. Naturlig organisk g\u00f8dning. Forbedrer rodudviklingen og beskytter mod skadedyr. Neem pille.","breadcrumb":{"@id":"https:\/\/shop.natureneem.com\/da\/e-shop\/nutraza\/#breadcrumb"},"inLanguage":"da-DK","potentialAction":[{"@type":"ReadAction","target":["https:\/\/shop.natureneem.com\/da\/e-shop\/nutraza\/"]}]},{"@type":"ImageObject","inLanguage":"da-DK","@id":"https:\/\/shop.natureneem.com\/da\/e-shop\/nutraza\/#primaryimage","url":"https:\/\/shop.natureneem.com\/wp-content\/uploads\/2024\/10\/nn_nutraza_en-2kg-800x800-1.jpg","contentUrl":"https:\/\/shop.natureneem.com\/wp-content\/uploads\/2024\/10\/nn_nutraza_en-2kg-800x800-1.jpg","width":800,"height":800},{"@type":"BreadcrumbList","@id":"https:\/\/shop.natureneem.com\/da\/e-shop\/nutraza\/#breadcrumb","itemListElement":[{"@type":"ListItem","position":1,"name":"Home","item":"https:\/\/shop.natureneem.com\/da\/hjem\/"},{"@type":"ListItem","position":2,"name":"e-butik","item":"https:\/\/shop.natureneem.com\/da\/e-butik\/"},{"@type":"ListItem","position":3,"name":"NutrAza"}]},{"@type":"WebSite","@id":"https:\/\/shop.natureneem.com\/da\/#website","url":"https:\/\/shop.natureneem.com\/da\/","name":"NatureNeem e-Shop","description":"Official Shop from Nature Neem","publisher":{"@id":"https:\/\/shop.natureneem.com\/da\/#organization"},"alternateName":"Nature Neem","potentialAction":[{"@type":"SearchAction","target":{"@type":"EntryPoint","urlTemplate":"https:\/\/shop.natureneem.com\/da\/?s={search_term_string}"},"query-input":{"@type":"PropertyValueSpecification","valueRequired":true,"valueName":"search_term_string"}}],"inLanguage":"da-DK"},{"@type":"Organization","@id":"https:\/\/shop.natureneem.com\/da\/#organization","name":"Nature Neem","alternateName":"Lorsun SAS","url":"https:\/\/shop.natureneem.com\/da\/","logo":{"@type":"ImageObject","inLanguage":"da-DK","@id":"https:\/\/shop.natureneem.com\/da\/#\/schema\/logo\/image\/","url":"https:\/\/shop.natureneem.com\/wp-content\/uploads\/2024\/09\/nn-logo-symbole-2024-01.svg","contentUrl":"https:\/\/shop.natureneem.com\/wp-content\/uploads\/2024\/09\/nn-logo-symbole-2024-01.svg","width":1,"height":1,"caption":"Nature Neem"},"image":{"@id":"https:\/\/shop.natureneem.com\/da\/#\/schema\/logo\/image\/"},"sameAs":["https:\/\/www.facebook.com\/natureneemindia\/","https:\/\/x.com\/natureneem","https:\/\/www.youtube.com\/user\/natureneem","https:\/\/www.linkedin.com\/company\/natureneem"],"description":"Vi besk\u00e6ftiger os med udvikling og kommercialisering af \u00f8kologiske l\u00f8sninger. Vi forts\u00e6tter med at opfinde disse naturlige alternative l\u00f8sninger, som effektivt kan erstatte de kemisk fremstillede produkter, der skader vores milj\u00f8. Vores team er s\u00e6rligt kompetent til at foresl\u00e5 \u00f8kologiske landbrugsinput. Vi fungerer ogs\u00e5 som en sammenslutning af ligesindede, der tror p\u00e5, at naturen er l\u00f8sningen p\u00e5 alle de milj\u00f8problemer, som mennesker st\u00e5r over for.   ","email":"info@natureneem.com","telephone":"+91 77084 00899","legalName":"NATURE NEEM PRODUCTS","vatID":"FR08891657884","numberOfEmployees":{"@type":"QuantitativeValue","minValue":"51","maxValue":"200"},"publishingPrinciples":"https:\/\/shop.natureneem.com\/","actionableFeedbackPolicy":"https:\/\/shop.natureneem.com\/return-and-refund-policy\/","hasMerchantReturnPolicy":{"@type":"MerchantReturnPolicy","merchantReturnLink":"https:\/\/shop.natureneem.com\/return-and-refund-policy\/"}}]},"og_availability":"instock","product_availability":"instock","product_retailer_item_id":"NN-NUT-XX","product_condition":"new"},"_links":{"self":[{"href":"https:\/\/shop.natureneem.com\/da\/wp-json\/wp\/v2\/product\/9382","targetHints":{"allow":["GET"]}}],"collection":[{"href":"https:\/\/shop.natureneem.com\/da\/wp-json\/wp\/v2\/product"}],"about":[{"href":"https:\/\/shop.natureneem.com\/da\/wp-json\/wp\/v2\/types\/product"}],"replies":[{"embeddable":true,"href":"https:\/\/shop.natureneem.com\/da\/wp-json\/wp\/v2\/comments?post=9382"}],"wp:featuredmedia":[{"embeddable":true,"href":"https:\/\/shop.natureneem.com\/da\/wp-json\/wp\/v2\/media\/11905"}],"wp:attachment":[{"href":"https:\/\/shop.natureneem.com\/da\/wp-json\/wp\/v2\/media?parent=9382"}],"wp:term":[{"taxonomy":"product_brand","embeddable":true,"href":"https:\/\/shop.natureneem.com\/da\/wp-json\/wp\/v2\/product_brand?post=9382"},{"taxonomy":"product_cat","embeddable":true,"href":"https:\/\/shop.natureneem.com\/da\/wp-json\/wp\/v2\/product_cat?post=9382"},{"taxonomy":"product_tag","embeddable":true,"href":"https:\/\/shop.natureneem.com\/da\/wp-json\/wp\/v2\/product_tag?post=9382"}],"curies":[{"name":"wp","href":"https:\/\/api.w.org\/{rel}","templated":true}]}}