{"id":9414,"date":"2020-03-31T18:54:27","date_gmt":"2020-03-31T16:54:27","guid":{"rendered":"https:\/\/shop.natureneem.com\/e-shop\/coco-vokser\/"},"modified":"2026-04-30T19:13:54","modified_gmt":"2026-04-30T17:13:54","slug":"coco-vokser","status":"publish","type":"product","link":"https:\/\/shop.natureneem.com\/da\/e-shop\/coco-vokser\/","title":{"rendered":"CocoGrow"},"content":{"rendered":"<h3>Coco Grow en pose med naturlig kokost\u00f8rv og fibre til dine planter<\/h3>\n<h2 class=\"uk-card-title\">Hvad er fordelene?<\/h2>\n<p>&nbsp;<\/p>\n<ul>\n<li>100 % naturligt, beriget og bufret plantemedie af kokos.<\/li>\n<li>Fremragende beluftning og dr\u00e6ning for st\u00e6rke, sunde rodsystemer<\/li>\n<li>Minimerer transplantationschok, ideelt til f\u00f8lsomme kulturer<\/li>\n<li>Omkostningseffektivt og fleksibelt, da det blot l\u00e6gges ud efter behov og fugtes.<\/li>\n<li>Let at h\u00e5ndtere, opbevare og bruge<\/li>\n<\/ul>\n<p><strong>Coco Grow<\/strong> er en blanding af kokosn\u00f8ddet\u00f8rv og fibre, der er vasket og bufret. Denne blanding giver mulighed for god tilbageholdelse, dr\u00e6ning og beluftning uden risiko for overskydende saltindhold p\u00e5 r\u00f8dderne. Den er fri for ukrudtsfr\u00f8 eller patogener. Den er meget popul\u00e6r blandt frugt- og gr\u00f8ntsagsdyrkere.   <\/p>\n<div class=\"uk-grid-match uk-child-width-expand@s\">\n<div>\n<div class=\"uk-card uk-card-default uk-card-body\">\n<h4><img loading=\"lazy\" decoding=\"async\" class=\"alignnone size-medium wp-image-12113\" src=\"https:\/\/shop.natureneem.com\/wp-content\/uploads\/2025\/06\/nn_eshop_cocogrow_bag-300x197.jpg\" alt=\"CocoGrow af NatureNeem\" width=\"300\" height=\"197\" srcset=\"https:\/\/shop.natureneem.com\/wp-content\/uploads\/2025\/06\/nn_eshop_cocogrow_bag-300x197.jpg 300w, https:\/\/shop.natureneem.com\/wp-content\/uploads\/2025\/06\/nn_eshop_cocogrow_bag-1024x672.jpg 1024w, https:\/\/shop.natureneem.com\/wp-content\/uploads\/2025\/06\/nn_eshop_cocogrow_bag-768x504.jpg 768w, https:\/\/shop.natureneem.com\/wp-content\/uploads\/2025\/06\/nn_eshop_cocogrow_bag-500x328.jpg 500w, https:\/\/shop.natureneem.com\/wp-content\/uploads\/2025\/06\/nn_eshop_cocogrow_bag.jpg 1280w\" sizes=\"(max-width: 300px) 100vw, 300px\" \/><\/h4>\n<h4>1 pose Coco Grow = 6 liter plantetilberedt jord i en pose.<br \/>\n<strong>Passer bedst til lejligheder til dyrkning af krydderurter &#8230;<\/strong><\/h4>\n<\/div>\n<\/div>\n<div>\n<div class=\"uk-card uk-card-primary uk-card-body\">\n<h2 class=\"uk-card-title\">Hvordan kan jeg bruge det?<\/h2>\n<ul>\n<li>V\u00e6kstposen er allerede perforeret. Det er ikke n\u00f8dvendigt at lave yderligere huller. <\/li>\n<li>Pak posen med 750 g sammenpresset kokosmarv ud, og l\u00e6g den i en plastbalje.<\/li>\n<li>Tils\u00e6t ca. 5 liter vand, nok til at udvide posen helt.<\/li>\n<li>Vent 45 minutter, indtil alt vandet er absorberet. Dr\u00e6n eventuelt overskydende vand fra. <\/li>\n<li>Tils\u00e6t ca. 15 g <a href=\"https:\/\/shop.natureneem.com\/da\/e-shop\/nutraza\/\" target=\"_blank\" rel=\"noopener\">NutrAza<\/a>, den naturlige neem-g\u00f8dning.<\/li>\n<li>Antallet af planter pr. pose afh\u00e6nger af st\u00f8rrelsen p\u00e5 de planter, du \u00f8nsker at dyrke.<\/li>\n<li>D\u00e6k med <a href=\"https:\/\/shop.natureneem.com\/da\/e-shop\/coco-mursten-copy\/\" target=\"_blank\" rel=\"noopener\">CocoMulch<\/a> efter plantning. Det forhindrer ukrudtsv\u00e6kst og bevarer fugten i underlaget. <\/li>\n<\/ul>\n<p><strong>Tip<\/strong>: Posen er genanvendelig og kan genbruges i op til 3 v\u00e6ksts\u00e6soner.<\/p>\n<\/div>\n<\/div>\n<\/div>\n<div class=\"uk-grid-match uk-child-width-expand@s\">\n<div>\n<div class=\"uk-card uk-card-secondary uk-card-body\">\n<h2 class=\"uk-card-title\">Naturen Neem Channel<\/h2>\n<p><iframe loading=\"lazy\" title=\"Rempotage dans un sac de culture pr\u00e9 rempli de terreau de coco\" width=\"500\" height=\"281\" src=\"https:\/\/www.youtube.com\/embed\/yjb7McnAWbg?feature=oembed\" frameborder=\"0\" allow=\"accelerometer; autoplay; clipboard-write; encrypted-media; gyroscope; picture-in-picture; web-share\" referrerpolicy=\"strict-origin-when-cross-origin\" allowfullscreen><\/iframe><\/p>\n<\/div>\n<\/div>\n<div>\n<div class=\"uk-card uk-card-default uk-card-body uk-background-muted\">\n<h2 class=\"uk-card-title\">Tag et kig p\u00e5 vores YouTube-kanal<\/h2>\n<h3>F\u00f8lg vores bedste r\u00e5d<em>om<\/em> Coco<em>Grow<\/em><br \/>\n<em>Ompotning i en vokspose fyldt med kokosn\u00f8ddejord<\/em><\/h3>\n<\/div>\n<\/div>\n<\/div>\n<h3>Dyrk dine gr\u00f8ntsager, planter og endda frugter. Det er nemt, \u00f8konomisk og milj\u00f8venligt med en pottejord, der er klar til brug. Med kun 9 liter vand f\u00e5r du en pose pottemuld lavet af 100 % naturlige kokosfibre. Let at b\u00e6re, let at anvende.   <\/h3>\n<h3 class=\"uk-alert\">Har du ingen have og kun lidt plads til at opbevare pottemuld? T\u00e6nk p\u00e5 Coco Grow! <\/h3>\n<h3 class=\"uk-alert\">Er du tr\u00e6t af at b\u00e6re poser med jord, der er for tunge og uh\u00e5ndterlige? V\u00e6lg Coco Grow! <\/h3>\n<h3>Se ogs\u00e5 vores andre kokosprodukter som <a href=\"https:\/\/shop.natureneem.com\/da\/e-shop\/coco-mursten\/\">Coco Brick,<\/a> der er et fremragende plantesubstrat og jordforbedringsmiddel. Pr\u00f8v bestselleren <a href=\"https:\/\/shop.natureneem.com\/e-shop\/naturecoco-organic-virgin-coconut-oil\/\">NatureCoco<\/a>, den \u00f8kologiske jomfru kokosolie. Coco Grow All-in-one bio, \u00f8kologisk l\u00f8sning til sm\u00e5 steder.  <\/h3>\n","protected":false},"excerpt":{"rendered":"<h2 class=\"ai-optimize-19\">V\u00e6kstpose af kokos<\/h2>\n<p class=\"ai-optimize-20\">til alle typer planter<br \/>\n1 pose = 6 liter<br \/>\nKlar til at plante!<\/p>\n","protected":false},"featured_media":12151,"comment_status":"open","ping_status":"closed","template":"","meta":[],"product_brand":[],"product_cat":[612],"product_tag":[],"class_list":{"0":"post-9414","1":"product","2":"type-product","3":"status-publish","4":"has-post-thumbnail","6":"product_cat-kokosprodukter-da","7":"product_shipping_class-11-kg-da","9":"first","10":"instock","11":"shipping-taxable","12":"purchasable","13":"product-type-simple"},"yoast_head":"<!-- This site is optimized with the Yoast SEO Premium plugin v27.5 (Yoast SEO v27.5) - https:\/\/yoast.com\/product\/yoast-seo-premium-wordpress\/ -->\n<title>Coco Grow: Let at bruge og h\u00e5ndtere plantemateriale til planter \ud83e\udd65 NatureNeem e-Shop<\/title>\n<meta name=\"description\" content=\"Giv dine planter den bedste start med Coco Grow, et omkostningseffektivt og fleksibelt plantemedie. Minim\u00e9r transplantationschok. Nyd nem h\u00e5ndtering og opbevaring.\" \/>\n<meta name=\"robots\" content=\"index, follow, max-snippet:-1, max-image-preview:large, max-video-preview:-1\" \/>\n<link rel=\"canonical\" href=\"https:\/\/shop.natureneem.com\/da\/e-shop\/coco-vokser\/\" \/>\n<meta property=\"og:locale\" content=\"da_DK\" \/>\n<meta property=\"og:type\" content=\"article\" \/>\n<meta property=\"og:title\" content=\"CocoGrow\" \/>\n<meta property=\"og:description\" content=\"Giv dine planter den bedste start med Coco Grow, et omkostningseffektivt og fleksibelt plantemedie. Minim\u00e9r transplantationschok. Nyd nem h\u00e5ndtering og opbevaring.\" \/>\n<meta property=\"og:url\" content=\"https:\/\/shop.natureneem.com\/da\/e-shop\/coco-vokser\/\" \/>\n<meta property=\"og:site_name\" content=\"NatureNeem e-Shop\" \/>\n<meta property=\"article:publisher\" content=\"https:\/\/www.facebook.com\/natureneemindia\/\" \/>\n<meta property=\"article:modified_time\" content=\"2026-04-30T17:13:54+00:00\" \/>\n<meta property=\"og:image\" content=\"https:\/\/shop.natureneem.com\/wp-content\/uploads\/2020\/03\/NN-COCOGROW-2025_01.jpg\" \/>\n\t<meta property=\"og:image:width\" content=\"2000\" \/>\n\t<meta property=\"og:image:height\" content=\"2000\" \/>\n\t<meta property=\"og:image:type\" content=\"image\/jpeg\" \/>\n<meta name=\"twitter:card\" content=\"summary_large_image\" \/>\n<meta name=\"twitter:site\" content=\"@natureneem\" \/>\n<meta name=\"twitter:label1\" content=\"Pris\" \/>\n\t<meta name=\"twitter:data1\" content=\"7,99&nbsp;&euro;\" \/>\n\t<meta name=\"twitter:label2\" content=\"Tilg\u00e6ngelighed\" \/>\n\t<meta name=\"twitter:data2\" content=\"P\u00e5 lager\" \/>\n<script type=\"application\/ld+json\" class=\"yoast-schema-graph\">{\"@context\":\"https:\\\/\\\/schema.org\",\"@graph\":[{\"@type\":\"WebPage\",\"@id\":\"https:\\\/\\\/shop.natureneem.com\\\/da\\\/e-shop\\\/coco-vokser\\\/\",\"url\":\"https:\\\/\\\/shop.natureneem.com\\\/da\\\/e-shop\\\/coco-vokser\\\/\",\"name\":\"Coco Grow: Let at bruge og h\u00e5ndtere plantemateriale til planter \ud83e\udd65 NatureNeem e-Shop\",\"isPartOf\":{\"@id\":\"https:\\\/\\\/shop.natureneem.com\\\/da\\\/#website\"},\"primaryImageOfPage\":{\"@id\":\"https:\\\/\\\/shop.natureneem.com\\\/da\\\/e-shop\\\/coco-vokser\\\/#primaryimage\"},\"image\":{\"@id\":\"https:\\\/\\\/shop.natureneem.com\\\/da\\\/e-shop\\\/coco-vokser\\\/#primaryimage\"},\"thumbnailUrl\":\"https:\\\/\\\/shop.natureneem.com\\\/wp-content\\\/uploads\\\/2020\\\/03\\\/NN-COCOGROW-2025_01.jpg\",\"datePublished\":\"2020-03-31T16:54:27+00:00\",\"dateModified\":\"2026-04-30T17:13:54+00:00\",\"description\":\"Giv dine planter den bedste start med Coco Grow, et omkostningseffektivt og fleksibelt plantemedie. Minim\u00e9r transplantationschok. Nyd nem h\u00e5ndtering og opbevaring.\",\"breadcrumb\":{\"@id\":\"https:\\\/\\\/shop.natureneem.com\\\/da\\\/e-shop\\\/coco-vokser\\\/#breadcrumb\"},\"inLanguage\":\"da-DK\",\"potentialAction\":[{\"@type\":\"ReadAction\",\"target\":[\"https:\\\/\\\/shop.natureneem.com\\\/da\\\/e-shop\\\/coco-vokser\\\/\"]}]},{\"@type\":\"ImageObject\",\"inLanguage\":\"da-DK\",\"@id\":\"https:\\\/\\\/shop.natureneem.com\\\/da\\\/e-shop\\\/coco-vokser\\\/#primaryimage\",\"url\":\"https:\\\/\\\/shop.natureneem.com\\\/wp-content\\\/uploads\\\/2020\\\/03\\\/NN-COCOGROW-2025_01.jpg\",\"contentUrl\":\"https:\\\/\\\/shop.natureneem.com\\\/wp-content\\\/uploads\\\/2020\\\/03\\\/NN-COCOGROW-2025_01.jpg\",\"width\":2000,\"height\":2000,\"caption\":\"CocoGrow by NatureNeem - nem at h\u00e5ndtere, opbevare og bruge\"},{\"@type\":\"BreadcrumbList\",\"@id\":\"https:\\\/\\\/shop.natureneem.com\\\/da\\\/e-shop\\\/coco-vokser\\\/#breadcrumb\",\"itemListElement\":[{\"@type\":\"ListItem\",\"position\":1,\"name\":\"Home\",\"item\":\"https:\\\/\\\/shop.natureneem.com\\\/da\\\/hjem\\\/\"},{\"@type\":\"ListItem\",\"position\":2,\"name\":\"e-butik\",\"item\":\"https:\\\/\\\/shop.natureneem.com\\\/da\\\/e-butik\\\/\"},{\"@type\":\"ListItem\",\"position\":3,\"name\":\"CocoGrow\"}]},{\"@type\":\"WebSite\",\"@id\":\"https:\\\/\\\/shop.natureneem.com\\\/da\\\/#website\",\"url\":\"https:\\\/\\\/shop.natureneem.com\\\/da\\\/\",\"name\":\"NatureNeem e-Shop\",\"description\":\"Official Shop from Nature Neem\",\"publisher\":{\"@id\":\"https:\\\/\\\/shop.natureneem.com\\\/da\\\/#organization\"},\"alternateName\":\"Nature Neem\",\"potentialAction\":[{\"@type\":\"SearchAction\",\"target\":{\"@type\":\"EntryPoint\",\"urlTemplate\":\"https:\\\/\\\/shop.natureneem.com\\\/da\\\/?s={search_term_string}\"},\"query-input\":{\"@type\":\"PropertyValueSpecification\",\"valueRequired\":true,\"valueName\":\"search_term_string\"}}],\"inLanguage\":\"da-DK\"},{\"@type\":\"Organization\",\"@id\":\"https:\\\/\\\/shop.natureneem.com\\\/da\\\/#organization\",\"name\":\"Nature Neem\",\"alternateName\":\"Lorsun SAS\",\"url\":\"https:\\\/\\\/shop.natureneem.com\\\/da\\\/\",\"logo\":{\"@type\":\"ImageObject\",\"inLanguage\":\"da-DK\",\"@id\":\"https:\\\/\\\/shop.natureneem.com\\\/da\\\/#\\\/schema\\\/logo\\\/image\\\/\",\"url\":\"https:\\\/\\\/shop.natureneem.com\\\/wp-content\\\/uploads\\\/2024\\\/09\\\/nn-logo-symbole-2024-01.svg\",\"contentUrl\":\"https:\\\/\\\/shop.natureneem.com\\\/wp-content\\\/uploads\\\/2024\\\/09\\\/nn-logo-symbole-2024-01.svg\",\"width\":1,\"height\":1,\"caption\":\"Nature Neem\"},\"image\":{\"@id\":\"https:\\\/\\\/shop.natureneem.com\\\/da\\\/#\\\/schema\\\/logo\\\/image\\\/\"},\"sameAs\":[\"https:\\\/\\\/www.facebook.com\\\/natureneemindia\\\/\",\"https:\\\/\\\/x.com\\\/natureneem\",\"https:\\\/\\\/www.youtube.com\\\/user\\\/natureneem\",\"https:\\\/\\\/www.linkedin.com\\\/company\\\/natureneem\"],\"description\":\"Vi besk\u00e6ftiger os med udvikling og kommercialisering af \u00f8kologiske l\u00f8sninger. Vi forts\u00e6tter med at opfinde disse naturlige alternative l\u00f8sninger, som effektivt kan erstatte de kemisk fremstillede produkter, der skader vores milj\u00f8. Vores team er s\u00e6rligt kompetent til at foresl\u00e5 \u00f8kologiske landbrugsinput. Vi fungerer ogs\u00e5 som en sammenslutning af ligesindede, der tror p\u00e5, at naturen er l\u00f8sningen p\u00e5 alle de milj\u00f8problemer, som mennesker st\u00e5r over for.   \",\"email\":\"info@natureneem.com\",\"telephone\":\"+91 77084 00899\",\"legalName\":\"NATURE NEEM PRODUCTS\",\"vatID\":\"FR08891657884\",\"numberOfEmployees\":{\"@type\":\"QuantitativeValue\",\"minValue\":\"51\",\"maxValue\":\"200\"},\"publishingPrinciples\":\"https:\\\/\\\/shop.natureneem.com\\\/\",\"actionableFeedbackPolicy\":\"https:\\\/\\\/shop.natureneem.com\\\/return-and-refund-policy\\\/\",\"hasMerchantReturnPolicy\":{\"@type\":\"MerchantReturnPolicy\",\"merchantReturnLink\":\"https:\\\/\\\/shop.natureneem.com\\\/return-and-refund-policy\\\/\"}}]}<\/script>\n<meta property=\"product:price:amount\" content=\"7.99\" \/>\n<meta property=\"product:price:currency\" content=\"EUR\" \/>\n<meta property=\"og:availability\" content=\"instock\" \/>\n<meta property=\"product:availability\" content=\"instock\" \/>\n<meta property=\"product:retailer_item_id\" content=\"NN-GP-CG\" \/>\n<meta property=\"product:condition\" content=\"new\" \/>\n<!-- \/ Yoast SEO Premium plugin. -->","yoast_head_json":{"title":"Coco Grow: Let at bruge og h\u00e5ndtere plantemateriale til planter \ud83e\udd65 NatureNeem e-Shop","description":"Giv dine planter den bedste start med Coco Grow, et omkostningseffektivt og fleksibelt plantemedie. Minim\u00e9r transplantationschok. Nyd nem h\u00e5ndtering og opbevaring.","robots":{"index":"index","follow":"follow","max-snippet":"max-snippet:-1","max-image-preview":"max-image-preview:large","max-video-preview":"max-video-preview:-1"},"canonical":"https:\/\/shop.natureneem.com\/da\/e-shop\/coco-vokser\/","og_locale":"da_DK","og_type":"article","og_title":"CocoGrow","og_description":"Giv dine planter den bedste start med Coco Grow, et omkostningseffektivt og fleksibelt plantemedie. Minim\u00e9r transplantationschok. Nyd nem h\u00e5ndtering og opbevaring.","og_url":"https:\/\/shop.natureneem.com\/da\/e-shop\/coco-vokser\/","og_site_name":"NatureNeem e-Shop","article_publisher":"https:\/\/www.facebook.com\/natureneemindia\/","article_modified_time":"2026-04-30T17:13:54+00:00","og_image":[{"width":2000,"height":2000,"url":"https:\/\/shop.natureneem.com\/wp-content\/uploads\/2020\/03\/NN-COCOGROW-2025_01.jpg","type":"image\/jpeg"}],"twitter_card":"summary_large_image","twitter_site":"@natureneem","twitter_misc":{"Pris":"7,99&nbsp;&euro;","Tilg\u00e6ngelighed":"P\u00e5 lager"},"schema":{"@context":"https:\/\/schema.org","@graph":[{"@type":"WebPage","@id":"https:\/\/shop.natureneem.com\/da\/e-shop\/coco-vokser\/","url":"https:\/\/shop.natureneem.com\/da\/e-shop\/coco-vokser\/","name":"Coco Grow: Let at bruge og h\u00e5ndtere plantemateriale til planter \ud83e\udd65 NatureNeem e-Shop","isPartOf":{"@id":"https:\/\/shop.natureneem.com\/da\/#website"},"primaryImageOfPage":{"@id":"https:\/\/shop.natureneem.com\/da\/e-shop\/coco-vokser\/#primaryimage"},"image":{"@id":"https:\/\/shop.natureneem.com\/da\/e-shop\/coco-vokser\/#primaryimage"},"thumbnailUrl":"https:\/\/shop.natureneem.com\/wp-content\/uploads\/2020\/03\/NN-COCOGROW-2025_01.jpg","datePublished":"2020-03-31T16:54:27+00:00","dateModified":"2026-04-30T17:13:54+00:00","description":"Giv dine planter den bedste start med Coco Grow, et omkostningseffektivt og fleksibelt plantemedie. Minim\u00e9r transplantationschok. Nyd nem h\u00e5ndtering og opbevaring.","breadcrumb":{"@id":"https:\/\/shop.natureneem.com\/da\/e-shop\/coco-vokser\/#breadcrumb"},"inLanguage":"da-DK","potentialAction":[{"@type":"ReadAction","target":["https:\/\/shop.natureneem.com\/da\/e-shop\/coco-vokser\/"]}]},{"@type":"ImageObject","inLanguage":"da-DK","@id":"https:\/\/shop.natureneem.com\/da\/e-shop\/coco-vokser\/#primaryimage","url":"https:\/\/shop.natureneem.com\/wp-content\/uploads\/2020\/03\/NN-COCOGROW-2025_01.jpg","contentUrl":"https:\/\/shop.natureneem.com\/wp-content\/uploads\/2020\/03\/NN-COCOGROW-2025_01.jpg","width":2000,"height":2000,"caption":"CocoGrow by NatureNeem - nem at h\u00e5ndtere, opbevare og bruge"},{"@type":"BreadcrumbList","@id":"https:\/\/shop.natureneem.com\/da\/e-shop\/coco-vokser\/#breadcrumb","itemListElement":[{"@type":"ListItem","position":1,"name":"Home","item":"https:\/\/shop.natureneem.com\/da\/hjem\/"},{"@type":"ListItem","position":2,"name":"e-butik","item":"https:\/\/shop.natureneem.com\/da\/e-butik\/"},{"@type":"ListItem","position":3,"name":"CocoGrow"}]},{"@type":"WebSite","@id":"https:\/\/shop.natureneem.com\/da\/#website","url":"https:\/\/shop.natureneem.com\/da\/","name":"NatureNeem e-Shop","description":"Official Shop from Nature Neem","publisher":{"@id":"https:\/\/shop.natureneem.com\/da\/#organization"},"alternateName":"Nature Neem","potentialAction":[{"@type":"SearchAction","target":{"@type":"EntryPoint","urlTemplate":"https:\/\/shop.natureneem.com\/da\/?s={search_term_string}"},"query-input":{"@type":"PropertyValueSpecification","valueRequired":true,"valueName":"search_term_string"}}],"inLanguage":"da-DK"},{"@type":"Organization","@id":"https:\/\/shop.natureneem.com\/da\/#organization","name":"Nature Neem","alternateName":"Lorsun SAS","url":"https:\/\/shop.natureneem.com\/da\/","logo":{"@type":"ImageObject","inLanguage":"da-DK","@id":"https:\/\/shop.natureneem.com\/da\/#\/schema\/logo\/image\/","url":"https:\/\/shop.natureneem.com\/wp-content\/uploads\/2024\/09\/nn-logo-symbole-2024-01.svg","contentUrl":"https:\/\/shop.natureneem.com\/wp-content\/uploads\/2024\/09\/nn-logo-symbole-2024-01.svg","width":1,"height":1,"caption":"Nature Neem"},"image":{"@id":"https:\/\/shop.natureneem.com\/da\/#\/schema\/logo\/image\/"},"sameAs":["https:\/\/www.facebook.com\/natureneemindia\/","https:\/\/x.com\/natureneem","https:\/\/www.youtube.com\/user\/natureneem","https:\/\/www.linkedin.com\/company\/natureneem"],"description":"Vi besk\u00e6ftiger os med udvikling og kommercialisering af \u00f8kologiske l\u00f8sninger. Vi forts\u00e6tter med at opfinde disse naturlige alternative l\u00f8sninger, som effektivt kan erstatte de kemisk fremstillede produkter, der skader vores milj\u00f8. Vores team er s\u00e6rligt kompetent til at foresl\u00e5 \u00f8kologiske landbrugsinput. Vi fungerer ogs\u00e5 som en sammenslutning af ligesindede, der tror p\u00e5, at naturen er l\u00f8sningen p\u00e5 alle de milj\u00f8problemer, som mennesker st\u00e5r over for.   ","email":"info@natureneem.com","telephone":"+91 77084 00899","legalName":"NATURE NEEM PRODUCTS","vatID":"FR08891657884","numberOfEmployees":{"@type":"QuantitativeValue","minValue":"51","maxValue":"200"},"publishingPrinciples":"https:\/\/shop.natureneem.com\/","actionableFeedbackPolicy":"https:\/\/shop.natureneem.com\/return-and-refund-policy\/","hasMerchantReturnPolicy":{"@type":"MerchantReturnPolicy","merchantReturnLink":"https:\/\/shop.natureneem.com\/return-and-refund-policy\/"}}]},"product_price_amount":"7.99","product_price_currency":"EUR","og_availability":"instock","product_availability":"instock","product_retailer_item_id":"NN-GP-CG","product_condition":"new"},"_links":{"self":[{"href":"https:\/\/shop.natureneem.com\/da\/wp-json\/wp\/v2\/product\/9414","targetHints":{"allow":["GET"]}}],"collection":[{"href":"https:\/\/shop.natureneem.com\/da\/wp-json\/wp\/v2\/product"}],"about":[{"href":"https:\/\/shop.natureneem.com\/da\/wp-json\/wp\/v2\/types\/product"}],"replies":[{"embeddable":true,"href":"https:\/\/shop.natureneem.com\/da\/wp-json\/wp\/v2\/comments?post=9414"}],"wp:featuredmedia":[{"embeddable":true,"href":"https:\/\/shop.natureneem.com\/da\/wp-json\/wp\/v2\/media\/12151"}],"wp:attachment":[{"href":"https:\/\/shop.natureneem.com\/da\/wp-json\/wp\/v2\/media?parent=9414"}],"wp:term":[{"taxonomy":"product_brand","embeddable":true,"href":"https:\/\/shop.natureneem.com\/da\/wp-json\/wp\/v2\/product_brand?post=9414"},{"taxonomy":"product_cat","embeddable":true,"href":"https:\/\/shop.natureneem.com\/da\/wp-json\/wp\/v2\/product_cat?post=9414"},{"taxonomy":"product_tag","embeddable":true,"href":"https:\/\/shop.natureneem.com\/da\/wp-json\/wp\/v2\/product_tag?post=9414"}],"curies":[{"name":"wp","href":"https:\/\/api.w.org\/{rel}","templated":true}]}}