{"id":9418,"date":"2019-07-06T19:00:23","date_gmt":"2019-07-06T17:00:23","guid":{"rendered":"https:\/\/shop.natureneem.com\/e-shop\/totalcare\/"},"modified":"2025-09-18T15:49:18","modified_gmt":"2025-09-18T13:49:18","slug":"totalcare","status":"publish","type":"product","link":"https:\/\/shop.natureneem.com\/da\/e-shop\/totalcare\/","title":{"rendered":"TotalCare"},"content":{"rendered":"<h3><strong>TotalCare,  <\/strong><strong>Neemolie til planter i vandopl\u00f8selig formulering. Bare fortynd i vand og spr\u00f8jt.   <\/strong><\/h3>\n<p>TotalCare er det bedste botaniske pesticid til \u00f8kologisk landbrug og haver. Det opn\u00e5s ved at emulgere ren koldpresset neemolie fra den aktuelle s\u00e6sons neemfr\u00f8 og garanterer effektiviteten af neem. Valget og doseringen af emulgatorer er blevet optimeret gennem mange \u00e5rs forskning for at bevare de magiske ingredienser i neem. Det er bedre end andre organiske l\u00f8sninger p\u00e5 grund af dets bredere anvendelse og dets indflydelse p\u00e5 200 skadedyrsarter. Det er vigtigt at bem\u00e6rke, at nogle af dem allerede er resistente eller i sagens natur vanskelige at bek\u00e6mpe med konventionelle pesticider.     Vandopl\u00f8selig neemolie til plantebeskyttelsesmidler i \u00f8kologisk landbrug og haver.<\/p>\n<h3><strong>Det bedste botaniske pesticid til \u00f8kologiske haver. Vandopl\u00f8selig neemolie til planter. <\/strong><\/h3>\n<h3 style=\"padding-left: 40px;\"><strong>Dosering:  <\/strong><\/h3>\n<p style=\"padding-left: 40px;\"><strong>5-15 ml pr. liter vand afh\u00e6ngigt af angrebet og m\u00e6ngden af vand, der anvendes til spr\u00f8jtning.<\/strong><\/p>\n<p style=\"padding-left: 80px;\"><strong>Eksempler:<\/strong><\/p>\n<ul>\n<li style=\"list-style-type: none;\">\n<ul>\n<li><strong>Til frugttr\u00e6er og buske<\/strong>, der kr\u00e6ver mere vand for at d\u00e6kke, er 2-5 ml pr. liter vand tilstr\u00e6kkeligt.<\/li>\n<li><strong>Til k\u00f8kkenhaver eller haveplanter<\/strong>, hvor der normalt bruges h\u00e5ndspr\u00f8jter, blandes 5-10 ml TotalCare pr. liter vand, afh\u00e6ngigt af forekomsten af skadedyr.<\/li>\n<li><strong>Til moderne motorspr\u00f8jter<\/strong>, der anvendes i markafgr\u00f8der, som kr\u00e6ver mindre vand for at d\u00e6kke, blandes 30-50 ml pr. liter vand.<br \/>\n<a href=\"https:\/\/natureneem.com\/en\/products\/totalcare#applications\" target=\"_blank\" rel=\"noopener\">Oplysninger om dosering af TotalCare<\/a>.<\/li>\n<\/ul>\n<\/li>\n<\/ul>\n<div class=\"uk-grid-match uk-child-width-expand@s\" uk-grid=\"\">\n<div>\n<div class=\"uk-card uk-card-primary uk-card-body\">\n<h3 class=\"uk-card-title\">\u00d8kologisk, ikke-giftig og biologisk nedbrydelig<\/h3>\n<p>TotalCare er ugiftigt for pattedyr, dyr, fugle og vandlevende organismer. Ingen resttoksicitet overf\u00f8res til det h\u00f8stede produkt. Der er ingen ventetid, og du kan anvende det p\u00e5 alle stadier af planten. Det passer bedst til drivhuse og k\u00f8kkenhaver. Det bruges ogs\u00e5 i vid udstr\u00e6kning i blomster- og havebrug samt til markafgr\u00f8der, der kr\u00e6ver \u00f8kologisk certificering.    <\/p>\n<p><a class=\"uk-button uk-button-small uk-button-secondary\" href=\"https:\/\/shop.natureneem.com\/download\/694\/certifications\/10698\/issued-eu-attestation-nature-neem-2023\">  Udstedt EU-attest &#8211; Nature Neem-2023<\/a><\/p>\n<p><a class=\"uk-button uk-button-small uk-button-secondary\" href=\"https:\/\/shop.natureneem.com\/download\/694\/certifications\/10699\/issued-jas-attestation-nature-neem-2023\">  Udstedt JAS-attest &#8211; Nature Neem-2023<\/a><\/p>\n<p><a class=\"uk-button uk-button-small uk-button-secondary\" href=\"https:\/\/shop.natureneem.com\/download\/694\/certifications\/10700\/issued-nop-attestation-nature-neem-2023\">  Udstedt NOP-attest &#8211; Nature Neem-2023<\/a><\/p>\n<\/div>\n<\/div>\n<div>\n<div class=\"uk-card uk-card-default uk-card-body uk-background-muted\">\n<h3 class=\"uk-card-title\">Urtekraften i neem<\/h3>\n<p>Det giver et naturligt middel ved at \u00f8ge plantens generelle sundhed og ved at \u00f8ge dens modstandsdygtighed over for skadedyr og sygdomme. TotalCare indeholder ogs\u00e5 den organiske kilde til makro- og mikron\u00e6ringsstoffer. Den indeholder n\u00e6sten 200 oligo-elementer.  <\/p>\n<h3>Hvorfor er TotalCare bedre end andre olier? T\u00f8v ikke med at sammenligne, du vil blive overrasket! <\/h3>\n<p>Vi udvinder olie fra velmodnede indre neemkerner ved hj\u00e6lp af den traditionelle koldpressede metode. I TotalCare er azadirachtin, den vigtigste ingrediens, omkring 2700 ppm (0,27 %). Typiske partier i visse s\u00e6soner har vist rekordniveauer p\u00e5 3000 ppm azadirachtin. Men 90 % af den s\u00e5kaldte rene neem-olie, der er tilg\u00e6ngelig p\u00e5 det europ\u00e6iske marked, er blot restprodukter fra neem-industrien, og deres azadirachtin-niveau vil ligge p\u00e5 omkring 150 ppm.   <\/p>\n<\/div>\n<\/div>\n<\/div>\n<div class=\"uk-grid-match uk-child-width-expand@s uk-text-center\" uk-grid=\"\">\n<div>\n<div class=\"uk-card uk-card-default uk-card-body\">\n<h2 class=\"uk-card-title\">TotalCare er certificeret \u00f8kologisk af Ecocert i henhold til EU&#8217;s, NOP&#8217;s (USDA) og JAP&#8217;s \u00f8kologiske standarder.<\/h2>\n<div><img loading=\"lazy\" decoding=\"async\" class=\"alignnone wp-image-391 size-medium\" title=\"TotalCares officielle certificeringer fra NatureNeem\" src=\"https:\/\/shop.natureneem.com\/wp-content\/uploads\/2023\/05\/nn_cert_facture-300x60.png\" alt=\"Nature Neem-produkter er certificeret af Ecocert SA F-32600 og Europa-Kommissionens standarder, National Organic Program (NOP - USDA) og Soil Association Certification.\" width=\"300\" height=\"60\"><\/div>\n<\/div>\n<\/div>\n<div>\n<div class=\"uk-card uk-card-secondary uk-card-body\">\n<h2 class=\"uk-card-title\">Hvordan anvender man dette produkt?<\/h2>\n<p>Fuld beskrivelse, ans\u00f8gninger, FAQ og information.<\/p>\n<div><a class=\"uk-button uk-button-primary\" href=\"https:\/\/natureneem.com\/en\/products\/totalcare\" target=\"_blank\" rel=\"noopener noreferrer\">KLIK HER<\/a><\/div>\n<\/div>\n<\/div>\n<\/div>\n<h3>Den vandopl\u00f8selige neemolie til planter er kort sagt TotalCare. Afslutningsvis skal man huske, at den er s\u00e5 enkel at bruge, effektiv og ugiftig. Den passer bedst til din k\u00f8kkenhave, drivhuse og blomster.<br \/>\nAlle produkter fra Nature Neem India er fuldt biodynamiske. <b>Pr\u00f8v ogs\u00e5<\/b> <a href=\"https:\/\/shop.natureneem.com\/e-shop\/nutraza-pellet-of-neem-seed\/\">NutrAza<\/a> for at fuldende fordelene ved neem-g\u00f8dning og <a href=\"https:\/\/shop.natureneem.com\/da\/e-shop\/biocare\/\">BioCare<\/a> til dine dyr.  <\/h3>\n","protected":false},"excerpt":{"rendered":"<h3 class=\"ai-optimize-20\">Vandopl\u00f8selig Neem-olie til plantespray<\/h3>\n<p><img loading=\"lazy\" decoding=\"async\" class=\"alignnone\" style=\"float: left;\" title=\"TotalCare-symbol fra NatureNeem\" src=\"https:\/\/natureneem.com\/images\/logos\/nn_plant_care.svg\" alt=\"NatureNeem plantepleje med TotalCare\" width=\"160\" height=\"599\"><\/p>\n<p class=\"ai-optimize-21\"><strong>Det bedste botaniske pesticid til \u00f8kologiske haver.<br \/>\n<\/strong><strong>Vandopl\u00f8selig neemolie til plantebeskyttelsesmidler i \u00f8kologisk landbrug og haver<br \/>\nNaturligt bio-certificeret kvalitetsprodukt siden 1990 fra Nature Neem India<br \/>\nBland 5-10 ml pr. liter vand og spr\u00f8jt. Ikke-giftig for mennesker, dyr, fugle &#8230; <\/strong><\/p>\n","protected":false},"featured_media":11969,"comment_status":"open","ping_status":"closed","template":"","meta":[],"product_brand":[],"product_cat":[614],"product_tag":[],"class_list":{"0":"post-9418","1":"product","2":"type-product","3":"status-publish","4":"has-post-thumbnail","6":"product_cat-neem-produkter-da","7":"pa_packing-1l-da","8":"pa_packing-20l-da","9":"pa_packing-250ml-da","10":"pa_packing-5l-da","11":"pa_packing-500ml-da","13":"first","14":"instock","15":"shipping-taxable","16":"purchasable","17":"product-type-variable","18":"has-default-attributes"},"yoast_head":"<!-- This site is optimized with the Yoast SEO Premium plugin v27.1 (Yoast SEO v27.2) - https:\/\/yoast.com\/product\/yoast-seo-premium-wordpress\/ -->\n<title>Vandopl\u00f8selig Neem-olie til planter: \u00d8kologisk l\u00f8sning til skadedyrsbek\u00e6mpelse<\/title>\n<meta name=\"description\" content=\"Beskyt dine planter med naturens kraft! TotalCare : Vandopl\u00f8selig neemolie til plantebeskyttelsesmidler i \u00f8kologisk landbrug og haver. F\u00e5 din i dag.\" \/>\n<meta name=\"robots\" content=\"index, follow, max-snippet:-1, max-image-preview:large, max-video-preview:-1\" \/>\n<link rel=\"canonical\" href=\"https:\/\/shop.natureneem.com\/da\/e-shop\/totalcare\/\" \/>\n<meta property=\"og:locale\" content=\"da_DK\" \/>\n<meta property=\"og:type\" content=\"article\" \/>\n<meta property=\"og:title\" content=\"Bliv \u00f8kologisk med Neem-olie til planter i din have\" \/>\n<meta property=\"og:description\" content=\"Vil du have et pesticid, der er sikkert for dine planter og milj\u00f8et? Pr\u00f8v TotalCare, den bedste neemolie til planter. Beskyt din have p\u00e5 en naturlig m\u00e5de! \ud83c\udf31\" \/>\n<meta property=\"og:url\" content=\"https:\/\/shop.natureneem.com\/da\/e-shop\/totalcare\/\" \/>\n<meta property=\"og:site_name\" content=\"NatureNeem e-Shop\" \/>\n<meta property=\"article:publisher\" content=\"https:\/\/www.facebook.com\/natureneemindia\/\" \/>\n<meta property=\"article:modified_time\" content=\"2025-09-18T13:49:18+00:00\" \/>\n<meta property=\"og:image\" content=\"https:\/\/shop.natureneem.com\/wp-content\/uploads\/nc\/images\/products\/totalcare\/nn_totalcare_en_champ_et_ecocert.jpg\" \/>\n<meta name=\"twitter:card\" content=\"summary_large_image\" \/>\n<meta name=\"twitter:title\" content=\"TotalCare: Neemolie til planter - \u00d8kologisk skadedyrsbek\u00e6mpelse til haver\" \/>\n<meta name=\"twitter:description\" content=\"Beskyt dine planter p\u00e5 den naturlige m\u00e5de med TotalCare, det bedste botaniske pesticid i \u00f8kologisk landbrug og haver. Sikkert, effektivt og milj\u00f8venligt. \ud83c\udf3f #\u00f8kologiskhavebrug\" \/>\n<meta name=\"twitter:site\" content=\"@natureneem\" \/>\n<meta name=\"twitter:label1\" content=\"Tilg\u00e6ngelighed\" \/>\n\t<meta name=\"twitter:data1\" content=\"P\u00e5 lager\" \/>\n<script type=\"application\/ld+json\" class=\"yoast-schema-graph\">{\"@context\":\"https:\/\/schema.org\",\"@graph\":[{\"@type\":\"WebPage\",\"@id\":\"https:\/\/shop.natureneem.com\/da\/e-shop\/totalcare\/\",\"url\":\"https:\/\/shop.natureneem.com\/da\/e-shop\/totalcare\/\",\"name\":\"Vandopl\u00f8selig Neem-olie til planter: \u00d8kologisk l\u00f8sning til skadedyrsbek\u00e6mpelse\",\"isPartOf\":{\"@id\":\"https:\/\/shop.natureneem.com\/da\/#website\"},\"primaryImageOfPage\":{\"@id\":\"https:\/\/shop.natureneem.com\/da\/e-shop\/totalcare\/#primaryimage\"},\"image\":{\"@id\":\"https:\/\/shop.natureneem.com\/da\/e-shop\/totalcare\/#primaryimage\"},\"thumbnailUrl\":\"https:\/\/shop.natureneem.com\/wp-content\/uploads\/2019\/07\/NN-TOTALCARE-2025_GROUP_01.jpg\",\"datePublished\":\"2019-07-06T17:00:23+00:00\",\"dateModified\":\"2025-09-18T13:49:18+00:00\",\"description\":\"Beskyt dine planter med naturens kraft! TotalCare : Vandopl\u00f8selig neemolie til plantebeskyttelsesmidler i \u00f8kologisk landbrug og haver. F\u00e5 din i dag.\",\"breadcrumb\":{\"@id\":\"https:\/\/shop.natureneem.com\/da\/e-shop\/totalcare\/#breadcrumb\"},\"inLanguage\":\"da-DK\",\"potentialAction\":[{\"@type\":\"ReadAction\",\"target\":[\"https:\/\/shop.natureneem.com\/da\/e-shop\/totalcare\/\"]}]},{\"@type\":\"ImageObject\",\"inLanguage\":\"da-DK\",\"@id\":\"https:\/\/shop.natureneem.com\/da\/e-shop\/totalcare\/#primaryimage\",\"url\":\"https:\/\/shop.natureneem.com\/wp-content\/uploads\/2019\/07\/NN-TOTALCARE-2025_GROUP_01.jpg\",\"contentUrl\":\"https:\/\/shop.natureneem.com\/wp-content\/uploads\/2019\/07\/NN-TOTALCARE-2025_GROUP_01.jpg\",\"width\":800,\"height\":800},{\"@type\":\"BreadcrumbList\",\"@id\":\"https:\/\/shop.natureneem.com\/da\/e-shop\/totalcare\/#breadcrumb\",\"itemListElement\":[{\"@type\":\"ListItem\",\"position\":1,\"name\":\"Home\",\"item\":\"https:\/\/shop.natureneem.com\/da\/hjem\/\"},{\"@type\":\"ListItem\",\"position\":2,\"name\":\"e-butik\",\"item\":\"https:\/\/shop.natureneem.com\/da\/e-butik\/\"},{\"@type\":\"ListItem\",\"position\":3,\"name\":\"TotalCare\"}]},{\"@type\":\"WebSite\",\"@id\":\"https:\/\/shop.natureneem.com\/da\/#website\",\"url\":\"https:\/\/shop.natureneem.com\/da\/\",\"name\":\"NatureNeem e-Shop\",\"description\":\"Official Shop from Nature Neem\",\"publisher\":{\"@id\":\"https:\/\/shop.natureneem.com\/da\/#organization\"},\"alternateName\":\"Nature Neem\",\"potentialAction\":[{\"@type\":\"SearchAction\",\"target\":{\"@type\":\"EntryPoint\",\"urlTemplate\":\"https:\/\/shop.natureneem.com\/da\/?s={search_term_string}\"},\"query-input\":{\"@type\":\"PropertyValueSpecification\",\"valueRequired\":true,\"valueName\":\"search_term_string\"}}],\"inLanguage\":\"da-DK\"},{\"@type\":\"Organization\",\"@id\":\"https:\/\/shop.natureneem.com\/da\/#organization\",\"name\":\"Nature Neem\",\"alternateName\":\"Lorsun SAS\",\"url\":\"https:\/\/shop.natureneem.com\/da\/\",\"logo\":{\"@type\":\"ImageObject\",\"inLanguage\":\"da-DK\",\"@id\":\"https:\/\/shop.natureneem.com\/da\/#\/schema\/logo\/image\/\",\"url\":\"https:\/\/shop.natureneem.com\/wp-content\/uploads\/2024\/09\/nn-logo-symbole-2024-01.svg\",\"contentUrl\":\"https:\/\/shop.natureneem.com\/wp-content\/uploads\/2024\/09\/nn-logo-symbole-2024-01.svg\",\"width\":1,\"height\":1,\"caption\":\"Nature Neem\"},\"image\":{\"@id\":\"https:\/\/shop.natureneem.com\/da\/#\/schema\/logo\/image\/\"},\"sameAs\":[\"https:\/\/www.facebook.com\/natureneemindia\/\",\"https:\/\/x.com\/natureneem\",\"https:\/\/www.youtube.com\/user\/natureneem\",\"https:\/\/www.linkedin.com\/company\/natureneem\"],\"description\":\"Vi besk\u00e6ftiger os med udvikling og kommercialisering af \u00f8kologiske l\u00f8sninger. Vi forts\u00e6tter med at opfinde disse naturlige alternative l\u00f8sninger, som effektivt kan erstatte de kemisk fremstillede produkter, der skader vores milj\u00f8. Vores team er s\u00e6rligt kompetent til at foresl\u00e5 \u00f8kologiske landbrugsinput. Vi fungerer ogs\u00e5 som en sammenslutning af ligesindede, der tror p\u00e5, at naturen er l\u00f8sningen p\u00e5 alle de milj\u00f8problemer, som mennesker st\u00e5r over for.   \",\"email\":\"info@natureneem.com\",\"telephone\":\"+91 77084 00899\",\"legalName\":\"NATURE NEEM PRODUCTS\",\"vatID\":\"FR08891657884\",\"numberOfEmployees\":{\"@type\":\"QuantitativeValue\",\"minValue\":\"51\",\"maxValue\":\"200\"},\"publishingPrinciples\":\"https:\/\/shop.natureneem.com\/\",\"actionableFeedbackPolicy\":\"https:\/\/shop.natureneem.com\/return-and-refund-policy\/\",\"hasMerchantReturnPolicy\":{\"@type\":\"MerchantReturnPolicy\",\"merchantReturnLink\":\"https:\/\/shop.natureneem.com\/return-and-refund-policy\/\"}}]}<\/script>\n<meta property=\"og:availability\" content=\"instock\" \/>\n<meta property=\"product:availability\" content=\"instock\" \/>\n<meta property=\"product:retailer_item_id\" content=\"TotalCare\" \/>\n<meta property=\"product:condition\" content=\"new\" \/>\n<!-- \/ Yoast SEO Premium plugin. -->","yoast_head_json":{"title":"Vandopl\u00f8selig Neem-olie til planter: \u00d8kologisk l\u00f8sning til skadedyrsbek\u00e6mpelse","description":"Beskyt dine planter med naturens kraft! TotalCare : Vandopl\u00f8selig neemolie til plantebeskyttelsesmidler i \u00f8kologisk landbrug og haver. F\u00e5 din i dag.","robots":{"index":"index","follow":"follow","max-snippet":"max-snippet:-1","max-image-preview":"max-image-preview:large","max-video-preview":"max-video-preview:-1"},"canonical":"https:\/\/shop.natureneem.com\/da\/e-shop\/totalcare\/","og_locale":"da_DK","og_type":"article","og_title":"Bliv \u00f8kologisk med Neem-olie til planter i din have","og_description":"Vil du have et pesticid, der er sikkert for dine planter og milj\u00f8et? Pr\u00f8v TotalCare, den bedste neemolie til planter. Beskyt din have p\u00e5 en naturlig m\u00e5de! \ud83c\udf31","og_url":"https:\/\/shop.natureneem.com\/da\/e-shop\/totalcare\/","og_site_name":"NatureNeem e-Shop","article_publisher":"https:\/\/www.facebook.com\/natureneemindia\/","article_modified_time":"2025-09-18T13:49:18+00:00","og_image":[{"url":"https:\/\/shop.natureneem.com\/wp-content\/uploads\/nc\/images\/products\/totalcare\/nn_totalcare_en_champ_et_ecocert.jpg","type":"","width":"","height":""}],"twitter_card":"summary_large_image","twitter_title":"TotalCare: Neemolie til planter - \u00d8kologisk skadedyrsbek\u00e6mpelse til haver","twitter_description":"Beskyt dine planter p\u00e5 den naturlige m\u00e5de med TotalCare, det bedste botaniske pesticid i \u00f8kologisk landbrug og haver. Sikkert, effektivt og milj\u00f8venligt. \ud83c\udf3f #\u00f8kologiskhavebrug","twitter_site":"@natureneem","twitter_misc":{"Tilg\u00e6ngelighed":"P\u00e5 lager"},"schema":{"@context":"https:\/\/schema.org","@graph":[{"@type":"WebPage","@id":"https:\/\/shop.natureneem.com\/da\/e-shop\/totalcare\/","url":"https:\/\/shop.natureneem.com\/da\/e-shop\/totalcare\/","name":"Vandopl\u00f8selig Neem-olie til planter: \u00d8kologisk l\u00f8sning til skadedyrsbek\u00e6mpelse","isPartOf":{"@id":"https:\/\/shop.natureneem.com\/da\/#website"},"primaryImageOfPage":{"@id":"https:\/\/shop.natureneem.com\/da\/e-shop\/totalcare\/#primaryimage"},"image":{"@id":"https:\/\/shop.natureneem.com\/da\/e-shop\/totalcare\/#primaryimage"},"thumbnailUrl":"https:\/\/shop.natureneem.com\/wp-content\/uploads\/2019\/07\/NN-TOTALCARE-2025_GROUP_01.jpg","datePublished":"2019-07-06T17:00:23+00:00","dateModified":"2025-09-18T13:49:18+00:00","description":"Beskyt dine planter med naturens kraft! TotalCare : Vandopl\u00f8selig neemolie til plantebeskyttelsesmidler i \u00f8kologisk landbrug og haver. F\u00e5 din i dag.","breadcrumb":{"@id":"https:\/\/shop.natureneem.com\/da\/e-shop\/totalcare\/#breadcrumb"},"inLanguage":"da-DK","potentialAction":[{"@type":"ReadAction","target":["https:\/\/shop.natureneem.com\/da\/e-shop\/totalcare\/"]}]},{"@type":"ImageObject","inLanguage":"da-DK","@id":"https:\/\/shop.natureneem.com\/da\/e-shop\/totalcare\/#primaryimage","url":"https:\/\/shop.natureneem.com\/wp-content\/uploads\/2019\/07\/NN-TOTALCARE-2025_GROUP_01.jpg","contentUrl":"https:\/\/shop.natureneem.com\/wp-content\/uploads\/2019\/07\/NN-TOTALCARE-2025_GROUP_01.jpg","width":800,"height":800},{"@type":"BreadcrumbList","@id":"https:\/\/shop.natureneem.com\/da\/e-shop\/totalcare\/#breadcrumb","itemListElement":[{"@type":"ListItem","position":1,"name":"Home","item":"https:\/\/shop.natureneem.com\/da\/hjem\/"},{"@type":"ListItem","position":2,"name":"e-butik","item":"https:\/\/shop.natureneem.com\/da\/e-butik\/"},{"@type":"ListItem","position":3,"name":"TotalCare"}]},{"@type":"WebSite","@id":"https:\/\/shop.natureneem.com\/da\/#website","url":"https:\/\/shop.natureneem.com\/da\/","name":"NatureNeem e-Shop","description":"Official Shop from Nature Neem","publisher":{"@id":"https:\/\/shop.natureneem.com\/da\/#organization"},"alternateName":"Nature Neem","potentialAction":[{"@type":"SearchAction","target":{"@type":"EntryPoint","urlTemplate":"https:\/\/shop.natureneem.com\/da\/?s={search_term_string}"},"query-input":{"@type":"PropertyValueSpecification","valueRequired":true,"valueName":"search_term_string"}}],"inLanguage":"da-DK"},{"@type":"Organization","@id":"https:\/\/shop.natureneem.com\/da\/#organization","name":"Nature Neem","alternateName":"Lorsun SAS","url":"https:\/\/shop.natureneem.com\/da\/","logo":{"@type":"ImageObject","inLanguage":"da-DK","@id":"https:\/\/shop.natureneem.com\/da\/#\/schema\/logo\/image\/","url":"https:\/\/shop.natureneem.com\/wp-content\/uploads\/2024\/09\/nn-logo-symbole-2024-01.svg","contentUrl":"https:\/\/shop.natureneem.com\/wp-content\/uploads\/2024\/09\/nn-logo-symbole-2024-01.svg","width":1,"height":1,"caption":"Nature Neem"},"image":{"@id":"https:\/\/shop.natureneem.com\/da\/#\/schema\/logo\/image\/"},"sameAs":["https:\/\/www.facebook.com\/natureneemindia\/","https:\/\/x.com\/natureneem","https:\/\/www.youtube.com\/user\/natureneem","https:\/\/www.linkedin.com\/company\/natureneem"],"description":"Vi besk\u00e6ftiger os med udvikling og kommercialisering af \u00f8kologiske l\u00f8sninger. Vi forts\u00e6tter med at opfinde disse naturlige alternative l\u00f8sninger, som effektivt kan erstatte de kemisk fremstillede produkter, der skader vores milj\u00f8. Vores team er s\u00e6rligt kompetent til at foresl\u00e5 \u00f8kologiske landbrugsinput. Vi fungerer ogs\u00e5 som en sammenslutning af ligesindede, der tror p\u00e5, at naturen er l\u00f8sningen p\u00e5 alle de milj\u00f8problemer, som mennesker st\u00e5r over for.   ","email":"info@natureneem.com","telephone":"+91 77084 00899","legalName":"NATURE NEEM PRODUCTS","vatID":"FR08891657884","numberOfEmployees":{"@type":"QuantitativeValue","minValue":"51","maxValue":"200"},"publishingPrinciples":"https:\/\/shop.natureneem.com\/","actionableFeedbackPolicy":"https:\/\/shop.natureneem.com\/return-and-refund-policy\/","hasMerchantReturnPolicy":{"@type":"MerchantReturnPolicy","merchantReturnLink":"https:\/\/shop.natureneem.com\/return-and-refund-policy\/"}}]},"og_availability":"instock","product_availability":"instock","product_retailer_item_id":"TotalCare","product_condition":"new"},"_links":{"self":[{"href":"https:\/\/shop.natureneem.com\/da\/wp-json\/wp\/v2\/product\/9418","targetHints":{"allow":["GET"]}}],"collection":[{"href":"https:\/\/shop.natureneem.com\/da\/wp-json\/wp\/v2\/product"}],"about":[{"href":"https:\/\/shop.natureneem.com\/da\/wp-json\/wp\/v2\/types\/product"}],"replies":[{"embeddable":true,"href":"https:\/\/shop.natureneem.com\/da\/wp-json\/wp\/v2\/comments?post=9418"}],"wp:featuredmedia":[{"embeddable":true,"href":"https:\/\/shop.natureneem.com\/da\/wp-json\/wp\/v2\/media\/11969"}],"wp:attachment":[{"href":"https:\/\/shop.natureneem.com\/da\/wp-json\/wp\/v2\/media?parent=9418"}],"wp:term":[{"taxonomy":"product_brand","embeddable":true,"href":"https:\/\/shop.natureneem.com\/da\/wp-json\/wp\/v2\/product_brand?post=9418"},{"taxonomy":"product_cat","embeddable":true,"href":"https:\/\/shop.natureneem.com\/da\/wp-json\/wp\/v2\/product_cat?post=9418"},{"taxonomy":"product_tag","embeddable":true,"href":"https:\/\/shop.natureneem.com\/da\/wp-json\/wp\/v2\/product_tag?post=9418"}],"curies":[{"name":"wp","href":"https:\/\/api.w.org\/{rel}","templated":true}]}}