{"id":9433,"date":"2019-07-06T18:49:41","date_gmt":"2019-07-06T16:49:41","guid":{"rendered":"https:\/\/shop.natureneem.com\/e-shop\/ren-neem-olie\/"},"modified":"2025-09-18T15:49:56","modified_gmt":"2025-09-18T13:49:56","slug":"ren-neem-olie","status":"publish","type":"product","link":"https:\/\/shop.natureneem.com\/da\/e-shop\/ren-neem-olie\/","title":{"rendered":"Ren neem-olie"},"content":{"rendered":"<p><strong>Den rene neemolie kommer fra koldpresning af kernerne fra de bedste sorterede, modne neemfr\u00f8.<\/strong><\/p>\n<p>Disse neem-fr\u00f8 udvindes ved at afpulpere, vaske, t\u00f8rre og udtage den aktuelle s\u00e6sons neem-frugter. Vores rene neemolie er uden stabilisatorer, emulgatorer eller tils\u00e6tningsstoffer og er certificeret af Ecocert som et \u00f8kologisk input. <\/p>\n<p>Neem er en biokemisk fabrik, der indeholder flere tusinde organiske forbindelser. Medicinen bruger alle dele af neemtr\u00e6et. Neemolie har helbredende egenskaber og har v\u00e6ret meget brugt i traditionelle medicinsystemer i \u00e5rhundreder. Efter talrige unders\u00f8gelser foretaget af f\u00f8rende organisationer er neem den sikreste l\u00e6geurt, der er effektiv mod flere sygdomme. FDA&#8217;s Office of Special Nutritionals vedligeholder en omfattende database over bivirkninger ved urtemedicin. Denne database indeholder ingen referencer til Neem, som kunne tyde p\u00e5 potentielle problemer.     <\/p>\n<h3>Hvorfor er vores rene Neem-olie bedre end andre olier? T\u00f8v ikke med at sammenligne, du vil blive overrasket! <\/h3>\n<p>Fordi Azadirachtin, den vigtigste ingrediens, ligger p\u00e5 omkring 2500 ppm (0,25 %). Typiske partier i visse s\u00e6soner har vist rekordniveauer p\u00e5 3000 ppm Azadirachtin.<br \/>\n<strong>Indholdet af azadirachtin i billigere produkter p\u00e5 markedet overstiger dog ikke 300 ppm.<\/strong><\/p>\n<p>&nbsp;<\/p>\n<div class=\"uk-grid-match uk-child-width-expand@s\" uk-grid=\"\">\n<div>\n<div class=\"uk-card uk-card-primary uk-card-body\">\n<h3 class=\"uk-card-title\">Til den ayurvediske medicin<\/h3>\n<p><strong>Hudpleje<\/strong> Det er et naturligt l\u00e6gemiddel til helbredelse af aktuelle hudlidelser som eksem. Efterh\u00e5nden ogs\u00e5 til udsl\u00e6t, is\u00e6r til akne. Endnu mere til dermatitis, identiske t\u00f8rre hudproblemer, dog forbr\u00e6ndinger. Du vil altid finde fordele med ren neemolie.   <\/p>\n<p><strong>Mod hovedlus<\/strong> Lige f\u00f8r badet masseres Neem-olie direkte eller blandes med 50 % balsam i hovedbunden og h\u00e5ret.<\/p>\n<\/div>\n<\/div>\n<div>\n<div class=\"uk-card uk-card-default uk-card-body uk-background-muted\">\n<h3 class=\"uk-card-title\">Et organisk insektmiddel til planter og dyr<\/h3>\n<p>Til brug som \u00f8kologisk insektmiddel, is\u00e6r til spr\u00f8jteform\u00e5l, foresl\u00e5r vi 2 vandopl\u00f8selige produkter <strong><a class=\"uk-button-link\" href=\"https:\/\/shop.natureneem.com\/e-shop\/totalcare-water-soluble-neem-oil\/\">TotalCare<\/a> <\/strong>en formulering af neemolie, der er optimeret til plantespr\u00f8jtning, og i et andet tilf\u00e6lde <strong><a class=\"uk-button-link\" href=\"https:\/\/shop.natureneem.com\/da\/e-shop\/biocare\/\">BioCare <\/a><\/strong>formulering af neem-olie til ektoparasitter, n\u00e5r de f.eks. p\u00e5virker dyr.<\/p>\n<\/div>\n<\/div>\n<\/div>\n<div class=\"uk-grid-match uk-child-width-expand@s uk-text-center\" uk-grid=\"\">\n<div>\n<div class=\"uk-card uk-card-default uk-card-body\">\n<h2 class=\"uk-card-title\">Ren Neem-olie er certificeret af Ecocert i henhold til NOP-, EU- og JAP-normer.<\/h2>\n<div><img loading=\"lazy\" decoding=\"async\" class=\"alignnone wp-image-391 size-medium\" src=\"https:\/\/shop.natureneem.com\/wp-content\/uploads\/2023\/05\/nn_cert_facture-300x60.png\" alt=\"Nature Neem-produkter er certificeret af Ecocert SA F-32600 og Europa-Kommissionens standarder, National Organic Program (NOP - USDA) og Soil Association Certification.\" width=\"300\" height=\"60\"><\/div>\n<\/div>\n<\/div>\n<div>\n<div class=\"uk-card uk-card-secondary uk-card-body\">\n<h2 class=\"uk-card-title\">Hvordan anvender man dette produkt?<\/h2>\n<p>Fuld beskrivelse, ans\u00f8gninger, FAQ og information.<\/p>\n<div><a class=\"uk-button uk-button-primary\" href=\"https:\/\/natureneem.com\/en\/products\/pure-neem-oil\" target=\"_blank\" rel=\"noopener noreferrer\">KLIK HER<\/a><\/div>\n<\/div>\n<\/div>\n<\/div>\n<h3>Ren neemolie produceres af Nature Neem i Tamil Nadu, Indien.<br \/>\nAlle produkter fra Nature Neem India er fuldt ud bio. <b>Pr\u00f8v ogs\u00e5<\/b> <a href=\"https:\/\/shop.natureneem.com\/e-shop\/nutraza-pellet-of-neem-seed\/\">NutrAza<\/a> for at fuldende fordelene ved neemg\u00f8dning og <a href=\"https:\/\/shop.natureneem.com\/da\/e-shop\/biocare\/\">BioCare<\/a> specielt til dine dyr.<\/h3>\n","protected":false},"excerpt":{"rendered":"<div>\n<p><img decoding=\"async\" style=\"float: left;\" src=\"https:\/\/natureneem.com\/images\/logos\/nn_pure_oil.svg\" alt=\"NatureNeem ren neem-olie\" width=\"100\">  Koldpresning af fr\u00f8kernen fra segregerede modne neem-fr\u00f8 af god kvalitet.<\/p>\n<p><strong>Hvordan anvender man dette produkt?<\/strong><\/p>\n<div><a class=\"uk-button uk-button-small uk-button-primary\" href=\"https:\/\/natureneem.com\/en\/products\/pure-neem-oil#applications\" target=\"_blank\" rel=\"noopener noreferrer\">KLIK HER<\/a><\/div>\n<div><\/div>\n<\/div>\n","protected":false},"featured_media":9434,"comment_status":"open","ping_status":"closed","template":"","meta":[],"product_brand":[],"product_cat":[614],"product_tag":[],"class_list":{"0":"post-9433","1":"product","2":"type-product","3":"status-publish","4":"has-post-thumbnail","6":"product_cat-neem-produkter-da","7":"pa_packing-1l-da","8":"pa_packing-20l-da","9":"pa_packing-250ml-da","10":"pa_packing-5l-da","11":"pa_packing-500ml-da","13":"first","14":"instock","15":"shipping-taxable","16":"purchasable","17":"product-type-variable","18":"has-default-attributes"},"yoast_head":"<!-- This site is optimized with the Yoast SEO Premium plugin v27.1 (Yoast SEO v27.2) - https:\/\/yoast.com\/product\/yoast-seo-premium-wordpress\/ -->\n<title>Certificeret \u00f8kologisk ren neemolie: Ingen tils\u00e6tningsstoffer eller stabilisatorer \ud83d\udfe1 NatureNeem e-Shop<\/title>\n<meta name=\"description\" content=\"Oplev kraften i ren neem-olie, udvundet af neem-fr\u00f8 af fineste kvalitet. 100 % \u00f8kologisk og fri for tils\u00e6tningsstoffer. F\u00e5 din egen nu!\" \/>\n<meta name=\"robots\" content=\"index, follow, max-snippet:-1, max-image-preview:large, max-video-preview:-1\" \/>\n<link rel=\"canonical\" href=\"https:\/\/shop.natureneem.com\/da\/e-shop\/ren-neem-olie\/\" \/>\n<meta property=\"og:locale\" content=\"da_DK\" \/>\n<meta property=\"og:type\" content=\"article\" \/>\n<meta property=\"og:title\" content=\"Oplev den biokemiske fabrik: Ren Neem-olie til naturlige l\u00f8sninger\" \/>\n<meta property=\"og:description\" content=\"Oplev den reneste form for neem-olie, koldpresset fra omhyggeligt udvalgte neem-fr\u00f8. Oplev den \u00f8kologiske godhed som aldrig f\u00f8r. F\u00e5 fat i din nu!\" \/>\n<meta property=\"og:url\" content=\"https:\/\/shop.natureneem.com\/da\/e-shop\/ren-neem-olie\/\" \/>\n<meta property=\"og:site_name\" content=\"NatureNeem e-Shop\" \/>\n<meta property=\"article:publisher\" content=\"https:\/\/www.facebook.com\/natureneemindia\/\" \/>\n<meta property=\"article:modified_time\" content=\"2025-09-18T13:49:56+00:00\" \/>\n<meta property=\"og:image\" content=\"https:\/\/shop.natureneem.com\/wp-content\/uploads\/2019\/07\/nn_pureneemoil_01-1.jpg\" \/>\n\t<meta property=\"og:image:width\" content=\"1000\" \/>\n\t<meta property=\"og:image:height\" content=\"1000\" \/>\n\t<meta property=\"og:image:type\" content=\"image\/jpeg\" \/>\n<meta name=\"twitter:card\" content=\"summary_large_image\" \/>\n<meta name=\"twitter:title\" content=\"Ren Neem-olie: Koldpresset for overlegen kvalitet og renhed\" \/>\n<meta name=\"twitter:description\" content=\"Oplev kraften i ren neem-olie, koldpresset fra de fineste neem-fr\u00f8. Certificeret \u00f8kologisk, uden tils\u00e6tningsstoffer eller emulgatorer. K\u00f8b din olie i dag, og nyd dens mange fordele!\" \/>\n<meta name=\"twitter:site\" content=\"@natureneem\" \/>\n<meta name=\"twitter:label1\" content=\"Tilg\u00e6ngelighed\" \/>\n\t<meta name=\"twitter:data1\" content=\"P\u00e5 lager\" \/>\n<script type=\"application\/ld+json\" class=\"yoast-schema-graph\">{\"@context\":\"https:\/\/schema.org\",\"@graph\":[{\"@type\":\"WebPage\",\"@id\":\"https:\/\/shop.natureneem.com\/da\/e-shop\/ren-neem-olie\/\",\"url\":\"https:\/\/shop.natureneem.com\/da\/e-shop\/ren-neem-olie\/\",\"name\":\"Certificeret \u00f8kologisk ren neemolie: Ingen tils\u00e6tningsstoffer eller stabilisatorer \ud83d\udfe1 NatureNeem e-Shop\",\"isPartOf\":{\"@id\":\"https:\/\/shop.natureneem.com\/da\/#website\"},\"primaryImageOfPage\":{\"@id\":\"https:\/\/shop.natureneem.com\/da\/e-shop\/ren-neem-olie\/#primaryimage\"},\"image\":{\"@id\":\"https:\/\/shop.natureneem.com\/da\/e-shop\/ren-neem-olie\/#primaryimage\"},\"thumbnailUrl\":\"https:\/\/shop.natureneem.com\/wp-content\/uploads\/2019\/07\/nn_pureneemoil_01-1.jpg\",\"datePublished\":\"2019-07-06T16:49:41+00:00\",\"dateModified\":\"2025-09-18T13:49:56+00:00\",\"description\":\"Oplev kraften i ren neem-olie, udvundet af neem-fr\u00f8 af fineste kvalitet. 100 % \u00f8kologisk og fri for tils\u00e6tningsstoffer. F\u00e5 din egen nu!\",\"breadcrumb\":{\"@id\":\"https:\/\/shop.natureneem.com\/da\/e-shop\/ren-neem-olie\/#breadcrumb\"},\"inLanguage\":\"da-DK\",\"potentialAction\":[{\"@type\":\"ReadAction\",\"target\":[\"https:\/\/shop.natureneem.com\/da\/e-shop\/ren-neem-olie\/\"]}]},{\"@type\":\"ImageObject\",\"inLanguage\":\"da-DK\",\"@id\":\"https:\/\/shop.natureneem.com\/da\/e-shop\/ren-neem-olie\/#primaryimage\",\"url\":\"https:\/\/shop.natureneem.com\/wp-content\/uploads\/2019\/07\/nn_pureneemoil_01-1.jpg\",\"contentUrl\":\"https:\/\/shop.natureneem.com\/wp-content\/uploads\/2019\/07\/nn_pureneemoil_01-1.jpg\",\"width\":1000,\"height\":1000,\"caption\":\"Ren Neem-olie fra Nature Neem\"},{\"@type\":\"BreadcrumbList\",\"@id\":\"https:\/\/shop.natureneem.com\/da\/e-shop\/ren-neem-olie\/#breadcrumb\",\"itemListElement\":[{\"@type\":\"ListItem\",\"position\":1,\"name\":\"Home\",\"item\":\"https:\/\/shop.natureneem.com\/da\/hjem\/\"},{\"@type\":\"ListItem\",\"position\":2,\"name\":\"e-butik\",\"item\":\"https:\/\/shop.natureneem.com\/da\/e-butik\/\"},{\"@type\":\"ListItem\",\"position\":3,\"name\":\"Ren neem-olie\"}]},{\"@type\":\"WebSite\",\"@id\":\"https:\/\/shop.natureneem.com\/da\/#website\",\"url\":\"https:\/\/shop.natureneem.com\/da\/\",\"name\":\"NatureNeem e-Shop\",\"description\":\"Official Shop from Nature Neem\",\"publisher\":{\"@id\":\"https:\/\/shop.natureneem.com\/da\/#organization\"},\"alternateName\":\"Nature Neem\",\"potentialAction\":[{\"@type\":\"SearchAction\",\"target\":{\"@type\":\"EntryPoint\",\"urlTemplate\":\"https:\/\/shop.natureneem.com\/da\/?s={search_term_string}\"},\"query-input\":{\"@type\":\"PropertyValueSpecification\",\"valueRequired\":true,\"valueName\":\"search_term_string\"}}],\"inLanguage\":\"da-DK\"},{\"@type\":\"Organization\",\"@id\":\"https:\/\/shop.natureneem.com\/da\/#organization\",\"name\":\"Nature Neem\",\"alternateName\":\"Lorsun SAS\",\"url\":\"https:\/\/shop.natureneem.com\/da\/\",\"logo\":{\"@type\":\"ImageObject\",\"inLanguage\":\"da-DK\",\"@id\":\"https:\/\/shop.natureneem.com\/da\/#\/schema\/logo\/image\/\",\"url\":\"https:\/\/shop.natureneem.com\/wp-content\/uploads\/2024\/09\/nn-logo-symbole-2024-01.svg\",\"contentUrl\":\"https:\/\/shop.natureneem.com\/wp-content\/uploads\/2024\/09\/nn-logo-symbole-2024-01.svg\",\"width\":1,\"height\":1,\"caption\":\"Nature Neem\"},\"image\":{\"@id\":\"https:\/\/shop.natureneem.com\/da\/#\/schema\/logo\/image\/\"},\"sameAs\":[\"https:\/\/www.facebook.com\/natureneemindia\/\",\"https:\/\/x.com\/natureneem\",\"https:\/\/www.youtube.com\/user\/natureneem\",\"https:\/\/www.linkedin.com\/company\/natureneem\"],\"description\":\"Vi besk\u00e6ftiger os med udvikling og kommercialisering af \u00f8kologiske l\u00f8sninger. Vi forts\u00e6tter med at opfinde disse naturlige alternative l\u00f8sninger, som effektivt kan erstatte de kemisk fremstillede produkter, der skader vores milj\u00f8. Vores team er s\u00e6rligt kompetent til at foresl\u00e5 \u00f8kologiske landbrugsinput. Vi fungerer ogs\u00e5 som en sammenslutning af ligesindede, der tror p\u00e5, at naturen er l\u00f8sningen p\u00e5 alle de milj\u00f8problemer, som mennesker st\u00e5r over for.   \",\"email\":\"info@natureneem.com\",\"telephone\":\"+91 77084 00899\",\"legalName\":\"NATURE NEEM PRODUCTS\",\"vatID\":\"FR08891657884\",\"numberOfEmployees\":{\"@type\":\"QuantitativeValue\",\"minValue\":\"51\",\"maxValue\":\"200\"},\"publishingPrinciples\":\"https:\/\/shop.natureneem.com\/\",\"actionableFeedbackPolicy\":\"https:\/\/shop.natureneem.com\/return-and-refund-policy\/\",\"hasMerchantReturnPolicy\":{\"@type\":\"MerchantReturnPolicy\",\"merchantReturnLink\":\"https:\/\/shop.natureneem.com\/return-and-refund-policy\/\"}}]}<\/script>\n<meta property=\"og:availability\" content=\"instock\" \/>\n<meta property=\"product:availability\" content=\"instock\" \/>\n<meta property=\"product:retailer_item_id\" content=\"Pure_Neem_Oil\" \/>\n<meta property=\"product:condition\" content=\"new\" \/>\n<!-- \/ Yoast SEO Premium plugin. -->","yoast_head_json":{"title":"Certificeret \u00f8kologisk ren neemolie: Ingen tils\u00e6tningsstoffer eller stabilisatorer \ud83d\udfe1 NatureNeem e-Shop","description":"Oplev kraften i ren neem-olie, udvundet af neem-fr\u00f8 af fineste kvalitet. 100 % \u00f8kologisk og fri for tils\u00e6tningsstoffer. F\u00e5 din egen nu!","robots":{"index":"index","follow":"follow","max-snippet":"max-snippet:-1","max-image-preview":"max-image-preview:large","max-video-preview":"max-video-preview:-1"},"canonical":"https:\/\/shop.natureneem.com\/da\/e-shop\/ren-neem-olie\/","og_locale":"da_DK","og_type":"article","og_title":"Oplev den biokemiske fabrik: Ren Neem-olie til naturlige l\u00f8sninger","og_description":"Oplev den reneste form for neem-olie, koldpresset fra omhyggeligt udvalgte neem-fr\u00f8. Oplev den \u00f8kologiske godhed som aldrig f\u00f8r. F\u00e5 fat i din nu!","og_url":"https:\/\/shop.natureneem.com\/da\/e-shop\/ren-neem-olie\/","og_site_name":"NatureNeem e-Shop","article_publisher":"https:\/\/www.facebook.com\/natureneemindia\/","article_modified_time":"2025-09-18T13:49:56+00:00","og_image":[{"width":1000,"height":1000,"url":"https:\/\/shop.natureneem.com\/wp-content\/uploads\/2019\/07\/nn_pureneemoil_01-1.jpg","type":"image\/jpeg"}],"twitter_card":"summary_large_image","twitter_title":"Ren Neem-olie: Koldpresset for overlegen kvalitet og renhed","twitter_description":"Oplev kraften i ren neem-olie, koldpresset fra de fineste neem-fr\u00f8. Certificeret \u00f8kologisk, uden tils\u00e6tningsstoffer eller emulgatorer. K\u00f8b din olie i dag, og nyd dens mange fordele!","twitter_site":"@natureneem","twitter_misc":{"Tilg\u00e6ngelighed":"P\u00e5 lager"},"schema":{"@context":"https:\/\/schema.org","@graph":[{"@type":"WebPage","@id":"https:\/\/shop.natureneem.com\/da\/e-shop\/ren-neem-olie\/","url":"https:\/\/shop.natureneem.com\/da\/e-shop\/ren-neem-olie\/","name":"Certificeret \u00f8kologisk ren neemolie: Ingen tils\u00e6tningsstoffer eller stabilisatorer \ud83d\udfe1 NatureNeem e-Shop","isPartOf":{"@id":"https:\/\/shop.natureneem.com\/da\/#website"},"primaryImageOfPage":{"@id":"https:\/\/shop.natureneem.com\/da\/e-shop\/ren-neem-olie\/#primaryimage"},"image":{"@id":"https:\/\/shop.natureneem.com\/da\/e-shop\/ren-neem-olie\/#primaryimage"},"thumbnailUrl":"https:\/\/shop.natureneem.com\/wp-content\/uploads\/2019\/07\/nn_pureneemoil_01-1.jpg","datePublished":"2019-07-06T16:49:41+00:00","dateModified":"2025-09-18T13:49:56+00:00","description":"Oplev kraften i ren neem-olie, udvundet af neem-fr\u00f8 af fineste kvalitet. 100 % \u00f8kologisk og fri for tils\u00e6tningsstoffer. F\u00e5 din egen nu!","breadcrumb":{"@id":"https:\/\/shop.natureneem.com\/da\/e-shop\/ren-neem-olie\/#breadcrumb"},"inLanguage":"da-DK","potentialAction":[{"@type":"ReadAction","target":["https:\/\/shop.natureneem.com\/da\/e-shop\/ren-neem-olie\/"]}]},{"@type":"ImageObject","inLanguage":"da-DK","@id":"https:\/\/shop.natureneem.com\/da\/e-shop\/ren-neem-olie\/#primaryimage","url":"https:\/\/shop.natureneem.com\/wp-content\/uploads\/2019\/07\/nn_pureneemoil_01-1.jpg","contentUrl":"https:\/\/shop.natureneem.com\/wp-content\/uploads\/2019\/07\/nn_pureneemoil_01-1.jpg","width":1000,"height":1000,"caption":"Ren Neem-olie fra Nature Neem"},{"@type":"BreadcrumbList","@id":"https:\/\/shop.natureneem.com\/da\/e-shop\/ren-neem-olie\/#breadcrumb","itemListElement":[{"@type":"ListItem","position":1,"name":"Home","item":"https:\/\/shop.natureneem.com\/da\/hjem\/"},{"@type":"ListItem","position":2,"name":"e-butik","item":"https:\/\/shop.natureneem.com\/da\/e-butik\/"},{"@type":"ListItem","position":3,"name":"Ren neem-olie"}]},{"@type":"WebSite","@id":"https:\/\/shop.natureneem.com\/da\/#website","url":"https:\/\/shop.natureneem.com\/da\/","name":"NatureNeem e-Shop","description":"Official Shop from Nature Neem","publisher":{"@id":"https:\/\/shop.natureneem.com\/da\/#organization"},"alternateName":"Nature Neem","potentialAction":[{"@type":"SearchAction","target":{"@type":"EntryPoint","urlTemplate":"https:\/\/shop.natureneem.com\/da\/?s={search_term_string}"},"query-input":{"@type":"PropertyValueSpecification","valueRequired":true,"valueName":"search_term_string"}}],"inLanguage":"da-DK"},{"@type":"Organization","@id":"https:\/\/shop.natureneem.com\/da\/#organization","name":"Nature Neem","alternateName":"Lorsun SAS","url":"https:\/\/shop.natureneem.com\/da\/","logo":{"@type":"ImageObject","inLanguage":"da-DK","@id":"https:\/\/shop.natureneem.com\/da\/#\/schema\/logo\/image\/","url":"https:\/\/shop.natureneem.com\/wp-content\/uploads\/2024\/09\/nn-logo-symbole-2024-01.svg","contentUrl":"https:\/\/shop.natureneem.com\/wp-content\/uploads\/2024\/09\/nn-logo-symbole-2024-01.svg","width":1,"height":1,"caption":"Nature Neem"},"image":{"@id":"https:\/\/shop.natureneem.com\/da\/#\/schema\/logo\/image\/"},"sameAs":["https:\/\/www.facebook.com\/natureneemindia\/","https:\/\/x.com\/natureneem","https:\/\/www.youtube.com\/user\/natureneem","https:\/\/www.linkedin.com\/company\/natureneem"],"description":"Vi besk\u00e6ftiger os med udvikling og kommercialisering af \u00f8kologiske l\u00f8sninger. Vi forts\u00e6tter med at opfinde disse naturlige alternative l\u00f8sninger, som effektivt kan erstatte de kemisk fremstillede produkter, der skader vores milj\u00f8. Vores team er s\u00e6rligt kompetent til at foresl\u00e5 \u00f8kologiske landbrugsinput. Vi fungerer ogs\u00e5 som en sammenslutning af ligesindede, der tror p\u00e5, at naturen er l\u00f8sningen p\u00e5 alle de milj\u00f8problemer, som mennesker st\u00e5r over for.   ","email":"info@natureneem.com","telephone":"+91 77084 00899","legalName":"NATURE NEEM PRODUCTS","vatID":"FR08891657884","numberOfEmployees":{"@type":"QuantitativeValue","minValue":"51","maxValue":"200"},"publishingPrinciples":"https:\/\/shop.natureneem.com\/","actionableFeedbackPolicy":"https:\/\/shop.natureneem.com\/return-and-refund-policy\/","hasMerchantReturnPolicy":{"@type":"MerchantReturnPolicy","merchantReturnLink":"https:\/\/shop.natureneem.com\/return-and-refund-policy\/"}}]},"og_availability":"instock","product_availability":"instock","product_retailer_item_id":"Pure_Neem_Oil","product_condition":"new"},"_links":{"self":[{"href":"https:\/\/shop.natureneem.com\/da\/wp-json\/wp\/v2\/product\/9433","targetHints":{"allow":["GET"]}}],"collection":[{"href":"https:\/\/shop.natureneem.com\/da\/wp-json\/wp\/v2\/product"}],"about":[{"href":"https:\/\/shop.natureneem.com\/da\/wp-json\/wp\/v2\/types\/product"}],"replies":[{"embeddable":true,"href":"https:\/\/shop.natureneem.com\/da\/wp-json\/wp\/v2\/comments?post=9433"}],"wp:featuredmedia":[{"embeddable":true,"href":"https:\/\/shop.natureneem.com\/da\/wp-json\/wp\/v2\/media\/9434"}],"wp:attachment":[{"href":"https:\/\/shop.natureneem.com\/da\/wp-json\/wp\/v2\/media?parent=9433"}],"wp:term":[{"taxonomy":"product_brand","embeddable":true,"href":"https:\/\/shop.natureneem.com\/da\/wp-json\/wp\/v2\/product_brand?post=9433"},{"taxonomy":"product_cat","embeddable":true,"href":"https:\/\/shop.natureneem.com\/da\/wp-json\/wp\/v2\/product_cat?post=9433"},{"taxonomy":"product_tag","embeddable":true,"href":"https:\/\/shop.natureneem.com\/da\/wp-json\/wp\/v2\/product_tag?post=9433"}],"curies":[{"name":"wp","href":"https:\/\/api.w.org\/{rel}","templated":true}]}}