{"id":9484,"date":"2019-07-06T19:06:49","date_gmt":"2019-07-06T17:06:49","guid":{"rendered":"https:\/\/shop.natureneem.com\/e-shop\/biocare\/"},"modified":"2025-09-12T12:57:47","modified_gmt":"2025-09-12T10:57:47","slug":"biocare","status":"publish","type":"product","link":"https:\/\/shop.natureneem.com\/da\/e-shop\/biocare\/","title":{"rendered":"BioCare"},"content":{"rendered":"<h2>Neem-olie til dyr: BioCare<\/h2>\n<p><strong>BioCare, neem-olien til dyr, er en original formulering fra Nature Neem R&amp;D.<\/strong> Ingredienserne er optimeret til dyr og fugle. Den er effektiv til at kontrollere eksterne parasitter og de forskellige svampesygdomme, der p\u00e5virker dyr og fugle.  <\/p>\n<p>BioCare er valget for k\u00e6ledyrsholdere, der \u00f8nsker at s\u00f8ge efter et naturligt alternativ til kemiske pesticider. BioCare h\u00f8rer til i kategorien mellem- til bredspektrede pesticider. Det virker ved at gribe ind i flere faser af parasitternes livscyklus.  <\/p>\n<div class=\"uk-grid-match uk-child-width-expand@s\" uk-grid=\"\">\n<div>\n<div class=\"uk-card uk-card-primary uk-card-body\">\n<h3 class=\"uk-card-title\">BioCare som svampe- og bakteriedr\u00e6bende middel<\/h3>\n<p>Du kan finde alle doseringer til heste, grise, kaniner og selvf\u00f8lgelig til dine hunde, katte og fugle. Der er trods alt mange casestudier, der viser, at olie til dyr har helbredt og forynget huden p\u00e5 hunde.<br \/>\nNeem-olien til dyr skaber ingen milj\u00f8problemer og holder agro-\u00f8kosystemet fri for forurening. <\/p>\n<\/div>\n<\/div>\n<div>\n<div class=\"uk-card uk-card-default uk-card-body uk-background-muted\">\n<p>Mange metoder til at udrydde skadedyrene :<\/p>\n<ul>\n<li style=\"text-align: justify;\"><strong>Steriliserer insekters reproduktive<\/strong> system og forstyrrer <strong>reproduktionen<\/strong>.<\/li>\n<li><strong>Reducerer insekters<\/strong> evne til at <strong>l\u00e6gge \u00e6g.<\/strong> <\/li>\n<li><strong>Forstyrrer \u00e6ggenes<\/strong> kl\u00e6kkelighed.<\/li>\n<li><strong>P\u00e5virker udviklingen af larver<\/strong>, pupper og nymfer negativt.<\/li>\n<\/ul>\n<\/div>\n<\/div>\n<\/div>\n<div class=\"uk-grid-match uk-child-width-expand@s uk-text-center\" uk-grid=\"\">\n<div>\n<div class=\"uk-card uk-card-default uk-card-body\">\n<h3>Hvorfor er BioCare bedre end andre olier? T\u00f8v ikke med at sammenligne, du vil blive overrasket! <\/h3>\n<p>Fordi Azadirachtin, den vigtigste ingrediens, ligger p\u00e5 omkring 2500 ppm (0,25 %). Typiske partier i visse s\u00e6soner har vist rekordniveauer p\u00e5 3000 ppm Azadirachtin.<br \/>\n<strong>Indholdet af azadirachtin i billigere produkter p\u00e5 markedet overstiger dog ikke 300 ppm.<\/strong><\/p>\n<h2 class=\"uk-card-title\">BioCare er certificeret af Ecocert&#8217;s klage til NOP &amp; EU-normer<\/h2>\n<div><img loading=\"lazy\" decoding=\"async\" class=\"alignnone wp-image-391 size-medium\" title=\"BioCare-certificeringer\" src=\"https:\/\/shop.natureneem.com\/wp-content\/uploads\/2023\/05\/nn_cert_facture-300x60.png\" alt=\"Nature Neem-produkter er certificeret af Ecocert SA F-32600 og Europa-Kommissionens standarder, National Organic Programe (NOP - USDA), Soil Association Certification.\" width=\"300\" height=\"60\"><\/div>\n<\/div>\n<\/div>\n<div>\n<div class=\"uk-card uk-card-secondary uk-card-body\">\n<h2 class=\"uk-card-title\">Hvordan anvender man dette produkt?<\/h2>\n<p>Fuld beskrivelse, ans\u00f8gninger, FAQ og information.<\/p>\n<div><a class=\"uk-button uk-button-primary\" href=\"https:\/\/natureneem.com\/en\/products\/biocare\" target=\"_blank\" rel=\"noopener noreferrer\">KLIK HER<\/a><\/div>\n<\/div>\n<\/div>\n<\/div>\n<h3>Den vandopl\u00f8selige neemolie til dyr er kort sagt BioCare. Man skal huske p\u00e5, at den er s\u00e5 enkel at bruge, f\u00f8rst og fremmest til alle dine k\u00e6ledyr, pattedyr, heste, &#8230;<br \/>\nAlle produkter fra Nature Neem India er fuldt bio. Pr\u00f8v <a href=\"https:\/\/shop.natureneem.com\/da\/e-shop\/nutraza\/\">NutrAza<\/a> for at fuldende fordelene ved neem-g\u00f8dning og <a href=\"https:\/\/shop.natureneem.com\/da\/e-shop\/totalcare\/\">TotalCare<\/a> til dine planter.  <\/h3>\n","protected":false},"excerpt":{"rendered":"<h3 class=\"ai-optimize-19\">Vandopl\u00f8selig neemolie til pleje af dyrehud<\/h3>\n<p class=\"ai-optimize-20\">Naturligt bio-certificeret kvalitetsprodukt siden 1990 af Nature Neem India. Effektivt biologisk pesticid, fungicid og baktericid. Ikke giftigt for mennesker, dyr, fugle &#8230;  <\/p>\n","protected":false},"featured_media":11981,"comment_status":"open","ping_status":"closed","template":"","meta":[],"product_brand":[],"product_cat":[614],"product_tag":[],"class_list":{"0":"post-9484","1":"product","2":"type-product","3":"status-publish","4":"has-post-thumbnail","6":"product_cat-neem-produkter-da","7":"pa_packing-1l-da","8":"pa_packing-20l-da","9":"pa_packing-250ml-da","10":"pa_packing-5l-da","11":"pa_packing-500ml-da","13":"first","14":"instock","15":"shipping-taxable","16":"purchasable","17":"product-type-variable","18":"has-default-attributes"},"yoast_head":"<!-- This site is optimized with the Yoast SEO Premium plugin v27.1 (Yoast SEO v27.4) - https:\/\/yoast.com\/product\/yoast-seo-premium-wordpress\/ -->\n<title>BioCare Neem-olie til dyr: Naturligt alternativ til pesticider.<\/title>\n<meta name=\"description\" content=\"Sig farvel til kemiske pesticider! BioCares neemolie til k\u00e6ledyr er naturligt effektiv mod parasitter og svampesygdomme. \ud83d\udc36 \ud83d\udc34 \ud83d\udc2e. Ingen stress for dine k\u00e6ledyr.\" \/>\n<meta name=\"robots\" content=\"index, follow, max-snippet:-1, max-image-preview:large, max-video-preview:-1\" \/>\n<link rel=\"canonical\" href=\"https:\/\/shop.natureneem.com\/da\/e-shop\/biocare\/\" \/>\n<meta property=\"og:locale\" content=\"da_DK\" \/>\n<meta property=\"og:type\" content=\"article\" \/>\n<meta property=\"og:title\" content=\"BioCare: Neem-olie til dyr - sikker og naturlig l\u00f8sning\" \/>\n<meta property=\"og:description\" content=\"Leder du efter et naturligt alternativ til kemiske pesticider? BioCare, neem-olien til dyr, er det perfekte valg for ansvarlige k\u00e6ledyrsholdere. \ud83c\udf3f\" \/>\n<meta property=\"og:url\" content=\"https:\/\/shop.natureneem.com\/da\/e-shop\/biocare\/\" \/>\n<meta property=\"og:site_name\" content=\"NatureNeem e-Shop\" \/>\n<meta property=\"article:publisher\" content=\"https:\/\/www.facebook.com\/natureneemindia\/\" \/>\n<meta property=\"article:modified_time\" content=\"2025-09-12T10:57:47+00:00\" \/>\n<meta property=\"og:image\" content=\"https:\/\/shop.natureneem.com\/wp-content\/uploads\/2019\/07\/NN-BIOCARE-2025_GROUP_01.jpg\" \/>\n\t<meta property=\"og:image:width\" content=\"800\" \/>\n\t<meta property=\"og:image:height\" content=\"800\" \/>\n\t<meta property=\"og:image:type\" content=\"image\/jpeg\" \/>\n<meta name=\"twitter:card\" content=\"summary_large_image\" \/>\n<meta name=\"twitter:title\" content=\"Neem-olie til dyr: Naturlig l\u00f8sning til bek\u00e6mpelse af parasitter\" \/>\n<meta name=\"twitter:description\" content=\"Sig farvel til kemiske pesticider! BioCare neemolie til dyr er en sikker og effektiv l\u00f8sning til bek\u00e6mpelse af parasitter og svampesygdomme. F\u00e5 din i dag! \ud83d\udc3e\" \/>\n<meta name=\"twitter:site\" content=\"@natureneem\" \/>\n<meta name=\"twitter:label1\" content=\"Tilg\u00e6ngelighed\" \/>\n\t<meta name=\"twitter:data1\" content=\"P\u00e5 lager\" \/>\n<script type=\"application\/ld+json\" class=\"yoast-schema-graph\">{\"@context\":\"https:\\\/\\\/schema.org\",\"@graph\":[{\"@type\":\"WebPage\",\"@id\":\"https:\\\/\\\/shop.natureneem.com\\\/da\\\/e-shop\\\/biocare\\\/\",\"url\":\"https:\\\/\\\/shop.natureneem.com\\\/da\\\/e-shop\\\/biocare\\\/\",\"name\":\"BioCare Neem-olie til dyr: Naturligt alternativ til pesticider.\",\"isPartOf\":{\"@id\":\"https:\\\/\\\/shop.natureneem.com\\\/da\\\/#website\"},\"primaryImageOfPage\":{\"@id\":\"https:\\\/\\\/shop.natureneem.com\\\/da\\\/e-shop\\\/biocare\\\/#primaryimage\"},\"image\":{\"@id\":\"https:\\\/\\\/shop.natureneem.com\\\/da\\\/e-shop\\\/biocare\\\/#primaryimage\"},\"thumbnailUrl\":\"https:\\\/\\\/shop.natureneem.com\\\/wp-content\\\/uploads\\\/2019\\\/07\\\/NN-BIOCARE-2025_GROUP_01.jpg\",\"datePublished\":\"2019-07-06T17:06:49+00:00\",\"dateModified\":\"2025-09-12T10:57:47+00:00\",\"description\":\"Sig farvel til kemiske pesticider! BioCares neemolie til k\u00e6ledyr er naturligt effektiv mod parasitter og svampesygdomme. \ud83d\udc36 \ud83d\udc34 \ud83d\udc2e. Ingen stress for dine k\u00e6ledyr.\",\"breadcrumb\":{\"@id\":\"https:\\\/\\\/shop.natureneem.com\\\/da\\\/e-shop\\\/biocare\\\/#breadcrumb\"},\"inLanguage\":\"da-DK\",\"potentialAction\":[{\"@type\":\"ReadAction\",\"target\":[\"https:\\\/\\\/shop.natureneem.com\\\/da\\\/e-shop\\\/biocare\\\/\"]}]},{\"@type\":\"ImageObject\",\"inLanguage\":\"da-DK\",\"@id\":\"https:\\\/\\\/shop.natureneem.com\\\/da\\\/e-shop\\\/biocare\\\/#primaryimage\",\"url\":\"https:\\\/\\\/shop.natureneem.com\\\/wp-content\\\/uploads\\\/2019\\\/07\\\/NN-BIOCARE-2025_GROUP_01.jpg\",\"contentUrl\":\"https:\\\/\\\/shop.natureneem.com\\\/wp-content\\\/uploads\\\/2019\\\/07\\\/NN-BIOCARE-2025_GROUP_01.jpg\",\"width\":800,\"height\":800,\"caption\":\"BioCare by Nature Neem\"},{\"@type\":\"BreadcrumbList\",\"@id\":\"https:\\\/\\\/shop.natureneem.com\\\/da\\\/e-shop\\\/biocare\\\/#breadcrumb\",\"itemListElement\":[{\"@type\":\"ListItem\",\"position\":1,\"name\":\"Home\",\"item\":\"https:\\\/\\\/shop.natureneem.com\\\/da\\\/hjem\\\/\"},{\"@type\":\"ListItem\",\"position\":2,\"name\":\"e-butik\",\"item\":\"https:\\\/\\\/shop.natureneem.com\\\/da\\\/e-butik\\\/\"},{\"@type\":\"ListItem\",\"position\":3,\"name\":\"BioCare\"}]},{\"@type\":\"WebSite\",\"@id\":\"https:\\\/\\\/shop.natureneem.com\\\/da\\\/#website\",\"url\":\"https:\\\/\\\/shop.natureneem.com\\\/da\\\/\",\"name\":\"NatureNeem e-Shop\",\"description\":\"Official Shop from Nature Neem\",\"publisher\":{\"@id\":\"https:\\\/\\\/shop.natureneem.com\\\/da\\\/#organization\"},\"alternateName\":\"Nature Neem\",\"potentialAction\":[{\"@type\":\"SearchAction\",\"target\":{\"@type\":\"EntryPoint\",\"urlTemplate\":\"https:\\\/\\\/shop.natureneem.com\\\/da\\\/?s={search_term_string}\"},\"query-input\":{\"@type\":\"PropertyValueSpecification\",\"valueRequired\":true,\"valueName\":\"search_term_string\"}}],\"inLanguage\":\"da-DK\"},{\"@type\":\"Organization\",\"@id\":\"https:\\\/\\\/shop.natureneem.com\\\/da\\\/#organization\",\"name\":\"Nature Neem\",\"alternateName\":\"Lorsun SAS\",\"url\":\"https:\\\/\\\/shop.natureneem.com\\\/da\\\/\",\"logo\":{\"@type\":\"ImageObject\",\"inLanguage\":\"da-DK\",\"@id\":\"https:\\\/\\\/shop.natureneem.com\\\/da\\\/#\\\/schema\\\/logo\\\/image\\\/\",\"url\":\"https:\\\/\\\/shop.natureneem.com\\\/wp-content\\\/uploads\\\/2024\\\/09\\\/nn-logo-symbole-2024-01.svg\",\"contentUrl\":\"https:\\\/\\\/shop.natureneem.com\\\/wp-content\\\/uploads\\\/2024\\\/09\\\/nn-logo-symbole-2024-01.svg\",\"width\":1,\"height\":1,\"caption\":\"Nature Neem\"},\"image\":{\"@id\":\"https:\\\/\\\/shop.natureneem.com\\\/da\\\/#\\\/schema\\\/logo\\\/image\\\/\"},\"sameAs\":[\"https:\\\/\\\/www.facebook.com\\\/natureneemindia\\\/\",\"https:\\\/\\\/x.com\\\/natureneem\",\"https:\\\/\\\/www.youtube.com\\\/user\\\/natureneem\",\"https:\\\/\\\/www.linkedin.com\\\/company\\\/natureneem\"],\"description\":\"Vi besk\u00e6ftiger os med udvikling og kommercialisering af \u00f8kologiske l\u00f8sninger. Vi forts\u00e6tter med at opfinde disse naturlige alternative l\u00f8sninger, som effektivt kan erstatte de kemisk fremstillede produkter, der skader vores milj\u00f8. Vores team er s\u00e6rligt kompetent til at foresl\u00e5 \u00f8kologiske landbrugsinput. Vi fungerer ogs\u00e5 som en sammenslutning af ligesindede, der tror p\u00e5, at naturen er l\u00f8sningen p\u00e5 alle de milj\u00f8problemer, som mennesker st\u00e5r over for.   \",\"email\":\"info@natureneem.com\",\"telephone\":\"+91 77084 00899\",\"legalName\":\"NATURE NEEM PRODUCTS\",\"vatID\":\"FR08891657884\",\"numberOfEmployees\":{\"@type\":\"QuantitativeValue\",\"minValue\":\"51\",\"maxValue\":\"200\"},\"publishingPrinciples\":\"https:\\\/\\\/shop.natureneem.com\\\/\",\"actionableFeedbackPolicy\":\"https:\\\/\\\/shop.natureneem.com\\\/return-and-refund-policy\\\/\",\"hasMerchantReturnPolicy\":{\"@type\":\"MerchantReturnPolicy\",\"merchantReturnLink\":\"https:\\\/\\\/shop.natureneem.com\\\/return-and-refund-policy\\\/\"}}]}<\/script>\n<meta property=\"og:availability\" content=\"instock\" \/>\n<meta property=\"product:availability\" content=\"instock\" \/>\n<meta property=\"product:retailer_item_id\" content=\"BioCare\" \/>\n<meta property=\"product:condition\" content=\"new\" \/>\n<!-- \/ Yoast SEO Premium plugin. -->","yoast_head_json":{"title":"BioCare Neem-olie til dyr: Naturligt alternativ til pesticider.","description":"Sig farvel til kemiske pesticider! BioCares neemolie til k\u00e6ledyr er naturligt effektiv mod parasitter og svampesygdomme. \ud83d\udc36 \ud83d\udc34 \ud83d\udc2e. Ingen stress for dine k\u00e6ledyr.","robots":{"index":"index","follow":"follow","max-snippet":"max-snippet:-1","max-image-preview":"max-image-preview:large","max-video-preview":"max-video-preview:-1"},"canonical":"https:\/\/shop.natureneem.com\/da\/e-shop\/biocare\/","og_locale":"da_DK","og_type":"article","og_title":"BioCare: Neem-olie til dyr - sikker og naturlig l\u00f8sning","og_description":"Leder du efter et naturligt alternativ til kemiske pesticider? BioCare, neem-olien til dyr, er det perfekte valg for ansvarlige k\u00e6ledyrsholdere. \ud83c\udf3f","og_url":"https:\/\/shop.natureneem.com\/da\/e-shop\/biocare\/","og_site_name":"NatureNeem e-Shop","article_publisher":"https:\/\/www.facebook.com\/natureneemindia\/","article_modified_time":"2025-09-12T10:57:47+00:00","og_image":[{"width":800,"height":800,"url":"https:\/\/shop.natureneem.com\/wp-content\/uploads\/2019\/07\/NN-BIOCARE-2025_GROUP_01.jpg","type":"image\/jpeg"}],"twitter_card":"summary_large_image","twitter_title":"Neem-olie til dyr: Naturlig l\u00f8sning til bek\u00e6mpelse af parasitter","twitter_description":"Sig farvel til kemiske pesticider! BioCare neemolie til dyr er en sikker og effektiv l\u00f8sning til bek\u00e6mpelse af parasitter og svampesygdomme. F\u00e5 din i dag! \ud83d\udc3e","twitter_site":"@natureneem","twitter_misc":{"Tilg\u00e6ngelighed":"P\u00e5 lager"},"schema":{"@context":"https:\/\/schema.org","@graph":[{"@type":"WebPage","@id":"https:\/\/shop.natureneem.com\/da\/e-shop\/biocare\/","url":"https:\/\/shop.natureneem.com\/da\/e-shop\/biocare\/","name":"BioCare Neem-olie til dyr: Naturligt alternativ til pesticider.","isPartOf":{"@id":"https:\/\/shop.natureneem.com\/da\/#website"},"primaryImageOfPage":{"@id":"https:\/\/shop.natureneem.com\/da\/e-shop\/biocare\/#primaryimage"},"image":{"@id":"https:\/\/shop.natureneem.com\/da\/e-shop\/biocare\/#primaryimage"},"thumbnailUrl":"https:\/\/shop.natureneem.com\/wp-content\/uploads\/2019\/07\/NN-BIOCARE-2025_GROUP_01.jpg","datePublished":"2019-07-06T17:06:49+00:00","dateModified":"2025-09-12T10:57:47+00:00","description":"Sig farvel til kemiske pesticider! BioCares neemolie til k\u00e6ledyr er naturligt effektiv mod parasitter og svampesygdomme. \ud83d\udc36 \ud83d\udc34 \ud83d\udc2e. Ingen stress for dine k\u00e6ledyr.","breadcrumb":{"@id":"https:\/\/shop.natureneem.com\/da\/e-shop\/biocare\/#breadcrumb"},"inLanguage":"da-DK","potentialAction":[{"@type":"ReadAction","target":["https:\/\/shop.natureneem.com\/da\/e-shop\/biocare\/"]}]},{"@type":"ImageObject","inLanguage":"da-DK","@id":"https:\/\/shop.natureneem.com\/da\/e-shop\/biocare\/#primaryimage","url":"https:\/\/shop.natureneem.com\/wp-content\/uploads\/2019\/07\/NN-BIOCARE-2025_GROUP_01.jpg","contentUrl":"https:\/\/shop.natureneem.com\/wp-content\/uploads\/2019\/07\/NN-BIOCARE-2025_GROUP_01.jpg","width":800,"height":800,"caption":"BioCare by Nature Neem"},{"@type":"BreadcrumbList","@id":"https:\/\/shop.natureneem.com\/da\/e-shop\/biocare\/#breadcrumb","itemListElement":[{"@type":"ListItem","position":1,"name":"Home","item":"https:\/\/shop.natureneem.com\/da\/hjem\/"},{"@type":"ListItem","position":2,"name":"e-butik","item":"https:\/\/shop.natureneem.com\/da\/e-butik\/"},{"@type":"ListItem","position":3,"name":"BioCare"}]},{"@type":"WebSite","@id":"https:\/\/shop.natureneem.com\/da\/#website","url":"https:\/\/shop.natureneem.com\/da\/","name":"NatureNeem e-Shop","description":"Official Shop from Nature Neem","publisher":{"@id":"https:\/\/shop.natureneem.com\/da\/#organization"},"alternateName":"Nature Neem","potentialAction":[{"@type":"SearchAction","target":{"@type":"EntryPoint","urlTemplate":"https:\/\/shop.natureneem.com\/da\/?s={search_term_string}"},"query-input":{"@type":"PropertyValueSpecification","valueRequired":true,"valueName":"search_term_string"}}],"inLanguage":"da-DK"},{"@type":"Organization","@id":"https:\/\/shop.natureneem.com\/da\/#organization","name":"Nature Neem","alternateName":"Lorsun SAS","url":"https:\/\/shop.natureneem.com\/da\/","logo":{"@type":"ImageObject","inLanguage":"da-DK","@id":"https:\/\/shop.natureneem.com\/da\/#\/schema\/logo\/image\/","url":"https:\/\/shop.natureneem.com\/wp-content\/uploads\/2024\/09\/nn-logo-symbole-2024-01.svg","contentUrl":"https:\/\/shop.natureneem.com\/wp-content\/uploads\/2024\/09\/nn-logo-symbole-2024-01.svg","width":1,"height":1,"caption":"Nature Neem"},"image":{"@id":"https:\/\/shop.natureneem.com\/da\/#\/schema\/logo\/image\/"},"sameAs":["https:\/\/www.facebook.com\/natureneemindia\/","https:\/\/x.com\/natureneem","https:\/\/www.youtube.com\/user\/natureneem","https:\/\/www.linkedin.com\/company\/natureneem"],"description":"Vi besk\u00e6ftiger os med udvikling og kommercialisering af \u00f8kologiske l\u00f8sninger. Vi forts\u00e6tter med at opfinde disse naturlige alternative l\u00f8sninger, som effektivt kan erstatte de kemisk fremstillede produkter, der skader vores milj\u00f8. Vores team er s\u00e6rligt kompetent til at foresl\u00e5 \u00f8kologiske landbrugsinput. Vi fungerer ogs\u00e5 som en sammenslutning af ligesindede, der tror p\u00e5, at naturen er l\u00f8sningen p\u00e5 alle de milj\u00f8problemer, som mennesker st\u00e5r over for.   ","email":"info@natureneem.com","telephone":"+91 77084 00899","legalName":"NATURE NEEM PRODUCTS","vatID":"FR08891657884","numberOfEmployees":{"@type":"QuantitativeValue","minValue":"51","maxValue":"200"},"publishingPrinciples":"https:\/\/shop.natureneem.com\/","actionableFeedbackPolicy":"https:\/\/shop.natureneem.com\/return-and-refund-policy\/","hasMerchantReturnPolicy":{"@type":"MerchantReturnPolicy","merchantReturnLink":"https:\/\/shop.natureneem.com\/return-and-refund-policy\/"}}]},"og_availability":"instock","product_availability":"instock","product_retailer_item_id":"BioCare","product_condition":"new"},"_links":{"self":[{"href":"https:\/\/shop.natureneem.com\/da\/wp-json\/wp\/v2\/product\/9484","targetHints":{"allow":["GET"]}}],"collection":[{"href":"https:\/\/shop.natureneem.com\/da\/wp-json\/wp\/v2\/product"}],"about":[{"href":"https:\/\/shop.natureneem.com\/da\/wp-json\/wp\/v2\/types\/product"}],"replies":[{"embeddable":true,"href":"https:\/\/shop.natureneem.com\/da\/wp-json\/wp\/v2\/comments?post=9484"}],"wp:featuredmedia":[{"embeddable":true,"href":"https:\/\/shop.natureneem.com\/da\/wp-json\/wp\/v2\/media\/11981"}],"wp:attachment":[{"href":"https:\/\/shop.natureneem.com\/da\/wp-json\/wp\/v2\/media?parent=9484"}],"wp:term":[{"taxonomy":"product_brand","embeddable":true,"href":"https:\/\/shop.natureneem.com\/da\/wp-json\/wp\/v2\/product_brand?post=9484"},{"taxonomy":"product_cat","embeddable":true,"href":"https:\/\/shop.natureneem.com\/da\/wp-json\/wp\/v2\/product_cat?post=9484"},{"taxonomy":"product_tag","embeddable":true,"href":"https:\/\/shop.natureneem.com\/da\/wp-json\/wp\/v2\/product_tag?post=9484"}],"curies":[{"name":"wp","href":"https:\/\/api.w.org\/{rel}","templated":true}]}}