{"id":5889,"date":"2024-09-16T16:00:43","date_gmt":"2024-09-16T14:00:43","guid":{"rendered":"https:\/\/shop.natureneem.com\/rueckgabe-und-erstattungsbedingungen\/"},"modified":"2024-10-07T14:38:30","modified_gmt":"2024-10-07T12:38:30","slug":"rueckgabe-und-erstattungsbedingungen","status":"publish","type":"page","link":"https:\/\/shop.natureneem.com\/de\/rueckgabe-und-erstattungsbedingungen\/","title":{"rendered":"R\u00fcckgabe- und Erstattungsbedingungen"},"content":{"rendered":"<h3>Vielen Dank, dass Sie bei Nature Neem e-Shop eingekauft haben.<\/h3>\n<div>\n<p style=\"padding-left: 40px;\">Sollten Sie aus irgendeinem Grund mit einem Kauf nicht zufrieden sein, bitten wir Sie, unsere Richtlinien f\u00fcr R\u00fcckerstattungen und R\u00fcckgaben zu lesen.<\/p>\n<p style=\"padding-left: 40px;\">Die folgenden Bedingungen gelten f\u00fcr alle Produkte, die Sie bei uns gekauft haben.<\/p>\n<h2>Auslegung und Definitionen<\/h2>\n<h3 style=\"padding-left: 40px;\">Interpretation<\/h3>\n<p style=\"padding-left: 80px;\">Die W\u00f6rter, deren Anfangsbuchstaben gro\u00df geschrieben sind, haben die unter den folgenden Bedingungen definierten Bedeutungen.<br \/>\nDie folgenden Definitionen haben dieselbe Bedeutung, unabh\u00e4ngig davon, ob sie im Singular oder im Plural stehen. <\/p>\n<h3 style=\"padding-left: 40px;\">Definitionen<\/h3>\n<p style=\"padding-left: 80px;\">F\u00fcr die Zwecke dieser R\u00fcckgabe- und Erstattungsrichtlinie:<\/p>\n<ul>\n<li style=\"list-style-type: none;\">\n<ul>\n<li style=\"list-style-type: none;\">\n<ul>\n<li>Das Unternehmen (in diesem Vertrag entweder als &#8220;das Unternehmen&#8221;, &#8220;wir&#8221;, &#8220;uns&#8221; oder &#8220;unser&#8221; bezeichnet) bezieht sich auf Nature Neem, 58-A, Bajanai Madam Street Namakkal 637 001.<\/li>\n<li>Waren beziehen sich auf die Artikel, die im Service zum Verkauf angeboten werden.<\/li>\n<li>Bestellungen bedeuten eine Anfrage Ihrerseits, Waren von uns zu kaufen.<\/li>\n<li>Service bezieht sich auf die Website.<\/li>\n<li>Die Website verweist auf den Nature Neem e-Shop, der \u00fcber https:\/\/shop.natureneem.com\/ zug\u00e4nglich ist.<\/li>\n<li>Sie sind die Person, die auf den Dienst zugreift oder ihn nutzt, oder das Unternehmen oder eine andere juristische Person, in deren Namen eine solche Person auf den Dienst zugreift oder ihn nutzt, je nachdem.<\/li>\n<\/ul>\n<\/li>\n<\/ul>\n<\/li>\n<\/ul>\n<h3 style=\"padding-left: 40px;\">Ihr Recht auf Stornierung der Bestellung<\/h3>\n<p style=\"padding-left: 80px;\">Sie sind berechtigt, Ihre Bestellung innerhalb von 7 Tagen ohne Angabe von Gr\u00fcnden zu stornieren.<\/p>\n<p style=\"padding-left: 120px;\">Die Frist f\u00fcr die Stornierung einer Bestellung betr\u00e4gt 7 Tage ab dem Datum, an dem Sie die Waren erhalten haben oder an dem ein von Ihnen beauftragter Dritter, der nicht der Spediteur ist, das gelieferte Produkt in Besitz genommen hat.<\/p>\n<p style=\"padding-left: 120px;\">Um von Ihrem Widerrufsrecht Gebrauch zu machen, m\u00fcssen Sie uns mittels einer eindeutigen Erkl\u00e4rung \u00fcber Ihre Entscheidung informieren.<br \/>\nSie k\u00f6nnen uns \u00fcber Ihre Entscheidung informieren, indem Sie: <\/p>\n<p style=\"padding-left: 120px;\">Per E-Mail: <strong>info@natureneem.com<\/strong><\/p>\n<p style=\"padding-left: 120px;\">Wir erstatten Ihnen die Kosten sp\u00e4testens 14 Tage nach dem Tag, an dem wir die zur\u00fcckgegebenen Waren erhalten haben.<br \/>\nWir verwenden dasselbe Zahlungsmittel, das Sie f\u00fcr die Bestellung verwendet haben, und es fallen f\u00fcr Sie keine Geb\u00fchren f\u00fcr diese R\u00fcckerstattung an. <\/p>\n<h3 style=\"padding-left: 40px;\">Bedingungen f\u00fcr R\u00fccksendungen<\/h3>\n<p style=\"padding-left: 80px;\">Damit die Waren f\u00fcr eine R\u00fcckgabe in Frage kommen, stellen Sie bitte sicher, dass:<\/p>\n<ul>\n<li style=\"list-style-type: none;\">\n<ul>\n<li style=\"list-style-type: none;\">\n<ul>\n<li>Die Waren wurden in den letzten 7 Tagen gekauft<\/li>\n<li>Die Waren befinden sich in der Originalverpackung<\/li>\n<li>Die folgenden Waren k\u00f6nnen nicht zur\u00fcckgegeben werden:\n<ul>\n<li>Die Lieferung von Waren, die nach Ihren Spezifikationen hergestellt oder eindeutig personalisiert sind.<\/li>\n<li>Die Lieferung von Waren, die aufgrund ihrer Beschaffenheit nicht f\u00fcr eine R\u00fccksendung geeignet sind, schnell verderben oder deren Verfallsdatum \u00fcberschritten wurde.<\/li>\n<li>Die Lieferung von Waren, die aus Gr\u00fcnden des Gesundheitsschutzes oder der Hygiene nicht zur R\u00fcckgabe geeignet sind und nach der Lieferung entsiegelt wurden.<\/li>\n<li>Die Lieferung von Waren, die nach der Lieferung ihrer Art nach untrennbar mit anderen Gegenst\u00e4nden vermischt sind.<\/li>\n<\/ul>\n<\/li>\n<\/ul>\n<\/li>\n<\/ul>\n<\/li>\n<\/ul>\n<p style=\"padding-left: 80px;\">Wir behalten uns das Recht vor, die R\u00fcckgabe von Waren abzulehnen, die die oben genannten R\u00fcckgabebedingungen nicht erf\u00fcllen, und zwar nach unserem alleinigen Ermessen.<\/p>\n<p style=\"padding-left: 80px;\">Nur Waren zum regul\u00e4ren Preis k\u00f6nnen erstattet werden. Waren im Ausverkauf k\u00f6nnen leider nicht zur\u00fcckerstattet werden. Dieser Ausschluss gilt m\u00f6glicherweise nicht f\u00fcr Sie, wenn er nach geltendem Recht nicht zul\u00e4ssig ist.  <\/p>\n<h3 style=\"padding-left: 40px;\">R\u00fcckgabe von Waren<\/h3>\n<p style=\"padding-left: 80px;\">Sie sind f\u00fcr die Kosten und das Risiko der R\u00fccksendung der Waren an uns verantwortlich.<br \/>\nSie sollten die Waren an die folgende Adresse schicken: <\/p>\n<ul>\n<li style=\"list-style-type: none;\">\n<ul>\n<li style=\"list-style-type: none;\">\n<ul>\n<li>Nature Neem<br \/>\n58-A, Bajanai Madam Street<br \/>\nNamakkal 637 001<br \/>\nTamil Nadu, Indien<\/li>\n<\/ul>\n<\/li>\n<\/ul>\n<\/li>\n<\/ul>\n<p style=\"padding-left: 120px;\">Wir k\u00f6nnen nicht f\u00fcr Waren haftbar gemacht werden, die bei der R\u00fccksendung besch\u00e4digt werden oder verloren gehen.<br \/>\nWir empfehlen daher einen versicherten und verfolgbaren Postdienst. Wir sind nicht in der Lage, eine R\u00fcckerstattung auszustellen, wenn Sie die Waren nicht tats\u00e4chlich erhalten haben oder keinen Nachweis \u00fcber den Erhalt der R\u00fccksendung vorlegen k\u00f6nnen. <\/p>\n<h3 style=\"padding-left: 40px;\">Geschenke und kostenlose Produkte<\/h3>\n<p style=\"padding-left: 80px;\">Wenn die Waren beim Kauf als Geschenk gekennzeichnet und dann direkt an Sie versandt wurden, erhalten Sie eine Geschenkgutschrift in H\u00f6he des Wertes Ihrer R\u00fccksendung.<br \/>\nSobald das zur\u00fcckgegebene Produkt bei uns eingegangen ist, wird Ihnen ein Geschenkgutschein zugeschickt. <\/p>\n<p style=\"padding-left: 80px;\">Wenn die Waren beim Kauf nicht als Geschenk gekennzeichnet waren oder der Schenkende die Bestellung an sich selbst geschickt hat, um sie Ihnen sp\u00e4ter zu schenken, werden wir die Erstattung an den Schenkenden senden.<\/p>\n<h3 style=\"padding-left: 40px;\">Kontaktieren Sie uns<\/h3>\n<p style=\"padding-left: 80px;\">Wenn Sie Fragen zu unseren R\u00fcckgabe- und Erstattungsbedingungen haben, kontaktieren Sie uns bitte:<\/p>\n<p style=\"padding-left: 80px;\">Per E-Mail: <strong>info@natureneem.com<\/strong><\/p>\n<\/div>\n<p style=\"padding-left: 40px; text-align: right;\">Datum des Inkrafttretens: <strong>Mai 5, 2023<\/strong><\/p>\n","protected":false},"excerpt":{"rendered":"<p>Vielen Dank, dass Sie bei Nature Neem e-Shop eingekauft haben. Sollten Sie aus irgendeinem Grund mit einem Kauf nicht zufrieden sein, bitten wir Sie, unsere Richtlinien f\u00fcr R\u00fcckerstattungen und R\u00fcckgaben zu lesen. Die folgenden Bedingungen gelten f\u00fcr alle Produkte, die Sie bei uns gekauft haben. Auslegung und Definitionen Interpretation Die W\u00f6rter, deren Anfangsbuchstaben gro\u00df geschrieben [&hellip;]<\/p>\n","protected":false},"author":3,"featured_media":0,"parent":0,"menu_order":0,"comment_status":"closed","ping_status":"closed","template":"","meta":{"footnotes":""},"class_list":["post-5889","page","type-page","status-publish","hentry"],"yoast_head":"<!-- This site is optimized with the Yoast SEO Premium plugin v27.1 (Yoast SEO v27.2) - https:\/\/yoast.com\/product\/yoast-seo-premium-wordpress\/ -->\n<title>R\u00fcckgabe- und Erstattungsbedingungen - NatureNeem e-Shop<\/title>\n<meta name=\"robots\" content=\"index, follow, max-snippet:-1, max-image-preview:large, max-video-preview:-1\" \/>\n<link rel=\"canonical\" href=\"https:\/\/shop.natureneem.com\/de\/rueckgabe-und-erstattungsbedingungen\/\" \/>\n<meta property=\"og:locale\" content=\"de_DE\" \/>\n<meta property=\"og:type\" content=\"article\" \/>\n<meta property=\"og:title\" content=\"R\u00fcckgabe- und Erstattungsbedingungen\" \/>\n<meta property=\"og:description\" content=\"Vielen Dank, dass Sie bei Nature Neem e-Shop eingekauft haben. Sollten Sie aus irgendeinem Grund mit einem Kauf nicht zufrieden sein, bitten wir Sie, unsere Richtlinien f\u00fcr R\u00fcckerstattungen und R\u00fcckgaben zu lesen. Die folgenden Bedingungen gelten f\u00fcr alle Produkte, die Sie bei uns gekauft haben. Auslegung und Definitionen Interpretation Die W\u00f6rter, deren Anfangsbuchstaben gro\u00df geschrieben [&hellip;]\" \/>\n<meta property=\"og:url\" content=\"https:\/\/shop.natureneem.com\/de\/rueckgabe-und-erstattungsbedingungen\/\" \/>\n<meta property=\"og:site_name\" content=\"NatureNeem e-Shop\" \/>\n<meta property=\"article:publisher\" content=\"https:\/\/www.facebook.com\/natureneemindia\/\" \/>\n<meta property=\"article:modified_time\" content=\"2024-10-07T12:38:30+00:00\" \/>\n<meta property=\"og:image\" content=\"https:\/\/shop.natureneem.com\/wp-content\/uploads\/2024\/09\/nn-logo-2024_social_yoast2.jpg\" \/>\n\t<meta property=\"og:image:width\" content=\"1200\" \/>\n\t<meta property=\"og:image:height\" content=\"675\" \/>\n\t<meta property=\"og:image:type\" content=\"image\/jpeg\" \/>\n<meta name=\"twitter:card\" content=\"summary_large_image\" \/>\n<meta name=\"twitter:site\" content=\"@natureneem\" \/>\n<meta name=\"twitter:label1\" content=\"Gesch\u00e4tzte Lesezeit\" \/>\n\t<meta name=\"twitter:data1\" content=\"4\u00a0Minuten\" \/>\n<script type=\"application\/ld+json\" class=\"yoast-schema-graph\">{\"@context\":\"https:\/\/schema.org\",\"@graph\":[{\"@type\":\"WebPage\",\"@id\":\"https:\/\/shop.natureneem.com\/de\/rueckgabe-und-erstattungsbedingungen\/\",\"url\":\"https:\/\/shop.natureneem.com\/de\/rueckgabe-und-erstattungsbedingungen\/\",\"name\":\"R\u00fcckgabe- und Erstattungsbedingungen - NatureNeem e-Shop\",\"isPartOf\":{\"@id\":\"https:\/\/shop.natureneem.com\/de\/#website\"},\"datePublished\":\"2024-09-16T14:00:43+00:00\",\"dateModified\":\"2024-10-07T12:38:30+00:00\",\"breadcrumb\":{\"@id\":\"https:\/\/shop.natureneem.com\/de\/rueckgabe-und-erstattungsbedingungen\/#breadcrumb\"},\"inLanguage\":\"de\",\"potentialAction\":[{\"@type\":\"ReadAction\",\"target\":[\"https:\/\/shop.natureneem.com\/de\/rueckgabe-und-erstattungsbedingungen\/\"]}]},{\"@type\":\"BreadcrumbList\",\"@id\":\"https:\/\/shop.natureneem.com\/de\/rueckgabe-und-erstattungsbedingungen\/#breadcrumb\",\"itemListElement\":[{\"@type\":\"ListItem\",\"position\":1,\"name\":\"Home\",\"item\":\"https:\/\/shop.natureneem.com\/de\/startseite\/\"},{\"@type\":\"ListItem\",\"position\":2,\"name\":\"R\u00fcckgabe- und Erstattungsbedingungen\"}]},{\"@type\":\"WebSite\",\"@id\":\"https:\/\/shop.natureneem.com\/de\/#website\",\"url\":\"https:\/\/shop.natureneem.com\/de\/\",\"name\":\"NatureNeem e-Shop\",\"description\":\"Official Shop from Nature Neem\",\"publisher\":{\"@id\":\"https:\/\/shop.natureneem.com\/de\/#organization\"},\"alternateName\":\"Nature Neem\",\"potentialAction\":[{\"@type\":\"SearchAction\",\"target\":{\"@type\":\"EntryPoint\",\"urlTemplate\":\"https:\/\/shop.natureneem.com\/de\/?s={search_term_string}\"},\"query-input\":{\"@type\":\"PropertyValueSpecification\",\"valueRequired\":true,\"valueName\":\"search_term_string\"}}],\"inLanguage\":\"de\"},{\"@type\":\"Organization\",\"@id\":\"https:\/\/shop.natureneem.com\/de\/#organization\",\"name\":\"Nature Neem\",\"alternateName\":\"Lorsun SAS\",\"url\":\"https:\/\/shop.natureneem.com\/de\/\",\"logo\":{\"@type\":\"ImageObject\",\"inLanguage\":\"de\",\"@id\":\"https:\/\/shop.natureneem.com\/de\/#\/schema\/logo\/image\/\",\"url\":\"https:\/\/shop.natureneem.com\/wp-content\/uploads\/2024\/09\/nn-logo-symbole-2024-01.svg\",\"contentUrl\":\"https:\/\/shop.natureneem.com\/wp-content\/uploads\/2024\/09\/nn-logo-symbole-2024-01.svg\",\"width\":1,\"height\":1,\"caption\":\"Nature Neem\"},\"image\":{\"@id\":\"https:\/\/shop.natureneem.com\/de\/#\/schema\/logo\/image\/\"},\"sameAs\":[\"https:\/\/www.facebook.com\/natureneemindia\/\",\"https:\/\/x.com\/natureneem\",\"https:\/\/www.youtube.com\/user\/natureneem\",\"https:\/\/www.linkedin.com\/company\/natureneem\"],\"description\":\"Wir besch\u00e4ftigen uns mit der Entwicklung und Vermarktung von \u00f6kologischen L\u00f6sungen. Wir erfinden weiterhin diese nat\u00fcrlichen alternativen L\u00f6sungen, die die chemisch synthetisierten Produkte, die unserer Umwelt schaden, wirksam ersetzen k\u00f6nnen. Unser Team ist besonders kompetent, wenn es darum geht, \u00f6kologische landwirtschaftliche Betriebsmittel vorzuschlagen. Wir agieren auch als eine Vereinigung von Gleichgesinnten, die glauben, dass die Natur die L\u00f6sung f\u00fcr alle Umweltprobleme der Menschen bereith\u00e4lt.   \",\"email\":\"info@natureneem.com\",\"telephone\":\"+91 77084 00899\",\"legalName\":\"NATURE NEEM PRODUCTS\",\"vatID\":\"FR08891657884\",\"numberOfEmployees\":{\"@type\":\"QuantitativeValue\",\"minValue\":\"51\",\"maxValue\":\"200\"},\"publishingPrinciples\":\"https:\/\/shop.natureneem.com\/\",\"actionableFeedbackPolicy\":\"https:\/\/shop.natureneem.com\/return-and-refund-policy\/\",\"hasMerchantReturnPolicy\":{\"@type\":\"MerchantReturnPolicy\",\"merchantReturnLink\":\"https:\/\/shop.natureneem.com\/return-and-refund-policy\/\"}}]}<\/script>\n<!-- \/ Yoast SEO Premium plugin. -->","yoast_head_json":{"title":"R\u00fcckgabe- und Erstattungsbedingungen - NatureNeem e-Shop","robots":{"index":"index","follow":"follow","max-snippet":"max-snippet:-1","max-image-preview":"max-image-preview:large","max-video-preview":"max-video-preview:-1"},"canonical":"https:\/\/shop.natureneem.com\/de\/rueckgabe-und-erstattungsbedingungen\/","og_locale":"de_DE","og_type":"article","og_title":"R\u00fcckgabe- und Erstattungsbedingungen","og_description":"Vielen Dank, dass Sie bei Nature Neem e-Shop eingekauft haben. Sollten Sie aus irgendeinem Grund mit einem Kauf nicht zufrieden sein, bitten wir Sie, unsere Richtlinien f\u00fcr R\u00fcckerstattungen und R\u00fcckgaben zu lesen. Die folgenden Bedingungen gelten f\u00fcr alle Produkte, die Sie bei uns gekauft haben. Auslegung und Definitionen Interpretation Die W\u00f6rter, deren Anfangsbuchstaben gro\u00df geschrieben [&hellip;]","og_url":"https:\/\/shop.natureneem.com\/de\/rueckgabe-und-erstattungsbedingungen\/","og_site_name":"NatureNeem e-Shop","article_publisher":"https:\/\/www.facebook.com\/natureneemindia\/","article_modified_time":"2024-10-07T12:38:30+00:00","og_image":[{"width":1200,"height":675,"url":"https:\/\/shop.natureneem.com\/wp-content\/uploads\/2024\/09\/nn-logo-2024_social_yoast2.jpg","type":"image\/jpeg"}],"twitter_card":"summary_large_image","twitter_site":"@natureneem","twitter_misc":{"Gesch\u00e4tzte Lesezeit":"4\u00a0Minuten"},"schema":{"@context":"https:\/\/schema.org","@graph":[{"@type":"WebPage","@id":"https:\/\/shop.natureneem.com\/de\/rueckgabe-und-erstattungsbedingungen\/","url":"https:\/\/shop.natureneem.com\/de\/rueckgabe-und-erstattungsbedingungen\/","name":"R\u00fcckgabe- und Erstattungsbedingungen - NatureNeem e-Shop","isPartOf":{"@id":"https:\/\/shop.natureneem.com\/de\/#website"},"datePublished":"2024-09-16T14:00:43+00:00","dateModified":"2024-10-07T12:38:30+00:00","breadcrumb":{"@id":"https:\/\/shop.natureneem.com\/de\/rueckgabe-und-erstattungsbedingungen\/#breadcrumb"},"inLanguage":"de","potentialAction":[{"@type":"ReadAction","target":["https:\/\/shop.natureneem.com\/de\/rueckgabe-und-erstattungsbedingungen\/"]}]},{"@type":"BreadcrumbList","@id":"https:\/\/shop.natureneem.com\/de\/rueckgabe-und-erstattungsbedingungen\/#breadcrumb","itemListElement":[{"@type":"ListItem","position":1,"name":"Home","item":"https:\/\/shop.natureneem.com\/de\/startseite\/"},{"@type":"ListItem","position":2,"name":"R\u00fcckgabe- und Erstattungsbedingungen"}]},{"@type":"WebSite","@id":"https:\/\/shop.natureneem.com\/de\/#website","url":"https:\/\/shop.natureneem.com\/de\/","name":"NatureNeem e-Shop","description":"Official Shop from Nature Neem","publisher":{"@id":"https:\/\/shop.natureneem.com\/de\/#organization"},"alternateName":"Nature Neem","potentialAction":[{"@type":"SearchAction","target":{"@type":"EntryPoint","urlTemplate":"https:\/\/shop.natureneem.com\/de\/?s={search_term_string}"},"query-input":{"@type":"PropertyValueSpecification","valueRequired":true,"valueName":"search_term_string"}}],"inLanguage":"de"},{"@type":"Organization","@id":"https:\/\/shop.natureneem.com\/de\/#organization","name":"Nature Neem","alternateName":"Lorsun SAS","url":"https:\/\/shop.natureneem.com\/de\/","logo":{"@type":"ImageObject","inLanguage":"de","@id":"https:\/\/shop.natureneem.com\/de\/#\/schema\/logo\/image\/","url":"https:\/\/shop.natureneem.com\/wp-content\/uploads\/2024\/09\/nn-logo-symbole-2024-01.svg","contentUrl":"https:\/\/shop.natureneem.com\/wp-content\/uploads\/2024\/09\/nn-logo-symbole-2024-01.svg","width":1,"height":1,"caption":"Nature Neem"},"image":{"@id":"https:\/\/shop.natureneem.com\/de\/#\/schema\/logo\/image\/"},"sameAs":["https:\/\/www.facebook.com\/natureneemindia\/","https:\/\/x.com\/natureneem","https:\/\/www.youtube.com\/user\/natureneem","https:\/\/www.linkedin.com\/company\/natureneem"],"description":"Wir besch\u00e4ftigen uns mit der Entwicklung und Vermarktung von \u00f6kologischen L\u00f6sungen. Wir erfinden weiterhin diese nat\u00fcrlichen alternativen L\u00f6sungen, die die chemisch synthetisierten Produkte, die unserer Umwelt schaden, wirksam ersetzen k\u00f6nnen. Unser Team ist besonders kompetent, wenn es darum geht, \u00f6kologische landwirtschaftliche Betriebsmittel vorzuschlagen. Wir agieren auch als eine Vereinigung von Gleichgesinnten, die glauben, dass die Natur die L\u00f6sung f\u00fcr alle Umweltprobleme der Menschen bereith\u00e4lt.   ","email":"info@natureneem.com","telephone":"+91 77084 00899","legalName":"NATURE NEEM PRODUCTS","vatID":"FR08891657884","numberOfEmployees":{"@type":"QuantitativeValue","minValue":"51","maxValue":"200"},"publishingPrinciples":"https:\/\/shop.natureneem.com\/","actionableFeedbackPolicy":"https:\/\/shop.natureneem.com\/return-and-refund-policy\/","hasMerchantReturnPolicy":{"@type":"MerchantReturnPolicy","merchantReturnLink":"https:\/\/shop.natureneem.com\/return-and-refund-policy\/"}}]}},"_links":{"self":[{"href":"https:\/\/shop.natureneem.com\/de\/wp-json\/wp\/v2\/pages\/5889","targetHints":{"allow":["GET"]}}],"collection":[{"href":"https:\/\/shop.natureneem.com\/de\/wp-json\/wp\/v2\/pages"}],"about":[{"href":"https:\/\/shop.natureneem.com\/de\/wp-json\/wp\/v2\/types\/page"}],"author":[{"embeddable":true,"href":"https:\/\/shop.natureneem.com\/de\/wp-json\/wp\/v2\/users\/3"}],"replies":[{"embeddable":true,"href":"https:\/\/shop.natureneem.com\/de\/wp-json\/wp\/v2\/comments?post=5889"}],"version-history":[{"count":0,"href":"https:\/\/shop.natureneem.com\/de\/wp-json\/wp\/v2\/pages\/5889\/revisions"}],"wp:attachment":[{"href":"https:\/\/shop.natureneem.com\/de\/wp-json\/wp\/v2\/media?parent=5889"}],"curies":[{"name":"wp","href":"https:\/\/api.w.org\/{rel}","templated":true}]}}