{"id":10189,"date":"2024-11-27T20:31:38","date_gmt":"2024-11-27T19:31:38","guid":{"rendered":"https:\/\/shop.natureneem.com\/e-shop\/senfoel\/"},"modified":"2025-04-03T00:10:50","modified_gmt":"2025-04-02T22:10:50","slug":"senfoel","status":"publish","type":"product","link":"https:\/\/shop.natureneem.com\/de\/e-shop\/senfoel\/","title":{"rendered":"Senf\u00f6l"},"content":{"rendered":"<h2 style=\"text-align: left;\"><strong>100% reines kaltgepresstes \u00d6l aus gelben Senfk\u00f6rnern<\/strong><\/h2>\n<h3 style=\"text-align: justify;\"><strong>Was macht den Unterschied in unserem Senf\u00f6l aus?<\/strong><\/h3>\n<h4 style=\"text-align: justify; padding-left: 40px;\"><strong>Nature Neem Senf\u00f6l<\/strong><\/h4>\n<div style=\"text-align: justify; padding-left: 40px;\">Unser Senf\u00f6l wird aus den gelben Senfsamen Brassica Alba gewonnen, die einen niedrigen Erucas\u00e4uregehalt haben (auch wei\u00dfer Senf genannt). Es ist kaltgepresst, nicht raffiniert und rein. Au\u00dferdem ist der Geschmack kr\u00e4ftiger und sch\u00e4rfer, und die Farbe ist dunkler, was auf seine Reinheit und nat\u00fcrliche Zusammensetzung hinweist.  <\/div>\n<h4 style=\"text-align: justify; padding-left: 40px;\"><strong>Andere billigere Senf\u00f6le<\/strong><\/h4>\n<p style=\"text-align: justify; padding-left: 40px;\">Die meisten der auf dem Markt erh\u00e4ltlichen Senf\u00f6lprodukte werden durch billigere Extraktionsmethoden unter Verwendung von chemischen L\u00f6sungsmitteln und gro\u00dfer Hitze gewonnen. Der Geruch dieses chemisch extrahierten \u00d6ls ist so ranzig, dass ein Bleichverfahren eingesetzt wird, um es zu desodorieren. Dieses unraffinierte \u00d6l scheint also klar und billiger zu sein. Au\u00dferdem entstehen bei diesem industriellen Verfahren entz\u00fcndungsf\u00f6rdernde Omega-6-Fetts\u00e4uren und Erucas\u00e4ure, die nicht gut f\u00fcr unseren K\u00f6rper sind.   <\/p>\n<h3 style=\"text-align: justify;\"><strong>Senf\u00f6l Vorteile f\u00fcr die Haut<\/strong><\/h3>\n<ul>\n<li style=\"text-align: justify;\"><strong>Entfernt Hautlinien und Falten: <\/strong>Reichhaltige Omega-S\u00e4uren und Alpha-Linolens\u00e4ure verhindern eine fr\u00fchzeitige Hautalterung. Senf\u00f6l f\u00f6rdert die Kollagenproduktion, die f\u00fcr die Erhaltung junger Haut unerl\u00e4sslich ist. <\/li>\n<li style=\"text-align: justify;\"><strong>Hautausschl\u00e4ge: <\/strong>Seine antimikrobiellen und antimykotischen Eigenschaften sind wirksam bei der Behandlung von Hautproblemen wie Hautausschl\u00e4gen, Pickeln und Juckreiz. Es ist ein gutes Mittel gegen Hautallergien. <\/li>\n<li style=\"text-align: justify;\"><strong>Peeling: <\/strong>Senf\u00f6l wird verwendet, um die Haut zu peelen und zu n\u00e4hren. Es reinigt die Hautporen, wirkt wie ein nat\u00fcrliches Reinigungsmittel und sorgt f\u00fcr einen helleren Hautton. <\/li>\n<\/ul>\n<h3 style=\"text-align: justify;\"><strong>Senf\u00f6l gegen Husten und Erk\u00e4ltung<\/strong><\/h3>\n<p style=\"text-align: justify; padding-left: 40px;\">Es ist ein nat\u00fcrliches Heilmittel bei Erk\u00e4ltungen, Husten und Verstopfung. Das Einatmen von senf\u00f6lhaltigem Dampf ist daf\u00fcr bekannt, dass er die Verstopfung l\u00f6st und Linderung verschafft. Es ist auch hilfreich f\u00fcr diejenigen, die an einer Nebenh\u00f6hlenentz\u00fcndung leiden. Senf\u00f6l, das mit Knoblauch und Nelken leicht erhitzt und auf Brust und F\u00fc\u00dfe massiert wird, hilft bei Erk\u00e4ltung und Husten.   <\/p>\n<h3 style=\"text-align: justify;\"><strong>Senf\u00f6l f\u00fcr die Haare<\/strong><\/h3>\n<ul>\n<li style=\"text-align: justify;\">Senf\u00f6l kann auch verwendet werden, um Ihre Traumfrisuren zu erhalten. Die Vorteile von Senf\u00f6l f\u00fcr das Haar sind auf das Vorhandensein von Omega-Fetts\u00e4uren zur\u00fcckzuf\u00fchren. <\/li>\n<li style=\"text-align: justify;\">Es hilft, die Feuchtigkeit des Haares zu bewahren und es seidig und lebendig zu halten.<\/li>\n<li style=\"text-align: justify;\">Das Einmassieren von Senf\u00f6l auf die Kopfhaut n\u00e4hrt und st\u00e4rkt die Kopfhaut und verleiht dem Haar Glanz.<\/li>\n<li style=\"text-align: justify;\">Als nat\u00fcrliches Stimulans verbessert das Senf\u00f6l die Blutzirkulation in der Kopfhaut. Eine effiziente Blutzirkulation reduziert den Haarausfall und die Ausd\u00fcnnung der Haare, die durch eine unzureichende Durchblutung verursacht werden. <\/li>\n<li style=\"text-align: justify;\">Sie k\u00f6nnen eine Senf\u00f6l-Haarmaske auf folgende Weise zubereiten:\n<ul>\n<li style=\"text-align: justify;\">Mischen Sie 1 Essl\u00f6ffel Senf\u00f6l, Jojoba\u00f6l und Mandel\u00f6l.<\/li>\n<li style=\"text-align: justify;\">Erhitzen Sie das \u00d6l f\u00fcr 10 Sekunden.<\/li>\n<li style=\"text-align: justify;\">Tragen Sie die Maske auf die Wurzeln und Str\u00e4hnen auf.<\/li>\n<li style=\"text-align: justify;\">Lassen Sie es 30 Minuten einwirken und waschen Sie die Haare mit warmem Wasser aus.<\/li>\n<\/ul>\n<\/li>\n<\/ul>\n<h3><strong>Konservierung<\/strong><\/h3>\n<p style=\"padding-left: 40px;\">Er kann an einem k\u00fchlen, trockenen Ort mindestens 2 Jahre lang aufbewahrt werden.<br \/>\nAber nach dem \u00d6ffnen sollten Sie ihn im K\u00fchlschrank aufbewahren und innerhalb von 3 Monaten verbrauchen.<\/p>\n<p style=\"padding-left: 40px;\">Die beste Qualit\u00e4t bei kaltgepresstem \u00d6l aus Senfk\u00f6rnern.<\/p>\n","protected":false},"excerpt":{"rendered":"<p>Mit seiner reichen Geschichte und kulturellen Bedeutung ist Senf\u00f6l seit Jahrhunderten ein fester Bestandteil der menschlichen Zivilisation.<\/p>\n<p>In den ayurvedischen Texten wird Senf\u00f6l als wirksames Heilmittel f\u00fcr verschiedene Beschwerden erw\u00e4hnt.<\/p>\n","protected":false},"featured_media":10035,"comment_status":"closed","ping_status":"closed","template":"","meta":[],"product_brand":[],"product_cat":[681],"product_tag":[],"class_list":{"0":"post-10189","1":"product","2":"type-product","3":"status-publish","4":"has-post-thumbnail","6":"product_cat-andere-produkte","7":"product_shipping_class-0-6kg-de","9":"first","10":"instock","11":"sale","12":"shipping-taxable","13":"purchasable","14":"product-type-simple"},"yoast_head":"<!-- This site is optimized with the Yoast SEO Premium plugin v27.1 (Yoast SEO v27.2) - https:\/\/yoast.com\/product\/yoast-seo-premium-wordpress\/ -->\n<title>Kaltgepresstes \u00d6l aus Senfk\u00f6rnern - Reine Qualit\u00e4t - NatureNeem e-Shop<\/title>\n<meta name=\"description\" content=\"Nutzen Sie die Vorteile von kaltgepresstem \u00d6l aus Senfk\u00f6rnern. Dieses unraffinierte \u00d6l f\u00f6rdert die Gesundheit der Haut und verfeinert gleichzeitig Ihre K\u00fcche! \ud83c\udf31 Senf\u00f6l f\u00fcr die Haare \ud83d\udc69\ud83c\udffd\u200d\ud83e\uddb0\ud83d\udc71\ud83c\udffd\u200d\u2640\ufe0f\ud83d\udc69\ud83c\udffd\" \/>\n<meta name=\"robots\" content=\"index, follow, max-snippet:-1, max-image-preview:large, max-video-preview:-1\" \/>\n<link rel=\"canonical\" href=\"https:\/\/shop.natureneem.com\/de\/e-shop\/senfoel\/\" \/>\n<meta property=\"og:locale\" content=\"de_DE\" \/>\n<meta property=\"og:type\" content=\"article\" \/>\n<meta property=\"og:title\" content=\"Senf\u00f6l\" \/>\n<meta property=\"og:description\" content=\"Nutzen Sie die Vorteile von kaltgepresstem \u00d6l aus Senfk\u00f6rnern. Dieses unraffinierte \u00d6l f\u00f6rdert die Gesundheit der Haut und verfeinert gleichzeitig Ihre K\u00fcche! \ud83c\udf31 Senf\u00f6l f\u00fcr die Haare \ud83d\udc69\ud83c\udffd\u200d\ud83e\uddb0\ud83d\udc71\ud83c\udffd\u200d\u2640\ufe0f\ud83d\udc69\ud83c\udffd\" \/>\n<meta property=\"og:url\" content=\"https:\/\/shop.natureneem.com\/de\/e-shop\/senfoel\/\" \/>\n<meta property=\"og:site_name\" content=\"NatureNeem e-Shop\" \/>\n<meta property=\"article:publisher\" content=\"https:\/\/www.facebook.com\/natureneemindia\/\" \/>\n<meta property=\"article:modified_time\" content=\"2025-04-02T22:10:50+00:00\" \/>\n<meta property=\"og:image\" content=\"https:\/\/shop.natureneem.com\/wp-content\/uploads\/2024\/11\/NN-Mustard_Oil_500ml_2024-11-28_01.jpg\" \/>\n\t<meta property=\"og:image:width\" content=\"2000\" \/>\n\t<meta property=\"og:image:height\" content=\"2000\" \/>\n\t<meta property=\"og:image:type\" content=\"image\/jpeg\" \/>\n<meta name=\"twitter:card\" content=\"summary_large_image\" \/>\n<meta name=\"twitter:site\" content=\"@natureneem\" \/>\n<meta name=\"twitter:label1\" content=\"Preis\" \/>\n\t<meta name=\"twitter:data1\" content=\"11,99&nbsp;&euro;\" \/>\n\t<meta name=\"twitter:label2\" content=\"Verf\u00fcgbarkeit\" \/>\n\t<meta name=\"twitter:data2\" content=\"Auf Lager\" \/>\n<script type=\"application\/ld+json\" class=\"yoast-schema-graph\">{\"@context\":\"https:\/\/schema.org\",\"@graph\":[{\"@type\":\"WebPage\",\"@id\":\"https:\/\/shop.natureneem.com\/de\/e-shop\/senfoel\/\",\"url\":\"https:\/\/shop.natureneem.com\/de\/e-shop\/senfoel\/\",\"name\":\"Kaltgepresstes \u00d6l aus Senfk\u00f6rnern - Reine Qualit\u00e4t - NatureNeem e-Shop\",\"isPartOf\":{\"@id\":\"https:\/\/shop.natureneem.com\/de\/#website\"},\"primaryImageOfPage\":{\"@id\":\"https:\/\/shop.natureneem.com\/de\/e-shop\/senfoel\/#primaryimage\"},\"image\":{\"@id\":\"https:\/\/shop.natureneem.com\/de\/e-shop\/senfoel\/#primaryimage\"},\"thumbnailUrl\":\"https:\/\/shop.natureneem.com\/wp-content\/uploads\/2024\/11\/NN-Mustard_Oil_500ml_2024-11-28_01.jpg\",\"datePublished\":\"2024-11-27T19:31:38+00:00\",\"dateModified\":\"2025-04-02T22:10:50+00:00\",\"description\":\"Nutzen Sie die Vorteile von kaltgepresstem \u00d6l aus Senfk\u00f6rnern. Dieses unraffinierte \u00d6l f\u00f6rdert die Gesundheit der Haut und verfeinert gleichzeitig Ihre K\u00fcche! \ud83c\udf31 Senf\u00f6l f\u00fcr die Haare \ud83d\udc69\ud83c\udffd\u200d\ud83e\uddb0\ud83d\udc71\ud83c\udffd\u200d\u2640\ufe0f\ud83d\udc69\ud83c\udffd\",\"breadcrumb\":{\"@id\":\"https:\/\/shop.natureneem.com\/de\/e-shop\/senfoel\/#breadcrumb\"},\"inLanguage\":\"de\",\"potentialAction\":[{\"@type\":\"ReadAction\",\"target\":[\"https:\/\/shop.natureneem.com\/de\/e-shop\/senfoel\/\"]}]},{\"@type\":\"ImageObject\",\"inLanguage\":\"de\",\"@id\":\"https:\/\/shop.natureneem.com\/de\/e-shop\/senfoel\/#primaryimage\",\"url\":\"https:\/\/shop.natureneem.com\/wp-content\/uploads\/2024\/11\/NN-Mustard_Oil_500ml_2024-11-28_01.jpg\",\"contentUrl\":\"https:\/\/shop.natureneem.com\/wp-content\/uploads\/2024\/11\/NN-Mustard_Oil_500ml_2024-11-28_01.jpg\",\"width\":2000,\"height\":2000,\"caption\":\"Senf\u00f6l von Nature Neem (Brassica Alba) \u00d6l aus Senfk\u00f6rnern Nature Neem Indien\"},{\"@type\":\"BreadcrumbList\",\"@id\":\"https:\/\/shop.natureneem.com\/de\/e-shop\/senfoel\/#breadcrumb\",\"itemListElement\":[{\"@type\":\"ListItem\",\"position\":1,\"name\":\"Home\",\"item\":\"https:\/\/shop.natureneem.com\/de\/startseite\/\"},{\"@type\":\"ListItem\",\"position\":2,\"name\":\"e-Shop\",\"item\":\"https:\/\/shop.natureneem.com\/de\/e-shop\/\"},{\"@type\":\"ListItem\",\"position\":3,\"name\":\"Senf\u00f6l\"}]},{\"@type\":\"WebSite\",\"@id\":\"https:\/\/shop.natureneem.com\/de\/#website\",\"url\":\"https:\/\/shop.natureneem.com\/de\/\",\"name\":\"NatureNeem e-Shop\",\"description\":\"Official Shop from Nature Neem\",\"publisher\":{\"@id\":\"https:\/\/shop.natureneem.com\/de\/#organization\"},\"alternateName\":\"Nature Neem\",\"potentialAction\":[{\"@type\":\"SearchAction\",\"target\":{\"@type\":\"EntryPoint\",\"urlTemplate\":\"https:\/\/shop.natureneem.com\/de\/?s={search_term_string}\"},\"query-input\":{\"@type\":\"PropertyValueSpecification\",\"valueRequired\":true,\"valueName\":\"search_term_string\"}}],\"inLanguage\":\"de\"},{\"@type\":\"Organization\",\"@id\":\"https:\/\/shop.natureneem.com\/de\/#organization\",\"name\":\"Nature Neem\",\"alternateName\":\"Lorsun SAS\",\"url\":\"https:\/\/shop.natureneem.com\/de\/\",\"logo\":{\"@type\":\"ImageObject\",\"inLanguage\":\"de\",\"@id\":\"https:\/\/shop.natureneem.com\/de\/#\/schema\/logo\/image\/\",\"url\":\"https:\/\/shop.natureneem.com\/wp-content\/uploads\/2024\/09\/nn-logo-symbole-2024-01.svg\",\"contentUrl\":\"https:\/\/shop.natureneem.com\/wp-content\/uploads\/2024\/09\/nn-logo-symbole-2024-01.svg\",\"width\":1,\"height\":1,\"caption\":\"Nature Neem\"},\"image\":{\"@id\":\"https:\/\/shop.natureneem.com\/de\/#\/schema\/logo\/image\/\"},\"sameAs\":[\"https:\/\/www.facebook.com\/natureneemindia\/\",\"https:\/\/x.com\/natureneem\",\"https:\/\/www.youtube.com\/user\/natureneem\",\"https:\/\/www.linkedin.com\/company\/natureneem\"],\"description\":\"Wir besch\u00e4ftigen uns mit der Entwicklung und Vermarktung von \u00f6kologischen L\u00f6sungen. Wir erfinden weiterhin diese nat\u00fcrlichen alternativen L\u00f6sungen, die die chemisch synthetisierten Produkte, die unserer Umwelt schaden, wirksam ersetzen k\u00f6nnen. Unser Team ist besonders kompetent, wenn es darum geht, \u00f6kologische landwirtschaftliche Betriebsmittel vorzuschlagen. Wir agieren auch als eine Vereinigung von Gleichgesinnten, die glauben, dass die Natur die L\u00f6sung f\u00fcr alle Umweltprobleme der Menschen bereith\u00e4lt.   \",\"email\":\"info@natureneem.com\",\"telephone\":\"+91 77084 00899\",\"legalName\":\"NATURE NEEM PRODUCTS\",\"vatID\":\"FR08891657884\",\"numberOfEmployees\":{\"@type\":\"QuantitativeValue\",\"minValue\":\"51\",\"maxValue\":\"200\"},\"publishingPrinciples\":\"https:\/\/shop.natureneem.com\/\",\"actionableFeedbackPolicy\":\"https:\/\/shop.natureneem.com\/return-and-refund-policy\/\",\"hasMerchantReturnPolicy\":{\"@type\":\"MerchantReturnPolicy\",\"merchantReturnLink\":\"https:\/\/shop.natureneem.com\/return-and-refund-policy\/\"}}]}<\/script>\n<meta property=\"product:price:amount\" content=\"11.99\" \/>\n<meta property=\"product:price:currency\" content=\"EUR\" \/>\n<meta property=\"og:availability\" content=\"instock\" \/>\n<meta property=\"product:availability\" content=\"instock\" \/>\n<meta property=\"product:retailer_item_id\" content=\"NN-MO-0500\" \/>\n<meta property=\"product:condition\" content=\"new\" \/>\n<!-- \/ Yoast SEO Premium plugin. -->","yoast_head_json":{"title":"Kaltgepresstes \u00d6l aus Senfk\u00f6rnern - Reine Qualit\u00e4t - NatureNeem e-Shop","description":"Nutzen Sie die Vorteile von kaltgepresstem \u00d6l aus Senfk\u00f6rnern. Dieses unraffinierte \u00d6l f\u00f6rdert die Gesundheit der Haut und verfeinert gleichzeitig Ihre K\u00fcche! \ud83c\udf31 Senf\u00f6l f\u00fcr die Haare \ud83d\udc69\ud83c\udffd\u200d\ud83e\uddb0\ud83d\udc71\ud83c\udffd\u200d\u2640\ufe0f\ud83d\udc69\ud83c\udffd","robots":{"index":"index","follow":"follow","max-snippet":"max-snippet:-1","max-image-preview":"max-image-preview:large","max-video-preview":"max-video-preview:-1"},"canonical":"https:\/\/shop.natureneem.com\/de\/e-shop\/senfoel\/","og_locale":"de_DE","og_type":"article","og_title":"Senf\u00f6l","og_description":"Nutzen Sie die Vorteile von kaltgepresstem \u00d6l aus Senfk\u00f6rnern. Dieses unraffinierte \u00d6l f\u00f6rdert die Gesundheit der Haut und verfeinert gleichzeitig Ihre K\u00fcche! \ud83c\udf31 Senf\u00f6l f\u00fcr die Haare \ud83d\udc69\ud83c\udffd\u200d\ud83e\uddb0\ud83d\udc71\ud83c\udffd\u200d\u2640\ufe0f\ud83d\udc69\ud83c\udffd","og_url":"https:\/\/shop.natureneem.com\/de\/e-shop\/senfoel\/","og_site_name":"NatureNeem e-Shop","article_publisher":"https:\/\/www.facebook.com\/natureneemindia\/","article_modified_time":"2025-04-02T22:10:50+00:00","og_image":[{"width":2000,"height":2000,"url":"https:\/\/shop.natureneem.com\/wp-content\/uploads\/2024\/11\/NN-Mustard_Oil_500ml_2024-11-28_01.jpg","type":"image\/jpeg"}],"twitter_card":"summary_large_image","twitter_site":"@natureneem","twitter_misc":{"Preis":"11,99&nbsp;&euro;","Verf\u00fcgbarkeit":"Auf Lager"},"schema":{"@context":"https:\/\/schema.org","@graph":[{"@type":"WebPage","@id":"https:\/\/shop.natureneem.com\/de\/e-shop\/senfoel\/","url":"https:\/\/shop.natureneem.com\/de\/e-shop\/senfoel\/","name":"Kaltgepresstes \u00d6l aus Senfk\u00f6rnern - Reine Qualit\u00e4t - NatureNeem e-Shop","isPartOf":{"@id":"https:\/\/shop.natureneem.com\/de\/#website"},"primaryImageOfPage":{"@id":"https:\/\/shop.natureneem.com\/de\/e-shop\/senfoel\/#primaryimage"},"image":{"@id":"https:\/\/shop.natureneem.com\/de\/e-shop\/senfoel\/#primaryimage"},"thumbnailUrl":"https:\/\/shop.natureneem.com\/wp-content\/uploads\/2024\/11\/NN-Mustard_Oil_500ml_2024-11-28_01.jpg","datePublished":"2024-11-27T19:31:38+00:00","dateModified":"2025-04-02T22:10:50+00:00","description":"Nutzen Sie die Vorteile von kaltgepresstem \u00d6l aus Senfk\u00f6rnern. Dieses unraffinierte \u00d6l f\u00f6rdert die Gesundheit der Haut und verfeinert gleichzeitig Ihre K\u00fcche! \ud83c\udf31 Senf\u00f6l f\u00fcr die Haare \ud83d\udc69\ud83c\udffd\u200d\ud83e\uddb0\ud83d\udc71\ud83c\udffd\u200d\u2640\ufe0f\ud83d\udc69\ud83c\udffd","breadcrumb":{"@id":"https:\/\/shop.natureneem.com\/de\/e-shop\/senfoel\/#breadcrumb"},"inLanguage":"de","potentialAction":[{"@type":"ReadAction","target":["https:\/\/shop.natureneem.com\/de\/e-shop\/senfoel\/"]}]},{"@type":"ImageObject","inLanguage":"de","@id":"https:\/\/shop.natureneem.com\/de\/e-shop\/senfoel\/#primaryimage","url":"https:\/\/shop.natureneem.com\/wp-content\/uploads\/2024\/11\/NN-Mustard_Oil_500ml_2024-11-28_01.jpg","contentUrl":"https:\/\/shop.natureneem.com\/wp-content\/uploads\/2024\/11\/NN-Mustard_Oil_500ml_2024-11-28_01.jpg","width":2000,"height":2000,"caption":"Senf\u00f6l von Nature Neem (Brassica Alba) \u00d6l aus Senfk\u00f6rnern Nature Neem Indien"},{"@type":"BreadcrumbList","@id":"https:\/\/shop.natureneem.com\/de\/e-shop\/senfoel\/#breadcrumb","itemListElement":[{"@type":"ListItem","position":1,"name":"Home","item":"https:\/\/shop.natureneem.com\/de\/startseite\/"},{"@type":"ListItem","position":2,"name":"e-Shop","item":"https:\/\/shop.natureneem.com\/de\/e-shop\/"},{"@type":"ListItem","position":3,"name":"Senf\u00f6l"}]},{"@type":"WebSite","@id":"https:\/\/shop.natureneem.com\/de\/#website","url":"https:\/\/shop.natureneem.com\/de\/","name":"NatureNeem e-Shop","description":"Official Shop from Nature Neem","publisher":{"@id":"https:\/\/shop.natureneem.com\/de\/#organization"},"alternateName":"Nature Neem","potentialAction":[{"@type":"SearchAction","target":{"@type":"EntryPoint","urlTemplate":"https:\/\/shop.natureneem.com\/de\/?s={search_term_string}"},"query-input":{"@type":"PropertyValueSpecification","valueRequired":true,"valueName":"search_term_string"}}],"inLanguage":"de"},{"@type":"Organization","@id":"https:\/\/shop.natureneem.com\/de\/#organization","name":"Nature Neem","alternateName":"Lorsun SAS","url":"https:\/\/shop.natureneem.com\/de\/","logo":{"@type":"ImageObject","inLanguage":"de","@id":"https:\/\/shop.natureneem.com\/de\/#\/schema\/logo\/image\/","url":"https:\/\/shop.natureneem.com\/wp-content\/uploads\/2024\/09\/nn-logo-symbole-2024-01.svg","contentUrl":"https:\/\/shop.natureneem.com\/wp-content\/uploads\/2024\/09\/nn-logo-symbole-2024-01.svg","width":1,"height":1,"caption":"Nature Neem"},"image":{"@id":"https:\/\/shop.natureneem.com\/de\/#\/schema\/logo\/image\/"},"sameAs":["https:\/\/www.facebook.com\/natureneemindia\/","https:\/\/x.com\/natureneem","https:\/\/www.youtube.com\/user\/natureneem","https:\/\/www.linkedin.com\/company\/natureneem"],"description":"Wir besch\u00e4ftigen uns mit der Entwicklung und Vermarktung von \u00f6kologischen L\u00f6sungen. Wir erfinden weiterhin diese nat\u00fcrlichen alternativen L\u00f6sungen, die die chemisch synthetisierten Produkte, die unserer Umwelt schaden, wirksam ersetzen k\u00f6nnen. Unser Team ist besonders kompetent, wenn es darum geht, \u00f6kologische landwirtschaftliche Betriebsmittel vorzuschlagen. Wir agieren auch als eine Vereinigung von Gleichgesinnten, die glauben, dass die Natur die L\u00f6sung f\u00fcr alle Umweltprobleme der Menschen bereith\u00e4lt.   ","email":"info@natureneem.com","telephone":"+91 77084 00899","legalName":"NATURE NEEM PRODUCTS","vatID":"FR08891657884","numberOfEmployees":{"@type":"QuantitativeValue","minValue":"51","maxValue":"200"},"publishingPrinciples":"https:\/\/shop.natureneem.com\/","actionableFeedbackPolicy":"https:\/\/shop.natureneem.com\/return-and-refund-policy\/","hasMerchantReturnPolicy":{"@type":"MerchantReturnPolicy","merchantReturnLink":"https:\/\/shop.natureneem.com\/return-and-refund-policy\/"}}]},"product_price_amount":"11.99","product_price_currency":"EUR","og_availability":"instock","product_availability":"instock","product_retailer_item_id":"NN-MO-0500","product_condition":"new"},"_links":{"self":[{"href":"https:\/\/shop.natureneem.com\/de\/wp-json\/wp\/v2\/product\/10189","targetHints":{"allow":["GET"]}}],"collection":[{"href":"https:\/\/shop.natureneem.com\/de\/wp-json\/wp\/v2\/product"}],"about":[{"href":"https:\/\/shop.natureneem.com\/de\/wp-json\/wp\/v2\/types\/product"}],"replies":[{"embeddable":true,"href":"https:\/\/shop.natureneem.com\/de\/wp-json\/wp\/v2\/comments?post=10189"}],"wp:featuredmedia":[{"embeddable":true,"href":"https:\/\/shop.natureneem.com\/de\/wp-json\/wp\/v2\/media\/10035"}],"wp:attachment":[{"href":"https:\/\/shop.natureneem.com\/de\/wp-json\/wp\/v2\/media?parent=10189"}],"wp:term":[{"taxonomy":"product_brand","embeddable":true,"href":"https:\/\/shop.natureneem.com\/de\/wp-json\/wp\/v2\/product_brand?post=10189"},{"taxonomy":"product_cat","embeddable":true,"href":"https:\/\/shop.natureneem.com\/de\/wp-json\/wp\/v2\/product_cat?post=10189"},{"taxonomy":"product_tag","embeddable":true,"href":"https:\/\/shop.natureneem.com\/de\/wp-json\/wp\/v2\/product_tag?post=10189"}],"curies":[{"name":"wp","href":"https:\/\/api.w.org\/{rel}","templated":true}]}}