{"id":11504,"date":"2025-05-14T17:54:41","date_gmt":"2025-05-14T15:54:41","guid":{"rendered":"https:\/\/shop.natureneem.com\/?post_type=product&#038;p=11504"},"modified":"2026-03-25T13:34:26","modified_gmt":"2026-03-25T12:34:26","slug":"coco-ziegelstein-copy","status":"publish","type":"product","link":"https:\/\/shop.natureneem.com\/de\/e-shop\/coco-ziegelstein-copy\/","title":{"rendered":"Kokosmulch"},"content":{"rendered":"<h3><strong>Nat\u00fcrlicher Mulch aus Kokosnussschalen. Einfache Lagerung. Ideal f\u00fcr st\u00e4dtische G\u00e4rten &#8211; Wohnungen, Terrassen, &#8230;<br \/>\n<\/strong><\/h3>\n<h4 style=\"text-align: left;\"><strong>1 kg komprimierter Block = etwa 15 Liter hydratisiertes Volumen.<br \/>\n<\/strong><strong>Beispiel: 4,5 kg komprimiert = ca. 65 Liter hydratisiert.<\/strong><\/h4>\n<div class=\"uk-alert\"><img loading=\"lazy\" decoding=\"async\" class=\"alignnone wp-image-11652 size-thumbnail\" title=\"CocoMulch 4-4.5Kg von NatureNeem\" src=\"https:\/\/shop.natureneem.com\/wp-content\/uploads\/2025\/05\/NN_COCO-MULCH_WEB_02-1-150x150.jpg\" alt=\"CocoMulch 4-4.5Kg\" width=\"150\" height=\"150\" srcset=\"https:\/\/shop.natureneem.com\/wp-content\/uploads\/2025\/05\/NN_COCO-MULCH_WEB_02-1-150x150.jpg 150w, https:\/\/shop.natureneem.com\/wp-content\/uploads\/2025\/05\/NN_COCO-MULCH_WEB_02-1-300x300.jpg 300w, https:\/\/shop.natureneem.com\/wp-content\/uploads\/2025\/05\/NN_COCO-MULCH_WEB_02-1-100x100.jpg 100w, https:\/\/shop.natureneem.com\/wp-content\/uploads\/2025\/05\/NN_COCO-MULCH_WEB_02-1-500x500.jpg 500w, https:\/\/shop.natureneem.com\/wp-content\/uploads\/2025\/05\/NN_COCO-MULCH_WEB_02-1-1024x1024.jpg 1024w, https:\/\/shop.natureneem.com\/wp-content\/uploads\/2025\/05\/NN_COCO-MULCH_WEB_02-1-768x768.jpg 768w, https:\/\/shop.natureneem.com\/wp-content\/uploads\/2025\/05\/NN_COCO-MULCH_WEB_02-1.jpg 1200w\" sizes=\"(max-width: 150px) 100vw, 150px\" \/>Nat\u00fcrlicher Mulch aus Kokosnussschalen. 4,5 kg komprimierter Block = etwa 65 Liter hydratisiertes Volumen. <\/div>\n<div class=\"uk-alert\"><img loading=\"lazy\" decoding=\"async\" class=\"alignnone wp-image-11670 size-thumbnail\" src=\"https:\/\/shop.natureneem.com\/wp-content\/uploads\/2025\/05\/NN_COCO-MULCH_WEB_04-1-150x150.jpg\" alt=\"CocoMulch 650g\" width=\"150\" height=\"150\" srcset=\"https:\/\/shop.natureneem.com\/wp-content\/uploads\/2025\/05\/NN_COCO-MULCH_WEB_04-1-150x150.jpg 150w, https:\/\/shop.natureneem.com\/wp-content\/uploads\/2025\/05\/NN_COCO-MULCH_WEB_04-1-300x300.jpg 300w, https:\/\/shop.natureneem.com\/wp-content\/uploads\/2025\/05\/NN_COCO-MULCH_WEB_04-1-100x100.jpg 100w, https:\/\/shop.natureneem.com\/wp-content\/uploads\/2025\/05\/NN_COCO-MULCH_WEB_04-1-500x500.jpg 500w, https:\/\/shop.natureneem.com\/wp-content\/uploads\/2025\/05\/NN_COCO-MULCH_WEB_04-1-1024x1024.jpg 1024w, https:\/\/shop.natureneem.com\/wp-content\/uploads\/2025\/05\/NN_COCO-MULCH_WEB_04-1-768x768.jpg 768w, https:\/\/shop.natureneem.com\/wp-content\/uploads\/2025\/05\/NN_COCO-MULCH_WEB_04-1.jpg 1200w\" sizes=\"(max-width: 150px) 100vw, 150px\" \/>Nat\u00fcrlicher Mulch aus Kokosnussschalen. 650 g komprimierter Block = etwa 12 Liter hydratisiertes Volumen. <\/div>\n<div class=\"uk-alert\"><img loading=\"lazy\" decoding=\"async\" class=\"alignnone size-thumbnail wp-image-11688\" src=\"https:\/\/shop.natureneem.com\/wp-content\/uploads\/2025\/05\/NN_COCO-MULCH_WEB_06-1-150x150.jpg\" alt=\"CocoMulch Scheibe 110g  \" width=\"150\" height=\"150\" srcset=\"https:\/\/shop.natureneem.com\/wp-content\/uploads\/2025\/05\/NN_COCO-MULCH_WEB_06-1-150x150.jpg 150w, https:\/\/shop.natureneem.com\/wp-content\/uploads\/2025\/05\/NN_COCO-MULCH_WEB_06-1-300x300.jpg 300w, https:\/\/shop.natureneem.com\/wp-content\/uploads\/2025\/05\/NN_COCO-MULCH_WEB_06-1-100x100.jpg 100w, https:\/\/shop.natureneem.com\/wp-content\/uploads\/2025\/05\/NN_COCO-MULCH_WEB_06-1-500x500.jpg 500w, https:\/\/shop.natureneem.com\/wp-content\/uploads\/2025\/05\/NN_COCO-MULCH_WEB_06-1-1024x1024.jpg 1024w, https:\/\/shop.natureneem.com\/wp-content\/uploads\/2025\/05\/NN_COCO-MULCH_WEB_06-1-768x768.jpg 768w, https:\/\/shop.natureneem.com\/wp-content\/uploads\/2025\/05\/NN_COCO-MULCH_WEB_06-1.jpg 1200w\" sizes=\"(max-width: 150px) 100vw, 150px\" \/>Nat\u00fcrlicher Mulch aus Kokosnussschalen. 110 g komprimierter Block = etwa 1,5 Liter hydratisiertes Volumen. <\/div>\n<h3 style=\"text-align: left;\"><strong><br \/>\nVorteile<\/strong><\/h3>\n<ul>\n<li><strong>Reduziert die Verdunstung und spart Wasser<\/strong><br \/>\nEine dicke Schicht Coco Mulch blockiert das Sonnenlicht und unterdr\u00fcckt das Wachstum von Unkraut.<\/li>\n<li><strong>Organischer D\u00fcnger und Bodenverbesserer<\/strong><br \/>\nH\u00e4lt den Boden feucht, indem es die Verdunstung reduziert und den Boden l\u00e4nger feucht h\u00e4lt.<\/li>\n<li><strong>Hervorragende Bel\u00fcftung f\u00fcr gesunde Wurzeln<\/strong><br \/>\nDie faserige Struktur von Coco Mulch hilft, Bodenerosion zu verhindern, besonders an H\u00e4ngen oder bei starkem Regen.<\/li>\n<li><strong>Regulierung der Bodentemperatur<\/strong><br \/>\nIsoliert den Boden und sch\u00fctzt die Wurzeln vor extremen Temperaturschwankungen<\/li>\n<\/ul>\n<h3><strong>Vorbereitung vor der Anwendung<\/strong><\/h3>\n<ul>\n<li>Legen Sie den Block in eine 100-Liter-Wanne<\/li>\n<li>F\u00fcgen Sie etwa 60 Liter Wasser hinzu<\/li>\n<li>Warten Sie 45 Minuten lang<\/li>\n<\/ul>\n<h3><strong>Anwendungen<\/strong><\/h3>\n<ul>\n<li>Gebrauchsfertiger, unkrautfreier, pH- und EC-balancierter Mulch f\u00fcr Pflanzen<\/li>\n<li>Mulchen : Verteilen Sie 10 cm an der Oberfl\u00e4che.<\/li>\n<li>Drainage : 10 cm am Boden verteilen (T\u00f6pfe und Pflanzgruben)<\/li>\n<li>Bei Orchideen, die bel\u00fcftet werden m\u00fcssen, f\u00fcllen Sie den Topf als Pflanzsubstrat vollst\u00e4ndig auf.<\/li>\n<\/ul>\n<h3><strong>Vorschl\u00e4ge f\u00fcr ideale Ergebnisse<\/strong><\/h3>\n<ul>\n<li>F\u00fcgen Sie <a href=\"https:\/\/shop.natureneem.com\/de\/e-shop\/nutraza\/\">NutrAza<\/a> hinzu, einen organischen D\u00fcnger und Bodenschutzmittel gegen Nematoden<\/li>\n<li>Verwenden Sie <a href=\"https:\/\/shop.natureneem.com\/de\/e-shop\/coco-ziegelstein\/\">Coco Brick<\/a> als Topfsubstrat<\/li>\n<\/ul>\n<h3><strong>Spezifikationen<\/strong><\/h3>\n<ul>\n<li>Zusammensetzung: Gehackte Bio-Kokosnussschale, die angereichert und gepuffert ist<\/li>\n<li>Feuchtigkeitsgehalt : weniger als 15%<\/li>\n<li>pH : 5.6- 6.5 | EC : 0.6-0.8 mS\/cm<\/li>\n<li>Verdichtungsverh\u00e4ltnis &#8211; 6:1<\/li>\n<li>Europ\u00e4ische Normen : NFU 44-551 ( Pflanzenwuchsmittel)<\/li>\n<li>Gewicht : 4-4.5 kg<\/li>\n<\/ul>\n","protected":false},"excerpt":{"rendered":"<p class=\"ai-optimize-20\"><strong>Nat\u00fcrlicher Mulch aus Kokosnussschalen<br \/>\n<\/strong>Eine dicke Schicht von Kokoschips blockiert das Sonnenlicht, um Unkraut zu stoppen und Feuchtigkeit zu speichern. So bleibt Ihr Boden auf nat\u00fcrliche Weise l\u00e4nger feucht und gesund.<\/p>\n<p class=\"ai-optimize-21\"><strong> <\/strong><\/p>\n","protected":false},"featured_media":11719,"comment_status":"open","ping_status":"closed","template":"","meta":[],"product_brand":[],"product_cat":[150],"product_tag":[],"class_list":{"0":"post-11504","1":"product","2":"type-product","3":"status-publish","4":"has-post-thumbnail","6":"product_cat-coco-produkte","7":"product_shipping_class-0-6kg-de","9":"first","10":"instock","11":"sale","12":"shipping-taxable","13":"purchasable","14":"product-type-variable"},"yoast_head":"<!-- This site is optimized with the Yoast SEO Premium plugin v27.5 (Yoast SEO v27.5) - https:\/\/yoast.com\/product\/yoast-seo-premium-wordpress\/ -->\n<title>Kokosmulch f\u00fcr Bodenfeuchtigkeitsspeicherung und Isolierung<\/title>\n<meta name=\"description\" content=\"Ver\u00e4ndern Sie Ihr Gartenerlebnis mit Coco Mulch! Er ist ideal f\u00fcr Wohnungen und Terrassen, isoliert und verhindert das Wachstum von Unkraut. Jetzt kaufen!\" \/>\n<meta name=\"robots\" content=\"index, follow, max-snippet:-1, max-image-preview:large, max-video-preview:-1\" \/>\n<link rel=\"canonical\" href=\"https:\/\/shop.natureneem.com\/de\/e-shop\/coco-ziegelstein-copy\/\" \/>\n<meta property=\"og:locale\" content=\"de_DE\" \/>\n<meta property=\"og:type\" content=\"article\" \/>\n<meta property=\"og:title\" content=\"Kokosmulch Kokosmulch von Nature Neem\" \/>\n<meta property=\"og:description\" content=\"Nat\u00fcrlicher Mulch aus Kokosnussschalen. Eine dicke Schicht Kokoschips kann das Sonnenlicht blockieren und so das Wachstum von Unkraut unterdr\u00fccken. Sie helfen, die Feuchtigkeit im Boden zu halten, indem sie die Verdunstung reduzieren und den Boden l\u00e4nger feucht halten.\" \/>\n<meta property=\"og:url\" content=\"https:\/\/shop.natureneem.com\/de\/e-shop\/coco-ziegelstein-copy\/\" \/>\n<meta property=\"og:site_name\" content=\"NatureNeem e-Shop\" \/>\n<meta property=\"article:publisher\" content=\"https:\/\/www.facebook.com\/natureneemindia\/\" \/>\n<meta property=\"article:modified_time\" content=\"2026-03-25T12:34:26+00:00\" \/>\n<meta property=\"og:image\" content=\"https:\/\/shop.natureneem.com\/wp-content\/uploads\/2025\/05\/NN_COCO-MULCH_WEB_00-1.jpg\" \/>\n\t<meta property=\"og:image:width\" content=\"1200\" \/>\n\t<meta property=\"og:image:height\" content=\"1200\" \/>\n\t<meta property=\"og:image:type\" content=\"image\/jpeg\" \/>\n<meta name=\"twitter:card\" content=\"summary_large_image\" \/>\n<meta name=\"twitter:title\" content=\"Kokosmulch\" \/>\n<meta name=\"twitter:site\" content=\"@natureneem\" \/>\n<meta name=\"twitter:label1\" content=\"Verf\u00fcgbarkeit\" \/>\n\t<meta name=\"twitter:data1\" content=\"Auf Lager\" \/>\n<script type=\"application\/ld+json\" class=\"yoast-schema-graph\">{\"@context\":\"https:\\\/\\\/schema.org\",\"@graph\":[{\"@type\":\"WebPage\",\"@id\":\"https:\\\/\\\/shop.natureneem.com\\\/de\\\/e-shop\\\/coco-ziegelstein-copy\\\/\",\"url\":\"https:\\\/\\\/shop.natureneem.com\\\/de\\\/e-shop\\\/coco-ziegelstein-copy\\\/\",\"name\":\"Kokosmulch f\u00fcr Bodenfeuchtigkeitsspeicherung und Isolierung\",\"isPartOf\":{\"@id\":\"https:\\\/\\\/shop.natureneem.com\\\/de\\\/#website\"},\"primaryImageOfPage\":{\"@id\":\"https:\\\/\\\/shop.natureneem.com\\\/de\\\/e-shop\\\/coco-ziegelstein-copy\\\/#primaryimage\"},\"image\":{\"@id\":\"https:\\\/\\\/shop.natureneem.com\\\/de\\\/e-shop\\\/coco-ziegelstein-copy\\\/#primaryimage\"},\"thumbnailUrl\":\"https:\\\/\\\/shop.natureneem.com\\\/wp-content\\\/uploads\\\/2025\\\/05\\\/NN_COCO-MULCH_WEB_00-1.jpg\",\"datePublished\":\"2025-05-14T15:54:41+00:00\",\"dateModified\":\"2026-03-25T12:34:26+00:00\",\"description\":\"Ver\u00e4ndern Sie Ihr Gartenerlebnis mit Coco Mulch! Er ist ideal f\u00fcr Wohnungen und Terrassen, isoliert und verhindert das Wachstum von Unkraut. Jetzt kaufen!\",\"breadcrumb\":{\"@id\":\"https:\\\/\\\/shop.natureneem.com\\\/de\\\/e-shop\\\/coco-ziegelstein-copy\\\/#breadcrumb\"},\"inLanguage\":\"de\",\"potentialAction\":[{\"@type\":\"ReadAction\",\"target\":[\"https:\\\/\\\/shop.natureneem.com\\\/de\\\/e-shop\\\/coco-ziegelstein-copy\\\/\"]}]},{\"@type\":\"ImageObject\",\"inLanguage\":\"de\",\"@id\":\"https:\\\/\\\/shop.natureneem.com\\\/de\\\/e-shop\\\/coco-ziegelstein-copy\\\/#primaryimage\",\"url\":\"https:\\\/\\\/shop.natureneem.com\\\/wp-content\\\/uploads\\\/2025\\\/05\\\/NN_COCO-MULCH_WEB_00-1.jpg\",\"contentUrl\":\"https:\\\/\\\/shop.natureneem.com\\\/wp-content\\\/uploads\\\/2025\\\/05\\\/NN_COCO-MULCH_WEB_00-1.jpg\",\"width\":1200,\"height\":1200,\"caption\":\"CocoMulch von NatureNeem\"},{\"@type\":\"BreadcrumbList\",\"@id\":\"https:\\\/\\\/shop.natureneem.com\\\/de\\\/e-shop\\\/coco-ziegelstein-copy\\\/#breadcrumb\",\"itemListElement\":[{\"@type\":\"ListItem\",\"position\":1,\"name\":\"Home\",\"item\":\"https:\\\/\\\/shop.natureneem.com\\\/de\\\/startseite\\\/\"},{\"@type\":\"ListItem\",\"position\":2,\"name\":\"e-Shop\",\"item\":\"https:\\\/\\\/shop.natureneem.com\\\/de\\\/e-shop\\\/\"},{\"@type\":\"ListItem\",\"position\":3,\"name\":\"Kokosmulch\"}]},{\"@type\":\"WebSite\",\"@id\":\"https:\\\/\\\/shop.natureneem.com\\\/de\\\/#website\",\"url\":\"https:\\\/\\\/shop.natureneem.com\\\/de\\\/\",\"name\":\"NatureNeem e-Shop\",\"description\":\"Official Shop from Nature Neem\",\"publisher\":{\"@id\":\"https:\\\/\\\/shop.natureneem.com\\\/de\\\/#organization\"},\"alternateName\":\"Nature Neem\",\"potentialAction\":[{\"@type\":\"SearchAction\",\"target\":{\"@type\":\"EntryPoint\",\"urlTemplate\":\"https:\\\/\\\/shop.natureneem.com\\\/de\\\/?s={search_term_string}\"},\"query-input\":{\"@type\":\"PropertyValueSpecification\",\"valueRequired\":true,\"valueName\":\"search_term_string\"}}],\"inLanguage\":\"de\"},{\"@type\":\"Organization\",\"@id\":\"https:\\\/\\\/shop.natureneem.com\\\/de\\\/#organization\",\"name\":\"Nature Neem\",\"alternateName\":\"Lorsun SAS\",\"url\":\"https:\\\/\\\/shop.natureneem.com\\\/de\\\/\",\"logo\":{\"@type\":\"ImageObject\",\"inLanguage\":\"de\",\"@id\":\"https:\\\/\\\/shop.natureneem.com\\\/de\\\/#\\\/schema\\\/logo\\\/image\\\/\",\"url\":\"https:\\\/\\\/shop.natureneem.com\\\/wp-content\\\/uploads\\\/2024\\\/09\\\/nn-logo-symbole-2024-01.svg\",\"contentUrl\":\"https:\\\/\\\/shop.natureneem.com\\\/wp-content\\\/uploads\\\/2024\\\/09\\\/nn-logo-symbole-2024-01.svg\",\"width\":1,\"height\":1,\"caption\":\"Nature Neem\"},\"image\":{\"@id\":\"https:\\\/\\\/shop.natureneem.com\\\/de\\\/#\\\/schema\\\/logo\\\/image\\\/\"},\"sameAs\":[\"https:\\\/\\\/www.facebook.com\\\/natureneemindia\\\/\",\"https:\\\/\\\/x.com\\\/natureneem\",\"https:\\\/\\\/www.youtube.com\\\/user\\\/natureneem\",\"https:\\\/\\\/www.linkedin.com\\\/company\\\/natureneem\"],\"description\":\"Wir besch\u00e4ftigen uns mit der Entwicklung und Vermarktung von \u00f6kologischen L\u00f6sungen. Wir erfinden weiterhin diese nat\u00fcrlichen alternativen L\u00f6sungen, die die chemisch synthetisierten Produkte, die unserer Umwelt schaden, wirksam ersetzen k\u00f6nnen. Unser Team ist besonders kompetent, wenn es darum geht, \u00f6kologische landwirtschaftliche Betriebsmittel vorzuschlagen. Wir agieren auch als eine Vereinigung von Gleichgesinnten, die glauben, dass die Natur die L\u00f6sung f\u00fcr alle Umweltprobleme der Menschen bereith\u00e4lt.   \",\"email\":\"info@natureneem.com\",\"telephone\":\"+91 77084 00899\",\"legalName\":\"NATURE NEEM PRODUCTS\",\"vatID\":\"FR08891657884\",\"numberOfEmployees\":{\"@type\":\"QuantitativeValue\",\"minValue\":\"51\",\"maxValue\":\"200\"},\"publishingPrinciples\":\"https:\\\/\\\/shop.natureneem.com\\\/\",\"actionableFeedbackPolicy\":\"https:\\\/\\\/shop.natureneem.com\\\/return-and-refund-policy\\\/\",\"hasMerchantReturnPolicy\":{\"@type\":\"MerchantReturnPolicy\",\"merchantReturnLink\":\"https:\\\/\\\/shop.natureneem.com\\\/return-and-refund-policy\\\/\"}}]}<\/script>\n<meta property=\"og:availability\" content=\"instock\" \/>\n<meta property=\"product:availability\" content=\"instock\" \/>\n<meta property=\"product:retailer_item_id\" content=\"NN-GP-CM\" \/>\n<meta property=\"product:condition\" content=\"new\" \/>\n<!-- \/ Yoast SEO Premium plugin. -->","yoast_head_json":{"title":"Kokosmulch f\u00fcr Bodenfeuchtigkeitsspeicherung und Isolierung","description":"Ver\u00e4ndern Sie Ihr Gartenerlebnis mit Coco Mulch! Er ist ideal f\u00fcr Wohnungen und Terrassen, isoliert und verhindert das Wachstum von Unkraut. Jetzt kaufen!","robots":{"index":"index","follow":"follow","max-snippet":"max-snippet:-1","max-image-preview":"max-image-preview:large","max-video-preview":"max-video-preview:-1"},"canonical":"https:\/\/shop.natureneem.com\/de\/e-shop\/coco-ziegelstein-copy\/","og_locale":"de_DE","og_type":"article","og_title":"Kokosmulch Kokosmulch von Nature Neem","og_description":"Nat\u00fcrlicher Mulch aus Kokosnussschalen. Eine dicke Schicht Kokoschips kann das Sonnenlicht blockieren und so das Wachstum von Unkraut unterdr\u00fccken. Sie helfen, die Feuchtigkeit im Boden zu halten, indem sie die Verdunstung reduzieren und den Boden l\u00e4nger feucht halten.","og_url":"https:\/\/shop.natureneem.com\/de\/e-shop\/coco-ziegelstein-copy\/","og_site_name":"NatureNeem e-Shop","article_publisher":"https:\/\/www.facebook.com\/natureneemindia\/","article_modified_time":"2026-03-25T12:34:26+00:00","og_image":[{"width":1200,"height":1200,"url":"https:\/\/shop.natureneem.com\/wp-content\/uploads\/2025\/05\/NN_COCO-MULCH_WEB_00-1.jpg","type":"image\/jpeg"}],"twitter_card":"summary_large_image","twitter_title":"Kokosmulch","twitter_site":"@natureneem","twitter_misc":{"Verf\u00fcgbarkeit":"Auf Lager"},"schema":{"@context":"https:\/\/schema.org","@graph":[{"@type":"WebPage","@id":"https:\/\/shop.natureneem.com\/de\/e-shop\/coco-ziegelstein-copy\/","url":"https:\/\/shop.natureneem.com\/de\/e-shop\/coco-ziegelstein-copy\/","name":"Kokosmulch f\u00fcr Bodenfeuchtigkeitsspeicherung und Isolierung","isPartOf":{"@id":"https:\/\/shop.natureneem.com\/de\/#website"},"primaryImageOfPage":{"@id":"https:\/\/shop.natureneem.com\/de\/e-shop\/coco-ziegelstein-copy\/#primaryimage"},"image":{"@id":"https:\/\/shop.natureneem.com\/de\/e-shop\/coco-ziegelstein-copy\/#primaryimage"},"thumbnailUrl":"https:\/\/shop.natureneem.com\/wp-content\/uploads\/2025\/05\/NN_COCO-MULCH_WEB_00-1.jpg","datePublished":"2025-05-14T15:54:41+00:00","dateModified":"2026-03-25T12:34:26+00:00","description":"Ver\u00e4ndern Sie Ihr Gartenerlebnis mit Coco Mulch! Er ist ideal f\u00fcr Wohnungen und Terrassen, isoliert und verhindert das Wachstum von Unkraut. Jetzt kaufen!","breadcrumb":{"@id":"https:\/\/shop.natureneem.com\/de\/e-shop\/coco-ziegelstein-copy\/#breadcrumb"},"inLanguage":"de","potentialAction":[{"@type":"ReadAction","target":["https:\/\/shop.natureneem.com\/de\/e-shop\/coco-ziegelstein-copy\/"]}]},{"@type":"ImageObject","inLanguage":"de","@id":"https:\/\/shop.natureneem.com\/de\/e-shop\/coco-ziegelstein-copy\/#primaryimage","url":"https:\/\/shop.natureneem.com\/wp-content\/uploads\/2025\/05\/NN_COCO-MULCH_WEB_00-1.jpg","contentUrl":"https:\/\/shop.natureneem.com\/wp-content\/uploads\/2025\/05\/NN_COCO-MULCH_WEB_00-1.jpg","width":1200,"height":1200,"caption":"CocoMulch von NatureNeem"},{"@type":"BreadcrumbList","@id":"https:\/\/shop.natureneem.com\/de\/e-shop\/coco-ziegelstein-copy\/#breadcrumb","itemListElement":[{"@type":"ListItem","position":1,"name":"Home","item":"https:\/\/shop.natureneem.com\/de\/startseite\/"},{"@type":"ListItem","position":2,"name":"e-Shop","item":"https:\/\/shop.natureneem.com\/de\/e-shop\/"},{"@type":"ListItem","position":3,"name":"Kokosmulch"}]},{"@type":"WebSite","@id":"https:\/\/shop.natureneem.com\/de\/#website","url":"https:\/\/shop.natureneem.com\/de\/","name":"NatureNeem e-Shop","description":"Official Shop from Nature Neem","publisher":{"@id":"https:\/\/shop.natureneem.com\/de\/#organization"},"alternateName":"Nature Neem","potentialAction":[{"@type":"SearchAction","target":{"@type":"EntryPoint","urlTemplate":"https:\/\/shop.natureneem.com\/de\/?s={search_term_string}"},"query-input":{"@type":"PropertyValueSpecification","valueRequired":true,"valueName":"search_term_string"}}],"inLanguage":"de"},{"@type":"Organization","@id":"https:\/\/shop.natureneem.com\/de\/#organization","name":"Nature Neem","alternateName":"Lorsun SAS","url":"https:\/\/shop.natureneem.com\/de\/","logo":{"@type":"ImageObject","inLanguage":"de","@id":"https:\/\/shop.natureneem.com\/de\/#\/schema\/logo\/image\/","url":"https:\/\/shop.natureneem.com\/wp-content\/uploads\/2024\/09\/nn-logo-symbole-2024-01.svg","contentUrl":"https:\/\/shop.natureneem.com\/wp-content\/uploads\/2024\/09\/nn-logo-symbole-2024-01.svg","width":1,"height":1,"caption":"Nature Neem"},"image":{"@id":"https:\/\/shop.natureneem.com\/de\/#\/schema\/logo\/image\/"},"sameAs":["https:\/\/www.facebook.com\/natureneemindia\/","https:\/\/x.com\/natureneem","https:\/\/www.youtube.com\/user\/natureneem","https:\/\/www.linkedin.com\/company\/natureneem"],"description":"Wir besch\u00e4ftigen uns mit der Entwicklung und Vermarktung von \u00f6kologischen L\u00f6sungen. Wir erfinden weiterhin diese nat\u00fcrlichen alternativen L\u00f6sungen, die die chemisch synthetisierten Produkte, die unserer Umwelt schaden, wirksam ersetzen k\u00f6nnen. Unser Team ist besonders kompetent, wenn es darum geht, \u00f6kologische landwirtschaftliche Betriebsmittel vorzuschlagen. Wir agieren auch als eine Vereinigung von Gleichgesinnten, die glauben, dass die Natur die L\u00f6sung f\u00fcr alle Umweltprobleme der Menschen bereith\u00e4lt.   ","email":"info@natureneem.com","telephone":"+91 77084 00899","legalName":"NATURE NEEM PRODUCTS","vatID":"FR08891657884","numberOfEmployees":{"@type":"QuantitativeValue","minValue":"51","maxValue":"200"},"publishingPrinciples":"https:\/\/shop.natureneem.com\/","actionableFeedbackPolicy":"https:\/\/shop.natureneem.com\/return-and-refund-policy\/","hasMerchantReturnPolicy":{"@type":"MerchantReturnPolicy","merchantReturnLink":"https:\/\/shop.natureneem.com\/return-and-refund-policy\/"}}]},"og_availability":"instock","product_availability":"instock","product_retailer_item_id":"NN-GP-CM","product_condition":"new"},"_links":{"self":[{"href":"https:\/\/shop.natureneem.com\/de\/wp-json\/wp\/v2\/product\/11504","targetHints":{"allow":["GET"]}}],"collection":[{"href":"https:\/\/shop.natureneem.com\/de\/wp-json\/wp\/v2\/product"}],"about":[{"href":"https:\/\/shop.natureneem.com\/de\/wp-json\/wp\/v2\/types\/product"}],"replies":[{"embeddable":true,"href":"https:\/\/shop.natureneem.com\/de\/wp-json\/wp\/v2\/comments?post=11504"}],"wp:featuredmedia":[{"embeddable":true,"href":"https:\/\/shop.natureneem.com\/de\/wp-json\/wp\/v2\/media\/11719"}],"wp:attachment":[{"href":"https:\/\/shop.natureneem.com\/de\/wp-json\/wp\/v2\/media?parent=11504"}],"wp:term":[{"taxonomy":"product_brand","embeddable":true,"href":"https:\/\/shop.natureneem.com\/de\/wp-json\/wp\/v2\/product_brand?post=11504"},{"taxonomy":"product_cat","embeddable":true,"href":"https:\/\/shop.natureneem.com\/de\/wp-json\/wp\/v2\/product_cat?post=11504"},{"taxonomy":"product_tag","embeddable":true,"href":"https:\/\/shop.natureneem.com\/de\/wp-json\/wp\/v2\/product_tag?post=11504"}],"curies":[{"name":"wp","href":"https:\/\/api.w.org\/{rel}","templated":true}]}}