{"id":5571,"date":"2020-03-31T18:54:27","date_gmt":"2020-03-31T16:54:27","guid":{"rendered":"https:\/\/shop.natureneem.com\/e-shop\/coco-grow\/"},"modified":"2025-06-20T16:07:51","modified_gmt":"2025-06-20T14:07:51","slug":"coco-grow","status":"publish","type":"product","link":"https:\/\/shop.natureneem.com\/de\/e-shop\/coco-grow\/","title":{"rendered":"CocoGrow"},"content":{"rendered":"<h3>Coco Grow ein Beutel mit nat\u00fcrlichem Kokostorf und Fasern f\u00fcr Ihre Pflanzen<\/h3>\n<ul>\n<li>100% nat\u00fcrliches, angereichertes und gepuffertes Pflanzsubstrat aus Kokosfasern.<\/li>\n<li>Hervorragende Bel\u00fcftung und Drainage f\u00fcr starke, gesunde Wurzelsysteme<\/li>\n<li>Minimiert den Transplantationsschock, ideal f\u00fcr empfindliche Kulturen<\/li>\n<li>Kosteng\u00fcnstig und flexibel, da es einfach nach Bedarf ausgelegt und hydratisiert wird.<\/li>\n<li>Einfach zu handhaben, zu lagern und zu verwenden<\/li>\n<\/ul>\n<p><strong>Coco Grow<\/strong> ist eine Mischung aus gewaschenem und gepuffertem Kokostorf und Fasern. Diese Mischung sorgt f\u00fcr eine gute Retention, Drainage und Bel\u00fcftung, ohne das Risiko eines \u00fcberm\u00e4\u00dfigen Salzgehalts f\u00fcr die Wurzeln. Sie ist frei von Unkrautsamen oder Krankheitserregern. Sie ist bei Obst- und empfindlichen Gem\u00fcsebauern sehr beliebt.   <\/p>\n<div class=\"uk-grid-match uk-child-width-expand@s\">\n<div>\n<div class=\"uk-card uk-card-default uk-card-body\">\n<h2 class=\"uk-card-title\">Warum muss ich es verwenden?<\/h2>\n<h4><img loading=\"lazy\" decoding=\"async\" class=\"alignnone size-medium wp-image-12113\" src=\"https:\/\/shop.natureneem.com\/wp-content\/uploads\/2025\/06\/nn_eshop_cocogrow_bag-300x197.jpg\" alt=\"CocoGrow von NatureNeem\" width=\"300\" height=\"197\" srcset=\"https:\/\/shop.natureneem.com\/wp-content\/uploads\/2025\/06\/nn_eshop_cocogrow_bag-300x197.jpg 300w, https:\/\/shop.natureneem.com\/wp-content\/uploads\/2025\/06\/nn_eshop_cocogrow_bag-1024x672.jpg 1024w, https:\/\/shop.natureneem.com\/wp-content\/uploads\/2025\/06\/nn_eshop_cocogrow_bag-768x504.jpg 768w, https:\/\/shop.natureneem.com\/wp-content\/uploads\/2025\/06\/nn_eshop_cocogrow_bag-500x328.jpg 500w, https:\/\/shop.natureneem.com\/wp-content\/uploads\/2025\/06\/nn_eshop_cocogrow_bag.jpg 1280w\" sizes=\"(max-width: 300px) 100vw, 300px\" \/>1 Beutel Coco Grow<br \/>\n= 9 Liter pflanzfertige<br \/>\nvorgef\u00fcllte Erde in einem Beutel<\/h4>\n<\/div>\n<\/div>\n<div>\n<div class=\"uk-card uk-card-primary uk-card-body\">\n<h2 class=\"uk-card-title\">Wie kann ich es verwenden?<\/h2>\n<ul>\n<li>Packen Sie den Beutel mit 1 kg verpackter <a href=\"https:\/\/fr.wikipedia.org\/wiki\/Coconut\" target=\"_blank\" rel=\"noopener\">Kokosnuss<\/a> aus.<\/li>\n<li>F\u00fcgen Sie Wasser hinzu und f\u00fcllen Sie den Beutel Coco Grow fast vollst\u00e4ndig auf.<\/li>\n<li>Stechen Sie 2 bis 4 L\u00f6cher im Abstand von 2-3 cm vom Boden.<\/li>\n<li>F\u00fcgen Sie 25 g <a href=\"https:\/\/shop.natureneem.com\/e-shop\/nutraza-pellet-of-neem-seed\/\" target=\"_blank\" rel=\"noopener noreferrer\">NutrAza<\/a>, den nat\u00fcrlichen Kompost, hinzu.<\/li>\n<li>Die Anzahl der Pflanzen pro Beutel h\u00e4ngt von ihrer Gr\u00f6\u00dfe ab.<\/li>\n<li>Tipps: Die Tasche ist 3 Saisons lang wiederverwendbar!<\/li>\n<\/ul>\n<\/div>\n<\/div>\n<\/div>\n<div class=\"uk-grid-match uk-child-width-expand@s\">\n<div>\n<div class=\"uk-card uk-card-secondary uk-card-body\">\n<h2 class=\"uk-card-title\">Natur Neem Kanal<\/h2>\n<p><iframe loading=\"lazy\" title=\"Rempotage dans un sac de culture pr\u00e9 rempli de terreau de coco\" width=\"500\" height=\"281\" src=\"https:\/\/www.youtube.com\/embed\/yjb7McnAWbg?feature=oembed\" frameborder=\"0\" allow=\"accelerometer; autoplay; clipboard-write; encrypted-media; gyroscope; picture-in-picture; web-share\" referrerpolicy=\"strict-origin-when-cross-origin\" allowfullscreen><\/iframe><\/p>\n<\/div>\n<\/div>\n<div>\n<div class=\"uk-card uk-card-default uk-card-body uk-background-muted\">\n<h2 class=\"uk-card-title\">Werfen Sie einen Blick auf unseren YouTube-Kanal<\/h2>\n<h3>Befolgen Sie unsere Best Practices von Coco Grow<br \/>\n<em>Umtopfen in einem mit Kokoserde gef\u00fcllten Grow Bag<\/em><\/h3>\n<\/div>\n<\/div>\n<\/div>\n<h3>Z\u00fcchten Sie Ihr Gem\u00fcse, Ihre Pflanzen und sogar Ihr Obst. Mit einer gebrauchsfertigen Blumenerde ist das einfach, wirtschaftlich und umweltfreundlich. Mit nur 9 Litern Wasser erhalten Sie einen Beutel mit Blumenerde aus 100% nat\u00fcrlichen Kokosfasern. Leicht zu transportieren, leicht zu handhaben.   <\/h3>\n<h3 class=\"uk-alert\">Sie haben keinen Garten und wenig Platz, um Blumenerde zu lagern? Denken Sie an Coco Grow! <\/h3>\n<h3 class=\"uk-alert\">Haben Sie es satt, sperrige und zu schwere S\u00e4cke mit Erde zu tragen? W\u00e4hlen Sie Coco Grow ! <\/h3>\n<h3>Werfen Sie einen Blick auf unsere anderen Coco-Produkte, wie <a href=\"https:\/\/shop.natureneem.com\/de\/e-shop\/coco-ziegelstein\/\">Coco Brick<\/a>, ein ausgezeichnetes Pflanzsubstrat und Bodenverbesserer. Probieren Sie den Bestseller <a href=\"https:\/\/shop.natureneem.com\/e-shop\/naturecoco-organic-virgin-coconut-oil\/\">NatureCoco<\/a>, das biologische, native Kokosnuss\u00f6l. Coco Grow All-in-One biologische, \u00f6kologische L\u00f6sung f\u00fcr kleine Fl\u00e4chen.  <\/h3>\n","protected":false},"excerpt":{"rendered":"<h2 class=\"ai-optimize-19\">Kokosfasertasche<\/h2>\n<p class=\"ai-optimize-20\">f\u00fcr alle Arten von Pflanzen<br \/>\n1 Beutel = 9 Liter<br \/>\nPflanzfertig !<\/p>\n","protected":false},"featured_media":12154,"comment_status":"open","ping_status":"closed","template":"","meta":[],"product_brand":[],"product_cat":[150],"product_tag":[],"class_list":{"0":"post-5571","1":"product","2":"type-product","3":"status-publish","4":"has-post-thumbnail","6":"product_cat-coco-produkte","7":"product_shipping_class-1-1kg-de","9":"first","10":"instock","11":"shipping-taxable","12":"purchasable","13":"product-type-simple"},"yoast_head":"<!-- This site is optimized with the Yoast SEO Premium plugin v27.1 (Yoast SEO v27.2) - https:\/\/yoast.com\/product\/yoast-seo-premium-wordpress\/ -->\n<title>Coco Grow: Einfach zu verwendendes &amp; zu handhabendes Pflanzmedium f\u00fcr Pflanzen \ud83e\udd65 NatureNeem e-Shop<\/title>\n<meta name=\"description\" content=\"Geben Sie Ihren Pflanzen den besten Start mit Coco Grow, einem kosteng\u00fcnstigen und flexiblen Pflanzsubstrat. Minimieren Sie den Transplantationsschock. Genie\u00dfen Sie einfache Handhabung und Lagerung.\" \/>\n<meta name=\"robots\" content=\"index, follow, max-snippet:-1, max-image-preview:large, max-video-preview:-1\" \/>\n<link rel=\"canonical\" href=\"https:\/\/shop.natureneem.com\/de\/e-shop\/coco-grow\/\" \/>\n<meta property=\"og:locale\" content=\"de_DE\" \/>\n<meta property=\"og:type\" content=\"article\" \/>\n<meta property=\"og:title\" content=\"CocoGrow\" \/>\n<meta property=\"og:description\" content=\"Geben Sie Ihren Pflanzen den besten Start mit Coco Grow, einem kosteng\u00fcnstigen und flexiblen Pflanzsubstrat. Minimieren Sie den Transplantationsschock. Genie\u00dfen Sie einfache Handhabung und Lagerung.\" \/>\n<meta property=\"og:url\" content=\"https:\/\/shop.natureneem.com\/de\/e-shop\/coco-grow\/\" \/>\n<meta property=\"og:site_name\" content=\"NatureNeem e-Shop\" \/>\n<meta property=\"article:publisher\" content=\"https:\/\/www.facebook.com\/natureneemindia\/\" \/>\n<meta property=\"article:modified_time\" content=\"2025-06-20T14:07:51+00:00\" \/>\n<meta property=\"og:image\" content=\"https:\/\/shop.natureneem.com\/wp-content\/uploads\/2020\/03\/NN-COCOGROW-2025_01.jpg\" \/>\n\t<meta property=\"og:image:width\" content=\"2000\" \/>\n\t<meta property=\"og:image:height\" content=\"2000\" \/>\n\t<meta property=\"og:image:type\" content=\"image\/jpeg\" \/>\n<meta name=\"twitter:card\" content=\"summary_large_image\" \/>\n<meta name=\"twitter:site\" content=\"@natureneem\" \/>\n<meta name=\"twitter:label1\" content=\"Preis\" \/>\n\t<meta name=\"twitter:data1\" content=\"7,99&nbsp;&euro;\" \/>\n\t<meta name=\"twitter:label2\" content=\"Verf\u00fcgbarkeit\" \/>\n\t<meta name=\"twitter:data2\" content=\"Auf Lager\" \/>\n<script type=\"application\/ld+json\" class=\"yoast-schema-graph\">{\"@context\":\"https:\/\/schema.org\",\"@graph\":[{\"@type\":\"WebPage\",\"@id\":\"https:\/\/shop.natureneem.com\/de\/e-shop\/coco-grow\/\",\"url\":\"https:\/\/shop.natureneem.com\/de\/e-shop\/coco-grow\/\",\"name\":\"Coco Grow: Einfach zu verwendendes & zu handhabendes Pflanzmedium f\u00fcr Pflanzen \ud83e\udd65 NatureNeem e-Shop\",\"isPartOf\":{\"@id\":\"https:\/\/shop.natureneem.com\/de\/#website\"},\"primaryImageOfPage\":{\"@id\":\"https:\/\/shop.natureneem.com\/de\/e-shop\/coco-grow\/#primaryimage\"},\"image\":{\"@id\":\"https:\/\/shop.natureneem.com\/de\/e-shop\/coco-grow\/#primaryimage\"},\"thumbnailUrl\":\"https:\/\/shop.natureneem.com\/wp-content\/uploads\/2020\/03\/NN-COCOGROW-2025_01.jpg\",\"datePublished\":\"2020-03-31T16:54:27+00:00\",\"dateModified\":\"2025-06-20T14:07:51+00:00\",\"description\":\"Geben Sie Ihren Pflanzen den besten Start mit Coco Grow, einem kosteng\u00fcnstigen und flexiblen Pflanzsubstrat. Minimieren Sie den Transplantationsschock. Genie\u00dfen Sie einfache Handhabung und Lagerung.\",\"breadcrumb\":{\"@id\":\"https:\/\/shop.natureneem.com\/de\/e-shop\/coco-grow\/#breadcrumb\"},\"inLanguage\":\"de\",\"potentialAction\":[{\"@type\":\"ReadAction\",\"target\":[\"https:\/\/shop.natureneem.com\/de\/e-shop\/coco-grow\/\"]}]},{\"@type\":\"ImageObject\",\"inLanguage\":\"de\",\"@id\":\"https:\/\/shop.natureneem.com\/de\/e-shop\/coco-grow\/#primaryimage\",\"url\":\"https:\/\/shop.natureneem.com\/wp-content\/uploads\/2020\/03\/NN-COCOGROW-2025_01.jpg\",\"contentUrl\":\"https:\/\/shop.natureneem.com\/wp-content\/uploads\/2020\/03\/NN-COCOGROW-2025_01.jpg\",\"width\":2000,\"height\":2000,\"caption\":\"CocoGrow von NatureNeem - Einfach zu handhaben, zu lagern und zu verwenden\"},{\"@type\":\"BreadcrumbList\",\"@id\":\"https:\/\/shop.natureneem.com\/de\/e-shop\/coco-grow\/#breadcrumb\",\"itemListElement\":[{\"@type\":\"ListItem\",\"position\":1,\"name\":\"Home\",\"item\":\"https:\/\/shop.natureneem.com\/de\/startseite\/\"},{\"@type\":\"ListItem\",\"position\":2,\"name\":\"e-Shop\",\"item\":\"https:\/\/shop.natureneem.com\/de\/e-shop\/\"},{\"@type\":\"ListItem\",\"position\":3,\"name\":\"CocoGrow\"}]},{\"@type\":\"WebSite\",\"@id\":\"https:\/\/shop.natureneem.com\/de\/#website\",\"url\":\"https:\/\/shop.natureneem.com\/de\/\",\"name\":\"NatureNeem e-Shop\",\"description\":\"Official Shop from Nature Neem\",\"publisher\":{\"@id\":\"https:\/\/shop.natureneem.com\/de\/#organization\"},\"alternateName\":\"Nature Neem\",\"potentialAction\":[{\"@type\":\"SearchAction\",\"target\":{\"@type\":\"EntryPoint\",\"urlTemplate\":\"https:\/\/shop.natureneem.com\/de\/?s={search_term_string}\"},\"query-input\":{\"@type\":\"PropertyValueSpecification\",\"valueRequired\":true,\"valueName\":\"search_term_string\"}}],\"inLanguage\":\"de\"},{\"@type\":\"Organization\",\"@id\":\"https:\/\/shop.natureneem.com\/de\/#organization\",\"name\":\"Nature Neem\",\"alternateName\":\"Lorsun SAS\",\"url\":\"https:\/\/shop.natureneem.com\/de\/\",\"logo\":{\"@type\":\"ImageObject\",\"inLanguage\":\"de\",\"@id\":\"https:\/\/shop.natureneem.com\/de\/#\/schema\/logo\/image\/\",\"url\":\"https:\/\/shop.natureneem.com\/wp-content\/uploads\/2024\/09\/nn-logo-symbole-2024-01.svg\",\"contentUrl\":\"https:\/\/shop.natureneem.com\/wp-content\/uploads\/2024\/09\/nn-logo-symbole-2024-01.svg\",\"width\":1,\"height\":1,\"caption\":\"Nature Neem\"},\"image\":{\"@id\":\"https:\/\/shop.natureneem.com\/de\/#\/schema\/logo\/image\/\"},\"sameAs\":[\"https:\/\/www.facebook.com\/natureneemindia\/\",\"https:\/\/x.com\/natureneem\",\"https:\/\/www.youtube.com\/user\/natureneem\",\"https:\/\/www.linkedin.com\/company\/natureneem\"],\"description\":\"Wir besch\u00e4ftigen uns mit der Entwicklung und Vermarktung von \u00f6kologischen L\u00f6sungen. Wir erfinden weiterhin diese nat\u00fcrlichen alternativen L\u00f6sungen, die die chemisch synthetisierten Produkte, die unserer Umwelt schaden, wirksam ersetzen k\u00f6nnen. Unser Team ist besonders kompetent, wenn es darum geht, \u00f6kologische landwirtschaftliche Betriebsmittel vorzuschlagen. Wir agieren auch als eine Vereinigung von Gleichgesinnten, die glauben, dass die Natur die L\u00f6sung f\u00fcr alle Umweltprobleme der Menschen bereith\u00e4lt.   \",\"email\":\"info@natureneem.com\",\"telephone\":\"+91 77084 00899\",\"legalName\":\"NATURE NEEM PRODUCTS\",\"vatID\":\"FR08891657884\",\"numberOfEmployees\":{\"@type\":\"QuantitativeValue\",\"minValue\":\"51\",\"maxValue\":\"200\"},\"publishingPrinciples\":\"https:\/\/shop.natureneem.com\/\",\"actionableFeedbackPolicy\":\"https:\/\/shop.natureneem.com\/return-and-refund-policy\/\",\"hasMerchantReturnPolicy\":{\"@type\":\"MerchantReturnPolicy\",\"merchantReturnLink\":\"https:\/\/shop.natureneem.com\/return-and-refund-policy\/\"}}]}<\/script>\n<meta property=\"product:price:amount\" content=\"7.99\" \/>\n<meta property=\"product:price:currency\" content=\"EUR\" \/>\n<meta property=\"og:availability\" content=\"instock\" \/>\n<meta property=\"product:availability\" content=\"instock\" \/>\n<meta property=\"product:retailer_item_id\" content=\"NN-GP-CG\" \/>\n<meta property=\"product:condition\" content=\"new\" \/>\n<!-- \/ Yoast SEO Premium plugin. -->","yoast_head_json":{"title":"Coco Grow: Einfach zu verwendendes & zu handhabendes Pflanzmedium f\u00fcr Pflanzen \ud83e\udd65 NatureNeem e-Shop","description":"Geben Sie Ihren Pflanzen den besten Start mit Coco Grow, einem kosteng\u00fcnstigen und flexiblen Pflanzsubstrat. Minimieren Sie den Transplantationsschock. Genie\u00dfen Sie einfache Handhabung und Lagerung.","robots":{"index":"index","follow":"follow","max-snippet":"max-snippet:-1","max-image-preview":"max-image-preview:large","max-video-preview":"max-video-preview:-1"},"canonical":"https:\/\/shop.natureneem.com\/de\/e-shop\/coco-grow\/","og_locale":"de_DE","og_type":"article","og_title":"CocoGrow","og_description":"Geben Sie Ihren Pflanzen den besten Start mit Coco Grow, einem kosteng\u00fcnstigen und flexiblen Pflanzsubstrat. Minimieren Sie den Transplantationsschock. Genie\u00dfen Sie einfache Handhabung und Lagerung.","og_url":"https:\/\/shop.natureneem.com\/de\/e-shop\/coco-grow\/","og_site_name":"NatureNeem e-Shop","article_publisher":"https:\/\/www.facebook.com\/natureneemindia\/","article_modified_time":"2025-06-20T14:07:51+00:00","og_image":[{"width":2000,"height":2000,"url":"https:\/\/shop.natureneem.com\/wp-content\/uploads\/2020\/03\/NN-COCOGROW-2025_01.jpg","type":"image\/jpeg"}],"twitter_card":"summary_large_image","twitter_site":"@natureneem","twitter_misc":{"Preis":"7,99&nbsp;&euro;","Verf\u00fcgbarkeit":"Auf Lager"},"schema":{"@context":"https:\/\/schema.org","@graph":[{"@type":"WebPage","@id":"https:\/\/shop.natureneem.com\/de\/e-shop\/coco-grow\/","url":"https:\/\/shop.natureneem.com\/de\/e-shop\/coco-grow\/","name":"Coco Grow: Einfach zu verwendendes & zu handhabendes Pflanzmedium f\u00fcr Pflanzen \ud83e\udd65 NatureNeem e-Shop","isPartOf":{"@id":"https:\/\/shop.natureneem.com\/de\/#website"},"primaryImageOfPage":{"@id":"https:\/\/shop.natureneem.com\/de\/e-shop\/coco-grow\/#primaryimage"},"image":{"@id":"https:\/\/shop.natureneem.com\/de\/e-shop\/coco-grow\/#primaryimage"},"thumbnailUrl":"https:\/\/shop.natureneem.com\/wp-content\/uploads\/2020\/03\/NN-COCOGROW-2025_01.jpg","datePublished":"2020-03-31T16:54:27+00:00","dateModified":"2025-06-20T14:07:51+00:00","description":"Geben Sie Ihren Pflanzen den besten Start mit Coco Grow, einem kosteng\u00fcnstigen und flexiblen Pflanzsubstrat. Minimieren Sie den Transplantationsschock. Genie\u00dfen Sie einfache Handhabung und Lagerung.","breadcrumb":{"@id":"https:\/\/shop.natureneem.com\/de\/e-shop\/coco-grow\/#breadcrumb"},"inLanguage":"de","potentialAction":[{"@type":"ReadAction","target":["https:\/\/shop.natureneem.com\/de\/e-shop\/coco-grow\/"]}]},{"@type":"ImageObject","inLanguage":"de","@id":"https:\/\/shop.natureneem.com\/de\/e-shop\/coco-grow\/#primaryimage","url":"https:\/\/shop.natureneem.com\/wp-content\/uploads\/2020\/03\/NN-COCOGROW-2025_01.jpg","contentUrl":"https:\/\/shop.natureneem.com\/wp-content\/uploads\/2020\/03\/NN-COCOGROW-2025_01.jpg","width":2000,"height":2000,"caption":"CocoGrow von NatureNeem - Einfach zu handhaben, zu lagern und zu verwenden"},{"@type":"BreadcrumbList","@id":"https:\/\/shop.natureneem.com\/de\/e-shop\/coco-grow\/#breadcrumb","itemListElement":[{"@type":"ListItem","position":1,"name":"Home","item":"https:\/\/shop.natureneem.com\/de\/startseite\/"},{"@type":"ListItem","position":2,"name":"e-Shop","item":"https:\/\/shop.natureneem.com\/de\/e-shop\/"},{"@type":"ListItem","position":3,"name":"CocoGrow"}]},{"@type":"WebSite","@id":"https:\/\/shop.natureneem.com\/de\/#website","url":"https:\/\/shop.natureneem.com\/de\/","name":"NatureNeem e-Shop","description":"Official Shop from Nature Neem","publisher":{"@id":"https:\/\/shop.natureneem.com\/de\/#organization"},"alternateName":"Nature Neem","potentialAction":[{"@type":"SearchAction","target":{"@type":"EntryPoint","urlTemplate":"https:\/\/shop.natureneem.com\/de\/?s={search_term_string}"},"query-input":{"@type":"PropertyValueSpecification","valueRequired":true,"valueName":"search_term_string"}}],"inLanguage":"de"},{"@type":"Organization","@id":"https:\/\/shop.natureneem.com\/de\/#organization","name":"Nature Neem","alternateName":"Lorsun SAS","url":"https:\/\/shop.natureneem.com\/de\/","logo":{"@type":"ImageObject","inLanguage":"de","@id":"https:\/\/shop.natureneem.com\/de\/#\/schema\/logo\/image\/","url":"https:\/\/shop.natureneem.com\/wp-content\/uploads\/2024\/09\/nn-logo-symbole-2024-01.svg","contentUrl":"https:\/\/shop.natureneem.com\/wp-content\/uploads\/2024\/09\/nn-logo-symbole-2024-01.svg","width":1,"height":1,"caption":"Nature Neem"},"image":{"@id":"https:\/\/shop.natureneem.com\/de\/#\/schema\/logo\/image\/"},"sameAs":["https:\/\/www.facebook.com\/natureneemindia\/","https:\/\/x.com\/natureneem","https:\/\/www.youtube.com\/user\/natureneem","https:\/\/www.linkedin.com\/company\/natureneem"],"description":"Wir besch\u00e4ftigen uns mit der Entwicklung und Vermarktung von \u00f6kologischen L\u00f6sungen. Wir erfinden weiterhin diese nat\u00fcrlichen alternativen L\u00f6sungen, die die chemisch synthetisierten Produkte, die unserer Umwelt schaden, wirksam ersetzen k\u00f6nnen. Unser Team ist besonders kompetent, wenn es darum geht, \u00f6kologische landwirtschaftliche Betriebsmittel vorzuschlagen. Wir agieren auch als eine Vereinigung von Gleichgesinnten, die glauben, dass die Natur die L\u00f6sung f\u00fcr alle Umweltprobleme der Menschen bereith\u00e4lt.   ","email":"info@natureneem.com","telephone":"+91 77084 00899","legalName":"NATURE NEEM PRODUCTS","vatID":"FR08891657884","numberOfEmployees":{"@type":"QuantitativeValue","minValue":"51","maxValue":"200"},"publishingPrinciples":"https:\/\/shop.natureneem.com\/","actionableFeedbackPolicy":"https:\/\/shop.natureneem.com\/return-and-refund-policy\/","hasMerchantReturnPolicy":{"@type":"MerchantReturnPolicy","merchantReturnLink":"https:\/\/shop.natureneem.com\/return-and-refund-policy\/"}}]},"product_price_amount":"7.99","product_price_currency":"EUR","og_availability":"instock","product_availability":"instock","product_retailer_item_id":"NN-GP-CG","product_condition":"new"},"_links":{"self":[{"href":"https:\/\/shop.natureneem.com\/de\/wp-json\/wp\/v2\/product\/5571","targetHints":{"allow":["GET"]}}],"collection":[{"href":"https:\/\/shop.natureneem.com\/de\/wp-json\/wp\/v2\/product"}],"about":[{"href":"https:\/\/shop.natureneem.com\/de\/wp-json\/wp\/v2\/types\/product"}],"replies":[{"embeddable":true,"href":"https:\/\/shop.natureneem.com\/de\/wp-json\/wp\/v2\/comments?post=5571"}],"wp:featuredmedia":[{"embeddable":true,"href":"https:\/\/shop.natureneem.com\/de\/wp-json\/wp\/v2\/media\/12154"}],"wp:attachment":[{"href":"https:\/\/shop.natureneem.com\/de\/wp-json\/wp\/v2\/media?parent=5571"}],"wp:term":[{"taxonomy":"product_brand","embeddable":true,"href":"https:\/\/shop.natureneem.com\/de\/wp-json\/wp\/v2\/product_brand?post=5571"},{"taxonomy":"product_cat","embeddable":true,"href":"https:\/\/shop.natureneem.com\/de\/wp-json\/wp\/v2\/product_cat?post=5571"},{"taxonomy":"product_tag","embeddable":true,"href":"https:\/\/shop.natureneem.com\/de\/wp-json\/wp\/v2\/product_tag?post=5571"}],"curies":[{"name":"wp","href":"https:\/\/api.w.org\/{rel}","templated":true}]}}