{"id":5575,"date":"2021-05-15T12:16:27","date_gmt":"2021-05-15T10:16:27","guid":{"rendered":"https:\/\/shop.natureneem.com\/e-shop\/naturcoco\/"},"modified":"2025-09-18T15:48:56","modified_gmt":"2025-09-18T13:48:56","slug":"naturcoco","status":"publish","type":"product","link":"https:\/\/shop.natureneem.com\/de\/e-shop\/naturcoco\/","title":{"rendered":"NaturCoco"},"content":{"rendered":"<div>\n<h3>Natives Bio-Kokosnuss\u00f6l<\/h3>\n<\/div>\n<div><strong>Verwendungshinweise f\u00fcr Nature Coco<\/strong><br \/>\nVielseitiges Speise\u00f6l und eine ges\u00fcndere Alternative zu herk\u00f6mmlichem Speisefett.<br \/>\nWird auch als Feuchtigkeitsspender f\u00fcr Haare, Lippen und Haut verwendet.<br \/>\nKeine Spuren von Pestiziden, Schwermetallen oder OGM.<br \/>\nNatureCoco natives Bio-\u00d6l<br \/>\nEs werden keine Hitze, Bleichmittel oder Konservierungsstoffe verwendet, um seine Farbe und Haltbarkeit zu verbessern.<br \/>\nKann bis zu 2 Jahre im K\u00fchlschrank aufbewahrt werden, aber nach dem \u00d6ffnen innerhalb von 6 Monaten verbrauchen.<\/div>\n<div><\/div>\n<div><strong>Sicherheitsinformationen<\/strong><br \/>\nEnth\u00e4lt keine Proteine. In extrem seltenen F\u00e4llen kann es zu einer allergischen Kontaktdermatitis kommen.<br \/>\nVerpackung in BPA-freien, wiederverwertbaren PEG-Flaschen. <\/div>\n<div><\/div>\n<div><strong>Zusammensetzung<\/strong><\/div>\n<ul>\n<li>Enth\u00e4lt 100% erstes kaltgepresstes Kokosnuss\u00f6l (Kopra).<\/li>\n<li>Durchschnittlicher N\u00e4hrstoffgehalt f\u00fcr 100 g.<\/li>\n<li>Energie: 898 kcal.<\/li>\n<li>Fette: 99 g, davon ges\u00e4ttigte Fetts\u00e4uren: 93 g.<\/li>\n<li>Glucide \/ Proteine \/ Salze: 0 g<\/li>\n<li><strong>500 ml<\/strong><\/li>\n<\/ul>\n<p>Verbrauchen Sie es innerhalb von 6 Monaten nach dem \u00d6ffnen der Flasche. Kann bis zu 2 Jahre im K\u00fchlschrank aufbewahrt werden.<br \/>\nAn einem k\u00fchlen, trockenen und vor Sonnenlicht gesch\u00fctzten Ort aufbewahren <\/p>\n<ul class=\"uk-list uk-list-bullet uk-scrollspy-inview \" uk-scrollspy-class=\"\">\n<li class=\"el-item\">\n<div class=\"el-content uk-panel\">\n<p>Echtes Kokosnuss\u00f6l wird aus der nat\u00fcrlich getrockneten, reifen Kokosnuss COPRA gewonnen.<\/p>\n<\/div>\n<\/li>\n<li class=\"el-item\">\n<div class=\"el-content uk-panel\">\n<p>Das \u00d6l wird nach der traditionellen Methode der Kaltpressung mit Holzm\u00fchlen gewonnen.<\/p>\n<\/div>\n<\/li>\n<li class=\"el-item\">\n<div class=\"el-content uk-panel\">\n<p>Die magischen Inhaltsstoffe der Kokosnuss und ihr urspr\u00fcnglicher Geschmack bleiben erhalten.<\/p>\n<\/div>\n<\/li>\n<li class=\"el-item\">\n<div class=\"el-content uk-panel\">\n<p>Es werden weder Konservierungsstoffe zugesetzt, um die Haltbarkeit zu verl\u00e4ngern, noch wird es gebleicht, um die Qualit\u00e4t k\u00fcnstlich zu verbessern.<\/p>\n<\/div>\n<\/li>\n<li class=\"el-item\">\n<div class=\"el-content uk-panel\">\n<p>Das \u00d6l ist lebensmittelecht und enth\u00e4lt keine Spuren von Pestiziden, Schwermetallen oder OGM.<\/p>\n<\/div>\n<\/li>\n<li class=\"el-item\">\n<div class=\"el-content uk-panel\">\n<p>Anwendungen: Kosmetik &#8211; Feuchtigkeitspflege, Massage. Kochen &#8211; eine ges\u00fcndere Alternative zu herk\u00f6mmlichen Speisefetten. <\/p>\n<\/div>\n<\/li>\n<\/ul>\n<div class=\"tm-grid-expand uk-child-width-1-1 uk-grid-margin uk-grid uk-grid-stack\" uk-grid=\"\">\n<div class=\"uk-width-1-1@m uk-first-column\"><\/div>\n<\/div>\n<div class=\"tm-grid-expand uk-margin uk-grid\" uk-grid=\"\" uk-height-match=\"target: .uk-card\">\n<div class=\"uk-width-1-2@s uk-first-column\">\n<div class=\"uk-card uk-card-secondary uk-card-body uk-margin-remove-first-child uk-margin\">\n<h4 class=\"el-title uk-heading-small uk-margin-top uk-margin-remove-bottom\">Kosmetika<\/h4>\n<div class=\"el-content uk-panel uk-text-lead uk-column-1-2@m uk-margin-top\">Wird auf Haare, Lippen und Haut als Feuchtigkeitsspender aufgetragen. Es soll das Haarwachstum f\u00f6rdern. Bestes \u00d6l f\u00fcr Massagen. Kann zur Beruhigung und Heilung allergischer Haut angewendet werden. Wird als Make-up-Entferner verwendet.    <\/div>\n<\/div>\n<\/div>\n<div class=\"uk-width-1-2@s\">\n<div class=\"uk-card uk-card-primary uk-card-body uk-margin-remove-first-child uk-margin\">\n<h4 class=\"el-title uk-heading-small uk-margin-top uk-margin-remove-bottom\">Kochen<\/h4>\n<div class=\"el-content uk-panel uk-text-lead uk-column-1-2@m uk-margin-top\">Ein vielseitiges \u00d6l und eine ges\u00fcndere Alternative zu herk\u00f6mmlichem Speisefett. Kann f\u00fcr Dressings, zum Kochen, Braten, Backen, f\u00fcr Saucen und Marinaden verwendet werden. Ideal f\u00fcr Salate und kalte Gerichte. Das unraffinierte, kaltgepresste \u00d6l verleiht unseren Gerichten das Aroma und den Geschmack der Kokosnuss.   <\/div>\n<\/div>\n<\/div>\n<\/div>\n<h3>Erfahren Sie mehr \u00fcber NatureCoco natives Bio-\u00d6l<\/h3>\n<p><img loading=\"lazy\" decoding=\"async\" class=\"alignleft wp-image-416 size-thumbnail\" src=\"https:\/\/shop.natureneem.com\/wp-content\/uploads\/2021\/05\/nn_naturecoco_deco02-150x150.webp\" alt=\"NatureCoco von NatureNeem\" width=\"150\" height=\"150\"><\/p>\n<div><a class=\"uk-button uk-button-secondary uk-button-large\" href=\"https:\/\/natureneem.com\/en\/products\/naturecoco\" target=\"_blank\" rel=\"noopener noreferrer\">Klicken Sie hier<\/a><\/div>\n<div><\/div>\n","protected":false},"excerpt":{"rendered":"<h3 class=\"ai-optimize-10\">Natives Bio-Kokosnuss\u00f6l<\/h3>\n<p class=\"ai-optimize-11\">Ohne Hitze, ohne Bleichmittel, ohne Konservierungsstoffe<\/p>\n","protected":false},"featured_media":11918,"comment_status":"open","ping_status":"closed","template":"","meta":[],"product_brand":[],"product_cat":[150],"product_tag":[],"class_list":{"0":"post-5575","1":"product","2":"type-product","3":"status-publish","4":"has-post-thumbnail","6":"product_cat-coco-produkte","7":"product_shipping_class-0-6kg-de","9":"first","10":"instock","11":"sale","12":"shipping-taxable","13":"purchasable","14":"product-type-simple"},"yoast_head":"<!-- This site is optimized with the Yoast SEO Premium plugin v27.1 (Yoast SEO v27.2) - https:\/\/yoast.com\/product\/yoast-seo-premium-wordpress\/ -->\n<title>Kokosnuss\u00f6l Bio Nativ: Vielseitiges Speise\u00f6l und Feuchtigkeitscreme<\/title>\n<meta name=\"description\" content=\"Genie\u00dfen Sie die reine G\u00fcte des nativen Bio-Kokos\u00f6ls von Nature Coco. Ohne Pestizide, Schwermetalle oder OGM. Verbessern Sie Ihr Wohlbefinden noch heute!\" \/>\n<meta name=\"robots\" content=\"index, follow, max-snippet:-1, max-image-preview:large, max-video-preview:-1\" \/>\n<link rel=\"canonical\" href=\"https:\/\/shop.natureneem.com\/de\/e-shop\/naturcoco\/\" \/>\n<meta property=\"og:locale\" content=\"de_DE\" \/>\n<meta property=\"og:type\" content=\"article\" \/>\n<meta property=\"og:title\" content=\"NaturCoco\" \/>\n<meta property=\"og:description\" content=\"Genie\u00dfen Sie die reine G\u00fcte des nativen Bio-Kokos\u00f6ls von Nature Coco. Ohne Pestizide, Schwermetalle oder OGM. Verbessern Sie Ihr Wohlbefinden noch heute!\" \/>\n<meta property=\"og:url\" content=\"https:\/\/shop.natureneem.com\/de\/e-shop\/naturcoco\/\" \/>\n<meta property=\"og:site_name\" content=\"NatureNeem e-Shop\" \/>\n<meta property=\"article:publisher\" content=\"https:\/\/www.facebook.com\/natureneemindia\/\" \/>\n<meta property=\"article:modified_time\" content=\"2025-09-18T13:48:56+00:00\" \/>\n<meta property=\"og:image\" content=\"https:\/\/shop.natureneem.com\/wp-content\/uploads\/2021\/05\/NN-COCO-2025_01.jpg\" \/>\n\t<meta property=\"og:image:width\" content=\"800\" \/>\n\t<meta property=\"og:image:height\" content=\"800\" \/>\n\t<meta property=\"og:image:type\" content=\"image\/jpeg\" \/>\n<meta name=\"twitter:card\" content=\"summary_large_image\" \/>\n<meta name=\"twitter:site\" content=\"@natureneem\" \/>\n<meta name=\"twitter:label1\" content=\"Preis\" \/>\n\t<meta name=\"twitter:data1\" content=\"9,99&nbsp;&euro;\" \/>\n\t<meta name=\"twitter:label2\" content=\"Verf\u00fcgbarkeit\" \/>\n\t<meta name=\"twitter:data2\" content=\"Auf Lager\" \/>\n<script type=\"application\/ld+json\" class=\"yoast-schema-graph\">{\"@context\":\"https:\/\/schema.org\",\"@graph\":[{\"@type\":\"WebPage\",\"@id\":\"https:\/\/shop.natureneem.com\/de\/e-shop\/naturcoco\/\",\"url\":\"https:\/\/shop.natureneem.com\/de\/e-shop\/naturcoco\/\",\"name\":\"Kokosnuss\u00f6l Bio Nativ: Vielseitiges Speise\u00f6l und Feuchtigkeitscreme\",\"isPartOf\":{\"@id\":\"https:\/\/shop.natureneem.com\/de\/#website\"},\"primaryImageOfPage\":{\"@id\":\"https:\/\/shop.natureneem.com\/de\/e-shop\/naturcoco\/#primaryimage\"},\"image\":{\"@id\":\"https:\/\/shop.natureneem.com\/de\/e-shop\/naturcoco\/#primaryimage\"},\"thumbnailUrl\":\"https:\/\/shop.natureneem.com\/wp-content\/uploads\/2021\/05\/NN-COCO-2025_01.jpg\",\"datePublished\":\"2021-05-15T10:16:27+00:00\",\"dateModified\":\"2025-09-18T13:48:56+00:00\",\"description\":\"Genie\u00dfen Sie die reine G\u00fcte des nativen Bio-Kokos\u00f6ls von Nature Coco. Ohne Pestizide, Schwermetalle oder OGM. Verbessern Sie Ihr Wohlbefinden noch heute!\",\"breadcrumb\":{\"@id\":\"https:\/\/shop.natureneem.com\/de\/e-shop\/naturcoco\/#breadcrumb\"},\"inLanguage\":\"de\",\"potentialAction\":[{\"@type\":\"ReadAction\",\"target\":[\"https:\/\/shop.natureneem.com\/de\/e-shop\/naturcoco\/\"]}]},{\"@type\":\"ImageObject\",\"inLanguage\":\"de\",\"@id\":\"https:\/\/shop.natureneem.com\/de\/e-shop\/naturcoco\/#primaryimage\",\"url\":\"https:\/\/shop.natureneem.com\/wp-content\/uploads\/2021\/05\/NN-COCO-2025_01.jpg\",\"contentUrl\":\"https:\/\/shop.natureneem.com\/wp-content\/uploads\/2021\/05\/NN-COCO-2025_01.jpg\",\"width\":800,\"height\":800},{\"@type\":\"BreadcrumbList\",\"@id\":\"https:\/\/shop.natureneem.com\/de\/e-shop\/naturcoco\/#breadcrumb\",\"itemListElement\":[{\"@type\":\"ListItem\",\"position\":1,\"name\":\"Home\",\"item\":\"https:\/\/shop.natureneem.com\/de\/startseite\/\"},{\"@type\":\"ListItem\",\"position\":2,\"name\":\"e-Shop\",\"item\":\"https:\/\/shop.natureneem.com\/de\/e-shop\/\"},{\"@type\":\"ListItem\",\"position\":3,\"name\":\"NaturCoco\"}]},{\"@type\":\"WebSite\",\"@id\":\"https:\/\/shop.natureneem.com\/de\/#website\",\"url\":\"https:\/\/shop.natureneem.com\/de\/\",\"name\":\"NatureNeem e-Shop\",\"description\":\"Official Shop from Nature Neem\",\"publisher\":{\"@id\":\"https:\/\/shop.natureneem.com\/de\/#organization\"},\"alternateName\":\"Nature Neem\",\"potentialAction\":[{\"@type\":\"SearchAction\",\"target\":{\"@type\":\"EntryPoint\",\"urlTemplate\":\"https:\/\/shop.natureneem.com\/de\/?s={search_term_string}\"},\"query-input\":{\"@type\":\"PropertyValueSpecification\",\"valueRequired\":true,\"valueName\":\"search_term_string\"}}],\"inLanguage\":\"de\"},{\"@type\":\"Organization\",\"@id\":\"https:\/\/shop.natureneem.com\/de\/#organization\",\"name\":\"Nature Neem\",\"alternateName\":\"Lorsun SAS\",\"url\":\"https:\/\/shop.natureneem.com\/de\/\",\"logo\":{\"@type\":\"ImageObject\",\"inLanguage\":\"de\",\"@id\":\"https:\/\/shop.natureneem.com\/de\/#\/schema\/logo\/image\/\",\"url\":\"https:\/\/shop.natureneem.com\/wp-content\/uploads\/2024\/09\/nn-logo-symbole-2024-01.svg\",\"contentUrl\":\"https:\/\/shop.natureneem.com\/wp-content\/uploads\/2024\/09\/nn-logo-symbole-2024-01.svg\",\"width\":1,\"height\":1,\"caption\":\"Nature Neem\"},\"image\":{\"@id\":\"https:\/\/shop.natureneem.com\/de\/#\/schema\/logo\/image\/\"},\"sameAs\":[\"https:\/\/www.facebook.com\/natureneemindia\/\",\"https:\/\/x.com\/natureneem\",\"https:\/\/www.youtube.com\/user\/natureneem\",\"https:\/\/www.linkedin.com\/company\/natureneem\"],\"description\":\"Wir besch\u00e4ftigen uns mit der Entwicklung und Vermarktung von \u00f6kologischen L\u00f6sungen. Wir erfinden weiterhin diese nat\u00fcrlichen alternativen L\u00f6sungen, die die chemisch synthetisierten Produkte, die unserer Umwelt schaden, wirksam ersetzen k\u00f6nnen. Unser Team ist besonders kompetent, wenn es darum geht, \u00f6kologische landwirtschaftliche Betriebsmittel vorzuschlagen. Wir agieren auch als eine Vereinigung von Gleichgesinnten, die glauben, dass die Natur die L\u00f6sung f\u00fcr alle Umweltprobleme der Menschen bereith\u00e4lt.   \",\"email\":\"info@natureneem.com\",\"telephone\":\"+91 77084 00899\",\"legalName\":\"NATURE NEEM PRODUCTS\",\"vatID\":\"FR08891657884\",\"numberOfEmployees\":{\"@type\":\"QuantitativeValue\",\"minValue\":\"51\",\"maxValue\":\"200\"},\"publishingPrinciples\":\"https:\/\/shop.natureneem.com\/\",\"actionableFeedbackPolicy\":\"https:\/\/shop.natureneem.com\/return-and-refund-policy\/\",\"hasMerchantReturnPolicy\":{\"@type\":\"MerchantReturnPolicy\",\"merchantReturnLink\":\"https:\/\/shop.natureneem.com\/return-and-refund-policy\/\"}}]}<\/script>\n<meta property=\"product:price:amount\" content=\"9.99\" \/>\n<meta property=\"product:price:currency\" content=\"EUR\" \/>\n<meta property=\"og:availability\" content=\"instock\" \/>\n<meta property=\"product:availability\" content=\"instock\" \/>\n<meta property=\"product:retailer_item_id\" content=\"NN-CP-NC-500\" \/>\n<meta property=\"product:condition\" content=\"new\" \/>\n<!-- \/ Yoast SEO Premium plugin. -->","yoast_head_json":{"title":"Kokosnuss\u00f6l Bio Nativ: Vielseitiges Speise\u00f6l und Feuchtigkeitscreme","description":"Genie\u00dfen Sie die reine G\u00fcte des nativen Bio-Kokos\u00f6ls von Nature Coco. Ohne Pestizide, Schwermetalle oder OGM. Verbessern Sie Ihr Wohlbefinden noch heute!","robots":{"index":"index","follow":"follow","max-snippet":"max-snippet:-1","max-image-preview":"max-image-preview:large","max-video-preview":"max-video-preview:-1"},"canonical":"https:\/\/shop.natureneem.com\/de\/e-shop\/naturcoco\/","og_locale":"de_DE","og_type":"article","og_title":"NaturCoco","og_description":"Genie\u00dfen Sie die reine G\u00fcte des nativen Bio-Kokos\u00f6ls von Nature Coco. Ohne Pestizide, Schwermetalle oder OGM. Verbessern Sie Ihr Wohlbefinden noch heute!","og_url":"https:\/\/shop.natureneem.com\/de\/e-shop\/naturcoco\/","og_site_name":"NatureNeem e-Shop","article_publisher":"https:\/\/www.facebook.com\/natureneemindia\/","article_modified_time":"2025-09-18T13:48:56+00:00","og_image":[{"width":800,"height":800,"url":"https:\/\/shop.natureneem.com\/wp-content\/uploads\/2021\/05\/NN-COCO-2025_01.jpg","type":"image\/jpeg"}],"twitter_card":"summary_large_image","twitter_site":"@natureneem","twitter_misc":{"Preis":"9,99&nbsp;&euro;","Verf\u00fcgbarkeit":"Auf Lager"},"schema":{"@context":"https:\/\/schema.org","@graph":[{"@type":"WebPage","@id":"https:\/\/shop.natureneem.com\/de\/e-shop\/naturcoco\/","url":"https:\/\/shop.natureneem.com\/de\/e-shop\/naturcoco\/","name":"Kokosnuss\u00f6l Bio Nativ: Vielseitiges Speise\u00f6l und Feuchtigkeitscreme","isPartOf":{"@id":"https:\/\/shop.natureneem.com\/de\/#website"},"primaryImageOfPage":{"@id":"https:\/\/shop.natureneem.com\/de\/e-shop\/naturcoco\/#primaryimage"},"image":{"@id":"https:\/\/shop.natureneem.com\/de\/e-shop\/naturcoco\/#primaryimage"},"thumbnailUrl":"https:\/\/shop.natureneem.com\/wp-content\/uploads\/2021\/05\/NN-COCO-2025_01.jpg","datePublished":"2021-05-15T10:16:27+00:00","dateModified":"2025-09-18T13:48:56+00:00","description":"Genie\u00dfen Sie die reine G\u00fcte des nativen Bio-Kokos\u00f6ls von Nature Coco. Ohne Pestizide, Schwermetalle oder OGM. Verbessern Sie Ihr Wohlbefinden noch heute!","breadcrumb":{"@id":"https:\/\/shop.natureneem.com\/de\/e-shop\/naturcoco\/#breadcrumb"},"inLanguage":"de","potentialAction":[{"@type":"ReadAction","target":["https:\/\/shop.natureneem.com\/de\/e-shop\/naturcoco\/"]}]},{"@type":"ImageObject","inLanguage":"de","@id":"https:\/\/shop.natureneem.com\/de\/e-shop\/naturcoco\/#primaryimage","url":"https:\/\/shop.natureneem.com\/wp-content\/uploads\/2021\/05\/NN-COCO-2025_01.jpg","contentUrl":"https:\/\/shop.natureneem.com\/wp-content\/uploads\/2021\/05\/NN-COCO-2025_01.jpg","width":800,"height":800},{"@type":"BreadcrumbList","@id":"https:\/\/shop.natureneem.com\/de\/e-shop\/naturcoco\/#breadcrumb","itemListElement":[{"@type":"ListItem","position":1,"name":"Home","item":"https:\/\/shop.natureneem.com\/de\/startseite\/"},{"@type":"ListItem","position":2,"name":"e-Shop","item":"https:\/\/shop.natureneem.com\/de\/e-shop\/"},{"@type":"ListItem","position":3,"name":"NaturCoco"}]},{"@type":"WebSite","@id":"https:\/\/shop.natureneem.com\/de\/#website","url":"https:\/\/shop.natureneem.com\/de\/","name":"NatureNeem e-Shop","description":"Official Shop from Nature Neem","publisher":{"@id":"https:\/\/shop.natureneem.com\/de\/#organization"},"alternateName":"Nature Neem","potentialAction":[{"@type":"SearchAction","target":{"@type":"EntryPoint","urlTemplate":"https:\/\/shop.natureneem.com\/de\/?s={search_term_string}"},"query-input":{"@type":"PropertyValueSpecification","valueRequired":true,"valueName":"search_term_string"}}],"inLanguage":"de"},{"@type":"Organization","@id":"https:\/\/shop.natureneem.com\/de\/#organization","name":"Nature Neem","alternateName":"Lorsun SAS","url":"https:\/\/shop.natureneem.com\/de\/","logo":{"@type":"ImageObject","inLanguage":"de","@id":"https:\/\/shop.natureneem.com\/de\/#\/schema\/logo\/image\/","url":"https:\/\/shop.natureneem.com\/wp-content\/uploads\/2024\/09\/nn-logo-symbole-2024-01.svg","contentUrl":"https:\/\/shop.natureneem.com\/wp-content\/uploads\/2024\/09\/nn-logo-symbole-2024-01.svg","width":1,"height":1,"caption":"Nature Neem"},"image":{"@id":"https:\/\/shop.natureneem.com\/de\/#\/schema\/logo\/image\/"},"sameAs":["https:\/\/www.facebook.com\/natureneemindia\/","https:\/\/x.com\/natureneem","https:\/\/www.youtube.com\/user\/natureneem","https:\/\/www.linkedin.com\/company\/natureneem"],"description":"Wir besch\u00e4ftigen uns mit der Entwicklung und Vermarktung von \u00f6kologischen L\u00f6sungen. Wir erfinden weiterhin diese nat\u00fcrlichen alternativen L\u00f6sungen, die die chemisch synthetisierten Produkte, die unserer Umwelt schaden, wirksam ersetzen k\u00f6nnen. Unser Team ist besonders kompetent, wenn es darum geht, \u00f6kologische landwirtschaftliche Betriebsmittel vorzuschlagen. Wir agieren auch als eine Vereinigung von Gleichgesinnten, die glauben, dass die Natur die L\u00f6sung f\u00fcr alle Umweltprobleme der Menschen bereith\u00e4lt.   ","email":"info@natureneem.com","telephone":"+91 77084 00899","legalName":"NATURE NEEM PRODUCTS","vatID":"FR08891657884","numberOfEmployees":{"@type":"QuantitativeValue","minValue":"51","maxValue":"200"},"publishingPrinciples":"https:\/\/shop.natureneem.com\/","actionableFeedbackPolicy":"https:\/\/shop.natureneem.com\/return-and-refund-policy\/","hasMerchantReturnPolicy":{"@type":"MerchantReturnPolicy","merchantReturnLink":"https:\/\/shop.natureneem.com\/return-and-refund-policy\/"}}]},"product_price_amount":"9.99","product_price_currency":"EUR","og_availability":"instock","product_availability":"instock","product_retailer_item_id":"NN-CP-NC-500","product_condition":"new"},"_links":{"self":[{"href":"https:\/\/shop.natureneem.com\/de\/wp-json\/wp\/v2\/product\/5575","targetHints":{"allow":["GET"]}}],"collection":[{"href":"https:\/\/shop.natureneem.com\/de\/wp-json\/wp\/v2\/product"}],"about":[{"href":"https:\/\/shop.natureneem.com\/de\/wp-json\/wp\/v2\/types\/product"}],"replies":[{"embeddable":true,"href":"https:\/\/shop.natureneem.com\/de\/wp-json\/wp\/v2\/comments?post=5575"}],"wp:featuredmedia":[{"embeddable":true,"href":"https:\/\/shop.natureneem.com\/de\/wp-json\/wp\/v2\/media\/11918"}],"wp:attachment":[{"href":"https:\/\/shop.natureneem.com\/de\/wp-json\/wp\/v2\/media?parent=5575"}],"wp:term":[{"taxonomy":"product_brand","embeddable":true,"href":"https:\/\/shop.natureneem.com\/de\/wp-json\/wp\/v2\/product_brand?post=5575"},{"taxonomy":"product_cat","embeddable":true,"href":"https:\/\/shop.natureneem.com\/de\/wp-json\/wp\/v2\/product_cat?post=5575"},{"taxonomy":"product_tag","embeddable":true,"href":"https:\/\/shop.natureneem.com\/de\/wp-json\/wp\/v2\/product_tag?post=5575"}],"curies":[{"name":"wp","href":"https:\/\/api.w.org\/{rel}","templated":true}]}}