{"id":5576,"date":"2021-05-07T11:11:23","date_gmt":"2021-05-07T09:11:23","guid":{"rendered":"https:\/\/shop.natureneem.com\/e-shop\/coco-ziegelstein\/"},"modified":"2025-06-13T07:51:27","modified_gmt":"2025-06-13T05:51:27","slug":"coco-ziegelstein","status":"publish","type":"product","link":"https:\/\/shop.natureneem.com\/de\/e-shop\/coco-ziegelstein\/","title":{"rendered":"CocoBrick"},"content":{"rendered":"<p style=\"text-align: left;\"><strong>1 Ziegelstein = 650 g Ziegelsteine im gepressten Zustand = <\/strong><strong>12 L Pflanzensubstrat nach Zugabe von Wasser.<br \/>\n<\/strong><strong>Wiegt 3-mal leichter als eine klassische Blumenerde.<br \/>\n<\/strong><strong>Einfache Aufbewahrung. Ideal f\u00fcr das G\u00e4rtnern in der Stadt &#8211; Wohnungen, Terrassen &#8230; <\/strong><\/p>\n<p>Komprimiertes Pflanzsubstrat aus Kokosmark und Fasern. Leicht zu lagern. 1 Ziegelstein von 650 g = 12 Liter Pflanzsubstrat nach Rehydrierung. Bietet hervorragende Wasserr\u00fcckhalte- und Bel\u00fcftungseigenschaften, die die Ansiedlung von Pflanzen und ein schnelles Wurzelwachstum f\u00f6rdern. Hervorragend geeignet f\u00fcr Setzlinge, Topfpflanzen und Gem\u00fcseg\u00e4rten.    <\/p>\n<p><strong>Beschreibung<\/strong><\/p>\n<p>Coco Bricks ist ein Pflanzsubstrat aus Kokosnusskernen in gepresster Form. Mit 4 Litern Wasser hydratisiert es innerhalb von Minuten, so dass Sie etwa 12 Liter Pflanzsubstrat erhalten, das f\u00fcr den Anbau bereit ist. Dieses Substrat eignet sich f\u00fcr alle Arten des Anbaus, sowohl im Freien als auch in Innenr\u00e4umen. Wenn es mit der Gartenerde oder anderen Blumenerden gemischt wird, wirkt es als Bodenverbesserer und Wasserspeicher.   <\/p>\n<p><strong>Wie wird das Produkt hergestellt?<\/strong><\/p>\n<p>&#8220;Kokosfaser&#8221; ist der Name f\u00fcr das dicke faserige Mesokarp, das die Nuss der Kokosnuss umgibt. Bei der Extraktion der Fasern wird eine betr\u00e4chtliche Menge (etwa 2\/3) an Material gewonnen, das PEAT, PITH, DUST oder Torf* genannt wird. Das Produkt wird gewaschen, um die in den zerkleinerten Fasern nat\u00fcrlich vorhandenen Salze zu entfernen. Der pH-Wert und der Salzgehalt werden streng kontrolliert, um die Anforderungen auch f\u00fcr empfindliche Pflanzen zu erf\u00fcllen. Der Torf wird mit zerkleinerten Kokosfasern gemischt und dann im Verh\u00e4ltnis 8:1 in Form eines Blocks der Gr\u00f6\u00dfe 20 x 10 x 5 cm gepresst.    <\/p>\n<p><em>Kokostorf ist ein schwammartiges Material, das auf nat\u00fcrliche Weise mit Kokosfasern verklebt ist. Nicht zu verwechseln mit dem nicht erneuerbaren Torf, einem organischen Material, das in einer wasserges\u00e4ttigten Umgebung und in W\u00e4ldern vorkommt und dessen Abbau umstritten ist. <\/em><\/p>\n<p><strong>Wie benutzt man es?<\/strong><\/p>\n<ul>\n<li>Legen Sie den unverpackten Block in einen Eimer.<\/li>\n<li>F\u00fcgen Sie 4 Liter normales Wasser hinzu.<\/li>\n<li>Lassen Sie den Block das Wasser 30 bis 60 Minuten lang aufsaugen. Sie k\u00f6nnen auch 1 oder 2 L\u00f6ffel NutrAza hinzuf\u00fcgen, den nat\u00fcrlichen D\u00fcnger, der Sch\u00e4dlinge abwehrt. <\/li>\n<li>Der 650-Gramm-Block kann mit 4 Litern Wasser eine Erde von 10-12 Litern Pflanzsubstrat ergeben.<\/li>\n<li>Gie\u00dfen Sie nach dem Absaugen mit \u00fcbersch\u00fcssigem Wasser.<\/li>\n<\/ul>\n<p><strong>Verwenden Sie<\/strong><\/p>\n<ul>\n<li>Perfekt geeignet f\u00fcr die Aufzucht von Pflanzen und Setzlingen oder zum Mischen mit Ihrem Pflanzsubstrat.<\/li>\n<li>Die Abwesenheit von Schimmel und die gleichm\u00e4\u00dfige Feuchtigkeit machen es zu einem perfekten Ort f\u00fcr Setzlinge, Kr\u00e4uter, Gem\u00fcse, Zierpflanzen und exotische Pflanzen.<\/li>\n<\/ul>\n<p><strong>Eigenschaften<\/strong><\/p>\n<ul>\n<li>100% nat\u00fcrliches Produkt, biologisch abbaubar. Zersetzungsprozess in 5 Jahren. <\/li>\n<li>Minimiert den Transplantationsschock bei den S\u00e4mlingen.<\/li>\n<li>Keine Probleme mit Unkraut<\/li>\n<li>CocoBricks halten das Wasser zur\u00fcck und geben es bei Bedarf an die Pflanzen ab. Er weicht den Boden auf und erm\u00f6glicht eine gute Durchl\u00fcftung der Wurzeln, wodurch die Aufnahme von N\u00e4hrstoffen erleichtert wird. Dies f\u00fchrt zu einer Abh\u00e4rtung der St\u00e4ngel und Wurzeln.  <\/li>\n<li>Da es das Wachstum von Schimmelpilzen hemmt, eignet es sich gut f\u00fcr den Anbau exotischer Pflanzen, ohne dass ein Zusatz erforderlich ist.<\/li>\n<\/ul>\n","protected":false},"excerpt":{"rendered":"<div>\n<p class=\"ai-optimize-introduction ai-optimize-25\"><strong>Pflanzensubstrat &amp; Bodenverbesserer<\/strong><br \/>\nEntdecken Sie die Vorteile von Coco Brick, einem vielseitigen Substrat, das sich perfekt f\u00fcr eine \u00f6kologische Art des Gartenbaus zu Hause eignet. Coco Brick ist eine nachhaltige Wahl, die das Pflanzenleben f\u00f6rdert. <\/p>\n<\/div>\n","protected":false},"featured_media":11743,"comment_status":"open","ping_status":"closed","template":"","meta":[],"product_brand":[],"product_cat":[150],"product_tag":[],"class_list":{"0":"post-5576","1":"product","2":"type-product","3":"status-publish","4":"has-post-thumbnail","6":"product_cat-coco-produkte","7":"product_shipping_class-0-6kg-de","8":"pa_packing-5-kg-70-litres-de","9":"pa_packing-650-g-11-litres-de","11":"first","12":"instock","13":"sale","14":"featured","15":"shipping-taxable","16":"purchasable","17":"product-type-variable"},"yoast_head":"<!-- This site is optimized with the Yoast SEO Premium plugin v27.1 (Yoast SEO v27.2) - https:\/\/yoast.com\/product\/yoast-seo-premium-wordpress\/ -->\n<title>Coco Brick: Leichtes Pflanzsubstrat f\u00fcr Urban Gardening - NatureNeem e-Shop<\/title>\n<meta name=\"description\" content=\"Verwandeln Sie Ihre Gartenarbeit mit Coco Brick, einem komprimierten Substrat, das 12 Liter Pflanzsubstrat ergibt! Perfekt f\u00fcr das G\u00e4rtnern in der Stadt. \ud83c\udf31\" \/>\n<meta name=\"robots\" content=\"index, follow, max-snippet:-1, max-image-preview:large, max-video-preview:-1\" \/>\n<link rel=\"canonical\" href=\"https:\/\/shop.natureneem.com\/de\/e-shop\/coco-ziegelstein\/\" \/>\n<meta property=\"og:locale\" content=\"de_DE\" \/>\n<meta property=\"og:type\" content=\"article\" \/>\n<meta property=\"og:title\" content=\"CocoBrick\" \/>\n<meta property=\"og:description\" content=\"Verwandeln Sie Ihre Gartenarbeit mit Coco Brick, einem komprimierten Substrat, das 12 Liter Pflanzsubstrat ergibt! Perfekt f\u00fcr das G\u00e4rtnern in der Stadt. \ud83c\udf31\" \/>\n<meta property=\"og:url\" content=\"https:\/\/shop.natureneem.com\/de\/e-shop\/coco-ziegelstein\/\" \/>\n<meta property=\"og:site_name\" content=\"NatureNeem e-Shop\" \/>\n<meta property=\"article:publisher\" content=\"https:\/\/www.facebook.com\/natureneemindia\/\" \/>\n<meta property=\"article:modified_time\" content=\"2025-06-13T05:51:27+00:00\" \/>\n<meta property=\"og:image\" content=\"https:\/\/shop.natureneem.com\/wp-content\/uploads\/2021\/05\/2025-05-26-NN_COCO-BRICK-WEB-01-11.jpg\" \/>\n\t<meta property=\"og:image:width\" content=\"2400\" \/>\n\t<meta property=\"og:image:height\" content=\"2400\" \/>\n\t<meta property=\"og:image:type\" content=\"image\/jpeg\" \/>\n<meta name=\"twitter:card\" content=\"summary_large_image\" \/>\n<meta name=\"twitter:site\" content=\"@natureneem\" \/>\n<meta name=\"twitter:label1\" content=\"Verf\u00fcgbarkeit\" \/>\n\t<meta name=\"twitter:data1\" content=\"Auf Lager\" \/>\n<script type=\"application\/ld+json\" class=\"yoast-schema-graph\">{\"@context\":\"https:\/\/schema.org\",\"@graph\":[{\"@type\":\"WebPage\",\"@id\":\"https:\/\/shop.natureneem.com\/de\/e-shop\/coco-ziegelstein\/\",\"url\":\"https:\/\/shop.natureneem.com\/de\/e-shop\/coco-ziegelstein\/\",\"name\":\"Coco Brick: Leichtes Pflanzsubstrat f\u00fcr Urban Gardening - NatureNeem e-Shop\",\"isPartOf\":{\"@id\":\"https:\/\/shop.natureneem.com\/de\/#website\"},\"primaryImageOfPage\":{\"@id\":\"https:\/\/shop.natureneem.com\/de\/e-shop\/coco-ziegelstein\/#primaryimage\"},\"image\":{\"@id\":\"https:\/\/shop.natureneem.com\/de\/e-shop\/coco-ziegelstein\/#primaryimage\"},\"thumbnailUrl\":\"https:\/\/shop.natureneem.com\/wp-content\/uploads\/2021\/05\/2025-05-26-NN_COCO-BRICK-WEB-01-11.jpg\",\"datePublished\":\"2021-05-07T09:11:23+00:00\",\"dateModified\":\"2025-06-13T05:51:27+00:00\",\"description\":\"Verwandeln Sie Ihre Gartenarbeit mit Coco Brick, einem komprimierten Substrat, das 12 Liter Pflanzsubstrat ergibt! Perfekt f\u00fcr das G\u00e4rtnern in der Stadt. \ud83c\udf31\",\"breadcrumb\":{\"@id\":\"https:\/\/shop.natureneem.com\/de\/e-shop\/coco-ziegelstein\/#breadcrumb\"},\"inLanguage\":\"de\",\"potentialAction\":[{\"@type\":\"ReadAction\",\"target\":[\"https:\/\/shop.natureneem.com\/de\/e-shop\/coco-ziegelstein\/\"]}]},{\"@type\":\"ImageObject\",\"inLanguage\":\"de\",\"@id\":\"https:\/\/shop.natureneem.com\/de\/e-shop\/coco-ziegelstein\/#primaryimage\",\"url\":\"https:\/\/shop.natureneem.com\/wp-content\/uploads\/2021\/05\/2025-05-26-NN_COCO-BRICK-WEB-01-11.jpg\",\"contentUrl\":\"https:\/\/shop.natureneem.com\/wp-content\/uploads\/2021\/05\/2025-05-26-NN_COCO-BRICK-WEB-01-11.jpg\",\"width\":2400,\"height\":2400,\"caption\":\"Kakaomarkbl\u00f6cke\"},{\"@type\":\"BreadcrumbList\",\"@id\":\"https:\/\/shop.natureneem.com\/de\/e-shop\/coco-ziegelstein\/#breadcrumb\",\"itemListElement\":[{\"@type\":\"ListItem\",\"position\":1,\"name\":\"Home\",\"item\":\"https:\/\/shop.natureneem.com\/de\/startseite\/\"},{\"@type\":\"ListItem\",\"position\":2,\"name\":\"e-Shop\",\"item\":\"https:\/\/shop.natureneem.com\/de\/e-shop\/\"},{\"@type\":\"ListItem\",\"position\":3,\"name\":\"CocoBrick\"}]},{\"@type\":\"WebSite\",\"@id\":\"https:\/\/shop.natureneem.com\/de\/#website\",\"url\":\"https:\/\/shop.natureneem.com\/de\/\",\"name\":\"NatureNeem e-Shop\",\"description\":\"Official Shop from Nature Neem\",\"publisher\":{\"@id\":\"https:\/\/shop.natureneem.com\/de\/#organization\"},\"alternateName\":\"Nature Neem\",\"potentialAction\":[{\"@type\":\"SearchAction\",\"target\":{\"@type\":\"EntryPoint\",\"urlTemplate\":\"https:\/\/shop.natureneem.com\/de\/?s={search_term_string}\"},\"query-input\":{\"@type\":\"PropertyValueSpecification\",\"valueRequired\":true,\"valueName\":\"search_term_string\"}}],\"inLanguage\":\"de\"},{\"@type\":\"Organization\",\"@id\":\"https:\/\/shop.natureneem.com\/de\/#organization\",\"name\":\"Nature Neem\",\"alternateName\":\"Lorsun SAS\",\"url\":\"https:\/\/shop.natureneem.com\/de\/\",\"logo\":{\"@type\":\"ImageObject\",\"inLanguage\":\"de\",\"@id\":\"https:\/\/shop.natureneem.com\/de\/#\/schema\/logo\/image\/\",\"url\":\"https:\/\/shop.natureneem.com\/wp-content\/uploads\/2024\/09\/nn-logo-symbole-2024-01.svg\",\"contentUrl\":\"https:\/\/shop.natureneem.com\/wp-content\/uploads\/2024\/09\/nn-logo-symbole-2024-01.svg\",\"width\":1,\"height\":1,\"caption\":\"Nature Neem\"},\"image\":{\"@id\":\"https:\/\/shop.natureneem.com\/de\/#\/schema\/logo\/image\/\"},\"sameAs\":[\"https:\/\/www.facebook.com\/natureneemindia\/\",\"https:\/\/x.com\/natureneem\",\"https:\/\/www.youtube.com\/user\/natureneem\",\"https:\/\/www.linkedin.com\/company\/natureneem\"],\"description\":\"Wir besch\u00e4ftigen uns mit der Entwicklung und Vermarktung von \u00f6kologischen L\u00f6sungen. Wir erfinden weiterhin diese nat\u00fcrlichen alternativen L\u00f6sungen, die die chemisch synthetisierten Produkte, die unserer Umwelt schaden, wirksam ersetzen k\u00f6nnen. Unser Team ist besonders kompetent, wenn es darum geht, \u00f6kologische landwirtschaftliche Betriebsmittel vorzuschlagen. Wir agieren auch als eine Vereinigung von Gleichgesinnten, die glauben, dass die Natur die L\u00f6sung f\u00fcr alle Umweltprobleme der Menschen bereith\u00e4lt.   \",\"email\":\"info@natureneem.com\",\"telephone\":\"+91 77084 00899\",\"legalName\":\"NATURE NEEM PRODUCTS\",\"vatID\":\"FR08891657884\",\"numberOfEmployees\":{\"@type\":\"QuantitativeValue\",\"minValue\":\"51\",\"maxValue\":\"200\"},\"publishingPrinciples\":\"https:\/\/shop.natureneem.com\/\",\"actionableFeedbackPolicy\":\"https:\/\/shop.natureneem.com\/return-and-refund-policy\/\",\"hasMerchantReturnPolicy\":{\"@type\":\"MerchantReturnPolicy\",\"merchantReturnLink\":\"https:\/\/shop.natureneem.com\/return-and-refund-policy\/\"}}]}<\/script>\n<meta property=\"og:availability\" content=\"instock\" \/>\n<meta property=\"product:availability\" content=\"instock\" \/>\n<meta property=\"product:retailer_item_id\" content=\"NN-GP-CB\" \/>\n<meta property=\"product:condition\" content=\"new\" \/>\n<!-- \/ Yoast SEO Premium plugin. -->","yoast_head_json":{"title":"Coco Brick: Leichtes Pflanzsubstrat f\u00fcr Urban Gardening - NatureNeem e-Shop","description":"Verwandeln Sie Ihre Gartenarbeit mit Coco Brick, einem komprimierten Substrat, das 12 Liter Pflanzsubstrat ergibt! Perfekt f\u00fcr das G\u00e4rtnern in der Stadt. \ud83c\udf31","robots":{"index":"index","follow":"follow","max-snippet":"max-snippet:-1","max-image-preview":"max-image-preview:large","max-video-preview":"max-video-preview:-1"},"canonical":"https:\/\/shop.natureneem.com\/de\/e-shop\/coco-ziegelstein\/","og_locale":"de_DE","og_type":"article","og_title":"CocoBrick","og_description":"Verwandeln Sie Ihre Gartenarbeit mit Coco Brick, einem komprimierten Substrat, das 12 Liter Pflanzsubstrat ergibt! Perfekt f\u00fcr das G\u00e4rtnern in der Stadt. \ud83c\udf31","og_url":"https:\/\/shop.natureneem.com\/de\/e-shop\/coco-ziegelstein\/","og_site_name":"NatureNeem e-Shop","article_publisher":"https:\/\/www.facebook.com\/natureneemindia\/","article_modified_time":"2025-06-13T05:51:27+00:00","og_image":[{"width":2400,"height":2400,"url":"https:\/\/shop.natureneem.com\/wp-content\/uploads\/2021\/05\/2025-05-26-NN_COCO-BRICK-WEB-01-11.jpg","type":"image\/jpeg"}],"twitter_card":"summary_large_image","twitter_site":"@natureneem","twitter_misc":{"Verf\u00fcgbarkeit":"Auf Lager"},"schema":{"@context":"https:\/\/schema.org","@graph":[{"@type":"WebPage","@id":"https:\/\/shop.natureneem.com\/de\/e-shop\/coco-ziegelstein\/","url":"https:\/\/shop.natureneem.com\/de\/e-shop\/coco-ziegelstein\/","name":"Coco Brick: Leichtes Pflanzsubstrat f\u00fcr Urban Gardening - NatureNeem e-Shop","isPartOf":{"@id":"https:\/\/shop.natureneem.com\/de\/#website"},"primaryImageOfPage":{"@id":"https:\/\/shop.natureneem.com\/de\/e-shop\/coco-ziegelstein\/#primaryimage"},"image":{"@id":"https:\/\/shop.natureneem.com\/de\/e-shop\/coco-ziegelstein\/#primaryimage"},"thumbnailUrl":"https:\/\/shop.natureneem.com\/wp-content\/uploads\/2021\/05\/2025-05-26-NN_COCO-BRICK-WEB-01-11.jpg","datePublished":"2021-05-07T09:11:23+00:00","dateModified":"2025-06-13T05:51:27+00:00","description":"Verwandeln Sie Ihre Gartenarbeit mit Coco Brick, einem komprimierten Substrat, das 12 Liter Pflanzsubstrat ergibt! Perfekt f\u00fcr das G\u00e4rtnern in der Stadt. \ud83c\udf31","breadcrumb":{"@id":"https:\/\/shop.natureneem.com\/de\/e-shop\/coco-ziegelstein\/#breadcrumb"},"inLanguage":"de","potentialAction":[{"@type":"ReadAction","target":["https:\/\/shop.natureneem.com\/de\/e-shop\/coco-ziegelstein\/"]}]},{"@type":"ImageObject","inLanguage":"de","@id":"https:\/\/shop.natureneem.com\/de\/e-shop\/coco-ziegelstein\/#primaryimage","url":"https:\/\/shop.natureneem.com\/wp-content\/uploads\/2021\/05\/2025-05-26-NN_COCO-BRICK-WEB-01-11.jpg","contentUrl":"https:\/\/shop.natureneem.com\/wp-content\/uploads\/2021\/05\/2025-05-26-NN_COCO-BRICK-WEB-01-11.jpg","width":2400,"height":2400,"caption":"Kakaomarkbl\u00f6cke"},{"@type":"BreadcrumbList","@id":"https:\/\/shop.natureneem.com\/de\/e-shop\/coco-ziegelstein\/#breadcrumb","itemListElement":[{"@type":"ListItem","position":1,"name":"Home","item":"https:\/\/shop.natureneem.com\/de\/startseite\/"},{"@type":"ListItem","position":2,"name":"e-Shop","item":"https:\/\/shop.natureneem.com\/de\/e-shop\/"},{"@type":"ListItem","position":3,"name":"CocoBrick"}]},{"@type":"WebSite","@id":"https:\/\/shop.natureneem.com\/de\/#website","url":"https:\/\/shop.natureneem.com\/de\/","name":"NatureNeem e-Shop","description":"Official Shop from Nature Neem","publisher":{"@id":"https:\/\/shop.natureneem.com\/de\/#organization"},"alternateName":"Nature Neem","potentialAction":[{"@type":"SearchAction","target":{"@type":"EntryPoint","urlTemplate":"https:\/\/shop.natureneem.com\/de\/?s={search_term_string}"},"query-input":{"@type":"PropertyValueSpecification","valueRequired":true,"valueName":"search_term_string"}}],"inLanguage":"de"},{"@type":"Organization","@id":"https:\/\/shop.natureneem.com\/de\/#organization","name":"Nature Neem","alternateName":"Lorsun SAS","url":"https:\/\/shop.natureneem.com\/de\/","logo":{"@type":"ImageObject","inLanguage":"de","@id":"https:\/\/shop.natureneem.com\/de\/#\/schema\/logo\/image\/","url":"https:\/\/shop.natureneem.com\/wp-content\/uploads\/2024\/09\/nn-logo-symbole-2024-01.svg","contentUrl":"https:\/\/shop.natureneem.com\/wp-content\/uploads\/2024\/09\/nn-logo-symbole-2024-01.svg","width":1,"height":1,"caption":"Nature Neem"},"image":{"@id":"https:\/\/shop.natureneem.com\/de\/#\/schema\/logo\/image\/"},"sameAs":["https:\/\/www.facebook.com\/natureneemindia\/","https:\/\/x.com\/natureneem","https:\/\/www.youtube.com\/user\/natureneem","https:\/\/www.linkedin.com\/company\/natureneem"],"description":"Wir besch\u00e4ftigen uns mit der Entwicklung und Vermarktung von \u00f6kologischen L\u00f6sungen. Wir erfinden weiterhin diese nat\u00fcrlichen alternativen L\u00f6sungen, die die chemisch synthetisierten Produkte, die unserer Umwelt schaden, wirksam ersetzen k\u00f6nnen. Unser Team ist besonders kompetent, wenn es darum geht, \u00f6kologische landwirtschaftliche Betriebsmittel vorzuschlagen. Wir agieren auch als eine Vereinigung von Gleichgesinnten, die glauben, dass die Natur die L\u00f6sung f\u00fcr alle Umweltprobleme der Menschen bereith\u00e4lt.   ","email":"info@natureneem.com","telephone":"+91 77084 00899","legalName":"NATURE NEEM PRODUCTS","vatID":"FR08891657884","numberOfEmployees":{"@type":"QuantitativeValue","minValue":"51","maxValue":"200"},"publishingPrinciples":"https:\/\/shop.natureneem.com\/","actionableFeedbackPolicy":"https:\/\/shop.natureneem.com\/return-and-refund-policy\/","hasMerchantReturnPolicy":{"@type":"MerchantReturnPolicy","merchantReturnLink":"https:\/\/shop.natureneem.com\/return-and-refund-policy\/"}}]},"og_availability":"instock","product_availability":"instock","product_retailer_item_id":"NN-GP-CB","product_condition":"new"},"_links":{"self":[{"href":"https:\/\/shop.natureneem.com\/de\/wp-json\/wp\/v2\/product\/5576","targetHints":{"allow":["GET"]}}],"collection":[{"href":"https:\/\/shop.natureneem.com\/de\/wp-json\/wp\/v2\/product"}],"about":[{"href":"https:\/\/shop.natureneem.com\/de\/wp-json\/wp\/v2\/types\/product"}],"replies":[{"embeddable":true,"href":"https:\/\/shop.natureneem.com\/de\/wp-json\/wp\/v2\/comments?post=5576"}],"wp:featuredmedia":[{"embeddable":true,"href":"https:\/\/shop.natureneem.com\/de\/wp-json\/wp\/v2\/media\/11743"}],"wp:attachment":[{"href":"https:\/\/shop.natureneem.com\/de\/wp-json\/wp\/v2\/media?parent=5576"}],"wp:term":[{"taxonomy":"product_brand","embeddable":true,"href":"https:\/\/shop.natureneem.com\/de\/wp-json\/wp\/v2\/product_brand?post=5576"},{"taxonomy":"product_cat","embeddable":true,"href":"https:\/\/shop.natureneem.com\/de\/wp-json\/wp\/v2\/product_cat?post=5576"},{"taxonomy":"product_tag","embeddable":true,"href":"https:\/\/shop.natureneem.com\/de\/wp-json\/wp\/v2\/product_tag?post=5576"}],"curies":[{"name":"wp","href":"https:\/\/api.w.org\/{rel}","templated":true}]}}