{"id":5577,"date":"2023-05-06T17:02:45","date_gmt":"2023-05-06T15:02:45","guid":{"rendered":"https:\/\/shop.natureneem.com\/e-shop\/nutraza\/"},"modified":"2026-03-25T13:34:26","modified_gmt":"2026-03-25T12:34:26","slug":"nutraza","status":"publish","type":"product","link":"https:\/\/shop.natureneem.com\/de\/e-shop\/nutraza\/","title":{"rendered":"NutrAza"},"content":{"rendered":"<h3><strong>Neem-Samenkuchen in Pelletform &#8211; Bester organischer D\u00fcnger, Bodenschutzmittel und nat\u00fcrliches Nematizid.<\/strong><\/h3>\n<h4><strong>Dosierung<\/strong><\/h4>\n<ul>\n<li>Eintopfen : 30 g \/ Kg Erde. Bis zu 250 g f\u00fcr gr\u00f6\u00dfere T\u00f6pfe. Mit einer Mulchschicht abdecken.<br \/>\n<a href=\"https:\/\/www.youtube.com\/watch?v=yjb7McnAWbg\" target=\"_blank\" rel=\"noopener\">Video zum Eintopfen mit NutrAza<\/a><\/li>\n<li>Baumschulen, Gem\u00fcsegarten: 100 g \/ Quadratmeter. 500-1000 g f\u00fcr ein Grundst\u00fcck von 10-15 Quadratmetern.   <\/li>\n<li>B\u00e4ume und Str\u00e4ucher: 100-500 g je nach Gr\u00f6\u00dfe der Pflanze.<br \/>\nAnwendung von NutrAza bei Obstb\u00e4umen. <a href=\"https:\/\/www.youtube.com\/watch?v=IKq8JdvQV0k\" target=\"_blank\" rel=\"noopener\">Video1<\/a> <a href=\"https:\/\/www.youtube.com\/watch?v=oZCcpArD4fs\" target=\"_blank\" rel=\"noopener\">Video2<\/a><\/li>\n<li>Feldkulturen: 1000-2000 kg pro Hektar, je nach Bodenfruchtbarkeit und Nematodenaufkommen.<\/li>\n<\/ul>\n<h4><strong>Anreichern und sch\u00fctzen Sie Ihren Boden mit organischem NutrAza. Ein Langzeitd\u00fcnger, der nicht durch Wasser ausgelaugt wird.<br \/>\n<\/strong><\/h4>\n<p>NutrAza ist eine spezielle Formulierung von Neem-Samenkuchen, die die wichtigsten N\u00e4hrstoffe so lange wie m\u00f6glich bewahrt. Die pelletierte Form erh\u00f6ht die Lagerf\u00e4higkeit f\u00fcr mehr als 2 Jahre, w\u00e4hrend Neem-Samenkuchen oder Pulver bei einer Lagerung von mehr als 6 Monaten verderben. NutrAza-Pellets erm\u00f6glichen die Ausbringung als Grundd\u00fcnger oder als Nachd\u00fcngung mit hochentwickelten mechanischen Maschinen.  <\/p>\n<h4><strong>Eigenschaften<\/strong><\/h4>\n<ul>\n<li style=\"list-style-type: none;\">\n<ul>\n<li>Bester organischer D\u00fcnger, der Makro- und Mikro-N\u00e4hrstoffe in nat\u00fcrlicher Form enth\u00e4lt.<\/li>\n<li>Bio-Stimulans f\u00fcr die Pflanzen, wenn es \u00fcber die Wurzeln aufgenommen wird. Es beschleunigt die Wurzelentwicklung und das gesamte Pflanzenwachstum. <\/li>\n<li>NutrAza verbessert das allgemeine Aussehen von Obst und Gem\u00fcse und erh\u00f6ht das Alter der Bl\u00e4tter, das Wachstum, die Bl\u00fcte und die St\u00e4rkung der Wurzeln.<\/li>\n<li>Bodenverbesserer, der die Bodenstruktur verbessert, indem er organische Bestandteile hinzuf\u00fcgt und die Bodenflora wiederherstellt.<\/li>\n<li>Nat\u00fcrliches Bodenpestizid und Fungizid, das Bodeninsekten abwehrt und bodenpathogene Pilze hemmt.<\/li>\n<li>Bestes nat\u00fcrliches Nematizid mit einem wissenschaftlich nachgewiesenen Langzeitmittel gegen ein Spektrum von Nematoden, die Pflanzen befallen.<\/li>\n<li>Langsam freisetzender D\u00fcnger, der sich perfekt f\u00fcr die Herbst- und Winterd\u00fcngung eignet.<\/li>\n<\/ul>\n<\/li>\n<\/ul>\n<p><span style=\"text-decoration: underline;\"><strong>NutrAza ist von Ecocert zertifiziert<\/strong><\/span> als \u00f6kologischer Betriebsstoff in \u00dcbereinstimmung mit den verschiedenen landwirtschaftlichen Standards zertifiziert. Es ist der bevorzugte Input f\u00fcr Landwirte, die eine Bio-Zertifizierung anstreben. <\/p>\n<h4><strong>Sch\u00e4dlingsabwehrende Wirkung von NutrAza.  <\/strong><\/h4>\n<p><strong>NutrAza <\/strong>ist nachweislich gegen ein Spektrum von Nematoden wirksam. Es hemmt auch das Wachstum einer Reihe von im Boden lebenden parasit\u00e4ren Pilzen, die Wurzelf\u00e4ule, Welke usw. verursachen. <\/p>\n<h3><strong>Vollst\u00e4ndige Beschreibung, Anwendungen und Informationen zu diesem Produkt.<\/strong><\/h3>\n<p><a class=\"uk-button uk-button-small uk-button-primary\" href=\"https:\/\/natureneem.com\/en\/products\/nutraza\" target=\"_blank\" rel=\"noopener noreferrer\">HIER KLICKEN<\/a><\/p>\n","protected":false},"excerpt":{"rendered":"<h2 class=\"ai-optimize-15\">Pellets aus Neem-Samenkuchen als nat\u00fcrlicher organischer D\u00fcnger und Bodenschutzmittel<\/h2>\n","protected":false},"featured_media":11908,"comment_status":"open","ping_status":"closed","template":"","meta":[],"product_brand":[],"product_cat":[158],"product_tag":[161,162,163,159,160],"class_list":{"0":"post-5577","1":"product","2":"type-product","3":"status-publish","4":"has-post-thumbnail","6":"product_cat-neem-produkte","7":"product_tag-bio-de","8":"product_tag-dungemittel","9":"product_tag-kernelpulver","10":"product_tag-neem-de","11":"product_tag-nutraza-de","12":"pa_packing-10kg-de","13":"pa_packing-15kg-de","14":"pa_packing-2kg-de","15":"pa_packing-20kg-de","16":"pa_packing-25kg-de","17":"pa_packing-25-kg_powder-de","18":"pa_packing-5kg-de","20":"first","21":"instock","22":"shipping-taxable","23":"purchasable","24":"product-type-variable","25":"has-default-attributes"},"yoast_head":"<!-- This site is optimized with the Yoast SEO Premium plugin v27.1 (Yoast SEO v27.2) - https:\/\/yoast.com\/product\/yoast-seo-premium-wordpress\/ -->\n<title>Neem-Samen-Pellet: Organische Bodenanreicherung und D\u00fcngung - NatureNeem e-Shop<\/title>\n<meta name=\"description\" content=\"F\u00f6rdern Sie das Wachstum Ihrer Pflanzen mit NutrAZA, Neem-Samenkuchen-Pellets. Nat\u00fcrlicher organischer D\u00fcnger. F\u00f6rdert die Wurzelentwicklung und sch\u00fctzt vor Sch\u00e4dlingen. Neem-Pellet.\" \/>\n<meta name=\"robots\" content=\"index, follow, max-snippet:-1, max-image-preview:large, max-video-preview:-1\" \/>\n<link rel=\"canonical\" href=\"https:\/\/shop.natureneem.com\/de\/e-shop\/nutraza\/\" \/>\n<meta property=\"og:locale\" content=\"de_DE\" \/>\n<meta property=\"og:type\" content=\"article\" \/>\n<meta property=\"og:title\" content=\"Kraftvoller Neem-Saatgutd\u00fcnger f\u00fcr gesunde B\u00f6den und Pflanzen\" \/>\n<meta property=\"og:description\" content=\"F\u00f6rdern Sie das Pflanzenwachstum und die Wurzelentwicklung mit unseren Neemsamen-Pellets. Sie enthalten nat\u00fcrliche Makro- und Mikron\u00e4hrstoffe und sind die perfekte biologische Wahl. \ud83c\udf3f\" \/>\n<meta property=\"og:url\" content=\"https:\/\/shop.natureneem.com\/de\/e-shop\/nutraza\/\" \/>\n<meta property=\"og:site_name\" content=\"NatureNeem e-Shop\" \/>\n<meta property=\"article:publisher\" content=\"https:\/\/www.facebook.com\/natureneemindia\/\" \/>\n<meta property=\"article:modified_time\" content=\"2026-03-25T12:34:26+00:00\" \/>\n<meta property=\"og:image\" content=\"https:\/\/shop.natureneem.com\/wp-content\/uploads\/2024\/10\/nn_nutraza_en-2kg-800x800-1.jpg\" \/>\n\t<meta property=\"og:image:width\" content=\"800\" \/>\n\t<meta property=\"og:image:height\" content=\"800\" \/>\n\t<meta property=\"og:image:type\" content=\"image\/jpeg\" \/>\n<meta name=\"twitter:card\" content=\"summary_large_image\" \/>\n<meta name=\"twitter:title\" content=\"Neem-Samen-Pellet: Organisches Bodenverbesserungsmittel und D\u00fcngemittel\" \/>\n<meta name=\"twitter:description\" content=\"Geben Sie Ihren Pflanzen einen nat\u00fcrlichen Schub mit unseren Neem-Samenpellets. Diese Bio-Stimulanzien f\u00f6rdern die Wurzelentwicklung und das allgemeine Pflanzenwachstum. Probieren Sie sie selbst aus und sehen Sie den Unterschied!\" \/>\n<meta name=\"twitter:site\" content=\"@natureneem\" \/>\n<meta name=\"twitter:label1\" content=\"Verf\u00fcgbarkeit\" \/>\n\t<meta name=\"twitter:data1\" content=\"Auf Lager\" \/>\n<script type=\"application\/ld+json\" class=\"yoast-schema-graph\">{\"@context\":\"https:\/\/schema.org\",\"@graph\":[{\"@type\":\"WebPage\",\"@id\":\"https:\/\/shop.natureneem.com\/de\/e-shop\/nutraza\/\",\"url\":\"https:\/\/shop.natureneem.com\/de\/e-shop\/nutraza\/\",\"name\":\"Neem-Samen-Pellet: Organische Bodenanreicherung und D\u00fcngung - NatureNeem e-Shop\",\"isPartOf\":{\"@id\":\"https:\/\/shop.natureneem.com\/de\/#website\"},\"primaryImageOfPage\":{\"@id\":\"https:\/\/shop.natureneem.com\/de\/e-shop\/nutraza\/#primaryimage\"},\"image\":{\"@id\":\"https:\/\/shop.natureneem.com\/de\/e-shop\/nutraza\/#primaryimage\"},\"thumbnailUrl\":\"https:\/\/shop.natureneem.com\/wp-content\/uploads\/2024\/10\/nn_nutraza_en-2kg-800x800-1.jpg\",\"datePublished\":\"2023-05-06T15:02:45+00:00\",\"dateModified\":\"2026-03-25T12:34:26+00:00\",\"description\":\"F\u00f6rdern Sie das Wachstum Ihrer Pflanzen mit NutrAZA, Neem-Samenkuchen-Pellets. Nat\u00fcrlicher organischer D\u00fcnger. F\u00f6rdert die Wurzelentwicklung und sch\u00fctzt vor Sch\u00e4dlingen. Neem-Pellet.\",\"breadcrumb\":{\"@id\":\"https:\/\/shop.natureneem.com\/de\/e-shop\/nutraza\/#breadcrumb\"},\"inLanguage\":\"de\",\"potentialAction\":[{\"@type\":\"ReadAction\",\"target\":[\"https:\/\/shop.natureneem.com\/de\/e-shop\/nutraza\/\"]}]},{\"@type\":\"ImageObject\",\"inLanguage\":\"de\",\"@id\":\"https:\/\/shop.natureneem.com\/de\/e-shop\/nutraza\/#primaryimage\",\"url\":\"https:\/\/shop.natureneem.com\/wp-content\/uploads\/2024\/10\/nn_nutraza_en-2kg-800x800-1.jpg\",\"contentUrl\":\"https:\/\/shop.natureneem.com\/wp-content\/uploads\/2024\/10\/nn_nutraza_en-2kg-800x800-1.jpg\",\"width\":800,\"height\":800},{\"@type\":\"BreadcrumbList\",\"@id\":\"https:\/\/shop.natureneem.com\/de\/e-shop\/nutraza\/#breadcrumb\",\"itemListElement\":[{\"@type\":\"ListItem\",\"position\":1,\"name\":\"Home\",\"item\":\"https:\/\/shop.natureneem.com\/de\/startseite\/\"},{\"@type\":\"ListItem\",\"position\":2,\"name\":\"e-Shop\",\"item\":\"https:\/\/shop.natureneem.com\/de\/e-shop\/\"},{\"@type\":\"ListItem\",\"position\":3,\"name\":\"NutrAza\"}]},{\"@type\":\"WebSite\",\"@id\":\"https:\/\/shop.natureneem.com\/de\/#website\",\"url\":\"https:\/\/shop.natureneem.com\/de\/\",\"name\":\"NatureNeem e-Shop\",\"description\":\"Official Shop from Nature Neem\",\"publisher\":{\"@id\":\"https:\/\/shop.natureneem.com\/de\/#organization\"},\"alternateName\":\"Nature Neem\",\"potentialAction\":[{\"@type\":\"SearchAction\",\"target\":{\"@type\":\"EntryPoint\",\"urlTemplate\":\"https:\/\/shop.natureneem.com\/de\/?s={search_term_string}\"},\"query-input\":{\"@type\":\"PropertyValueSpecification\",\"valueRequired\":true,\"valueName\":\"search_term_string\"}}],\"inLanguage\":\"de\"},{\"@type\":\"Organization\",\"@id\":\"https:\/\/shop.natureneem.com\/de\/#organization\",\"name\":\"Nature Neem\",\"alternateName\":\"Lorsun SAS\",\"url\":\"https:\/\/shop.natureneem.com\/de\/\",\"logo\":{\"@type\":\"ImageObject\",\"inLanguage\":\"de\",\"@id\":\"https:\/\/shop.natureneem.com\/de\/#\/schema\/logo\/image\/\",\"url\":\"https:\/\/shop.natureneem.com\/wp-content\/uploads\/2024\/09\/nn-logo-symbole-2024-01.svg\",\"contentUrl\":\"https:\/\/shop.natureneem.com\/wp-content\/uploads\/2024\/09\/nn-logo-symbole-2024-01.svg\",\"width\":1,\"height\":1,\"caption\":\"Nature Neem\"},\"image\":{\"@id\":\"https:\/\/shop.natureneem.com\/de\/#\/schema\/logo\/image\/\"},\"sameAs\":[\"https:\/\/www.facebook.com\/natureneemindia\/\",\"https:\/\/x.com\/natureneem\",\"https:\/\/www.youtube.com\/user\/natureneem\",\"https:\/\/www.linkedin.com\/company\/natureneem\"],\"description\":\"Wir besch\u00e4ftigen uns mit der Entwicklung und Vermarktung von \u00f6kologischen L\u00f6sungen. Wir erfinden weiterhin diese nat\u00fcrlichen alternativen L\u00f6sungen, die die chemisch synthetisierten Produkte, die unserer Umwelt schaden, wirksam ersetzen k\u00f6nnen. Unser Team ist besonders kompetent, wenn es darum geht, \u00f6kologische landwirtschaftliche Betriebsmittel vorzuschlagen. Wir agieren auch als eine Vereinigung von Gleichgesinnten, die glauben, dass die Natur die L\u00f6sung f\u00fcr alle Umweltprobleme der Menschen bereith\u00e4lt.   \",\"email\":\"info@natureneem.com\",\"telephone\":\"+91 77084 00899\",\"legalName\":\"NATURE NEEM PRODUCTS\",\"vatID\":\"FR08891657884\",\"numberOfEmployees\":{\"@type\":\"QuantitativeValue\",\"minValue\":\"51\",\"maxValue\":\"200\"},\"publishingPrinciples\":\"https:\/\/shop.natureneem.com\/\",\"actionableFeedbackPolicy\":\"https:\/\/shop.natureneem.com\/return-and-refund-policy\/\",\"hasMerchantReturnPolicy\":{\"@type\":\"MerchantReturnPolicy\",\"merchantReturnLink\":\"https:\/\/shop.natureneem.com\/return-and-refund-policy\/\"}}]}<\/script>\n<meta property=\"og:availability\" content=\"instock\" \/>\n<meta property=\"product:availability\" content=\"instock\" \/>\n<meta property=\"product:retailer_item_id\" content=\"NN-NUT-XX\" \/>\n<meta property=\"product:condition\" content=\"new\" \/>\n<!-- \/ Yoast SEO Premium plugin. -->","yoast_head_json":{"title":"Neem-Samen-Pellet: Organische Bodenanreicherung und D\u00fcngung - NatureNeem e-Shop","description":"F\u00f6rdern Sie das Wachstum Ihrer Pflanzen mit NutrAZA, Neem-Samenkuchen-Pellets. Nat\u00fcrlicher organischer D\u00fcnger. F\u00f6rdert die Wurzelentwicklung und sch\u00fctzt vor Sch\u00e4dlingen. Neem-Pellet.","robots":{"index":"index","follow":"follow","max-snippet":"max-snippet:-1","max-image-preview":"max-image-preview:large","max-video-preview":"max-video-preview:-1"},"canonical":"https:\/\/shop.natureneem.com\/de\/e-shop\/nutraza\/","og_locale":"de_DE","og_type":"article","og_title":"Kraftvoller Neem-Saatgutd\u00fcnger f\u00fcr gesunde B\u00f6den und Pflanzen","og_description":"F\u00f6rdern Sie das Pflanzenwachstum und die Wurzelentwicklung mit unseren Neemsamen-Pellets. Sie enthalten nat\u00fcrliche Makro- und Mikron\u00e4hrstoffe und sind die perfekte biologische Wahl. \ud83c\udf3f","og_url":"https:\/\/shop.natureneem.com\/de\/e-shop\/nutraza\/","og_site_name":"NatureNeem e-Shop","article_publisher":"https:\/\/www.facebook.com\/natureneemindia\/","article_modified_time":"2026-03-25T12:34:26+00:00","og_image":[{"width":800,"height":800,"url":"https:\/\/shop.natureneem.com\/wp-content\/uploads\/2024\/10\/nn_nutraza_en-2kg-800x800-1.jpg","type":"image\/jpeg"}],"twitter_card":"summary_large_image","twitter_title":"Neem-Samen-Pellet: Organisches Bodenverbesserungsmittel und D\u00fcngemittel","twitter_description":"Geben Sie Ihren Pflanzen einen nat\u00fcrlichen Schub mit unseren Neem-Samenpellets. Diese Bio-Stimulanzien f\u00f6rdern die Wurzelentwicklung und das allgemeine Pflanzenwachstum. Probieren Sie sie selbst aus und sehen Sie den Unterschied!","twitter_site":"@natureneem","twitter_misc":{"Verf\u00fcgbarkeit":"Auf Lager"},"schema":{"@context":"https:\/\/schema.org","@graph":[{"@type":"WebPage","@id":"https:\/\/shop.natureneem.com\/de\/e-shop\/nutraza\/","url":"https:\/\/shop.natureneem.com\/de\/e-shop\/nutraza\/","name":"Neem-Samen-Pellet: Organische Bodenanreicherung und D\u00fcngung - NatureNeem e-Shop","isPartOf":{"@id":"https:\/\/shop.natureneem.com\/de\/#website"},"primaryImageOfPage":{"@id":"https:\/\/shop.natureneem.com\/de\/e-shop\/nutraza\/#primaryimage"},"image":{"@id":"https:\/\/shop.natureneem.com\/de\/e-shop\/nutraza\/#primaryimage"},"thumbnailUrl":"https:\/\/shop.natureneem.com\/wp-content\/uploads\/2024\/10\/nn_nutraza_en-2kg-800x800-1.jpg","datePublished":"2023-05-06T15:02:45+00:00","dateModified":"2026-03-25T12:34:26+00:00","description":"F\u00f6rdern Sie das Wachstum Ihrer Pflanzen mit NutrAZA, Neem-Samenkuchen-Pellets. Nat\u00fcrlicher organischer D\u00fcnger. F\u00f6rdert die Wurzelentwicklung und sch\u00fctzt vor Sch\u00e4dlingen. Neem-Pellet.","breadcrumb":{"@id":"https:\/\/shop.natureneem.com\/de\/e-shop\/nutraza\/#breadcrumb"},"inLanguage":"de","potentialAction":[{"@type":"ReadAction","target":["https:\/\/shop.natureneem.com\/de\/e-shop\/nutraza\/"]}]},{"@type":"ImageObject","inLanguage":"de","@id":"https:\/\/shop.natureneem.com\/de\/e-shop\/nutraza\/#primaryimage","url":"https:\/\/shop.natureneem.com\/wp-content\/uploads\/2024\/10\/nn_nutraza_en-2kg-800x800-1.jpg","contentUrl":"https:\/\/shop.natureneem.com\/wp-content\/uploads\/2024\/10\/nn_nutraza_en-2kg-800x800-1.jpg","width":800,"height":800},{"@type":"BreadcrumbList","@id":"https:\/\/shop.natureneem.com\/de\/e-shop\/nutraza\/#breadcrumb","itemListElement":[{"@type":"ListItem","position":1,"name":"Home","item":"https:\/\/shop.natureneem.com\/de\/startseite\/"},{"@type":"ListItem","position":2,"name":"e-Shop","item":"https:\/\/shop.natureneem.com\/de\/e-shop\/"},{"@type":"ListItem","position":3,"name":"NutrAza"}]},{"@type":"WebSite","@id":"https:\/\/shop.natureneem.com\/de\/#website","url":"https:\/\/shop.natureneem.com\/de\/","name":"NatureNeem e-Shop","description":"Official Shop from Nature Neem","publisher":{"@id":"https:\/\/shop.natureneem.com\/de\/#organization"},"alternateName":"Nature Neem","potentialAction":[{"@type":"SearchAction","target":{"@type":"EntryPoint","urlTemplate":"https:\/\/shop.natureneem.com\/de\/?s={search_term_string}"},"query-input":{"@type":"PropertyValueSpecification","valueRequired":true,"valueName":"search_term_string"}}],"inLanguage":"de"},{"@type":"Organization","@id":"https:\/\/shop.natureneem.com\/de\/#organization","name":"Nature Neem","alternateName":"Lorsun SAS","url":"https:\/\/shop.natureneem.com\/de\/","logo":{"@type":"ImageObject","inLanguage":"de","@id":"https:\/\/shop.natureneem.com\/de\/#\/schema\/logo\/image\/","url":"https:\/\/shop.natureneem.com\/wp-content\/uploads\/2024\/09\/nn-logo-symbole-2024-01.svg","contentUrl":"https:\/\/shop.natureneem.com\/wp-content\/uploads\/2024\/09\/nn-logo-symbole-2024-01.svg","width":1,"height":1,"caption":"Nature Neem"},"image":{"@id":"https:\/\/shop.natureneem.com\/de\/#\/schema\/logo\/image\/"},"sameAs":["https:\/\/www.facebook.com\/natureneemindia\/","https:\/\/x.com\/natureneem","https:\/\/www.youtube.com\/user\/natureneem","https:\/\/www.linkedin.com\/company\/natureneem"],"description":"Wir besch\u00e4ftigen uns mit der Entwicklung und Vermarktung von \u00f6kologischen L\u00f6sungen. Wir erfinden weiterhin diese nat\u00fcrlichen alternativen L\u00f6sungen, die die chemisch synthetisierten Produkte, die unserer Umwelt schaden, wirksam ersetzen k\u00f6nnen. Unser Team ist besonders kompetent, wenn es darum geht, \u00f6kologische landwirtschaftliche Betriebsmittel vorzuschlagen. Wir agieren auch als eine Vereinigung von Gleichgesinnten, die glauben, dass die Natur die L\u00f6sung f\u00fcr alle Umweltprobleme der Menschen bereith\u00e4lt.   ","email":"info@natureneem.com","telephone":"+91 77084 00899","legalName":"NATURE NEEM PRODUCTS","vatID":"FR08891657884","numberOfEmployees":{"@type":"QuantitativeValue","minValue":"51","maxValue":"200"},"publishingPrinciples":"https:\/\/shop.natureneem.com\/","actionableFeedbackPolicy":"https:\/\/shop.natureneem.com\/return-and-refund-policy\/","hasMerchantReturnPolicy":{"@type":"MerchantReturnPolicy","merchantReturnLink":"https:\/\/shop.natureneem.com\/return-and-refund-policy\/"}}]},"og_availability":"instock","product_availability":"instock","product_retailer_item_id":"NN-NUT-XX","product_condition":"new"},"_links":{"self":[{"href":"https:\/\/shop.natureneem.com\/de\/wp-json\/wp\/v2\/product\/5577","targetHints":{"allow":["GET"]}}],"collection":[{"href":"https:\/\/shop.natureneem.com\/de\/wp-json\/wp\/v2\/product"}],"about":[{"href":"https:\/\/shop.natureneem.com\/de\/wp-json\/wp\/v2\/types\/product"}],"replies":[{"embeddable":true,"href":"https:\/\/shop.natureneem.com\/de\/wp-json\/wp\/v2\/comments?post=5577"}],"wp:featuredmedia":[{"embeddable":true,"href":"https:\/\/shop.natureneem.com\/de\/wp-json\/wp\/v2\/media\/11908"}],"wp:attachment":[{"href":"https:\/\/shop.natureneem.com\/de\/wp-json\/wp\/v2\/media?parent=5577"}],"wp:term":[{"taxonomy":"product_brand","embeddable":true,"href":"https:\/\/shop.natureneem.com\/de\/wp-json\/wp\/v2\/product_brand?post=5577"},{"taxonomy":"product_cat","embeddable":true,"href":"https:\/\/shop.natureneem.com\/de\/wp-json\/wp\/v2\/product_cat?post=5577"},{"taxonomy":"product_tag","embeddable":true,"href":"https:\/\/shop.natureneem.com\/de\/wp-json\/wp\/v2\/product_tag?post=5577"}],"curies":[{"name":"wp","href":"https:\/\/api.w.org\/{rel}","templated":true}]}}