{"id":5595,"date":"2019-07-06T19:00:23","date_gmt":"2019-07-06T17:00:23","guid":{"rendered":"https:\/\/shop.natureneem.com\/e-shop\/totalcare\/"},"modified":"2026-04-10T13:49:49","modified_gmt":"2026-04-10T11:49:49","slug":"totalcare","status":"publish","type":"product","link":"https:\/\/shop.natureneem.com\/de\/e-shop\/totalcare\/","title":{"rendered":"TotalCare"},"content":{"rendered":"<h3><strong>TotalCare,  <\/strong><strong>Neem\u00f6l f\u00fcr Pflanzen in wasserl\u00f6slicher Formulierung. Einfach in Wasser verd\u00fcnnen und verspr\u00fchen.   <\/strong><\/h3>\n<p>TotalCare ist das beste pflanzliche Sch\u00e4dlingsbek\u00e4mpfungsmittel f\u00fcr die biologische Landwirtschaft und G\u00e4rten. Es wird durch Emulgieren von reinem kaltgepresstem Neem\u00f6l aus den Neemsamen der aktuellen Saison gewonnen und garantiert die Wirksamkeit von Neem. Die Auswahl und Dosierung der Emulgatoren wurde in jahrelanger Forschung optimiert, um die magischen Inhaltsstoffe von Neem zu erhalten. Es ist anderen organischen L\u00f6sungen aufgrund seiner breiteren Anwendung und seines Einflusses auf 200 Sch\u00e4dlingsarten \u00fcberlegen. Bezeichnenderweise sind einige von ihnen bereits resistent oder von Natur aus schwer mit herk\u00f6mmlichen Pestiziden zu bek\u00e4mpfen.     Wasserl\u00f6sliches Neem\u00f6l f\u00fcr Pflanzenschutzmittel in der \u00f6kologischen Landwirtschaft und im Garten.<\/p>\n<h3><strong>Das beste botanische Pestizid f\u00fcr Bio-G\u00e4rten. Wasserl\u00f6sliches Neem\u00f6l f\u00fcr Pflanzen. <\/strong><\/h3>\n<h3 style=\"padding-left: 40px;\"><strong>Dosierung:  <\/strong><\/h3>\n<p style=\"padding-left: 40px;\"><strong>5-15 ml pro Liter Wasser, je nach Befall und Wassermenge, die zum Spr\u00fchen verwendet wird.<\/strong><\/p>\n<p style=\"padding-left: 80px;\"><strong>Beispiele:<\/strong><\/p>\n<ul>\n<li style=\"list-style-type: none;\">\n<ul>\n<li><strong>Bei Obstb\u00e4umen und Str\u00e4uchern<\/strong>, die mehr Wasser zum Bedecken ben\u00f6tigen, sind 2-5 ml pro Liter Wasser ausreichend.<\/li>\n<li><strong>F\u00fcr Nutzg\u00e4rten oder Gartenpflanzen<\/strong>, die in der Regel von Hand bespr\u00fcht werden, mischen Sie je nach Auftreten von Sch\u00e4dlingen 5-10 ml TotalCare pro Liter Wasser.<\/li>\n<li><strong>F\u00fcr moderne Motorspritzen<\/strong>, die in Feldkulturen eingesetzt werden, die weniger Wasser zum Bedecken ben\u00f6tigen, mischen Sie 30-50 ml pro Liter Wasser.<br \/>\n<a href=\"https:\/\/natureneem.com\/en\/products\/totalcare#applications\" target=\"_blank\" rel=\"noopener\">Details \u00fcber die Dosierung von TotalCare<\/a>.<\/li>\n<\/ul>\n<\/li>\n<\/ul>\n<div class=\"uk-grid-match uk-child-width-expand@s\" uk-grid=\"\">\n<div>\n<div class=\"uk-card uk-card-primary uk-card-body\">\n<h3 class=\"uk-card-title\">Organisch, ungiftig und biologisch abbaubar<\/h3>\n<p>TotalCare ist ungiftig f\u00fcr S\u00e4ugetiere, Tiere, V\u00f6gel und Wasserlebewesen. Keine Resttoxizit\u00e4t wird auf das geerntete Produkt \u00fcbertragen. Es gibt keine Wartezeit, und Sie k\u00f6nnen es in jedem Stadium der Pflanze anwenden. Es eignet sich am besten f\u00fcr Gew\u00e4chsh\u00e4user und Gem\u00fcseg\u00e4rten. Es wird auch in der Blumenzucht und im Gartenbau sowie bei Feldfr\u00fcchten, die eine Bio-Zertifizierung erfordern, eingesetzt.    <\/p>\n<p><a class=\"uk-button uk-button-small uk-button-secondary\" href=\"https:\/\/shop.natureneem.com\/download\/694\/certifications\/10698\/issued-eu-attestation-nature-neem-2023\">  Ausgestelltes EU-Attest &#8211; Natur Neem-2023<\/a><\/p>\n<p><a class=\"uk-button uk-button-small uk-button-secondary\" href=\"https:\/\/shop.natureneem.com\/download\/694\/certifications\/10699\/issued-jas-attestation-nature-neem-2023\">  Ausgestelltes JAS-Zertifikat &#8211; Natur Neem-2023<\/a><\/p>\n<p><a class=\"uk-button uk-button-small uk-button-secondary\" href=\"https:\/\/shop.natureneem.com\/download\/694\/certifications\/10700\/issued-nop-attestation-nature-neem-2023\">  Ausgestellte NOP-Bescheinigung &#8211; Natur Neem-2023<\/a><\/p>\n<\/div>\n<\/div>\n<div>\n<div class=\"uk-card uk-card-default uk-card-body uk-background-muted\">\n<h3 class=\"uk-card-title\">Die pflanzliche Kraft von Neem<\/h3>\n<p>Es bietet ein nat\u00fcrliches Heilmittel, indem es die allgemeine Gesundheit der Pflanze verbessert und ihre Widerstandsf\u00e4higkeit gegen Sch\u00e4dlinge und Krankheiten erh\u00f6ht. TotalCare enth\u00e4lt auch die organische Quelle von Makro- und Mikron\u00e4hrstoffen. Es enth\u00e4lt fast 200 Oligo-Elemente.  <\/p>\n<h3>Warum ist TotalCare anderen \u00d6len \u00fcberlegen? Z\u00f6gern Sie nicht zu vergleichen, Sie werden \u00fcberrascht sein! <\/h3>\n<p>Wir extrahieren das \u00d6l aus gut gereiften inneren Neemkernen mit der traditionellen kaltgepressten Methode. Der Hauptbestandteil von TotalCare, das Azadirachtin, enth\u00e4lt etwa 2700 ppm (0,27 %). Typische Chargen aus bestimmten Jahreszeiten haben Rekordwerte von 3000 ppm Azadirachtin ergeben. Allerdings handelt es sich bei 90 % des so genannten reinen Neem\u00f6ls, das auf dem europ\u00e4ischen Markt erh\u00e4ltlich ist, lediglich um Restbest\u00e4nde aus der Neem-Industrie, deren Azadirachtin-Gehalt bei etwa 150 ppm liegt.   <\/p>\n<\/div>\n<\/div>\n<\/div>\n<div class=\"uk-grid-match uk-child-width-expand@s uk-text-center\" uk-grid=\"\">\n<div>\n<div class=\"uk-card uk-card-default uk-card-body\">\n<h2 class=\"uk-card-title\">TotalCare ist von Ecocert gem\u00e4\u00df den EU-, NOP (USDA)- und JAP-\u00d6ko-Standards zertifiziert.<\/h2>\n<div><img loading=\"lazy\" decoding=\"async\" class=\"alignnone wp-image-391 size-medium\" title=\"TotalCare offizielle Zertifizierungen von NatureNeem\" src=\"https:\/\/shop.natureneem.com\/wp-content\/uploads\/2023\/05\/nn_cert_facture-300x60.png\" alt=\"Die Produkte von Nature Neem sind zertifiziert durch Ecocert SA F-32600, die Standards der Europ\u00e4ischen Kommission, das National Organic Program (NOP - USDA) und die Soil Association Certification.\" width=\"300\" height=\"60\"><\/div>\n<\/div>\n<\/div>\n<div>\n<div class=\"uk-card uk-card-secondary uk-card-body\">\n<h2 class=\"uk-card-title\">Wie wird dieses Produkt angewendet?<\/h2>\n<p>Vollst\u00e4ndige Beschreibung, Anwendungen, FAQ und Informationen.<\/p>\n<div><a class=\"uk-button uk-button-primary\" href=\"https:\/\/natureneem.com\/en\/products\/totalcare\" target=\"_blank\" rel=\"noopener noreferrer\">HIER KLICKEN<\/a><\/div>\n<\/div>\n<\/div>\n<\/div>\n<h3>Das wasserl\u00f6sliche Neem\u00f6l f\u00fcr Pflanzen ist, mit einem Wort, TotalCare. Abschlie\u00dfend sei gesagt, dass es so einfach in der Anwendung, effizient und ungiftig ist. Es eignet sich am besten f\u00fcr Ihren Gem\u00fcsegarten, Gew\u00e4chsh\u00e4user und Blumen.<br \/>\nAlle Produkte von Nature Neem India sind vollst\u00e4ndig biologisch. <b>Versuchen Sie auch<\/b> <a href=\"https:\/\/shop.natureneem.com\/e-shop\/nutraza-pellet-of-neem-seed\/\">NutrAza<\/a>, um die Vorteile des Neem-D\u00fcngers zu vervollst\u00e4ndigen und <a href=\"https:\/\/shop.natureneem.com\/de\/e-shop\/biocare\/\">BioCare<\/a> f\u00fcr Ihre Tiere.  <\/h3>\n","protected":false},"excerpt":{"rendered":"<h3 class=\"ai-optimize-20\">Wasserl\u00f6sliches Neem\u00f6l f\u00fcr Pflanzen Spray<\/h3>\n<p><img loading=\"lazy\" decoding=\"async\" class=\"alignnone\" style=\"float: left;\" title=\"TotalCare Symbol von NatureNeem\" src=\"https:\/\/natureneem.com\/images\/logos\/nn_plant_care.svg\" alt=\"NatureNeem Pflanzenpflege mit TotalCare\" width=\"160\" height=\"599\"><\/p>\n<p class=\"ai-optimize-21\"><strong>Das beste botanische Pestizid f\u00fcr Bio-G\u00e4rten.<br \/>\n<\/strong><strong>Wasserl\u00f6sliches Neem\u00f6l f\u00fcr Pflanzenschutzmittel in der biologischen Landwirtschaft und im Garten<br \/>\nNat\u00fcrliches bio-zertifiziertes Qualit\u00e4tsprodukt seit 1990 von Nature Neem India<br \/>\nMischen Sie 5-10 ml pro Liter Wasser und spr\u00fchen Sie. Ungiftig f\u00fcr Menschen, Tiere, V\u00f6gel &#8230; <\/strong><\/p>\n","protected":false},"featured_media":11972,"comment_status":"open","ping_status":"closed","template":"","meta":[],"product_brand":[],"product_cat":[158],"product_tag":[],"class_list":{"0":"post-5595","1":"product","2":"type-product","3":"status-publish","4":"has-post-thumbnail","6":"product_cat-neem-produkte","7":"pa_packing-1l-de","8":"pa_packing-20l-de","9":"pa_packing-250ml-de","10":"pa_packing-5l-de","11":"pa_packing-500ml-de","13":"first","14":"instock","15":"shipping-taxable","16":"purchasable","17":"product-type-variable","18":"has-default-attributes"},"yoast_head":"<!-- This site is optimized with the Yoast SEO Premium plugin v27.1 (Yoast SEO v27.2) - https:\/\/yoast.com\/product\/yoast-seo-premium-wordpress\/ -->\n<title>Wasserl\u00f6sliches Neem\u00f6l f\u00fcr Pflanzen: Organische L\u00f6sung zur Sch\u00e4dlingsbek\u00e4mpfung<\/title>\n<meta name=\"description\" content=\"Sch\u00fctzen Sie Ihre Pflanzen mit der Kraft der Natur! TotalCare : Wasserl\u00f6sliches Neem\u00f6l f\u00fcr Pflanzenschutzmittel in der \u00f6kologischen Landwirtschaft und im Garten. Bestellen Sie es noch heute.\" \/>\n<meta name=\"robots\" content=\"index, follow, max-snippet:-1, max-image-preview:large, max-video-preview:-1\" \/>\n<link rel=\"canonical\" href=\"https:\/\/shop.natureneem.com\/de\/e-shop\/totalcare\/\" \/>\n<meta property=\"og:locale\" content=\"de_DE\" \/>\n<meta property=\"og:type\" content=\"article\" \/>\n<meta property=\"og:title\" content=\"Bio mit Neem\u00f6l f\u00fcr Pflanzen in Ihrem Garten\" \/>\n<meta property=\"og:description\" content=\"M\u00f6chten Sie ein Pestizid, das sicher f\u00fcr Ihre Pflanzen und die Umwelt ist? Versuchen Sie TotalCare, das beste Neem\u00f6l f\u00fcr Pflanzen. Sch\u00fctzen Sie Ihren Garten auf nat\u00fcrliche Weise! \ud83c\udf31\" \/>\n<meta property=\"og:url\" content=\"https:\/\/shop.natureneem.com\/de\/e-shop\/totalcare\/\" \/>\n<meta property=\"og:site_name\" content=\"NatureNeem e-Shop\" \/>\n<meta property=\"article:publisher\" content=\"https:\/\/www.facebook.com\/natureneemindia\/\" \/>\n<meta property=\"article:modified_time\" content=\"2026-04-10T11:49:49+00:00\" \/>\n<meta property=\"og:image\" content=\"https:\/\/shop.natureneem.com\/wp-content\/uploads\/nc\/images\/products\/totalcare\/nn_totalcare_en_champ_et_ecocert.jpg\" \/>\n<meta name=\"twitter:card\" content=\"summary_large_image\" \/>\n<meta name=\"twitter:title\" content=\"TotalCare: Neem\u00f6l f\u00fcr Pflanzen - Biologische Sch\u00e4dlingsbek\u00e4mpfung f\u00fcr G\u00e4rten\" \/>\n<meta name=\"twitter:description\" content=\"Sch\u00fctzen Sie Ihre Pflanzen auf nat\u00fcrliche Weise mit TotalCare, dem besten pflanzlichen Pestizid in der \u00f6kologischen Landwirtschaft und im Garten. Sicher, wirksam und umweltfreundlich. \ud83c\udf3f #OrganicGardening\" \/>\n<meta name=\"twitter:site\" content=\"@natureneem\" \/>\n<meta name=\"twitter:label1\" content=\"Verf\u00fcgbarkeit\" \/>\n\t<meta name=\"twitter:data1\" content=\"Auf Lager\" \/>\n<script type=\"application\/ld+json\" class=\"yoast-schema-graph\">{\"@context\":\"https:\/\/schema.org\",\"@graph\":[{\"@type\":\"WebPage\",\"@id\":\"https:\/\/shop.natureneem.com\/de\/e-shop\/totalcare\/\",\"url\":\"https:\/\/shop.natureneem.com\/de\/e-shop\/totalcare\/\",\"name\":\"Wasserl\u00f6sliches Neem\u00f6l f\u00fcr Pflanzen: Organische L\u00f6sung zur Sch\u00e4dlingsbek\u00e4mpfung\",\"isPartOf\":{\"@id\":\"https:\/\/shop.natureneem.com\/de\/#website\"},\"primaryImageOfPage\":{\"@id\":\"https:\/\/shop.natureneem.com\/de\/e-shop\/totalcare\/#primaryimage\"},\"image\":{\"@id\":\"https:\/\/shop.natureneem.com\/de\/e-shop\/totalcare\/#primaryimage\"},\"thumbnailUrl\":\"https:\/\/shop.natureneem.com\/wp-content\/uploads\/2019\/07\/NN-TOTALCARE-2025_GROUP_01.jpg\",\"datePublished\":\"2019-07-06T17:00:23+00:00\",\"dateModified\":\"2026-04-10T11:49:49+00:00\",\"description\":\"Sch\u00fctzen Sie Ihre Pflanzen mit der Kraft der Natur! TotalCare : Wasserl\u00f6sliches Neem\u00f6l f\u00fcr Pflanzenschutzmittel in der \u00f6kologischen Landwirtschaft und im Garten. Bestellen Sie es noch heute.\",\"breadcrumb\":{\"@id\":\"https:\/\/shop.natureneem.com\/de\/e-shop\/totalcare\/#breadcrumb\"},\"inLanguage\":\"de\",\"potentialAction\":[{\"@type\":\"ReadAction\",\"target\":[\"https:\/\/shop.natureneem.com\/de\/e-shop\/totalcare\/\"]}]},{\"@type\":\"ImageObject\",\"inLanguage\":\"de\",\"@id\":\"https:\/\/shop.natureneem.com\/de\/e-shop\/totalcare\/#primaryimage\",\"url\":\"https:\/\/shop.natureneem.com\/wp-content\/uploads\/2019\/07\/NN-TOTALCARE-2025_GROUP_01.jpg\",\"contentUrl\":\"https:\/\/shop.natureneem.com\/wp-content\/uploads\/2019\/07\/NN-TOTALCARE-2025_GROUP_01.jpg\",\"width\":800,\"height\":800},{\"@type\":\"BreadcrumbList\",\"@id\":\"https:\/\/shop.natureneem.com\/de\/e-shop\/totalcare\/#breadcrumb\",\"itemListElement\":[{\"@type\":\"ListItem\",\"position\":1,\"name\":\"Home\",\"item\":\"https:\/\/shop.natureneem.com\/de\/startseite\/\"},{\"@type\":\"ListItem\",\"position\":2,\"name\":\"e-Shop\",\"item\":\"https:\/\/shop.natureneem.com\/de\/e-shop\/\"},{\"@type\":\"ListItem\",\"position\":3,\"name\":\"TotalCare\"}]},{\"@type\":\"WebSite\",\"@id\":\"https:\/\/shop.natureneem.com\/de\/#website\",\"url\":\"https:\/\/shop.natureneem.com\/de\/\",\"name\":\"NatureNeem e-Shop\",\"description\":\"Official Shop from Nature Neem\",\"publisher\":{\"@id\":\"https:\/\/shop.natureneem.com\/de\/#organization\"},\"alternateName\":\"Nature Neem\",\"potentialAction\":[{\"@type\":\"SearchAction\",\"target\":{\"@type\":\"EntryPoint\",\"urlTemplate\":\"https:\/\/shop.natureneem.com\/de\/?s={search_term_string}\"},\"query-input\":{\"@type\":\"PropertyValueSpecification\",\"valueRequired\":true,\"valueName\":\"search_term_string\"}}],\"inLanguage\":\"de\"},{\"@type\":\"Organization\",\"@id\":\"https:\/\/shop.natureneem.com\/de\/#organization\",\"name\":\"Nature Neem\",\"alternateName\":\"Lorsun SAS\",\"url\":\"https:\/\/shop.natureneem.com\/de\/\",\"logo\":{\"@type\":\"ImageObject\",\"inLanguage\":\"de\",\"@id\":\"https:\/\/shop.natureneem.com\/de\/#\/schema\/logo\/image\/\",\"url\":\"https:\/\/shop.natureneem.com\/wp-content\/uploads\/2024\/09\/nn-logo-symbole-2024-01.svg\",\"contentUrl\":\"https:\/\/shop.natureneem.com\/wp-content\/uploads\/2024\/09\/nn-logo-symbole-2024-01.svg\",\"width\":1,\"height\":1,\"caption\":\"Nature Neem\"},\"image\":{\"@id\":\"https:\/\/shop.natureneem.com\/de\/#\/schema\/logo\/image\/\"},\"sameAs\":[\"https:\/\/www.facebook.com\/natureneemindia\/\",\"https:\/\/x.com\/natureneem\",\"https:\/\/www.youtube.com\/user\/natureneem\",\"https:\/\/www.linkedin.com\/company\/natureneem\"],\"description\":\"Wir besch\u00e4ftigen uns mit der Entwicklung und Vermarktung von \u00f6kologischen L\u00f6sungen. Wir erfinden weiterhin diese nat\u00fcrlichen alternativen L\u00f6sungen, die die chemisch synthetisierten Produkte, die unserer Umwelt schaden, wirksam ersetzen k\u00f6nnen. Unser Team ist besonders kompetent, wenn es darum geht, \u00f6kologische landwirtschaftliche Betriebsmittel vorzuschlagen. Wir agieren auch als eine Vereinigung von Gleichgesinnten, die glauben, dass die Natur die L\u00f6sung f\u00fcr alle Umweltprobleme der Menschen bereith\u00e4lt.   \",\"email\":\"info@natureneem.com\",\"telephone\":\"+91 77084 00899\",\"legalName\":\"NATURE NEEM PRODUCTS\",\"vatID\":\"FR08891657884\",\"numberOfEmployees\":{\"@type\":\"QuantitativeValue\",\"minValue\":\"51\",\"maxValue\":\"200\"},\"publishingPrinciples\":\"https:\/\/shop.natureneem.com\/\",\"actionableFeedbackPolicy\":\"https:\/\/shop.natureneem.com\/return-and-refund-policy\/\",\"hasMerchantReturnPolicy\":{\"@type\":\"MerchantReturnPolicy\",\"merchantReturnLink\":\"https:\/\/shop.natureneem.com\/return-and-refund-policy\/\"}}]}<\/script>\n<meta property=\"og:availability\" content=\"instock\" \/>\n<meta property=\"product:availability\" content=\"instock\" \/>\n<meta property=\"product:retailer_item_id\" content=\"TotalCare\" \/>\n<meta property=\"product:condition\" content=\"new\" \/>\n<!-- \/ Yoast SEO Premium plugin. -->","yoast_head_json":{"title":"Wasserl\u00f6sliches Neem\u00f6l f\u00fcr Pflanzen: Organische L\u00f6sung zur Sch\u00e4dlingsbek\u00e4mpfung","description":"Sch\u00fctzen Sie Ihre Pflanzen mit der Kraft der Natur! TotalCare : Wasserl\u00f6sliches Neem\u00f6l f\u00fcr Pflanzenschutzmittel in der \u00f6kologischen Landwirtschaft und im Garten. Bestellen Sie es noch heute.","robots":{"index":"index","follow":"follow","max-snippet":"max-snippet:-1","max-image-preview":"max-image-preview:large","max-video-preview":"max-video-preview:-1"},"canonical":"https:\/\/shop.natureneem.com\/de\/e-shop\/totalcare\/","og_locale":"de_DE","og_type":"article","og_title":"Bio mit Neem\u00f6l f\u00fcr Pflanzen in Ihrem Garten","og_description":"M\u00f6chten Sie ein Pestizid, das sicher f\u00fcr Ihre Pflanzen und die Umwelt ist? Versuchen Sie TotalCare, das beste Neem\u00f6l f\u00fcr Pflanzen. Sch\u00fctzen Sie Ihren Garten auf nat\u00fcrliche Weise! \ud83c\udf31","og_url":"https:\/\/shop.natureneem.com\/de\/e-shop\/totalcare\/","og_site_name":"NatureNeem e-Shop","article_publisher":"https:\/\/www.facebook.com\/natureneemindia\/","article_modified_time":"2026-04-10T11:49:49+00:00","og_image":[{"url":"https:\/\/shop.natureneem.com\/wp-content\/uploads\/nc\/images\/products\/totalcare\/nn_totalcare_en_champ_et_ecocert.jpg","type":"","width":"","height":""}],"twitter_card":"summary_large_image","twitter_title":"TotalCare: Neem\u00f6l f\u00fcr Pflanzen - Biologische Sch\u00e4dlingsbek\u00e4mpfung f\u00fcr G\u00e4rten","twitter_description":"Sch\u00fctzen Sie Ihre Pflanzen auf nat\u00fcrliche Weise mit TotalCare, dem besten pflanzlichen Pestizid in der \u00f6kologischen Landwirtschaft und im Garten. Sicher, wirksam und umweltfreundlich. \ud83c\udf3f #OrganicGardening","twitter_site":"@natureneem","twitter_misc":{"Verf\u00fcgbarkeit":"Auf Lager"},"schema":{"@context":"https:\/\/schema.org","@graph":[{"@type":"WebPage","@id":"https:\/\/shop.natureneem.com\/de\/e-shop\/totalcare\/","url":"https:\/\/shop.natureneem.com\/de\/e-shop\/totalcare\/","name":"Wasserl\u00f6sliches Neem\u00f6l f\u00fcr Pflanzen: Organische L\u00f6sung zur Sch\u00e4dlingsbek\u00e4mpfung","isPartOf":{"@id":"https:\/\/shop.natureneem.com\/de\/#website"},"primaryImageOfPage":{"@id":"https:\/\/shop.natureneem.com\/de\/e-shop\/totalcare\/#primaryimage"},"image":{"@id":"https:\/\/shop.natureneem.com\/de\/e-shop\/totalcare\/#primaryimage"},"thumbnailUrl":"https:\/\/shop.natureneem.com\/wp-content\/uploads\/2019\/07\/NN-TOTALCARE-2025_GROUP_01.jpg","datePublished":"2019-07-06T17:00:23+00:00","dateModified":"2026-04-10T11:49:49+00:00","description":"Sch\u00fctzen Sie Ihre Pflanzen mit der Kraft der Natur! TotalCare : Wasserl\u00f6sliches Neem\u00f6l f\u00fcr Pflanzenschutzmittel in der \u00f6kologischen Landwirtschaft und im Garten. Bestellen Sie es noch heute.","breadcrumb":{"@id":"https:\/\/shop.natureneem.com\/de\/e-shop\/totalcare\/#breadcrumb"},"inLanguage":"de","potentialAction":[{"@type":"ReadAction","target":["https:\/\/shop.natureneem.com\/de\/e-shop\/totalcare\/"]}]},{"@type":"ImageObject","inLanguage":"de","@id":"https:\/\/shop.natureneem.com\/de\/e-shop\/totalcare\/#primaryimage","url":"https:\/\/shop.natureneem.com\/wp-content\/uploads\/2019\/07\/NN-TOTALCARE-2025_GROUP_01.jpg","contentUrl":"https:\/\/shop.natureneem.com\/wp-content\/uploads\/2019\/07\/NN-TOTALCARE-2025_GROUP_01.jpg","width":800,"height":800},{"@type":"BreadcrumbList","@id":"https:\/\/shop.natureneem.com\/de\/e-shop\/totalcare\/#breadcrumb","itemListElement":[{"@type":"ListItem","position":1,"name":"Home","item":"https:\/\/shop.natureneem.com\/de\/startseite\/"},{"@type":"ListItem","position":2,"name":"e-Shop","item":"https:\/\/shop.natureneem.com\/de\/e-shop\/"},{"@type":"ListItem","position":3,"name":"TotalCare"}]},{"@type":"WebSite","@id":"https:\/\/shop.natureneem.com\/de\/#website","url":"https:\/\/shop.natureneem.com\/de\/","name":"NatureNeem e-Shop","description":"Official Shop from Nature Neem","publisher":{"@id":"https:\/\/shop.natureneem.com\/de\/#organization"},"alternateName":"Nature Neem","potentialAction":[{"@type":"SearchAction","target":{"@type":"EntryPoint","urlTemplate":"https:\/\/shop.natureneem.com\/de\/?s={search_term_string}"},"query-input":{"@type":"PropertyValueSpecification","valueRequired":true,"valueName":"search_term_string"}}],"inLanguage":"de"},{"@type":"Organization","@id":"https:\/\/shop.natureneem.com\/de\/#organization","name":"Nature Neem","alternateName":"Lorsun SAS","url":"https:\/\/shop.natureneem.com\/de\/","logo":{"@type":"ImageObject","inLanguage":"de","@id":"https:\/\/shop.natureneem.com\/de\/#\/schema\/logo\/image\/","url":"https:\/\/shop.natureneem.com\/wp-content\/uploads\/2024\/09\/nn-logo-symbole-2024-01.svg","contentUrl":"https:\/\/shop.natureneem.com\/wp-content\/uploads\/2024\/09\/nn-logo-symbole-2024-01.svg","width":1,"height":1,"caption":"Nature Neem"},"image":{"@id":"https:\/\/shop.natureneem.com\/de\/#\/schema\/logo\/image\/"},"sameAs":["https:\/\/www.facebook.com\/natureneemindia\/","https:\/\/x.com\/natureneem","https:\/\/www.youtube.com\/user\/natureneem","https:\/\/www.linkedin.com\/company\/natureneem"],"description":"Wir besch\u00e4ftigen uns mit der Entwicklung und Vermarktung von \u00f6kologischen L\u00f6sungen. Wir erfinden weiterhin diese nat\u00fcrlichen alternativen L\u00f6sungen, die die chemisch synthetisierten Produkte, die unserer Umwelt schaden, wirksam ersetzen k\u00f6nnen. Unser Team ist besonders kompetent, wenn es darum geht, \u00f6kologische landwirtschaftliche Betriebsmittel vorzuschlagen. Wir agieren auch als eine Vereinigung von Gleichgesinnten, die glauben, dass die Natur die L\u00f6sung f\u00fcr alle Umweltprobleme der Menschen bereith\u00e4lt.   ","email":"info@natureneem.com","telephone":"+91 77084 00899","legalName":"NATURE NEEM PRODUCTS","vatID":"FR08891657884","numberOfEmployees":{"@type":"QuantitativeValue","minValue":"51","maxValue":"200"},"publishingPrinciples":"https:\/\/shop.natureneem.com\/","actionableFeedbackPolicy":"https:\/\/shop.natureneem.com\/return-and-refund-policy\/","hasMerchantReturnPolicy":{"@type":"MerchantReturnPolicy","merchantReturnLink":"https:\/\/shop.natureneem.com\/return-and-refund-policy\/"}}]},"og_availability":"instock","product_availability":"instock","product_retailer_item_id":"TotalCare","product_condition":"new"},"_links":{"self":[{"href":"https:\/\/shop.natureneem.com\/de\/wp-json\/wp\/v2\/product\/5595","targetHints":{"allow":["GET"]}}],"collection":[{"href":"https:\/\/shop.natureneem.com\/de\/wp-json\/wp\/v2\/product"}],"about":[{"href":"https:\/\/shop.natureneem.com\/de\/wp-json\/wp\/v2\/types\/product"}],"replies":[{"embeddable":true,"href":"https:\/\/shop.natureneem.com\/de\/wp-json\/wp\/v2\/comments?post=5595"}],"wp:featuredmedia":[{"embeddable":true,"href":"https:\/\/shop.natureneem.com\/de\/wp-json\/wp\/v2\/media\/11972"}],"wp:attachment":[{"href":"https:\/\/shop.natureneem.com\/de\/wp-json\/wp\/v2\/media?parent=5595"}],"wp:term":[{"taxonomy":"product_brand","embeddable":true,"href":"https:\/\/shop.natureneem.com\/de\/wp-json\/wp\/v2\/product_brand?post=5595"},{"taxonomy":"product_cat","embeddable":true,"href":"https:\/\/shop.natureneem.com\/de\/wp-json\/wp\/v2\/product_cat?post=5595"},{"taxonomy":"product_tag","embeddable":true,"href":"https:\/\/shop.natureneem.com\/de\/wp-json\/wp\/v2\/product_tag?post=5595"}],"curies":[{"name":"wp","href":"https:\/\/api.w.org\/{rel}","templated":true}]}}