{"id":5606,"date":"2019-07-06T18:49:41","date_gmt":"2019-07-06T16:49:41","guid":{"rendered":"https:\/\/shop.natureneem.com\/e-shop\/reines-neemoel\/"},"modified":"2026-03-11T10:02:22","modified_gmt":"2026-03-11T09:02:22","slug":"reines-neemoel","status":"publish","type":"product","link":"https:\/\/shop.natureneem.com\/de\/e-shop\/reines-neemoel\/","title":{"rendered":"Reines Neem\u00f6l"},"content":{"rendered":"<p><strong>Das reine Neem\u00f6l wird durch Kaltpressung des Samenkerns von ausgesuchten, gereiften Neemsamen bester Qualit\u00e4t gewonnen.<\/strong><\/p>\n<p>Diese Neemsamen werden durch Entsch\u00e4len, Waschen, Trocknen und Entschalen der Neemfr\u00fcchte der aktuellen Saison gewonnen. Unser reines Neem\u00f6l enth\u00e4lt keine Stabilisatoren, Emulgatoren oder Zusatzstoffe und ist von Ecocert als biologischer Rohstoff zertifiziert. <\/p>\n<p>Der Neem ist eine biochemische Fabrik, die mehrere tausend organische Verbindungen enth\u00e4lt. In der Medizin wird jeder Teil des Neems verwendet. Neem\u00f6l hat heilende Eigenschaften und wird seit Jahrhunderten in der traditionellen Medizin verwendet. Nach zahlreichen Untersuchungen f\u00fchrender Organisationen ist Neem die sicherste Heilpflanze, die gegen mehrere Krankheiten wirksam ist. Das Office of Special Nutritionals der FDA unterh\u00e4lt eine umfangreiche Datenbank \u00fcber unerw\u00fcnschte Wirkungen von pflanzlichen Arzneimitteln. Diese Datenbank enth\u00e4lt keine Hinweise auf Neem, die auf m\u00f6gliche Probleme hinweisen w\u00fcrden.     <\/p>\n<h3>Warum ist unser reines Neem\u00f6l anderen \u00d6len \u00fcberlegen? Z\u00f6gern Sie nicht zu vergleichen, Sie werden \u00fcberrascht sein! <\/h3>\n<p>Denn Azadirachtin, der Hauptinhaltsstoff, liegt bei etwa 2500 ppm (0,25 %). Typische Chargen aus bestimmten Jahreszeiten haben Rekordwerte von 3000 ppm Azadirachtin ergeben.<br \/>\n<strong>Der Azadirachtin-Gehalt von billigeren Produkten, die auf dem Markt erh\u00e4ltlich sind, liegt jedoch nicht \u00fcber 300 ppm.<\/strong><\/p>\n<p>&nbsp;<\/p>\n<div class=\"uk-grid-match uk-child-width-expand@s\" uk-grid=\"\">\n<div>\n<div class=\"uk-card uk-card-primary uk-card-body\">\n<h3 class=\"uk-card-title\">F\u00fcr die ayurvedische Medizin<\/h3>\n<p><strong>Hautpflege<\/strong> Es ist ein nat\u00fcrliches Arzneimittel zur Heilung von topischen Hauterkrankungen wie Ekzemen. Mit der Zeit auch bei Hautausschl\u00e4gen, insbesondere bei Akne. Noch mehr bei Dermatitis, gleichfalls bei trockenen Hautproblemen, aber auch bei Verbrennungen. Mit reinem Neem\u00f6l werden Sie immer Vorteile finden.   <\/p>\n<p><strong>Gegen Kopfl\u00e4use<\/strong> Massieren Sie das Neem-\u00d6l direkt vor dem Baden in Kopfhaut und Haar ein oder mischen Sie es mit 50 % Sp\u00fclung.<\/p>\n<\/div>\n<\/div>\n<div>\n<div class=\"uk-card uk-card-default uk-card-body uk-background-muted\">\n<h3 class=\"uk-card-title\">Ein organisches Insektizid f\u00fcr Pflanzen und Tiere<\/h3>\n<p>F\u00fcr die Verwendung als organisches Insektizid, insbesondere f\u00fcr Spr\u00fchzwecke, schlagen wir 2 wasserl\u00f6sliche Produkte vor <strong><a class=\"uk-button-link\" href=\"https:\/\/shop.natureneem.com\/e-shop\/totalcare-water-soluble-neem-oil\/\">TotalCare<\/a> <\/strong>eine Formulierung von Neem\u00f6l, die eher f\u00fcr das Bespr\u00fchen von Pflanzen optimiert ist, und in einem anderen Fall <strong><a class=\"uk-button-link\" href=\"https:\/\/shop.natureneem.com\/de\/e-shop\/biocare\/\">BioCare <\/a><\/strong>eine Neem-\u00d6l-Formulierung gegen Ektoparasiten, wenn diese beispielsweise Tiere befallen.<\/p>\n<\/div>\n<\/div>\n<\/div>\n<div class=\"uk-grid-match uk-child-width-expand@s uk-text-center\" uk-grid=\"\">\n<div>\n<div class=\"uk-card uk-card-default uk-card-body\">\n<h2 class=\"uk-card-title\">Reines Neem\u00f6l ist von Ecocert nach NOP-, EU- und JAP-Normen zertifiziert.<\/h2>\n<div><img loading=\"lazy\" decoding=\"async\" class=\"alignnone wp-image-391 size-medium\" src=\"https:\/\/shop.natureneem.com\/wp-content\/uploads\/2023\/05\/nn_cert_facture-300x60.png\" alt=\"Die Produkte von Nature Neem sind zertifiziert durch Ecocert SA F-32600, die Standards der Europ\u00e4ischen Kommission, das National Organic Program (NOP - USDA) und die Soil Association Certification.\" width=\"300\" height=\"60\"><\/div>\n<\/div>\n<\/div>\n<div>\n<div class=\"uk-card uk-card-secondary uk-card-body\">\n<h2 class=\"uk-card-title\">Wie wird dieses Produkt angewendet?<\/h2>\n<p>Vollst\u00e4ndige Beschreibung, Anwendungen, FAQ und Informationen.<\/p>\n<div><a class=\"uk-button uk-button-primary\" href=\"https:\/\/natureneem.com\/en\/products\/pure-neem-oil\" target=\"_blank\" rel=\"noopener noreferrer\">HIER KLICKEN<\/a><\/div>\n<\/div>\n<\/div>\n<\/div>\n<h3>Reines Neem\u00f6l wird von Nature Neem in Tamil Nadu, Indien, hergestellt.<br \/>\nAlle Produkte von Nature Neem India sind vollst\u00e4ndig biologisch. <b>Versuchen Sie auch<\/b> <a href=\"https:\/\/shop.natureneem.com\/e-shop\/nutraza-pellet-of-neem-seed\/\">NutrAza<\/a>, um die Vorteile des Neem-D\u00fcngers zu vervollst\u00e4ndigen, und <a href=\"https:\/\/shop.natureneem.com\/de\/e-shop\/biocare\/\">BioCare<\/a> speziell f\u00fcr Ihre Tiere.<\/h3>\n","protected":false},"excerpt":{"rendered":"<div>\n<p><img decoding=\"async\" style=\"float: left;\" src=\"https:\/\/natureneem.com\/images\/logos\/nn_pure_oil.svg\" alt=\"NatureNeem Reines Neem\u00f6l\" width=\"100\">  Kaltes Pressen des Samenkerns von qualitativ hochwertigen, getrennt gereiften Neemsamen.<\/p>\n<p><strong>Wie wird dieses Produkt angewendet?<\/strong><\/p>\n<div><a class=\"uk-button uk-button-small uk-button-primary\" href=\"https:\/\/natureneem.com\/en\/products\/pure-neem-oil#applications\" target=\"_blank\" rel=\"noopener noreferrer\">HIER KLICKEN<\/a><\/div>\n<div><\/div>\n<\/div>\n","protected":false},"featured_media":5300,"comment_status":"open","ping_status":"closed","template":"","meta":[],"product_brand":[],"product_cat":[158],"product_tag":[],"class_list":{"0":"post-5606","1":"product","2":"type-product","3":"status-publish","4":"has-post-thumbnail","6":"product_cat-neem-produkte","7":"pa_packing-1l-de","8":"pa_packing-20l-de","9":"pa_packing-250ml-de","10":"pa_packing-5l-de","11":"pa_packing-500ml-de","13":"first","14":"instock","15":"shipping-taxable","16":"purchasable","17":"product-type-variable","18":"has-default-attributes"},"yoast_head":"<!-- This site is optimized with the Yoast SEO Premium plugin v27.1 (Yoast SEO v27.2) - https:\/\/yoast.com\/product\/yoast-seo-premium-wordpress\/ -->\n<title>Reines Neem\u00f6l aus kontrolliert biologischem Anbau: Ohne Zusatzstoffe oder Stabilisatoren \ud83d\udfe1 NatureNeem e-Shop<\/title>\n<meta name=\"description\" content=\"Erleben Sie die Kraft des reinen Neem\u00f6ls, das aus den hochwertigsten Neemsamen gewonnen wird. 100% biologisch und frei von Zusatzstoffen. Holen Sie sich Ihr \u00d6l jetzt!\" \/>\n<meta name=\"robots\" content=\"index, follow, max-snippet:-1, max-image-preview:large, max-video-preview:-1\" \/>\n<link rel=\"canonical\" href=\"https:\/\/shop.natureneem.com\/de\/e-shop\/reines-neemoel\/\" \/>\n<meta property=\"og:locale\" content=\"de_DE\" \/>\n<meta property=\"og:type\" content=\"article\" \/>\n<meta property=\"og:title\" content=\"Erleben Sie die Biochemische Fabrik: Reines Neem\u00f6l f\u00fcr nat\u00fcrliche L\u00f6sungen\" \/>\n<meta property=\"og:description\" content=\"Entdecken Sie die reinste Form des Neem\u00f6ls, kaltgepresst aus sorgf\u00e4ltig ausgew\u00e4hlten Neemsamen. Erleben Sie die biologische G\u00fcte wie nie zuvor. Holen Sie es sich jetzt!\" \/>\n<meta property=\"og:url\" content=\"https:\/\/shop.natureneem.com\/de\/e-shop\/reines-neemoel\/\" \/>\n<meta property=\"og:site_name\" content=\"NatureNeem e-Shop\" \/>\n<meta property=\"article:publisher\" content=\"https:\/\/www.facebook.com\/natureneemindia\/\" \/>\n<meta property=\"article:modified_time\" content=\"2026-03-11T09:02:22+00:00\" \/>\n<meta property=\"og:image\" content=\"https:\/\/shop.natureneem.com\/wp-content\/uploads\/2019\/07\/nn_pureneemoil_01-1.jpg\" \/>\n\t<meta property=\"og:image:width\" content=\"1000\" \/>\n\t<meta property=\"og:image:height\" content=\"1000\" \/>\n\t<meta property=\"og:image:type\" content=\"image\/jpeg\" \/>\n<meta name=\"twitter:card\" content=\"summary_large_image\" \/>\n<meta name=\"twitter:title\" content=\"Reines Neem\u00f6l: Kaltgepresst f\u00fcr h\u00f6chste Qualit\u00e4t und Reinheit\" \/>\n<meta name=\"twitter:description\" content=\"Erleben Sie die Kraft des reinen Neem\u00f6ls, kaltgepresst aus den besten Neemsamen. Aus kontrolliert biologischem Anbau, ohne Zusatzstoffe oder Emulgatoren. Sichern Sie sich noch heute Ihr \u00d6l und genie\u00dfen Sie seine zahlreichen Vorteile!\" \/>\n<meta name=\"twitter:site\" content=\"@natureneem\" \/>\n<meta name=\"twitter:label1\" content=\"Verf\u00fcgbarkeit\" \/>\n\t<meta name=\"twitter:data1\" content=\"Auf Lager\" \/>\n<script type=\"application\/ld+json\" class=\"yoast-schema-graph\">{\"@context\":\"https:\/\/schema.org\",\"@graph\":[{\"@type\":\"WebPage\",\"@id\":\"https:\/\/shop.natureneem.com\/de\/e-shop\/reines-neemoel\/\",\"url\":\"https:\/\/shop.natureneem.com\/de\/e-shop\/reines-neemoel\/\",\"name\":\"Reines Neem\u00f6l aus kontrolliert biologischem Anbau: Ohne Zusatzstoffe oder Stabilisatoren \ud83d\udfe1 NatureNeem e-Shop\",\"isPartOf\":{\"@id\":\"https:\/\/shop.natureneem.com\/de\/#website\"},\"primaryImageOfPage\":{\"@id\":\"https:\/\/shop.natureneem.com\/de\/e-shop\/reines-neemoel\/#primaryimage\"},\"image\":{\"@id\":\"https:\/\/shop.natureneem.com\/de\/e-shop\/reines-neemoel\/#primaryimage\"},\"thumbnailUrl\":\"https:\/\/shop.natureneem.com\/wp-content\/uploads\/2019\/07\/nn_pureneemoil_01-1.jpg\",\"datePublished\":\"2019-07-06T16:49:41+00:00\",\"dateModified\":\"2026-03-11T09:02:22+00:00\",\"description\":\"Erleben Sie die Kraft des reinen Neem\u00f6ls, das aus den hochwertigsten Neemsamen gewonnen wird. 100% biologisch und frei von Zusatzstoffen. Holen Sie sich Ihr \u00d6l jetzt!\",\"breadcrumb\":{\"@id\":\"https:\/\/shop.natureneem.com\/de\/e-shop\/reines-neemoel\/#breadcrumb\"},\"inLanguage\":\"de\",\"potentialAction\":[{\"@type\":\"ReadAction\",\"target\":[\"https:\/\/shop.natureneem.com\/de\/e-shop\/reines-neemoel\/\"]}]},{\"@type\":\"ImageObject\",\"inLanguage\":\"de\",\"@id\":\"https:\/\/shop.natureneem.com\/de\/e-shop\/reines-neemoel\/#primaryimage\",\"url\":\"https:\/\/shop.natureneem.com\/wp-content\/uploads\/2019\/07\/nn_pureneemoil_01-1.jpg\",\"contentUrl\":\"https:\/\/shop.natureneem.com\/wp-content\/uploads\/2019\/07\/nn_pureneemoil_01-1.jpg\",\"width\":1000,\"height\":1000,\"caption\":\"Reines Neem\u00f6l von Nature Neem\"},{\"@type\":\"BreadcrumbList\",\"@id\":\"https:\/\/shop.natureneem.com\/de\/e-shop\/reines-neemoel\/#breadcrumb\",\"itemListElement\":[{\"@type\":\"ListItem\",\"position\":1,\"name\":\"Home\",\"item\":\"https:\/\/shop.natureneem.com\/de\/startseite\/\"},{\"@type\":\"ListItem\",\"position\":2,\"name\":\"e-Shop\",\"item\":\"https:\/\/shop.natureneem.com\/de\/e-shop\/\"},{\"@type\":\"ListItem\",\"position\":3,\"name\":\"Reines Neem\u00f6l\"}]},{\"@type\":\"WebSite\",\"@id\":\"https:\/\/shop.natureneem.com\/de\/#website\",\"url\":\"https:\/\/shop.natureneem.com\/de\/\",\"name\":\"NatureNeem e-Shop\",\"description\":\"Official Shop from Nature Neem\",\"publisher\":{\"@id\":\"https:\/\/shop.natureneem.com\/de\/#organization\"},\"alternateName\":\"Nature Neem\",\"potentialAction\":[{\"@type\":\"SearchAction\",\"target\":{\"@type\":\"EntryPoint\",\"urlTemplate\":\"https:\/\/shop.natureneem.com\/de\/?s={search_term_string}\"},\"query-input\":{\"@type\":\"PropertyValueSpecification\",\"valueRequired\":true,\"valueName\":\"search_term_string\"}}],\"inLanguage\":\"de\"},{\"@type\":\"Organization\",\"@id\":\"https:\/\/shop.natureneem.com\/de\/#organization\",\"name\":\"Nature Neem\",\"alternateName\":\"Lorsun SAS\",\"url\":\"https:\/\/shop.natureneem.com\/de\/\",\"logo\":{\"@type\":\"ImageObject\",\"inLanguage\":\"de\",\"@id\":\"https:\/\/shop.natureneem.com\/de\/#\/schema\/logo\/image\/\",\"url\":\"https:\/\/shop.natureneem.com\/wp-content\/uploads\/2024\/09\/nn-logo-symbole-2024-01.svg\",\"contentUrl\":\"https:\/\/shop.natureneem.com\/wp-content\/uploads\/2024\/09\/nn-logo-symbole-2024-01.svg\",\"width\":1,\"height\":1,\"caption\":\"Nature Neem\"},\"image\":{\"@id\":\"https:\/\/shop.natureneem.com\/de\/#\/schema\/logo\/image\/\"},\"sameAs\":[\"https:\/\/www.facebook.com\/natureneemindia\/\",\"https:\/\/x.com\/natureneem\",\"https:\/\/www.youtube.com\/user\/natureneem\",\"https:\/\/www.linkedin.com\/company\/natureneem\"],\"description\":\"Wir besch\u00e4ftigen uns mit der Entwicklung und Vermarktung von \u00f6kologischen L\u00f6sungen. Wir erfinden weiterhin diese nat\u00fcrlichen alternativen L\u00f6sungen, die die chemisch synthetisierten Produkte, die unserer Umwelt schaden, wirksam ersetzen k\u00f6nnen. Unser Team ist besonders kompetent, wenn es darum geht, \u00f6kologische landwirtschaftliche Betriebsmittel vorzuschlagen. Wir agieren auch als eine Vereinigung von Gleichgesinnten, die glauben, dass die Natur die L\u00f6sung f\u00fcr alle Umweltprobleme der Menschen bereith\u00e4lt.   \",\"email\":\"info@natureneem.com\",\"telephone\":\"+91 77084 00899\",\"legalName\":\"NATURE NEEM PRODUCTS\",\"vatID\":\"FR08891657884\",\"numberOfEmployees\":{\"@type\":\"QuantitativeValue\",\"minValue\":\"51\",\"maxValue\":\"200\"},\"publishingPrinciples\":\"https:\/\/shop.natureneem.com\/\",\"actionableFeedbackPolicy\":\"https:\/\/shop.natureneem.com\/return-and-refund-policy\/\",\"hasMerchantReturnPolicy\":{\"@type\":\"MerchantReturnPolicy\",\"merchantReturnLink\":\"https:\/\/shop.natureneem.com\/return-and-refund-policy\/\"}}]}<\/script>\n<meta property=\"og:availability\" content=\"instock\" \/>\n<meta property=\"product:availability\" content=\"instock\" \/>\n<meta property=\"product:retailer_item_id\" content=\"Pure_Neem_Oil\" \/>\n<meta property=\"product:condition\" content=\"new\" \/>\n<!-- \/ Yoast SEO Premium plugin. -->","yoast_head_json":{"title":"Reines Neem\u00f6l aus kontrolliert biologischem Anbau: Ohne Zusatzstoffe oder Stabilisatoren \ud83d\udfe1 NatureNeem e-Shop","description":"Erleben Sie die Kraft des reinen Neem\u00f6ls, das aus den hochwertigsten Neemsamen gewonnen wird. 100% biologisch und frei von Zusatzstoffen. Holen Sie sich Ihr \u00d6l jetzt!","robots":{"index":"index","follow":"follow","max-snippet":"max-snippet:-1","max-image-preview":"max-image-preview:large","max-video-preview":"max-video-preview:-1"},"canonical":"https:\/\/shop.natureneem.com\/de\/e-shop\/reines-neemoel\/","og_locale":"de_DE","og_type":"article","og_title":"Erleben Sie die Biochemische Fabrik: Reines Neem\u00f6l f\u00fcr nat\u00fcrliche L\u00f6sungen","og_description":"Entdecken Sie die reinste Form des Neem\u00f6ls, kaltgepresst aus sorgf\u00e4ltig ausgew\u00e4hlten Neemsamen. Erleben Sie die biologische G\u00fcte wie nie zuvor. Holen Sie es sich jetzt!","og_url":"https:\/\/shop.natureneem.com\/de\/e-shop\/reines-neemoel\/","og_site_name":"NatureNeem e-Shop","article_publisher":"https:\/\/www.facebook.com\/natureneemindia\/","article_modified_time":"2026-03-11T09:02:22+00:00","og_image":[{"width":1000,"height":1000,"url":"https:\/\/shop.natureneem.com\/wp-content\/uploads\/2019\/07\/nn_pureneemoil_01-1.jpg","type":"image\/jpeg"}],"twitter_card":"summary_large_image","twitter_title":"Reines Neem\u00f6l: Kaltgepresst f\u00fcr h\u00f6chste Qualit\u00e4t und Reinheit","twitter_description":"Erleben Sie die Kraft des reinen Neem\u00f6ls, kaltgepresst aus den besten Neemsamen. Aus kontrolliert biologischem Anbau, ohne Zusatzstoffe oder Emulgatoren. Sichern Sie sich noch heute Ihr \u00d6l und genie\u00dfen Sie seine zahlreichen Vorteile!","twitter_site":"@natureneem","twitter_misc":{"Verf\u00fcgbarkeit":"Auf Lager"},"schema":{"@context":"https:\/\/schema.org","@graph":[{"@type":"WebPage","@id":"https:\/\/shop.natureneem.com\/de\/e-shop\/reines-neemoel\/","url":"https:\/\/shop.natureneem.com\/de\/e-shop\/reines-neemoel\/","name":"Reines Neem\u00f6l aus kontrolliert biologischem Anbau: Ohne Zusatzstoffe oder Stabilisatoren \ud83d\udfe1 NatureNeem e-Shop","isPartOf":{"@id":"https:\/\/shop.natureneem.com\/de\/#website"},"primaryImageOfPage":{"@id":"https:\/\/shop.natureneem.com\/de\/e-shop\/reines-neemoel\/#primaryimage"},"image":{"@id":"https:\/\/shop.natureneem.com\/de\/e-shop\/reines-neemoel\/#primaryimage"},"thumbnailUrl":"https:\/\/shop.natureneem.com\/wp-content\/uploads\/2019\/07\/nn_pureneemoil_01-1.jpg","datePublished":"2019-07-06T16:49:41+00:00","dateModified":"2026-03-11T09:02:22+00:00","description":"Erleben Sie die Kraft des reinen Neem\u00f6ls, das aus den hochwertigsten Neemsamen gewonnen wird. 100% biologisch und frei von Zusatzstoffen. Holen Sie sich Ihr \u00d6l jetzt!","breadcrumb":{"@id":"https:\/\/shop.natureneem.com\/de\/e-shop\/reines-neemoel\/#breadcrumb"},"inLanguage":"de","potentialAction":[{"@type":"ReadAction","target":["https:\/\/shop.natureneem.com\/de\/e-shop\/reines-neemoel\/"]}]},{"@type":"ImageObject","inLanguage":"de","@id":"https:\/\/shop.natureneem.com\/de\/e-shop\/reines-neemoel\/#primaryimage","url":"https:\/\/shop.natureneem.com\/wp-content\/uploads\/2019\/07\/nn_pureneemoil_01-1.jpg","contentUrl":"https:\/\/shop.natureneem.com\/wp-content\/uploads\/2019\/07\/nn_pureneemoil_01-1.jpg","width":1000,"height":1000,"caption":"Reines Neem\u00f6l von Nature Neem"},{"@type":"BreadcrumbList","@id":"https:\/\/shop.natureneem.com\/de\/e-shop\/reines-neemoel\/#breadcrumb","itemListElement":[{"@type":"ListItem","position":1,"name":"Home","item":"https:\/\/shop.natureneem.com\/de\/startseite\/"},{"@type":"ListItem","position":2,"name":"e-Shop","item":"https:\/\/shop.natureneem.com\/de\/e-shop\/"},{"@type":"ListItem","position":3,"name":"Reines Neem\u00f6l"}]},{"@type":"WebSite","@id":"https:\/\/shop.natureneem.com\/de\/#website","url":"https:\/\/shop.natureneem.com\/de\/","name":"NatureNeem e-Shop","description":"Official Shop from Nature Neem","publisher":{"@id":"https:\/\/shop.natureneem.com\/de\/#organization"},"alternateName":"Nature Neem","potentialAction":[{"@type":"SearchAction","target":{"@type":"EntryPoint","urlTemplate":"https:\/\/shop.natureneem.com\/de\/?s={search_term_string}"},"query-input":{"@type":"PropertyValueSpecification","valueRequired":true,"valueName":"search_term_string"}}],"inLanguage":"de"},{"@type":"Organization","@id":"https:\/\/shop.natureneem.com\/de\/#organization","name":"Nature Neem","alternateName":"Lorsun SAS","url":"https:\/\/shop.natureneem.com\/de\/","logo":{"@type":"ImageObject","inLanguage":"de","@id":"https:\/\/shop.natureneem.com\/de\/#\/schema\/logo\/image\/","url":"https:\/\/shop.natureneem.com\/wp-content\/uploads\/2024\/09\/nn-logo-symbole-2024-01.svg","contentUrl":"https:\/\/shop.natureneem.com\/wp-content\/uploads\/2024\/09\/nn-logo-symbole-2024-01.svg","width":1,"height":1,"caption":"Nature Neem"},"image":{"@id":"https:\/\/shop.natureneem.com\/de\/#\/schema\/logo\/image\/"},"sameAs":["https:\/\/www.facebook.com\/natureneemindia\/","https:\/\/x.com\/natureneem","https:\/\/www.youtube.com\/user\/natureneem","https:\/\/www.linkedin.com\/company\/natureneem"],"description":"Wir besch\u00e4ftigen uns mit der Entwicklung und Vermarktung von \u00f6kologischen L\u00f6sungen. Wir erfinden weiterhin diese nat\u00fcrlichen alternativen L\u00f6sungen, die die chemisch synthetisierten Produkte, die unserer Umwelt schaden, wirksam ersetzen k\u00f6nnen. Unser Team ist besonders kompetent, wenn es darum geht, \u00f6kologische landwirtschaftliche Betriebsmittel vorzuschlagen. Wir agieren auch als eine Vereinigung von Gleichgesinnten, die glauben, dass die Natur die L\u00f6sung f\u00fcr alle Umweltprobleme der Menschen bereith\u00e4lt.   ","email":"info@natureneem.com","telephone":"+91 77084 00899","legalName":"NATURE NEEM PRODUCTS","vatID":"FR08891657884","numberOfEmployees":{"@type":"QuantitativeValue","minValue":"51","maxValue":"200"},"publishingPrinciples":"https:\/\/shop.natureneem.com\/","actionableFeedbackPolicy":"https:\/\/shop.natureneem.com\/return-and-refund-policy\/","hasMerchantReturnPolicy":{"@type":"MerchantReturnPolicy","merchantReturnLink":"https:\/\/shop.natureneem.com\/return-and-refund-policy\/"}}]},"og_availability":"instock","product_availability":"instock","product_retailer_item_id":"Pure_Neem_Oil","product_condition":"new"},"_links":{"self":[{"href":"https:\/\/shop.natureneem.com\/de\/wp-json\/wp\/v2\/product\/5606","targetHints":{"allow":["GET"]}}],"collection":[{"href":"https:\/\/shop.natureneem.com\/de\/wp-json\/wp\/v2\/product"}],"about":[{"href":"https:\/\/shop.natureneem.com\/de\/wp-json\/wp\/v2\/types\/product"}],"replies":[{"embeddable":true,"href":"https:\/\/shop.natureneem.com\/de\/wp-json\/wp\/v2\/comments?post=5606"}],"wp:featuredmedia":[{"embeddable":true,"href":"https:\/\/shop.natureneem.com\/de\/wp-json\/wp\/v2\/media\/5300"}],"wp:attachment":[{"href":"https:\/\/shop.natureneem.com\/de\/wp-json\/wp\/v2\/media?parent=5606"}],"wp:term":[{"taxonomy":"product_brand","embeddable":true,"href":"https:\/\/shop.natureneem.com\/de\/wp-json\/wp\/v2\/product_brand?post=5606"},{"taxonomy":"product_cat","embeddable":true,"href":"https:\/\/shop.natureneem.com\/de\/wp-json\/wp\/v2\/product_cat?post=5606"},{"taxonomy":"product_tag","embeddable":true,"href":"https:\/\/shop.natureneem.com\/de\/wp-json\/wp\/v2\/product_tag?post=5606"}],"curies":[{"name":"wp","href":"https:\/\/api.w.org\/{rel}","templated":true}]}}