{"id":5643,"date":"2019-07-06T19:06:49","date_gmt":"2019-07-06T17:06:49","guid":{"rendered":"https:\/\/shop.natureneem.com\/e-shop\/biocare\/"},"modified":"2026-01-21T23:08:31","modified_gmt":"2026-01-21T22:08:31","slug":"biocare","status":"publish","type":"product","link":"https:\/\/shop.natureneem.com\/de\/e-shop\/biocare\/","title":{"rendered":"BioCare"},"content":{"rendered":"<h2>Das Neem\u00f6l f\u00fcr Tiere: BioCare<\/h2>\n<p><strong>BioCare, das Neem\u00f6l f\u00fcr Tiere, ist eine Originalrezeptur von Nature Neem R&amp;D<\/strong>. Seine Inhaltsstoffe sind f\u00fcr Tiere und V\u00f6gel optimiert. Es ist wirksam bei der Bek\u00e4mpfung externer Parasiten und verschiedener Pilzkrankheiten, die Tiere und V\u00f6gel befallen.  <\/p>\n<p>BioCare ist die Wahl von Tierhaltern, die nach einer nat\u00fcrlichen Alternative zu chemischen Pestiziden suchen. BioCare geh\u00f6rt zur Kategorie der Pestizide mit mittlerem bis breitem Wirkungsspektrum. Es wirkt, indem es in mehreren Stadien des Lebenszyklus der Parasiten eingreift.  <\/p>\n<div class=\"uk-grid-match uk-child-width-expand@s\" uk-grid=\"\">\n<div>\n<div class=\"uk-card uk-card-primary uk-card-body\">\n<h3 class=\"uk-card-title\">BioCare als Fungizid und Bakterizid<\/h3>\n<p>Sie k\u00f6nnen alle Dosierungen f\u00fcr Pferde, Schweine, Kaninchen und nat\u00fcrlich f\u00fcr Ihre Hunde, Katzen und V\u00f6gel finden. Schlie\u00dflich gibt es viele Fallstudien, die belegen, dass das \u00d6l f\u00fcr Tiere die Haut von Hunden geheilt und verj\u00fcngt hat.<br \/>\nDas Neem\u00f6l f\u00fcr Tiere verursacht keine Umweltprobleme und h\u00e4lt das Agrar-\u00d6kosystem frei von Verschmutzung. <\/p>\n<\/div>\n<\/div>\n<div>\n<div class=\"uk-card uk-card-default uk-card-body uk-background-muted\">\n<p>Viele Methoden zur Ausrottung der Sch\u00e4dlinge:<\/p>\n<ul>\n<li style=\"text-align: justify;\"><strong>Sterilisiert das Fortpflanzungssystem von Insekten<\/strong> und st\u00f6rt die Fortpflanzung.<\/li>\n<li><strong>Reduziert die Eiablage von Insekten<\/strong>.<\/li>\n<li><strong>Beeintr\u00e4chtigt die<\/strong> Schl\u00fcpff\u00e4higkeit der <strong>Eier<\/strong>.<\/li>\n<li>Beeintr\u00e4chtigt <strong>die Entwicklung von Larven<\/strong>, Puppen und Nymphen.<\/li>\n<\/ul>\n<\/div>\n<\/div>\n<\/div>\n<div class=\"uk-grid-match uk-child-width-expand@s uk-text-center\" uk-grid=\"\">\n<div>\n<div class=\"uk-card uk-card-default uk-card-body\">\n<h3>Warum ist BioCare anderen \u00d6len \u00fcberlegen? Z\u00f6gern Sie nicht, zu vergleichen, Sie werden \u00fcberrascht sein! <\/h3>\n<p>Denn Azadirachtin, der Hauptinhaltsstoff, liegt bei etwa 2500 ppm (0,25 %). Typische Chargen aus bestimmten Jahreszeiten haben Rekordwerte von 3000 ppm Azadirachtin ergeben.<br \/>\n<strong>Der Azadirachtin-Gehalt von billigeren Produkten, die auf dem Markt erh\u00e4ltlich sind, liegt jedoch nicht \u00fcber 300 ppm.<\/strong><\/p>\n<h2 class=\"uk-card-title\">BioCare ist durch die Beschwerde von Ecocert nach NOP- und EU-Normen zertifiziert.<\/h2>\n<div><img loading=\"lazy\" decoding=\"async\" class=\"alignnone wp-image-391 size-medium\" title=\"BioCare-Zertifizierungen\" src=\"https:\/\/shop.natureneem.com\/wp-content\/uploads\/2023\/05\/nn_cert_facture-300x60.png\" alt=\"Die Produkte von Nature Neem sind zertifiziert durch Ecocert SA F-32600, und die Standards der Europ\u00e4ischen Kommission, National Organic Programe (NOP - USDA), Soil Association Certification.\" width=\"300\" height=\"60\"><\/div>\n<\/div>\n<\/div>\n<div>\n<div class=\"uk-card uk-card-secondary uk-card-body\">\n<h2 class=\"uk-card-title\">Wie wird dieses Produkt angewendet?<\/h2>\n<p>Vollst\u00e4ndige Beschreibung, Anwendungen, FAQ und Informationen.<\/p>\n<div><a class=\"uk-button uk-button-primary\" href=\"https:\/\/natureneem.com\/en\/products\/biocare\" target=\"_blank\" rel=\"noopener noreferrer\">HIER KLICKEN<\/a><\/div>\n<\/div>\n<\/div>\n<\/div>\n<h3>Das wasserl\u00f6sliche Neem\u00f6l f\u00fcr Tiere ist in einem Wort BioCare. Sie m\u00fcssen bedenken, dass es so einfach zu verwenden ist, in erster Linie f\u00fcr alle Ihre Haustiere, S\u00e4ugetiere, Pferde, &#8230;<br \/>\nAlle Produkte von Nature Neem India sind voll bio. Versuchen Sie <a href=\"https:\/\/shop.natureneem.com\/de\/e-shop\/nutraza\/\">NutrAza<\/a>, um die Vorteile des Neem-D\u00fcngers zu vervollst\u00e4ndigen und <a href=\"https:\/\/shop.natureneem.com\/de\/e-shop\/totalcare\/\">TotalCare<\/a> f\u00fcr Ihre Pflanzen.  <\/h3>\n","protected":false},"excerpt":{"rendered":"<h3 class=\"ai-optimize-19\">Wasserl\u00f6sliches Neem\u00f6l f\u00fcr die Hautpflege von Tieren<\/h3>\n<p class=\"ai-optimize-20\">Nat\u00fcrliches biozertifiziertes Qualit\u00e4tsprodukt seit 1990 von Nature Neem India. Wirksames biologisches Pestizid, Fungizid und Bakterizid. Ungiftig f\u00fcr Menschen, Tiere, V\u00f6gel &#8230;  <\/p>\n","protected":false},"featured_media":11984,"comment_status":"open","ping_status":"closed","template":"","meta":[],"product_brand":[],"product_cat":[158],"product_tag":[],"class_list":{"0":"post-5643","1":"product","2":"type-product","3":"status-publish","4":"has-post-thumbnail","6":"product_cat-neem-produkte","7":"pa_packing-1l-de","8":"pa_packing-20l-de","9":"pa_packing-250ml-de","10":"pa_packing-5l-de","11":"pa_packing-500ml-de","13":"first","14":"instock","15":"shipping-taxable","16":"purchasable","17":"product-type-variable","18":"has-default-attributes"},"yoast_head":"<!-- This site is optimized with the Yoast SEO Premium plugin v27.1 (Yoast SEO v27.2) - https:\/\/yoast.com\/product\/yoast-seo-premium-wordpress\/ -->\n<title>BioCare Neem\u00f6l f\u00fcr Tiere: Nat\u00fcrliche Alternative zu Pestiziden.<\/title>\n<meta name=\"description\" content=\"Verabschieden Sie sich von chemischen Pestiziden! Das Neem\u00f6l von BioCare f\u00fcr Haustiere wirkt auf nat\u00fcrliche Weise gegen Parasiten und Pilzerkrankungen. \ud83d\udc36 \ud83d\udc34 \ud83d\udc2e. Kein Stress f\u00fcr Ihre Haustiere.\" \/>\n<meta name=\"robots\" content=\"index, follow, max-snippet:-1, max-image-preview:large, max-video-preview:-1\" \/>\n<link rel=\"canonical\" href=\"https:\/\/shop.natureneem.com\/de\/e-shop\/biocare\/\" \/>\n<meta property=\"og:locale\" content=\"de_DE\" \/>\n<meta property=\"og:type\" content=\"article\" \/>\n<meta property=\"og:title\" content=\"BioCare: Neem\u00f6l f\u00fcr Tiere - sichere und nat\u00fcrliche L\u00f6sung\" \/>\n<meta property=\"og:description\" content=\"Sie suchen nach einer nat\u00fcrlichen Alternative zu chemischen Pestiziden? BioCare, das Neem\u00f6l f\u00fcr Tiere, ist die perfekte Wahl f\u00fcr verantwortungsbewusste Tierhalter. \ud83c\udf3f\" \/>\n<meta property=\"og:url\" content=\"https:\/\/shop.natureneem.com\/de\/e-shop\/biocare\/\" \/>\n<meta property=\"og:site_name\" content=\"NatureNeem e-Shop\" \/>\n<meta property=\"article:publisher\" content=\"https:\/\/www.facebook.com\/natureneemindia\/\" \/>\n<meta property=\"article:modified_time\" content=\"2026-01-21T22:08:31+00:00\" \/>\n<meta property=\"og:image\" content=\"https:\/\/shop.natureneem.com\/wp-content\/uploads\/2019\/07\/NN-BIOCARE-2025_GROUP_01.jpg\" \/>\n\t<meta property=\"og:image:width\" content=\"800\" \/>\n\t<meta property=\"og:image:height\" content=\"800\" \/>\n\t<meta property=\"og:image:type\" content=\"image\/jpeg\" \/>\n<meta name=\"twitter:card\" content=\"summary_large_image\" \/>\n<meta name=\"twitter:title\" content=\"Neem\u00f6l f\u00fcr Tiere: Nat\u00fcrliche L\u00f6sung zur Bek\u00e4mpfung von Parasiten\" \/>\n<meta name=\"twitter:description\" content=\"Verabschieden Sie sich von chemischen Pestiziden! BioCare Neem\u00f6l f\u00fcr Tiere ist eine sichere und wirksame L\u00f6sung zur Bek\u00e4mpfung von Parasiten und Pilzkrankheiten. Holen Sie es sich noch heute! \ud83d\udc3e\" \/>\n<meta name=\"twitter:site\" content=\"@natureneem\" \/>\n<meta name=\"twitter:label1\" content=\"Verf\u00fcgbarkeit\" \/>\n\t<meta name=\"twitter:data1\" content=\"Auf Lager\" \/>\n<script type=\"application\/ld+json\" class=\"yoast-schema-graph\">{\"@context\":\"https:\/\/schema.org\",\"@graph\":[{\"@type\":\"WebPage\",\"@id\":\"https:\/\/shop.natureneem.com\/de\/e-shop\/biocare\/\",\"url\":\"https:\/\/shop.natureneem.com\/de\/e-shop\/biocare\/\",\"name\":\"BioCare Neem\u00f6l f\u00fcr Tiere: Nat\u00fcrliche Alternative zu Pestiziden.\",\"isPartOf\":{\"@id\":\"https:\/\/shop.natureneem.com\/de\/#website\"},\"primaryImageOfPage\":{\"@id\":\"https:\/\/shop.natureneem.com\/de\/e-shop\/biocare\/#primaryimage\"},\"image\":{\"@id\":\"https:\/\/shop.natureneem.com\/de\/e-shop\/biocare\/#primaryimage\"},\"thumbnailUrl\":\"https:\/\/shop.natureneem.com\/wp-content\/uploads\/2019\/07\/NN-BIOCARE-2025_GROUP_01.jpg\",\"datePublished\":\"2019-07-06T17:06:49+00:00\",\"dateModified\":\"2026-01-21T22:08:31+00:00\",\"description\":\"Verabschieden Sie sich von chemischen Pestiziden! Das Neem\u00f6l von BioCare f\u00fcr Haustiere wirkt auf nat\u00fcrliche Weise gegen Parasiten und Pilzerkrankungen. \ud83d\udc36 \ud83d\udc34 \ud83d\udc2e. Kein Stress f\u00fcr Ihre Haustiere.\",\"breadcrumb\":{\"@id\":\"https:\/\/shop.natureneem.com\/de\/e-shop\/biocare\/#breadcrumb\"},\"inLanguage\":\"de\",\"potentialAction\":[{\"@type\":\"ReadAction\",\"target\":[\"https:\/\/shop.natureneem.com\/de\/e-shop\/biocare\/\"]}]},{\"@type\":\"ImageObject\",\"inLanguage\":\"de\",\"@id\":\"https:\/\/shop.natureneem.com\/de\/e-shop\/biocare\/#primaryimage\",\"url\":\"https:\/\/shop.natureneem.com\/wp-content\/uploads\/2019\/07\/NN-BIOCARE-2025_GROUP_01.jpg\",\"contentUrl\":\"https:\/\/shop.natureneem.com\/wp-content\/uploads\/2019\/07\/NN-BIOCARE-2025_GROUP_01.jpg\",\"width\":800,\"height\":800,\"caption\":\"BioCare von Natur Neem\"},{\"@type\":\"BreadcrumbList\",\"@id\":\"https:\/\/shop.natureneem.com\/de\/e-shop\/biocare\/#breadcrumb\",\"itemListElement\":[{\"@type\":\"ListItem\",\"position\":1,\"name\":\"Home\",\"item\":\"https:\/\/shop.natureneem.com\/de\/startseite\/\"},{\"@type\":\"ListItem\",\"position\":2,\"name\":\"e-Shop\",\"item\":\"https:\/\/shop.natureneem.com\/de\/e-shop\/\"},{\"@type\":\"ListItem\",\"position\":3,\"name\":\"BioCare\"}]},{\"@type\":\"WebSite\",\"@id\":\"https:\/\/shop.natureneem.com\/de\/#website\",\"url\":\"https:\/\/shop.natureneem.com\/de\/\",\"name\":\"NatureNeem e-Shop\",\"description\":\"Official Shop from Nature Neem\",\"publisher\":{\"@id\":\"https:\/\/shop.natureneem.com\/de\/#organization\"},\"alternateName\":\"Nature Neem\",\"potentialAction\":[{\"@type\":\"SearchAction\",\"target\":{\"@type\":\"EntryPoint\",\"urlTemplate\":\"https:\/\/shop.natureneem.com\/de\/?s={search_term_string}\"},\"query-input\":{\"@type\":\"PropertyValueSpecification\",\"valueRequired\":true,\"valueName\":\"search_term_string\"}}],\"inLanguage\":\"de\"},{\"@type\":\"Organization\",\"@id\":\"https:\/\/shop.natureneem.com\/de\/#organization\",\"name\":\"Nature Neem\",\"alternateName\":\"Lorsun SAS\",\"url\":\"https:\/\/shop.natureneem.com\/de\/\",\"logo\":{\"@type\":\"ImageObject\",\"inLanguage\":\"de\",\"@id\":\"https:\/\/shop.natureneem.com\/de\/#\/schema\/logo\/image\/\",\"url\":\"https:\/\/shop.natureneem.com\/wp-content\/uploads\/2024\/09\/nn-logo-symbole-2024-01.svg\",\"contentUrl\":\"https:\/\/shop.natureneem.com\/wp-content\/uploads\/2024\/09\/nn-logo-symbole-2024-01.svg\",\"width\":1,\"height\":1,\"caption\":\"Nature Neem\"},\"image\":{\"@id\":\"https:\/\/shop.natureneem.com\/de\/#\/schema\/logo\/image\/\"},\"sameAs\":[\"https:\/\/www.facebook.com\/natureneemindia\/\",\"https:\/\/x.com\/natureneem\",\"https:\/\/www.youtube.com\/user\/natureneem\",\"https:\/\/www.linkedin.com\/company\/natureneem\"],\"description\":\"Wir besch\u00e4ftigen uns mit der Entwicklung und Vermarktung von \u00f6kologischen L\u00f6sungen. Wir erfinden weiterhin diese nat\u00fcrlichen alternativen L\u00f6sungen, die die chemisch synthetisierten Produkte, die unserer Umwelt schaden, wirksam ersetzen k\u00f6nnen. Unser Team ist besonders kompetent, wenn es darum geht, \u00f6kologische landwirtschaftliche Betriebsmittel vorzuschlagen. Wir agieren auch als eine Vereinigung von Gleichgesinnten, die glauben, dass die Natur die L\u00f6sung f\u00fcr alle Umweltprobleme der Menschen bereith\u00e4lt.   \",\"email\":\"info@natureneem.com\",\"telephone\":\"+91 77084 00899\",\"legalName\":\"NATURE NEEM PRODUCTS\",\"vatID\":\"FR08891657884\",\"numberOfEmployees\":{\"@type\":\"QuantitativeValue\",\"minValue\":\"51\",\"maxValue\":\"200\"},\"publishingPrinciples\":\"https:\/\/shop.natureneem.com\/\",\"actionableFeedbackPolicy\":\"https:\/\/shop.natureneem.com\/return-and-refund-policy\/\",\"hasMerchantReturnPolicy\":{\"@type\":\"MerchantReturnPolicy\",\"merchantReturnLink\":\"https:\/\/shop.natureneem.com\/return-and-refund-policy\/\"}}]}<\/script>\n<meta property=\"og:availability\" content=\"instock\" \/>\n<meta property=\"product:availability\" content=\"instock\" \/>\n<meta property=\"product:retailer_item_id\" content=\"BioCare\" \/>\n<meta property=\"product:condition\" content=\"new\" \/>\n<!-- \/ Yoast SEO Premium plugin. -->","yoast_head_json":{"title":"BioCare Neem\u00f6l f\u00fcr Tiere: Nat\u00fcrliche Alternative zu Pestiziden.","description":"Verabschieden Sie sich von chemischen Pestiziden! Das Neem\u00f6l von BioCare f\u00fcr Haustiere wirkt auf nat\u00fcrliche Weise gegen Parasiten und Pilzerkrankungen. \ud83d\udc36 \ud83d\udc34 \ud83d\udc2e. Kein Stress f\u00fcr Ihre Haustiere.","robots":{"index":"index","follow":"follow","max-snippet":"max-snippet:-1","max-image-preview":"max-image-preview:large","max-video-preview":"max-video-preview:-1"},"canonical":"https:\/\/shop.natureneem.com\/de\/e-shop\/biocare\/","og_locale":"de_DE","og_type":"article","og_title":"BioCare: Neem\u00f6l f\u00fcr Tiere - sichere und nat\u00fcrliche L\u00f6sung","og_description":"Sie suchen nach einer nat\u00fcrlichen Alternative zu chemischen Pestiziden? BioCare, das Neem\u00f6l f\u00fcr Tiere, ist die perfekte Wahl f\u00fcr verantwortungsbewusste Tierhalter. \ud83c\udf3f","og_url":"https:\/\/shop.natureneem.com\/de\/e-shop\/biocare\/","og_site_name":"NatureNeem e-Shop","article_publisher":"https:\/\/www.facebook.com\/natureneemindia\/","article_modified_time":"2026-01-21T22:08:31+00:00","og_image":[{"width":800,"height":800,"url":"https:\/\/shop.natureneem.com\/wp-content\/uploads\/2019\/07\/NN-BIOCARE-2025_GROUP_01.jpg","type":"image\/jpeg"}],"twitter_card":"summary_large_image","twitter_title":"Neem\u00f6l f\u00fcr Tiere: Nat\u00fcrliche L\u00f6sung zur Bek\u00e4mpfung von Parasiten","twitter_description":"Verabschieden Sie sich von chemischen Pestiziden! BioCare Neem\u00f6l f\u00fcr Tiere ist eine sichere und wirksame L\u00f6sung zur Bek\u00e4mpfung von Parasiten und Pilzkrankheiten. Holen Sie es sich noch heute! \ud83d\udc3e","twitter_site":"@natureneem","twitter_misc":{"Verf\u00fcgbarkeit":"Auf Lager"},"schema":{"@context":"https:\/\/schema.org","@graph":[{"@type":"WebPage","@id":"https:\/\/shop.natureneem.com\/de\/e-shop\/biocare\/","url":"https:\/\/shop.natureneem.com\/de\/e-shop\/biocare\/","name":"BioCare Neem\u00f6l f\u00fcr Tiere: Nat\u00fcrliche Alternative zu Pestiziden.","isPartOf":{"@id":"https:\/\/shop.natureneem.com\/de\/#website"},"primaryImageOfPage":{"@id":"https:\/\/shop.natureneem.com\/de\/e-shop\/biocare\/#primaryimage"},"image":{"@id":"https:\/\/shop.natureneem.com\/de\/e-shop\/biocare\/#primaryimage"},"thumbnailUrl":"https:\/\/shop.natureneem.com\/wp-content\/uploads\/2019\/07\/NN-BIOCARE-2025_GROUP_01.jpg","datePublished":"2019-07-06T17:06:49+00:00","dateModified":"2026-01-21T22:08:31+00:00","description":"Verabschieden Sie sich von chemischen Pestiziden! Das Neem\u00f6l von BioCare f\u00fcr Haustiere wirkt auf nat\u00fcrliche Weise gegen Parasiten und Pilzerkrankungen. \ud83d\udc36 \ud83d\udc34 \ud83d\udc2e. Kein Stress f\u00fcr Ihre Haustiere.","breadcrumb":{"@id":"https:\/\/shop.natureneem.com\/de\/e-shop\/biocare\/#breadcrumb"},"inLanguage":"de","potentialAction":[{"@type":"ReadAction","target":["https:\/\/shop.natureneem.com\/de\/e-shop\/biocare\/"]}]},{"@type":"ImageObject","inLanguage":"de","@id":"https:\/\/shop.natureneem.com\/de\/e-shop\/biocare\/#primaryimage","url":"https:\/\/shop.natureneem.com\/wp-content\/uploads\/2019\/07\/NN-BIOCARE-2025_GROUP_01.jpg","contentUrl":"https:\/\/shop.natureneem.com\/wp-content\/uploads\/2019\/07\/NN-BIOCARE-2025_GROUP_01.jpg","width":800,"height":800,"caption":"BioCare von Natur Neem"},{"@type":"BreadcrumbList","@id":"https:\/\/shop.natureneem.com\/de\/e-shop\/biocare\/#breadcrumb","itemListElement":[{"@type":"ListItem","position":1,"name":"Home","item":"https:\/\/shop.natureneem.com\/de\/startseite\/"},{"@type":"ListItem","position":2,"name":"e-Shop","item":"https:\/\/shop.natureneem.com\/de\/e-shop\/"},{"@type":"ListItem","position":3,"name":"BioCare"}]},{"@type":"WebSite","@id":"https:\/\/shop.natureneem.com\/de\/#website","url":"https:\/\/shop.natureneem.com\/de\/","name":"NatureNeem e-Shop","description":"Official Shop from Nature Neem","publisher":{"@id":"https:\/\/shop.natureneem.com\/de\/#organization"},"alternateName":"Nature Neem","potentialAction":[{"@type":"SearchAction","target":{"@type":"EntryPoint","urlTemplate":"https:\/\/shop.natureneem.com\/de\/?s={search_term_string}"},"query-input":{"@type":"PropertyValueSpecification","valueRequired":true,"valueName":"search_term_string"}}],"inLanguage":"de"},{"@type":"Organization","@id":"https:\/\/shop.natureneem.com\/de\/#organization","name":"Nature Neem","alternateName":"Lorsun SAS","url":"https:\/\/shop.natureneem.com\/de\/","logo":{"@type":"ImageObject","inLanguage":"de","@id":"https:\/\/shop.natureneem.com\/de\/#\/schema\/logo\/image\/","url":"https:\/\/shop.natureneem.com\/wp-content\/uploads\/2024\/09\/nn-logo-symbole-2024-01.svg","contentUrl":"https:\/\/shop.natureneem.com\/wp-content\/uploads\/2024\/09\/nn-logo-symbole-2024-01.svg","width":1,"height":1,"caption":"Nature Neem"},"image":{"@id":"https:\/\/shop.natureneem.com\/de\/#\/schema\/logo\/image\/"},"sameAs":["https:\/\/www.facebook.com\/natureneemindia\/","https:\/\/x.com\/natureneem","https:\/\/www.youtube.com\/user\/natureneem","https:\/\/www.linkedin.com\/company\/natureneem"],"description":"Wir besch\u00e4ftigen uns mit der Entwicklung und Vermarktung von \u00f6kologischen L\u00f6sungen. Wir erfinden weiterhin diese nat\u00fcrlichen alternativen L\u00f6sungen, die die chemisch synthetisierten Produkte, die unserer Umwelt schaden, wirksam ersetzen k\u00f6nnen. Unser Team ist besonders kompetent, wenn es darum geht, \u00f6kologische landwirtschaftliche Betriebsmittel vorzuschlagen. Wir agieren auch als eine Vereinigung von Gleichgesinnten, die glauben, dass die Natur die L\u00f6sung f\u00fcr alle Umweltprobleme der Menschen bereith\u00e4lt.   ","email":"info@natureneem.com","telephone":"+91 77084 00899","legalName":"NATURE NEEM PRODUCTS","vatID":"FR08891657884","numberOfEmployees":{"@type":"QuantitativeValue","minValue":"51","maxValue":"200"},"publishingPrinciples":"https:\/\/shop.natureneem.com\/","actionableFeedbackPolicy":"https:\/\/shop.natureneem.com\/return-and-refund-policy\/","hasMerchantReturnPolicy":{"@type":"MerchantReturnPolicy","merchantReturnLink":"https:\/\/shop.natureneem.com\/return-and-refund-policy\/"}}]},"og_availability":"instock","product_availability":"instock","product_retailer_item_id":"BioCare","product_condition":"new"},"_links":{"self":[{"href":"https:\/\/shop.natureneem.com\/de\/wp-json\/wp\/v2\/product\/5643","targetHints":{"allow":["GET"]}}],"collection":[{"href":"https:\/\/shop.natureneem.com\/de\/wp-json\/wp\/v2\/product"}],"about":[{"href":"https:\/\/shop.natureneem.com\/de\/wp-json\/wp\/v2\/types\/product"}],"replies":[{"embeddable":true,"href":"https:\/\/shop.natureneem.com\/de\/wp-json\/wp\/v2\/comments?post=5643"}],"wp:featuredmedia":[{"embeddable":true,"href":"https:\/\/shop.natureneem.com\/de\/wp-json\/wp\/v2\/media\/11984"}],"wp:attachment":[{"href":"https:\/\/shop.natureneem.com\/de\/wp-json\/wp\/v2\/media?parent=5643"}],"wp:term":[{"taxonomy":"product_brand","embeddable":true,"href":"https:\/\/shop.natureneem.com\/de\/wp-json\/wp\/v2\/product_brand?post=5643"},{"taxonomy":"product_cat","embeddable":true,"href":"https:\/\/shop.natureneem.com\/de\/wp-json\/wp\/v2\/product_cat?post=5643"},{"taxonomy":"product_tag","embeddable":true,"href":"https:\/\/shop.natureneem.com\/de\/wp-json\/wp\/v2\/product_tag?post=5643"}],"curies":[{"name":"wp","href":"https:\/\/api.w.org\/{rel}","templated":true}]}}