{"id":5894,"date":"2024-09-16T16:00:43","date_gmt":"2024-09-16T14:00:43","guid":{"rendered":"https:\/\/shop.natureneem.com\/politica-de-devoluciones-y-reembolsos\/"},"modified":"2024-10-07T14:40:58","modified_gmt":"2024-10-07T12:40:58","slug":"politica-de-devoluciones-y-reembolsos","status":"publish","type":"page","link":"https:\/\/shop.natureneem.com\/es\/politica-de-devoluciones-y-reembolsos\/","title":{"rendered":"Pol\u00edtica de devoluciones y reembolsos"},"content":{"rendered":"<h3>Gracias por comprar en Nature Neem e-Shop.<\/h3>\n<div>\n<p style=\"padding-left: 40px;\">Si, por cualquier motivo, no est\u00e1s completamente satisfecho con una compra, te invitamos a revisar nuestra pol\u00edtica de reembolsos y devoluciones.<\/p>\n<p style=\"padding-left: 40px;\">Las siguientes condiciones son aplicables a cualquier producto que Nos hayas comprado.<\/p>\n<h2>Interpretaci\u00f3n y definiciones<\/h2>\n<h3 style=\"padding-left: 40px;\">Interpretaci\u00f3n<\/h3>\n<p style=\"padding-left: 80px;\">Las palabras cuya letra inicial va en may\u00fascula tienen significados definidos en las siguientes condiciones.<br \/>\nLas siguientes definiciones tendr\u00e1n el mismo significado independientemente de que aparezcan en singular o en plural. <\/p>\n<h3 style=\"padding-left: 40px;\">Definiciones<\/h3>\n<p style=\"padding-left: 80px;\">A efectos de esta Pol\u00edtica de devoluciones y reembolsos:<\/p>\n<ul>\n<li style=\"list-style-type: none;\">\n<ul>\n<li style=\"list-style-type: none;\">\n<ul>\n<li>La Empresa (denominada &#8220;la Empresa&#8221;, &#8220;Nosotros&#8221;, &#8220;Nos&#8221; o &#8220;Nuestro&#8221; en este Acuerdo) se refiere a Nature Neem, 58-A, Bajanai Madam Street Namakkal 637 001.<\/li>\n<li>Las Mercanc\u00edas se refieren a los art\u00edculos ofrecidos a la venta en el Servicio.<\/li>\n<li>Pedidos significa una solicitud por Tu parte para comprarnos Productos.<\/li>\n<li>Servicio se refiere al Sitio Web.<\/li>\n<li>El sitio web remite a la tienda electr\u00f3nica Nature Neem, accesible desde https:\/\/shop.natureneem.com\/<\/li>\n<li>T\u00fa significa el individuo que accede o utiliza el Servicio, o la empresa, u otra entidad legal en nombre de la cual dicho individuo accede o utiliza el Servicio, seg\u00fan corresponda.<\/li>\n<\/ul>\n<\/li>\n<\/ul>\n<\/li>\n<\/ul>\n<h3 style=\"padding-left: 40px;\">Tus derechos de cancelaci\u00f3n de pedidos<\/h3>\n<p style=\"padding-left: 80px;\">Tienes derecho a anular Tu Pedido en un plazo de 7 d\u00edas sin necesidad de justificarlo.<\/p>\n<p style=\"padding-left: 120px;\">El plazo para cancelar un Pedido es de 7 d\u00edas a partir de la fecha en la que recibiste los Productos o en la que un tercero que hayas designado, que no sea el transportista, tome posesi\u00f3n del producto entregado.<\/p>\n<p style=\"padding-left: 120px;\">Para ejercer Tu derecho de cancelaci\u00f3n, debes informarnos de tu decisi\u00f3n mediante una declaraci\u00f3n clara.<br \/>\nPuedes informarnos de tu decisi\u00f3n mediante: <\/p>\n<p style=\"padding-left: 120px;\">Por correo electr\u00f3nico: <strong>info@natureneem.com<\/strong><\/p>\n<p style=\"padding-left: 120px;\">Te reembolsaremos el importe en un plazo m\u00e1ximo de 14 d\u00edas a partir del d\u00eda en que recibamos los Productos devueltos.<br \/>\nUtilizaremos el mismo medio de pago que utilizaste para el Pedido, y no incurrir\u00e1s en ning\u00fan gasto por dicho reembolso. <\/p>\n<h3 style=\"padding-left: 40px;\">Condiciones de devoluci\u00f3n<\/h3>\n<p style=\"padding-left: 80px;\">Para que la Mercanc\u00eda pueda ser objeto de devoluci\u00f3n, aseg\u00farate de que:<\/p>\n<ul>\n<li style=\"list-style-type: none;\">\n<ul>\n<li style=\"list-style-type: none;\">\n<ul>\n<li>La mercanc\u00eda se compr\u00f3 en los \u00faltimos 7 d\u00edas<\/li>\n<li>Los Productos est\u00e1n en su embalaje original<\/li>\n<li>Los siguientes Productos no pueden devolverse:\n<ul>\n<li>El suministro de Productos fabricados seg\u00fan Tus especificaciones o claramente personalizados.<\/li>\n<li>El suministro de Bienes que por su naturaleza no sean aptos para ser devueltos, se deterioren r\u00e1pidamente o cuya fecha de caducidad haya vencido.<\/li>\n<li>El suministro de Bienes que no sean aptos para ser devueltos por razones de protecci\u00f3n de la salud o de higiene y que hayan sido desprecintados tras la entrega.<\/li>\n<li>El suministro de Bienes que, despu\u00e9s de la entrega, seg\u00fan su naturaleza, est\u00e1n inseparablemente mezclados con otros art\u00edculos.<\/li>\n<\/ul>\n<\/li>\n<\/ul>\n<\/li>\n<\/ul>\n<\/li>\n<\/ul>\n<p style=\"padding-left: 80px;\">Nos reservamos el derecho a rechazar las devoluciones de cualquier mercanc\u00eda que no cumpla las condiciones de devoluci\u00f3n anteriores a nuestra entera discreci\u00f3n.<\/p>\n<p style=\"padding-left: 80px;\">S\u00f3lo pueden reembolsarse los Productos con precio normal. Lamentablemente, los Productos en oferta no pueden ser reembolsados. Esta exclusi\u00f3n puede no aplicarse en tu caso si no est\u00e1 permitida por la legislaci\u00f3n aplicable.  <\/p>\n<h3 style=\"padding-left: 40px;\">Devoluci\u00f3n de mercanc\u00edas<\/h3>\n<p style=\"padding-left: 80px;\">Eres responsable del coste y el riesgo de devolvernos los Productos.<br \/>\nDebes enviar los Productos a la siguiente direcci\u00f3n: <\/p>\n<ul>\n<li style=\"list-style-type: none;\">\n<ul>\n<li style=\"list-style-type: none;\">\n<ul>\n<li>Nature Neem<br \/>\n58-A, Bajanai Madam Street<br \/>\nNamakkal 637 001<br \/>\nTamil Nadu, India<\/li>\n<\/ul>\n<\/li>\n<\/ul>\n<\/li>\n<\/ul>\n<p style=\"padding-left: 120px;\">No nos hacemos responsables de los Productos da\u00f1ados o perdidos en el env\u00edo de devoluci\u00f3n.<br \/>\nPor lo tanto, recomendamos un servicio de correo asegurado y con seguimiento. No podemos emitir un reembolso sin la recepci\u00f3n real de los Productos o una prueba de la recepci\u00f3n de la devoluci\u00f3n. <\/p>\n<h3 style=\"padding-left: 40px;\">Regalos y productos gratuitos<\/h3>\n<p style=\"padding-left: 80px;\">Si los Productos se marcaron como regalo al comprarlos y luego se te enviaron directamente, recibir\u00e1s un cr\u00e9dito de regalo por el valor de tu devoluci\u00f3n.<br \/>\nUna vez recibido el producto devuelto, se te enviar\u00e1 por correo un vale de regalo. <\/p>\n<p style=\"padding-left: 80px;\">Si los Productos no estaban marcados como regalo en el momento de la compra, o si la persona que hizo el regalo se envi\u00f3 a s\u00ed misma el Pedido para d\u00e1rtelo m\u00e1s tarde, enviaremos el reembolso a la persona que hizo el regalo.<\/p>\n<h3 style=\"padding-left: 40px;\">Contacta con nosotros<\/h3>\n<p style=\"padding-left: 80px;\">Si tienes alguna pregunta sobre nuestra Pol\u00edtica de devoluciones y reembolsos, ponte en contacto con nosotros:<\/p>\n<p style=\"padding-left: 80px;\">Por correo electr\u00f3nico: <strong>info@natureneem.com<\/strong><\/p>\n<\/div>\n<p style=\"padding-left: 40px; text-align: right;\">Fecha de entrada en vigor: <strong>5 de mayo de 2023<\/strong><\/p>\n","protected":false},"excerpt":{"rendered":"<p>Gracias por comprar en Nature Neem e-Shop. Si, por cualquier motivo, no est\u00e1s completamente satisfecho con una compra, te invitamos a revisar nuestra pol\u00edtica de reembolsos y devoluciones. Las siguientes condiciones son aplicables a cualquier producto que Nos hayas comprado. Interpretaci\u00f3n y definiciones Interpretaci\u00f3n Las palabras cuya letra inicial va en may\u00fascula tienen significados definidos [&hellip;]<\/p>\n","protected":false},"author":3,"featured_media":0,"parent":0,"menu_order":0,"comment_status":"closed","ping_status":"closed","template":"","meta":{"footnotes":""},"class_list":["post-5894","page","type-page","status-publish","hentry"],"yoast_head":"<!-- This site is optimized with the Yoast SEO Premium plugin v27.1 (Yoast SEO v27.2) - https:\/\/yoast.com\/product\/yoast-seo-premium-wordpress\/ -->\n<title>Pol\u00edtica de devoluciones y reembolsos - NatureNeem e-Shop<\/title>\n<meta name=\"robots\" content=\"index, follow, max-snippet:-1, max-image-preview:large, max-video-preview:-1\" \/>\n<link rel=\"canonical\" href=\"https:\/\/shop.natureneem.com\/es\/politica-de-devoluciones-y-reembolsos\/\" \/>\n<meta property=\"og:locale\" content=\"es_ES\" \/>\n<meta property=\"og:type\" content=\"article\" \/>\n<meta property=\"og:title\" content=\"Pol\u00edtica de devoluciones y reembolsos\" \/>\n<meta property=\"og:description\" content=\"Gracias por comprar en Nature Neem e-Shop. Si, por cualquier motivo, no est\u00e1s completamente satisfecho con una compra, te invitamos a revisar nuestra pol\u00edtica de reembolsos y devoluciones. Las siguientes condiciones son aplicables a cualquier producto que Nos hayas comprado. Interpretaci\u00f3n y definiciones Interpretaci\u00f3n Las palabras cuya letra inicial va en may\u00fascula tienen significados definidos [&hellip;]\" \/>\n<meta property=\"og:url\" content=\"https:\/\/shop.natureneem.com\/es\/politica-de-devoluciones-y-reembolsos\/\" \/>\n<meta property=\"og:site_name\" content=\"NatureNeem e-Shop\" \/>\n<meta property=\"article:publisher\" content=\"https:\/\/www.facebook.com\/natureneemindia\/\" \/>\n<meta property=\"article:modified_time\" content=\"2024-10-07T12:40:58+00:00\" \/>\n<meta property=\"og:image\" content=\"https:\/\/shop.natureneem.com\/wp-content\/uploads\/2024\/09\/nn-logo-2024_social_yoast2.jpg\" \/>\n\t<meta property=\"og:image:width\" content=\"1200\" \/>\n\t<meta property=\"og:image:height\" content=\"675\" \/>\n\t<meta property=\"og:image:type\" content=\"image\/jpeg\" \/>\n<meta name=\"twitter:card\" content=\"summary_large_image\" \/>\n<meta name=\"twitter:site\" content=\"@natureneem\" \/>\n<meta name=\"twitter:label1\" content=\"Tiempo de lectura\" \/>\n\t<meta name=\"twitter:data1\" content=\"4 minutos\" \/>\n<script type=\"application\/ld+json\" class=\"yoast-schema-graph\">{\"@context\":\"https:\/\/schema.org\",\"@graph\":[{\"@type\":\"WebPage\",\"@id\":\"https:\/\/shop.natureneem.com\/es\/politica-de-devoluciones-y-reembolsos\/\",\"url\":\"https:\/\/shop.natureneem.com\/es\/politica-de-devoluciones-y-reembolsos\/\",\"name\":\"Pol\u00edtica de devoluciones y reembolsos - NatureNeem e-Shop\",\"isPartOf\":{\"@id\":\"https:\/\/shop.natureneem.com\/es\/#website\"},\"datePublished\":\"2024-09-16T14:00:43+00:00\",\"dateModified\":\"2024-10-07T12:40:58+00:00\",\"breadcrumb\":{\"@id\":\"https:\/\/shop.natureneem.com\/es\/politica-de-devoluciones-y-reembolsos\/#breadcrumb\"},\"inLanguage\":\"es\",\"potentialAction\":[{\"@type\":\"ReadAction\",\"target\":[\"https:\/\/shop.natureneem.com\/es\/politica-de-devoluciones-y-reembolsos\/\"]}]},{\"@type\":\"BreadcrumbList\",\"@id\":\"https:\/\/shop.natureneem.com\/es\/politica-de-devoluciones-y-reembolsos\/#breadcrumb\",\"itemListElement\":[{\"@type\":\"ListItem\",\"position\":1,\"name\":\"Home\",\"item\":\"https:\/\/shop.natureneem.com\/es\/inicio\/\"},{\"@type\":\"ListItem\",\"position\":2,\"name\":\"Pol\u00edtica de devoluciones y reembolsos\"}]},{\"@type\":\"WebSite\",\"@id\":\"https:\/\/shop.natureneem.com\/es\/#website\",\"url\":\"https:\/\/shop.natureneem.com\/es\/\",\"name\":\"NatureNeem e-Shop\",\"description\":\"Official Shop from Nature Neem\",\"publisher\":{\"@id\":\"https:\/\/shop.natureneem.com\/es\/#organization\"},\"alternateName\":\"Nature Neem\",\"potentialAction\":[{\"@type\":\"SearchAction\",\"target\":{\"@type\":\"EntryPoint\",\"urlTemplate\":\"https:\/\/shop.natureneem.com\/es\/?s={search_term_string}\"},\"query-input\":{\"@type\":\"PropertyValueSpecification\",\"valueRequired\":true,\"valueName\":\"search_term_string\"}}],\"inLanguage\":\"es\"},{\"@type\":\"Organization\",\"@id\":\"https:\/\/shop.natureneem.com\/es\/#organization\",\"name\":\"Nature Neem\",\"alternateName\":\"Lorsun SAS\",\"url\":\"https:\/\/shop.natureneem.com\/es\/\",\"logo\":{\"@type\":\"ImageObject\",\"inLanguage\":\"es\",\"@id\":\"https:\/\/shop.natureneem.com\/es\/#\/schema\/logo\/image\/\",\"url\":\"https:\/\/shop.natureneem.com\/wp-content\/uploads\/2024\/09\/nn-logo-symbole-2024-01.svg\",\"contentUrl\":\"https:\/\/shop.natureneem.com\/wp-content\/uploads\/2024\/09\/nn-logo-symbole-2024-01.svg\",\"width\":1,\"height\":1,\"caption\":\"Nature Neem\"},\"image\":{\"@id\":\"https:\/\/shop.natureneem.com\/es\/#\/schema\/logo\/image\/\"},\"sameAs\":[\"https:\/\/www.facebook.com\/natureneemindia\/\",\"https:\/\/x.com\/natureneem\",\"https:\/\/www.youtube.com\/user\/natureneem\",\"https:\/\/www.linkedin.com\/company\/natureneem\"],\"description\":\"Nos dedicamos al desarrollo y comercializaci\u00f3n de soluciones ecol\u00f3gicas. Seguimos inventando estas soluciones alternativas naturales que pueden sustituir eficazmente a los productos de s\u00edntesis qu\u00edmica que da\u00f1an nuestro medio ambiente. Nuestro equipo es especialmente competente en la propuesta de insumos agr\u00edcolas ecol\u00f3gicos. Tambi\u00e9n actuamos como una asociaci\u00f3n de personas con ideas afines que creen que la naturaleza sustenta la soluci\u00f3n de todos los problemas medioambientales a los que se enfrenta el ser humano.   \",\"email\":\"info@natureneem.com\",\"telephone\":\"+91 77084 00899\",\"legalName\":\"NATURE NEEM PRODUCTS\",\"vatID\":\"FR08891657884\",\"numberOfEmployees\":{\"@type\":\"QuantitativeValue\",\"minValue\":\"51\",\"maxValue\":\"200\"},\"publishingPrinciples\":\"https:\/\/shop.natureneem.com\/\",\"actionableFeedbackPolicy\":\"https:\/\/shop.natureneem.com\/return-and-refund-policy\/\",\"hasMerchantReturnPolicy\":{\"@type\":\"MerchantReturnPolicy\",\"merchantReturnLink\":\"https:\/\/shop.natureneem.com\/return-and-refund-policy\/\"}}]}<\/script>\n<!-- \/ Yoast SEO Premium plugin. -->","yoast_head_json":{"title":"Pol\u00edtica de devoluciones y reembolsos - NatureNeem e-Shop","robots":{"index":"index","follow":"follow","max-snippet":"max-snippet:-1","max-image-preview":"max-image-preview:large","max-video-preview":"max-video-preview:-1"},"canonical":"https:\/\/shop.natureneem.com\/es\/politica-de-devoluciones-y-reembolsos\/","og_locale":"es_ES","og_type":"article","og_title":"Pol\u00edtica de devoluciones y reembolsos","og_description":"Gracias por comprar en Nature Neem e-Shop. Si, por cualquier motivo, no est\u00e1s completamente satisfecho con una compra, te invitamos a revisar nuestra pol\u00edtica de reembolsos y devoluciones. Las siguientes condiciones son aplicables a cualquier producto que Nos hayas comprado. Interpretaci\u00f3n y definiciones Interpretaci\u00f3n Las palabras cuya letra inicial va en may\u00fascula tienen significados definidos [&hellip;]","og_url":"https:\/\/shop.natureneem.com\/es\/politica-de-devoluciones-y-reembolsos\/","og_site_name":"NatureNeem e-Shop","article_publisher":"https:\/\/www.facebook.com\/natureneemindia\/","article_modified_time":"2024-10-07T12:40:58+00:00","og_image":[{"width":1200,"height":675,"url":"https:\/\/shop.natureneem.com\/wp-content\/uploads\/2024\/09\/nn-logo-2024_social_yoast2.jpg","type":"image\/jpeg"}],"twitter_card":"summary_large_image","twitter_site":"@natureneem","twitter_misc":{"Tiempo de lectura":"4 minutos"},"schema":{"@context":"https:\/\/schema.org","@graph":[{"@type":"WebPage","@id":"https:\/\/shop.natureneem.com\/es\/politica-de-devoluciones-y-reembolsos\/","url":"https:\/\/shop.natureneem.com\/es\/politica-de-devoluciones-y-reembolsos\/","name":"Pol\u00edtica de devoluciones y reembolsos - NatureNeem e-Shop","isPartOf":{"@id":"https:\/\/shop.natureneem.com\/es\/#website"},"datePublished":"2024-09-16T14:00:43+00:00","dateModified":"2024-10-07T12:40:58+00:00","breadcrumb":{"@id":"https:\/\/shop.natureneem.com\/es\/politica-de-devoluciones-y-reembolsos\/#breadcrumb"},"inLanguage":"es","potentialAction":[{"@type":"ReadAction","target":["https:\/\/shop.natureneem.com\/es\/politica-de-devoluciones-y-reembolsos\/"]}]},{"@type":"BreadcrumbList","@id":"https:\/\/shop.natureneem.com\/es\/politica-de-devoluciones-y-reembolsos\/#breadcrumb","itemListElement":[{"@type":"ListItem","position":1,"name":"Home","item":"https:\/\/shop.natureneem.com\/es\/inicio\/"},{"@type":"ListItem","position":2,"name":"Pol\u00edtica de devoluciones y reembolsos"}]},{"@type":"WebSite","@id":"https:\/\/shop.natureneem.com\/es\/#website","url":"https:\/\/shop.natureneem.com\/es\/","name":"NatureNeem e-Shop","description":"Official Shop from Nature Neem","publisher":{"@id":"https:\/\/shop.natureneem.com\/es\/#organization"},"alternateName":"Nature Neem","potentialAction":[{"@type":"SearchAction","target":{"@type":"EntryPoint","urlTemplate":"https:\/\/shop.natureneem.com\/es\/?s={search_term_string}"},"query-input":{"@type":"PropertyValueSpecification","valueRequired":true,"valueName":"search_term_string"}}],"inLanguage":"es"},{"@type":"Organization","@id":"https:\/\/shop.natureneem.com\/es\/#organization","name":"Nature Neem","alternateName":"Lorsun SAS","url":"https:\/\/shop.natureneem.com\/es\/","logo":{"@type":"ImageObject","inLanguage":"es","@id":"https:\/\/shop.natureneem.com\/es\/#\/schema\/logo\/image\/","url":"https:\/\/shop.natureneem.com\/wp-content\/uploads\/2024\/09\/nn-logo-symbole-2024-01.svg","contentUrl":"https:\/\/shop.natureneem.com\/wp-content\/uploads\/2024\/09\/nn-logo-symbole-2024-01.svg","width":1,"height":1,"caption":"Nature Neem"},"image":{"@id":"https:\/\/shop.natureneem.com\/es\/#\/schema\/logo\/image\/"},"sameAs":["https:\/\/www.facebook.com\/natureneemindia\/","https:\/\/x.com\/natureneem","https:\/\/www.youtube.com\/user\/natureneem","https:\/\/www.linkedin.com\/company\/natureneem"],"description":"Nos dedicamos al desarrollo y comercializaci\u00f3n de soluciones ecol\u00f3gicas. Seguimos inventando estas soluciones alternativas naturales que pueden sustituir eficazmente a los productos de s\u00edntesis qu\u00edmica que da\u00f1an nuestro medio ambiente. Nuestro equipo es especialmente competente en la propuesta de insumos agr\u00edcolas ecol\u00f3gicos. Tambi\u00e9n actuamos como una asociaci\u00f3n de personas con ideas afines que creen que la naturaleza sustenta la soluci\u00f3n de todos los problemas medioambientales a los que se enfrenta el ser humano.   ","email":"info@natureneem.com","telephone":"+91 77084 00899","legalName":"NATURE NEEM PRODUCTS","vatID":"FR08891657884","numberOfEmployees":{"@type":"QuantitativeValue","minValue":"51","maxValue":"200"},"publishingPrinciples":"https:\/\/shop.natureneem.com\/","actionableFeedbackPolicy":"https:\/\/shop.natureneem.com\/return-and-refund-policy\/","hasMerchantReturnPolicy":{"@type":"MerchantReturnPolicy","merchantReturnLink":"https:\/\/shop.natureneem.com\/return-and-refund-policy\/"}}]}},"_links":{"self":[{"href":"https:\/\/shop.natureneem.com\/es\/wp-json\/wp\/v2\/pages\/5894","targetHints":{"allow":["GET"]}}],"collection":[{"href":"https:\/\/shop.natureneem.com\/es\/wp-json\/wp\/v2\/pages"}],"about":[{"href":"https:\/\/shop.natureneem.com\/es\/wp-json\/wp\/v2\/types\/page"}],"author":[{"embeddable":true,"href":"https:\/\/shop.natureneem.com\/es\/wp-json\/wp\/v2\/users\/3"}],"replies":[{"embeddable":true,"href":"https:\/\/shop.natureneem.com\/es\/wp-json\/wp\/v2\/comments?post=5894"}],"version-history":[{"count":0,"href":"https:\/\/shop.natureneem.com\/es\/wp-json\/wp\/v2\/pages\/5894\/revisions"}],"wp:attachment":[{"href":"https:\/\/shop.natureneem.com\/es\/wp-json\/wp\/v2\/media?parent=5894"}],"curies":[{"name":"wp","href":"https:\/\/api.w.org\/{rel}","templated":true}]}}