{"id":10181,"date":"2024-11-28T04:27:20","date_gmt":"2024-11-28T03:27:20","guid":{"rendered":"https:\/\/shop.natureneem.com\/e-shop\/aceite-de-sesamo\/"},"modified":"2025-02-12T09:49:13","modified_gmt":"2025-02-12T08:49:13","slug":"aceite-de-sesamo","status":"publish","type":"product","link":"https:\/\/shop.natureneem.com\/es\/e-shop\/aceite-de-sesamo\/","title":{"rendered":"Aceite de s\u00e9samo"},"content":{"rendered":"<h3><strong>Cocina<\/strong><\/h3>\n<p style=\"padding-left: 40px;\">Saltear, fre\u00edr a poca profundidad, saltear, hornear y ali\u00f1ar ensaladas. El aceite de s\u00e9samo tiene un punto de humo m\u00e1s alto, por lo que es ideal para fre\u00edr y asar. <\/p>\n<h3><strong>Cosm\u00e9ticos<\/strong><\/h3>\n<p style=\"padding-left: 40px;\"><strong>Favorece el crecimiento del cabello:<\/strong> Aplicar sobre el cuero cabelludo y la piel y masajear suavemente. D\u00e9jalo durante 20 minutos antes de limpiarlo. <strong>Para la piel:<\/strong> Masajea una capa fina. Act\u00faa como protector solar natural y previene los da\u00f1os causados por el sol. Cura las heridas. Adem\u00e1s, es un agente antienvejecimiento que puede borrar las ojeras y las arrugas. Reduce la inflamaci\u00f3n.\n    <\/p>\n<h3><strong>Medicinal<\/strong><\/h3>\n<p style=\"padding-left: 40px;\">Antioxidante y antiinflamatorio. Regula el az\u00facar en sangre y ayuda a aliviar la depresi\u00f3n.<br \/>\nBueno para el coraz\u00f3n: Contiene Omega-3 y Omega-6. Reduce los dep\u00f3sitos de grasa en los vasos sangu\u00edneos.  <\/p>\n<h3><strong>Caracter\u00edsticas<\/strong><\/h3>\n<p style=\"padding-left: 40px;\">Aceite de s\u00e9samo puro sin aditivos ni productos qu\u00edmicos como parabenos y alcohol.<br \/>\nVegano y sin crueldad: no se prueba en animales.<\/p>\n<h3><strong>Conservaci\u00f3n<\/strong><\/h3>\n<p style=\"padding-left: 40px;\">Puede conservarse en un lugar fresco y seco durante al menos 2 a\u00f1os.<br \/>\nPero una vez abierto, gu\u00e1rdalo en el frigor\u00edfico y cons\u00famelo antes de 3 meses.<\/p>\n","protected":false},"excerpt":{"rendered":"<p>El aceite de s\u00e9samo es uno de los aceites m\u00e1s extendidos y utilizados en Ayurveda, y en la India se le suele llamar &#8220;El Rey de los Aceites&#8221;. Sus beneficios y propiedades pueden compararse a los del aceite de oliva, aunque el sabor no sea similar. El aceite de s\u00e9samo que proponemos es puro y sin refinar. Se obtiene prensando en fr\u00edo semillas de s\u00e9samo cultivadas en huertos ecol\u00f3gicos del sur de la India.<\/p>\n","protected":false},"featured_media":10092,"comment_status":"closed","ping_status":"closed","template":"","meta":[],"product_brand":[],"product_cat":[684],"product_tag":[],"class_list":{"0":"post-10181","1":"product","2":"type-product","3":"status-publish","4":"has-post-thumbnail","6":"product_cat-otros-productos","7":"product_shipping_class-06-kg","9":"first","10":"instock","11":"sale","12":"shipping-taxable","13":"purchasable","14":"product-type-simple"},"yoast_head":"<!-- This site is optimized with the Yoast SEO Premium plugin v27.1 (Yoast SEO v27.2) - https:\/\/yoast.com\/product\/yoast-seo-premium-wordpress\/ -->\n<title>Aceite de s\u00e9samo - NatureNeem e-Shop<\/title>\n<meta name=\"robots\" content=\"index, follow, max-snippet:-1, max-image-preview:large, max-video-preview:-1\" \/>\n<link rel=\"canonical\" href=\"https:\/\/shop.natureneem.com\/es\/e-shop\/aceite-de-sesamo\/\" \/>\n<meta property=\"og:locale\" content=\"es_ES\" \/>\n<meta property=\"og:type\" content=\"article\" \/>\n<meta property=\"og:title\" content=\"Aceite de s\u00e9samo\" \/>\n<meta property=\"og:description\" content=\"El aceite de s\u00e9samo es uno de los aceites m\u00e1s extendidos y utilizados en Ayurveda, y en la India se le suele llamar &quot;El Rey de los Aceites&quot;. Sus beneficios y propiedades pueden compararse a los del aceite de oliva, aunque el sabor no sea similar. El aceite de s\u00e9samo que proponemos es puro y sin refinar. Se obtiene prensando en fr\u00edo semillas de s\u00e9samo cultivadas en huertos ecol\u00f3gicos del sur de la India.\" \/>\n<meta property=\"og:url\" content=\"https:\/\/shop.natureneem.com\/es\/e-shop\/aceite-de-sesamo\/\" \/>\n<meta property=\"og:site_name\" content=\"NatureNeem e-Shop\" \/>\n<meta property=\"article:publisher\" content=\"https:\/\/www.facebook.com\/natureneemindia\/\" \/>\n<meta property=\"article:modified_time\" content=\"2025-02-12T08:49:13+00:00\" \/>\n<meta property=\"og:image\" content=\"https:\/\/shop.natureneem.com\/wp-content\/uploads\/2024\/11\/NN-Sesame_Oil_500ml_2024-11-28_01.jpg\" \/>\n\t<meta property=\"og:image:width\" content=\"2000\" \/>\n\t<meta property=\"og:image:height\" content=\"2000\" \/>\n\t<meta property=\"og:image:type\" content=\"image\/jpeg\" \/>\n<meta name=\"twitter:card\" content=\"summary_large_image\" \/>\n<meta name=\"twitter:site\" content=\"@natureneem\" \/>\n<meta name=\"twitter:label1\" content=\"Precio\" \/>\n\t<meta name=\"twitter:data1\" content=\"12,99&nbsp;&euro;\" \/>\n\t<meta name=\"twitter:label2\" content=\"Disponibilidad\" \/>\n\t<meta name=\"twitter:data2\" content=\"Disponible\" \/>\n<script type=\"application\/ld+json\" class=\"yoast-schema-graph\">{\"@context\":\"https:\/\/schema.org\",\"@graph\":[{\"@type\":\"WebPage\",\"@id\":\"https:\/\/shop.natureneem.com\/es\/e-shop\/aceite-de-sesamo\/\",\"url\":\"https:\/\/shop.natureneem.com\/es\/e-shop\/aceite-de-sesamo\/\",\"name\":\"Aceite de s\u00e9samo - NatureNeem e-Shop\",\"isPartOf\":{\"@id\":\"https:\/\/shop.natureneem.com\/es\/#website\"},\"primaryImageOfPage\":{\"@id\":\"https:\/\/shop.natureneem.com\/es\/e-shop\/aceite-de-sesamo\/#primaryimage\"},\"image\":{\"@id\":\"https:\/\/shop.natureneem.com\/es\/e-shop\/aceite-de-sesamo\/#primaryimage\"},\"thumbnailUrl\":\"https:\/\/shop.natureneem.com\/wp-content\/uploads\/2024\/11\/NN-Sesame_Oil_500ml_2024-11-28_01.jpg\",\"datePublished\":\"2024-11-28T03:27:20+00:00\",\"dateModified\":\"2025-02-12T08:49:13+00:00\",\"breadcrumb\":{\"@id\":\"https:\/\/shop.natureneem.com\/es\/e-shop\/aceite-de-sesamo\/#breadcrumb\"},\"inLanguage\":\"es\",\"potentialAction\":[{\"@type\":\"ReadAction\",\"target\":[\"https:\/\/shop.natureneem.com\/es\/e-shop\/aceite-de-sesamo\/\"]}]},{\"@type\":\"ImageObject\",\"inLanguage\":\"es\",\"@id\":\"https:\/\/shop.natureneem.com\/es\/e-shop\/aceite-de-sesamo\/#primaryimage\",\"url\":\"https:\/\/shop.natureneem.com\/wp-content\/uploads\/2024\/11\/NN-Sesame_Oil_500ml_2024-11-28_01.jpg\",\"contentUrl\":\"https:\/\/shop.natureneem.com\/wp-content\/uploads\/2024\/11\/NN-Sesame_Oil_500ml_2024-11-28_01.jpg\",\"width\":2000,\"height\":2000},{\"@type\":\"BreadcrumbList\",\"@id\":\"https:\/\/shop.natureneem.com\/es\/e-shop\/aceite-de-sesamo\/#breadcrumb\",\"itemListElement\":[{\"@type\":\"ListItem\",\"position\":1,\"name\":\"Home\",\"item\":\"https:\/\/shop.natureneem.com\/es\/inicio\/\"},{\"@type\":\"ListItem\",\"position\":2,\"name\":\"Tienda electr\u00f3nica\",\"item\":\"https:\/\/shop.natureneem.com\/es\/tienda\/\"},{\"@type\":\"ListItem\",\"position\":3,\"name\":\"Aceite de s\u00e9samo\"}]},{\"@type\":\"WebSite\",\"@id\":\"https:\/\/shop.natureneem.com\/es\/#website\",\"url\":\"https:\/\/shop.natureneem.com\/es\/\",\"name\":\"NatureNeem e-Shop\",\"description\":\"Official Shop from Nature Neem\",\"publisher\":{\"@id\":\"https:\/\/shop.natureneem.com\/es\/#organization\"},\"alternateName\":\"Nature Neem\",\"potentialAction\":[{\"@type\":\"SearchAction\",\"target\":{\"@type\":\"EntryPoint\",\"urlTemplate\":\"https:\/\/shop.natureneem.com\/es\/?s={search_term_string}\"},\"query-input\":{\"@type\":\"PropertyValueSpecification\",\"valueRequired\":true,\"valueName\":\"search_term_string\"}}],\"inLanguage\":\"es\"},{\"@type\":\"Organization\",\"@id\":\"https:\/\/shop.natureneem.com\/es\/#organization\",\"name\":\"Nature Neem\",\"alternateName\":\"Lorsun SAS\",\"url\":\"https:\/\/shop.natureneem.com\/es\/\",\"logo\":{\"@type\":\"ImageObject\",\"inLanguage\":\"es\",\"@id\":\"https:\/\/shop.natureneem.com\/es\/#\/schema\/logo\/image\/\",\"url\":\"https:\/\/shop.natureneem.com\/wp-content\/uploads\/2024\/09\/nn-logo-symbole-2024-01.svg\",\"contentUrl\":\"https:\/\/shop.natureneem.com\/wp-content\/uploads\/2024\/09\/nn-logo-symbole-2024-01.svg\",\"width\":1,\"height\":1,\"caption\":\"Nature Neem\"},\"image\":{\"@id\":\"https:\/\/shop.natureneem.com\/es\/#\/schema\/logo\/image\/\"},\"sameAs\":[\"https:\/\/www.facebook.com\/natureneemindia\/\",\"https:\/\/x.com\/natureneem\",\"https:\/\/www.youtube.com\/user\/natureneem\",\"https:\/\/www.linkedin.com\/company\/natureneem\"],\"description\":\"Nos dedicamos al desarrollo y comercializaci\u00f3n de soluciones ecol\u00f3gicas. Seguimos inventando estas soluciones alternativas naturales que pueden sustituir eficazmente a los productos de s\u00edntesis qu\u00edmica que da\u00f1an nuestro medio ambiente. Nuestro equipo es especialmente competente en la propuesta de insumos agr\u00edcolas ecol\u00f3gicos. Tambi\u00e9n actuamos como una asociaci\u00f3n de personas con ideas afines que creen que la naturaleza sustenta la soluci\u00f3n de todos los problemas medioambientales a los que se enfrenta el ser humano.   \",\"email\":\"info@natureneem.com\",\"telephone\":\"+91 77084 00899\",\"legalName\":\"NATURE NEEM PRODUCTS\",\"vatID\":\"FR08891657884\",\"numberOfEmployees\":{\"@type\":\"QuantitativeValue\",\"minValue\":\"51\",\"maxValue\":\"200\"},\"publishingPrinciples\":\"https:\/\/shop.natureneem.com\/\",\"actionableFeedbackPolicy\":\"https:\/\/shop.natureneem.com\/return-and-refund-policy\/\",\"hasMerchantReturnPolicy\":{\"@type\":\"MerchantReturnPolicy\",\"merchantReturnLink\":\"https:\/\/shop.natureneem.com\/return-and-refund-policy\/\"}}]}<\/script>\n<meta property=\"product:price:amount\" content=\"12.99\" \/>\n<meta property=\"product:price:currency\" content=\"EUR\" \/>\n<meta property=\"og:availability\" content=\"instock\" \/>\n<meta property=\"product:availability\" content=\"instock\" \/>\n<meta property=\"product:retailer_item_id\" content=\"NN-SO-0500\" \/>\n<meta property=\"product:condition\" content=\"new\" \/>\n<!-- \/ Yoast SEO Premium plugin. -->","yoast_head_json":{"title":"Aceite de s\u00e9samo - NatureNeem e-Shop","robots":{"index":"index","follow":"follow","max-snippet":"max-snippet:-1","max-image-preview":"max-image-preview:large","max-video-preview":"max-video-preview:-1"},"canonical":"https:\/\/shop.natureneem.com\/es\/e-shop\/aceite-de-sesamo\/","og_locale":"es_ES","og_type":"article","og_title":"Aceite de s\u00e9samo","og_description":"El aceite de s\u00e9samo es uno de los aceites m\u00e1s extendidos y utilizados en Ayurveda, y en la India se le suele llamar \"El Rey de los Aceites\". Sus beneficios y propiedades pueden compararse a los del aceite de oliva, aunque el sabor no sea similar. El aceite de s\u00e9samo que proponemos es puro y sin refinar. Se obtiene prensando en fr\u00edo semillas de s\u00e9samo cultivadas en huertos ecol\u00f3gicos del sur de la India.","og_url":"https:\/\/shop.natureneem.com\/es\/e-shop\/aceite-de-sesamo\/","og_site_name":"NatureNeem e-Shop","article_publisher":"https:\/\/www.facebook.com\/natureneemindia\/","article_modified_time":"2025-02-12T08:49:13+00:00","og_image":[{"width":2000,"height":2000,"url":"https:\/\/shop.natureneem.com\/wp-content\/uploads\/2024\/11\/NN-Sesame_Oil_500ml_2024-11-28_01.jpg","type":"image\/jpeg"}],"twitter_card":"summary_large_image","twitter_site":"@natureneem","twitter_misc":{"Precio":"12,99&nbsp;&euro;","Disponibilidad":"Disponible"},"schema":{"@context":"https:\/\/schema.org","@graph":[{"@type":"WebPage","@id":"https:\/\/shop.natureneem.com\/es\/e-shop\/aceite-de-sesamo\/","url":"https:\/\/shop.natureneem.com\/es\/e-shop\/aceite-de-sesamo\/","name":"Aceite de s\u00e9samo - NatureNeem e-Shop","isPartOf":{"@id":"https:\/\/shop.natureneem.com\/es\/#website"},"primaryImageOfPage":{"@id":"https:\/\/shop.natureneem.com\/es\/e-shop\/aceite-de-sesamo\/#primaryimage"},"image":{"@id":"https:\/\/shop.natureneem.com\/es\/e-shop\/aceite-de-sesamo\/#primaryimage"},"thumbnailUrl":"https:\/\/shop.natureneem.com\/wp-content\/uploads\/2024\/11\/NN-Sesame_Oil_500ml_2024-11-28_01.jpg","datePublished":"2024-11-28T03:27:20+00:00","dateModified":"2025-02-12T08:49:13+00:00","breadcrumb":{"@id":"https:\/\/shop.natureneem.com\/es\/e-shop\/aceite-de-sesamo\/#breadcrumb"},"inLanguage":"es","potentialAction":[{"@type":"ReadAction","target":["https:\/\/shop.natureneem.com\/es\/e-shop\/aceite-de-sesamo\/"]}]},{"@type":"ImageObject","inLanguage":"es","@id":"https:\/\/shop.natureneem.com\/es\/e-shop\/aceite-de-sesamo\/#primaryimage","url":"https:\/\/shop.natureneem.com\/wp-content\/uploads\/2024\/11\/NN-Sesame_Oil_500ml_2024-11-28_01.jpg","contentUrl":"https:\/\/shop.natureneem.com\/wp-content\/uploads\/2024\/11\/NN-Sesame_Oil_500ml_2024-11-28_01.jpg","width":2000,"height":2000},{"@type":"BreadcrumbList","@id":"https:\/\/shop.natureneem.com\/es\/e-shop\/aceite-de-sesamo\/#breadcrumb","itemListElement":[{"@type":"ListItem","position":1,"name":"Home","item":"https:\/\/shop.natureneem.com\/es\/inicio\/"},{"@type":"ListItem","position":2,"name":"Tienda electr\u00f3nica","item":"https:\/\/shop.natureneem.com\/es\/tienda\/"},{"@type":"ListItem","position":3,"name":"Aceite de s\u00e9samo"}]},{"@type":"WebSite","@id":"https:\/\/shop.natureneem.com\/es\/#website","url":"https:\/\/shop.natureneem.com\/es\/","name":"NatureNeem e-Shop","description":"Official Shop from Nature Neem","publisher":{"@id":"https:\/\/shop.natureneem.com\/es\/#organization"},"alternateName":"Nature Neem","potentialAction":[{"@type":"SearchAction","target":{"@type":"EntryPoint","urlTemplate":"https:\/\/shop.natureneem.com\/es\/?s={search_term_string}"},"query-input":{"@type":"PropertyValueSpecification","valueRequired":true,"valueName":"search_term_string"}}],"inLanguage":"es"},{"@type":"Organization","@id":"https:\/\/shop.natureneem.com\/es\/#organization","name":"Nature Neem","alternateName":"Lorsun SAS","url":"https:\/\/shop.natureneem.com\/es\/","logo":{"@type":"ImageObject","inLanguage":"es","@id":"https:\/\/shop.natureneem.com\/es\/#\/schema\/logo\/image\/","url":"https:\/\/shop.natureneem.com\/wp-content\/uploads\/2024\/09\/nn-logo-symbole-2024-01.svg","contentUrl":"https:\/\/shop.natureneem.com\/wp-content\/uploads\/2024\/09\/nn-logo-symbole-2024-01.svg","width":1,"height":1,"caption":"Nature Neem"},"image":{"@id":"https:\/\/shop.natureneem.com\/es\/#\/schema\/logo\/image\/"},"sameAs":["https:\/\/www.facebook.com\/natureneemindia\/","https:\/\/x.com\/natureneem","https:\/\/www.youtube.com\/user\/natureneem","https:\/\/www.linkedin.com\/company\/natureneem"],"description":"Nos dedicamos al desarrollo y comercializaci\u00f3n de soluciones ecol\u00f3gicas. Seguimos inventando estas soluciones alternativas naturales que pueden sustituir eficazmente a los productos de s\u00edntesis qu\u00edmica que da\u00f1an nuestro medio ambiente. Nuestro equipo es especialmente competente en la propuesta de insumos agr\u00edcolas ecol\u00f3gicos. Tambi\u00e9n actuamos como una asociaci\u00f3n de personas con ideas afines que creen que la naturaleza sustenta la soluci\u00f3n de todos los problemas medioambientales a los que se enfrenta el ser humano.   ","email":"info@natureneem.com","telephone":"+91 77084 00899","legalName":"NATURE NEEM PRODUCTS","vatID":"FR08891657884","numberOfEmployees":{"@type":"QuantitativeValue","minValue":"51","maxValue":"200"},"publishingPrinciples":"https:\/\/shop.natureneem.com\/","actionableFeedbackPolicy":"https:\/\/shop.natureneem.com\/return-and-refund-policy\/","hasMerchantReturnPolicy":{"@type":"MerchantReturnPolicy","merchantReturnLink":"https:\/\/shop.natureneem.com\/return-and-refund-policy\/"}}]},"product_price_amount":"12.99","product_price_currency":"EUR","og_availability":"instock","product_availability":"instock","product_retailer_item_id":"NN-SO-0500","product_condition":"new"},"_links":{"self":[{"href":"https:\/\/shop.natureneem.com\/es\/wp-json\/wp\/v2\/product\/10181","targetHints":{"allow":["GET"]}}],"collection":[{"href":"https:\/\/shop.natureneem.com\/es\/wp-json\/wp\/v2\/product"}],"about":[{"href":"https:\/\/shop.natureneem.com\/es\/wp-json\/wp\/v2\/types\/product"}],"replies":[{"embeddable":true,"href":"https:\/\/shop.natureneem.com\/es\/wp-json\/wp\/v2\/comments?post=10181"}],"wp:featuredmedia":[{"embeddable":true,"href":"https:\/\/shop.natureneem.com\/es\/wp-json\/wp\/v2\/media\/10092"}],"wp:attachment":[{"href":"https:\/\/shop.natureneem.com\/es\/wp-json\/wp\/v2\/media?parent=10181"}],"wp:term":[{"taxonomy":"product_brand","embeddable":true,"href":"https:\/\/shop.natureneem.com\/es\/wp-json\/wp\/v2\/product_brand?post=10181"},{"taxonomy":"product_cat","embeddable":true,"href":"https:\/\/shop.natureneem.com\/es\/wp-json\/wp\/v2\/product_cat?post=10181"},{"taxonomy":"product_tag","embeddable":true,"href":"https:\/\/shop.natureneem.com\/es\/wp-json\/wp\/v2\/product_tag?post=10181"}],"curies":[{"name":"wp","href":"https:\/\/api.w.org\/{rel}","templated":true}]}}