{"id":10186,"date":"2024-11-27T20:31:38","date_gmt":"2024-11-27T19:31:38","guid":{"rendered":"https:\/\/shop.natureneem.com\/e-shop\/aceite-de-mostaza\/"},"modified":"2025-04-03T00:10:48","modified_gmt":"2025-04-02T22:10:48","slug":"aceite-de-mostaza","status":"publish","type":"product","link":"https:\/\/shop.natureneem.com\/es\/e-shop\/aceite-de-mostaza\/","title":{"rendered":"Aceite de mostaza"},"content":{"rendered":"<h2 style=\"text-align: left;\"><strong>Aceite 100% puro prensado en fr\u00edo de semillas de mostaza amarilla<\/strong><\/h2>\n<h3 style=\"text-align: justify;\"><strong>\u00bfQu\u00e9 diferencia a nuestro Aceite de Mostaza?<\/strong><\/h3>\n<h4 style=\"text-align: justify; padding-left: 40px;\"><strong>Aceite de mostaza natural de Neem<\/strong><\/h4>\n<div style=\"text-align: justify; padding-left: 40px;\">Nuestro aceite de mostaza se obtiene de las semillas de mostaza amarilla Brassica Alba, que tienen un bajo contenido en \u00e1cido er\u00facico (tambi\u00e9n llamada mostaza blanca) . Est\u00e1 prensado en fr\u00edo, sin refinar y es puro. Adem\u00e1s, su sabor es m\u00e1s vibrante y picante, y su color es m\u00e1s oscuro, lo que indica su pureza y composici\u00f3n natural.  <\/div>\n<h4 style=\"text-align: justify; padding-left: 40px;\"><strong>Otros aceites de mostaza m\u00e1s baratos<\/strong><\/h4>\n<p style=\"text-align: justify; padding-left: 40px;\">La mayor\u00eda de los productos de aceite de mostaza disponibles en el mercado se obtienen mediante m\u00e9todos de extracci\u00f3n m\u00e1s baratos que utilizan disolventes qu\u00edmicos y calor elevado. El olor de este aceite extra\u00eddo qu\u00edmicamente es tan rancio que se hace mediante un proceso de blanqueo para desodorizarlo. As\u00ed, este aceite sin refinar parece m\u00e1s claro y barato. Adem\u00e1s, este proceso industrial crea \u00e1cidos grasos inflamatorios omega-6 y \u00e1cido er\u00facico que no son buenos para nuestro organismo.   <\/p>\n<h3 style=\"text-align: justify;\"><strong>Beneficios del aceite de mostaza para la piel<\/strong><\/h3>\n<ul>\n<li style=\"text-align: justify;\"><strong>Elimina las l\u00edneas de la piel y las arrugas : <\/strong>Los ricos \u00e1cidos omega y el \u00e1cido alfa-linol\u00e9nico previenen el envejecimiento prematuro de la piel. El aceite de mostaza aumenta la producci\u00f3n de col\u00e1geno, esencial para mantener una piel joven. <\/li>\n<li style=\"text-align: justify;\">Erupciones <strong>cut\u00e1neas : <\/strong>Sus propiedades antimicrobianas y antif\u00fangicas son eficaces para tratar problemas cut\u00e1neos como erupciones, granos y picores. Es un buen remedio para las alergias cut\u00e1neas. <\/li>\n<li style=\"text-align: justify;\"><strong>Exfoliaci\u00f3n : <\/strong>El aceite de mostaza se utiliza para exfoliar y nutrir la piel. Limpia los poros de la piel, act\u00faa como limpiador natural y aporta un tono m\u00e1s luminoso a la piel. <\/li>\n<\/ul>\n<h3 style=\"text-align: justify;\"><strong>Aceite de mostaza para la tos y el resfriado<\/strong><\/h3>\n<p style=\"text-align: justify; padding-left: 40px;\">Es un remedio natural para los resfriados, la tos y la congesti\u00f3n. Se sabe que la inhalaci\u00f3n de vapor con aceite de mostaza descongestiona y alivia. Tambi\u00e9n es \u00fatil para quienes padecen sinusitis. El aceite de mostaza ligeramente calentado con ajo y clavo y masajeado en el pecho y los pies alivia el resfriado y la tos.   <\/p>\n<h3 style=\"text-align: justify;\"><strong>Aceite de mostaza para el cabello<\/strong><\/h3>\n<ul>\n<li style=\"text-align: justify;\">El aceite de mostaza tambi\u00e9n puede utilizarse para conseguir la melena de tus sue\u00f1os. Los beneficios del aceite de mostaza para el cabello pueden atribuirse a la presencia de \u00e1cidos grasos omega. <\/li>\n<li style=\"text-align: justify;\">Ayuda a mantener la humedad del cabello y a conservarlo sedoso y vivo.<\/li>\n<li style=\"text-align: justify;\">Masajear el cuero cabelludo con aceite de mostaza nutre y fortalece el cuero cabelludo e imparte brillo al cabello.<\/li>\n<li style=\"text-align: justify;\">Como estimulante natural, el aceite de mostaza mejora la circulaci\u00f3n sangu\u00ednea en el cuero cabelludo. Una circulaci\u00f3n sangu\u00ednea eficaz reduce la ca\u00edda y el debilitamiento del cabello causados por una circulaci\u00f3n inadecuada. <\/li>\n<li style=\"text-align: justify;\">Puedes preparar una mascarilla capilar de aceite de mostaza de la siguiente manera :\n<ul>\n<li style=\"text-align: justify;\">Mezcla 1 cucharada de aceite de mostaza, aceite de jojoba y aceite de almendras.<\/li>\n<li style=\"text-align: justify;\">Calienta el aceite durante 10 segundos.<\/li>\n<li style=\"text-align: justify;\">Aplica la mascarilla en las ra\u00edces y las hebras.<\/li>\n<li style=\"text-align: justify;\">D\u00e9jalo 30 minutos y lava el pelo con agua tibia.<\/li>\n<\/ul>\n<\/li>\n<\/ul>\n<h3><strong>Conservaci\u00f3n<\/strong><\/h3>\n<p style=\"padding-left: 40px;\">Puede conservarse en un lugar fresco y seco durante al menos 2 a\u00f1os.<br \/>\nPero una vez abierto, gu\u00e1rdalo en el frigor\u00edfico y cons\u00famelo antes de 3 meses.<\/p>\n<p style=\"padding-left: 40px;\">La mejor calidad en aceite prensado en fr\u00edo de semillas de mostaza.<\/p>\n","protected":false},"excerpt":{"rendered":"<p>Con su rica historia e importancia cultural, el aceite de mostaza ha sido parte integrante de la civilizaci\u00f3n humana durante siglos.<\/p>\n<p>Los textos ayurv\u00e9dicos mencionan el aceite de mostaza como un potente remedio para diversas dolencias.<\/p>\n","protected":false},"featured_media":10038,"comment_status":"closed","ping_status":"closed","template":"","meta":[],"product_brand":[],"product_cat":[684],"product_tag":[],"class_list":{"0":"post-10186","1":"product","2":"type-product","3":"status-publish","4":"has-post-thumbnail","6":"product_cat-otros-productos","7":"product_shipping_class-06-kg","9":"first","10":"instock","11":"sale","12":"shipping-taxable","13":"purchasable","14":"product-type-simple"},"yoast_head":"<!-- This site is optimized with the Yoast SEO Premium plugin v27.1 (Yoast SEO v27.2) - https:\/\/yoast.com\/product\/yoast-seo-premium-wordpress\/ -->\n<title>Aceite prensado en fr\u00edo de semillas de mostaza - Calidad pura - NatureNeem e-Shop<\/title>\n<meta name=\"description\" content=\"Descubre los beneficios del aceite prensado en fr\u00edo de semillas de mostaza. Este aceite sin refinar favorece la salud de la piel, \u00a1al tiempo que mejora tu cocina! \ud83c\udf31 Aceite de mostaza para el cabello \ud83d\udc69\ud83c\udffd\u200d\ud83e\uddb0\ud83d\udc71\ud83c\udffd\u200d\u2640\ufe0f\ud83d\udc69\ud83c\udffd\" \/>\n<meta name=\"robots\" content=\"index, follow, max-snippet:-1, max-image-preview:large, max-video-preview:-1\" \/>\n<link rel=\"canonical\" href=\"https:\/\/shop.natureneem.com\/es\/e-shop\/aceite-de-mostaza\/\" \/>\n<meta property=\"og:locale\" content=\"es_ES\" \/>\n<meta property=\"og:type\" content=\"article\" \/>\n<meta property=\"og:title\" content=\"Aceite de mostaza\" \/>\n<meta property=\"og:description\" content=\"Descubre los beneficios del aceite prensado en fr\u00edo de semillas de mostaza. Este aceite sin refinar favorece la salud de la piel, \u00a1al tiempo que mejora tu cocina! \ud83c\udf31 Aceite de mostaza para el cabello \ud83d\udc69\ud83c\udffd\u200d\ud83e\uddb0\ud83d\udc71\ud83c\udffd\u200d\u2640\ufe0f\ud83d\udc69\ud83c\udffd\" \/>\n<meta property=\"og:url\" content=\"https:\/\/shop.natureneem.com\/es\/e-shop\/aceite-de-mostaza\/\" \/>\n<meta property=\"og:site_name\" content=\"NatureNeem e-Shop\" \/>\n<meta property=\"article:publisher\" content=\"https:\/\/www.facebook.com\/natureneemindia\/\" \/>\n<meta property=\"article:modified_time\" content=\"2025-04-02T22:10:48+00:00\" \/>\n<meta property=\"og:image\" content=\"https:\/\/shop.natureneem.com\/wp-content\/uploads\/2024\/11\/NN-Mustard_Oil_500ml_2024-11-28_01.jpg\" \/>\n\t<meta property=\"og:image:width\" content=\"2000\" \/>\n\t<meta property=\"og:image:height\" content=\"2000\" \/>\n\t<meta property=\"og:image:type\" content=\"image\/jpeg\" \/>\n<meta name=\"twitter:card\" content=\"summary_large_image\" \/>\n<meta name=\"twitter:site\" content=\"@natureneem\" \/>\n<meta name=\"twitter:label1\" content=\"Precio\" \/>\n\t<meta name=\"twitter:data1\" content=\"11,99&nbsp;&euro;\" \/>\n\t<meta name=\"twitter:label2\" content=\"Disponibilidad\" \/>\n\t<meta name=\"twitter:data2\" content=\"Disponible\" \/>\n<script type=\"application\/ld+json\" class=\"yoast-schema-graph\">{\"@context\":\"https:\/\/schema.org\",\"@graph\":[{\"@type\":\"WebPage\",\"@id\":\"https:\/\/shop.natureneem.com\/es\/e-shop\/aceite-de-mostaza\/\",\"url\":\"https:\/\/shop.natureneem.com\/es\/e-shop\/aceite-de-mostaza\/\",\"name\":\"Aceite prensado en fr\u00edo de semillas de mostaza - Calidad pura - NatureNeem e-Shop\",\"isPartOf\":{\"@id\":\"https:\/\/shop.natureneem.com\/es\/#website\"},\"primaryImageOfPage\":{\"@id\":\"https:\/\/shop.natureneem.com\/es\/e-shop\/aceite-de-mostaza\/#primaryimage\"},\"image\":{\"@id\":\"https:\/\/shop.natureneem.com\/es\/e-shop\/aceite-de-mostaza\/#primaryimage\"},\"thumbnailUrl\":\"https:\/\/shop.natureneem.com\/wp-content\/uploads\/2024\/11\/NN-Mustard_Oil_500ml_2024-11-28_01.jpg\",\"datePublished\":\"2024-11-27T19:31:38+00:00\",\"dateModified\":\"2025-04-02T22:10:48+00:00\",\"description\":\"Descubre los beneficios del aceite prensado en fr\u00edo de semillas de mostaza. Este aceite sin refinar favorece la salud de la piel, \u00a1al tiempo que mejora tu cocina! \ud83c\udf31 Aceite de mostaza para el cabello \ud83d\udc69\ud83c\udffd\u200d\ud83e\uddb0\ud83d\udc71\ud83c\udffd\u200d\u2640\ufe0f\ud83d\udc69\ud83c\udffd\",\"breadcrumb\":{\"@id\":\"https:\/\/shop.natureneem.com\/es\/e-shop\/aceite-de-mostaza\/#breadcrumb\"},\"inLanguage\":\"es\",\"potentialAction\":[{\"@type\":\"ReadAction\",\"target\":[\"https:\/\/shop.natureneem.com\/es\/e-shop\/aceite-de-mostaza\/\"]}]},{\"@type\":\"ImageObject\",\"inLanguage\":\"es\",\"@id\":\"https:\/\/shop.natureneem.com\/es\/e-shop\/aceite-de-mostaza\/#primaryimage\",\"url\":\"https:\/\/shop.natureneem.com\/wp-content\/uploads\/2024\/11\/NN-Mustard_Oil_500ml_2024-11-28_01.jpg\",\"contentUrl\":\"https:\/\/shop.natureneem.com\/wp-content\/uploads\/2024\/11\/NN-Mustard_Oil_500ml_2024-11-28_01.jpg\",\"width\":2000,\"height\":2000,\"caption\":\"Aceite de mostaza Nature Neem (Brassica Alba) Aceite de semillas de mostaza Nature Neem India\"},{\"@type\":\"BreadcrumbList\",\"@id\":\"https:\/\/shop.natureneem.com\/es\/e-shop\/aceite-de-mostaza\/#breadcrumb\",\"itemListElement\":[{\"@type\":\"ListItem\",\"position\":1,\"name\":\"Home\",\"item\":\"https:\/\/shop.natureneem.com\/es\/inicio\/\"},{\"@type\":\"ListItem\",\"position\":2,\"name\":\"Tienda electr\u00f3nica\",\"item\":\"https:\/\/shop.natureneem.com\/es\/tienda\/\"},{\"@type\":\"ListItem\",\"position\":3,\"name\":\"Aceite de mostaza\"}]},{\"@type\":\"WebSite\",\"@id\":\"https:\/\/shop.natureneem.com\/es\/#website\",\"url\":\"https:\/\/shop.natureneem.com\/es\/\",\"name\":\"NatureNeem e-Shop\",\"description\":\"Official Shop from Nature Neem\",\"publisher\":{\"@id\":\"https:\/\/shop.natureneem.com\/es\/#organization\"},\"alternateName\":\"Nature Neem\",\"potentialAction\":[{\"@type\":\"SearchAction\",\"target\":{\"@type\":\"EntryPoint\",\"urlTemplate\":\"https:\/\/shop.natureneem.com\/es\/?s={search_term_string}\"},\"query-input\":{\"@type\":\"PropertyValueSpecification\",\"valueRequired\":true,\"valueName\":\"search_term_string\"}}],\"inLanguage\":\"es\"},{\"@type\":\"Organization\",\"@id\":\"https:\/\/shop.natureneem.com\/es\/#organization\",\"name\":\"Nature Neem\",\"alternateName\":\"Lorsun SAS\",\"url\":\"https:\/\/shop.natureneem.com\/es\/\",\"logo\":{\"@type\":\"ImageObject\",\"inLanguage\":\"es\",\"@id\":\"https:\/\/shop.natureneem.com\/es\/#\/schema\/logo\/image\/\",\"url\":\"https:\/\/shop.natureneem.com\/wp-content\/uploads\/2024\/09\/nn-logo-symbole-2024-01.svg\",\"contentUrl\":\"https:\/\/shop.natureneem.com\/wp-content\/uploads\/2024\/09\/nn-logo-symbole-2024-01.svg\",\"width\":1,\"height\":1,\"caption\":\"Nature Neem\"},\"image\":{\"@id\":\"https:\/\/shop.natureneem.com\/es\/#\/schema\/logo\/image\/\"},\"sameAs\":[\"https:\/\/www.facebook.com\/natureneemindia\/\",\"https:\/\/x.com\/natureneem\",\"https:\/\/www.youtube.com\/user\/natureneem\",\"https:\/\/www.linkedin.com\/company\/natureneem\"],\"description\":\"Nos dedicamos al desarrollo y comercializaci\u00f3n de soluciones ecol\u00f3gicas. Seguimos inventando estas soluciones alternativas naturales que pueden sustituir eficazmente a los productos de s\u00edntesis qu\u00edmica que da\u00f1an nuestro medio ambiente. Nuestro equipo es especialmente competente en la propuesta de insumos agr\u00edcolas ecol\u00f3gicos. Tambi\u00e9n actuamos como una asociaci\u00f3n de personas con ideas afines que creen que la naturaleza sustenta la soluci\u00f3n de todos los problemas medioambientales a los que se enfrenta el ser humano.   \",\"email\":\"info@natureneem.com\",\"telephone\":\"+91 77084 00899\",\"legalName\":\"NATURE NEEM PRODUCTS\",\"vatID\":\"FR08891657884\",\"numberOfEmployees\":{\"@type\":\"QuantitativeValue\",\"minValue\":\"51\",\"maxValue\":\"200\"},\"publishingPrinciples\":\"https:\/\/shop.natureneem.com\/\",\"actionableFeedbackPolicy\":\"https:\/\/shop.natureneem.com\/return-and-refund-policy\/\",\"hasMerchantReturnPolicy\":{\"@type\":\"MerchantReturnPolicy\",\"merchantReturnLink\":\"https:\/\/shop.natureneem.com\/return-and-refund-policy\/\"}}]}<\/script>\n<meta property=\"product:price:amount\" content=\"11.99\" \/>\n<meta property=\"product:price:currency\" content=\"EUR\" \/>\n<meta property=\"og:availability\" content=\"instock\" \/>\n<meta property=\"product:availability\" content=\"instock\" \/>\n<meta property=\"product:retailer_item_id\" content=\"NN-MO-0500\" \/>\n<meta property=\"product:condition\" content=\"new\" \/>\n<!-- \/ Yoast SEO Premium plugin. -->","yoast_head_json":{"title":"Aceite prensado en fr\u00edo de semillas de mostaza - Calidad pura - NatureNeem e-Shop","description":"Descubre los beneficios del aceite prensado en fr\u00edo de semillas de mostaza. Este aceite sin refinar favorece la salud de la piel, \u00a1al tiempo que mejora tu cocina! \ud83c\udf31 Aceite de mostaza para el cabello \ud83d\udc69\ud83c\udffd\u200d\ud83e\uddb0\ud83d\udc71\ud83c\udffd\u200d\u2640\ufe0f\ud83d\udc69\ud83c\udffd","robots":{"index":"index","follow":"follow","max-snippet":"max-snippet:-1","max-image-preview":"max-image-preview:large","max-video-preview":"max-video-preview:-1"},"canonical":"https:\/\/shop.natureneem.com\/es\/e-shop\/aceite-de-mostaza\/","og_locale":"es_ES","og_type":"article","og_title":"Aceite de mostaza","og_description":"Descubre los beneficios del aceite prensado en fr\u00edo de semillas de mostaza. Este aceite sin refinar favorece la salud de la piel, \u00a1al tiempo que mejora tu cocina! \ud83c\udf31 Aceite de mostaza para el cabello \ud83d\udc69\ud83c\udffd\u200d\ud83e\uddb0\ud83d\udc71\ud83c\udffd\u200d\u2640\ufe0f\ud83d\udc69\ud83c\udffd","og_url":"https:\/\/shop.natureneem.com\/es\/e-shop\/aceite-de-mostaza\/","og_site_name":"NatureNeem e-Shop","article_publisher":"https:\/\/www.facebook.com\/natureneemindia\/","article_modified_time":"2025-04-02T22:10:48+00:00","og_image":[{"width":2000,"height":2000,"url":"https:\/\/shop.natureneem.com\/wp-content\/uploads\/2024\/11\/NN-Mustard_Oil_500ml_2024-11-28_01.jpg","type":"image\/jpeg"}],"twitter_card":"summary_large_image","twitter_site":"@natureneem","twitter_misc":{"Precio":"11,99&nbsp;&euro;","Disponibilidad":"Disponible"},"schema":{"@context":"https:\/\/schema.org","@graph":[{"@type":"WebPage","@id":"https:\/\/shop.natureneem.com\/es\/e-shop\/aceite-de-mostaza\/","url":"https:\/\/shop.natureneem.com\/es\/e-shop\/aceite-de-mostaza\/","name":"Aceite prensado en fr\u00edo de semillas de mostaza - Calidad pura - NatureNeem e-Shop","isPartOf":{"@id":"https:\/\/shop.natureneem.com\/es\/#website"},"primaryImageOfPage":{"@id":"https:\/\/shop.natureneem.com\/es\/e-shop\/aceite-de-mostaza\/#primaryimage"},"image":{"@id":"https:\/\/shop.natureneem.com\/es\/e-shop\/aceite-de-mostaza\/#primaryimage"},"thumbnailUrl":"https:\/\/shop.natureneem.com\/wp-content\/uploads\/2024\/11\/NN-Mustard_Oil_500ml_2024-11-28_01.jpg","datePublished":"2024-11-27T19:31:38+00:00","dateModified":"2025-04-02T22:10:48+00:00","description":"Descubre los beneficios del aceite prensado en fr\u00edo de semillas de mostaza. Este aceite sin refinar favorece la salud de la piel, \u00a1al tiempo que mejora tu cocina! \ud83c\udf31 Aceite de mostaza para el cabello \ud83d\udc69\ud83c\udffd\u200d\ud83e\uddb0\ud83d\udc71\ud83c\udffd\u200d\u2640\ufe0f\ud83d\udc69\ud83c\udffd","breadcrumb":{"@id":"https:\/\/shop.natureneem.com\/es\/e-shop\/aceite-de-mostaza\/#breadcrumb"},"inLanguage":"es","potentialAction":[{"@type":"ReadAction","target":["https:\/\/shop.natureneem.com\/es\/e-shop\/aceite-de-mostaza\/"]}]},{"@type":"ImageObject","inLanguage":"es","@id":"https:\/\/shop.natureneem.com\/es\/e-shop\/aceite-de-mostaza\/#primaryimage","url":"https:\/\/shop.natureneem.com\/wp-content\/uploads\/2024\/11\/NN-Mustard_Oil_500ml_2024-11-28_01.jpg","contentUrl":"https:\/\/shop.natureneem.com\/wp-content\/uploads\/2024\/11\/NN-Mustard_Oil_500ml_2024-11-28_01.jpg","width":2000,"height":2000,"caption":"Aceite de mostaza Nature Neem (Brassica Alba) Aceite de semillas de mostaza Nature Neem India"},{"@type":"BreadcrumbList","@id":"https:\/\/shop.natureneem.com\/es\/e-shop\/aceite-de-mostaza\/#breadcrumb","itemListElement":[{"@type":"ListItem","position":1,"name":"Home","item":"https:\/\/shop.natureneem.com\/es\/inicio\/"},{"@type":"ListItem","position":2,"name":"Tienda electr\u00f3nica","item":"https:\/\/shop.natureneem.com\/es\/tienda\/"},{"@type":"ListItem","position":3,"name":"Aceite de mostaza"}]},{"@type":"WebSite","@id":"https:\/\/shop.natureneem.com\/es\/#website","url":"https:\/\/shop.natureneem.com\/es\/","name":"NatureNeem e-Shop","description":"Official Shop from Nature Neem","publisher":{"@id":"https:\/\/shop.natureneem.com\/es\/#organization"},"alternateName":"Nature Neem","potentialAction":[{"@type":"SearchAction","target":{"@type":"EntryPoint","urlTemplate":"https:\/\/shop.natureneem.com\/es\/?s={search_term_string}"},"query-input":{"@type":"PropertyValueSpecification","valueRequired":true,"valueName":"search_term_string"}}],"inLanguage":"es"},{"@type":"Organization","@id":"https:\/\/shop.natureneem.com\/es\/#organization","name":"Nature Neem","alternateName":"Lorsun SAS","url":"https:\/\/shop.natureneem.com\/es\/","logo":{"@type":"ImageObject","inLanguage":"es","@id":"https:\/\/shop.natureneem.com\/es\/#\/schema\/logo\/image\/","url":"https:\/\/shop.natureneem.com\/wp-content\/uploads\/2024\/09\/nn-logo-symbole-2024-01.svg","contentUrl":"https:\/\/shop.natureneem.com\/wp-content\/uploads\/2024\/09\/nn-logo-symbole-2024-01.svg","width":1,"height":1,"caption":"Nature Neem"},"image":{"@id":"https:\/\/shop.natureneem.com\/es\/#\/schema\/logo\/image\/"},"sameAs":["https:\/\/www.facebook.com\/natureneemindia\/","https:\/\/x.com\/natureneem","https:\/\/www.youtube.com\/user\/natureneem","https:\/\/www.linkedin.com\/company\/natureneem"],"description":"Nos dedicamos al desarrollo y comercializaci\u00f3n de soluciones ecol\u00f3gicas. Seguimos inventando estas soluciones alternativas naturales que pueden sustituir eficazmente a los productos de s\u00edntesis qu\u00edmica que da\u00f1an nuestro medio ambiente. Nuestro equipo es especialmente competente en la propuesta de insumos agr\u00edcolas ecol\u00f3gicos. Tambi\u00e9n actuamos como una asociaci\u00f3n de personas con ideas afines que creen que la naturaleza sustenta la soluci\u00f3n de todos los problemas medioambientales a los que se enfrenta el ser humano.   ","email":"info@natureneem.com","telephone":"+91 77084 00899","legalName":"NATURE NEEM PRODUCTS","vatID":"FR08891657884","numberOfEmployees":{"@type":"QuantitativeValue","minValue":"51","maxValue":"200"},"publishingPrinciples":"https:\/\/shop.natureneem.com\/","actionableFeedbackPolicy":"https:\/\/shop.natureneem.com\/return-and-refund-policy\/","hasMerchantReturnPolicy":{"@type":"MerchantReturnPolicy","merchantReturnLink":"https:\/\/shop.natureneem.com\/return-and-refund-policy\/"}}]},"product_price_amount":"11.99","product_price_currency":"EUR","og_availability":"instock","product_availability":"instock","product_retailer_item_id":"NN-MO-0500","product_condition":"new"},"_links":{"self":[{"href":"https:\/\/shop.natureneem.com\/es\/wp-json\/wp\/v2\/product\/10186","targetHints":{"allow":["GET"]}}],"collection":[{"href":"https:\/\/shop.natureneem.com\/es\/wp-json\/wp\/v2\/product"}],"about":[{"href":"https:\/\/shop.natureneem.com\/es\/wp-json\/wp\/v2\/types\/product"}],"replies":[{"embeddable":true,"href":"https:\/\/shop.natureneem.com\/es\/wp-json\/wp\/v2\/comments?post=10186"}],"wp:featuredmedia":[{"embeddable":true,"href":"https:\/\/shop.natureneem.com\/es\/wp-json\/wp\/v2\/media\/10038"}],"wp:attachment":[{"href":"https:\/\/shop.natureneem.com\/es\/wp-json\/wp\/v2\/media?parent=10186"}],"wp:term":[{"taxonomy":"product_brand","embeddable":true,"href":"https:\/\/shop.natureneem.com\/es\/wp-json\/wp\/v2\/product_brand?post=10186"},{"taxonomy":"product_cat","embeddable":true,"href":"https:\/\/shop.natureneem.com\/es\/wp-json\/wp\/v2\/product_cat?post=10186"},{"taxonomy":"product_tag","embeddable":true,"href":"https:\/\/shop.natureneem.com\/es\/wp-json\/wp\/v2\/product_tag?post=10186"}],"curies":[{"name":"wp","href":"https:\/\/api.w.org\/{rel}","templated":true}]}}