{"id":5558,"date":"2023-05-06T17:02:45","date_gmt":"2023-05-06T15:02:45","guid":{"rendered":"https:\/\/shop.natureneem.com\/e-shop\/nutraza\/"},"modified":"2026-03-15T14:58:51","modified_gmt":"2026-03-15T13:58:51","slug":"nutraza","status":"publish","type":"product","link":"https:\/\/shop.natureneem.com\/es\/e-shop\/nutraza\/","title":{"rendered":"NutrAza"},"content":{"rendered":"<h3><strong>Torta de semillas de neem en forma de gr\u00e1nulos &#8211; El mejor fertilizante org\u00e1nico, protector del suelo y nematicida natural.<\/strong><\/h3>\n<h4><strong>Dosificaci\u00f3n<\/strong><\/h4>\n<ul>\n<li>Enmacetado: 30 g \/ Kg de tierra. Hasta 250 g para macetas m\u00e1s grandes. Cubrir con mantillo.<br \/>\n<a href=\"https:\/\/www.youtube.com\/watch?v=yjb7McnAWbg\" target=\"_blank\" rel=\"noopener\">V\u00eddeo de enmacetado con NutrAza<\/a><\/li>\n<li>Viveros, Huerto: 100 g \/ metro cuadrado. 500-1000 g para una parcela de 10-15 metros cuadrados.   <\/li>\n<li>\u00c1rboles y arbustos : 100-500 g en funci\u00f3n del tama\u00f1o de la planta.<br \/>\nAplicaci\u00f3n de NutrAza a los \u00e1rboles frutales. <a href=\"https:\/\/www.youtube.com\/watch?v=IKq8JdvQV0k\" target=\"_blank\" rel=\"noopener\">V\u00eddeo1<\/a> <a href=\"https:\/\/www.youtube.com\/watch?v=oZCcpArD4fs\" target=\"_blank\" rel=\"noopener\">V\u00eddeo2<\/a><\/li>\n<li>Cultivos de campo : 1000-2000 kg por hect\u00e1rea en funci\u00f3n de la fertilidad del suelo y la incidencia de nematodos.<\/li>\n<\/ul>\n<h4><strong>Enriquece y protege tu suelo con NutrAza org\u00e1nico. Un fertilizante de liberaci\u00f3n lenta que no se filtra a trav\u00e9s del agua.<br \/>\n<\/strong><\/h4>\n<p>NutrAza es una formulaci\u00f3n especial de torta de semillas de neem que conserva los principales nutrientes durante el mayor tiempo posible. Su forma peletizada aumenta su capacidad de almacenamiento durante m\u00e1s de 2 a\u00f1os, pero la torta de semillas de neem o el polvo se deterioran si se almacenan durante m\u00e1s de 6 meses. Los gr\u00e1nulos NutrAza permiten la aplicaci\u00f3n basal en el suelo o el abonado superior mediante sofisticadas m\u00e1quinas mecanizadas.  <\/p>\n<h4><strong>Caracter\u00edsticas<\/strong><\/h4>\n<ul>\n<li style=\"list-style-type: none;\">\n<ul>\n<li>El mejor abono org\u00e1nico que contiene macronutrientes y micronutrientes en forma natural.<\/li>\n<li>Bioestimulante para las plantas cuando se absorbe a trav\u00e9s de las ra\u00edces. Acelera el desarrollo de las ra\u00edces y el crecimiento general de la planta. <\/li>\n<li>NutrAza mejora el aspecto general de frutas y verduras y aumenta la edad de las hojas, el crecimiento, la floraci\u00f3n y el fortalecimiento de las ra\u00edces.<\/li>\n<li>Acondicionador del suelo que mejora su estructura a\u00f1adiendo contenido org\u00e1nico y recuperando la flora del suelo.<\/li>\n<li>Plaguicida y fungicida natural del suelo que repele los insectos del suelo y retarda los hongos pat\u00f3genos del suelo.<\/li>\n<li>El mejor nematicida natural con un remedio a largo plazo cient\u00edficamente probado contra un espectro de nematodos que afectan a las plantas.<\/li>\n<li>Abono de liberaci\u00f3n lenta que se adapta perfectamente a la fertilizaci\u00f3n de oto\u00f1o e invierno.<\/li>\n<\/ul>\n<\/li>\n<\/ul>\n<p><span style=\"text-decoration: underline;\"><strong>NutrAza est\u00e1 certificado por Ecocert<\/strong><\/span> como insumo ecol\u00f3gico conforme a las distintas normas agr\u00edcolas. Es el insumo favorito de los agricultores que buscan certificaciones ecol\u00f3gicas. <\/p>\n<h4><strong>Actividad repelente de plagas de NutrAza.  <\/strong><\/h4>\n<p>Se ha demostrado que <strong>NutrAza <\/strong>es eficaz contra un espectro de nematodos. Tambi\u00e9n inhibe el crecimiento de una serie de hongos par\u00e1sitos del suelo que causan podredumbres radiculares, marchitez, etc. <\/p>\n<h3><strong>Descripci\u00f3n completa, aplicaciones e informaci\u00f3n sobre este producto.<\/strong><\/h3>\n<p><a class=\"uk-button uk-button-small uk-button-primary\" href=\"https:\/\/natureneem.com\/en\/products\/nutraza\" target=\"_blank\" rel=\"noopener noreferrer\">HAZ CLIC AQU\u00cd<\/a><\/p>\n","protected":false},"excerpt":{"rendered":"<h2 class=\"ai-optimize-15\">Pellets de torta de semillas de neem como fertilizante org\u00e1nico natural y protector del suelo<\/h2>\n","protected":false},"featured_media":11911,"comment_status":"open","ping_status":"closed","template":"","meta":[],"product_brand":[],"product_cat":[133],"product_tag":[139,140,208,137,138],"class_list":{"0":"post-5558","1":"product","2":"type-product","3":"status-publish","4":"has-post-thumbnail","6":"product_cat-productos-de-neem","7":"product_tag-abono","8":"product_tag-grano-en-polvo","9":"product_tag-neem-es-2","10":"product_tag-nutraza-es","11":"product_tag-organico-es","12":"pa_packing-10kg-es","13":"pa_packing-15kg-es","14":"pa_packing-2kg-es","15":"pa_packing-20kg-es","16":"pa_packing-25kg-es","17":"pa_packing-25-kg_powder-es","18":"pa_packing-5kg-es","20":"first","21":"instock","22":"shipping-taxable","23":"purchasable","24":"product-type-variable","25":"has-default-attributes"},"yoast_head":"<!-- This site is optimized with the Yoast SEO Premium plugin v27.1 (Yoast SEO v27.2) - https:\/\/yoast.com\/product\/yoast-seo-premium-wordpress\/ -->\n<title>Pellets de semillas de Neem: Enriquecimiento org\u00e1nico del suelo y fertilizaci\u00f3n - NatureNeem e-Shop<\/title>\n<meta name=\"description\" content=\"Impulsa el crecimiento de tus plantas con NutrAZA, gr\u00e1nulos de torta de semillas de neem. Abono org\u00e1nico natural. Favorece el desarrollo de las ra\u00edces y protege de las plagas. Pellets de neem.\" \/>\n<meta name=\"robots\" content=\"index, follow, max-snippet:-1, max-image-preview:large, max-video-preview:-1\" \/>\n<link rel=\"canonical\" href=\"https:\/\/shop.natureneem.com\/es\/e-shop\/nutraza\/\" \/>\n<meta property=\"og:locale\" content=\"es_ES\" \/>\n<meta property=\"og:type\" content=\"article\" \/>\n<meta property=\"og:title\" content=\"Poderoso Abono de Semillas de Neem para un Suelo y Plantas Saludables\" \/>\n<meta property=\"og:description\" content=\"Impulsa el crecimiento de las plantas y el desarrollo de las ra\u00edces con nuestros gr\u00e1nulos de semillas de neem. Hecho con macronutrientes y micronutrientes naturales, es la elecci\u00f3n ecol\u00f3gica perfecta. \ud83c\udf3f\" \/>\n<meta property=\"og:url\" content=\"https:\/\/shop.natureneem.com\/es\/e-shop\/nutraza\/\" \/>\n<meta property=\"og:site_name\" content=\"NatureNeem e-Shop\" \/>\n<meta property=\"article:publisher\" content=\"https:\/\/www.facebook.com\/natureneemindia\/\" \/>\n<meta property=\"article:modified_time\" content=\"2026-03-15T13:58:51+00:00\" \/>\n<meta property=\"og:image\" content=\"https:\/\/shop.natureneem.com\/wp-content\/uploads\/2024\/10\/nn_nutraza_en-2kg-800x800-1.jpg\" \/>\n\t<meta property=\"og:image:width\" content=\"800\" \/>\n\t<meta property=\"og:image:height\" content=\"800\" \/>\n\t<meta property=\"og:image:type\" content=\"image\/jpeg\" \/>\n<meta name=\"twitter:card\" content=\"summary_large_image\" \/>\n<meta name=\"twitter:title\" content=\"Pellets de Semilla de Neem: Rectificador y fertilizante org\u00e1nico del suelo\" \/>\n<meta name=\"twitter:description\" content=\"Da a tus plantas un impulso natural con nuestros gr\u00e1nulos de semillas de neem. Estos bioestimulantes favorecen el desarrollo de las ra\u00edces y el crecimiento general de las plantas. \u00a1Pru\u00e9balos t\u00fa mismo y ver\u00e1s la diferencia!\" \/>\n<meta name=\"twitter:site\" content=\"@natureneem\" \/>\n<meta name=\"twitter:label1\" content=\"Disponibilidad\" \/>\n\t<meta name=\"twitter:data1\" content=\"Disponible\" \/>\n<script type=\"application\/ld+json\" class=\"yoast-schema-graph\">{\"@context\":\"https:\/\/schema.org\",\"@graph\":[{\"@type\":\"WebPage\",\"@id\":\"https:\/\/shop.natureneem.com\/es\/e-shop\/nutraza\/\",\"url\":\"https:\/\/shop.natureneem.com\/es\/e-shop\/nutraza\/\",\"name\":\"Pellets de semillas de Neem: Enriquecimiento org\u00e1nico del suelo y fertilizaci\u00f3n - NatureNeem e-Shop\",\"isPartOf\":{\"@id\":\"https:\/\/shop.natureneem.com\/es\/#website\"},\"primaryImageOfPage\":{\"@id\":\"https:\/\/shop.natureneem.com\/es\/e-shop\/nutraza\/#primaryimage\"},\"image\":{\"@id\":\"https:\/\/shop.natureneem.com\/es\/e-shop\/nutraza\/#primaryimage\"},\"thumbnailUrl\":\"https:\/\/shop.natureneem.com\/wp-content\/uploads\/2024\/10\/nn_nutraza_en-2kg-800x800-1.jpg\",\"datePublished\":\"2023-05-06T15:02:45+00:00\",\"dateModified\":\"2026-03-15T13:58:51+00:00\",\"description\":\"Impulsa el crecimiento de tus plantas con NutrAZA, gr\u00e1nulos de torta de semillas de neem. Abono org\u00e1nico natural. Favorece el desarrollo de las ra\u00edces y protege de las plagas. Pellets de neem.\",\"breadcrumb\":{\"@id\":\"https:\/\/shop.natureneem.com\/es\/e-shop\/nutraza\/#breadcrumb\"},\"inLanguage\":\"es\",\"potentialAction\":[{\"@type\":\"ReadAction\",\"target\":[\"https:\/\/shop.natureneem.com\/es\/e-shop\/nutraza\/\"]}]},{\"@type\":\"ImageObject\",\"inLanguage\":\"es\",\"@id\":\"https:\/\/shop.natureneem.com\/es\/e-shop\/nutraza\/#primaryimage\",\"url\":\"https:\/\/shop.natureneem.com\/wp-content\/uploads\/2024\/10\/nn_nutraza_en-2kg-800x800-1.jpg\",\"contentUrl\":\"https:\/\/shop.natureneem.com\/wp-content\/uploads\/2024\/10\/nn_nutraza_en-2kg-800x800-1.jpg\",\"width\":800,\"height\":800},{\"@type\":\"BreadcrumbList\",\"@id\":\"https:\/\/shop.natureneem.com\/es\/e-shop\/nutraza\/#breadcrumb\",\"itemListElement\":[{\"@type\":\"ListItem\",\"position\":1,\"name\":\"Home\",\"item\":\"https:\/\/shop.natureneem.com\/es\/inicio\/\"},{\"@type\":\"ListItem\",\"position\":2,\"name\":\"Tienda electr\u00f3nica\",\"item\":\"https:\/\/shop.natureneem.com\/es\/tienda\/\"},{\"@type\":\"ListItem\",\"position\":3,\"name\":\"NutrAza\"}]},{\"@type\":\"WebSite\",\"@id\":\"https:\/\/shop.natureneem.com\/es\/#website\",\"url\":\"https:\/\/shop.natureneem.com\/es\/\",\"name\":\"NatureNeem e-Shop\",\"description\":\"Official Shop from Nature Neem\",\"publisher\":{\"@id\":\"https:\/\/shop.natureneem.com\/es\/#organization\"},\"alternateName\":\"Nature Neem\",\"potentialAction\":[{\"@type\":\"SearchAction\",\"target\":{\"@type\":\"EntryPoint\",\"urlTemplate\":\"https:\/\/shop.natureneem.com\/es\/?s={search_term_string}\"},\"query-input\":{\"@type\":\"PropertyValueSpecification\",\"valueRequired\":true,\"valueName\":\"search_term_string\"}}],\"inLanguage\":\"es\"},{\"@type\":\"Organization\",\"@id\":\"https:\/\/shop.natureneem.com\/es\/#organization\",\"name\":\"Nature Neem\",\"alternateName\":\"Lorsun SAS\",\"url\":\"https:\/\/shop.natureneem.com\/es\/\",\"logo\":{\"@type\":\"ImageObject\",\"inLanguage\":\"es\",\"@id\":\"https:\/\/shop.natureneem.com\/es\/#\/schema\/logo\/image\/\",\"url\":\"https:\/\/shop.natureneem.com\/wp-content\/uploads\/2024\/09\/nn-logo-symbole-2024-01.svg\",\"contentUrl\":\"https:\/\/shop.natureneem.com\/wp-content\/uploads\/2024\/09\/nn-logo-symbole-2024-01.svg\",\"width\":1,\"height\":1,\"caption\":\"Nature Neem\"},\"image\":{\"@id\":\"https:\/\/shop.natureneem.com\/es\/#\/schema\/logo\/image\/\"},\"sameAs\":[\"https:\/\/www.facebook.com\/natureneemindia\/\",\"https:\/\/x.com\/natureneem\",\"https:\/\/www.youtube.com\/user\/natureneem\",\"https:\/\/www.linkedin.com\/company\/natureneem\"],\"description\":\"Nos dedicamos al desarrollo y comercializaci\u00f3n de soluciones ecol\u00f3gicas. Seguimos inventando estas soluciones alternativas naturales que pueden sustituir eficazmente a los productos de s\u00edntesis qu\u00edmica que da\u00f1an nuestro medio ambiente. Nuestro equipo es especialmente competente en la propuesta de insumos agr\u00edcolas ecol\u00f3gicos. Tambi\u00e9n actuamos como una asociaci\u00f3n de personas con ideas afines que creen que la naturaleza sustenta la soluci\u00f3n de todos los problemas medioambientales a los que se enfrenta el ser humano.   \",\"email\":\"info@natureneem.com\",\"telephone\":\"+91 77084 00899\",\"legalName\":\"NATURE NEEM PRODUCTS\",\"vatID\":\"FR08891657884\",\"numberOfEmployees\":{\"@type\":\"QuantitativeValue\",\"minValue\":\"51\",\"maxValue\":\"200\"},\"publishingPrinciples\":\"https:\/\/shop.natureneem.com\/\",\"actionableFeedbackPolicy\":\"https:\/\/shop.natureneem.com\/return-and-refund-policy\/\",\"hasMerchantReturnPolicy\":{\"@type\":\"MerchantReturnPolicy\",\"merchantReturnLink\":\"https:\/\/shop.natureneem.com\/return-and-refund-policy\/\"}}]}<\/script>\n<meta property=\"og:availability\" content=\"instock\" \/>\n<meta property=\"product:availability\" content=\"instock\" \/>\n<meta property=\"product:retailer_item_id\" content=\"NN-NUT-XX\" \/>\n<meta property=\"product:condition\" content=\"new\" \/>\n<!-- \/ Yoast SEO Premium plugin. -->","yoast_head_json":{"title":"Pellets de semillas de Neem: Enriquecimiento org\u00e1nico del suelo y fertilizaci\u00f3n - NatureNeem e-Shop","description":"Impulsa el crecimiento de tus plantas con NutrAZA, gr\u00e1nulos de torta de semillas de neem. Abono org\u00e1nico natural. Favorece el desarrollo de las ra\u00edces y protege de las plagas. Pellets de neem.","robots":{"index":"index","follow":"follow","max-snippet":"max-snippet:-1","max-image-preview":"max-image-preview:large","max-video-preview":"max-video-preview:-1"},"canonical":"https:\/\/shop.natureneem.com\/es\/e-shop\/nutraza\/","og_locale":"es_ES","og_type":"article","og_title":"Poderoso Abono de Semillas de Neem para un Suelo y Plantas Saludables","og_description":"Impulsa el crecimiento de las plantas y el desarrollo de las ra\u00edces con nuestros gr\u00e1nulos de semillas de neem. Hecho con macronutrientes y micronutrientes naturales, es la elecci\u00f3n ecol\u00f3gica perfecta. \ud83c\udf3f","og_url":"https:\/\/shop.natureneem.com\/es\/e-shop\/nutraza\/","og_site_name":"NatureNeem e-Shop","article_publisher":"https:\/\/www.facebook.com\/natureneemindia\/","article_modified_time":"2026-03-15T13:58:51+00:00","og_image":[{"width":800,"height":800,"url":"https:\/\/shop.natureneem.com\/wp-content\/uploads\/2024\/10\/nn_nutraza_en-2kg-800x800-1.jpg","type":"image\/jpeg"}],"twitter_card":"summary_large_image","twitter_title":"Pellets de Semilla de Neem: Rectificador y fertilizante org\u00e1nico del suelo","twitter_description":"Da a tus plantas un impulso natural con nuestros gr\u00e1nulos de semillas de neem. Estos bioestimulantes favorecen el desarrollo de las ra\u00edces y el crecimiento general de las plantas. \u00a1Pru\u00e9balos t\u00fa mismo y ver\u00e1s la diferencia!","twitter_site":"@natureneem","twitter_misc":{"Disponibilidad":"Disponible"},"schema":{"@context":"https:\/\/schema.org","@graph":[{"@type":"WebPage","@id":"https:\/\/shop.natureneem.com\/es\/e-shop\/nutraza\/","url":"https:\/\/shop.natureneem.com\/es\/e-shop\/nutraza\/","name":"Pellets de semillas de Neem: Enriquecimiento org\u00e1nico del suelo y fertilizaci\u00f3n - NatureNeem e-Shop","isPartOf":{"@id":"https:\/\/shop.natureneem.com\/es\/#website"},"primaryImageOfPage":{"@id":"https:\/\/shop.natureneem.com\/es\/e-shop\/nutraza\/#primaryimage"},"image":{"@id":"https:\/\/shop.natureneem.com\/es\/e-shop\/nutraza\/#primaryimage"},"thumbnailUrl":"https:\/\/shop.natureneem.com\/wp-content\/uploads\/2024\/10\/nn_nutraza_en-2kg-800x800-1.jpg","datePublished":"2023-05-06T15:02:45+00:00","dateModified":"2026-03-15T13:58:51+00:00","description":"Impulsa el crecimiento de tus plantas con NutrAZA, gr\u00e1nulos de torta de semillas de neem. Abono org\u00e1nico natural. Favorece el desarrollo de las ra\u00edces y protege de las plagas. Pellets de neem.","breadcrumb":{"@id":"https:\/\/shop.natureneem.com\/es\/e-shop\/nutraza\/#breadcrumb"},"inLanguage":"es","potentialAction":[{"@type":"ReadAction","target":["https:\/\/shop.natureneem.com\/es\/e-shop\/nutraza\/"]}]},{"@type":"ImageObject","inLanguage":"es","@id":"https:\/\/shop.natureneem.com\/es\/e-shop\/nutraza\/#primaryimage","url":"https:\/\/shop.natureneem.com\/wp-content\/uploads\/2024\/10\/nn_nutraza_en-2kg-800x800-1.jpg","contentUrl":"https:\/\/shop.natureneem.com\/wp-content\/uploads\/2024\/10\/nn_nutraza_en-2kg-800x800-1.jpg","width":800,"height":800},{"@type":"BreadcrumbList","@id":"https:\/\/shop.natureneem.com\/es\/e-shop\/nutraza\/#breadcrumb","itemListElement":[{"@type":"ListItem","position":1,"name":"Home","item":"https:\/\/shop.natureneem.com\/es\/inicio\/"},{"@type":"ListItem","position":2,"name":"Tienda electr\u00f3nica","item":"https:\/\/shop.natureneem.com\/es\/tienda\/"},{"@type":"ListItem","position":3,"name":"NutrAza"}]},{"@type":"WebSite","@id":"https:\/\/shop.natureneem.com\/es\/#website","url":"https:\/\/shop.natureneem.com\/es\/","name":"NatureNeem e-Shop","description":"Official Shop from Nature Neem","publisher":{"@id":"https:\/\/shop.natureneem.com\/es\/#organization"},"alternateName":"Nature Neem","potentialAction":[{"@type":"SearchAction","target":{"@type":"EntryPoint","urlTemplate":"https:\/\/shop.natureneem.com\/es\/?s={search_term_string}"},"query-input":{"@type":"PropertyValueSpecification","valueRequired":true,"valueName":"search_term_string"}}],"inLanguage":"es"},{"@type":"Organization","@id":"https:\/\/shop.natureneem.com\/es\/#organization","name":"Nature Neem","alternateName":"Lorsun SAS","url":"https:\/\/shop.natureneem.com\/es\/","logo":{"@type":"ImageObject","inLanguage":"es","@id":"https:\/\/shop.natureneem.com\/es\/#\/schema\/logo\/image\/","url":"https:\/\/shop.natureneem.com\/wp-content\/uploads\/2024\/09\/nn-logo-symbole-2024-01.svg","contentUrl":"https:\/\/shop.natureneem.com\/wp-content\/uploads\/2024\/09\/nn-logo-symbole-2024-01.svg","width":1,"height":1,"caption":"Nature Neem"},"image":{"@id":"https:\/\/shop.natureneem.com\/es\/#\/schema\/logo\/image\/"},"sameAs":["https:\/\/www.facebook.com\/natureneemindia\/","https:\/\/x.com\/natureneem","https:\/\/www.youtube.com\/user\/natureneem","https:\/\/www.linkedin.com\/company\/natureneem"],"description":"Nos dedicamos al desarrollo y comercializaci\u00f3n de soluciones ecol\u00f3gicas. Seguimos inventando estas soluciones alternativas naturales que pueden sustituir eficazmente a los productos de s\u00edntesis qu\u00edmica que da\u00f1an nuestro medio ambiente. Nuestro equipo es especialmente competente en la propuesta de insumos agr\u00edcolas ecol\u00f3gicos. Tambi\u00e9n actuamos como una asociaci\u00f3n de personas con ideas afines que creen que la naturaleza sustenta la soluci\u00f3n de todos los problemas medioambientales a los que se enfrenta el ser humano.   ","email":"info@natureneem.com","telephone":"+91 77084 00899","legalName":"NATURE NEEM PRODUCTS","vatID":"FR08891657884","numberOfEmployees":{"@type":"QuantitativeValue","minValue":"51","maxValue":"200"},"publishingPrinciples":"https:\/\/shop.natureneem.com\/","actionableFeedbackPolicy":"https:\/\/shop.natureneem.com\/return-and-refund-policy\/","hasMerchantReturnPolicy":{"@type":"MerchantReturnPolicy","merchantReturnLink":"https:\/\/shop.natureneem.com\/return-and-refund-policy\/"}}]},"og_availability":"instock","product_availability":"instock","product_retailer_item_id":"NN-NUT-XX","product_condition":"new"},"_links":{"self":[{"href":"https:\/\/shop.natureneem.com\/es\/wp-json\/wp\/v2\/product\/5558","targetHints":{"allow":["GET"]}}],"collection":[{"href":"https:\/\/shop.natureneem.com\/es\/wp-json\/wp\/v2\/product"}],"about":[{"href":"https:\/\/shop.natureneem.com\/es\/wp-json\/wp\/v2\/types\/product"}],"replies":[{"embeddable":true,"href":"https:\/\/shop.natureneem.com\/es\/wp-json\/wp\/v2\/comments?post=5558"}],"wp:featuredmedia":[{"embeddable":true,"href":"https:\/\/shop.natureneem.com\/es\/wp-json\/wp\/v2\/media\/11911"}],"wp:attachment":[{"href":"https:\/\/shop.natureneem.com\/es\/wp-json\/wp\/v2\/media?parent=5558"}],"wp:term":[{"taxonomy":"product_brand","embeddable":true,"href":"https:\/\/shop.natureneem.com\/es\/wp-json\/wp\/v2\/product_brand?post=5558"},{"taxonomy":"product_cat","embeddable":true,"href":"https:\/\/shop.natureneem.com\/es\/wp-json\/wp\/v2\/product_cat?post=5558"},{"taxonomy":"product_tag","embeddable":true,"href":"https:\/\/shop.natureneem.com\/es\/wp-json\/wp\/v2\/product_tag?post=5558"}],"curies":[{"name":"wp","href":"https:\/\/api.w.org\/{rel}","templated":true}]}}