{"id":5573,"date":"2021-05-07T11:11:23","date_gmt":"2021-05-07T09:11:23","guid":{"rendered":"https:\/\/shop.natureneem.com\/e-shop\/coco-ladrillo\/"},"modified":"2025-06-13T07:51:30","modified_gmt":"2025-06-13T05:51:30","slug":"coco-ladrillo","status":"publish","type":"product","link":"https:\/\/shop.natureneem.com\/es\/e-shop\/coco-ladrillo\/","title":{"rendered":"CocoBrick"},"content":{"rendered":"<p style=\"text-align: left;\"><strong>1 Ladrillo = 650 g de ladrillos en estado comprimido = <\/strong><strong>12 L de sustrato de plantaci\u00f3n despu\u00e9s de a\u00f1adir agua.<br \/>\n<\/strong><strong>Pesa 3 veces menos que una tierra para macetas cl\u00e1sica.<br \/>\n<\/strong><strong>F\u00e1cil de guardar. Ideal para jardiner\u00eda urbana &#8211; apartamentos, terrazas &#8230; <\/strong><\/p>\n<p>Sustrato de plantaci\u00f3n comprimido hecho de m\u00e9dula de coco y fibra. F\u00e1cil de almacenar. 1 ladrillo de 650 g = 12 litros de medio de plantaci\u00f3n despu\u00e9s de rehidratarlo. Proporciona excelentes propiedades de retenci\u00f3n de agua y aireaci\u00f3n que favorecen el establecimiento de las plantas y el r\u00e1pido crecimiento de las ra\u00edces. Perfectamente adecuado para semilleros, plantas en maceta y huertos.    <\/p>\n<p><strong>Descripci\u00f3n<\/strong><\/p>\n<p>Coco Bricks es un medio de plantaci\u00f3n o sustrato hecho de m\u00e9dula de coco en forma comprimida. Con 4 litros de agua, se hidrata en cuesti\u00f3n de minutos para obtener unos 12 litros de sustrato de plantaci\u00f3n listo para el cultivo. Este sustrato es adecuado para todo tipo de cultivos, tanto en exterior como en interior. Mezclado con la tierra del jard\u00edn u otros sustratos para macetas, act\u00faa como acondicionador del suelo y retenedor de agua.   <\/p>\n<p><strong>\u00bfC\u00f3mo se fabrica el producto?<\/strong><\/p>\n<p>&#8220;Fibra de coco&#8221; es el nombre que se da al mesocarpio fibroso y grueso que rodea la nuez del coco. Al extraer la fibra, se obtiene una cantidad importante (unos 2\/3) de material llamado TURBA, PIEDRA, POLVO o turba*. El producto se lava para eliminar las sales presentes de forma natural en la fibra triturada. El pH y los niveles de sal se controlan rigurosamente para cumplir los requisitos incluso de los cultivos delicados. La turba se mezcla con fibras de coco cortadas y luego se comprime a 8:1 en forma de bloque de tama\u00f1o 20 x 10 x 5 cm.    <\/p>\n<p><em>La turba de coco es un material esponjoso que se adhiere de forma natural a la fibra de coco. No debe confundirse con la turba no renovable, una materia org\u00e1nica que se encuentra en un medio saturado de agua y en los bosques, cuya extracci\u00f3n es controvertida. <\/em><\/p>\n<p><strong>\u00bfC\u00f3mo utilizarlo?<\/strong><\/p>\n<ul>\n<li>Pon el bloque desenvuelto en un cubo.<\/li>\n<li>A\u00f1ade 4 litros de agua normal.<\/li>\n<li>Deja que el bloque absorba el agua de 30 a 60 minutos. Incluso puedes a\u00f1adir 1 \u00f3 2 cucharadas de NutrAza, el abono natural resistente a las plagas. <\/li>\n<li>El bloque de 650 gramos con 4 litros de agua puede producir una tierra de 10-12 litros de medio de plantaci\u00f3n.<\/li>\n<li>Vierte agua en exceso tras el proceso de absorci\u00f3n.<\/li>\n<\/ul>\n<p><strong>Utiliza<\/strong><\/p>\n<ul>\n<li>Perfecto para cultivar plantas y plantones, o para mezclar con tu medio de plantaci\u00f3n.<\/li>\n<li>La ausencia de moho y la uniformidad de la humedad lo hacen perfecto para semilleros, cultivo de hierbas, verduras, plantas ornamentales y ex\u00f3ticas.<\/li>\n<\/ul>\n<p><strong>Caracter\u00edsticas<\/strong><\/p>\n<ul>\n<li>Producto 100% natural, biodegradable. Proceso de descomposici\u00f3n en 5 a\u00f1os. <\/li>\n<li>Minimiza el choque del trasplante de las pl\u00e1ntulas.<\/li>\n<li>Sin problemas de malas hierbas<\/li>\n<li>Los CocoBricks retienen el agua y la liberan a las plantas cuando lo necesitan. Ablanda el suelo y permite una buena aireaci\u00f3n de las ra\u00edces, facilitando as\u00ed la absorci\u00f3n de nutrientes. Esto conduce al endurecimiento de los tallos y las ra\u00edces.  <\/li>\n<li>Como inhibe el crecimiento de moho, es muy adecuado para cultivar plantas ex\u00f3ticas, sin ning\u00fan suplemento<\/li>\n<\/ul>\n","protected":false},"excerpt":{"rendered":"<div>\n<p class=\"ai-optimize-introduction ai-optimize-25\"><strong>Sustrato de plantaci\u00f3n y acondicionador del suelo<\/strong><br \/>\nDescubre las ventajas de Coco Brick, un sustrato vers\u00e1til, perfecto para una forma ecol\u00f3gica de jardiner\u00eda dom\u00e9stica. Coco Brick es una opci\u00f3n sostenible que mejora la vida de las plantas. <\/p>\n<\/div>\n","protected":false},"featured_media":11746,"comment_status":"open","ping_status":"closed","template":"","meta":[],"product_brand":[],"product_cat":[146],"product_tag":[],"class_list":{"0":"post-5573","1":"product","2":"type-product","3":"status-publish","4":"has-post-thumbnail","6":"product_cat-productos-de-coco","7":"product_shipping_class-06-kg","8":"pa_packing-5-kg-70-litres-es","9":"pa_packing-650-g-11-litres-es","11":"first","12":"instock","13":"sale","14":"featured","15":"shipping-taxable","16":"purchasable","17":"product-type-variable"},"yoast_head":"<!-- This site is optimized with the Yoast SEO Premium plugin v27.1 (Yoast SEO v27.2) - https:\/\/yoast.com\/product\/yoast-seo-premium-wordpress\/ -->\n<title>Ladrillo de coco: Sustrato Ligero para Jardiner\u00eda Urbana - NatureNeem e-Shop<\/title>\n<meta name=\"description\" content=\"Transforma tu jardiner\u00eda con Coco Brick, \u00a1un sustrato comprimido que crea 12 litros de medio de plantaci\u00f3n! Perfecto para la jardiner\u00eda urbana. \ud83c\udf31\" \/>\n<meta name=\"robots\" content=\"index, follow, max-snippet:-1, max-image-preview:large, max-video-preview:-1\" \/>\n<link rel=\"canonical\" href=\"https:\/\/shop.natureneem.com\/es\/e-shop\/coco-ladrillo\/\" \/>\n<meta property=\"og:locale\" content=\"es_ES\" \/>\n<meta property=\"og:type\" content=\"article\" \/>\n<meta property=\"og:title\" content=\"CocoBrick\" \/>\n<meta property=\"og:description\" content=\"Transforma tu jardiner\u00eda con Coco Brick, \u00a1un sustrato comprimido que crea 12 litros de medio de plantaci\u00f3n! Perfecto para la jardiner\u00eda urbana. \ud83c\udf31\" \/>\n<meta property=\"og:url\" content=\"https:\/\/shop.natureneem.com\/es\/e-shop\/coco-ladrillo\/\" \/>\n<meta property=\"og:site_name\" content=\"NatureNeem e-Shop\" \/>\n<meta property=\"article:publisher\" content=\"https:\/\/www.facebook.com\/natureneemindia\/\" \/>\n<meta property=\"article:modified_time\" content=\"2025-06-13T05:51:30+00:00\" \/>\n<meta property=\"og:image\" content=\"https:\/\/shop.natureneem.com\/wp-content\/uploads\/2021\/05\/2025-05-26-NN_COCO-BRICK-WEB-01-11.jpg\" \/>\n\t<meta property=\"og:image:width\" content=\"2400\" \/>\n\t<meta property=\"og:image:height\" content=\"2400\" \/>\n\t<meta property=\"og:image:type\" content=\"image\/jpeg\" \/>\n<meta name=\"twitter:card\" content=\"summary_large_image\" \/>\n<meta name=\"twitter:site\" content=\"@natureneem\" \/>\n<meta name=\"twitter:label1\" content=\"Disponibilidad\" \/>\n\t<meta name=\"twitter:data1\" content=\"Disponible\" \/>\n<script type=\"application\/ld+json\" class=\"yoast-schema-graph\">{\"@context\":\"https:\/\/schema.org\",\"@graph\":[{\"@type\":\"WebPage\",\"@id\":\"https:\/\/shop.natureneem.com\/es\/e-shop\/coco-ladrillo\/\",\"url\":\"https:\/\/shop.natureneem.com\/es\/e-shop\/coco-ladrillo\/\",\"name\":\"Ladrillo de coco: Sustrato Ligero para Jardiner\u00eda Urbana - NatureNeem e-Shop\",\"isPartOf\":{\"@id\":\"https:\/\/shop.natureneem.com\/es\/#website\"},\"primaryImageOfPage\":{\"@id\":\"https:\/\/shop.natureneem.com\/es\/e-shop\/coco-ladrillo\/#primaryimage\"},\"image\":{\"@id\":\"https:\/\/shop.natureneem.com\/es\/e-shop\/coco-ladrillo\/#primaryimage\"},\"thumbnailUrl\":\"https:\/\/shop.natureneem.com\/wp-content\/uploads\/2021\/05\/2025-05-26-NN_COCO-BRICK-WEB-01-11.jpg\",\"datePublished\":\"2021-05-07T09:11:23+00:00\",\"dateModified\":\"2025-06-13T05:51:30+00:00\",\"description\":\"Transforma tu jardiner\u00eda con Coco Brick, \u00a1un sustrato comprimido que crea 12 litros de medio de plantaci\u00f3n! Perfecto para la jardiner\u00eda urbana. \ud83c\udf31\",\"breadcrumb\":{\"@id\":\"https:\/\/shop.natureneem.com\/es\/e-shop\/coco-ladrillo\/#breadcrumb\"},\"inLanguage\":\"es\",\"potentialAction\":[{\"@type\":\"ReadAction\",\"target\":[\"https:\/\/shop.natureneem.com\/es\/e-shop\/coco-ladrillo\/\"]}]},{\"@type\":\"ImageObject\",\"inLanguage\":\"es\",\"@id\":\"https:\/\/shop.natureneem.com\/es\/e-shop\/coco-ladrillo\/#primaryimage\",\"url\":\"https:\/\/shop.natureneem.com\/wp-content\/uploads\/2021\/05\/2025-05-26-NN_COCO-BRICK-WEB-01-11.jpg\",\"contentUrl\":\"https:\/\/shop.natureneem.com\/wp-content\/uploads\/2021\/05\/2025-05-26-NN_COCO-BRICK-WEB-01-11.jpg\",\"width\":2400,\"height\":2400,\"caption\":\"Bloques de m\u00e9dula de coco\"},{\"@type\":\"BreadcrumbList\",\"@id\":\"https:\/\/shop.natureneem.com\/es\/e-shop\/coco-ladrillo\/#breadcrumb\",\"itemListElement\":[{\"@type\":\"ListItem\",\"position\":1,\"name\":\"Home\",\"item\":\"https:\/\/shop.natureneem.com\/es\/inicio\/\"},{\"@type\":\"ListItem\",\"position\":2,\"name\":\"Tienda electr\u00f3nica\",\"item\":\"https:\/\/shop.natureneem.com\/es\/tienda\/\"},{\"@type\":\"ListItem\",\"position\":3,\"name\":\"CocoBrick\"}]},{\"@type\":\"WebSite\",\"@id\":\"https:\/\/shop.natureneem.com\/es\/#website\",\"url\":\"https:\/\/shop.natureneem.com\/es\/\",\"name\":\"NatureNeem e-Shop\",\"description\":\"Official Shop from Nature Neem\",\"publisher\":{\"@id\":\"https:\/\/shop.natureneem.com\/es\/#organization\"},\"alternateName\":\"Nature Neem\",\"potentialAction\":[{\"@type\":\"SearchAction\",\"target\":{\"@type\":\"EntryPoint\",\"urlTemplate\":\"https:\/\/shop.natureneem.com\/es\/?s={search_term_string}\"},\"query-input\":{\"@type\":\"PropertyValueSpecification\",\"valueRequired\":true,\"valueName\":\"search_term_string\"}}],\"inLanguage\":\"es\"},{\"@type\":\"Organization\",\"@id\":\"https:\/\/shop.natureneem.com\/es\/#organization\",\"name\":\"Nature Neem\",\"alternateName\":\"Lorsun SAS\",\"url\":\"https:\/\/shop.natureneem.com\/es\/\",\"logo\":{\"@type\":\"ImageObject\",\"inLanguage\":\"es\",\"@id\":\"https:\/\/shop.natureneem.com\/es\/#\/schema\/logo\/image\/\",\"url\":\"https:\/\/shop.natureneem.com\/wp-content\/uploads\/2024\/09\/nn-logo-symbole-2024-01.svg\",\"contentUrl\":\"https:\/\/shop.natureneem.com\/wp-content\/uploads\/2024\/09\/nn-logo-symbole-2024-01.svg\",\"width\":1,\"height\":1,\"caption\":\"Nature Neem\"},\"image\":{\"@id\":\"https:\/\/shop.natureneem.com\/es\/#\/schema\/logo\/image\/\"},\"sameAs\":[\"https:\/\/www.facebook.com\/natureneemindia\/\",\"https:\/\/x.com\/natureneem\",\"https:\/\/www.youtube.com\/user\/natureneem\",\"https:\/\/www.linkedin.com\/company\/natureneem\"],\"description\":\"Nos dedicamos al desarrollo y comercializaci\u00f3n de soluciones ecol\u00f3gicas. Seguimos inventando estas soluciones alternativas naturales que pueden sustituir eficazmente a los productos de s\u00edntesis qu\u00edmica que da\u00f1an nuestro medio ambiente. Nuestro equipo es especialmente competente en la propuesta de insumos agr\u00edcolas ecol\u00f3gicos. Tambi\u00e9n actuamos como una asociaci\u00f3n de personas con ideas afines que creen que la naturaleza sustenta la soluci\u00f3n de todos los problemas medioambientales a los que se enfrenta el ser humano.   \",\"email\":\"info@natureneem.com\",\"telephone\":\"+91 77084 00899\",\"legalName\":\"NATURE NEEM PRODUCTS\",\"vatID\":\"FR08891657884\",\"numberOfEmployees\":{\"@type\":\"QuantitativeValue\",\"minValue\":\"51\",\"maxValue\":\"200\"},\"publishingPrinciples\":\"https:\/\/shop.natureneem.com\/\",\"actionableFeedbackPolicy\":\"https:\/\/shop.natureneem.com\/return-and-refund-policy\/\",\"hasMerchantReturnPolicy\":{\"@type\":\"MerchantReturnPolicy\",\"merchantReturnLink\":\"https:\/\/shop.natureneem.com\/return-and-refund-policy\/\"}}]}<\/script>\n<meta property=\"og:availability\" content=\"instock\" \/>\n<meta property=\"product:availability\" content=\"instock\" \/>\n<meta property=\"product:retailer_item_id\" content=\"NN-GP-CB\" \/>\n<meta property=\"product:condition\" content=\"new\" \/>\n<!-- \/ Yoast SEO Premium plugin. -->","yoast_head_json":{"title":"Ladrillo de coco: Sustrato Ligero para Jardiner\u00eda Urbana - NatureNeem e-Shop","description":"Transforma tu jardiner\u00eda con Coco Brick, \u00a1un sustrato comprimido que crea 12 litros de medio de plantaci\u00f3n! Perfecto para la jardiner\u00eda urbana. \ud83c\udf31","robots":{"index":"index","follow":"follow","max-snippet":"max-snippet:-1","max-image-preview":"max-image-preview:large","max-video-preview":"max-video-preview:-1"},"canonical":"https:\/\/shop.natureneem.com\/es\/e-shop\/coco-ladrillo\/","og_locale":"es_ES","og_type":"article","og_title":"CocoBrick","og_description":"Transforma tu jardiner\u00eda con Coco Brick, \u00a1un sustrato comprimido que crea 12 litros de medio de plantaci\u00f3n! Perfecto para la jardiner\u00eda urbana. \ud83c\udf31","og_url":"https:\/\/shop.natureneem.com\/es\/e-shop\/coco-ladrillo\/","og_site_name":"NatureNeem e-Shop","article_publisher":"https:\/\/www.facebook.com\/natureneemindia\/","article_modified_time":"2025-06-13T05:51:30+00:00","og_image":[{"width":2400,"height":2400,"url":"https:\/\/shop.natureneem.com\/wp-content\/uploads\/2021\/05\/2025-05-26-NN_COCO-BRICK-WEB-01-11.jpg","type":"image\/jpeg"}],"twitter_card":"summary_large_image","twitter_site":"@natureneem","twitter_misc":{"Disponibilidad":"Disponible"},"schema":{"@context":"https:\/\/schema.org","@graph":[{"@type":"WebPage","@id":"https:\/\/shop.natureneem.com\/es\/e-shop\/coco-ladrillo\/","url":"https:\/\/shop.natureneem.com\/es\/e-shop\/coco-ladrillo\/","name":"Ladrillo de coco: Sustrato Ligero para Jardiner\u00eda Urbana - NatureNeem e-Shop","isPartOf":{"@id":"https:\/\/shop.natureneem.com\/es\/#website"},"primaryImageOfPage":{"@id":"https:\/\/shop.natureneem.com\/es\/e-shop\/coco-ladrillo\/#primaryimage"},"image":{"@id":"https:\/\/shop.natureneem.com\/es\/e-shop\/coco-ladrillo\/#primaryimage"},"thumbnailUrl":"https:\/\/shop.natureneem.com\/wp-content\/uploads\/2021\/05\/2025-05-26-NN_COCO-BRICK-WEB-01-11.jpg","datePublished":"2021-05-07T09:11:23+00:00","dateModified":"2025-06-13T05:51:30+00:00","description":"Transforma tu jardiner\u00eda con Coco Brick, \u00a1un sustrato comprimido que crea 12 litros de medio de plantaci\u00f3n! Perfecto para la jardiner\u00eda urbana. \ud83c\udf31","breadcrumb":{"@id":"https:\/\/shop.natureneem.com\/es\/e-shop\/coco-ladrillo\/#breadcrumb"},"inLanguage":"es","potentialAction":[{"@type":"ReadAction","target":["https:\/\/shop.natureneem.com\/es\/e-shop\/coco-ladrillo\/"]}]},{"@type":"ImageObject","inLanguage":"es","@id":"https:\/\/shop.natureneem.com\/es\/e-shop\/coco-ladrillo\/#primaryimage","url":"https:\/\/shop.natureneem.com\/wp-content\/uploads\/2021\/05\/2025-05-26-NN_COCO-BRICK-WEB-01-11.jpg","contentUrl":"https:\/\/shop.natureneem.com\/wp-content\/uploads\/2021\/05\/2025-05-26-NN_COCO-BRICK-WEB-01-11.jpg","width":2400,"height":2400,"caption":"Bloques de m\u00e9dula de coco"},{"@type":"BreadcrumbList","@id":"https:\/\/shop.natureneem.com\/es\/e-shop\/coco-ladrillo\/#breadcrumb","itemListElement":[{"@type":"ListItem","position":1,"name":"Home","item":"https:\/\/shop.natureneem.com\/es\/inicio\/"},{"@type":"ListItem","position":2,"name":"Tienda electr\u00f3nica","item":"https:\/\/shop.natureneem.com\/es\/tienda\/"},{"@type":"ListItem","position":3,"name":"CocoBrick"}]},{"@type":"WebSite","@id":"https:\/\/shop.natureneem.com\/es\/#website","url":"https:\/\/shop.natureneem.com\/es\/","name":"NatureNeem e-Shop","description":"Official Shop from Nature Neem","publisher":{"@id":"https:\/\/shop.natureneem.com\/es\/#organization"},"alternateName":"Nature Neem","potentialAction":[{"@type":"SearchAction","target":{"@type":"EntryPoint","urlTemplate":"https:\/\/shop.natureneem.com\/es\/?s={search_term_string}"},"query-input":{"@type":"PropertyValueSpecification","valueRequired":true,"valueName":"search_term_string"}}],"inLanguage":"es"},{"@type":"Organization","@id":"https:\/\/shop.natureneem.com\/es\/#organization","name":"Nature Neem","alternateName":"Lorsun SAS","url":"https:\/\/shop.natureneem.com\/es\/","logo":{"@type":"ImageObject","inLanguage":"es","@id":"https:\/\/shop.natureneem.com\/es\/#\/schema\/logo\/image\/","url":"https:\/\/shop.natureneem.com\/wp-content\/uploads\/2024\/09\/nn-logo-symbole-2024-01.svg","contentUrl":"https:\/\/shop.natureneem.com\/wp-content\/uploads\/2024\/09\/nn-logo-symbole-2024-01.svg","width":1,"height":1,"caption":"Nature Neem"},"image":{"@id":"https:\/\/shop.natureneem.com\/es\/#\/schema\/logo\/image\/"},"sameAs":["https:\/\/www.facebook.com\/natureneemindia\/","https:\/\/x.com\/natureneem","https:\/\/www.youtube.com\/user\/natureneem","https:\/\/www.linkedin.com\/company\/natureneem"],"description":"Nos dedicamos al desarrollo y comercializaci\u00f3n de soluciones ecol\u00f3gicas. Seguimos inventando estas soluciones alternativas naturales que pueden sustituir eficazmente a los productos de s\u00edntesis qu\u00edmica que da\u00f1an nuestro medio ambiente. Nuestro equipo es especialmente competente en la propuesta de insumos agr\u00edcolas ecol\u00f3gicos. Tambi\u00e9n actuamos como una asociaci\u00f3n de personas con ideas afines que creen que la naturaleza sustenta la soluci\u00f3n de todos los problemas medioambientales a los que se enfrenta el ser humano.   ","email":"info@natureneem.com","telephone":"+91 77084 00899","legalName":"NATURE NEEM PRODUCTS","vatID":"FR08891657884","numberOfEmployees":{"@type":"QuantitativeValue","minValue":"51","maxValue":"200"},"publishingPrinciples":"https:\/\/shop.natureneem.com\/","actionableFeedbackPolicy":"https:\/\/shop.natureneem.com\/return-and-refund-policy\/","hasMerchantReturnPolicy":{"@type":"MerchantReturnPolicy","merchantReturnLink":"https:\/\/shop.natureneem.com\/return-and-refund-policy\/"}}]},"og_availability":"instock","product_availability":"instock","product_retailer_item_id":"NN-GP-CB","product_condition":"new"},"_links":{"self":[{"href":"https:\/\/shop.natureneem.com\/es\/wp-json\/wp\/v2\/product\/5573","targetHints":{"allow":["GET"]}}],"collection":[{"href":"https:\/\/shop.natureneem.com\/es\/wp-json\/wp\/v2\/product"}],"about":[{"href":"https:\/\/shop.natureneem.com\/es\/wp-json\/wp\/v2\/types\/product"}],"replies":[{"embeddable":true,"href":"https:\/\/shop.natureneem.com\/es\/wp-json\/wp\/v2\/comments?post=5573"}],"wp:featuredmedia":[{"embeddable":true,"href":"https:\/\/shop.natureneem.com\/es\/wp-json\/wp\/v2\/media\/11746"}],"wp:attachment":[{"href":"https:\/\/shop.natureneem.com\/es\/wp-json\/wp\/v2\/media?parent=5573"}],"wp:term":[{"taxonomy":"product_brand","embeddable":true,"href":"https:\/\/shop.natureneem.com\/es\/wp-json\/wp\/v2\/product_brand?post=5573"},{"taxonomy":"product_cat","embeddable":true,"href":"https:\/\/shop.natureneem.com\/es\/wp-json\/wp\/v2\/product_cat?post=5573"},{"taxonomy":"product_tag","embeddable":true,"href":"https:\/\/shop.natureneem.com\/es\/wp-json\/wp\/v2\/product_tag?post=5573"}],"curies":[{"name":"wp","href":"https:\/\/api.w.org\/{rel}","templated":true}]}}