{"id":5582,"date":"2019-07-06T18:49:41","date_gmt":"2019-07-06T16:49:41","guid":{"rendered":"https:\/\/shop.natureneem.com\/e-shop\/aceite-puro-de-neem\/"},"modified":"2026-01-08T11:56:34","modified_gmt":"2026-01-08T10:56:34","slug":"aceite-puro-de-neem","status":"publish","type":"product","link":"https:\/\/shop.natureneem.com\/es\/e-shop\/aceite-puro-de-neem\/","title":{"rendered":"Aceite puro de Neem"},"content":{"rendered":"<p><strong>El aceite puro de neem procede del prensado en fr\u00edo de la semilla de semillas maduradas segregadas de la mejor calidad.<\/strong><\/p>\n<p>Estas semillas de neem se obtienen despulpando, lavando, secando y decorticando los frutos de neem de temporada. Nuestro aceite puro de neem no contiene estabilizantes, emulgentes ni aditivos, y est\u00e1 certificado por Ecocert como insumo ecol\u00f3gico. <\/p>\n<p>El Neem es una f\u00e1brica bioqu\u00edmica que contiene varios miles de compuestos org\u00e1nicos. Los medicamentos utilizan cada una de las partes del neem. El aceite de neem tiene propiedades curativas y se utiliza ampliamente en los sistemas tradicionales de medicina desde hace siglos. Tras numerosas investigaciones de destacadas organizaciones, el neem es la hierba medicinal m\u00e1s segura y eficaz contra varias enfermedades. La Oficina de Nutrici\u00f3n Especial de la FDA mantiene una amplia base de datos sobre los efectos adversos de los medicamentos a base de plantas. Esta base de datos no incluye ninguna referencia al Neem que indique problemas potenciales.     <\/p>\n<h3>\u00bfPor qu\u00e9 nuestro aceite puro de Neem es superior a otros aceites? No dudes en comparar, \u00a1te sorprender\u00e1s! <\/h3>\n<p>Porque la Azadiractina, el ingrediente principal, es de unas 2500 ppm (0,25 %). Los lotes t\u00edpicos de ciertas temporadas han mostrado niveles r\u00e9cord de 3000 ppm de Azadiractina.<br \/>\n<strong>Sin embargo, el contenido de azadiractina de los productos m\u00e1s baratos disponibles en el mercado no supera las 300 ppm.<\/strong><\/p>\n<p>&nbsp;<\/p>\n<div class=\"uk-grid-match uk-child-width-expand@s\" uk-grid=\"\">\n<div>\n<div class=\"uk-card uk-card-primary uk-card-body\">\n<h3 class=\"uk-card-title\">Para la medicina ayurv\u00e9dica<\/h3>\n<p><strong>Cuidado de la piel<\/strong> Es un medicamento natural para la curaci\u00f3n de trastornos cut\u00e1neos t\u00f3picos como el eczema. Con el tiempo tambi\u00e9n para erupciones cut\u00e1neas, en particular para el acn\u00e9. A\u00fan m\u00e1s para la dermatitis, problemas de piel id\u00e9nticamente seca, sin embargo, quemaduras. Siempre encontrar\u00e1s beneficios con el aceite de neem puro.   <\/p>\n<p><strong>Contra los Piojos<\/strong> Justo antes del ba\u00f1o, masajea el cuero cabelludo y el cabello con aceite de Neem directamente o mezclado con un 50% de acondicionador.<\/p>\n<\/div>\n<\/div>\n<div>\n<div class=\"uk-card uk-card-default uk-card-body uk-background-muted\">\n<h3 class=\"uk-card-title\">Un insecticida org\u00e1nico para plantas y animales<\/h3>\n<p>Para su uso como insecticida ecol\u00f3gico, en particular para la pulverizaci\u00f3n, proponemos 2 productos hidrosolubles <strong><a class=\"uk-button-link\" href=\"https:\/\/shop.natureneem.com\/e-shop\/totalcare-water-soluble-neem-oil\/\">TotalCare<\/a> <\/strong>formulaci\u00f3n de aceite de neem optimizada m\u00e1s bien para pulverizaci\u00f3n vegetal y en otro caso <strong><a class=\"uk-button-link\" href=\"https:\/\/shop.natureneem.com\/es\/e-shop\/biocare\/\">BioCare <\/a><\/strong>formulaci\u00f3n de aceite de neem de ectopar\u00e1sitos cuando, por ejemplo, afecta a animales.<\/p>\n<\/div>\n<\/div>\n<\/div>\n<div class=\"uk-grid-match uk-child-width-expand@s uk-text-center\" uk-grid=\"\">\n<div>\n<div class=\"uk-card uk-card-default uk-card-body\">\n<h2 class=\"uk-card-title\">El Aceite Puro de Neem est\u00e1 certificado por la reclamaci\u00f3n de Ecocert seg\u00fan las normas NOP, UE y JAP<\/h2>\n<div><img loading=\"lazy\" decoding=\"async\" class=\"alignnone wp-image-391 size-medium\" src=\"https:\/\/shop.natureneem.com\/wp-content\/uploads\/2023\/05\/nn_cert_facture-300x60.png\" alt=\"Los productos Nature Neem est\u00e1n certificados por Ecocert SA F-32600, y las Normas de la Comisi\u00f3n Europea, el Programa Nacional Ecol\u00f3gico (NOP - USDA), la Certificaci\u00f3n de la Soil Association.\" width=\"300\" height=\"60\"><\/div>\n<\/div>\n<\/div>\n<div>\n<div class=\"uk-card uk-card-secondary uk-card-body\">\n<h2 class=\"uk-card-title\">\u00bfC\u00f3mo aplicar este producto?<\/h2>\n<p>Descripci\u00f3n completa, solicitudes, preguntas frecuentes e informaci\u00f3n.<\/p>\n<div><a class=\"uk-button uk-button-primary\" href=\"https:\/\/natureneem.com\/en\/products\/pure-neem-oil\" target=\"_blank\" rel=\"noopener noreferrer\">HAZ CLIC AQU\u00cd<\/a><\/div>\n<\/div>\n<\/div>\n<\/div>\n<h3>El aceite puro de neem lo produce Nature Neem en Tamil Nadu, India.<br \/>\nTodos los productos de Nature Neem India son totalmente bio. <b>Del mismo modo, prueba<\/b> <a href=\"https:\/\/shop.natureneem.com\/e-shop\/nutraza-pellet-of-neem-seed\/\">NutrAza<\/a> para completar los beneficios del abono de neem, y <a href=\"https:\/\/shop.natureneem.com\/es\/e-shop\/biocare\/\">BioCare<\/a> espec\u00edficamente para tus animales.<\/h3>\n","protected":false},"excerpt":{"rendered":"<div>\n<p><img decoding=\"async\" style=\"float: left;\" src=\"https:\/\/natureneem.com\/images\/logos\/nn_pure_oil.svg\" alt=\"NatureNeem Aceite puro de Neem\" width=\"100\">  Prensado en fr\u00edo del grano de semillas de neem maduradas segregadas de buena calidad.<\/p>\n<p><strong>\u00bfC\u00f3mo aplicar este producto?<\/strong><\/p>\n<div><a class=\"uk-button uk-button-small uk-button-primary\" href=\"https:\/\/natureneem.com\/en\/products\/pure-neem-oil#applications\" target=\"_blank\" rel=\"noopener noreferrer\">HAZ CLIC AQU\u00cd<\/a><\/div>\n<div><\/div>\n<\/div>\n","protected":false},"featured_media":5302,"comment_status":"open","ping_status":"closed","template":"","meta":[],"product_brand":[],"product_cat":[133],"product_tag":[],"class_list":{"0":"post-5582","1":"product","2":"type-product","3":"status-publish","4":"has-post-thumbnail","6":"product_cat-productos-de-neem","7":"pa_packing-1l-es","8":"pa_packing-20l-es","9":"pa_packing-250ml-es","10":"pa_packing-5l-es","11":"pa_packing-500ml-es","13":"first","14":"instock","15":"shipping-taxable","16":"purchasable","17":"product-type-variable","18":"has-default-attributes"},"yoast_head":"<!-- This site is optimized with the Yoast SEO Premium plugin v27.1 (Yoast SEO v27.2) - https:\/\/yoast.com\/product\/yoast-seo-premium-wordpress\/ -->\n<title>Aceite de Neem Puro Ecol\u00f3gico Certificado: Sin aditivos ni estabilizantes \ud83d\udfe1 NatureNeem e-Shop<\/title>\n<meta name=\"description\" content=\"Experimenta el poder del aceite de neem puro, extra\u00eddo de las semillas de neem de la mejor calidad. 100% ecol\u00f3gico y sin aditivos. \u00a1Consigue el tuyo ahora!\" \/>\n<meta name=\"robots\" content=\"index, follow, max-snippet:-1, max-image-preview:large, max-video-preview:-1\" \/>\n<link rel=\"canonical\" href=\"https:\/\/shop.natureneem.com\/es\/e-shop\/aceite-puro-de-neem\/\" \/>\n<meta property=\"og:locale\" content=\"es_ES\" \/>\n<meta property=\"og:type\" content=\"article\" \/>\n<meta property=\"og:title\" content=\"Experimenta la F\u00e1brica Bioqu\u00edmica: Aceite puro de Neem para soluciones naturales\" \/>\n<meta property=\"og:description\" content=\"Descubre la forma m\u00e1s pura de aceite de neem, prensado en fr\u00edo a partir de semillas de neem cuidadosamente seleccionadas. Experimenta las bondades org\u00e1nicas como nunca antes. \u00a1Consigue el tuyo ahora!\" \/>\n<meta property=\"og:url\" content=\"https:\/\/shop.natureneem.com\/es\/e-shop\/aceite-puro-de-neem\/\" \/>\n<meta property=\"og:site_name\" content=\"NatureNeem e-Shop\" \/>\n<meta property=\"article:publisher\" content=\"https:\/\/www.facebook.com\/natureneemindia\/\" \/>\n<meta property=\"article:modified_time\" content=\"2026-01-08T10:56:34+00:00\" \/>\n<meta property=\"og:image\" content=\"https:\/\/shop.natureneem.com\/wp-content\/uploads\/2019\/07\/nn_pureneemoil_01-1.jpg\" \/>\n\t<meta property=\"og:image:width\" content=\"1000\" \/>\n\t<meta property=\"og:image:height\" content=\"1000\" \/>\n\t<meta property=\"og:image:type\" content=\"image\/jpeg\" \/>\n<meta name=\"twitter:card\" content=\"summary_large_image\" \/>\n<meta name=\"twitter:title\" content=\"Aceite puro de Neem: Prensado en fr\u00edo para una calidad y pureza superiores\" \/>\n<meta name=\"twitter:description\" content=\"Experimenta el poder del aceite de neem puro, prensado en fr\u00edo a partir de las mejores semillas de neem. Certificado ecol\u00f3gico, sin aditivos ni emulsionantes. \u00a1Consigue el tuyo hoy mismo y disfruta de sus numerosos beneficios!\" \/>\n<meta name=\"twitter:site\" content=\"@natureneem\" \/>\n<meta name=\"twitter:label1\" content=\"Disponibilidad\" \/>\n\t<meta name=\"twitter:data1\" content=\"Disponible\" \/>\n<script type=\"application\/ld+json\" class=\"yoast-schema-graph\">{\"@context\":\"https:\/\/schema.org\",\"@graph\":[{\"@type\":\"WebPage\",\"@id\":\"https:\/\/shop.natureneem.com\/es\/e-shop\/aceite-puro-de-neem\/\",\"url\":\"https:\/\/shop.natureneem.com\/es\/e-shop\/aceite-puro-de-neem\/\",\"name\":\"Aceite de Neem Puro Ecol\u00f3gico Certificado: Sin aditivos ni estabilizantes \ud83d\udfe1 NatureNeem e-Shop\",\"isPartOf\":{\"@id\":\"https:\/\/shop.natureneem.com\/es\/#website\"},\"primaryImageOfPage\":{\"@id\":\"https:\/\/shop.natureneem.com\/es\/e-shop\/aceite-puro-de-neem\/#primaryimage\"},\"image\":{\"@id\":\"https:\/\/shop.natureneem.com\/es\/e-shop\/aceite-puro-de-neem\/#primaryimage\"},\"thumbnailUrl\":\"https:\/\/shop.natureneem.com\/wp-content\/uploads\/2019\/07\/nn_pureneemoil_01-1.jpg\",\"datePublished\":\"2019-07-06T16:49:41+00:00\",\"dateModified\":\"2026-01-08T10:56:34+00:00\",\"description\":\"Experimenta el poder del aceite de neem puro, extra\u00eddo de las semillas de neem de la mejor calidad. 100% ecol\u00f3gico y sin aditivos. \u00a1Consigue el tuyo ahora!\",\"breadcrumb\":{\"@id\":\"https:\/\/shop.natureneem.com\/es\/e-shop\/aceite-puro-de-neem\/#breadcrumb\"},\"inLanguage\":\"es\",\"potentialAction\":[{\"@type\":\"ReadAction\",\"target\":[\"https:\/\/shop.natureneem.com\/es\/e-shop\/aceite-puro-de-neem\/\"]}]},{\"@type\":\"ImageObject\",\"inLanguage\":\"es\",\"@id\":\"https:\/\/shop.natureneem.com\/es\/e-shop\/aceite-puro-de-neem\/#primaryimage\",\"url\":\"https:\/\/shop.natureneem.com\/wp-content\/uploads\/2019\/07\/nn_pureneemoil_01-1.jpg\",\"contentUrl\":\"https:\/\/shop.natureneem.com\/wp-content\/uploads\/2019\/07\/nn_pureneemoil_01-1.jpg\",\"width\":1000,\"height\":1000,\"caption\":\"Aceite puro de Neem por Nature Neem\"},{\"@type\":\"BreadcrumbList\",\"@id\":\"https:\/\/shop.natureneem.com\/es\/e-shop\/aceite-puro-de-neem\/#breadcrumb\",\"itemListElement\":[{\"@type\":\"ListItem\",\"position\":1,\"name\":\"Home\",\"item\":\"https:\/\/shop.natureneem.com\/es\/inicio\/\"},{\"@type\":\"ListItem\",\"position\":2,\"name\":\"Tienda electr\u00f3nica\",\"item\":\"https:\/\/shop.natureneem.com\/es\/tienda\/\"},{\"@type\":\"ListItem\",\"position\":3,\"name\":\"Aceite puro de Neem\"}]},{\"@type\":\"WebSite\",\"@id\":\"https:\/\/shop.natureneem.com\/es\/#website\",\"url\":\"https:\/\/shop.natureneem.com\/es\/\",\"name\":\"NatureNeem e-Shop\",\"description\":\"Official Shop from Nature Neem\",\"publisher\":{\"@id\":\"https:\/\/shop.natureneem.com\/es\/#organization\"},\"alternateName\":\"Nature Neem\",\"potentialAction\":[{\"@type\":\"SearchAction\",\"target\":{\"@type\":\"EntryPoint\",\"urlTemplate\":\"https:\/\/shop.natureneem.com\/es\/?s={search_term_string}\"},\"query-input\":{\"@type\":\"PropertyValueSpecification\",\"valueRequired\":true,\"valueName\":\"search_term_string\"}}],\"inLanguage\":\"es\"},{\"@type\":\"Organization\",\"@id\":\"https:\/\/shop.natureneem.com\/es\/#organization\",\"name\":\"Nature Neem\",\"alternateName\":\"Lorsun SAS\",\"url\":\"https:\/\/shop.natureneem.com\/es\/\",\"logo\":{\"@type\":\"ImageObject\",\"inLanguage\":\"es\",\"@id\":\"https:\/\/shop.natureneem.com\/es\/#\/schema\/logo\/image\/\",\"url\":\"https:\/\/shop.natureneem.com\/wp-content\/uploads\/2024\/09\/nn-logo-symbole-2024-01.svg\",\"contentUrl\":\"https:\/\/shop.natureneem.com\/wp-content\/uploads\/2024\/09\/nn-logo-symbole-2024-01.svg\",\"width\":1,\"height\":1,\"caption\":\"Nature Neem\"},\"image\":{\"@id\":\"https:\/\/shop.natureneem.com\/es\/#\/schema\/logo\/image\/\"},\"sameAs\":[\"https:\/\/www.facebook.com\/natureneemindia\/\",\"https:\/\/x.com\/natureneem\",\"https:\/\/www.youtube.com\/user\/natureneem\",\"https:\/\/www.linkedin.com\/company\/natureneem\"],\"description\":\"Nos dedicamos al desarrollo y comercializaci\u00f3n de soluciones ecol\u00f3gicas. Seguimos inventando estas soluciones alternativas naturales que pueden sustituir eficazmente a los productos de s\u00edntesis qu\u00edmica que da\u00f1an nuestro medio ambiente. Nuestro equipo es especialmente competente en la propuesta de insumos agr\u00edcolas ecol\u00f3gicos. Tambi\u00e9n actuamos como una asociaci\u00f3n de personas con ideas afines que creen que la naturaleza sustenta la soluci\u00f3n de todos los problemas medioambientales a los que se enfrenta el ser humano.   \",\"email\":\"info@natureneem.com\",\"telephone\":\"+91 77084 00899\",\"legalName\":\"NATURE NEEM PRODUCTS\",\"vatID\":\"FR08891657884\",\"numberOfEmployees\":{\"@type\":\"QuantitativeValue\",\"minValue\":\"51\",\"maxValue\":\"200\"},\"publishingPrinciples\":\"https:\/\/shop.natureneem.com\/\",\"actionableFeedbackPolicy\":\"https:\/\/shop.natureneem.com\/return-and-refund-policy\/\",\"hasMerchantReturnPolicy\":{\"@type\":\"MerchantReturnPolicy\",\"merchantReturnLink\":\"https:\/\/shop.natureneem.com\/return-and-refund-policy\/\"}}]}<\/script>\n<meta property=\"og:availability\" content=\"instock\" \/>\n<meta property=\"product:availability\" content=\"instock\" \/>\n<meta property=\"product:retailer_item_id\" content=\"Pure_Neem_Oil\" \/>\n<meta property=\"product:condition\" content=\"new\" \/>\n<!-- \/ Yoast SEO Premium plugin. -->","yoast_head_json":{"title":"Aceite de Neem Puro Ecol\u00f3gico Certificado: Sin aditivos ni estabilizantes \ud83d\udfe1 NatureNeem e-Shop","description":"Experimenta el poder del aceite de neem puro, extra\u00eddo de las semillas de neem de la mejor calidad. 100% ecol\u00f3gico y sin aditivos. \u00a1Consigue el tuyo ahora!","robots":{"index":"index","follow":"follow","max-snippet":"max-snippet:-1","max-image-preview":"max-image-preview:large","max-video-preview":"max-video-preview:-1"},"canonical":"https:\/\/shop.natureneem.com\/es\/e-shop\/aceite-puro-de-neem\/","og_locale":"es_ES","og_type":"article","og_title":"Experimenta la F\u00e1brica Bioqu\u00edmica: Aceite puro de Neem para soluciones naturales","og_description":"Descubre la forma m\u00e1s pura de aceite de neem, prensado en fr\u00edo a partir de semillas de neem cuidadosamente seleccionadas. Experimenta las bondades org\u00e1nicas como nunca antes. \u00a1Consigue el tuyo ahora!","og_url":"https:\/\/shop.natureneem.com\/es\/e-shop\/aceite-puro-de-neem\/","og_site_name":"NatureNeem e-Shop","article_publisher":"https:\/\/www.facebook.com\/natureneemindia\/","article_modified_time":"2026-01-08T10:56:34+00:00","og_image":[{"width":1000,"height":1000,"url":"https:\/\/shop.natureneem.com\/wp-content\/uploads\/2019\/07\/nn_pureneemoil_01-1.jpg","type":"image\/jpeg"}],"twitter_card":"summary_large_image","twitter_title":"Aceite puro de Neem: Prensado en fr\u00edo para una calidad y pureza superiores","twitter_description":"Experimenta el poder del aceite de neem puro, prensado en fr\u00edo a partir de las mejores semillas de neem. Certificado ecol\u00f3gico, sin aditivos ni emulsionantes. \u00a1Consigue el tuyo hoy mismo y disfruta de sus numerosos beneficios!","twitter_site":"@natureneem","twitter_misc":{"Disponibilidad":"Disponible"},"schema":{"@context":"https:\/\/schema.org","@graph":[{"@type":"WebPage","@id":"https:\/\/shop.natureneem.com\/es\/e-shop\/aceite-puro-de-neem\/","url":"https:\/\/shop.natureneem.com\/es\/e-shop\/aceite-puro-de-neem\/","name":"Aceite de Neem Puro Ecol\u00f3gico Certificado: Sin aditivos ni estabilizantes \ud83d\udfe1 NatureNeem e-Shop","isPartOf":{"@id":"https:\/\/shop.natureneem.com\/es\/#website"},"primaryImageOfPage":{"@id":"https:\/\/shop.natureneem.com\/es\/e-shop\/aceite-puro-de-neem\/#primaryimage"},"image":{"@id":"https:\/\/shop.natureneem.com\/es\/e-shop\/aceite-puro-de-neem\/#primaryimage"},"thumbnailUrl":"https:\/\/shop.natureneem.com\/wp-content\/uploads\/2019\/07\/nn_pureneemoil_01-1.jpg","datePublished":"2019-07-06T16:49:41+00:00","dateModified":"2026-01-08T10:56:34+00:00","description":"Experimenta el poder del aceite de neem puro, extra\u00eddo de las semillas de neem de la mejor calidad. 100% ecol\u00f3gico y sin aditivos. \u00a1Consigue el tuyo ahora!","breadcrumb":{"@id":"https:\/\/shop.natureneem.com\/es\/e-shop\/aceite-puro-de-neem\/#breadcrumb"},"inLanguage":"es","potentialAction":[{"@type":"ReadAction","target":["https:\/\/shop.natureneem.com\/es\/e-shop\/aceite-puro-de-neem\/"]}]},{"@type":"ImageObject","inLanguage":"es","@id":"https:\/\/shop.natureneem.com\/es\/e-shop\/aceite-puro-de-neem\/#primaryimage","url":"https:\/\/shop.natureneem.com\/wp-content\/uploads\/2019\/07\/nn_pureneemoil_01-1.jpg","contentUrl":"https:\/\/shop.natureneem.com\/wp-content\/uploads\/2019\/07\/nn_pureneemoil_01-1.jpg","width":1000,"height":1000,"caption":"Aceite puro de Neem por Nature Neem"},{"@type":"BreadcrumbList","@id":"https:\/\/shop.natureneem.com\/es\/e-shop\/aceite-puro-de-neem\/#breadcrumb","itemListElement":[{"@type":"ListItem","position":1,"name":"Home","item":"https:\/\/shop.natureneem.com\/es\/inicio\/"},{"@type":"ListItem","position":2,"name":"Tienda electr\u00f3nica","item":"https:\/\/shop.natureneem.com\/es\/tienda\/"},{"@type":"ListItem","position":3,"name":"Aceite puro de Neem"}]},{"@type":"WebSite","@id":"https:\/\/shop.natureneem.com\/es\/#website","url":"https:\/\/shop.natureneem.com\/es\/","name":"NatureNeem e-Shop","description":"Official Shop from Nature Neem","publisher":{"@id":"https:\/\/shop.natureneem.com\/es\/#organization"},"alternateName":"Nature Neem","potentialAction":[{"@type":"SearchAction","target":{"@type":"EntryPoint","urlTemplate":"https:\/\/shop.natureneem.com\/es\/?s={search_term_string}"},"query-input":{"@type":"PropertyValueSpecification","valueRequired":true,"valueName":"search_term_string"}}],"inLanguage":"es"},{"@type":"Organization","@id":"https:\/\/shop.natureneem.com\/es\/#organization","name":"Nature Neem","alternateName":"Lorsun SAS","url":"https:\/\/shop.natureneem.com\/es\/","logo":{"@type":"ImageObject","inLanguage":"es","@id":"https:\/\/shop.natureneem.com\/es\/#\/schema\/logo\/image\/","url":"https:\/\/shop.natureneem.com\/wp-content\/uploads\/2024\/09\/nn-logo-symbole-2024-01.svg","contentUrl":"https:\/\/shop.natureneem.com\/wp-content\/uploads\/2024\/09\/nn-logo-symbole-2024-01.svg","width":1,"height":1,"caption":"Nature Neem"},"image":{"@id":"https:\/\/shop.natureneem.com\/es\/#\/schema\/logo\/image\/"},"sameAs":["https:\/\/www.facebook.com\/natureneemindia\/","https:\/\/x.com\/natureneem","https:\/\/www.youtube.com\/user\/natureneem","https:\/\/www.linkedin.com\/company\/natureneem"],"description":"Nos dedicamos al desarrollo y comercializaci\u00f3n de soluciones ecol\u00f3gicas. Seguimos inventando estas soluciones alternativas naturales que pueden sustituir eficazmente a los productos de s\u00edntesis qu\u00edmica que da\u00f1an nuestro medio ambiente. Nuestro equipo es especialmente competente en la propuesta de insumos agr\u00edcolas ecol\u00f3gicos. Tambi\u00e9n actuamos como una asociaci\u00f3n de personas con ideas afines que creen que la naturaleza sustenta la soluci\u00f3n de todos los problemas medioambientales a los que se enfrenta el ser humano.   ","email":"info@natureneem.com","telephone":"+91 77084 00899","legalName":"NATURE NEEM PRODUCTS","vatID":"FR08891657884","numberOfEmployees":{"@type":"QuantitativeValue","minValue":"51","maxValue":"200"},"publishingPrinciples":"https:\/\/shop.natureneem.com\/","actionableFeedbackPolicy":"https:\/\/shop.natureneem.com\/return-and-refund-policy\/","hasMerchantReturnPolicy":{"@type":"MerchantReturnPolicy","merchantReturnLink":"https:\/\/shop.natureneem.com\/return-and-refund-policy\/"}}]},"og_availability":"instock","product_availability":"instock","product_retailer_item_id":"Pure_Neem_Oil","product_condition":"new"},"_links":{"self":[{"href":"https:\/\/shop.natureneem.com\/es\/wp-json\/wp\/v2\/product\/5582","targetHints":{"allow":["GET"]}}],"collection":[{"href":"https:\/\/shop.natureneem.com\/es\/wp-json\/wp\/v2\/product"}],"about":[{"href":"https:\/\/shop.natureneem.com\/es\/wp-json\/wp\/v2\/types\/product"}],"replies":[{"embeddable":true,"href":"https:\/\/shop.natureneem.com\/es\/wp-json\/wp\/v2\/comments?post=5582"}],"wp:featuredmedia":[{"embeddable":true,"href":"https:\/\/shop.natureneem.com\/es\/wp-json\/wp\/v2\/media\/5302"}],"wp:attachment":[{"href":"https:\/\/shop.natureneem.com\/es\/wp-json\/wp\/v2\/media?parent=5582"}],"wp:term":[{"taxonomy":"product_brand","embeddable":true,"href":"https:\/\/shop.natureneem.com\/es\/wp-json\/wp\/v2\/product_brand?post=5582"},{"taxonomy":"product_cat","embeddable":true,"href":"https:\/\/shop.natureneem.com\/es\/wp-json\/wp\/v2\/product_cat?post=5582"},{"taxonomy":"product_tag","embeddable":true,"href":"https:\/\/shop.natureneem.com\/es\/wp-json\/wp\/v2\/product_tag?post=5582"}],"curies":[{"name":"wp","href":"https:\/\/api.w.org\/{rel}","templated":true}]}}