{"id":5619,"date":"2019-07-06T19:06:49","date_gmt":"2019-07-06T17:06:49","guid":{"rendered":"https:\/\/shop.natureneem.com\/e-shop\/biocare\/"},"modified":"2026-03-19T12:21:57","modified_gmt":"2026-03-19T11:21:57","slug":"biocare","status":"publish","type":"product","link":"https:\/\/shop.natureneem.com\/es\/e-shop\/biocare\/","title":{"rendered":"BioCare"},"content":{"rendered":"<h2>El aceite de neem para animales: BioCare<\/h2>\n<p><strong>BioCare, el aceite de neem para animales, es una formulaci\u00f3n original de la I+D Nature Neem<\/strong>. Sus ingredientes est\u00e1n optimizados para animales y aves. Es eficaz para controlar los par\u00e1sitos externos y las distintas enfermedades f\u00fangicas que afectan a animales y aves.  <\/p>\n<p>BioCare es la elecci\u00f3n de los cuidadores de mascotas que quieren buscar una alternativa natural a los pesticidas qu\u00edmicos. BioCare pertenece a la categor\u00eda de los pesticidas de medio a amplio espectro. Act\u00faa interviniendo en varias fases del ciclo vital de los par\u00e1sitos.  <\/p>\n<div class=\"uk-grid-match uk-child-width-expand@s\" uk-grid=\"\">\n<div>\n<div class=\"uk-card uk-card-primary uk-card-body\">\n<h3 class=\"uk-card-title\">BioCare como fungicida y bactericida<\/h3>\n<p>Puedes encontrar todas las dosis para caballos, cerdos, conejos y, por supuesto, para tus perros, gatos y p\u00e1jaros. Al fin y al cabo, hay muchos estudios de casos que demuestran que el aceite para animales ha curado y rejuvenecido la piel de los perros.<br \/>\nEl aceite de neem para animales no crea ning\u00fan problema medioambiental y mantiene el agroecosistema libre de contaminaci\u00f3n. <\/p>\n<\/div>\n<\/div>\n<div>\n<div class=\"uk-card uk-card-default uk-card-body uk-background-muted\">\n<p>Muchos m\u00e9todos para erradicar las plagas :<\/p>\n<ul>\n<li style=\"text-align: justify;\"><strong>Esteriliza<\/strong> el sistema <strong>reproductor de los insectos<\/strong> e interrumpe la reproducci\u00f3n.<\/li>\n<li><strong>Reduce<\/strong> la capacidad de <strong>puesta de huevos de los insectos<\/strong>.<\/li>\n<li><strong>Altera<\/strong> la incubabilidad de <strong>los huevos<\/strong>.<\/li>\n<li><strong>Afecta<\/strong> negativamente <strong>al desarrollo de larvas<\/strong>, pupas y ninfas.<\/li>\n<\/ul>\n<\/div>\n<\/div>\n<\/div>\n<div class=\"uk-grid-match uk-child-width-expand@s uk-text-center\" uk-grid=\"\">\n<div>\n<div class=\"uk-card uk-card-default uk-card-body\">\n<h3>\u00bfPor qu\u00e9 BioCare es superior a otros aceites? No dudes en comparar, \u00a1te sorprender\u00e1s! <\/h3>\n<p>Porque la Azadiractina, el ingrediente principal, es de unas 2500 ppm (0,25 %). Los lotes t\u00edpicos de ciertas temporadas han mostrado niveles r\u00e9cord de 3000 ppm de Azadiractina.<br \/>\n<strong>Sin embargo, el contenido de azadiractina de los productos m\u00e1s baratos disponibles en el mercado no supera las 300 ppm.<\/strong><\/p>\n<h2 class=\"uk-card-title\">BioCare est\u00e1 certificado por la reclamaci\u00f3n de Ecocert seg\u00fan las normas NOP y UE<\/h2>\n<div><img loading=\"lazy\" decoding=\"async\" class=\"alignnone wp-image-391 size-medium\" title=\"Certificaciones BioCare\" src=\"https:\/\/shop.natureneem.com\/wp-content\/uploads\/2023\/05\/nn_cert_facture-300x60.png\" alt=\"Los productos Nature Neem est\u00e1n certificados por Ecocert SA F-32600, y las normas de la Comisi\u00f3n Europea, National Organic Programe (NOP - USDA), Soil Association Certification.\" width=\"300\" height=\"60\"><\/div>\n<\/div>\n<\/div>\n<div>\n<div class=\"uk-card uk-card-secondary uk-card-body\">\n<h2 class=\"uk-card-title\">\u00bfC\u00f3mo aplicar este producto?<\/h2>\n<p>Descripci\u00f3n completa, solicitudes, preguntas frecuentes e informaci\u00f3n.<\/p>\n<div><a class=\"uk-button uk-button-primary\" href=\"https:\/\/natureneem.com\/en\/products\/biocare\" target=\"_blank\" rel=\"noopener noreferrer\">HAZ CLIC AQU\u00cd<\/a><\/div>\n<\/div>\n<\/div>\n<\/div>\n<h3>El aceite de neem hidrosoluble para animales en una palabra es BioCare. Para todas tus mascotas, mam\u00edferos, caballos, &#8230;<br \/>\nTodos los productos de Nature Neem India son totalmente bio. Prueba <a href=\"https:\/\/shop.natureneem.com\/es\/e-shop\/nutraza\/\">NutrAza<\/a> para completar los beneficios del abono de neem y <a href=\"https:\/\/shop.natureneem.com\/es\/e-shop\/totalcare\/\">TotalCare<\/a> para tus plantas.  <\/h3>\n","protected":false},"excerpt":{"rendered":"<h3 class=\"ai-optimize-19\">Aceite de neem soluble en agua para el cuidado de la piel animal<\/h3>\n<p class=\"ai-optimize-20\">Producto natural de calidad biocertificada desde 1990 por Nature Neem India. Eficaz pesticida biol\u00f3gico, fungicida y bactericida. No t\u00f3xico para humanos, animales, aves ..  <\/p>\n","protected":false},"featured_media":11987,"comment_status":"open","ping_status":"closed","template":"","meta":[],"product_brand":[],"product_cat":[133],"product_tag":[],"class_list":{"0":"post-5619","1":"product","2":"type-product","3":"status-publish","4":"has-post-thumbnail","6":"product_cat-productos-de-neem","7":"pa_packing-1l-es","8":"pa_packing-20l-es","9":"pa_packing-250ml-es","10":"pa_packing-5l-es","11":"pa_packing-500ml-es","13":"first","14":"instock","15":"shipping-taxable","16":"purchasable","17":"product-type-variable","18":"has-default-attributes"},"yoast_head":"<!-- This site is optimized with the Yoast SEO Premium plugin v27.1 (Yoast SEO v27.2) - https:\/\/yoast.com\/product\/yoast-seo-premium-wordpress\/ -->\n<title>BioCare Aceite de Neem para Animales: Alternativa natural a los pesticidas.<\/title>\n<meta name=\"description\" content=\"\u00a1Di adi\u00f3s a los pesticidas qu\u00edmicos! El aceite de neem de BioCare para animales de compa\u00f1\u00eda es naturalmente eficaz contra los par\u00e1sitos y las enfermedades f\u00fangicas. \ud83d\udc36 \ud83d\udc34 \ud83d\udc2e. Sin estr\u00e9s para tus mascotas.\" \/>\n<meta name=\"robots\" content=\"index, follow, max-snippet:-1, max-image-preview:large, max-video-preview:-1\" \/>\n<link rel=\"canonical\" href=\"https:\/\/shop.natureneem.com\/es\/e-shop\/biocare\/\" \/>\n<meta property=\"og:locale\" content=\"es_ES\" \/>\n<meta property=\"og:type\" content=\"article\" \/>\n<meta property=\"og:title\" content=\"BioCare: Aceite de Neem para Animales - Soluci\u00f3n Segura y Natural\" \/>\n<meta property=\"og:description\" content=\"\u00bfBuscas una alternativa natural a los pesticidas qu\u00edmicos? BioCare, el aceite de neem para animales, es la elecci\u00f3n perfecta para los cuidadores responsables de mascotas. \ud83c\udf3f\" \/>\n<meta property=\"og:url\" content=\"https:\/\/shop.natureneem.com\/es\/e-shop\/biocare\/\" \/>\n<meta property=\"og:site_name\" content=\"NatureNeem e-Shop\" \/>\n<meta property=\"article:publisher\" content=\"https:\/\/www.facebook.com\/natureneemindia\/\" \/>\n<meta property=\"article:modified_time\" content=\"2026-03-19T11:21:57+00:00\" \/>\n<meta property=\"og:image\" content=\"https:\/\/shop.natureneem.com\/wp-content\/uploads\/2019\/07\/NN-BIOCARE-2025_GROUP_01.jpg\" \/>\n\t<meta property=\"og:image:width\" content=\"800\" \/>\n\t<meta property=\"og:image:height\" content=\"800\" \/>\n\t<meta property=\"og:image:type\" content=\"image\/jpeg\" \/>\n<meta name=\"twitter:card\" content=\"summary_large_image\" \/>\n<meta name=\"twitter:title\" content=\"Aceite de Neem para Animales: Soluci\u00f3n natural para controlar los par\u00e1sitos\" \/>\n<meta name=\"twitter:description\" content=\"\u00a1Di adi\u00f3s a los pesticidas qu\u00edmicos! El aceite de neem BioCare para animales es una soluci\u00f3n segura y eficaz para controlar los par\u00e1sitos y las enfermedades f\u00fangicas. \u00a1Consigue el tuyo hoy mismo! \ud83d\udc3e\" \/>\n<meta name=\"twitter:site\" content=\"@natureneem\" \/>\n<meta name=\"twitter:label1\" content=\"Disponibilidad\" \/>\n\t<meta name=\"twitter:data1\" content=\"Disponible\" \/>\n<script type=\"application\/ld+json\" class=\"yoast-schema-graph\">{\"@context\":\"https:\/\/schema.org\",\"@graph\":[{\"@type\":\"WebPage\",\"@id\":\"https:\/\/shop.natureneem.com\/es\/e-shop\/biocare\/\",\"url\":\"https:\/\/shop.natureneem.com\/es\/e-shop\/biocare\/\",\"name\":\"BioCare Aceite de Neem para Animales: Alternativa natural a los pesticidas.\",\"isPartOf\":{\"@id\":\"https:\/\/shop.natureneem.com\/es\/#website\"},\"primaryImageOfPage\":{\"@id\":\"https:\/\/shop.natureneem.com\/es\/e-shop\/biocare\/#primaryimage\"},\"image\":{\"@id\":\"https:\/\/shop.natureneem.com\/es\/e-shop\/biocare\/#primaryimage\"},\"thumbnailUrl\":\"https:\/\/shop.natureneem.com\/wp-content\/uploads\/2019\/07\/NN-BIOCARE-2025_GROUP_01.jpg\",\"datePublished\":\"2019-07-06T17:06:49+00:00\",\"dateModified\":\"2026-03-19T11:21:57+00:00\",\"description\":\"\u00a1Di adi\u00f3s a los pesticidas qu\u00edmicos! El aceite de neem de BioCare para animales de compa\u00f1\u00eda es naturalmente eficaz contra los par\u00e1sitos y las enfermedades f\u00fangicas. \ud83d\udc36 \ud83d\udc34 \ud83d\udc2e. Sin estr\u00e9s para tus mascotas.\",\"breadcrumb\":{\"@id\":\"https:\/\/shop.natureneem.com\/es\/e-shop\/biocare\/#breadcrumb\"},\"inLanguage\":\"es\",\"potentialAction\":[{\"@type\":\"ReadAction\",\"target\":[\"https:\/\/shop.natureneem.com\/es\/e-shop\/biocare\/\"]}]},{\"@type\":\"ImageObject\",\"inLanguage\":\"es\",\"@id\":\"https:\/\/shop.natureneem.com\/es\/e-shop\/biocare\/#primaryimage\",\"url\":\"https:\/\/shop.natureneem.com\/wp-content\/uploads\/2019\/07\/NN-BIOCARE-2025_GROUP_01.jpg\",\"contentUrl\":\"https:\/\/shop.natureneem.com\/wp-content\/uploads\/2019\/07\/NN-BIOCARE-2025_GROUP_01.jpg\",\"width\":800,\"height\":800,\"caption\":\"BioCare by Nature Neem\"},{\"@type\":\"BreadcrumbList\",\"@id\":\"https:\/\/shop.natureneem.com\/es\/e-shop\/biocare\/#breadcrumb\",\"itemListElement\":[{\"@type\":\"ListItem\",\"position\":1,\"name\":\"Home\",\"item\":\"https:\/\/shop.natureneem.com\/es\/inicio\/\"},{\"@type\":\"ListItem\",\"position\":2,\"name\":\"Tienda electr\u00f3nica\",\"item\":\"https:\/\/shop.natureneem.com\/es\/tienda\/\"},{\"@type\":\"ListItem\",\"position\":3,\"name\":\"BioCare\"}]},{\"@type\":\"WebSite\",\"@id\":\"https:\/\/shop.natureneem.com\/es\/#website\",\"url\":\"https:\/\/shop.natureneem.com\/es\/\",\"name\":\"NatureNeem e-Shop\",\"description\":\"Official Shop from Nature Neem\",\"publisher\":{\"@id\":\"https:\/\/shop.natureneem.com\/es\/#organization\"},\"alternateName\":\"Nature Neem\",\"potentialAction\":[{\"@type\":\"SearchAction\",\"target\":{\"@type\":\"EntryPoint\",\"urlTemplate\":\"https:\/\/shop.natureneem.com\/es\/?s={search_term_string}\"},\"query-input\":{\"@type\":\"PropertyValueSpecification\",\"valueRequired\":true,\"valueName\":\"search_term_string\"}}],\"inLanguage\":\"es\"},{\"@type\":\"Organization\",\"@id\":\"https:\/\/shop.natureneem.com\/es\/#organization\",\"name\":\"Nature Neem\",\"alternateName\":\"Lorsun SAS\",\"url\":\"https:\/\/shop.natureneem.com\/es\/\",\"logo\":{\"@type\":\"ImageObject\",\"inLanguage\":\"es\",\"@id\":\"https:\/\/shop.natureneem.com\/es\/#\/schema\/logo\/image\/\",\"url\":\"https:\/\/shop.natureneem.com\/wp-content\/uploads\/2024\/09\/nn-logo-symbole-2024-01.svg\",\"contentUrl\":\"https:\/\/shop.natureneem.com\/wp-content\/uploads\/2024\/09\/nn-logo-symbole-2024-01.svg\",\"width\":1,\"height\":1,\"caption\":\"Nature Neem\"},\"image\":{\"@id\":\"https:\/\/shop.natureneem.com\/es\/#\/schema\/logo\/image\/\"},\"sameAs\":[\"https:\/\/www.facebook.com\/natureneemindia\/\",\"https:\/\/x.com\/natureneem\",\"https:\/\/www.youtube.com\/user\/natureneem\",\"https:\/\/www.linkedin.com\/company\/natureneem\"],\"description\":\"Nos dedicamos al desarrollo y comercializaci\u00f3n de soluciones ecol\u00f3gicas. Seguimos inventando estas soluciones alternativas naturales que pueden sustituir eficazmente a los productos de s\u00edntesis qu\u00edmica que da\u00f1an nuestro medio ambiente. Nuestro equipo es especialmente competente en la propuesta de insumos agr\u00edcolas ecol\u00f3gicos. Tambi\u00e9n actuamos como una asociaci\u00f3n de personas con ideas afines que creen que la naturaleza sustenta la soluci\u00f3n de todos los problemas medioambientales a los que se enfrenta el ser humano.   \",\"email\":\"info@natureneem.com\",\"telephone\":\"+91 77084 00899\",\"legalName\":\"NATURE NEEM PRODUCTS\",\"vatID\":\"FR08891657884\",\"numberOfEmployees\":{\"@type\":\"QuantitativeValue\",\"minValue\":\"51\",\"maxValue\":\"200\"},\"publishingPrinciples\":\"https:\/\/shop.natureneem.com\/\",\"actionableFeedbackPolicy\":\"https:\/\/shop.natureneem.com\/return-and-refund-policy\/\",\"hasMerchantReturnPolicy\":{\"@type\":\"MerchantReturnPolicy\",\"merchantReturnLink\":\"https:\/\/shop.natureneem.com\/return-and-refund-policy\/\"}}]}<\/script>\n<meta property=\"og:availability\" content=\"instock\" \/>\n<meta property=\"product:availability\" content=\"instock\" \/>\n<meta property=\"product:retailer_item_id\" content=\"BioCare\" \/>\n<meta property=\"product:condition\" content=\"new\" \/>\n<!-- \/ Yoast SEO Premium plugin. -->","yoast_head_json":{"title":"BioCare Aceite de Neem para Animales: Alternativa natural a los pesticidas.","description":"\u00a1Di adi\u00f3s a los pesticidas qu\u00edmicos! El aceite de neem de BioCare para animales de compa\u00f1\u00eda es naturalmente eficaz contra los par\u00e1sitos y las enfermedades f\u00fangicas. \ud83d\udc36 \ud83d\udc34 \ud83d\udc2e. Sin estr\u00e9s para tus mascotas.","robots":{"index":"index","follow":"follow","max-snippet":"max-snippet:-1","max-image-preview":"max-image-preview:large","max-video-preview":"max-video-preview:-1"},"canonical":"https:\/\/shop.natureneem.com\/es\/e-shop\/biocare\/","og_locale":"es_ES","og_type":"article","og_title":"BioCare: Aceite de Neem para Animales - Soluci\u00f3n Segura y Natural","og_description":"\u00bfBuscas una alternativa natural a los pesticidas qu\u00edmicos? BioCare, el aceite de neem para animales, es la elecci\u00f3n perfecta para los cuidadores responsables de mascotas. \ud83c\udf3f","og_url":"https:\/\/shop.natureneem.com\/es\/e-shop\/biocare\/","og_site_name":"NatureNeem e-Shop","article_publisher":"https:\/\/www.facebook.com\/natureneemindia\/","article_modified_time":"2026-03-19T11:21:57+00:00","og_image":[{"width":800,"height":800,"url":"https:\/\/shop.natureneem.com\/wp-content\/uploads\/2019\/07\/NN-BIOCARE-2025_GROUP_01.jpg","type":"image\/jpeg"}],"twitter_card":"summary_large_image","twitter_title":"Aceite de Neem para Animales: Soluci\u00f3n natural para controlar los par\u00e1sitos","twitter_description":"\u00a1Di adi\u00f3s a los pesticidas qu\u00edmicos! El aceite de neem BioCare para animales es una soluci\u00f3n segura y eficaz para controlar los par\u00e1sitos y las enfermedades f\u00fangicas. \u00a1Consigue el tuyo hoy mismo! \ud83d\udc3e","twitter_site":"@natureneem","twitter_misc":{"Disponibilidad":"Disponible"},"schema":{"@context":"https:\/\/schema.org","@graph":[{"@type":"WebPage","@id":"https:\/\/shop.natureneem.com\/es\/e-shop\/biocare\/","url":"https:\/\/shop.natureneem.com\/es\/e-shop\/biocare\/","name":"BioCare Aceite de Neem para Animales: Alternativa natural a los pesticidas.","isPartOf":{"@id":"https:\/\/shop.natureneem.com\/es\/#website"},"primaryImageOfPage":{"@id":"https:\/\/shop.natureneem.com\/es\/e-shop\/biocare\/#primaryimage"},"image":{"@id":"https:\/\/shop.natureneem.com\/es\/e-shop\/biocare\/#primaryimage"},"thumbnailUrl":"https:\/\/shop.natureneem.com\/wp-content\/uploads\/2019\/07\/NN-BIOCARE-2025_GROUP_01.jpg","datePublished":"2019-07-06T17:06:49+00:00","dateModified":"2026-03-19T11:21:57+00:00","description":"\u00a1Di adi\u00f3s a los pesticidas qu\u00edmicos! El aceite de neem de BioCare para animales de compa\u00f1\u00eda es naturalmente eficaz contra los par\u00e1sitos y las enfermedades f\u00fangicas. \ud83d\udc36 \ud83d\udc34 \ud83d\udc2e. Sin estr\u00e9s para tus mascotas.","breadcrumb":{"@id":"https:\/\/shop.natureneem.com\/es\/e-shop\/biocare\/#breadcrumb"},"inLanguage":"es","potentialAction":[{"@type":"ReadAction","target":["https:\/\/shop.natureneem.com\/es\/e-shop\/biocare\/"]}]},{"@type":"ImageObject","inLanguage":"es","@id":"https:\/\/shop.natureneem.com\/es\/e-shop\/biocare\/#primaryimage","url":"https:\/\/shop.natureneem.com\/wp-content\/uploads\/2019\/07\/NN-BIOCARE-2025_GROUP_01.jpg","contentUrl":"https:\/\/shop.natureneem.com\/wp-content\/uploads\/2019\/07\/NN-BIOCARE-2025_GROUP_01.jpg","width":800,"height":800,"caption":"BioCare by Nature Neem"},{"@type":"BreadcrumbList","@id":"https:\/\/shop.natureneem.com\/es\/e-shop\/biocare\/#breadcrumb","itemListElement":[{"@type":"ListItem","position":1,"name":"Home","item":"https:\/\/shop.natureneem.com\/es\/inicio\/"},{"@type":"ListItem","position":2,"name":"Tienda electr\u00f3nica","item":"https:\/\/shop.natureneem.com\/es\/tienda\/"},{"@type":"ListItem","position":3,"name":"BioCare"}]},{"@type":"WebSite","@id":"https:\/\/shop.natureneem.com\/es\/#website","url":"https:\/\/shop.natureneem.com\/es\/","name":"NatureNeem e-Shop","description":"Official Shop from Nature Neem","publisher":{"@id":"https:\/\/shop.natureneem.com\/es\/#organization"},"alternateName":"Nature Neem","potentialAction":[{"@type":"SearchAction","target":{"@type":"EntryPoint","urlTemplate":"https:\/\/shop.natureneem.com\/es\/?s={search_term_string}"},"query-input":{"@type":"PropertyValueSpecification","valueRequired":true,"valueName":"search_term_string"}}],"inLanguage":"es"},{"@type":"Organization","@id":"https:\/\/shop.natureneem.com\/es\/#organization","name":"Nature Neem","alternateName":"Lorsun SAS","url":"https:\/\/shop.natureneem.com\/es\/","logo":{"@type":"ImageObject","inLanguage":"es","@id":"https:\/\/shop.natureneem.com\/es\/#\/schema\/logo\/image\/","url":"https:\/\/shop.natureneem.com\/wp-content\/uploads\/2024\/09\/nn-logo-symbole-2024-01.svg","contentUrl":"https:\/\/shop.natureneem.com\/wp-content\/uploads\/2024\/09\/nn-logo-symbole-2024-01.svg","width":1,"height":1,"caption":"Nature Neem"},"image":{"@id":"https:\/\/shop.natureneem.com\/es\/#\/schema\/logo\/image\/"},"sameAs":["https:\/\/www.facebook.com\/natureneemindia\/","https:\/\/x.com\/natureneem","https:\/\/www.youtube.com\/user\/natureneem","https:\/\/www.linkedin.com\/company\/natureneem"],"description":"Nos dedicamos al desarrollo y comercializaci\u00f3n de soluciones ecol\u00f3gicas. Seguimos inventando estas soluciones alternativas naturales que pueden sustituir eficazmente a los productos de s\u00edntesis qu\u00edmica que da\u00f1an nuestro medio ambiente. Nuestro equipo es especialmente competente en la propuesta de insumos agr\u00edcolas ecol\u00f3gicos. Tambi\u00e9n actuamos como una asociaci\u00f3n de personas con ideas afines que creen que la naturaleza sustenta la soluci\u00f3n de todos los problemas medioambientales a los que se enfrenta el ser humano.   ","email":"info@natureneem.com","telephone":"+91 77084 00899","legalName":"NATURE NEEM PRODUCTS","vatID":"FR08891657884","numberOfEmployees":{"@type":"QuantitativeValue","minValue":"51","maxValue":"200"},"publishingPrinciples":"https:\/\/shop.natureneem.com\/","actionableFeedbackPolicy":"https:\/\/shop.natureneem.com\/return-and-refund-policy\/","hasMerchantReturnPolicy":{"@type":"MerchantReturnPolicy","merchantReturnLink":"https:\/\/shop.natureneem.com\/return-and-refund-policy\/"}}]},"og_availability":"instock","product_availability":"instock","product_retailer_item_id":"BioCare","product_condition":"new"},"_links":{"self":[{"href":"https:\/\/shop.natureneem.com\/es\/wp-json\/wp\/v2\/product\/5619","targetHints":{"allow":["GET"]}}],"collection":[{"href":"https:\/\/shop.natureneem.com\/es\/wp-json\/wp\/v2\/product"}],"about":[{"href":"https:\/\/shop.natureneem.com\/es\/wp-json\/wp\/v2\/types\/product"}],"replies":[{"embeddable":true,"href":"https:\/\/shop.natureneem.com\/es\/wp-json\/wp\/v2\/comments?post=5619"}],"wp:featuredmedia":[{"embeddable":true,"href":"https:\/\/shop.natureneem.com\/es\/wp-json\/wp\/v2\/media\/11987"}],"wp:attachment":[{"href":"https:\/\/shop.natureneem.com\/es\/wp-json\/wp\/v2\/media?parent=5619"}],"wp:term":[{"taxonomy":"product_brand","embeddable":true,"href":"https:\/\/shop.natureneem.com\/es\/wp-json\/wp\/v2\/product_brand?post=5619"},{"taxonomy":"product_cat","embeddable":true,"href":"https:\/\/shop.natureneem.com\/es\/wp-json\/wp\/v2\/product_cat?post=5619"},{"taxonomy":"product_tag","embeddable":true,"href":"https:\/\/shop.natureneem.com\/es\/wp-json\/wp\/v2\/product_tag?post=5619"}],"curies":[{"name":"wp","href":"https:\/\/api.w.org\/{rel}","templated":true}]}}