{"id":5631,"date":"2019-07-06T19:00:23","date_gmt":"2019-07-06T17:00:23","guid":{"rendered":"https:\/\/shop.natureneem.com\/e-shop\/totalcare\/"},"modified":"2026-04-14T11:02:38","modified_gmt":"2026-04-14T09:02:38","slug":"totalcare","status":"publish","type":"product","link":"https:\/\/shop.natureneem.com\/es\/e-shop\/totalcare\/","title":{"rendered":"TotalCare"},"content":{"rendered":"<h3><strong>TotalCare,  <\/strong><strong>Aceite de neem para plantas en formulaci\u00f3n hidrosoluble. S\u00f3lo tienes que diluir en agua y pulverizar.   <\/strong><\/h3>\n<p>TotalCare es el mejor pesticida bot\u00e1nico para la agricultura y los jardines ecol\u00f3gicos. Se obtiene emulsionando aceite de neem puro prensado en fr\u00edo de las semillas de neem de la temporada actual, y garantiza la eficacia del neem. La elecci\u00f3n y la dosificaci\u00f3n de los emulsionantes se han optimizado durante largos a\u00f1os de investigaci\u00f3n para preservar los ingredientes m\u00e1gicos del neem. Es superior a otras soluciones org\u00e1nicas por su aplicaci\u00f3n m\u00e1s amplia y su influencia sobre 200 especies de plagas. Significativamente, algunas de ellas ya son resistentes o intr\u00ednsecamente dif\u00edciles de controlar con pesticidas convencionales.     Aceite de neem soluble en agua para plantas plaguicidas en agricultura y jardines ecol\u00f3gicos.<\/p>\n<h3><strong>El mejor pesticida bot\u00e1nico para jardines ecol\u00f3gicos. Aceite de neem soluble en agua para plantas. <\/strong><\/h3>\n<h3 style=\"padding-left: 40px;\"><strong>Dosificaci\u00f3n:  <\/strong><\/h3>\n<p style=\"padding-left: 40px;\"><strong>5-15 ml por litro de agua en funci\u00f3n de la infestaci\u00f3n y del volumen de agua utilizado para la pulverizaci\u00f3n.<\/strong><\/p>\n<p style=\"padding-left: 80px;\"><strong>Ejemplos:<\/strong><\/p>\n<ul>\n<li style=\"list-style-type: none;\">\n<ul>\n<li><strong>Para los \u00e1rboles frutales y arbustos<\/strong> que necesitan m\u00e1s agua para cubrirse, basta con 2-5 ml por litro de agua.<\/li>\n<li><strong>Para huertos o plantas de jard\u00edn<\/strong> donde se suelen utilizar pulverizaciones manuales, seg\u00fan la incidencia de la plaga, mezcla 5-10 ml de TotalCare por litro de agua.<\/li>\n<li><strong>Para los pulverizadores modernos<\/strong> utilizados en cultivos de campo que requieren menos agua para cubrir, mezcla 30-50 ml por litro de agua.<br \/>\n<a href=\"https:\/\/natureneem.com\/en\/products\/totalcare#applications\" target=\"_blank\" rel=\"noopener\">Informaci\u00f3n detallada sobre la dosificaci\u00f3n de TotalCare<\/a>.<\/li>\n<\/ul>\n<\/li>\n<\/ul>\n<div class=\"uk-grid-match uk-child-width-expand@s\" uk-grid=\"\">\n<div>\n<div class=\"uk-card uk-card-primary uk-card-body\">\n<h3 class=\"uk-card-title\">Ecol\u00f3gico, no t\u00f3xico y biodegradable<\/h3>\n<p>TotalCare no es t\u00f3xico para mam\u00edferos, animales, aves ni vida acu\u00e1tica. No arrastra toxicidad residual al producto cosechado. No hay periodo de espera, y puedes aplicarlo en cualquier fase de la planta. Es el m\u00e1s adecuado para invernaderos y huertos. Tambi\u00e9n se utiliza mucho en floricultura y horticultura, as\u00ed como en cultivos de campo que requieren certificaci\u00f3n ecol\u00f3gica.    <\/p>\n<p><a class=\"uk-button uk-button-small uk-button-secondary\" href=\"https:\/\/shop.natureneem.com\/download\/694\/certifications\/10698\/issued-eu-attestation-nature-neem-2023\">  Certificaci\u00f3n UE expedida &#8211; Nature Neem-2023<\/a><\/p>\n<p><a class=\"uk-button uk-button-small uk-button-secondary\" href=\"https:\/\/shop.natureneem.com\/download\/694\/certifications\/10699\/issued-jas-attestation-nature-neem-2023\">  Certificado JAS emitido &#8211; Nature Neem-2023<\/a><\/p>\n<p><a class=\"uk-button uk-button-small uk-button-secondary\" href=\"https:\/\/shop.natureneem.com\/download\/694\/certifications\/10700\/issued-nop-attestation-nature-neem-2023\">  Certificado NOP emitido &#8211; Nature Neem-2023<\/a><\/p>\n<\/div>\n<\/div>\n<div>\n<div class=\"uk-card uk-card-default uk-card-body uk-background-muted\">\n<h3 class=\"uk-card-title\">El poder herbal del neem<\/h3>\n<p>Proporciona un remedio natural al aumentar la salud general de la planta e incrementar su resistencia a plagas y enfermedades. TotalCare tambi\u00e9n lleva la fuente org\u00e1nica de macro y micronutrientes. Contiene casi 200 oligoelementos.  <\/p>\n<h3>\u00bfPor qu\u00e9 TotalCare es superior a otros aceites? No dudes en comparar, \u00a1te sorprender\u00e1s! <\/h3>\n<p>Extraemos el aceite de los granos interiores de neem bien maduros mediante el m\u00e9todo tradicional de prensado en fr\u00edo. En TotalCare, la azadiractina, el ingrediente principal, es de unas 2700 ppm (0,27 %). Los lotes t\u00edpicos de ciertas temporadas han mostrado niveles r\u00e9cord de 3000 ppm de azadiractina. Sin embargo, el 90% del llamado aceite de neem puro disponible en el mercado europeo es s\u00f3lo aceite de neem residual de las industrias del neem y su nivel de azadiractina ser\u00e1 de unas 150 ppm.   <\/p>\n<\/div>\n<\/div>\n<\/div>\n<div class=\"uk-grid-match uk-child-width-expand@s uk-text-center\" uk-grid=\"\">\n<div>\n<div class=\"uk-card uk-card-default uk-card-body\">\n<h2 class=\"uk-card-title\">TotalCare cuenta con la certificaci\u00f3n ecol\u00f3gica de Ecocert seg\u00fan las normas ecol\u00f3gicas de la UE, NOP (USDA) y JAP.<\/h2>\n<div><img loading=\"lazy\" decoding=\"async\" class=\"alignnone wp-image-391 size-medium\" title=\"Certificados oficiales TotalCare de NatureNeem\" src=\"https:\/\/shop.natureneem.com\/wp-content\/uploads\/2023\/05\/nn_cert_facture-300x60.png\" alt=\"Los productos Nature Neem est\u00e1n certificados por Ecocert SA F-32600, y las Normas de la Comisi\u00f3n Europea, el Programa Nacional Ecol\u00f3gico (NOP - USDA), la Certificaci\u00f3n de la Soil Association.\" width=\"300\" height=\"60\"><\/div>\n<\/div>\n<\/div>\n<div>\n<div class=\"uk-card uk-card-secondary uk-card-body\">\n<h2 class=\"uk-card-title\">\u00bfC\u00f3mo aplicar este producto?<\/h2>\n<p>Descripci\u00f3n completa, solicitudes, preguntas frecuentes e informaci\u00f3n.<\/p>\n<div><a class=\"uk-button uk-button-primary\" href=\"https:\/\/natureneem.com\/en\/products\/totalcare\" target=\"_blank\" rel=\"noopener noreferrer\">HAZ CLIC AQU\u00cd<\/a><\/div>\n<\/div>\n<\/div>\n<\/div>\n<h3>El aceite de neem hidrosoluble para plantas, en una palabra, es TotalCare. En conclusi\u00f3n, hay que recordar que es muy f\u00e1cil de usar, eficaz y no t\u00f3xico. Es lo mejor para tu huerto, invernaderos y flores.<br \/>\nTodos los productos de Nature Neem India son totalmente bio. <b>Del mismo modo, prueba<\/b> <a href=\"https:\/\/shop.natureneem.com\/e-shop\/nutraza-pellet-of-neem-seed\/\">NutrAza<\/a> para completar los beneficios del abono de neem y <a href=\"https:\/\/shop.natureneem.com\/es\/e-shop\/biocare\/\">BioCare<\/a> para tus animales.  <\/h3>\n","protected":false},"excerpt":{"rendered":"<h3 class=\"ai-optimize-20\">Aceite de Neem soluble en agua para pulverizar plantas<\/h3>\n<p><img loading=\"lazy\" decoding=\"async\" class=\"alignnone\" style=\"float: left;\" title=\"S\u00edmbolo TotalCare de NatureNeem\" src=\"https:\/\/natureneem.com\/images\/logos\/nn_plant_care.svg\" alt=\"Cuidado de las plantas NatureNeem con TotalCare\" width=\"160\" height=\"599\"><\/p>\n<p class=\"ai-optimize-21\"><strong>El Mejor Plaguicida Bot\u00e1nico para Jardines Ecol\u00f3gicos.<br \/>\n<\/strong><strong>Aceite de neem soluble en agua para plantas plaguicida en agricultura ecol\u00f3gica y jardines<br \/>\nProducto natural de calidad biocertificada desde 1990 por Nature Neem India<br \/>\nMezcla 5-10 ml por litro de agua y pulveriza. No es t\u00f3xico para humanos, animales, p\u00e1jaros &#8230; <\/strong><\/p>\n","protected":false},"featured_media":11975,"comment_status":"open","ping_status":"closed","template":"","meta":[],"product_brand":[],"product_cat":[133],"product_tag":[],"class_list":{"0":"post-5631","1":"product","2":"type-product","3":"status-publish","4":"has-post-thumbnail","6":"product_cat-productos-de-neem","7":"pa_packing-1l-es","8":"pa_packing-20l-es","9":"pa_packing-250ml-es","10":"pa_packing-5l-es","11":"pa_packing-500ml-es","13":"first","14":"instock","15":"shipping-taxable","16":"purchasable","17":"product-type-variable","18":"has-default-attributes"},"yoast_head":"<!-- This site is optimized with the Yoast SEO Premium plugin v27.1 (Yoast SEO v27.2) - https:\/\/yoast.com\/product\/yoast-seo-premium-wordpress\/ -->\n<title>Aceite de Neem Hidrosoluble para Plantas: Soluci\u00f3n Org\u00e1nica para el Control de Plagas<\/title>\n<meta name=\"description\" content=\"\u00a1Protege tus plantas con el poder de la naturaleza! TotalCare : Aceite de neem soluble en agua para plaguicidas de plantas en agricultura y jardines ecol\u00f3gicos. Consigue el tuyo hoy mismo.\" \/>\n<meta name=\"robots\" content=\"index, follow, max-snippet:-1, max-image-preview:large, max-video-preview:-1\" \/>\n<link rel=\"canonical\" href=\"https:\/\/shop.natureneem.com\/es\/e-shop\/totalcare\/\" \/>\n<meta property=\"og:locale\" content=\"es_ES\" \/>\n<meta property=\"og:type\" content=\"article\" \/>\n<meta property=\"og:title\" content=\"Usa aceite de neem ecol\u00f3gico para las plantas de tu jard\u00edn\" \/>\n<meta property=\"og:description\" content=\"\u00bfQuieres un plaguicida seguro para tus plantas y el medio ambiente? Prueba TotalCare, el mejor aceite de neem para plantas. \u00a1Protege tu jard\u00edn de forma natural! \ud83c\udf31\" \/>\n<meta property=\"og:url\" content=\"https:\/\/shop.natureneem.com\/es\/e-shop\/totalcare\/\" \/>\n<meta property=\"og:site_name\" content=\"NatureNeem e-Shop\" \/>\n<meta property=\"article:publisher\" content=\"https:\/\/www.facebook.com\/natureneemindia\/\" \/>\n<meta property=\"article:modified_time\" content=\"2026-04-14T09:02:38+00:00\" \/>\n<meta property=\"og:image\" content=\"https:\/\/shop.natureneem.com\/wp-content\/uploads\/nc\/images\/products\/totalcare\/nn_totalcare_en_champ_et_ecocert.jpg\" \/>\n<meta name=\"twitter:card\" content=\"summary_large_image\" \/>\n<meta name=\"twitter:title\" content=\"TotalCare: Aceite de Neem para Plantas - Control Ecol\u00f3gico de Plagas para Jardines\" \/>\n<meta name=\"twitter:description\" content=\"Protege tus plantas de forma natural con TotalCare, el mejor pesticida bot\u00e1nico en agricultura y jardines ecol\u00f3gicos. Seguro, eficaz y respetuoso con el medio ambiente. \ud83c\udf3f #Jardiner\u00edaOrg\u00e1nica\" \/>\n<meta name=\"twitter:site\" content=\"@natureneem\" \/>\n<meta name=\"twitter:label1\" content=\"Disponibilidad\" \/>\n\t<meta name=\"twitter:data1\" content=\"Disponible\" \/>\n<script type=\"application\/ld+json\" class=\"yoast-schema-graph\">{\"@context\":\"https:\/\/schema.org\",\"@graph\":[{\"@type\":\"WebPage\",\"@id\":\"https:\/\/shop.natureneem.com\/es\/e-shop\/totalcare\/\",\"url\":\"https:\/\/shop.natureneem.com\/es\/e-shop\/totalcare\/\",\"name\":\"Aceite de Neem Hidrosoluble para Plantas: Soluci\u00f3n Org\u00e1nica para el Control de Plagas\",\"isPartOf\":{\"@id\":\"https:\/\/shop.natureneem.com\/es\/#website\"},\"primaryImageOfPage\":{\"@id\":\"https:\/\/shop.natureneem.com\/es\/e-shop\/totalcare\/#primaryimage\"},\"image\":{\"@id\":\"https:\/\/shop.natureneem.com\/es\/e-shop\/totalcare\/#primaryimage\"},\"thumbnailUrl\":\"https:\/\/shop.natureneem.com\/wp-content\/uploads\/2019\/07\/NN-TOTALCARE-2025_GROUP_01.jpg\",\"datePublished\":\"2019-07-06T17:00:23+00:00\",\"dateModified\":\"2026-04-14T09:02:38+00:00\",\"description\":\"\u00a1Protege tus plantas con el poder de la naturaleza! TotalCare : Aceite de neem soluble en agua para plaguicidas de plantas en agricultura y jardines ecol\u00f3gicos. Consigue el tuyo hoy mismo.\",\"breadcrumb\":{\"@id\":\"https:\/\/shop.natureneem.com\/es\/e-shop\/totalcare\/#breadcrumb\"},\"inLanguage\":\"es\",\"potentialAction\":[{\"@type\":\"ReadAction\",\"target\":[\"https:\/\/shop.natureneem.com\/es\/e-shop\/totalcare\/\"]}]},{\"@type\":\"ImageObject\",\"inLanguage\":\"es\",\"@id\":\"https:\/\/shop.natureneem.com\/es\/e-shop\/totalcare\/#primaryimage\",\"url\":\"https:\/\/shop.natureneem.com\/wp-content\/uploads\/2019\/07\/NN-TOTALCARE-2025_GROUP_01.jpg\",\"contentUrl\":\"https:\/\/shop.natureneem.com\/wp-content\/uploads\/2019\/07\/NN-TOTALCARE-2025_GROUP_01.jpg\",\"width\":800,\"height\":800},{\"@type\":\"BreadcrumbList\",\"@id\":\"https:\/\/shop.natureneem.com\/es\/e-shop\/totalcare\/#breadcrumb\",\"itemListElement\":[{\"@type\":\"ListItem\",\"position\":1,\"name\":\"Home\",\"item\":\"https:\/\/shop.natureneem.com\/es\/inicio\/\"},{\"@type\":\"ListItem\",\"position\":2,\"name\":\"Tienda electr\u00f3nica\",\"item\":\"https:\/\/shop.natureneem.com\/es\/tienda\/\"},{\"@type\":\"ListItem\",\"position\":3,\"name\":\"TotalCare\"}]},{\"@type\":\"WebSite\",\"@id\":\"https:\/\/shop.natureneem.com\/es\/#website\",\"url\":\"https:\/\/shop.natureneem.com\/es\/\",\"name\":\"NatureNeem e-Shop\",\"description\":\"Official Shop from Nature Neem\",\"publisher\":{\"@id\":\"https:\/\/shop.natureneem.com\/es\/#organization\"},\"alternateName\":\"Nature Neem\",\"potentialAction\":[{\"@type\":\"SearchAction\",\"target\":{\"@type\":\"EntryPoint\",\"urlTemplate\":\"https:\/\/shop.natureneem.com\/es\/?s={search_term_string}\"},\"query-input\":{\"@type\":\"PropertyValueSpecification\",\"valueRequired\":true,\"valueName\":\"search_term_string\"}}],\"inLanguage\":\"es\"},{\"@type\":\"Organization\",\"@id\":\"https:\/\/shop.natureneem.com\/es\/#organization\",\"name\":\"Nature Neem\",\"alternateName\":\"Lorsun SAS\",\"url\":\"https:\/\/shop.natureneem.com\/es\/\",\"logo\":{\"@type\":\"ImageObject\",\"inLanguage\":\"es\",\"@id\":\"https:\/\/shop.natureneem.com\/es\/#\/schema\/logo\/image\/\",\"url\":\"https:\/\/shop.natureneem.com\/wp-content\/uploads\/2024\/09\/nn-logo-symbole-2024-01.svg\",\"contentUrl\":\"https:\/\/shop.natureneem.com\/wp-content\/uploads\/2024\/09\/nn-logo-symbole-2024-01.svg\",\"width\":1,\"height\":1,\"caption\":\"Nature Neem\"},\"image\":{\"@id\":\"https:\/\/shop.natureneem.com\/es\/#\/schema\/logo\/image\/\"},\"sameAs\":[\"https:\/\/www.facebook.com\/natureneemindia\/\",\"https:\/\/x.com\/natureneem\",\"https:\/\/www.youtube.com\/user\/natureneem\",\"https:\/\/www.linkedin.com\/company\/natureneem\"],\"description\":\"Nos dedicamos al desarrollo y comercializaci\u00f3n de soluciones ecol\u00f3gicas. Seguimos inventando estas soluciones alternativas naturales que pueden sustituir eficazmente a los productos de s\u00edntesis qu\u00edmica que da\u00f1an nuestro medio ambiente. Nuestro equipo es especialmente competente en la propuesta de insumos agr\u00edcolas ecol\u00f3gicos. Tambi\u00e9n actuamos como una asociaci\u00f3n de personas con ideas afines que creen que la naturaleza sustenta la soluci\u00f3n de todos los problemas medioambientales a los que se enfrenta el ser humano.   \",\"email\":\"info@natureneem.com\",\"telephone\":\"+91 77084 00899\",\"legalName\":\"NATURE NEEM PRODUCTS\",\"vatID\":\"FR08891657884\",\"numberOfEmployees\":{\"@type\":\"QuantitativeValue\",\"minValue\":\"51\",\"maxValue\":\"200\"},\"publishingPrinciples\":\"https:\/\/shop.natureneem.com\/\",\"actionableFeedbackPolicy\":\"https:\/\/shop.natureneem.com\/return-and-refund-policy\/\",\"hasMerchantReturnPolicy\":{\"@type\":\"MerchantReturnPolicy\",\"merchantReturnLink\":\"https:\/\/shop.natureneem.com\/return-and-refund-policy\/\"}}]}<\/script>\n<meta property=\"og:availability\" content=\"instock\" \/>\n<meta property=\"product:availability\" content=\"instock\" \/>\n<meta property=\"product:retailer_item_id\" content=\"TotalCare\" \/>\n<meta property=\"product:condition\" content=\"new\" \/>\n<!-- \/ Yoast SEO Premium plugin. -->","yoast_head_json":{"title":"Aceite de Neem Hidrosoluble para Plantas: Soluci\u00f3n Org\u00e1nica para el Control de Plagas","description":"\u00a1Protege tus plantas con el poder de la naturaleza! TotalCare : Aceite de neem soluble en agua para plaguicidas de plantas en agricultura y jardines ecol\u00f3gicos. Consigue el tuyo hoy mismo.","robots":{"index":"index","follow":"follow","max-snippet":"max-snippet:-1","max-image-preview":"max-image-preview:large","max-video-preview":"max-video-preview:-1"},"canonical":"https:\/\/shop.natureneem.com\/es\/e-shop\/totalcare\/","og_locale":"es_ES","og_type":"article","og_title":"Usa aceite de neem ecol\u00f3gico para las plantas de tu jard\u00edn","og_description":"\u00bfQuieres un plaguicida seguro para tus plantas y el medio ambiente? Prueba TotalCare, el mejor aceite de neem para plantas. \u00a1Protege tu jard\u00edn de forma natural! \ud83c\udf31","og_url":"https:\/\/shop.natureneem.com\/es\/e-shop\/totalcare\/","og_site_name":"NatureNeem e-Shop","article_publisher":"https:\/\/www.facebook.com\/natureneemindia\/","article_modified_time":"2026-04-14T09:02:38+00:00","og_image":[{"url":"https:\/\/shop.natureneem.com\/wp-content\/uploads\/nc\/images\/products\/totalcare\/nn_totalcare_en_champ_et_ecocert.jpg","type":"","width":"","height":""}],"twitter_card":"summary_large_image","twitter_title":"TotalCare: Aceite de Neem para Plantas - Control Ecol\u00f3gico de Plagas para Jardines","twitter_description":"Protege tus plantas de forma natural con TotalCare, el mejor pesticida bot\u00e1nico en agricultura y jardines ecol\u00f3gicos. Seguro, eficaz y respetuoso con el medio ambiente. \ud83c\udf3f #Jardiner\u00edaOrg\u00e1nica","twitter_site":"@natureneem","twitter_misc":{"Disponibilidad":"Disponible"},"schema":{"@context":"https:\/\/schema.org","@graph":[{"@type":"WebPage","@id":"https:\/\/shop.natureneem.com\/es\/e-shop\/totalcare\/","url":"https:\/\/shop.natureneem.com\/es\/e-shop\/totalcare\/","name":"Aceite de Neem Hidrosoluble para Plantas: Soluci\u00f3n Org\u00e1nica para el Control de Plagas","isPartOf":{"@id":"https:\/\/shop.natureneem.com\/es\/#website"},"primaryImageOfPage":{"@id":"https:\/\/shop.natureneem.com\/es\/e-shop\/totalcare\/#primaryimage"},"image":{"@id":"https:\/\/shop.natureneem.com\/es\/e-shop\/totalcare\/#primaryimage"},"thumbnailUrl":"https:\/\/shop.natureneem.com\/wp-content\/uploads\/2019\/07\/NN-TOTALCARE-2025_GROUP_01.jpg","datePublished":"2019-07-06T17:00:23+00:00","dateModified":"2026-04-14T09:02:38+00:00","description":"\u00a1Protege tus plantas con el poder de la naturaleza! TotalCare : Aceite de neem soluble en agua para plaguicidas de plantas en agricultura y jardines ecol\u00f3gicos. Consigue el tuyo hoy mismo.","breadcrumb":{"@id":"https:\/\/shop.natureneem.com\/es\/e-shop\/totalcare\/#breadcrumb"},"inLanguage":"es","potentialAction":[{"@type":"ReadAction","target":["https:\/\/shop.natureneem.com\/es\/e-shop\/totalcare\/"]}]},{"@type":"ImageObject","inLanguage":"es","@id":"https:\/\/shop.natureneem.com\/es\/e-shop\/totalcare\/#primaryimage","url":"https:\/\/shop.natureneem.com\/wp-content\/uploads\/2019\/07\/NN-TOTALCARE-2025_GROUP_01.jpg","contentUrl":"https:\/\/shop.natureneem.com\/wp-content\/uploads\/2019\/07\/NN-TOTALCARE-2025_GROUP_01.jpg","width":800,"height":800},{"@type":"BreadcrumbList","@id":"https:\/\/shop.natureneem.com\/es\/e-shop\/totalcare\/#breadcrumb","itemListElement":[{"@type":"ListItem","position":1,"name":"Home","item":"https:\/\/shop.natureneem.com\/es\/inicio\/"},{"@type":"ListItem","position":2,"name":"Tienda electr\u00f3nica","item":"https:\/\/shop.natureneem.com\/es\/tienda\/"},{"@type":"ListItem","position":3,"name":"TotalCare"}]},{"@type":"WebSite","@id":"https:\/\/shop.natureneem.com\/es\/#website","url":"https:\/\/shop.natureneem.com\/es\/","name":"NatureNeem e-Shop","description":"Official Shop from Nature Neem","publisher":{"@id":"https:\/\/shop.natureneem.com\/es\/#organization"},"alternateName":"Nature Neem","potentialAction":[{"@type":"SearchAction","target":{"@type":"EntryPoint","urlTemplate":"https:\/\/shop.natureneem.com\/es\/?s={search_term_string}"},"query-input":{"@type":"PropertyValueSpecification","valueRequired":true,"valueName":"search_term_string"}}],"inLanguage":"es"},{"@type":"Organization","@id":"https:\/\/shop.natureneem.com\/es\/#organization","name":"Nature Neem","alternateName":"Lorsun SAS","url":"https:\/\/shop.natureneem.com\/es\/","logo":{"@type":"ImageObject","inLanguage":"es","@id":"https:\/\/shop.natureneem.com\/es\/#\/schema\/logo\/image\/","url":"https:\/\/shop.natureneem.com\/wp-content\/uploads\/2024\/09\/nn-logo-symbole-2024-01.svg","contentUrl":"https:\/\/shop.natureneem.com\/wp-content\/uploads\/2024\/09\/nn-logo-symbole-2024-01.svg","width":1,"height":1,"caption":"Nature Neem"},"image":{"@id":"https:\/\/shop.natureneem.com\/es\/#\/schema\/logo\/image\/"},"sameAs":["https:\/\/www.facebook.com\/natureneemindia\/","https:\/\/x.com\/natureneem","https:\/\/www.youtube.com\/user\/natureneem","https:\/\/www.linkedin.com\/company\/natureneem"],"description":"Nos dedicamos al desarrollo y comercializaci\u00f3n de soluciones ecol\u00f3gicas. Seguimos inventando estas soluciones alternativas naturales que pueden sustituir eficazmente a los productos de s\u00edntesis qu\u00edmica que da\u00f1an nuestro medio ambiente. Nuestro equipo es especialmente competente en la propuesta de insumos agr\u00edcolas ecol\u00f3gicos. Tambi\u00e9n actuamos como una asociaci\u00f3n de personas con ideas afines que creen que la naturaleza sustenta la soluci\u00f3n de todos los problemas medioambientales a los que se enfrenta el ser humano.   ","email":"info@natureneem.com","telephone":"+91 77084 00899","legalName":"NATURE NEEM PRODUCTS","vatID":"FR08891657884","numberOfEmployees":{"@type":"QuantitativeValue","minValue":"51","maxValue":"200"},"publishingPrinciples":"https:\/\/shop.natureneem.com\/","actionableFeedbackPolicy":"https:\/\/shop.natureneem.com\/return-and-refund-policy\/","hasMerchantReturnPolicy":{"@type":"MerchantReturnPolicy","merchantReturnLink":"https:\/\/shop.natureneem.com\/return-and-refund-policy\/"}}]},"og_availability":"instock","product_availability":"instock","product_retailer_item_id":"TotalCare","product_condition":"new"},"_links":{"self":[{"href":"https:\/\/shop.natureneem.com\/es\/wp-json\/wp\/v2\/product\/5631","targetHints":{"allow":["GET"]}}],"collection":[{"href":"https:\/\/shop.natureneem.com\/es\/wp-json\/wp\/v2\/product"}],"about":[{"href":"https:\/\/shop.natureneem.com\/es\/wp-json\/wp\/v2\/types\/product"}],"replies":[{"embeddable":true,"href":"https:\/\/shop.natureneem.com\/es\/wp-json\/wp\/v2\/comments?post=5631"}],"wp:featuredmedia":[{"embeddable":true,"href":"https:\/\/shop.natureneem.com\/es\/wp-json\/wp\/v2\/media\/11975"}],"wp:attachment":[{"href":"https:\/\/shop.natureneem.com\/es\/wp-json\/wp\/v2\/media?parent=5631"}],"wp:term":[{"taxonomy":"product_brand","embeddable":true,"href":"https:\/\/shop.natureneem.com\/es\/wp-json\/wp\/v2\/product_brand?post=5631"},{"taxonomy":"product_cat","embeddable":true,"href":"https:\/\/shop.natureneem.com\/es\/wp-json\/wp\/v2\/product_cat?post=5631"},{"taxonomy":"product_tag","embeddable":true,"href":"https:\/\/shop.natureneem.com\/es\/wp-json\/wp\/v2\/product_tag?post=5631"}],"curies":[{"name":"wp","href":"https:\/\/api.w.org\/{rel}","templated":true}]}}