{"id":5655,"date":"2020-03-31T18:54:27","date_gmt":"2020-03-31T16:54:27","guid":{"rendered":"https:\/\/shop.natureneem.com\/e-shop\/coco-grow\/"},"modified":"2026-04-30T19:13:28","modified_gmt":"2026-04-30T17:13:28","slug":"coco-grow","status":"publish","type":"product","link":"https:\/\/shop.natureneem.com\/es\/e-shop\/coco-grow\/","title":{"rendered":"CocoGrow"},"content":{"rendered":"<h3>Coco Grow un saco de turba de coco natural y fibras para tus plantas<\/h3>\n<h2 class=\"uk-card-title\">\u00bfCu\u00e1les son las ventajas?<\/h2>\n<p>&nbsp;<\/p>\n<ul>\n<li>Medio de plantaci\u00f3n de coco 100% natural, enriquecido y tamponado.<\/li>\n<li>Excelente aireaci\u00f3n y drenaje para sistemas radiculares fuertes y sanos<\/li>\n<li>Minimiza el choque del trasplante, ideal para cultivos sensibles<\/li>\n<li>Rentable y flexible, ya que simplemente se coloca seg\u00fan las necesidades y se hidrata.<\/li>\n<li>F\u00e1cil de manejar, almacenar y utilizar<\/li>\n<\/ul>\n<p><strong>Coco Grow<\/strong> es una mezcla de turba de coco y fibras lavadas y tamponadas. Esta mezcla permite una buena retenci\u00f3n, drenaje y aireaci\u00f3n, sin riesgo de exceso de salinidad en las ra\u00edces. No contiene semillas de malas hierbas ni pat\u00f3genos. Es muy popular entre los cultivadores de frutas y hortalizas delicadas.   <\/p>\n<div class=\"uk-grid-match uk-child-width-expand@s\">\n<div>\n<div class=\"uk-card uk-card-default uk-card-body\">\n<h4><img loading=\"lazy\" decoding=\"async\" class=\"alignnone size-medium wp-image-12113\" src=\"https:\/\/shop.natureneem.com\/wp-content\/uploads\/2025\/06\/nn_eshop_cocogrow_bag-300x197.jpg\" alt=\"CocoGrow de NatureNeem\" width=\"300\" height=\"197\" srcset=\"https:\/\/shop.natureneem.com\/wp-content\/uploads\/2025\/06\/nn_eshop_cocogrow_bag-300x197.jpg 300w, https:\/\/shop.natureneem.com\/wp-content\/uploads\/2025\/06\/nn_eshop_cocogrow_bag-1024x672.jpg 1024w, https:\/\/shop.natureneem.com\/wp-content\/uploads\/2025\/06\/nn_eshop_cocogrow_bag-768x504.jpg 768w, https:\/\/shop.natureneem.com\/wp-content\/uploads\/2025\/06\/nn_eshop_cocogrow_bag-500x328.jpg 500w, https:\/\/shop.natureneem.com\/wp-content\/uploads\/2025\/06\/nn_eshop_cocogrow_bag.jpg 1280w\" sizes=\"(max-width: 300px) 100vw, 300px\" \/><\/h4>\n<h4>1 bolsa de Coco Grow = 6 litros de tierra prellenada lista para plantar en una bolsa.<br \/>\n<strong>Ideal para pisos y apartamentos para cultivar plantas verdes &#8230;<\/strong><\/h4>\n<\/div>\n<\/div>\n<div>\n<div class=\"uk-card uk-card-primary uk-card-body\">\n<h2 class=\"uk-card-title\">\u00bfC\u00f3mo puedo utilizarlo?<\/h2>\n<ul>\n<li>El saco de cultivo ya est\u00e1 perforado. No es necesario hacer agujeros adicionales. <\/li>\n<li>Desenvuelve la bolsa que contiene 750 g de m\u00e9dula de coco comprimida y col\u00f3cala en un recipiente de pl\u00e1stico.<\/li>\n<li>A\u00f1ade aproximadamente 5 litros de agua, lo suficiente para expandir completamente la bolsa.<\/li>\n<li>Espera 45 minutos hasta que se absorba toda el agua. Escurre el agua sobrante si es necesario. <\/li>\n<li>A\u00f1ade unos 15 g de <a href=\"https:\/\/shop.natureneem.com\/es\/e-shop\/nutraza\/\" target=\"_blank\" rel=\"noopener\">NutrAza<\/a>, el abono natural de neem.<\/li>\n<li>El n\u00famero de plantas por bolsa depende del tama\u00f1o de las plantas que quieras cultivar.<\/li>\n<li>Despu\u00e9s de plantar, cubre con <a href=\"https:\/\/shop.natureneem.com\/es\/e-shop\/coco-ladrillo-copy\/\" target=\"_blank\" rel=\"noopener\">CocoMulch<\/a>. Esto evitar\u00e1 el crecimiento de malas hierbas y conservar\u00e1 la humedad del sustrato. <\/li>\n<\/ul>\n<p><strong>Consejo<\/strong>: La bolsa es reciclable y puede reutilizarse hasta 3 temporadas de cultivo.<\/p>\n<\/div>\n<\/div>\n<\/div>\n<div class=\"uk-grid-match uk-child-width-expand@s\">\n<div>\n<div class=\"uk-card uk-card-secondary uk-card-body\">\n<h2 class=\"uk-card-title\">Canal Neem Naturaleza<\/h2>\n<p><iframe loading=\"lazy\" title=\"Rempotage dans un sac de culture pr\u00e9 rempli de terreau de coco\" width=\"500\" height=\"281\" src=\"https:\/\/www.youtube.com\/embed\/yjb7McnAWbg?feature=oembed\" frameborder=\"0\" allow=\"accelerometer; autoplay; clipboard-write; encrypted-media; gyroscope; picture-in-picture; web-share\" referrerpolicy=\"strict-origin-when-cross-origin\" allowfullscreen><\/iframe><\/p>\n<\/div>\n<\/div>\n<div>\n<div class=\"uk-card uk-card-default uk-card-body uk-background-muted\">\n<h2 class=\"uk-card-title\">Echa un vistazo a nuestro canal de YouTube<\/h2>\n<h3>Sigue nuestras mejores pr\u00e1cticas de Coco Grow<br \/>\n<em>Trasplantar en una bolsa de cultivo precargada con tierra de coco para macetas<\/em><\/h3>\n<\/div>\n<\/div>\n<\/div>\n<h3>Cultiva tus verduras, plantas e incluso frutas. Es f\u00e1cil, econ\u00f3mico y ecol\u00f3gico con una tierra para macetas lista para usar. Con s\u00f3lo 9 litros de agua obtienes una bolsa de tierra para macetas hecha con fibras de coco 100% naturales. F\u00e1cil de transportar, f\u00e1cil de poner en pr\u00e1ctica.   <\/h3>\n<h3 class=\"uk-alert\">\u00bfNo tienes jard\u00edn y poco espacio para almacenar tierra para macetas? \u00a1Piensa en Coco Grow ! <\/h3>\n<h3 class=\"uk-alert\">\u00bfEst\u00e1s cansado de cargar con sacos de tierra demasiado pesados y voluminosos? \u00a1Elige Coco Grow ! <\/h3>\n<h3>Echa un vistazo a nuestros otros Productos de Coco, como <a href=\"https:\/\/shop.natureneem.com\/es\/e-shop\/coco-ladrillo\/\">el Ladrillo de Coco<\/a>, un excelente sustrato de plantaci\u00f3n y acondicionador del suelo. Prueba el superventas <a href=\"https:\/\/shop.natureneem.com\/e-shop\/naturecoco-organic-virgin-coconut-oil\/\">NatureCoco<\/a>, el aceite de coco virgen ecol\u00f3gico. Coco Grow Soluci\u00f3n bio y ecol\u00f3gica todo en uno para lugares peque\u00f1os.  <\/h3>\n","protected":false},"excerpt":{"rendered":"<h2 class=\"ai-optimize-19\">Saco de cultivo de coco<\/h2>\n<p class=\"ai-optimize-20\">para todo tipo de plantas<br \/>\n1 bolsa = 6 litros<br \/>\n\u00a1Listo para plantar!<\/p>\n","protected":false},"featured_media":12157,"comment_status":"open","ping_status":"closed","template":"","meta":[],"product_brand":[],"product_cat":[146],"product_tag":[],"class_list":{"0":"post-5655","1":"product","2":"type-product","3":"status-publish","4":"has-post-thumbnail","6":"product_cat-productos-de-coco","7":"product_shipping_class-11-kg","9":"first","10":"instock","11":"shipping-taxable","12":"purchasable","13":"product-type-simple"},"yoast_head":"<!-- This site is optimized with the Yoast SEO Premium plugin v27.5 (Yoast SEO v27.5) - https:\/\/yoast.com\/product\/yoast-seo-premium-wordpress\/ -->\n<title>Coco Grow: Medio de plantaci\u00f3n para plantas f\u00e1cil de usar y manejar \ud83e\udd65 NatureNeem e-Shop%<\/title>\n<meta name=\"description\" content=\"Da a tus plantas el mejor comienzo con Coco Grow, un medio de plantaci\u00f3n rentable y flexible. Minimiza el choque del trasplante. Disfruta de un manejo y almacenamiento sencillos.\" \/>\n<meta name=\"robots\" content=\"index, follow, max-snippet:-1, max-image-preview:large, max-video-preview:-1\" \/>\n<link rel=\"canonical\" href=\"https:\/\/shop.natureneem.com\/es\/e-shop\/coco-grow\/\" \/>\n<meta property=\"og:locale\" content=\"es_ES\" \/>\n<meta property=\"og:type\" content=\"article\" \/>\n<meta property=\"og:title\" content=\"CocoGrow\" \/>\n<meta property=\"og:description\" content=\"Da a tus plantas el mejor comienzo con Coco Grow, un medio de plantaci\u00f3n rentable y flexible. Minimiza el choque del trasplante. Disfruta de un manejo y almacenamiento sencillos.\" \/>\n<meta property=\"og:url\" content=\"https:\/\/shop.natureneem.com\/es\/e-shop\/coco-grow\/\" \/>\n<meta property=\"og:site_name\" content=\"NatureNeem e-Shop\" \/>\n<meta property=\"article:publisher\" content=\"https:\/\/www.facebook.com\/natureneemindia\/\" \/>\n<meta property=\"article:modified_time\" content=\"2026-04-30T17:13:28+00:00\" \/>\n<meta property=\"og:image\" content=\"https:\/\/shop.natureneem.com\/wp-content\/uploads\/2020\/03\/NN-COCOGROW-2025_01.jpg\" \/>\n\t<meta property=\"og:image:width\" content=\"2000\" \/>\n\t<meta property=\"og:image:height\" content=\"2000\" \/>\n\t<meta property=\"og:image:type\" content=\"image\/jpeg\" \/>\n<meta name=\"twitter:card\" content=\"summary_large_image\" \/>\n<meta name=\"twitter:site\" content=\"@natureneem\" \/>\n<meta name=\"twitter:label1\" content=\"Precio\" \/>\n\t<meta name=\"twitter:data1\" content=\"7,99&nbsp;&euro;\" \/>\n\t<meta name=\"twitter:label2\" content=\"Disponibilidad\" \/>\n\t<meta name=\"twitter:data2\" content=\"Disponible\" \/>\n<script type=\"application\/ld+json\" class=\"yoast-schema-graph\">{\"@context\":\"https:\\\/\\\/schema.org\",\"@graph\":[{\"@type\":\"WebPage\",\"@id\":\"https:\\\/\\\/shop.natureneem.com\\\/es\\\/e-shop\\\/coco-grow\\\/\",\"url\":\"https:\\\/\\\/shop.natureneem.com\\\/es\\\/e-shop\\\/coco-grow\\\/\",\"name\":\"Coco Grow: Medio de plantaci\u00f3n para plantas f\u00e1cil de usar y manejar \ud83e\udd65 NatureNeem e-Shop%\",\"isPartOf\":{\"@id\":\"https:\\\/\\\/shop.natureneem.com\\\/es\\\/#website\"},\"primaryImageOfPage\":{\"@id\":\"https:\\\/\\\/shop.natureneem.com\\\/es\\\/e-shop\\\/coco-grow\\\/#primaryimage\"},\"image\":{\"@id\":\"https:\\\/\\\/shop.natureneem.com\\\/es\\\/e-shop\\\/coco-grow\\\/#primaryimage\"},\"thumbnailUrl\":\"https:\\\/\\\/shop.natureneem.com\\\/wp-content\\\/uploads\\\/2020\\\/03\\\/NN-COCOGROW-2025_01.jpg\",\"datePublished\":\"2020-03-31T16:54:27+00:00\",\"dateModified\":\"2026-04-30T17:13:28+00:00\",\"description\":\"Da a tus plantas el mejor comienzo con Coco Grow, un medio de plantaci\u00f3n rentable y flexible. Minimiza el choque del trasplante. Disfruta de un manejo y almacenamiento sencillos.\",\"breadcrumb\":{\"@id\":\"https:\\\/\\\/shop.natureneem.com\\\/es\\\/e-shop\\\/coco-grow\\\/#breadcrumb\"},\"inLanguage\":\"es\",\"potentialAction\":[{\"@type\":\"ReadAction\",\"target\":[\"https:\\\/\\\/shop.natureneem.com\\\/es\\\/e-shop\\\/coco-grow\\\/\"]}]},{\"@type\":\"ImageObject\",\"inLanguage\":\"es\",\"@id\":\"https:\\\/\\\/shop.natureneem.com\\\/es\\\/e-shop\\\/coco-grow\\\/#primaryimage\",\"url\":\"https:\\\/\\\/shop.natureneem.com\\\/wp-content\\\/uploads\\\/2020\\\/03\\\/NN-COCOGROW-2025_01.jpg\",\"contentUrl\":\"https:\\\/\\\/shop.natureneem.com\\\/wp-content\\\/uploads\\\/2020\\\/03\\\/NN-COCOGROW-2025_01.jpg\",\"width\":2000,\"height\":2000,\"caption\":\"CocoGrow de NatureNeem - F\u00e1cil de manipular, almacenar y utilizar\"},{\"@type\":\"BreadcrumbList\",\"@id\":\"https:\\\/\\\/shop.natureneem.com\\\/es\\\/e-shop\\\/coco-grow\\\/#breadcrumb\",\"itemListElement\":[{\"@type\":\"ListItem\",\"position\":1,\"name\":\"Home\",\"item\":\"https:\\\/\\\/shop.natureneem.com\\\/es\\\/inicio\\\/\"},{\"@type\":\"ListItem\",\"position\":2,\"name\":\"Tienda electr\u00f3nica\",\"item\":\"https:\\\/\\\/shop.natureneem.com\\\/es\\\/tienda\\\/\"},{\"@type\":\"ListItem\",\"position\":3,\"name\":\"CocoGrow\"}]},{\"@type\":\"WebSite\",\"@id\":\"https:\\\/\\\/shop.natureneem.com\\\/es\\\/#website\",\"url\":\"https:\\\/\\\/shop.natureneem.com\\\/es\\\/\",\"name\":\"NatureNeem e-Shop\",\"description\":\"Official Shop from Nature Neem\",\"publisher\":{\"@id\":\"https:\\\/\\\/shop.natureneem.com\\\/es\\\/#organization\"},\"alternateName\":\"Nature Neem\",\"potentialAction\":[{\"@type\":\"SearchAction\",\"target\":{\"@type\":\"EntryPoint\",\"urlTemplate\":\"https:\\\/\\\/shop.natureneem.com\\\/es\\\/?s={search_term_string}\"},\"query-input\":{\"@type\":\"PropertyValueSpecification\",\"valueRequired\":true,\"valueName\":\"search_term_string\"}}],\"inLanguage\":\"es\"},{\"@type\":\"Organization\",\"@id\":\"https:\\\/\\\/shop.natureneem.com\\\/es\\\/#organization\",\"name\":\"Nature Neem\",\"alternateName\":\"Lorsun SAS\",\"url\":\"https:\\\/\\\/shop.natureneem.com\\\/es\\\/\",\"logo\":{\"@type\":\"ImageObject\",\"inLanguage\":\"es\",\"@id\":\"https:\\\/\\\/shop.natureneem.com\\\/es\\\/#\\\/schema\\\/logo\\\/image\\\/\",\"url\":\"https:\\\/\\\/shop.natureneem.com\\\/wp-content\\\/uploads\\\/2024\\\/09\\\/nn-logo-symbole-2024-01.svg\",\"contentUrl\":\"https:\\\/\\\/shop.natureneem.com\\\/wp-content\\\/uploads\\\/2024\\\/09\\\/nn-logo-symbole-2024-01.svg\",\"width\":1,\"height\":1,\"caption\":\"Nature Neem\"},\"image\":{\"@id\":\"https:\\\/\\\/shop.natureneem.com\\\/es\\\/#\\\/schema\\\/logo\\\/image\\\/\"},\"sameAs\":[\"https:\\\/\\\/www.facebook.com\\\/natureneemindia\\\/\",\"https:\\\/\\\/x.com\\\/natureneem\",\"https:\\\/\\\/www.youtube.com\\\/user\\\/natureneem\",\"https:\\\/\\\/www.linkedin.com\\\/company\\\/natureneem\"],\"description\":\"Nos dedicamos al desarrollo y comercializaci\u00f3n de soluciones ecol\u00f3gicas. Seguimos inventando estas soluciones alternativas naturales que pueden sustituir eficazmente a los productos de s\u00edntesis qu\u00edmica que da\u00f1an nuestro medio ambiente. Nuestro equipo es especialmente competente en la propuesta de insumos agr\u00edcolas ecol\u00f3gicos. Tambi\u00e9n actuamos como una asociaci\u00f3n de personas con ideas afines que creen que la naturaleza sustenta la soluci\u00f3n de todos los problemas medioambientales a los que se enfrenta el ser humano.   \",\"email\":\"info@natureneem.com\",\"telephone\":\"+91 77084 00899\",\"legalName\":\"NATURE NEEM PRODUCTS\",\"vatID\":\"FR08891657884\",\"numberOfEmployees\":{\"@type\":\"QuantitativeValue\",\"minValue\":\"51\",\"maxValue\":\"200\"},\"publishingPrinciples\":\"https:\\\/\\\/shop.natureneem.com\\\/\",\"actionableFeedbackPolicy\":\"https:\\\/\\\/shop.natureneem.com\\\/return-and-refund-policy\\\/\",\"hasMerchantReturnPolicy\":{\"@type\":\"MerchantReturnPolicy\",\"merchantReturnLink\":\"https:\\\/\\\/shop.natureneem.com\\\/return-and-refund-policy\\\/\"}}]}<\/script>\n<meta property=\"product:price:amount\" content=\"7.99\" \/>\n<meta property=\"product:price:currency\" content=\"EUR\" \/>\n<meta property=\"og:availability\" content=\"instock\" \/>\n<meta property=\"product:availability\" content=\"instock\" \/>\n<meta property=\"product:retailer_item_id\" content=\"NN-GP-CG\" \/>\n<meta property=\"product:condition\" content=\"new\" \/>\n<!-- \/ Yoast SEO Premium plugin. -->","yoast_head_json":{"title":"Coco Grow: Medio de plantaci\u00f3n para plantas f\u00e1cil de usar y manejar \ud83e\udd65 NatureNeem e-Shop%","description":"Da a tus plantas el mejor comienzo con Coco Grow, un medio de plantaci\u00f3n rentable y flexible. Minimiza el choque del trasplante. Disfruta de un manejo y almacenamiento sencillos.","robots":{"index":"index","follow":"follow","max-snippet":"max-snippet:-1","max-image-preview":"max-image-preview:large","max-video-preview":"max-video-preview:-1"},"canonical":"https:\/\/shop.natureneem.com\/es\/e-shop\/coco-grow\/","og_locale":"es_ES","og_type":"article","og_title":"CocoGrow","og_description":"Da a tus plantas el mejor comienzo con Coco Grow, un medio de plantaci\u00f3n rentable y flexible. Minimiza el choque del trasplante. Disfruta de un manejo y almacenamiento sencillos.","og_url":"https:\/\/shop.natureneem.com\/es\/e-shop\/coco-grow\/","og_site_name":"NatureNeem e-Shop","article_publisher":"https:\/\/www.facebook.com\/natureneemindia\/","article_modified_time":"2026-04-30T17:13:28+00:00","og_image":[{"width":2000,"height":2000,"url":"https:\/\/shop.natureneem.com\/wp-content\/uploads\/2020\/03\/NN-COCOGROW-2025_01.jpg","type":"image\/jpeg"}],"twitter_card":"summary_large_image","twitter_site":"@natureneem","twitter_misc":{"Precio":"7,99&nbsp;&euro;","Disponibilidad":"Disponible"},"schema":{"@context":"https:\/\/schema.org","@graph":[{"@type":"WebPage","@id":"https:\/\/shop.natureneem.com\/es\/e-shop\/coco-grow\/","url":"https:\/\/shop.natureneem.com\/es\/e-shop\/coco-grow\/","name":"Coco Grow: Medio de plantaci\u00f3n para plantas f\u00e1cil de usar y manejar \ud83e\udd65 NatureNeem e-Shop%","isPartOf":{"@id":"https:\/\/shop.natureneem.com\/es\/#website"},"primaryImageOfPage":{"@id":"https:\/\/shop.natureneem.com\/es\/e-shop\/coco-grow\/#primaryimage"},"image":{"@id":"https:\/\/shop.natureneem.com\/es\/e-shop\/coco-grow\/#primaryimage"},"thumbnailUrl":"https:\/\/shop.natureneem.com\/wp-content\/uploads\/2020\/03\/NN-COCOGROW-2025_01.jpg","datePublished":"2020-03-31T16:54:27+00:00","dateModified":"2026-04-30T17:13:28+00:00","description":"Da a tus plantas el mejor comienzo con Coco Grow, un medio de plantaci\u00f3n rentable y flexible. Minimiza el choque del trasplante. Disfruta de un manejo y almacenamiento sencillos.","breadcrumb":{"@id":"https:\/\/shop.natureneem.com\/es\/e-shop\/coco-grow\/#breadcrumb"},"inLanguage":"es","potentialAction":[{"@type":"ReadAction","target":["https:\/\/shop.natureneem.com\/es\/e-shop\/coco-grow\/"]}]},{"@type":"ImageObject","inLanguage":"es","@id":"https:\/\/shop.natureneem.com\/es\/e-shop\/coco-grow\/#primaryimage","url":"https:\/\/shop.natureneem.com\/wp-content\/uploads\/2020\/03\/NN-COCOGROW-2025_01.jpg","contentUrl":"https:\/\/shop.natureneem.com\/wp-content\/uploads\/2020\/03\/NN-COCOGROW-2025_01.jpg","width":2000,"height":2000,"caption":"CocoGrow de NatureNeem - F\u00e1cil de manipular, almacenar y utilizar"},{"@type":"BreadcrumbList","@id":"https:\/\/shop.natureneem.com\/es\/e-shop\/coco-grow\/#breadcrumb","itemListElement":[{"@type":"ListItem","position":1,"name":"Home","item":"https:\/\/shop.natureneem.com\/es\/inicio\/"},{"@type":"ListItem","position":2,"name":"Tienda electr\u00f3nica","item":"https:\/\/shop.natureneem.com\/es\/tienda\/"},{"@type":"ListItem","position":3,"name":"CocoGrow"}]},{"@type":"WebSite","@id":"https:\/\/shop.natureneem.com\/es\/#website","url":"https:\/\/shop.natureneem.com\/es\/","name":"NatureNeem e-Shop","description":"Official Shop from Nature Neem","publisher":{"@id":"https:\/\/shop.natureneem.com\/es\/#organization"},"alternateName":"Nature Neem","potentialAction":[{"@type":"SearchAction","target":{"@type":"EntryPoint","urlTemplate":"https:\/\/shop.natureneem.com\/es\/?s={search_term_string}"},"query-input":{"@type":"PropertyValueSpecification","valueRequired":true,"valueName":"search_term_string"}}],"inLanguage":"es"},{"@type":"Organization","@id":"https:\/\/shop.natureneem.com\/es\/#organization","name":"Nature Neem","alternateName":"Lorsun SAS","url":"https:\/\/shop.natureneem.com\/es\/","logo":{"@type":"ImageObject","inLanguage":"es","@id":"https:\/\/shop.natureneem.com\/es\/#\/schema\/logo\/image\/","url":"https:\/\/shop.natureneem.com\/wp-content\/uploads\/2024\/09\/nn-logo-symbole-2024-01.svg","contentUrl":"https:\/\/shop.natureneem.com\/wp-content\/uploads\/2024\/09\/nn-logo-symbole-2024-01.svg","width":1,"height":1,"caption":"Nature Neem"},"image":{"@id":"https:\/\/shop.natureneem.com\/es\/#\/schema\/logo\/image\/"},"sameAs":["https:\/\/www.facebook.com\/natureneemindia\/","https:\/\/x.com\/natureneem","https:\/\/www.youtube.com\/user\/natureneem","https:\/\/www.linkedin.com\/company\/natureneem"],"description":"Nos dedicamos al desarrollo y comercializaci\u00f3n de soluciones ecol\u00f3gicas. Seguimos inventando estas soluciones alternativas naturales que pueden sustituir eficazmente a los productos de s\u00edntesis qu\u00edmica que da\u00f1an nuestro medio ambiente. Nuestro equipo es especialmente competente en la propuesta de insumos agr\u00edcolas ecol\u00f3gicos. Tambi\u00e9n actuamos como una asociaci\u00f3n de personas con ideas afines que creen que la naturaleza sustenta la soluci\u00f3n de todos los problemas medioambientales a los que se enfrenta el ser humano.   ","email":"info@natureneem.com","telephone":"+91 77084 00899","legalName":"NATURE NEEM PRODUCTS","vatID":"FR08891657884","numberOfEmployees":{"@type":"QuantitativeValue","minValue":"51","maxValue":"200"},"publishingPrinciples":"https:\/\/shop.natureneem.com\/","actionableFeedbackPolicy":"https:\/\/shop.natureneem.com\/return-and-refund-policy\/","hasMerchantReturnPolicy":{"@type":"MerchantReturnPolicy","merchantReturnLink":"https:\/\/shop.natureneem.com\/return-and-refund-policy\/"}}]},"product_price_amount":"7.99","product_price_currency":"EUR","og_availability":"instock","product_availability":"instock","product_retailer_item_id":"NN-GP-CG","product_condition":"new"},"_links":{"self":[{"href":"https:\/\/shop.natureneem.com\/es\/wp-json\/wp\/v2\/product\/5655","targetHints":{"allow":["GET"]}}],"collection":[{"href":"https:\/\/shop.natureneem.com\/es\/wp-json\/wp\/v2\/product"}],"about":[{"href":"https:\/\/shop.natureneem.com\/es\/wp-json\/wp\/v2\/types\/product"}],"replies":[{"embeddable":true,"href":"https:\/\/shop.natureneem.com\/es\/wp-json\/wp\/v2\/comments?post=5655"}],"wp:featuredmedia":[{"embeddable":true,"href":"https:\/\/shop.natureneem.com\/es\/wp-json\/wp\/v2\/media\/12157"}],"wp:attachment":[{"href":"https:\/\/shop.natureneem.com\/es\/wp-json\/wp\/v2\/media?parent=5655"}],"wp:term":[{"taxonomy":"product_brand","embeddable":true,"href":"https:\/\/shop.natureneem.com\/es\/wp-json\/wp\/v2\/product_brand?post=5655"},{"taxonomy":"product_cat","embeddable":true,"href":"https:\/\/shop.natureneem.com\/es\/wp-json\/wp\/v2\/product_cat?post=5655"},{"taxonomy":"product_tag","embeddable":true,"href":"https:\/\/shop.natureneem.com\/es\/wp-json\/wp\/v2\/product_tag?post=5655"}],"curies":[{"name":"wp","href":"https:\/\/api.w.org\/{rel}","templated":true}]}}