{"id":12972,"date":"2025-09-18T15:25:20","date_gmt":"2025-09-18T13:25:20","guid":{"rendered":"https:\/\/shop.natureneem.com\/chariot\/"},"modified":"2026-03-15T08:24:09","modified_gmt":"2026-03-15T07:24:09","slug":"chariot","status":"publish","type":"page","link":"https:\/\/shop.natureneem.com\/fr\/chariot\/","title":{"rendered":"Chariot"},"content":{"rendered":"\n<div data-block-name=\"woocommerce\/cart\" class=\"wp-block-woocommerce-cart alignwide is-loading\">\n<div data-block-name=\"woocommerce\/filled-cart-block\" class=\"wp-block-woocommerce-filled-cart-block\">\n<div data-block-name=\"woocommerce\/cart-items-block\" class=\"wp-block-woocommerce-cart-items-block\">\n<div data-block-name=\"woocommerce\/cart-line-items-block\" class=\"wp-block-woocommerce-cart-line-items-block\"><\/div>\n\n\n\n<div data-block-name=\"woocommerce\/cart-cross-sells-block\" class=\"wp-block-woocommerce-cart-cross-sells-block\">\n<h2 class=\"wp-block-heading has-large-font-size\" id=\"h-you-may-be-interested-in\">Vous pourriez \u00eatre int\u00e9ress\u00e9 par&#8230;<\/h2>\n\n\n\n<div data-block-name=\"woocommerce\/cart-cross-sells-products-block\" class=\"wp-block-woocommerce-cart-cross-sells-products-block\"><\/div>\n<\/div>\n<\/div>\n\n\n\n<div data-block-name=\"woocommerce\/cart-totals-block\" class=\"wp-block-woocommerce-cart-totals-block\">\n<div data-block-name=\"woocommerce\/cart-order-summary-block\" class=\"wp-block-woocommerce-cart-order-summary-block\">\n<div data-block-name=\"woocommerce\/cart-order-summary-heading-block\" class=\"wp-block-woocommerce-cart-order-summary-heading-block\"><\/div>\n\n\n\n<div data-block-name=\"woocommerce\/cart-order-summary-coupon-form-block\" class=\"wp-block-woocommerce-cart-order-summary-coupon-form-block\"><\/div>\n\n\n\n<div data-block-name=\"woocommerce\/cart-order-summary-totals-block\" class=\"wp-block-woocommerce-cart-order-summary-totals-block\">\n<div data-block-name=\"woocommerce\/cart-order-summary-subtotal-block\" class=\"wp-block-woocommerce-cart-order-summary-subtotal-block\"><\/div>\n\n\n\n<div data-block-name=\"woocommerce\/cart-order-summary-fee-block\" class=\"wp-block-woocommerce-cart-order-summary-fee-block\"><\/div>\n\n\n\n<div data-block-name=\"woocommerce\/cart-order-summary-discount-block\" class=\"wp-block-woocommerce-cart-order-summary-discount-block\"><\/div>\n\n\n\n<div data-block-name=\"woocommerce\/cart-order-summary-shipping-block\" class=\"wp-block-woocommerce-cart-order-summary-shipping-block\"><\/div>\n\n\n\n<div data-block-name=\"woocommerce\/cart-order-summary-taxes-block\" class=\"wp-block-woocommerce-cart-order-summary-taxes-block\"><\/div>\n<\/div>\n<\/div>\n\n\n\n\n\n<div data-block-name=\"woocommerce\/cart-express-payment-block\" class=\"wp-block-woocommerce-cart-express-payment-block\"><\/div>\n\n\n\n<div data-block-name=\"woocommerce\/proceed-to-checkout-block\" class=\"wp-block-woocommerce-proceed-to-checkout-block\"><\/div>\n<div id=\"ppcp-recaptcha-v2-container\" style=\"margin:20px 0;\"><\/div>\n\n\n<div data-block-name=\"woocommerce\/cart-accepted-payment-methods-block\" class=\"wp-block-woocommerce-cart-accepted-payment-methods-block\"><\/div>\n<\/div>\n<\/div>\n\n\n\n<div data-block-name=\"woocommerce\/empty-cart-block\" class=\"wp-block-woocommerce-empty-cart-block\">\n<h2 class=\"wp-block-heading has-text-align-center with-empty-cart-icon wc-block-cart__empty-cart__title\" id=\"h-your-cart-is-currently-empty\">Votre panier est actuellement vide !<\/h2>\n\n\n\n<hr class=\"wp-block-separator has-alpha-channel-opacity is-style-dots\"\/>\n\n\n\n<h2 class=\"wp-block-heading has-text-align-center\" id=\"h-new-in-store\">Nouveau en magasin<\/h2>\n\n\n<div data-block-name=\"woocommerce\/product-new\" data-columns=\"4\" data-rows=\"1\" class=\"wc-block-grid wp-block-product-new wp-block-woocommerce-product-new wc-block-product-new has-4-columns\"><ul class=\"wc-block-grid__products\"><li class=\"wc-block-grid__product\">\n\t\t\t\t<a href=\"https:\/\/shop.natureneem.com\/fr\/e-shop\/coco-brick-copy\/\" class=\"wc-block-grid__product-link\">\n\t\t\t\t\t<div class=\"wc-block-grid__product-onsale\">\n\t\t\t<span aria-hidden=\"true\">Promo<\/span>\n\t\t\t<span class=\"screen-reader-text\">Produit en promotion<\/span>\n\t\t<\/div>\n\t\t\t\t\t<div class=\"wc-block-grid__product-image\"><img loading=\"lazy\" decoding=\"async\" width=\"300\" height=\"300\" src=\"https:\/\/shop.natureneem.com\/wp-content\/uploads\/2025\/05\/NN_COCO-MULCH_WEB_00-1-300x300.jpg\" class=\"attachment-woocommerce_thumbnail size-woocommerce_thumbnail\" alt=\"CocoMulch de NatureNeem\" srcset=\"https:\/\/shop.natureneem.com\/wp-content\/uploads\/2025\/05\/NN_COCO-MULCH_WEB_00-1-300x300.jpg 300w, https:\/\/shop.natureneem.com\/wp-content\/uploads\/2025\/05\/NN_COCO-MULCH_WEB_00-1-100x100.jpg 100w, https:\/\/shop.natureneem.com\/wp-content\/uploads\/2025\/05\/NN_COCO-MULCH_WEB_00-1-500x500.jpg 500w, https:\/\/shop.natureneem.com\/wp-content\/uploads\/2025\/05\/NN_COCO-MULCH_WEB_00-1-1024x1024.jpg 1024w, https:\/\/shop.natureneem.com\/wp-content\/uploads\/2025\/05\/NN_COCO-MULCH_WEB_00-1-150x150.jpg 150w, https:\/\/shop.natureneem.com\/wp-content\/uploads\/2025\/05\/NN_COCO-MULCH_WEB_00-1-768x768.jpg 768w, https:\/\/shop.natureneem.com\/wp-content\/uploads\/2025\/05\/NN_COCO-MULCH_WEB_00-1.jpg 1200w\" sizes=\"(max-width: 300px) 100vw, 300px\" \/><\/div>\n\t\t\t\t\t<div class=\"wc-block-grid__product-title\">Paillis de coco<\/div>\n\t\t\t\t<\/a>\n\t\t\t\t<div class=\"wc-block-grid__product-price price\"><span class=\"tm-price-from\">\u00e0 partir de<\/span> <ins><span class=\"woocommerce-Price-amount amount\">1,99&nbsp;<span class=\"woocommerce-Price-currencySymbol\">&euro;<\/span><\/span><\/ins> <del aria-hidden=\"true\"><span class=\"woocommerce-Price-amount amount\">3,99&nbsp;<span class=\"woocommerce-Price-currencySymbol\">&euro;<\/span><\/span><\/del><\/div>\n\t\t\t\t\n\t\t\t\t<div class=\"wp-block-button wc-block-grid__product-add-to-cart\"><a href=\"https:\/\/shop.natureneem.com\/fr\/e-shop\/coco-brick-copy\/\" aria-label=\"S\u00e9lectionner les options pour &ldquo;Paillis de coco&rdquo;\" data-quantity=\"1\" data-product_id=\"11503\" data-product_sku=\"NN-GP-CM\" data-price=\"1.99\" rel=\"nofollow\" class=\"wp-block-button__link  add_to_cart_button\">Choix des options<\/a><\/div>\n\t\t\t<\/li><li class=\"wc-block-grid__product\">\n\t\t\t\t<a href=\"https:\/\/shop.natureneem.com\/fr\/e-shop\/nutraza-poudre\/\" class=\"wc-block-grid__product-link\">\n\t\t\t\t\t\n\t\t\t\t\t<div class=\"wc-block-grid__product-image\"><img loading=\"lazy\" decoding=\"async\" width=\"300\" height=\"300\" src=\"https:\/\/shop.natureneem.com\/wp-content\/uploads\/2025\/03\/NN-NutrAza_Powder_BAG_25KG_2025-03-31_01-300x300.jpg\" class=\"attachment-woocommerce_thumbnail size-woocommerce_thumbnail\" alt=\"Poudre de graines de neem de NatureNeem\" srcset=\"https:\/\/shop.natureneem.com\/wp-content\/uploads\/2025\/03\/NN-NutrAza_Powder_BAG_25KG_2025-03-31_01-300x300.jpg 300w, https:\/\/shop.natureneem.com\/wp-content\/uploads\/2025\/03\/NN-NutrAza_Powder_BAG_25KG_2025-03-31_01-100x100.jpg 100w, https:\/\/shop.natureneem.com\/wp-content\/uploads\/2025\/03\/NN-NutrAza_Powder_BAG_25KG_2025-03-31_01-500x500.jpg 500w, https:\/\/shop.natureneem.com\/wp-content\/uploads\/2025\/03\/NN-NutrAza_Powder_BAG_25KG_2025-03-31_01-1024x1024.jpg 1024w, https:\/\/shop.natureneem.com\/wp-content\/uploads\/2025\/03\/NN-NutrAza_Powder_BAG_25KG_2025-03-31_01-150x150.jpg 150w, https:\/\/shop.natureneem.com\/wp-content\/uploads\/2025\/03\/NN-NutrAza_Powder_BAG_25KG_2025-03-31_01-768x768.jpg 768w, https:\/\/shop.natureneem.com\/wp-content\/uploads\/2025\/03\/NN-NutrAza_Powder_BAG_25KG_2025-03-31_01-1536x1536.jpg 1536w, https:\/\/shop.natureneem.com\/wp-content\/uploads\/2025\/03\/NN-NutrAza_Powder_BAG_25KG_2025-03-31_01.jpg 2000w\" sizes=\"(max-width: 300px) 100vw, 300px\" \/><\/div>\n\t\t\t\t\t<div class=\"wc-block-grid__product-title\">NutrAza Poudre<\/div>\n\t\t\t\t<\/a>\n\t\t\t\t<div class=\"wc-block-grid__product-price price\"><span class=\"woocommerce-Price-amount amount\">64,00&nbsp;<span class=\"woocommerce-Price-currencySymbol\">&euro;<\/span><\/span><\/div>\n\t\t\t\t\n\t\t\t\t<div class=\"wp-block-button wc-block-grid__product-add-to-cart\"><a href=\"https:\/\/shop.natureneem.com\/fr\/e-shop\/nutraza-poudre\/\" aria-label=\"S\u00e9lectionner les options pour &ldquo;NutrAza Poudre&rdquo;\" data-quantity=\"1\" data-product_id=\"10975\" data-product_sku=\"NN-NUT-XX-1\" data-price=\"64\" rel=\"nofollow\" class=\"wp-block-button__link  add_to_cart_button\">Choix des options<\/a><\/div>\n\t\t\t<\/li><li class=\"wc-block-grid__product\">\n\t\t\t\t<a href=\"https:\/\/shop.natureneem.com\/fr\/e-shop\/huile-de-sesame\/\" class=\"wc-block-grid__product-link\">\n\t\t\t\t\t<div class=\"wc-block-grid__product-onsale\">\n\t\t\t<span aria-hidden=\"true\">Promo<\/span>\n\t\t\t<span class=\"screen-reader-text\">Produit en promotion<\/span>\n\t\t<\/div>\n\t\t\t\t\t<div class=\"wc-block-grid__product-image\"><img loading=\"lazy\" decoding=\"async\" width=\"300\" height=\"300\" src=\"https:\/\/shop.natureneem.com\/wp-content\/uploads\/2024\/11\/NN-Sesame_Oil_500ml_2024-11-28_01-300x300.jpg\" class=\"attachment-woocommerce_thumbnail size-woocommerce_thumbnail\" alt=\"Huile de s\u00e9same\" srcset=\"https:\/\/shop.natureneem.com\/wp-content\/uploads\/2024\/11\/NN-Sesame_Oil_500ml_2024-11-28_01-300x300.jpg 300w, https:\/\/shop.natureneem.com\/wp-content\/uploads\/2024\/11\/NN-Sesame_Oil_500ml_2024-11-28_01-100x100.jpg 100w, https:\/\/shop.natureneem.com\/wp-content\/uploads\/2024\/11\/NN-Sesame_Oil_500ml_2024-11-28_01-500x500.jpg 500w, https:\/\/shop.natureneem.com\/wp-content\/uploads\/2024\/11\/NN-Sesame_Oil_500ml_2024-11-28_01-1024x1024.jpg 1024w, https:\/\/shop.natureneem.com\/wp-content\/uploads\/2024\/11\/NN-Sesame_Oil_500ml_2024-11-28_01-150x150.jpg 150w, https:\/\/shop.natureneem.com\/wp-content\/uploads\/2024\/11\/NN-Sesame_Oil_500ml_2024-11-28_01-768x768.jpg 768w, https:\/\/shop.natureneem.com\/wp-content\/uploads\/2024\/11\/NN-Sesame_Oil_500ml_2024-11-28_01-1536x1536.jpg 1536w, https:\/\/shop.natureneem.com\/wp-content\/uploads\/2024\/11\/NN-Sesame_Oil_500ml_2024-11-28_01.jpg 2000w\" sizes=\"(max-width: 300px) 100vw, 300px\" \/><\/div>\n\t\t\t\t\t<div class=\"wc-block-grid__product-title\">Huile de s\u00e9same<\/div>\n\t\t\t\t<\/a>\n\t\t\t\t<div class=\"wc-block-grid__product-price price\"><ins><span class=\"woocommerce-Price-amount amount\">12,99&nbsp;<span class=\"woocommerce-Price-currencySymbol\">&euro;<\/span><\/span><\/ins> <del aria-hidden=\"true\"><span class=\"woocommerce-Price-amount amount\">15,99&nbsp;<span class=\"woocommerce-Price-currencySymbol\">&euro;<\/span><\/span><\/del><\/div>\n\t\t\t\t\n\t\t\t\t<div class=\"wp-block-button wc-block-grid__product-add-to-cart\"><a href=\"\/fr\/wp-json\/wp\/v2\/pages\/12972?add-to-cart=10178\" aria-label=\"Ajouter au panier\u00a0: &ldquo;Huile de s\u00e9same&rdquo;\" data-quantity=\"1\" data-product_id=\"10178\" data-product_sku=\"NN-SO-0500\" data-price=\"12.99\" rel=\"nofollow\" class=\"wp-block-button__link  add_to_cart_button ajax_add_to_cart\">Ajouter au panier<\/a><\/div>\n\t\t\t<\/li><li class=\"wc-block-grid__product\">\n\t\t\t\t<a href=\"https:\/\/shop.natureneem.com\/fr\/e-shop\/huile-de-moutarde\/\" class=\"wc-block-grid__product-link\">\n\t\t\t\t\t<div class=\"wc-block-grid__product-onsale\">\n\t\t\t<span aria-hidden=\"true\">Promo<\/span>\n\t\t\t<span class=\"screen-reader-text\">Produit en promotion<\/span>\n\t\t<\/div>\n\t\t\t\t\t<div class=\"wc-block-grid__product-image\"><img loading=\"lazy\" decoding=\"async\" width=\"300\" height=\"300\" src=\"https:\/\/shop.natureneem.com\/wp-content\/uploads\/2024\/11\/NN-Mustard_Oil_500ml_2024-11-28_01-300x300.jpg\" class=\"attachment-woocommerce_thumbnail size-woocommerce_thumbnail\" alt=\"Huile de colza de Nature Neem (Brassica Alba) Huile de graines de colza Nature Neem India\" srcset=\"https:\/\/shop.natureneem.com\/wp-content\/uploads\/2024\/11\/NN-Mustard_Oil_500ml_2024-11-28_01-300x300.jpg 300w, https:\/\/shop.natureneem.com\/wp-content\/uploads\/2024\/11\/NN-Mustard_Oil_500ml_2024-11-28_01-100x100.jpg 100w, https:\/\/shop.natureneem.com\/wp-content\/uploads\/2024\/11\/NN-Mustard_Oil_500ml_2024-11-28_01-500x500.jpg 500w, https:\/\/shop.natureneem.com\/wp-content\/uploads\/2024\/11\/NN-Mustard_Oil_500ml_2024-11-28_01-1024x1024.jpg 1024w, https:\/\/shop.natureneem.com\/wp-content\/uploads\/2024\/11\/NN-Mustard_Oil_500ml_2024-11-28_01-150x150.jpg 150w, https:\/\/shop.natureneem.com\/wp-content\/uploads\/2024\/11\/NN-Mustard_Oil_500ml_2024-11-28_01-768x768.jpg 768w, https:\/\/shop.natureneem.com\/wp-content\/uploads\/2024\/11\/NN-Mustard_Oil_500ml_2024-11-28_01-1536x1536.jpg 1536w, https:\/\/shop.natureneem.com\/wp-content\/uploads\/2024\/11\/NN-Mustard_Oil_500ml_2024-11-28_01.jpg 2000w\" sizes=\"(max-width: 300px) 100vw, 300px\" \/><\/div>\n\t\t\t\t\t<div class=\"wc-block-grid__product-title\">Huile de Colza<\/div>\n\t\t\t\t<\/a>\n\t\t\t\t<div class=\"wc-block-grid__product-price price\"><ins><span class=\"woocommerce-Price-amount amount\">11,99&nbsp;<span class=\"woocommerce-Price-currencySymbol\">&euro;<\/span><\/span><\/ins> <del aria-hidden=\"true\"><span class=\"woocommerce-Price-amount amount\">15,99&nbsp;<span class=\"woocommerce-Price-currencySymbol\">&euro;<\/span><\/span><\/del><\/div>\n\t\t\t\t\n\t\t\t\t<div class=\"wp-block-button wc-block-grid__product-add-to-cart\"><a href=\"\/fr\/wp-json\/wp\/v2\/pages\/12972?add-to-cart=10190\" aria-label=\"Ajouter au panier\u00a0: &ldquo;Huile de Colza&rdquo;\" data-quantity=\"1\" data-product_id=\"10190\" data-product_sku=\"NN-MO-0500\" data-price=\"11.99\" rel=\"nofollow\" class=\"wp-block-button__link  add_to_cart_button ajax_add_to_cart\">Ajouter au panier<\/a><\/div>\n\t\t\t<\/li><\/ul><\/div><\/div>\n<\/div>\n","protected":false},"excerpt":{"rendered":"","protected":false},"author":1,"featured_media":0,"parent":0,"menu_order":0,"comment_status":"closed","ping_status":"closed","template":"","meta":{"footnotes":""},"class_list":["post-12972","page","type-page","status-publish","hentry"],"yoast_head":"<!-- This site is optimized with the Yoast SEO Premium plugin v27.1 (Yoast SEO v27.2) - https:\/\/yoast.com\/product\/yoast-seo-premium-wordpress\/ -->\n<title>Chariot - NatureNeem e-Shop<\/title>\n<meta name=\"robots\" content=\"index, follow, max-snippet:-1, max-image-preview:large, max-video-preview:-1\" \/>\n<link rel=\"canonical\" href=\"https:\/\/shop.natureneem.com\/fr\/chariot\/\" \/>\n<meta property=\"og:locale\" content=\"fr_FR\" \/>\n<meta property=\"og:type\" content=\"article\" \/>\n<meta property=\"og:title\" content=\"Chariot\" \/>\n<meta property=\"og:url\" content=\"https:\/\/shop.natureneem.com\/fr\/chariot\/\" \/>\n<meta property=\"og:site_name\" content=\"NatureNeem e-Shop\" \/>\n<meta property=\"article:publisher\" content=\"https:\/\/www.facebook.com\/natureneemindia\/\" \/>\n<meta property=\"article:modified_time\" content=\"2026-03-15T07:24:09+00:00\" \/>\n<meta property=\"og:image\" content=\"https:\/\/shop.natureneem.com\/wp-content\/uploads\/2024\/09\/nn-logo-2024_social_yoast2.jpg\" \/>\n\t<meta property=\"og:image:width\" content=\"1200\" \/>\n\t<meta property=\"og:image:height\" content=\"675\" \/>\n\t<meta property=\"og:image:type\" content=\"image\/jpeg\" \/>\n<meta name=\"twitter:card\" content=\"summary_large_image\" \/>\n<meta name=\"twitter:site\" content=\"@natureneem\" \/>\n<script type=\"application\/ld+json\" class=\"yoast-schema-graph\">{\"@context\":\"https:\/\/schema.org\",\"@graph\":[{\"@type\":\"WebPage\",\"@id\":\"https:\/\/shop.natureneem.com\/fr\/chariot\/\",\"url\":\"https:\/\/shop.natureneem.com\/fr\/chariot\/\",\"name\":\"Chariot - NatureNeem e-Shop\",\"isPartOf\":{\"@id\":\"https:\/\/shop.natureneem.com\/fr\/#website\"},\"datePublished\":\"2025-09-18T13:25:20+00:00\",\"dateModified\":\"2026-03-15T07:24:09+00:00\",\"breadcrumb\":{\"@id\":\"https:\/\/shop.natureneem.com\/fr\/chariot\/#breadcrumb\"},\"inLanguage\":\"fr-FR\",\"potentialAction\":[{\"@type\":\"ReadAction\",\"target\":[\"https:\/\/shop.natureneem.com\/fr\/chariot\/\"]}]},{\"@type\":\"BreadcrumbList\",\"@id\":\"https:\/\/shop.natureneem.com\/fr\/chariot\/#breadcrumb\",\"itemListElement\":[{\"@type\":\"ListItem\",\"position\":1,\"name\":\"Home\",\"item\":\"https:\/\/shop.natureneem.com\/fr\/accueil\/\"},{\"@type\":\"ListItem\",\"position\":2,\"name\":\"Chariot\"}]},{\"@type\":\"WebSite\",\"@id\":\"https:\/\/shop.natureneem.com\/fr\/#website\",\"url\":\"https:\/\/shop.natureneem.com\/fr\/\",\"name\":\"NatureNeem e-Shop\",\"description\":\"Official Shop from Nature Neem\",\"publisher\":{\"@id\":\"https:\/\/shop.natureneem.com\/fr\/#organization\"},\"alternateName\":\"Nature Neem\",\"potentialAction\":[{\"@type\":\"SearchAction\",\"target\":{\"@type\":\"EntryPoint\",\"urlTemplate\":\"https:\/\/shop.natureneem.com\/fr\/?s={search_term_string}\"},\"query-input\":{\"@type\":\"PropertyValueSpecification\",\"valueRequired\":true,\"valueName\":\"search_term_string\"}}],\"inLanguage\":\"fr-FR\"},{\"@type\":\"Organization\",\"@id\":\"https:\/\/shop.natureneem.com\/fr\/#organization\",\"name\":\"Nature Neem\",\"alternateName\":\"Lorsun SAS\",\"url\":\"https:\/\/shop.natureneem.com\/fr\/\",\"logo\":{\"@type\":\"ImageObject\",\"inLanguage\":\"fr-FR\",\"@id\":\"https:\/\/shop.natureneem.com\/fr\/#\/schema\/logo\/image\/\",\"url\":\"https:\/\/shop.natureneem.com\/wp-content\/uploads\/2024\/09\/nn-logo-symbole-2024-01.svg\",\"contentUrl\":\"https:\/\/shop.natureneem.com\/wp-content\/uploads\/2024\/09\/nn-logo-symbole-2024-01.svg\",\"width\":1,\"height\":1,\"caption\":\"Nature Neem\"},\"image\":{\"@id\":\"https:\/\/shop.natureneem.com\/fr\/#\/schema\/logo\/image\/\"},\"sameAs\":[\"https:\/\/www.facebook.com\/natureneemindia\/\",\"https:\/\/x.com\/natureneem\",\"https:\/\/www.youtube.com\/user\/natureneem\",\"https:\/\/www.linkedin.com\/company\/natureneem\"],\"description\":\"Nous sommes engag\u00e9s dans le d\u00e9veloppement et la commercialisation de solutions \u00e9cologiques. Nous continuons \u00e0 inventer ces solutions alternatives naturelles qui peuvent remplacer efficacement les produits chimiques de synth\u00e8se qui nuisent \u00e0 notre environnement. Notre \u00e9quipe est particuli\u00e8rement comp\u00e9tente pour proposer des intrants agricoles biologiques. Nous agissons \u00e9galement en tant qu'association de personnes partageant les m\u00eames id\u00e9es et qui croient que la nature est la solution \u00e0 tous les probl\u00e8mes environnementaux rencontr\u00e9s par les \u00eatres humains.   \",\"email\":\"info@natureneem.com\",\"telephone\":\"+91 77084 00899\",\"legalName\":\"NATURE NEEM PRODUCTS\",\"vatID\":\"FR08891657884\",\"numberOfEmployees\":{\"@type\":\"QuantitativeValue\",\"minValue\":\"51\",\"maxValue\":\"200\"},\"publishingPrinciples\":\"https:\/\/shop.natureneem.com\/\",\"actionableFeedbackPolicy\":\"https:\/\/shop.natureneem.com\/return-and-refund-policy\/\",\"hasMerchantReturnPolicy\":{\"@type\":\"MerchantReturnPolicy\",\"merchantReturnLink\":\"https:\/\/shop.natureneem.com\/return-and-refund-policy\/\"}}]}<\/script>\n<!-- \/ Yoast SEO Premium plugin. -->","yoast_head_json":{"title":"Chariot - NatureNeem e-Shop","robots":{"index":"index","follow":"follow","max-snippet":"max-snippet:-1","max-image-preview":"max-image-preview:large","max-video-preview":"max-video-preview:-1"},"canonical":"https:\/\/shop.natureneem.com\/fr\/chariot\/","og_locale":"fr_FR","og_type":"article","og_title":"Chariot","og_url":"https:\/\/shop.natureneem.com\/fr\/chariot\/","og_site_name":"NatureNeem e-Shop","article_publisher":"https:\/\/www.facebook.com\/natureneemindia\/","article_modified_time":"2026-03-15T07:24:09+00:00","og_image":[{"width":1200,"height":675,"url":"https:\/\/shop.natureneem.com\/wp-content\/uploads\/2024\/09\/nn-logo-2024_social_yoast2.jpg","type":"image\/jpeg"}],"twitter_card":"summary_large_image","twitter_site":"@natureneem","schema":{"@context":"https:\/\/schema.org","@graph":[{"@type":"WebPage","@id":"https:\/\/shop.natureneem.com\/fr\/chariot\/","url":"https:\/\/shop.natureneem.com\/fr\/chariot\/","name":"Chariot - NatureNeem e-Shop","isPartOf":{"@id":"https:\/\/shop.natureneem.com\/fr\/#website"},"datePublished":"2025-09-18T13:25:20+00:00","dateModified":"2026-03-15T07:24:09+00:00","breadcrumb":{"@id":"https:\/\/shop.natureneem.com\/fr\/chariot\/#breadcrumb"},"inLanguage":"fr-FR","potentialAction":[{"@type":"ReadAction","target":["https:\/\/shop.natureneem.com\/fr\/chariot\/"]}]},{"@type":"BreadcrumbList","@id":"https:\/\/shop.natureneem.com\/fr\/chariot\/#breadcrumb","itemListElement":[{"@type":"ListItem","position":1,"name":"Home","item":"https:\/\/shop.natureneem.com\/fr\/accueil\/"},{"@type":"ListItem","position":2,"name":"Chariot"}]},{"@type":"WebSite","@id":"https:\/\/shop.natureneem.com\/fr\/#website","url":"https:\/\/shop.natureneem.com\/fr\/","name":"NatureNeem e-Shop","description":"Official Shop from Nature Neem","publisher":{"@id":"https:\/\/shop.natureneem.com\/fr\/#organization"},"alternateName":"Nature Neem","potentialAction":[{"@type":"SearchAction","target":{"@type":"EntryPoint","urlTemplate":"https:\/\/shop.natureneem.com\/fr\/?s={search_term_string}"},"query-input":{"@type":"PropertyValueSpecification","valueRequired":true,"valueName":"search_term_string"}}],"inLanguage":"fr-FR"},{"@type":"Organization","@id":"https:\/\/shop.natureneem.com\/fr\/#organization","name":"Nature Neem","alternateName":"Lorsun SAS","url":"https:\/\/shop.natureneem.com\/fr\/","logo":{"@type":"ImageObject","inLanguage":"fr-FR","@id":"https:\/\/shop.natureneem.com\/fr\/#\/schema\/logo\/image\/","url":"https:\/\/shop.natureneem.com\/wp-content\/uploads\/2024\/09\/nn-logo-symbole-2024-01.svg","contentUrl":"https:\/\/shop.natureneem.com\/wp-content\/uploads\/2024\/09\/nn-logo-symbole-2024-01.svg","width":1,"height":1,"caption":"Nature Neem"},"image":{"@id":"https:\/\/shop.natureneem.com\/fr\/#\/schema\/logo\/image\/"},"sameAs":["https:\/\/www.facebook.com\/natureneemindia\/","https:\/\/x.com\/natureneem","https:\/\/www.youtube.com\/user\/natureneem","https:\/\/www.linkedin.com\/company\/natureneem"],"description":"Nous sommes engag\u00e9s dans le d\u00e9veloppement et la commercialisation de solutions \u00e9cologiques. Nous continuons \u00e0 inventer ces solutions alternatives naturelles qui peuvent remplacer efficacement les produits chimiques de synth\u00e8se qui nuisent \u00e0 notre environnement. Notre \u00e9quipe est particuli\u00e8rement comp\u00e9tente pour proposer des intrants agricoles biologiques. Nous agissons \u00e9galement en tant qu'association de personnes partageant les m\u00eames id\u00e9es et qui croient que la nature est la solution \u00e0 tous les probl\u00e8mes environnementaux rencontr\u00e9s par les \u00eatres humains.   ","email":"info@natureneem.com","telephone":"+91 77084 00899","legalName":"NATURE NEEM PRODUCTS","vatID":"FR08891657884","numberOfEmployees":{"@type":"QuantitativeValue","minValue":"51","maxValue":"200"},"publishingPrinciples":"https:\/\/shop.natureneem.com\/","actionableFeedbackPolicy":"https:\/\/shop.natureneem.com\/return-and-refund-policy\/","hasMerchantReturnPolicy":{"@type":"MerchantReturnPolicy","merchantReturnLink":"https:\/\/shop.natureneem.com\/return-and-refund-policy\/"}}]}},"_links":{"self":[{"href":"https:\/\/shop.natureneem.com\/fr\/wp-json\/wp\/v2\/pages\/12972","targetHints":{"allow":["GET"]}}],"collection":[{"href":"https:\/\/shop.natureneem.com\/fr\/wp-json\/wp\/v2\/pages"}],"about":[{"href":"https:\/\/shop.natureneem.com\/fr\/wp-json\/wp\/v2\/types\/page"}],"author":[{"embeddable":true,"href":"https:\/\/shop.natureneem.com\/fr\/wp-json\/wp\/v2\/users\/1"}],"replies":[{"embeddable":true,"href":"https:\/\/shop.natureneem.com\/fr\/wp-json\/wp\/v2\/comments?post=12972"}],"version-history":[{"count":1,"href":"https:\/\/shop.natureneem.com\/fr\/wp-json\/wp\/v2\/pages\/12972\/revisions"}],"predecessor-version":[{"id":12973,"href":"https:\/\/shop.natureneem.com\/fr\/wp-json\/wp\/v2\/pages\/12972\/revisions\/12973"}],"wp:attachment":[{"href":"https:\/\/shop.natureneem.com\/fr\/wp-json\/wp\/v2\/media?parent=12972"}],"curies":[{"name":"wp","href":"https:\/\/api.w.org\/{rel}","templated":true}]}}