{"id":5888,"date":"2024-09-16T16:00:43","date_gmt":"2024-09-16T14:00:43","guid":{"rendered":"https:\/\/shop.natureneem.com\/politique-de-retour-et-de-remboursement\/"},"modified":"2024-10-07T14:37:49","modified_gmt":"2024-10-07T12:37:49","slug":"politique-de-retour-et-de-remboursement","status":"publish","type":"page","link":"https:\/\/shop.natureneem.com\/fr\/politique-de-retour-et-de-remboursement\/","title":{"rendered":"Politique de retour et de remboursement"},"content":{"rendered":"<h3>Merci de faire vos achats sur Nature Neem e-Shop.<\/h3>\n<div>\n<p style=\"padding-left: 40px;\">Si, pour quelque raison que ce soit, vous n&#8217;\u00eates pas enti\u00e8rement satisfait de votre achat, nous vous invitons \u00e0 consulter notre politique de remboursement et de retour.<\/p>\n<p style=\"padding-left: 40px;\">Les conditions suivantes s&#8217;appliquent \u00e0 tous les produits que vous avez achet\u00e9s chez nous.<\/p>\n<h2>Interpr\u00e9tation et d\u00e9finitions<\/h2>\n<h3 style=\"padding-left: 40px;\">Interpr\u00e9tation<\/h3>\n<p style=\"padding-left: 80px;\">Les mots dont la lettre initiale est en majuscule ont des significations d\u00e9finies dans les conditions suivantes.<br \/>\nLes d\u00e9finitions suivantes ont la m\u00eame signification, qu&#8217;elles apparaissent au singulier ou au pluriel. <\/p>\n<h3 style=\"padding-left: 40px;\">D\u00e9finitions<\/h3>\n<p style=\"padding-left: 80px;\">Aux fins de la pr\u00e9sente politique de retour et de remboursement :<\/p>\n<ul>\n<li style=\"list-style-type: none;\">\n<ul>\n<li style=\"list-style-type: none;\">\n<ul>\n<li>L&#8217;entreprise (d\u00e9sign\u00e9e par &#8220;l&#8217;entreprise&#8221;, &#8220;nous&#8221;, &#8220;notre&#8221; ou &#8220;nos&#8221; dans le pr\u00e9sent accord) est Nature Neem, 58-A, Bajanai Madam Street Namakkal 637 001.<\/li>\n<li>Les marchandises d\u00e9signent les articles propos\u00e9s \u00e0 la vente sur le service.<\/li>\n<li>Par commande, on entend une demande d&#8217;achat de marchandises que vous nous adressez.<\/li>\n<li>Le service fait r\u00e9f\u00e9rence au site web.<\/li>\n<li>Le site web renvoie \u00e0 Nature Neem e-Shop, accessible \u00e0 partir de https:\/\/shop.natureneem.com\/.<\/li>\n<li>Vous \u00eates la personne qui acc\u00e8de au service ou qui l&#8217;utilise, ou la soci\u00e9t\u00e9 ou autre entit\u00e9 juridique au nom de laquelle cette personne acc\u00e8de au service ou l&#8217;utilise, selon le cas.<\/li>\n<\/ul>\n<\/li>\n<\/ul>\n<\/li>\n<\/ul>\n<h3 style=\"padding-left: 40px;\">Vos droits d&#8217;annulation de la commande<\/h3>\n<p style=\"padding-left: 80px;\">Vous avez le droit d&#8217;annuler votre commande dans un d\u00e9lai de 7 jours sans avoir \u00e0 justifier votre d\u00e9cision.<\/p>\n<p style=\"padding-left: 120px;\">La date limite d&#8217;annulation d&#8217;une commande est de 7 jours \u00e0 compter de la date \u00e0 laquelle vous avez re\u00e7u les marchandises ou \u00e0 laquelle un tiers que vous avez d\u00e9sign\u00e9, qui n&#8217;est pas le transporteur, prend possession du produit livr\u00e9.<\/p>\n<p style=\"padding-left: 120px;\">Pour exercer votre droit de r\u00e9tractation, vous devez nous informer de votre d\u00e9cision au moyen d&#8217;une d\u00e9claration claire.<br \/>\nVous pouvez nous informer de votre d\u00e9cision par : <\/p>\n<p style=\"padding-left: 120px;\">Par courrier \u00e9lectronique : <strong>info@natureneem.com<\/strong><\/p>\n<p style=\"padding-left: 120px;\">Nous vous rembourserons au plus tard dans les 14 jours \u00e0 compter de la date de r\u00e9ception des marchandises retourn\u00e9es.<br \/>\nNous utiliserons le m\u00eame moyen de paiement que celui que vous avez utilis\u00e9 pour la commande et vous n&#8217;aurez pas \u00e0 payer de frais pour ce remboursement. <\/p>\n<h3 style=\"padding-left: 40px;\">Conditions de retour<\/h3>\n<p style=\"padding-left: 80px;\">Pour que les marchandises puissent faire l&#8217;objet d&#8217;un retour, veuillez vous assurer que<\/p>\n<ul>\n<li style=\"list-style-type: none;\">\n<ul>\n<li style=\"list-style-type: none;\">\n<ul>\n<li>Les biens ont \u00e9t\u00e9 achet\u00e9s au cours des 7 derniers jours<\/li>\n<li>Les marchandises sont dans leur emballage d&#8217;origine<\/li>\n<li>Les produits suivants ne peuvent pas \u00eatre retourn\u00e9s :\n<ul>\n<li>La fourniture de biens fabriqu\u00e9s selon vos sp\u00e9cifications ou clairement personnalis\u00e9s.<\/li>\n<li>La fourniture de biens qui, de par leur nature, ne peuvent \u00eatre retourn\u00e9s, se d\u00e9t\u00e9riorent rapidement ou dont la date de p\u00e9remption est d\u00e9pass\u00e9e.<\/li>\n<li>La fourniture de biens qui ne peuvent \u00eatre retourn\u00e9s pour des raisons de protection de la sant\u00e9 ou d&#8217;hygi\u00e8ne et qui ont \u00e9t\u00e9 descell\u00e9s apr\u00e8s la livraison.<\/li>\n<li>La fourniture de biens qui, apr\u00e8s la livraison, sont, de par leur nature, indissociablement m\u00e9lang\u00e9s \u00e0 d&#8217;autres articles.<\/li>\n<\/ul>\n<\/li>\n<\/ul>\n<\/li>\n<\/ul>\n<\/li>\n<\/ul>\n<p style=\"padding-left: 80px;\">Nous nous r\u00e9servons le droit de refuser le retour de toute marchandise qui ne r\u00e9pond pas aux conditions de retour ci-dessus, \u00e0 notre seule discr\u00e9tion.<\/p>\n<p style=\"padding-left: 80px;\">Seuls les produits vendus au prix normal peuvent \u00eatre rembours\u00e9s.<br \/>\nMalheureusement, les produits en solde ne peuvent pas \u00eatre rembours\u00e9s.<br \/>\nCette exclusion peut ne pas s&#8217;appliquer \u00e0 vous si elle n&#8217;est pas autoris\u00e9e par la loi applicable.  <\/p>\n<h3 style=\"padding-left: 40px;\">Retour des marchandises<\/h3>\n<p style=\"padding-left: 80px;\">Vous \u00eates responsable des co\u00fbts et des risques li\u00e9s au renvoi des marchandises.<br \/>\nVous devez envoyer les marchandises \u00e0 l&#8217;adresse suivante : <\/p>\n<ul>\n<li style=\"list-style-type: none;\">\n<ul>\n<li style=\"list-style-type: none;\">\n<ul>\n<li>Nature Neem 58-A, Bajanai Madam Street Namakkal 637 001 Tamil Nadu, Inde<\/li>\n<\/ul>\n<\/li>\n<\/ul>\n<\/li>\n<\/ul>\n<p style=\"padding-left: 120px;\">Nous ne pouvons \u00eatre tenus responsables des marchandises endommag\u00e9es ou perdues lors du retour.<br \/>\nPar cons\u00e9quent, nous vous recommandons d&#8217;utiliser un service de courrier assur\u00e9 et suivi.<br \/>\nNous ne sommes pas en mesure d&#8217;effectuer un remboursement sans r\u00e9ception effective des marchandises ou sans preuve de la r\u00e9ception de la livraison de retour.  <\/p>\n<h3 style=\"padding-left: 40px;\">Cadeaux et produits gratuits<\/h3>\n<p style=\"padding-left: 80px;\">Si les produits ont \u00e9t\u00e9 marqu\u00e9s comme cadeaux lors de l&#8217;achat et exp\u00e9di\u00e9s directement \u00e0 votre domicile, vous recevrez un cr\u00e9dit cadeau correspondant \u00e0 la valeur de votre retour.<br \/>\nUne fois le produit retourn\u00e9 re\u00e7u, un ch\u00e8que-cadeau vous sera envoy\u00e9 par courrier. <\/p>\n<p style=\"padding-left: 80px;\">Si les marchandises n&#8217;ont pas \u00e9t\u00e9 marqu\u00e9es comme \u00e9tant un cadeau au moment de l&#8217;achat, ou si le b\u00e9n\u00e9ficiaire du cadeau s&#8217;est fait exp\u00e9dier la commande pour vous la remettre plus tard, nous enverrons le remboursement au b\u00e9n\u00e9ficiaire du cadeau.<\/p>\n<h3 style=\"padding-left: 40px;\">Contactez nous<\/h3>\n<p style=\"padding-left: 80px;\">Si vous avez des questions concernant notre politique de retour et de remboursement, veuillez nous contacter :<\/p>\n<p style=\"padding-left: 80px;\">Par courrier \u00e9lectronique : <strong>info@natureneem.com<\/strong><\/p>\n<\/div>\n<p style=\"padding-left: 40px; text-align: right;\">Date d&#8217;entr\u00e9e en vigueur : <strong>5 mai 2023<\/strong><\/p>\n","protected":false},"excerpt":{"rendered":"<p>Merci de faire vos achats sur Nature Neem e-Shop. Si, pour quelque raison que ce soit, vous n&#8217;\u00eates pas enti\u00e8rement satisfait de votre achat, nous vous invitons \u00e0 consulter notre politique de remboursement et de retour. Les conditions suivantes s&#8217;appliquent \u00e0 tous les produits que vous avez achet\u00e9s chez nous. Interpr\u00e9tation et d\u00e9finitions Interpr\u00e9tation Les [&hellip;]<\/p>\n","protected":false},"author":3,"featured_media":0,"parent":0,"menu_order":0,"comment_status":"closed","ping_status":"closed","template":"","meta":{"footnotes":""},"class_list":["post-5888","page","type-page","status-publish","hentry"],"yoast_head":"<!-- This site is optimized with the Yoast SEO Premium plugin v27.5 (Yoast SEO v27.5) - https:\/\/yoast.com\/product\/yoast-seo-premium-wordpress\/ -->\n<title>Politique de retour et de remboursement - NatureNeem e-Shop<\/title>\n<meta name=\"robots\" content=\"index, follow, max-snippet:-1, max-image-preview:large, max-video-preview:-1\" \/>\n<link rel=\"canonical\" href=\"https:\/\/shop.natureneem.com\/fr\/politique-de-retour-et-de-remboursement\/\" \/>\n<meta property=\"og:locale\" content=\"fr_FR\" \/>\n<meta property=\"og:type\" content=\"article\" \/>\n<meta property=\"og:title\" content=\"Politique de retour et de remboursement\" \/>\n<meta property=\"og:description\" content=\"Merci de faire vos achats sur Nature Neem e-Shop. Si, pour quelque raison que ce soit, vous n&#8217;\u00eates pas enti\u00e8rement satisfait de votre achat, nous vous invitons \u00e0 consulter notre politique de remboursement et de retour. Les conditions suivantes s&#8217;appliquent \u00e0 tous les produits que vous avez achet\u00e9s chez nous. Interpr\u00e9tation et d\u00e9finitions Interpr\u00e9tation Les [&hellip;]\" \/>\n<meta property=\"og:url\" content=\"https:\/\/shop.natureneem.com\/fr\/politique-de-retour-et-de-remboursement\/\" \/>\n<meta property=\"og:site_name\" content=\"NatureNeem e-Shop\" \/>\n<meta property=\"article:publisher\" content=\"https:\/\/www.facebook.com\/natureneemindia\/\" \/>\n<meta property=\"article:modified_time\" content=\"2024-10-07T12:37:49+00:00\" \/>\n<meta property=\"og:image\" content=\"https:\/\/shop.natureneem.com\/wp-content\/uploads\/2024\/09\/nn-logo-2024_social_yoast2.jpg\" \/>\n\t<meta property=\"og:image:width\" content=\"1200\" \/>\n\t<meta property=\"og:image:height\" content=\"675\" \/>\n\t<meta property=\"og:image:type\" content=\"image\/jpeg\" \/>\n<meta name=\"twitter:card\" content=\"summary_large_image\" \/>\n<meta name=\"twitter:site\" content=\"@natureneem\" \/>\n<meta name=\"twitter:label1\" content=\"Dur\u00e9e de lecture estim\u00e9e\" \/>\n\t<meta name=\"twitter:data1\" content=\"4 minutes\" \/>\n<script type=\"application\/ld+json\" class=\"yoast-schema-graph\">{\"@context\":\"https:\\\/\\\/schema.org\",\"@graph\":[{\"@type\":\"WebPage\",\"@id\":\"https:\\\/\\\/shop.natureneem.com\\\/fr\\\/politique-de-retour-et-de-remboursement\\\/\",\"url\":\"https:\\\/\\\/shop.natureneem.com\\\/fr\\\/politique-de-retour-et-de-remboursement\\\/\",\"name\":\"Politique de retour et de remboursement - NatureNeem e-Shop\",\"isPartOf\":{\"@id\":\"https:\\\/\\\/shop.natureneem.com\\\/fr\\\/#website\"},\"datePublished\":\"2024-09-16T14:00:43+00:00\",\"dateModified\":\"2024-10-07T12:37:49+00:00\",\"breadcrumb\":{\"@id\":\"https:\\\/\\\/shop.natureneem.com\\\/fr\\\/politique-de-retour-et-de-remboursement\\\/#breadcrumb\"},\"inLanguage\":\"fr-FR\",\"potentialAction\":[{\"@type\":\"ReadAction\",\"target\":[\"https:\\\/\\\/shop.natureneem.com\\\/fr\\\/politique-de-retour-et-de-remboursement\\\/\"]}]},{\"@type\":\"BreadcrumbList\",\"@id\":\"https:\\\/\\\/shop.natureneem.com\\\/fr\\\/politique-de-retour-et-de-remboursement\\\/#breadcrumb\",\"itemListElement\":[{\"@type\":\"ListItem\",\"position\":1,\"name\":\"Home\",\"item\":\"https:\\\/\\\/shop.natureneem.com\\\/fr\\\/accueil\\\/\"},{\"@type\":\"ListItem\",\"position\":2,\"name\":\"Politique de retour et de remboursement\"}]},{\"@type\":\"WebSite\",\"@id\":\"https:\\\/\\\/shop.natureneem.com\\\/fr\\\/#website\",\"url\":\"https:\\\/\\\/shop.natureneem.com\\\/fr\\\/\",\"name\":\"NatureNeem e-Shop\",\"description\":\"Official Shop from Nature Neem\",\"publisher\":{\"@id\":\"https:\\\/\\\/shop.natureneem.com\\\/fr\\\/#organization\"},\"alternateName\":\"Nature Neem\",\"potentialAction\":[{\"@type\":\"SearchAction\",\"target\":{\"@type\":\"EntryPoint\",\"urlTemplate\":\"https:\\\/\\\/shop.natureneem.com\\\/fr\\\/?s={search_term_string}\"},\"query-input\":{\"@type\":\"PropertyValueSpecification\",\"valueRequired\":true,\"valueName\":\"search_term_string\"}}],\"inLanguage\":\"fr-FR\"},{\"@type\":\"Organization\",\"@id\":\"https:\\\/\\\/shop.natureneem.com\\\/fr\\\/#organization\",\"name\":\"Nature Neem\",\"alternateName\":\"Lorsun SAS\",\"url\":\"https:\\\/\\\/shop.natureneem.com\\\/fr\\\/\",\"logo\":{\"@type\":\"ImageObject\",\"inLanguage\":\"fr-FR\",\"@id\":\"https:\\\/\\\/shop.natureneem.com\\\/fr\\\/#\\\/schema\\\/logo\\\/image\\\/\",\"url\":\"https:\\\/\\\/shop.natureneem.com\\\/wp-content\\\/uploads\\\/2024\\\/09\\\/nn-logo-symbole-2024-01.svg\",\"contentUrl\":\"https:\\\/\\\/shop.natureneem.com\\\/wp-content\\\/uploads\\\/2024\\\/09\\\/nn-logo-symbole-2024-01.svg\",\"width\":1,\"height\":1,\"caption\":\"Nature Neem\"},\"image\":{\"@id\":\"https:\\\/\\\/shop.natureneem.com\\\/fr\\\/#\\\/schema\\\/logo\\\/image\\\/\"},\"sameAs\":[\"https:\\\/\\\/www.facebook.com\\\/natureneemindia\\\/\",\"https:\\\/\\\/x.com\\\/natureneem\",\"https:\\\/\\\/www.youtube.com\\\/user\\\/natureneem\",\"https:\\\/\\\/www.linkedin.com\\\/company\\\/natureneem\"],\"description\":\"Nous sommes engag\u00e9s dans le d\u00e9veloppement et la commercialisation de solutions \u00e9cologiques. Nous continuons \u00e0 inventer ces solutions alternatives naturelles qui peuvent remplacer efficacement les produits chimiques de synth\u00e8se qui nuisent \u00e0 notre environnement. Notre \u00e9quipe est particuli\u00e8rement comp\u00e9tente pour proposer des intrants agricoles biologiques. Nous agissons \u00e9galement en tant qu'association de personnes partageant les m\u00eames id\u00e9es et qui croient que la nature est la solution \u00e0 tous les probl\u00e8mes environnementaux rencontr\u00e9s par les \u00eatres humains.   \",\"email\":\"info@natureneem.com\",\"telephone\":\"+91 77084 00899\",\"legalName\":\"NATURE NEEM PRODUCTS\",\"vatID\":\"FR08891657884\",\"numberOfEmployees\":{\"@type\":\"QuantitativeValue\",\"minValue\":\"51\",\"maxValue\":\"200\"},\"publishingPrinciples\":\"https:\\\/\\\/shop.natureneem.com\\\/\",\"actionableFeedbackPolicy\":\"https:\\\/\\\/shop.natureneem.com\\\/return-and-refund-policy\\\/\",\"hasMerchantReturnPolicy\":{\"@type\":\"MerchantReturnPolicy\",\"merchantReturnLink\":\"https:\\\/\\\/shop.natureneem.com\\\/return-and-refund-policy\\\/\"}}]}<\/script>\n<!-- \/ Yoast SEO Premium plugin. -->","yoast_head_json":{"title":"Politique de retour et de remboursement - NatureNeem e-Shop","robots":{"index":"index","follow":"follow","max-snippet":"max-snippet:-1","max-image-preview":"max-image-preview:large","max-video-preview":"max-video-preview:-1"},"canonical":"https:\/\/shop.natureneem.com\/fr\/politique-de-retour-et-de-remboursement\/","og_locale":"fr_FR","og_type":"article","og_title":"Politique de retour et de remboursement","og_description":"Merci de faire vos achats sur Nature Neem e-Shop. Si, pour quelque raison que ce soit, vous n&#8217;\u00eates pas enti\u00e8rement satisfait de votre achat, nous vous invitons \u00e0 consulter notre politique de remboursement et de retour. Les conditions suivantes s&#8217;appliquent \u00e0 tous les produits que vous avez achet\u00e9s chez nous. Interpr\u00e9tation et d\u00e9finitions Interpr\u00e9tation Les [&hellip;]","og_url":"https:\/\/shop.natureneem.com\/fr\/politique-de-retour-et-de-remboursement\/","og_site_name":"NatureNeem e-Shop","article_publisher":"https:\/\/www.facebook.com\/natureneemindia\/","article_modified_time":"2024-10-07T12:37:49+00:00","og_image":[{"width":1200,"height":675,"url":"https:\/\/shop.natureneem.com\/wp-content\/uploads\/2024\/09\/nn-logo-2024_social_yoast2.jpg","type":"image\/jpeg"}],"twitter_card":"summary_large_image","twitter_site":"@natureneem","twitter_misc":{"Dur\u00e9e de lecture estim\u00e9e":"4 minutes"},"schema":{"@context":"https:\/\/schema.org","@graph":[{"@type":"WebPage","@id":"https:\/\/shop.natureneem.com\/fr\/politique-de-retour-et-de-remboursement\/","url":"https:\/\/shop.natureneem.com\/fr\/politique-de-retour-et-de-remboursement\/","name":"Politique de retour et de remboursement - NatureNeem e-Shop","isPartOf":{"@id":"https:\/\/shop.natureneem.com\/fr\/#website"},"datePublished":"2024-09-16T14:00:43+00:00","dateModified":"2024-10-07T12:37:49+00:00","breadcrumb":{"@id":"https:\/\/shop.natureneem.com\/fr\/politique-de-retour-et-de-remboursement\/#breadcrumb"},"inLanguage":"fr-FR","potentialAction":[{"@type":"ReadAction","target":["https:\/\/shop.natureneem.com\/fr\/politique-de-retour-et-de-remboursement\/"]}]},{"@type":"BreadcrumbList","@id":"https:\/\/shop.natureneem.com\/fr\/politique-de-retour-et-de-remboursement\/#breadcrumb","itemListElement":[{"@type":"ListItem","position":1,"name":"Home","item":"https:\/\/shop.natureneem.com\/fr\/accueil\/"},{"@type":"ListItem","position":2,"name":"Politique de retour et de remboursement"}]},{"@type":"WebSite","@id":"https:\/\/shop.natureneem.com\/fr\/#website","url":"https:\/\/shop.natureneem.com\/fr\/","name":"NatureNeem e-Shop","description":"Official Shop from Nature Neem","publisher":{"@id":"https:\/\/shop.natureneem.com\/fr\/#organization"},"alternateName":"Nature Neem","potentialAction":[{"@type":"SearchAction","target":{"@type":"EntryPoint","urlTemplate":"https:\/\/shop.natureneem.com\/fr\/?s={search_term_string}"},"query-input":{"@type":"PropertyValueSpecification","valueRequired":true,"valueName":"search_term_string"}}],"inLanguage":"fr-FR"},{"@type":"Organization","@id":"https:\/\/shop.natureneem.com\/fr\/#organization","name":"Nature Neem","alternateName":"Lorsun SAS","url":"https:\/\/shop.natureneem.com\/fr\/","logo":{"@type":"ImageObject","inLanguage":"fr-FR","@id":"https:\/\/shop.natureneem.com\/fr\/#\/schema\/logo\/image\/","url":"https:\/\/shop.natureneem.com\/wp-content\/uploads\/2024\/09\/nn-logo-symbole-2024-01.svg","contentUrl":"https:\/\/shop.natureneem.com\/wp-content\/uploads\/2024\/09\/nn-logo-symbole-2024-01.svg","width":1,"height":1,"caption":"Nature Neem"},"image":{"@id":"https:\/\/shop.natureneem.com\/fr\/#\/schema\/logo\/image\/"},"sameAs":["https:\/\/www.facebook.com\/natureneemindia\/","https:\/\/x.com\/natureneem","https:\/\/www.youtube.com\/user\/natureneem","https:\/\/www.linkedin.com\/company\/natureneem"],"description":"Nous sommes engag\u00e9s dans le d\u00e9veloppement et la commercialisation de solutions \u00e9cologiques. Nous continuons \u00e0 inventer ces solutions alternatives naturelles qui peuvent remplacer efficacement les produits chimiques de synth\u00e8se qui nuisent \u00e0 notre environnement. Notre \u00e9quipe est particuli\u00e8rement comp\u00e9tente pour proposer des intrants agricoles biologiques. Nous agissons \u00e9galement en tant qu'association de personnes partageant les m\u00eames id\u00e9es et qui croient que la nature est la solution \u00e0 tous les probl\u00e8mes environnementaux rencontr\u00e9s par les \u00eatres humains.   ","email":"info@natureneem.com","telephone":"+91 77084 00899","legalName":"NATURE NEEM PRODUCTS","vatID":"FR08891657884","numberOfEmployees":{"@type":"QuantitativeValue","minValue":"51","maxValue":"200"},"publishingPrinciples":"https:\/\/shop.natureneem.com\/","actionableFeedbackPolicy":"https:\/\/shop.natureneem.com\/return-and-refund-policy\/","hasMerchantReturnPolicy":{"@type":"MerchantReturnPolicy","merchantReturnLink":"https:\/\/shop.natureneem.com\/return-and-refund-policy\/"}}]}},"_links":{"self":[{"href":"https:\/\/shop.natureneem.com\/fr\/wp-json\/wp\/v2\/pages\/5888","targetHints":{"allow":["GET"]}}],"collection":[{"href":"https:\/\/shop.natureneem.com\/fr\/wp-json\/wp\/v2\/pages"}],"about":[{"href":"https:\/\/shop.natureneem.com\/fr\/wp-json\/wp\/v2\/types\/page"}],"author":[{"embeddable":true,"href":"https:\/\/shop.natureneem.com\/fr\/wp-json\/wp\/v2\/users\/3"}],"replies":[{"embeddable":true,"href":"https:\/\/shop.natureneem.com\/fr\/wp-json\/wp\/v2\/comments?post=5888"}],"version-history":[{"count":0,"href":"https:\/\/shop.natureneem.com\/fr\/wp-json\/wp\/v2\/pages\/5888\/revisions"}],"wp:attachment":[{"href":"https:\/\/shop.natureneem.com\/fr\/wp-json\/wp\/v2\/media?parent=5888"}],"curies":[{"name":"wp","href":"https:\/\/api.w.org\/{rel}","templated":true}]}}