{"id":10178,"date":"2024-11-28T04:27:20","date_gmt":"2024-11-28T03:27:20","guid":{"rendered":"https:\/\/shop.natureneem.com\/e-shop\/huile-de-sesame\/"},"modified":"2026-03-03T15:21:04","modified_gmt":"2026-03-03T14:21:04","slug":"huile-de-sesame","status":"publish","type":"product","link":"https:\/\/shop.natureneem.com\/fr\/e-shop\/huile-de-sesame\/","title":{"rendered":"Huile de s\u00e9same"},"content":{"rendered":"<h3><strong>La cuisine<\/strong><\/h3>\n<p style=\"padding-left: 40px;\">Sauter, frire en surface, sauter, cuire au four et assaisonner les salades. L&#8217;huile de s\u00e9same a un point de fum\u00e9e plus \u00e9lev\u00e9, ce qui la rend id\u00e9ale pour les fritures et les barbecues. <\/p>\n<h3><strong>Cosm\u00e9tiques<\/strong><\/h3>\n<p style=\"padding-left: 40px;\"><strong>Favorise la croissance des cheveux :<\/strong> Appliquer sur le cuir chevelu et la peau et masser d\u00e9licatement. Laissez agir pendant 20 minutes avant de nettoyer. <strong>Sur la peau :<\/strong> Massez une fine couche. Elle agit comme un \u00e9cran solaire naturel et pr\u00e9vient les dommages caus\u00e9s par le soleil. Elle gu\u00e9rit les blessures. De plus, c&#8217;est un agent anti-\u00e2ge qui peut effacer les cernes et les rides. Elle r\u00e9duit l&#8217;inflammation.\n    <\/p>\n<h3><strong>M\u00e9dicaments<\/strong><\/h3>\n<p style=\"padding-left: 40px;\">Antioxydant et anti-inflammatoire. Il r\u00e9gule la glyc\u00e9mie et aide \u00e0 soulager la d\u00e9pression.<br \/>\nBon pour le c\u0153ur : Contient des om\u00e9ga-3 et des om\u00e9ga-6. R\u00e9duit les d\u00e9p\u00f4ts de graisse sur les vaisseaux sanguins.  <\/p>\n<h3><strong>Caract\u00e9ristiques<\/strong><\/h3>\n<p style=\"padding-left: 40px;\">Huile de s\u00e9same pure sans aucun additif ou produit chimique comme le parab\u00e8ne et l&#8217;alcool.<br \/>\nVegan et cruelty-free &#8211; non test\u00e9 sur les animaux.<\/p>\n<h3><strong>Conservation<\/strong><\/h3>\n<p style=\"padding-left: 40px;\">Il peut \u00eatre conserv\u00e9 dans un endroit frais et sec pendant au moins 2 ans.<br \/>\nMais apr\u00e8s ouverture, conservez au r\u00e9frig\u00e9rateur et consommez dans les 3 mois.<\/p>\n","protected":false},"excerpt":{"rendered":"<p>L&#8217;huile de s\u00e9same est l&#8217;une des huiles les plus r\u00e9pandues et les plus utilis\u00e9es dans l&#8217;Ayurveda et est souvent appel\u00e9e &#8220;le roi des huiles&#8221; en Inde. Ses bienfaits et ses propri\u00e9t\u00e9s peuvent \u00eatre compar\u00e9s \u00e0 ceux de l&#8217;huile d&#8217;olive, m\u00eame si le go\u00fbt n&#8217;est pas le m\u00eame. L&#8217;huile de s\u00e9same que nous vous proposons est pure et non raffin\u00e9e. Elle est obtenue par pression \u00e0 froid de graines de s\u00e9same cultiv\u00e9es dans des jardins biologiques du sud de l&#8217;Inde.<\/p>\n","protected":false},"featured_media":10088,"comment_status":"closed","ping_status":"closed","template":"","meta":[],"product_brand":[],"product_cat":[680],"product_tag":[],"class_list":{"0":"post-10178","1":"product","2":"type-product","3":"status-publish","4":"has-post-thumbnail","6":"product_cat-autres-produits","7":"product_shipping_class-0-6kg-fr-2","9":"first","10":"instock","11":"sale","12":"shipping-taxable","13":"purchasable","14":"product-type-simple"},"yoast_head":"<!-- This site is optimized with the Yoast SEO Premium plugin v27.1 (Yoast SEO v27.2) - https:\/\/yoast.com\/product\/yoast-seo-premium-wordpress\/ -->\n<title>Huile de s\u00e9same - NatureNeem e-Shop<\/title>\n<meta name=\"robots\" content=\"index, follow, max-snippet:-1, max-image-preview:large, max-video-preview:-1\" \/>\n<link rel=\"canonical\" href=\"https:\/\/shop.natureneem.com\/fr\/e-shop\/huile-de-sesame\/\" \/>\n<meta property=\"og:locale\" content=\"fr_FR\" \/>\n<meta property=\"og:type\" content=\"article\" \/>\n<meta property=\"og:title\" content=\"Huile de s\u00e9same\" \/>\n<meta property=\"og:description\" content=\"L&#039;huile de s\u00e9same est l&#039;une des huiles les plus r\u00e9pandues et les plus utilis\u00e9es dans l&#039;Ayurveda et est souvent appel\u00e9e &quot;le roi des huiles&quot; en Inde. Ses bienfaits et ses propri\u00e9t\u00e9s peuvent \u00eatre compar\u00e9s \u00e0 ceux de l&#039;huile d&#039;olive, m\u00eame si le go\u00fbt n&#039;est pas le m\u00eame. L&#039;huile de s\u00e9same que nous vous proposons est pure et non raffin\u00e9e. Elle est obtenue par pression \u00e0 froid de graines de s\u00e9same cultiv\u00e9es dans des jardins biologiques du sud de l&#039;Inde.\" \/>\n<meta property=\"og:url\" content=\"https:\/\/shop.natureneem.com\/fr\/e-shop\/huile-de-sesame\/\" \/>\n<meta property=\"og:site_name\" content=\"NatureNeem e-Shop\" \/>\n<meta property=\"article:publisher\" content=\"https:\/\/www.facebook.com\/natureneemindia\/\" \/>\n<meta property=\"article:modified_time\" content=\"2026-03-03T14:21:04+00:00\" \/>\n<meta property=\"og:image\" content=\"https:\/\/shop.natureneem.com\/wp-content\/uploads\/2024\/11\/NN-Sesame_Oil_500ml_2024-11-28_01.jpg\" \/>\n\t<meta property=\"og:image:width\" content=\"2000\" \/>\n\t<meta property=\"og:image:height\" content=\"2000\" \/>\n\t<meta property=\"og:image:type\" content=\"image\/jpeg\" \/>\n<meta name=\"twitter:card\" content=\"summary_large_image\" \/>\n<meta name=\"twitter:site\" content=\"@natureneem\" \/>\n<meta name=\"twitter:label1\" content=\"Prix\" \/>\n\t<meta name=\"twitter:data1\" content=\"12,99&nbsp;&euro;\" \/>\n\t<meta name=\"twitter:label2\" content=\"Disponibilit\u00e9\" \/>\n\t<meta name=\"twitter:data2\" content=\"En stock\" \/>\n<script type=\"application\/ld+json\" class=\"yoast-schema-graph\">{\"@context\":\"https:\/\/schema.org\",\"@graph\":[{\"@type\":\"WebPage\",\"@id\":\"https:\/\/shop.natureneem.com\/fr\/e-shop\/huile-de-sesame\/\",\"url\":\"https:\/\/shop.natureneem.com\/fr\/e-shop\/huile-de-sesame\/\",\"name\":\"Huile de s\u00e9same - NatureNeem e-Shop\",\"isPartOf\":{\"@id\":\"https:\/\/shop.natureneem.com\/fr\/#website\"},\"primaryImageOfPage\":{\"@id\":\"https:\/\/shop.natureneem.com\/fr\/e-shop\/huile-de-sesame\/#primaryimage\"},\"image\":{\"@id\":\"https:\/\/shop.natureneem.com\/fr\/e-shop\/huile-de-sesame\/#primaryimage\"},\"thumbnailUrl\":\"https:\/\/shop.natureneem.com\/wp-content\/uploads\/2024\/11\/NN-Sesame_Oil_500ml_2024-11-28_01.jpg\",\"datePublished\":\"2024-11-28T03:27:20+00:00\",\"dateModified\":\"2026-03-03T14:21:04+00:00\",\"breadcrumb\":{\"@id\":\"https:\/\/shop.natureneem.com\/fr\/e-shop\/huile-de-sesame\/#breadcrumb\"},\"inLanguage\":\"fr-FR\",\"potentialAction\":[{\"@type\":\"ReadAction\",\"target\":[\"https:\/\/shop.natureneem.com\/fr\/e-shop\/huile-de-sesame\/\"]}]},{\"@type\":\"ImageObject\",\"inLanguage\":\"fr-FR\",\"@id\":\"https:\/\/shop.natureneem.com\/fr\/e-shop\/huile-de-sesame\/#primaryimage\",\"url\":\"https:\/\/shop.natureneem.com\/wp-content\/uploads\/2024\/11\/NN-Sesame_Oil_500ml_2024-11-28_01.jpg\",\"contentUrl\":\"https:\/\/shop.natureneem.com\/wp-content\/uploads\/2024\/11\/NN-Sesame_Oil_500ml_2024-11-28_01.jpg\",\"width\":2000,\"height\":2000},{\"@type\":\"BreadcrumbList\",\"@id\":\"https:\/\/shop.natureneem.com\/fr\/e-shop\/huile-de-sesame\/#breadcrumb\",\"itemListElement\":[{\"@type\":\"ListItem\",\"position\":1,\"name\":\"Home\",\"item\":\"https:\/\/shop.natureneem.com\/fr\/accueil\/\"},{\"@type\":\"ListItem\",\"position\":2,\"name\":\"e-Shop\",\"item\":\"https:\/\/shop.natureneem.com\/fr\/e-shop\/\"},{\"@type\":\"ListItem\",\"position\":3,\"name\":\"Huile de s\u00e9same\"}]},{\"@type\":\"WebSite\",\"@id\":\"https:\/\/shop.natureneem.com\/fr\/#website\",\"url\":\"https:\/\/shop.natureneem.com\/fr\/\",\"name\":\"NatureNeem e-Shop\",\"description\":\"Official Shop from Nature Neem\",\"publisher\":{\"@id\":\"https:\/\/shop.natureneem.com\/fr\/#organization\"},\"alternateName\":\"Nature Neem\",\"potentialAction\":[{\"@type\":\"SearchAction\",\"target\":{\"@type\":\"EntryPoint\",\"urlTemplate\":\"https:\/\/shop.natureneem.com\/fr\/?s={search_term_string}\"},\"query-input\":{\"@type\":\"PropertyValueSpecification\",\"valueRequired\":true,\"valueName\":\"search_term_string\"}}],\"inLanguage\":\"fr-FR\"},{\"@type\":\"Organization\",\"@id\":\"https:\/\/shop.natureneem.com\/fr\/#organization\",\"name\":\"Nature Neem\",\"alternateName\":\"Lorsun SAS\",\"url\":\"https:\/\/shop.natureneem.com\/fr\/\",\"logo\":{\"@type\":\"ImageObject\",\"inLanguage\":\"fr-FR\",\"@id\":\"https:\/\/shop.natureneem.com\/fr\/#\/schema\/logo\/image\/\",\"url\":\"https:\/\/shop.natureneem.com\/wp-content\/uploads\/2024\/09\/nn-logo-symbole-2024-01.svg\",\"contentUrl\":\"https:\/\/shop.natureneem.com\/wp-content\/uploads\/2024\/09\/nn-logo-symbole-2024-01.svg\",\"width\":1,\"height\":1,\"caption\":\"Nature Neem\"},\"image\":{\"@id\":\"https:\/\/shop.natureneem.com\/fr\/#\/schema\/logo\/image\/\"},\"sameAs\":[\"https:\/\/www.facebook.com\/natureneemindia\/\",\"https:\/\/x.com\/natureneem\",\"https:\/\/www.youtube.com\/user\/natureneem\",\"https:\/\/www.linkedin.com\/company\/natureneem\"],\"description\":\"Nous sommes engag\u00e9s dans le d\u00e9veloppement et la commercialisation de solutions \u00e9cologiques. Nous continuons \u00e0 inventer ces solutions alternatives naturelles qui peuvent remplacer efficacement les produits chimiques de synth\u00e8se qui nuisent \u00e0 notre environnement. Notre \u00e9quipe est particuli\u00e8rement comp\u00e9tente pour proposer des intrants agricoles biologiques. Nous agissons \u00e9galement en tant qu'association de personnes partageant les m\u00eames id\u00e9es et qui croient que la nature est la solution \u00e0 tous les probl\u00e8mes environnementaux rencontr\u00e9s par les \u00eatres humains.   \",\"email\":\"info@natureneem.com\",\"telephone\":\"+91 77084 00899\",\"legalName\":\"NATURE NEEM PRODUCTS\",\"vatID\":\"FR08891657884\",\"numberOfEmployees\":{\"@type\":\"QuantitativeValue\",\"minValue\":\"51\",\"maxValue\":\"200\"},\"publishingPrinciples\":\"https:\/\/shop.natureneem.com\/\",\"actionableFeedbackPolicy\":\"https:\/\/shop.natureneem.com\/return-and-refund-policy\/\",\"hasMerchantReturnPolicy\":{\"@type\":\"MerchantReturnPolicy\",\"merchantReturnLink\":\"https:\/\/shop.natureneem.com\/return-and-refund-policy\/\"}}]}<\/script>\n<meta property=\"product:price:amount\" content=\"12.99\" \/>\n<meta property=\"product:price:currency\" content=\"EUR\" \/>\n<meta property=\"og:availability\" content=\"instock\" \/>\n<meta property=\"product:availability\" content=\"instock\" \/>\n<meta property=\"product:retailer_item_id\" content=\"NN-SO-0500\" \/>\n<meta property=\"product:condition\" content=\"new\" \/>\n<!-- \/ Yoast SEO Premium plugin. -->","yoast_head_json":{"title":"Huile de s\u00e9same - NatureNeem e-Shop","robots":{"index":"index","follow":"follow","max-snippet":"max-snippet:-1","max-image-preview":"max-image-preview:large","max-video-preview":"max-video-preview:-1"},"canonical":"https:\/\/shop.natureneem.com\/fr\/e-shop\/huile-de-sesame\/","og_locale":"fr_FR","og_type":"article","og_title":"Huile de s\u00e9same","og_description":"L'huile de s\u00e9same est l'une des huiles les plus r\u00e9pandues et les plus utilis\u00e9es dans l'Ayurveda et est souvent appel\u00e9e \"le roi des huiles\" en Inde. Ses bienfaits et ses propri\u00e9t\u00e9s peuvent \u00eatre compar\u00e9s \u00e0 ceux de l'huile d'olive, m\u00eame si le go\u00fbt n'est pas le m\u00eame. L'huile de s\u00e9same que nous vous proposons est pure et non raffin\u00e9e. Elle est obtenue par pression \u00e0 froid de graines de s\u00e9same cultiv\u00e9es dans des jardins biologiques du sud de l'Inde.","og_url":"https:\/\/shop.natureneem.com\/fr\/e-shop\/huile-de-sesame\/","og_site_name":"NatureNeem e-Shop","article_publisher":"https:\/\/www.facebook.com\/natureneemindia\/","article_modified_time":"2026-03-03T14:21:04+00:00","og_image":[{"width":2000,"height":2000,"url":"https:\/\/shop.natureneem.com\/wp-content\/uploads\/2024\/11\/NN-Sesame_Oil_500ml_2024-11-28_01.jpg","type":"image\/jpeg"}],"twitter_card":"summary_large_image","twitter_site":"@natureneem","twitter_misc":{"Prix":"12,99&nbsp;&euro;","Disponibilit\u00e9":"En stock"},"schema":{"@context":"https:\/\/schema.org","@graph":[{"@type":"WebPage","@id":"https:\/\/shop.natureneem.com\/fr\/e-shop\/huile-de-sesame\/","url":"https:\/\/shop.natureneem.com\/fr\/e-shop\/huile-de-sesame\/","name":"Huile de s\u00e9same - NatureNeem e-Shop","isPartOf":{"@id":"https:\/\/shop.natureneem.com\/fr\/#website"},"primaryImageOfPage":{"@id":"https:\/\/shop.natureneem.com\/fr\/e-shop\/huile-de-sesame\/#primaryimage"},"image":{"@id":"https:\/\/shop.natureneem.com\/fr\/e-shop\/huile-de-sesame\/#primaryimage"},"thumbnailUrl":"https:\/\/shop.natureneem.com\/wp-content\/uploads\/2024\/11\/NN-Sesame_Oil_500ml_2024-11-28_01.jpg","datePublished":"2024-11-28T03:27:20+00:00","dateModified":"2026-03-03T14:21:04+00:00","breadcrumb":{"@id":"https:\/\/shop.natureneem.com\/fr\/e-shop\/huile-de-sesame\/#breadcrumb"},"inLanguage":"fr-FR","potentialAction":[{"@type":"ReadAction","target":["https:\/\/shop.natureneem.com\/fr\/e-shop\/huile-de-sesame\/"]}]},{"@type":"ImageObject","inLanguage":"fr-FR","@id":"https:\/\/shop.natureneem.com\/fr\/e-shop\/huile-de-sesame\/#primaryimage","url":"https:\/\/shop.natureneem.com\/wp-content\/uploads\/2024\/11\/NN-Sesame_Oil_500ml_2024-11-28_01.jpg","contentUrl":"https:\/\/shop.natureneem.com\/wp-content\/uploads\/2024\/11\/NN-Sesame_Oil_500ml_2024-11-28_01.jpg","width":2000,"height":2000},{"@type":"BreadcrumbList","@id":"https:\/\/shop.natureneem.com\/fr\/e-shop\/huile-de-sesame\/#breadcrumb","itemListElement":[{"@type":"ListItem","position":1,"name":"Home","item":"https:\/\/shop.natureneem.com\/fr\/accueil\/"},{"@type":"ListItem","position":2,"name":"e-Shop","item":"https:\/\/shop.natureneem.com\/fr\/e-shop\/"},{"@type":"ListItem","position":3,"name":"Huile de s\u00e9same"}]},{"@type":"WebSite","@id":"https:\/\/shop.natureneem.com\/fr\/#website","url":"https:\/\/shop.natureneem.com\/fr\/","name":"NatureNeem e-Shop","description":"Official Shop from Nature Neem","publisher":{"@id":"https:\/\/shop.natureneem.com\/fr\/#organization"},"alternateName":"Nature Neem","potentialAction":[{"@type":"SearchAction","target":{"@type":"EntryPoint","urlTemplate":"https:\/\/shop.natureneem.com\/fr\/?s={search_term_string}"},"query-input":{"@type":"PropertyValueSpecification","valueRequired":true,"valueName":"search_term_string"}}],"inLanguage":"fr-FR"},{"@type":"Organization","@id":"https:\/\/shop.natureneem.com\/fr\/#organization","name":"Nature Neem","alternateName":"Lorsun SAS","url":"https:\/\/shop.natureneem.com\/fr\/","logo":{"@type":"ImageObject","inLanguage":"fr-FR","@id":"https:\/\/shop.natureneem.com\/fr\/#\/schema\/logo\/image\/","url":"https:\/\/shop.natureneem.com\/wp-content\/uploads\/2024\/09\/nn-logo-symbole-2024-01.svg","contentUrl":"https:\/\/shop.natureneem.com\/wp-content\/uploads\/2024\/09\/nn-logo-symbole-2024-01.svg","width":1,"height":1,"caption":"Nature Neem"},"image":{"@id":"https:\/\/shop.natureneem.com\/fr\/#\/schema\/logo\/image\/"},"sameAs":["https:\/\/www.facebook.com\/natureneemindia\/","https:\/\/x.com\/natureneem","https:\/\/www.youtube.com\/user\/natureneem","https:\/\/www.linkedin.com\/company\/natureneem"],"description":"Nous sommes engag\u00e9s dans le d\u00e9veloppement et la commercialisation de solutions \u00e9cologiques. Nous continuons \u00e0 inventer ces solutions alternatives naturelles qui peuvent remplacer efficacement les produits chimiques de synth\u00e8se qui nuisent \u00e0 notre environnement. Notre \u00e9quipe est particuli\u00e8rement comp\u00e9tente pour proposer des intrants agricoles biologiques. Nous agissons \u00e9galement en tant qu'association de personnes partageant les m\u00eames id\u00e9es et qui croient que la nature est la solution \u00e0 tous les probl\u00e8mes environnementaux rencontr\u00e9s par les \u00eatres humains.   ","email":"info@natureneem.com","telephone":"+91 77084 00899","legalName":"NATURE NEEM PRODUCTS","vatID":"FR08891657884","numberOfEmployees":{"@type":"QuantitativeValue","minValue":"51","maxValue":"200"},"publishingPrinciples":"https:\/\/shop.natureneem.com\/","actionableFeedbackPolicy":"https:\/\/shop.natureneem.com\/return-and-refund-policy\/","hasMerchantReturnPolicy":{"@type":"MerchantReturnPolicy","merchantReturnLink":"https:\/\/shop.natureneem.com\/return-and-refund-policy\/"}}]},"product_price_amount":"12.99","product_price_currency":"EUR","og_availability":"instock","product_availability":"instock","product_retailer_item_id":"NN-SO-0500","product_condition":"new"},"_links":{"self":[{"href":"https:\/\/shop.natureneem.com\/fr\/wp-json\/wp\/v2\/product\/10178","targetHints":{"allow":["GET"]}}],"collection":[{"href":"https:\/\/shop.natureneem.com\/fr\/wp-json\/wp\/v2\/product"}],"about":[{"href":"https:\/\/shop.natureneem.com\/fr\/wp-json\/wp\/v2\/types\/product"}],"replies":[{"embeddable":true,"href":"https:\/\/shop.natureneem.com\/fr\/wp-json\/wp\/v2\/comments?post=10178"}],"wp:featuredmedia":[{"embeddable":true,"href":"https:\/\/shop.natureneem.com\/fr\/wp-json\/wp\/v2\/media\/10088"}],"wp:attachment":[{"href":"https:\/\/shop.natureneem.com\/fr\/wp-json\/wp\/v2\/media?parent=10178"}],"wp:term":[{"taxonomy":"product_brand","embeddable":true,"href":"https:\/\/shop.natureneem.com\/fr\/wp-json\/wp\/v2\/product_brand?post=10178"},{"taxonomy":"product_cat","embeddable":true,"href":"https:\/\/shop.natureneem.com\/fr\/wp-json\/wp\/v2\/product_cat?post=10178"},{"taxonomy":"product_tag","embeddable":true,"href":"https:\/\/shop.natureneem.com\/fr\/wp-json\/wp\/v2\/product_tag?post=10178"}],"curies":[{"name":"wp","href":"https:\/\/api.w.org\/{rel}","templated":true}]}}