{"id":10190,"date":"2024-11-27T20:31:38","date_gmt":"2024-11-27T19:31:38","guid":{"rendered":"https:\/\/shop.natureneem.com\/e-shop\/huile-de-moutarde\/"},"modified":"2026-01-20T11:53:06","modified_gmt":"2026-01-20T10:53:06","slug":"huile-de-moutarde","status":"publish","type":"product","link":"https:\/\/shop.natureneem.com\/fr\/e-shop\/huile-de-moutarde\/","title":{"rendered":"Huile de Colza"},"content":{"rendered":"<h2 style=\"text-align: left;\"><strong>100% d&#8217;huile pure press\u00e9e \u00e0 froid \u00e0 partir de graines de moutarde jaune<\/strong><\/h2>\n<h3 style=\"text-align: justify;\"><strong>Qu&#8217;est-ce qui fait la diff\u00e9rence dans notre huile de moutarde ?<\/strong><\/h3>\n<h4 style=\"text-align: justify; padding-left: 40px;\"><strong>Nature Neem Mustard Oil<\/strong><\/h4>\n<div style=\"text-align: justify; padding-left: 40px;\">Notre huile de colza est obtenue \u00e0 partir des graines de colza jaune (Brassica Alba), qui ont une faible teneur en acide \u00e9rucique (\u00e9galement appel\u00e9e moutarde blanche). Elle est press\u00e9e \u00e0 froid, non raffin\u00e9e et pure. De plus, son go\u00fbt est plus vif et piquant, et sa couleur plus fonc\u00e9e, ce qui indique sa puret\u00e9 et sa composition naturelle.  <\/div>\n<h4 style=\"text-align: justify; padding-left: 40px;\"><strong>Autres huiles de Colza moins ch\u00e8res<\/strong><\/h4>\n<p style=\"text-align: justify; padding-left: 40px;\">La plupart des produits \u00e0 base d&#8217;huile de colza disponibles sur le march\u00e9 sont obtenus par des m\u00e9thodes d&#8217;extraction moins co\u00fbteuses utilisant des solvants chimiques et une chaleur \u00e9lev\u00e9e. L&#8217;odeur de cette huile extraite chimiquement est tellement rance que l&#8217;on utilise un processus de blanchiment pour la d\u00e9sodoriser. L&#8217;huile non raffin\u00e9e semble donc claire et moins ch\u00e8re. De plus, ce processus industriel cr\u00e9e des acides gras om\u00e9ga-6 inflammatoires et de l&#8217;acide \u00e9rucique qui ne sont pas bons pour notre corps.   <\/p>\n<h3 style=\"text-align: justify;\"><strong>Les bienfaits de l&#8217;huile de colza pour la peau<\/strong><\/h3>\n<ul>\n<li style=\"text-align: justify;\"><strong>\u00c9limine les rides et les ridules : <\/strong>La richesse en acides om\u00e9ga et en acide alpha-linol\u00e9nique pr\u00e9vient le vieillissement pr\u00e9coce de la peau. L&#8217;huile de moutarde favorise la production de collag\u00e8ne, essentielle au maintien d&#8217;une peau jeune. <\/li>\n<li style=\"text-align: justify;\"><strong>\u00c9ruptions cutan\u00e9es : <\/strong>ses propri\u00e9t\u00e9s antimicrobiennes et antifongiques sont efficaces pour traiter les probl\u00e8mes de peau tels que les \u00e9ruptions cutan\u00e9es, les boutons et les d\u00e9mangeaisons. C&#8217;est un bon rem\u00e8de contre les allergies cutan\u00e9es. <\/li>\n<li style=\"text-align: justify;\"><strong>Exfoliation : L&#8217;<\/strong>huile de colza est utilis\u00e9e pour exfolier et nourrir la peau. Elle nettoie les pores de la peau, agit comme un nettoyant naturel et rend le teint plus lumineux. <\/li>\n<\/ul>\n<h3 style=\"text-align: justify;\"><strong>L&#8217;huile de moutarde contre la toux et le rhume<\/strong><\/h3>\n<p style=\"text-align: justify; padding-left: 40px;\">C&#8217;est un rem\u00e8de naturel contre les rhumes, la toux et la congestion. L&#8217;inhalation de vapeur contenant de l&#8217;huile de moutarde est connue pour \u00e9liminer la congestion et apporter un soulagement. Elle est \u00e9galement utile pour les personnes souffrant de sinusite. L&#8217;huile de moutarde l\u00e9g\u00e8rement chauff\u00e9e avec de l&#8217;ail et des clous de girofle et mass\u00e9e sur la poitrine et les pieds soulage le rhume et la toux.   <\/p>\n<h3 style=\"text-align: justify;\"><strong>L&#8217;huile de colza pour les cheveux<\/strong><\/h3>\n<ul>\n<li style=\"text-align: justify;\">L&#8217;huile de colza peut \u00e9galement \u00eatre utilis\u00e9e pour obtenir une chevelure de r\u00eave. Les bienfaits de l&#8217;huile de moutarde pour les cheveux peuvent \u00eatre attribu\u00e9s \u00e0 la pr\u00e9sence d&#8217;acides gras om\u00e9ga. <\/li>\n<li style=\"text-align: justify;\">Il aide \u00e0 maintenir l&#8217;hydratation des cheveux et \u00e0 les garder soyeux et vivants.<\/li>\n<li style=\"text-align: justify;\">Le massage du cuir chevelu avec de l&#8217;huile de moutarde nourrit et renforce le cuir chevelu et donne de la brillance aux cheveux.<\/li>\n<li style=\"text-align: justify;\">En tant que stimulant naturel, l&#8217;huile de colza am\u00e9liore la circulation sanguine dans le cuir chevelu. Une circulation sanguine efficace r\u00e9duit la chute et l&#8217;\u00e9claircissement des cheveux caus\u00e9s par une mauvaise circulation. <\/li>\n<li style=\"text-align: justify;\">Vous pouvez pr\u00e9parer un masque capillaire \u00e0 l&#8217;huile de colza de la mani\u00e8re suivante :\n<ul>\n<li style=\"text-align: justify;\">M\u00e9langez 1 cuill\u00e8re \u00e0 soupe d&#8217;huile de colza, d&#8217;huile de jojoba et d&#8217;huile d&#8217;amande.<\/li>\n<li style=\"text-align: justify;\">R\u00e9chauffez l&#8217;huile pendant 10 secondes.<\/li>\n<li style=\"text-align: justify;\">Appliquez le masque sur les racines et les m\u00e8ches.<\/li>\n<li style=\"text-align: justify;\">Laissez agir pendant 30 minutes et lavez les cheveux \u00e0 l&#8217;eau ti\u00e8de.<\/li>\n<\/ul>\n<\/li>\n<\/ul>\n<h3><strong>Conservation<\/strong><\/h3>\n<p style=\"padding-left: 40px;\">Il peut \u00eatre conserv\u00e9 dans un endroit frais et sec pendant au moins 2 ans.<br \/>\nMais apr\u00e8s ouverture, conservez au r\u00e9frig\u00e9rateur et consommez dans les 3 mois.<\/p>\n<p style=\"padding-left: 40px;\">La meilleure qualit\u00e9 d&#8217;huile press\u00e9e \u00e0 froid \u00e0 partir de graines de moutarde.<\/p>\n","protected":false},"excerpt":{"rendered":"<p>Riche de son histoire et de son importance culturelle, l&#8217;huile de colza fait partie int\u00e9grante de la civilisation humaine depuis des si\u00e8cles.<\/p>\n<p>Les textes ayurv\u00e9diques mentionnent l&#8217;huile de colza comme un puissant rem\u00e8de pour diverses affections.<\/p>\n","protected":false},"featured_media":10034,"comment_status":"closed","ping_status":"closed","template":"","meta":[],"product_brand":[],"product_cat":[680],"product_tag":[],"class_list":{"0":"post-10190","1":"product","2":"type-product","3":"status-publish","4":"has-post-thumbnail","6":"product_cat-autres-produits","7":"product_shipping_class-0-6kg-fr-2","9":"first","10":"instock","11":"sale","12":"shipping-taxable","13":"purchasable","14":"product-type-simple"},"yoast_head":"<!-- This site is optimized with the Yoast SEO Premium plugin v27.1 (Yoast SEO v27.2) - https:\/\/yoast.com\/product\/yoast-seo-premium-wordpress\/ -->\n<title>Huile de graines de colza press\u00e9e \u00e0 froid - Qualit\u00e9 pure - NatureNeem e-Shop<\/title>\n<meta name=\"description\" content=\"D\u00e9couvrez les bienfaits de l&#039;huile press\u00e9e \u00e0 froid \u00e0 partir de graines de moutarde. Cette huile non raffin\u00e9e favorise la sant\u00e9 de la peau tout en am\u00e9liorant votre cuisine ! \ud83c\udf31 Huile de colza pour les cheveux \ud83d\udc69\ud83c\udffd\u200d\ud83e\uddb0\ud83d\udc71\ud83c\udffd\u200d\u2640\ufe0f\ud83d\udc69\ud83c\udffd\" \/>\n<meta name=\"robots\" content=\"index, follow, max-snippet:-1, max-image-preview:large, max-video-preview:-1\" \/>\n<link rel=\"canonical\" href=\"https:\/\/shop.natureneem.com\/fr\/e-shop\/huile-de-moutarde\/\" \/>\n<meta property=\"og:locale\" content=\"fr_FR\" \/>\n<meta property=\"og:type\" content=\"article\" \/>\n<meta property=\"og:title\" content=\"Huile de Colza\" \/>\n<meta property=\"og:description\" content=\"D\u00e9couvrez les bienfaits de l&#039;huile press\u00e9e \u00e0 froid \u00e0 partir de graines de moutarde. Cette huile non raffin\u00e9e favorise la sant\u00e9 de la peau tout en am\u00e9liorant votre cuisine ! \ud83c\udf31 Huile de colza pour les cheveux \ud83d\udc69\ud83c\udffd\u200d\ud83e\uddb0\ud83d\udc71\ud83c\udffd\u200d\u2640\ufe0f\ud83d\udc69\ud83c\udffd\" \/>\n<meta property=\"og:url\" content=\"https:\/\/shop.natureneem.com\/fr\/e-shop\/huile-de-moutarde\/\" \/>\n<meta property=\"og:site_name\" content=\"NatureNeem e-Shop\" \/>\n<meta property=\"article:publisher\" content=\"https:\/\/www.facebook.com\/natureneemindia\/\" \/>\n<meta property=\"article:modified_time\" content=\"2026-01-20T10:53:06+00:00\" \/>\n<meta property=\"og:image\" content=\"https:\/\/shop.natureneem.com\/wp-content\/uploads\/2024\/11\/NN-Mustard_Oil_500ml_2024-11-28_01.jpg\" \/>\n\t<meta property=\"og:image:width\" content=\"2000\" \/>\n\t<meta property=\"og:image:height\" content=\"2000\" \/>\n\t<meta property=\"og:image:type\" content=\"image\/jpeg\" \/>\n<meta name=\"twitter:card\" content=\"summary_large_image\" \/>\n<meta name=\"twitter:site\" content=\"@natureneem\" \/>\n<meta name=\"twitter:label1\" content=\"Prix\" \/>\n\t<meta name=\"twitter:data1\" content=\"11,99&nbsp;&euro;\" \/>\n\t<meta name=\"twitter:label2\" content=\"Disponibilit\u00e9\" \/>\n\t<meta name=\"twitter:data2\" content=\"En stock\" \/>\n<script type=\"application\/ld+json\" class=\"yoast-schema-graph\">{\"@context\":\"https:\/\/schema.org\",\"@graph\":[{\"@type\":\"WebPage\",\"@id\":\"https:\/\/shop.natureneem.com\/fr\/e-shop\/huile-de-moutarde\/\",\"url\":\"https:\/\/shop.natureneem.com\/fr\/e-shop\/huile-de-moutarde\/\",\"name\":\"Huile de graines de colza press\u00e9e \u00e0 froid - Qualit\u00e9 pure - NatureNeem e-Shop\",\"isPartOf\":{\"@id\":\"https:\/\/shop.natureneem.com\/fr\/#website\"},\"primaryImageOfPage\":{\"@id\":\"https:\/\/shop.natureneem.com\/fr\/e-shop\/huile-de-moutarde\/#primaryimage\"},\"image\":{\"@id\":\"https:\/\/shop.natureneem.com\/fr\/e-shop\/huile-de-moutarde\/#primaryimage\"},\"thumbnailUrl\":\"https:\/\/shop.natureneem.com\/wp-content\/uploads\/2024\/11\/NN-Mustard_Oil_500ml_2024-11-28_01.jpg\",\"datePublished\":\"2024-11-27T19:31:38+00:00\",\"dateModified\":\"2026-01-20T10:53:06+00:00\",\"description\":\"D\u00e9couvrez les bienfaits de l'huile press\u00e9e \u00e0 froid \u00e0 partir de graines de moutarde. Cette huile non raffin\u00e9e favorise la sant\u00e9 de la peau tout en am\u00e9liorant votre cuisine ! \ud83c\udf31 Huile de colza pour les cheveux \ud83d\udc69\ud83c\udffd\u200d\ud83e\uddb0\ud83d\udc71\ud83c\udffd\u200d\u2640\ufe0f\ud83d\udc69\ud83c\udffd\",\"breadcrumb\":{\"@id\":\"https:\/\/shop.natureneem.com\/fr\/e-shop\/huile-de-moutarde\/#breadcrumb\"},\"inLanguage\":\"fr-FR\",\"potentialAction\":[{\"@type\":\"ReadAction\",\"target\":[\"https:\/\/shop.natureneem.com\/fr\/e-shop\/huile-de-moutarde\/\"]}]},{\"@type\":\"ImageObject\",\"inLanguage\":\"fr-FR\",\"@id\":\"https:\/\/shop.natureneem.com\/fr\/e-shop\/huile-de-moutarde\/#primaryimage\",\"url\":\"https:\/\/shop.natureneem.com\/wp-content\/uploads\/2024\/11\/NN-Mustard_Oil_500ml_2024-11-28_01.jpg\",\"contentUrl\":\"https:\/\/shop.natureneem.com\/wp-content\/uploads\/2024\/11\/NN-Mustard_Oil_500ml_2024-11-28_01.jpg\",\"width\":2000,\"height\":2000,\"caption\":\"Huile de colza de Nature Neem (Brassica Alba) Huile de graines de colza Nature Neem India\"},{\"@type\":\"BreadcrumbList\",\"@id\":\"https:\/\/shop.natureneem.com\/fr\/e-shop\/huile-de-moutarde\/#breadcrumb\",\"itemListElement\":[{\"@type\":\"ListItem\",\"position\":1,\"name\":\"Home\",\"item\":\"https:\/\/shop.natureneem.com\/fr\/accueil\/\"},{\"@type\":\"ListItem\",\"position\":2,\"name\":\"e-Shop\",\"item\":\"https:\/\/shop.natureneem.com\/fr\/e-shop\/\"},{\"@type\":\"ListItem\",\"position\":3,\"name\":\"Huile de Colza\"}]},{\"@type\":\"WebSite\",\"@id\":\"https:\/\/shop.natureneem.com\/fr\/#website\",\"url\":\"https:\/\/shop.natureneem.com\/fr\/\",\"name\":\"NatureNeem e-Shop\",\"description\":\"Official Shop from Nature Neem\",\"publisher\":{\"@id\":\"https:\/\/shop.natureneem.com\/fr\/#organization\"},\"alternateName\":\"Nature Neem\",\"potentialAction\":[{\"@type\":\"SearchAction\",\"target\":{\"@type\":\"EntryPoint\",\"urlTemplate\":\"https:\/\/shop.natureneem.com\/fr\/?s={search_term_string}\"},\"query-input\":{\"@type\":\"PropertyValueSpecification\",\"valueRequired\":true,\"valueName\":\"search_term_string\"}}],\"inLanguage\":\"fr-FR\"},{\"@type\":\"Organization\",\"@id\":\"https:\/\/shop.natureneem.com\/fr\/#organization\",\"name\":\"Nature Neem\",\"alternateName\":\"Lorsun SAS\",\"url\":\"https:\/\/shop.natureneem.com\/fr\/\",\"logo\":{\"@type\":\"ImageObject\",\"inLanguage\":\"fr-FR\",\"@id\":\"https:\/\/shop.natureneem.com\/fr\/#\/schema\/logo\/image\/\",\"url\":\"https:\/\/shop.natureneem.com\/wp-content\/uploads\/2024\/09\/nn-logo-symbole-2024-01.svg\",\"contentUrl\":\"https:\/\/shop.natureneem.com\/wp-content\/uploads\/2024\/09\/nn-logo-symbole-2024-01.svg\",\"width\":1,\"height\":1,\"caption\":\"Nature Neem\"},\"image\":{\"@id\":\"https:\/\/shop.natureneem.com\/fr\/#\/schema\/logo\/image\/\"},\"sameAs\":[\"https:\/\/www.facebook.com\/natureneemindia\/\",\"https:\/\/x.com\/natureneem\",\"https:\/\/www.youtube.com\/user\/natureneem\",\"https:\/\/www.linkedin.com\/company\/natureneem\"],\"description\":\"Nous sommes engag\u00e9s dans le d\u00e9veloppement et la commercialisation de solutions \u00e9cologiques. Nous continuons \u00e0 inventer ces solutions alternatives naturelles qui peuvent remplacer efficacement les produits chimiques de synth\u00e8se qui nuisent \u00e0 notre environnement. Notre \u00e9quipe est particuli\u00e8rement comp\u00e9tente pour proposer des intrants agricoles biologiques. Nous agissons \u00e9galement en tant qu'association de personnes partageant les m\u00eames id\u00e9es et qui croient que la nature est la solution \u00e0 tous les probl\u00e8mes environnementaux rencontr\u00e9s par les \u00eatres humains.   \",\"email\":\"info@natureneem.com\",\"telephone\":\"+91 77084 00899\",\"legalName\":\"NATURE NEEM PRODUCTS\",\"vatID\":\"FR08891657884\",\"numberOfEmployees\":{\"@type\":\"QuantitativeValue\",\"minValue\":\"51\",\"maxValue\":\"200\"},\"publishingPrinciples\":\"https:\/\/shop.natureneem.com\/\",\"actionableFeedbackPolicy\":\"https:\/\/shop.natureneem.com\/return-and-refund-policy\/\",\"hasMerchantReturnPolicy\":{\"@type\":\"MerchantReturnPolicy\",\"merchantReturnLink\":\"https:\/\/shop.natureneem.com\/return-and-refund-policy\/\"}}]}<\/script>\n<meta property=\"product:price:amount\" content=\"11.99\" \/>\n<meta property=\"product:price:currency\" content=\"EUR\" \/>\n<meta property=\"og:availability\" content=\"instock\" \/>\n<meta property=\"product:availability\" content=\"instock\" \/>\n<meta property=\"product:retailer_item_id\" content=\"NN-MO-0500\" \/>\n<meta property=\"product:condition\" content=\"new\" \/>\n<!-- \/ Yoast SEO Premium plugin. -->","yoast_head_json":{"title":"Huile de graines de colza press\u00e9e \u00e0 froid - Qualit\u00e9 pure - NatureNeem e-Shop","description":"D\u00e9couvrez les bienfaits de l'huile press\u00e9e \u00e0 froid \u00e0 partir de graines de moutarde. Cette huile non raffin\u00e9e favorise la sant\u00e9 de la peau tout en am\u00e9liorant votre cuisine ! \ud83c\udf31 Huile de colza pour les cheveux \ud83d\udc69\ud83c\udffd\u200d\ud83e\uddb0\ud83d\udc71\ud83c\udffd\u200d\u2640\ufe0f\ud83d\udc69\ud83c\udffd","robots":{"index":"index","follow":"follow","max-snippet":"max-snippet:-1","max-image-preview":"max-image-preview:large","max-video-preview":"max-video-preview:-1"},"canonical":"https:\/\/shop.natureneem.com\/fr\/e-shop\/huile-de-moutarde\/","og_locale":"fr_FR","og_type":"article","og_title":"Huile de Colza","og_description":"D\u00e9couvrez les bienfaits de l'huile press\u00e9e \u00e0 froid \u00e0 partir de graines de moutarde. Cette huile non raffin\u00e9e favorise la sant\u00e9 de la peau tout en am\u00e9liorant votre cuisine ! \ud83c\udf31 Huile de colza pour les cheveux \ud83d\udc69\ud83c\udffd\u200d\ud83e\uddb0\ud83d\udc71\ud83c\udffd\u200d\u2640\ufe0f\ud83d\udc69\ud83c\udffd","og_url":"https:\/\/shop.natureneem.com\/fr\/e-shop\/huile-de-moutarde\/","og_site_name":"NatureNeem e-Shop","article_publisher":"https:\/\/www.facebook.com\/natureneemindia\/","article_modified_time":"2026-01-20T10:53:06+00:00","og_image":[{"width":2000,"height":2000,"url":"https:\/\/shop.natureneem.com\/wp-content\/uploads\/2024\/11\/NN-Mustard_Oil_500ml_2024-11-28_01.jpg","type":"image\/jpeg"}],"twitter_card":"summary_large_image","twitter_site":"@natureneem","twitter_misc":{"Prix":"11,99&nbsp;&euro;","Disponibilit\u00e9":"En stock"},"schema":{"@context":"https:\/\/schema.org","@graph":[{"@type":"WebPage","@id":"https:\/\/shop.natureneem.com\/fr\/e-shop\/huile-de-moutarde\/","url":"https:\/\/shop.natureneem.com\/fr\/e-shop\/huile-de-moutarde\/","name":"Huile de graines de colza press\u00e9e \u00e0 froid - Qualit\u00e9 pure - NatureNeem e-Shop","isPartOf":{"@id":"https:\/\/shop.natureneem.com\/fr\/#website"},"primaryImageOfPage":{"@id":"https:\/\/shop.natureneem.com\/fr\/e-shop\/huile-de-moutarde\/#primaryimage"},"image":{"@id":"https:\/\/shop.natureneem.com\/fr\/e-shop\/huile-de-moutarde\/#primaryimage"},"thumbnailUrl":"https:\/\/shop.natureneem.com\/wp-content\/uploads\/2024\/11\/NN-Mustard_Oil_500ml_2024-11-28_01.jpg","datePublished":"2024-11-27T19:31:38+00:00","dateModified":"2026-01-20T10:53:06+00:00","description":"D\u00e9couvrez les bienfaits de l'huile press\u00e9e \u00e0 froid \u00e0 partir de graines de moutarde. Cette huile non raffin\u00e9e favorise la sant\u00e9 de la peau tout en am\u00e9liorant votre cuisine ! \ud83c\udf31 Huile de colza pour les cheveux \ud83d\udc69\ud83c\udffd\u200d\ud83e\uddb0\ud83d\udc71\ud83c\udffd\u200d\u2640\ufe0f\ud83d\udc69\ud83c\udffd","breadcrumb":{"@id":"https:\/\/shop.natureneem.com\/fr\/e-shop\/huile-de-moutarde\/#breadcrumb"},"inLanguage":"fr-FR","potentialAction":[{"@type":"ReadAction","target":["https:\/\/shop.natureneem.com\/fr\/e-shop\/huile-de-moutarde\/"]}]},{"@type":"ImageObject","inLanguage":"fr-FR","@id":"https:\/\/shop.natureneem.com\/fr\/e-shop\/huile-de-moutarde\/#primaryimage","url":"https:\/\/shop.natureneem.com\/wp-content\/uploads\/2024\/11\/NN-Mustard_Oil_500ml_2024-11-28_01.jpg","contentUrl":"https:\/\/shop.natureneem.com\/wp-content\/uploads\/2024\/11\/NN-Mustard_Oil_500ml_2024-11-28_01.jpg","width":2000,"height":2000,"caption":"Huile de colza de Nature Neem (Brassica Alba) Huile de graines de colza Nature Neem India"},{"@type":"BreadcrumbList","@id":"https:\/\/shop.natureneem.com\/fr\/e-shop\/huile-de-moutarde\/#breadcrumb","itemListElement":[{"@type":"ListItem","position":1,"name":"Home","item":"https:\/\/shop.natureneem.com\/fr\/accueil\/"},{"@type":"ListItem","position":2,"name":"e-Shop","item":"https:\/\/shop.natureneem.com\/fr\/e-shop\/"},{"@type":"ListItem","position":3,"name":"Huile de Colza"}]},{"@type":"WebSite","@id":"https:\/\/shop.natureneem.com\/fr\/#website","url":"https:\/\/shop.natureneem.com\/fr\/","name":"NatureNeem e-Shop","description":"Official Shop from Nature Neem","publisher":{"@id":"https:\/\/shop.natureneem.com\/fr\/#organization"},"alternateName":"Nature Neem","potentialAction":[{"@type":"SearchAction","target":{"@type":"EntryPoint","urlTemplate":"https:\/\/shop.natureneem.com\/fr\/?s={search_term_string}"},"query-input":{"@type":"PropertyValueSpecification","valueRequired":true,"valueName":"search_term_string"}}],"inLanguage":"fr-FR"},{"@type":"Organization","@id":"https:\/\/shop.natureneem.com\/fr\/#organization","name":"Nature Neem","alternateName":"Lorsun SAS","url":"https:\/\/shop.natureneem.com\/fr\/","logo":{"@type":"ImageObject","inLanguage":"fr-FR","@id":"https:\/\/shop.natureneem.com\/fr\/#\/schema\/logo\/image\/","url":"https:\/\/shop.natureneem.com\/wp-content\/uploads\/2024\/09\/nn-logo-symbole-2024-01.svg","contentUrl":"https:\/\/shop.natureneem.com\/wp-content\/uploads\/2024\/09\/nn-logo-symbole-2024-01.svg","width":1,"height":1,"caption":"Nature Neem"},"image":{"@id":"https:\/\/shop.natureneem.com\/fr\/#\/schema\/logo\/image\/"},"sameAs":["https:\/\/www.facebook.com\/natureneemindia\/","https:\/\/x.com\/natureneem","https:\/\/www.youtube.com\/user\/natureneem","https:\/\/www.linkedin.com\/company\/natureneem"],"description":"Nous sommes engag\u00e9s dans le d\u00e9veloppement et la commercialisation de solutions \u00e9cologiques. Nous continuons \u00e0 inventer ces solutions alternatives naturelles qui peuvent remplacer efficacement les produits chimiques de synth\u00e8se qui nuisent \u00e0 notre environnement. Notre \u00e9quipe est particuli\u00e8rement comp\u00e9tente pour proposer des intrants agricoles biologiques. Nous agissons \u00e9galement en tant qu'association de personnes partageant les m\u00eames id\u00e9es et qui croient que la nature est la solution \u00e0 tous les probl\u00e8mes environnementaux rencontr\u00e9s par les \u00eatres humains.   ","email":"info@natureneem.com","telephone":"+91 77084 00899","legalName":"NATURE NEEM PRODUCTS","vatID":"FR08891657884","numberOfEmployees":{"@type":"QuantitativeValue","minValue":"51","maxValue":"200"},"publishingPrinciples":"https:\/\/shop.natureneem.com\/","actionableFeedbackPolicy":"https:\/\/shop.natureneem.com\/return-and-refund-policy\/","hasMerchantReturnPolicy":{"@type":"MerchantReturnPolicy","merchantReturnLink":"https:\/\/shop.natureneem.com\/return-and-refund-policy\/"}}]},"product_price_amount":"11.99","product_price_currency":"EUR","og_availability":"instock","product_availability":"instock","product_retailer_item_id":"NN-MO-0500","product_condition":"new"},"_links":{"self":[{"href":"https:\/\/shop.natureneem.com\/fr\/wp-json\/wp\/v2\/product\/10190","targetHints":{"allow":["GET"]}}],"collection":[{"href":"https:\/\/shop.natureneem.com\/fr\/wp-json\/wp\/v2\/product"}],"about":[{"href":"https:\/\/shop.natureneem.com\/fr\/wp-json\/wp\/v2\/types\/product"}],"replies":[{"embeddable":true,"href":"https:\/\/shop.natureneem.com\/fr\/wp-json\/wp\/v2\/comments?post=10190"}],"wp:featuredmedia":[{"embeddable":true,"href":"https:\/\/shop.natureneem.com\/fr\/wp-json\/wp\/v2\/media\/10034"}],"wp:attachment":[{"href":"https:\/\/shop.natureneem.com\/fr\/wp-json\/wp\/v2\/media?parent=10190"}],"wp:term":[{"taxonomy":"product_brand","embeddable":true,"href":"https:\/\/shop.natureneem.com\/fr\/wp-json\/wp\/v2\/product_brand?post=10190"},{"taxonomy":"product_cat","embeddable":true,"href":"https:\/\/shop.natureneem.com\/fr\/wp-json\/wp\/v2\/product_cat?post=10190"},{"taxonomy":"product_tag","embeddable":true,"href":"https:\/\/shop.natureneem.com\/fr\/wp-json\/wp\/v2\/product_tag?post=10190"}],"curies":[{"name":"wp","href":"https:\/\/api.w.org\/{rel}","templated":true}]}}