{"id":5562,"date":"2021-05-15T12:16:27","date_gmt":"2021-05-15T10:16:27","guid":{"rendered":"https:\/\/shop.natureneem.com\/e-shop\/naturecoco\/"},"modified":"2025-09-18T15:48:56","modified_gmt":"2025-09-18T13:48:56","slug":"naturecoco","status":"publish","type":"product","link":"https:\/\/shop.natureneem.com\/fr\/e-shop\/naturecoco\/","title":{"rendered":"NatureCoco"},"content":{"rendered":"<div>\n<h3>Huile de coco vierge biologique<\/h3>\n<\/div>\n<div><strong>Mode d&#8217;emploi de Nature Coco<\/strong><br \/>\nHuile de cuisson polyvalente et alternative plus saine \u00e0 la graisse de cuisson traditionnelle.<br \/>\nS&#8217;applique \u00e9galement sur les cheveux, les l\u00e8vres et la peau comme hydratant.<br \/>\nAucune trace de pesticides, de m\u00e9taux lourds ou d&#8217;OGM.<br \/>\nHuile vierge biologique NatureCoco<br \/>\nAucune chaleur, aucun agent de blanchiment ou conservateur n&#8217;est appliqu\u00e9 pour am\u00e9liorer sa couleur et sa dur\u00e9e de conservation.<br \/>\nPeut \u00eatre conserv\u00e9e jusqu&#8217;\u00e0 2 ans au r\u00e9frig\u00e9rateur, mais une fois ouverte, consommez-la dans les 6 mois.<\/div>\n<div><\/div>\n<div><strong>Informations de s\u00e9curit\u00e9<\/strong><br \/>\nNe contient pas de prot\u00e9ines. Une dermatite allergique de contact peut survenir dans de tr\u00e8s rares cas.<br \/>\nEmballage dans des bouteilles recyclables en PEG sans BPA. <\/div>\n<div><\/div>\n<div><strong>Composition<\/strong><\/div>\n<ul>\n<li>Contient 100% d&#8217;huile de coco (coprah) de premi\u00e8re pression \u00e0 froid.<\/li>\n<li>Contenu nutritionnel moyen pour 100 g.<\/li>\n<li>\u00c9nergie : 898 kcal.<\/li>\n<li>Mati\u00e8res grasses : 99 g dont acides gras satur\u00e9s : 93 g.<\/li>\n<li>Glucides \/ prot\u00e9ines \/ sels : 0 g<\/li>\n<li><strong>500 ml<\/strong><\/li>\n<\/ul>\n<p>A utiliser dans les 6 mois suivant l&#8217;ouverture de la bouteille. Peut \u00eatre conserv\u00e9 jusqu&#8217;\u00e0 2 ans au r\u00e9frig\u00e9rateur.<br \/>\nConserver dans un endroit frais et sec, \u00e0 l&#8217;abri de la lumi\u00e8re du soleil. <\/p>\n<ul class=\"uk-list uk-list-bullet uk-scrollspy-inview \" uk-scrollspy-class=\"\">\n<li class=\"el-item\">\n<div class=\"el-content uk-panel\">\n<p>La v\u00e9ritable huile de coco est obtenue \u00e0 partir de noix de coco COPRA m\u00fbres et s\u00e9ch\u00e9es naturellement.<\/p>\n<\/div>\n<\/li>\n<li class=\"el-item\">\n<div class=\"el-content uk-panel\">\n<p>L&#8217;huile est extraite selon la m\u00e9thode traditionnelle de pression \u00e0 froid \u00e0 l&#8217;aide de broyeurs en bois.<\/p>\n<\/div>\n<\/li>\n<li class=\"el-item\">\n<div class=\"el-content uk-panel\">\n<p>Les ingr\u00e9dients magiques de la noix de coco et sa saveur originale sont pr\u00e9serv\u00e9s.<\/p>\n<\/div>\n<\/li>\n<li class=\"el-item\">\n<div class=\"el-content uk-panel\">\n<p>Aucun conservateur n&#8217;est ajout\u00e9 pour prolonger sa dur\u00e9e de conservation et aucun blanchiment n&#8217;est effectu\u00e9 pour am\u00e9liorer artificiellement sa qualit\u00e9.<\/p>\n<\/div>\n<\/li>\n<li class=\"el-item\">\n<div class=\"el-content uk-panel\">\n<p>Huile de qualit\u00e9 alimentaire ne contenant aucune trace de pesticides, de m\u00e9taux lourds ou d&#8217;OGM.<\/p>\n<\/div>\n<\/li>\n<li class=\"el-item\">\n<div class=\"el-content uk-panel\">\n<p>Applications : cosm\u00e9tiques &#8211; cr\u00e8me hydratante, massage. Cuisine &#8211; une alternative plus saine aux graisses de cuisson traditionnelles. <\/p>\n<\/div>\n<\/li>\n<\/ul>\n<div class=\"tm-grid-expand uk-child-width-1-1 uk-grid-margin uk-grid uk-grid-stack\" uk-grid=\"\">\n<div class=\"uk-width-1-1@m uk-first-column\"><\/div>\n<\/div>\n<div class=\"tm-grid-expand uk-margin uk-grid\" uk-grid=\"\" uk-height-match=\"target: .uk-card\">\n<div class=\"uk-width-1-2@s uk-first-column\">\n<div class=\"uk-card uk-card-secondary uk-card-body uk-margin-remove-first-child uk-margin\">\n<h4 class=\"el-title uk-heading-small uk-margin-top uk-margin-remove-bottom\">Cosm\u00e9tiques<\/h4>\n<div class=\"el-content uk-panel uk-text-lead uk-column-1-2@m uk-margin-top\">Appliqu\u00e9 sur les cheveux, les l\u00e8vres et la peau comme hydratant. Sa\u00efd pour augmenter la croissance des cheveux. Meilleure huile de massage. Peut \u00eatre appliqu\u00e9e pour calmer et soigner les peaux allergiques. Utilis\u00e9e comme d\u00e9maquillant.    <\/div>\n<\/div>\n<\/div>\n<div class=\"uk-width-1-2@s\">\n<div class=\"uk-card uk-card-primary uk-card-body uk-margin-remove-first-child uk-margin\">\n<h4 class=\"el-title uk-heading-small uk-margin-top uk-margin-remove-bottom\">La cuisine<\/h4>\n<div class=\"el-content uk-panel uk-text-lead uk-column-1-2@m uk-margin-top\">Une huile polyvalente et une alternative plus saine aux graisses de cuisson traditionnelles. Elle peut \u00eatre utilis\u00e9e pour les vinaigrettes, la cuisson, la friture, le r\u00f4tissage, la cuisson, les sauces et les marinades. Id\u00e9ale pour les salades et les plats froids. L&#8217;huile non raffin\u00e9e press\u00e9e \u00e0 froid ajoute l&#8217;ar\u00f4me et la saveur de la noix de coco \u00e0 nos plats.   <\/div>\n<\/div>\n<\/div>\n<\/div>\n<h3>Plus d&#8217;informations sur l&#8217;huile vierge biologique NatureCoco<\/h3>\n<p><img loading=\"lazy\" decoding=\"async\" class=\"alignleft wp-image-416 size-thumbnail\" src=\"https:\/\/shop.natureneem.com\/wp-content\/uploads\/2021\/05\/nn_naturecoco_deco02-150x150.webp\" alt=\"NatureCoco de NatureNeem\" width=\"150\" height=\"150\"><\/p>\n<div><a class=\"uk-button uk-button-secondary uk-button-large\" href=\"https:\/\/natureneem.com\/en\/products\/naturecoco\" target=\"_blank\" rel=\"noopener noreferrer\">Cliquez ici<\/a><\/div>\n<div><\/div>\n","protected":false},"excerpt":{"rendered":"<h3 class=\"ai-optimize-10\">Huile de noix de coco vierge biologique<\/h3>\n<p class=\"ai-optimize-11\">Pas de chaleur, pas d&#8217;eau de Javel, pas de conservateurs<\/p>\n","protected":false},"featured_media":11917,"comment_status":"open","ping_status":"closed","template":"","meta":[],"product_brand":[],"product_cat":[134],"product_tag":[],"class_list":{"0":"post-5562","1":"product","2":"type-product","3":"status-publish","4":"has-post-thumbnail","6":"product_cat-produits-a-base-de-coco","7":"product_shipping_class-0-6kg-fr-2","9":"first","10":"instock","11":"sale","12":"shipping-taxable","13":"purchasable","14":"product-type-simple"},"yoast_head":"<!-- This site is optimized with the Yoast SEO Premium plugin v27.1 (Yoast SEO v27.2) - https:\/\/yoast.com\/product\/yoast-seo-premium-wordpress\/ -->\n<title>Huile de noix de coco biologique vierge : Huile de cuisson polyvalente et hydratante<\/title>\n<meta name=\"description\" content=\"Profitez de la puret\u00e9 de l&#039;huile de coco vierge biologique de Nature Coco. Sans pesticides, m\u00e9taux lourds ou OGM. Am\u00e9liorez votre bien-\u00eatre d\u00e8s aujourd&#039;hui !\" \/>\n<meta name=\"robots\" content=\"index, follow, max-snippet:-1, max-image-preview:large, max-video-preview:-1\" \/>\n<link rel=\"canonical\" href=\"https:\/\/shop.natureneem.com\/fr\/e-shop\/naturecoco\/\" \/>\n<meta property=\"og:locale\" content=\"fr_FR\" \/>\n<meta property=\"og:type\" content=\"article\" \/>\n<meta property=\"og:title\" content=\"NatureCoco\" \/>\n<meta property=\"og:description\" content=\"Profitez de la puret\u00e9 de l&#039;huile de coco vierge biologique de Nature Coco. Sans pesticides, m\u00e9taux lourds ou OGM. Am\u00e9liorez votre bien-\u00eatre d\u00e8s aujourd&#039;hui !\" \/>\n<meta property=\"og:url\" content=\"https:\/\/shop.natureneem.com\/fr\/e-shop\/naturecoco\/\" \/>\n<meta property=\"og:site_name\" content=\"NatureNeem e-Shop\" \/>\n<meta property=\"article:publisher\" content=\"https:\/\/www.facebook.com\/natureneemindia\/\" \/>\n<meta property=\"article:modified_time\" content=\"2025-09-18T13:48:56+00:00\" \/>\n<meta property=\"og:image\" content=\"https:\/\/shop.natureneem.com\/wp-content\/uploads\/2021\/05\/NN-COCO-2025_01.jpg\" \/>\n\t<meta property=\"og:image:width\" content=\"800\" \/>\n\t<meta property=\"og:image:height\" content=\"800\" \/>\n\t<meta property=\"og:image:type\" content=\"image\/jpeg\" \/>\n<meta name=\"twitter:card\" content=\"summary_large_image\" \/>\n<meta name=\"twitter:site\" content=\"@natureneem\" \/>\n<meta name=\"twitter:label1\" content=\"Prix\" \/>\n\t<meta name=\"twitter:data1\" content=\"9,99&nbsp;&euro;\" \/>\n\t<meta name=\"twitter:label2\" content=\"Disponibilit\u00e9\" \/>\n\t<meta name=\"twitter:data2\" content=\"En stock\" \/>\n<script type=\"application\/ld+json\" class=\"yoast-schema-graph\">{\"@context\":\"https:\/\/schema.org\",\"@graph\":[{\"@type\":\"WebPage\",\"@id\":\"https:\/\/shop.natureneem.com\/fr\/e-shop\/naturecoco\/\",\"url\":\"https:\/\/shop.natureneem.com\/fr\/e-shop\/naturecoco\/\",\"name\":\"Huile de noix de coco biologique vierge : Huile de cuisson polyvalente et hydratante\",\"isPartOf\":{\"@id\":\"https:\/\/shop.natureneem.com\/fr\/#website\"},\"primaryImageOfPage\":{\"@id\":\"https:\/\/shop.natureneem.com\/fr\/e-shop\/naturecoco\/#primaryimage\"},\"image\":{\"@id\":\"https:\/\/shop.natureneem.com\/fr\/e-shop\/naturecoco\/#primaryimage\"},\"thumbnailUrl\":\"https:\/\/shop.natureneem.com\/wp-content\/uploads\/2021\/05\/NN-COCO-2025_01.jpg\",\"datePublished\":\"2021-05-15T10:16:27+00:00\",\"dateModified\":\"2025-09-18T13:48:56+00:00\",\"description\":\"Profitez de la puret\u00e9 de l'huile de coco vierge biologique de Nature Coco. Sans pesticides, m\u00e9taux lourds ou OGM. Am\u00e9liorez votre bien-\u00eatre d\u00e8s aujourd'hui !\",\"breadcrumb\":{\"@id\":\"https:\/\/shop.natureneem.com\/fr\/e-shop\/naturecoco\/#breadcrumb\"},\"inLanguage\":\"fr-FR\",\"potentialAction\":[{\"@type\":\"ReadAction\",\"target\":[\"https:\/\/shop.natureneem.com\/fr\/e-shop\/naturecoco\/\"]}]},{\"@type\":\"ImageObject\",\"inLanguage\":\"fr-FR\",\"@id\":\"https:\/\/shop.natureneem.com\/fr\/e-shop\/naturecoco\/#primaryimage\",\"url\":\"https:\/\/shop.natureneem.com\/wp-content\/uploads\/2021\/05\/NN-COCO-2025_01.jpg\",\"contentUrl\":\"https:\/\/shop.natureneem.com\/wp-content\/uploads\/2021\/05\/NN-COCO-2025_01.jpg\",\"width\":800,\"height\":800},{\"@type\":\"BreadcrumbList\",\"@id\":\"https:\/\/shop.natureneem.com\/fr\/e-shop\/naturecoco\/#breadcrumb\",\"itemListElement\":[{\"@type\":\"ListItem\",\"position\":1,\"name\":\"Home\",\"item\":\"https:\/\/shop.natureneem.com\/fr\/accueil\/\"},{\"@type\":\"ListItem\",\"position\":2,\"name\":\"e-Shop\",\"item\":\"https:\/\/shop.natureneem.com\/fr\/e-shop\/\"},{\"@type\":\"ListItem\",\"position\":3,\"name\":\"NatureCoco\"}]},{\"@type\":\"WebSite\",\"@id\":\"https:\/\/shop.natureneem.com\/fr\/#website\",\"url\":\"https:\/\/shop.natureneem.com\/fr\/\",\"name\":\"NatureNeem e-Shop\",\"description\":\"Official Shop from Nature Neem\",\"publisher\":{\"@id\":\"https:\/\/shop.natureneem.com\/fr\/#organization\"},\"alternateName\":\"Nature Neem\",\"potentialAction\":[{\"@type\":\"SearchAction\",\"target\":{\"@type\":\"EntryPoint\",\"urlTemplate\":\"https:\/\/shop.natureneem.com\/fr\/?s={search_term_string}\"},\"query-input\":{\"@type\":\"PropertyValueSpecification\",\"valueRequired\":true,\"valueName\":\"search_term_string\"}}],\"inLanguage\":\"fr-FR\"},{\"@type\":\"Organization\",\"@id\":\"https:\/\/shop.natureneem.com\/fr\/#organization\",\"name\":\"Nature Neem\",\"alternateName\":\"Lorsun SAS\",\"url\":\"https:\/\/shop.natureneem.com\/fr\/\",\"logo\":{\"@type\":\"ImageObject\",\"inLanguage\":\"fr-FR\",\"@id\":\"https:\/\/shop.natureneem.com\/fr\/#\/schema\/logo\/image\/\",\"url\":\"https:\/\/shop.natureneem.com\/wp-content\/uploads\/2024\/09\/nn-logo-symbole-2024-01.svg\",\"contentUrl\":\"https:\/\/shop.natureneem.com\/wp-content\/uploads\/2024\/09\/nn-logo-symbole-2024-01.svg\",\"width\":1,\"height\":1,\"caption\":\"Nature Neem\"},\"image\":{\"@id\":\"https:\/\/shop.natureneem.com\/fr\/#\/schema\/logo\/image\/\"},\"sameAs\":[\"https:\/\/www.facebook.com\/natureneemindia\/\",\"https:\/\/x.com\/natureneem\",\"https:\/\/www.youtube.com\/user\/natureneem\",\"https:\/\/www.linkedin.com\/company\/natureneem\"],\"description\":\"Nous sommes engag\u00e9s dans le d\u00e9veloppement et la commercialisation de solutions \u00e9cologiques. Nous continuons \u00e0 inventer ces solutions alternatives naturelles qui peuvent remplacer efficacement les produits chimiques de synth\u00e8se qui nuisent \u00e0 notre environnement. Notre \u00e9quipe est particuli\u00e8rement comp\u00e9tente pour proposer des intrants agricoles biologiques. Nous agissons \u00e9galement en tant qu'association de personnes partageant les m\u00eames id\u00e9es et qui croient que la nature est la solution \u00e0 tous les probl\u00e8mes environnementaux rencontr\u00e9s par les \u00eatres humains.   \",\"email\":\"info@natureneem.com\",\"telephone\":\"+91 77084 00899\",\"legalName\":\"NATURE NEEM PRODUCTS\",\"vatID\":\"FR08891657884\",\"numberOfEmployees\":{\"@type\":\"QuantitativeValue\",\"minValue\":\"51\",\"maxValue\":\"200\"},\"publishingPrinciples\":\"https:\/\/shop.natureneem.com\/\",\"actionableFeedbackPolicy\":\"https:\/\/shop.natureneem.com\/return-and-refund-policy\/\",\"hasMerchantReturnPolicy\":{\"@type\":\"MerchantReturnPolicy\",\"merchantReturnLink\":\"https:\/\/shop.natureneem.com\/return-and-refund-policy\/\"}}]}<\/script>\n<meta property=\"product:price:amount\" content=\"9.99\" \/>\n<meta property=\"product:price:currency\" content=\"EUR\" \/>\n<meta property=\"og:availability\" content=\"instock\" \/>\n<meta property=\"product:availability\" content=\"instock\" \/>\n<meta property=\"product:retailer_item_id\" content=\"NN-CP-NC-500\" \/>\n<meta property=\"product:condition\" content=\"new\" \/>\n<!-- \/ Yoast SEO Premium plugin. -->","yoast_head_json":{"title":"Huile de noix de coco biologique vierge : Huile de cuisson polyvalente et hydratante","description":"Profitez de la puret\u00e9 de l'huile de coco vierge biologique de Nature Coco. Sans pesticides, m\u00e9taux lourds ou OGM. Am\u00e9liorez votre bien-\u00eatre d\u00e8s aujourd'hui !","robots":{"index":"index","follow":"follow","max-snippet":"max-snippet:-1","max-image-preview":"max-image-preview:large","max-video-preview":"max-video-preview:-1"},"canonical":"https:\/\/shop.natureneem.com\/fr\/e-shop\/naturecoco\/","og_locale":"fr_FR","og_type":"article","og_title":"NatureCoco","og_description":"Profitez de la puret\u00e9 de l'huile de coco vierge biologique de Nature Coco. Sans pesticides, m\u00e9taux lourds ou OGM. Am\u00e9liorez votre bien-\u00eatre d\u00e8s aujourd'hui !","og_url":"https:\/\/shop.natureneem.com\/fr\/e-shop\/naturecoco\/","og_site_name":"NatureNeem e-Shop","article_publisher":"https:\/\/www.facebook.com\/natureneemindia\/","article_modified_time":"2025-09-18T13:48:56+00:00","og_image":[{"width":800,"height":800,"url":"https:\/\/shop.natureneem.com\/wp-content\/uploads\/2021\/05\/NN-COCO-2025_01.jpg","type":"image\/jpeg"}],"twitter_card":"summary_large_image","twitter_site":"@natureneem","twitter_misc":{"Prix":"9,99&nbsp;&euro;","Disponibilit\u00e9":"En stock"},"schema":{"@context":"https:\/\/schema.org","@graph":[{"@type":"WebPage","@id":"https:\/\/shop.natureneem.com\/fr\/e-shop\/naturecoco\/","url":"https:\/\/shop.natureneem.com\/fr\/e-shop\/naturecoco\/","name":"Huile de noix de coco biologique vierge : Huile de cuisson polyvalente et hydratante","isPartOf":{"@id":"https:\/\/shop.natureneem.com\/fr\/#website"},"primaryImageOfPage":{"@id":"https:\/\/shop.natureneem.com\/fr\/e-shop\/naturecoco\/#primaryimage"},"image":{"@id":"https:\/\/shop.natureneem.com\/fr\/e-shop\/naturecoco\/#primaryimage"},"thumbnailUrl":"https:\/\/shop.natureneem.com\/wp-content\/uploads\/2021\/05\/NN-COCO-2025_01.jpg","datePublished":"2021-05-15T10:16:27+00:00","dateModified":"2025-09-18T13:48:56+00:00","description":"Profitez de la puret\u00e9 de l'huile de coco vierge biologique de Nature Coco. Sans pesticides, m\u00e9taux lourds ou OGM. Am\u00e9liorez votre bien-\u00eatre d\u00e8s aujourd'hui !","breadcrumb":{"@id":"https:\/\/shop.natureneem.com\/fr\/e-shop\/naturecoco\/#breadcrumb"},"inLanguage":"fr-FR","potentialAction":[{"@type":"ReadAction","target":["https:\/\/shop.natureneem.com\/fr\/e-shop\/naturecoco\/"]}]},{"@type":"ImageObject","inLanguage":"fr-FR","@id":"https:\/\/shop.natureneem.com\/fr\/e-shop\/naturecoco\/#primaryimage","url":"https:\/\/shop.natureneem.com\/wp-content\/uploads\/2021\/05\/NN-COCO-2025_01.jpg","contentUrl":"https:\/\/shop.natureneem.com\/wp-content\/uploads\/2021\/05\/NN-COCO-2025_01.jpg","width":800,"height":800},{"@type":"BreadcrumbList","@id":"https:\/\/shop.natureneem.com\/fr\/e-shop\/naturecoco\/#breadcrumb","itemListElement":[{"@type":"ListItem","position":1,"name":"Home","item":"https:\/\/shop.natureneem.com\/fr\/accueil\/"},{"@type":"ListItem","position":2,"name":"e-Shop","item":"https:\/\/shop.natureneem.com\/fr\/e-shop\/"},{"@type":"ListItem","position":3,"name":"NatureCoco"}]},{"@type":"WebSite","@id":"https:\/\/shop.natureneem.com\/fr\/#website","url":"https:\/\/shop.natureneem.com\/fr\/","name":"NatureNeem e-Shop","description":"Official Shop from Nature Neem","publisher":{"@id":"https:\/\/shop.natureneem.com\/fr\/#organization"},"alternateName":"Nature Neem","potentialAction":[{"@type":"SearchAction","target":{"@type":"EntryPoint","urlTemplate":"https:\/\/shop.natureneem.com\/fr\/?s={search_term_string}"},"query-input":{"@type":"PropertyValueSpecification","valueRequired":true,"valueName":"search_term_string"}}],"inLanguage":"fr-FR"},{"@type":"Organization","@id":"https:\/\/shop.natureneem.com\/fr\/#organization","name":"Nature Neem","alternateName":"Lorsun SAS","url":"https:\/\/shop.natureneem.com\/fr\/","logo":{"@type":"ImageObject","inLanguage":"fr-FR","@id":"https:\/\/shop.natureneem.com\/fr\/#\/schema\/logo\/image\/","url":"https:\/\/shop.natureneem.com\/wp-content\/uploads\/2024\/09\/nn-logo-symbole-2024-01.svg","contentUrl":"https:\/\/shop.natureneem.com\/wp-content\/uploads\/2024\/09\/nn-logo-symbole-2024-01.svg","width":1,"height":1,"caption":"Nature Neem"},"image":{"@id":"https:\/\/shop.natureneem.com\/fr\/#\/schema\/logo\/image\/"},"sameAs":["https:\/\/www.facebook.com\/natureneemindia\/","https:\/\/x.com\/natureneem","https:\/\/www.youtube.com\/user\/natureneem","https:\/\/www.linkedin.com\/company\/natureneem"],"description":"Nous sommes engag\u00e9s dans le d\u00e9veloppement et la commercialisation de solutions \u00e9cologiques. Nous continuons \u00e0 inventer ces solutions alternatives naturelles qui peuvent remplacer efficacement les produits chimiques de synth\u00e8se qui nuisent \u00e0 notre environnement. Notre \u00e9quipe est particuli\u00e8rement comp\u00e9tente pour proposer des intrants agricoles biologiques. Nous agissons \u00e9galement en tant qu'association de personnes partageant les m\u00eames id\u00e9es et qui croient que la nature est la solution \u00e0 tous les probl\u00e8mes environnementaux rencontr\u00e9s par les \u00eatres humains.   ","email":"info@natureneem.com","telephone":"+91 77084 00899","legalName":"NATURE NEEM PRODUCTS","vatID":"FR08891657884","numberOfEmployees":{"@type":"QuantitativeValue","minValue":"51","maxValue":"200"},"publishingPrinciples":"https:\/\/shop.natureneem.com\/","actionableFeedbackPolicy":"https:\/\/shop.natureneem.com\/return-and-refund-policy\/","hasMerchantReturnPolicy":{"@type":"MerchantReturnPolicy","merchantReturnLink":"https:\/\/shop.natureneem.com\/return-and-refund-policy\/"}}]},"product_price_amount":"9.99","product_price_currency":"EUR","og_availability":"instock","product_availability":"instock","product_retailer_item_id":"NN-CP-NC-500","product_condition":"new"},"_links":{"self":[{"href":"https:\/\/shop.natureneem.com\/fr\/wp-json\/wp\/v2\/product\/5562","targetHints":{"allow":["GET"]}}],"collection":[{"href":"https:\/\/shop.natureneem.com\/fr\/wp-json\/wp\/v2\/product"}],"about":[{"href":"https:\/\/shop.natureneem.com\/fr\/wp-json\/wp\/v2\/types\/product"}],"replies":[{"embeddable":true,"href":"https:\/\/shop.natureneem.com\/fr\/wp-json\/wp\/v2\/comments?post=5562"}],"wp:featuredmedia":[{"embeddable":true,"href":"https:\/\/shop.natureneem.com\/fr\/wp-json\/wp\/v2\/media\/11917"}],"wp:attachment":[{"href":"https:\/\/shop.natureneem.com\/fr\/wp-json\/wp\/v2\/media?parent=5562"}],"wp:term":[{"taxonomy":"product_brand","embeddable":true,"href":"https:\/\/shop.natureneem.com\/fr\/wp-json\/wp\/v2\/product_brand?post=5562"},{"taxonomy":"product_cat","embeddable":true,"href":"https:\/\/shop.natureneem.com\/fr\/wp-json\/wp\/v2\/product_cat?post=5562"},{"taxonomy":"product_tag","embeddable":true,"href":"https:\/\/shop.natureneem.com\/fr\/wp-json\/wp\/v2\/product_tag?post=5562"}],"curies":[{"name":"wp","href":"https:\/\/api.w.org\/{rel}","templated":true}]}}