{"id":5569,"date":"2021-05-07T11:11:23","date_gmt":"2021-05-07T09:11:23","guid":{"rendered":"https:\/\/shop.natureneem.com\/e-shop\/coco-brick\/"},"modified":"2026-04-02T15:20:16","modified_gmt":"2026-04-02T13:20:16","slug":"coco-brick","status":"publish","type":"product","link":"https:\/\/shop.natureneem.com\/fr\/e-shop\/coco-brick\/","title":{"rendered":"CocoBrick"},"content":{"rendered":"<p style=\"text-align: left;\"><strong>1 brique = 650 gms de briques \u00e0 l&#8217;\u00e9tat compress\u00e9 <\/strong><strong>12 L de substrat de plantation apr\u00e8s ajout d&#8217;eau.<br \/>\n<\/strong><strong>P\u00e8se 3 fois moins lourd qu&#8217;un terreau classique.<br \/>\n<\/strong><strong>Stockage facile. Id\u00e9al pour le jardinage urbain &#8211; appartements, terrasses &#8230; <\/strong><\/p>\n<p>Substrat de plantation compress\u00e9 \u00e0 base de moelle de coco et de fibres. Facile \u00e0 stocker. 1 brique de 650 g = 12 litres de substrat de plantation apr\u00e8s r\u00e9hydratation. Offre d&#8217;excellentes propri\u00e9t\u00e9s de r\u00e9tention d&#8217;eau et d&#8217;a\u00e9ration qui favorisent l&#8217;\u00e9tablissement des plantes et la croissance rapide des racines. Parfaitement adapt\u00e9 aux semis, aux plantes en pot et aux jardins potagers.    <\/p>\n<p><strong>Description<\/strong><\/p>\n<p>Coco Bricks est un milieu de plantation ou substrat fabriqu\u00e9 \u00e0 partir de moelle de noix de coco sous forme comprim\u00e9e. Avec 4 litres d&#8217;eau, il s&#8217;hydrate en quelques minutes pour obtenir environ 12 litres de substrat de plantation pr\u00eat \u00e0 \u00eatre cultiv\u00e9. Ce substrat convient \u00e0 tous les types de culture, tant \u00e0 l&#8217;ext\u00e9rieur qu&#8217;\u00e0 l&#8217;int\u00e9rieur. M\u00e9lang\u00e9 \u00e0 la terre de jardin ou \u00e0 d&#8217;autres milieux de culture, il agit comme un conditionneur de sol et un r\u00e9tenteur d&#8217;eau.   <\/p>\n<p><strong>Comment le produit est-il fabriqu\u00e9 ?<\/strong><\/p>\n<p>Le &#8220;coco&#8221; est le nom donn\u00e9 \u00e0 l&#8217;\u00e9pais m\u00e9socarpe fibreux qui entoure la noix de coco. Lors de l&#8217;extraction de la fibre, on obtient une quantit\u00e9 importante (environ 2\/3) de mati\u00e8re appel\u00e9e PEAT, PITH, DUST ou peat*. Le produit est lav\u00e9 pour \u00e9liminer les sels naturellement pr\u00e9sents dans la fibre broy\u00e9e. Le pH et la teneur en sel sont rigoureusement contr\u00f4l\u00e9s afin de r\u00e9pondre aux exigences des cultures, m\u00eame les plus d\u00e9licates. La tourbe est m\u00e9lang\u00e9e \u00e0 des fibres de coco coup\u00e9es, puis comprim\u00e9e \u00e0 8:1 sous la forme d&#8217;un bloc de 20 x 10 x 5 cm.    <\/p>\n<p><em>La tourbe de coco est une mati\u00e8re spongieuse naturellement coll\u00e9e \u00e0 la fibre de coco. \u00c0 ne pas confondre avec la tourbe non renouvelable, une mati\u00e8re organique que l&#8217;on trouve dans les milieux satur\u00e9s en eau et les for\u00eats et dont l&#8217;extraction est controvers\u00e9e. <\/em><\/p>\n<p><strong>Comment l&#8217;utiliser ?<\/strong><\/p>\n<ul>\n<li>Mettez le bloc d\u00e9ball\u00e9 dans un seau.<\/li>\n<li>Ajoutez 4 litres d&#8217;eau normale.<\/li>\n<li>Laissez le bloc absorber l&#8217;eau pendant 30 \u00e0 60 minutes. Vous pouvez m\u00eame ajouter 1 ou 2 cuill\u00e8res de NutrAza, l&#8217;engrais naturel qui r\u00e9siste aux parasites. <\/li>\n<li>Le bloc de 650 grammes avec 4 litres d&#8217;eau peut produire un sol de 10 \u00e0 12 litres de substrat de plantation.<\/li>\n<li>Versez de l&#8217;eau en exc\u00e8s apr\u00e8s le processus d&#8217;absorption.<\/li>\n<\/ul>\n<p><strong>Utiliser<\/strong><\/p>\n<ul>\n<li>Parfaitement adapt\u00e9 \u00e0 la culture des plantes et des semis, ou \u00e0 m\u00e9langer \u00e0 votre milieu de plantation.<\/li>\n<li>L&#8217;absence de moisissures et l&#8217;uniformit\u00e9 de l&#8217;humidit\u00e9 en font un lieu id\u00e9al pour les semis, la culture des herbes, des l\u00e9gumes, des plantes ornementales et exotiques.<\/li>\n<\/ul>\n<p><strong>Caract\u00e9ristiques<\/strong><\/p>\n<ul>\n<li>Produit 100% naturel, biod\u00e9gradable. Processus de d\u00e9composition en 5 ans. <\/li>\n<li>Minimise le choc de la transplantation des jeunes plants.<\/li>\n<li>Pas de probl\u00e8mes de mauvaises herbes<\/li>\n<li>Les briques de coco retiennent l&#8217;eau et la restituent aux plantes lorsqu&#8217;elles en ont besoin. Elle ramollit le sol et permet une bonne a\u00e9ration des racines, facilitant ainsi l&#8217;absorption des nutriments. Cela entra\u00eene un durcissement des tiges et des racines.  <\/li>\n<li>Comme il inhibe la croissance des moisissures, il convient parfaitement \u00e0 la culture de plantes exotiques, sans aucun suppl\u00e9ment.<\/li>\n<\/ul>\n","protected":false},"excerpt":{"rendered":"<div>\n<p class=\"ai-optimize-introduction ai-optimize-25\"><strong>Substrat de plantation et conditionneur de sol<\/strong><br \/>\nD\u00e9couvrez les avantages de la brique de coco, un substrat polyvalent, parfait pour un mode de jardinage \u00e9cologique. Coco Brick est un choix durable qui am\u00e9liore la vie des plantes. <\/p>\n<\/div>\n","protected":false},"featured_media":11742,"comment_status":"open","ping_status":"closed","template":"","meta":[],"product_brand":[],"product_cat":[134],"product_tag":[],"class_list":{"0":"post-5569","1":"product","2":"type-product","3":"status-publish","4":"has-post-thumbnail","6":"product_cat-produits-a-base-de-coco","7":"product_shipping_class-0-6kg-fr-2","8":"pa_packing-5-kg-70-litres-fr","9":"pa_packing-650-g-11-litres-fr","11":"first","12":"instock","13":"sale","14":"featured","15":"shipping-taxable","16":"purchasable","17":"product-type-variable"},"yoast_head":"<!-- This site is optimized with the Yoast SEO Premium plugin v27.1 (Yoast SEO v27.2) - https:\/\/yoast.com\/product\/yoast-seo-premium-wordpress\/ -->\n<title>Coco Brick : Substrat de plantation l\u00e9ger pour le jardinage urbain - NatureNeem e-Shop<\/title>\n<meta name=\"description\" content=\"Transformez votre jardinage avec Coco Brick, un substrat compress\u00e9 qui cr\u00e9e 12 litres de milieu de plantation ! Parfait pour le jardinage urbain. \ud83c\udf31\" \/>\n<meta name=\"robots\" content=\"index, follow, max-snippet:-1, max-image-preview:large, max-video-preview:-1\" \/>\n<link rel=\"canonical\" href=\"https:\/\/shop.natureneem.com\/fr\/e-shop\/coco-brick\/\" \/>\n<meta property=\"og:locale\" content=\"fr_FR\" \/>\n<meta property=\"og:type\" content=\"article\" \/>\n<meta property=\"og:title\" content=\"CocoBrick\" \/>\n<meta property=\"og:description\" content=\"Transformez votre jardinage avec Coco Brick, un substrat compress\u00e9 qui cr\u00e9e 12 litres de milieu de plantation ! Parfait pour le jardinage urbain. \ud83c\udf31\" \/>\n<meta property=\"og:url\" content=\"https:\/\/shop.natureneem.com\/fr\/e-shop\/coco-brick\/\" \/>\n<meta property=\"og:site_name\" content=\"NatureNeem e-Shop\" \/>\n<meta property=\"article:publisher\" content=\"https:\/\/www.facebook.com\/natureneemindia\/\" \/>\n<meta property=\"article:modified_time\" content=\"2026-04-02T13:20:16+00:00\" \/>\n<meta property=\"og:image\" content=\"https:\/\/shop.natureneem.com\/wp-content\/uploads\/2021\/05\/2025-05-26-NN_COCO-BRICK-WEB-01-11.jpg\" \/>\n\t<meta property=\"og:image:width\" content=\"2400\" \/>\n\t<meta property=\"og:image:height\" content=\"2400\" \/>\n\t<meta property=\"og:image:type\" content=\"image\/jpeg\" \/>\n<meta name=\"twitter:card\" content=\"summary_large_image\" \/>\n<meta name=\"twitter:site\" content=\"@natureneem\" \/>\n<meta name=\"twitter:label1\" content=\"Disponibilit\u00e9\" \/>\n\t<meta name=\"twitter:data1\" content=\"En stock\" \/>\n<script type=\"application\/ld+json\" class=\"yoast-schema-graph\">{\"@context\":\"https:\/\/schema.org\",\"@graph\":[{\"@type\":\"WebPage\",\"@id\":\"https:\/\/shop.natureneem.com\/fr\/e-shop\/coco-brick\/\",\"url\":\"https:\/\/shop.natureneem.com\/fr\/e-shop\/coco-brick\/\",\"name\":\"Coco Brick : Substrat de plantation l\u00e9ger pour le jardinage urbain - NatureNeem e-Shop\",\"isPartOf\":{\"@id\":\"https:\/\/shop.natureneem.com\/fr\/#website\"},\"primaryImageOfPage\":{\"@id\":\"https:\/\/shop.natureneem.com\/fr\/e-shop\/coco-brick\/#primaryimage\"},\"image\":{\"@id\":\"https:\/\/shop.natureneem.com\/fr\/e-shop\/coco-brick\/#primaryimage\"},\"thumbnailUrl\":\"https:\/\/shop.natureneem.com\/wp-content\/uploads\/2021\/05\/2025-05-26-NN_COCO-BRICK-WEB-01-11.jpg\",\"datePublished\":\"2021-05-07T09:11:23+00:00\",\"dateModified\":\"2026-04-02T13:20:16+00:00\",\"description\":\"Transformez votre jardinage avec Coco Brick, un substrat compress\u00e9 qui cr\u00e9e 12 litres de milieu de plantation ! Parfait pour le jardinage urbain. \ud83c\udf31\",\"breadcrumb\":{\"@id\":\"https:\/\/shop.natureneem.com\/fr\/e-shop\/coco-brick\/#breadcrumb\"},\"inLanguage\":\"fr-FR\",\"potentialAction\":[{\"@type\":\"ReadAction\",\"target\":[\"https:\/\/shop.natureneem.com\/fr\/e-shop\/coco-brick\/\"]}]},{\"@type\":\"ImageObject\",\"inLanguage\":\"fr-FR\",\"@id\":\"https:\/\/shop.natureneem.com\/fr\/e-shop\/coco-brick\/#primaryimage\",\"url\":\"https:\/\/shop.natureneem.com\/wp-content\/uploads\/2021\/05\/2025-05-26-NN_COCO-BRICK-WEB-01-11.jpg\",\"contentUrl\":\"https:\/\/shop.natureneem.com\/wp-content\/uploads\/2021\/05\/2025-05-26-NN_COCO-BRICK-WEB-01-11.jpg\",\"width\":2400,\"height\":2400,\"caption\":\"Blocs de moelle de coco\"},{\"@type\":\"BreadcrumbList\",\"@id\":\"https:\/\/shop.natureneem.com\/fr\/e-shop\/coco-brick\/#breadcrumb\",\"itemListElement\":[{\"@type\":\"ListItem\",\"position\":1,\"name\":\"Home\",\"item\":\"https:\/\/shop.natureneem.com\/fr\/accueil\/\"},{\"@type\":\"ListItem\",\"position\":2,\"name\":\"e-Shop\",\"item\":\"https:\/\/shop.natureneem.com\/fr\/e-shop\/\"},{\"@type\":\"ListItem\",\"position\":3,\"name\":\"CocoBrick\"}]},{\"@type\":\"WebSite\",\"@id\":\"https:\/\/shop.natureneem.com\/fr\/#website\",\"url\":\"https:\/\/shop.natureneem.com\/fr\/\",\"name\":\"NatureNeem e-Shop\",\"description\":\"Official Shop from Nature Neem\",\"publisher\":{\"@id\":\"https:\/\/shop.natureneem.com\/fr\/#organization\"},\"alternateName\":\"Nature Neem\",\"potentialAction\":[{\"@type\":\"SearchAction\",\"target\":{\"@type\":\"EntryPoint\",\"urlTemplate\":\"https:\/\/shop.natureneem.com\/fr\/?s={search_term_string}\"},\"query-input\":{\"@type\":\"PropertyValueSpecification\",\"valueRequired\":true,\"valueName\":\"search_term_string\"}}],\"inLanguage\":\"fr-FR\"},{\"@type\":\"Organization\",\"@id\":\"https:\/\/shop.natureneem.com\/fr\/#organization\",\"name\":\"Nature Neem\",\"alternateName\":\"Lorsun SAS\",\"url\":\"https:\/\/shop.natureneem.com\/fr\/\",\"logo\":{\"@type\":\"ImageObject\",\"inLanguage\":\"fr-FR\",\"@id\":\"https:\/\/shop.natureneem.com\/fr\/#\/schema\/logo\/image\/\",\"url\":\"https:\/\/shop.natureneem.com\/wp-content\/uploads\/2024\/09\/nn-logo-symbole-2024-01.svg\",\"contentUrl\":\"https:\/\/shop.natureneem.com\/wp-content\/uploads\/2024\/09\/nn-logo-symbole-2024-01.svg\",\"width\":1,\"height\":1,\"caption\":\"Nature Neem\"},\"image\":{\"@id\":\"https:\/\/shop.natureneem.com\/fr\/#\/schema\/logo\/image\/\"},\"sameAs\":[\"https:\/\/www.facebook.com\/natureneemindia\/\",\"https:\/\/x.com\/natureneem\",\"https:\/\/www.youtube.com\/user\/natureneem\",\"https:\/\/www.linkedin.com\/company\/natureneem\"],\"description\":\"Nous sommes engag\u00e9s dans le d\u00e9veloppement et la commercialisation de solutions \u00e9cologiques. Nous continuons \u00e0 inventer ces solutions alternatives naturelles qui peuvent remplacer efficacement les produits chimiques de synth\u00e8se qui nuisent \u00e0 notre environnement. Notre \u00e9quipe est particuli\u00e8rement comp\u00e9tente pour proposer des intrants agricoles biologiques. Nous agissons \u00e9galement en tant qu'association de personnes partageant les m\u00eames id\u00e9es et qui croient que la nature est la solution \u00e0 tous les probl\u00e8mes environnementaux rencontr\u00e9s par les \u00eatres humains.   \",\"email\":\"info@natureneem.com\",\"telephone\":\"+91 77084 00899\",\"legalName\":\"NATURE NEEM PRODUCTS\",\"vatID\":\"FR08891657884\",\"numberOfEmployees\":{\"@type\":\"QuantitativeValue\",\"minValue\":\"51\",\"maxValue\":\"200\"},\"publishingPrinciples\":\"https:\/\/shop.natureneem.com\/\",\"actionableFeedbackPolicy\":\"https:\/\/shop.natureneem.com\/return-and-refund-policy\/\",\"hasMerchantReturnPolicy\":{\"@type\":\"MerchantReturnPolicy\",\"merchantReturnLink\":\"https:\/\/shop.natureneem.com\/return-and-refund-policy\/\"}}]}<\/script>\n<meta property=\"og:availability\" content=\"instock\" \/>\n<meta property=\"product:availability\" content=\"instock\" \/>\n<meta property=\"product:retailer_item_id\" content=\"NN-GP-CB\" \/>\n<meta property=\"product:condition\" content=\"new\" \/>\n<!-- \/ Yoast SEO Premium plugin. -->","yoast_head_json":{"title":"Coco Brick : Substrat de plantation l\u00e9ger pour le jardinage urbain - NatureNeem e-Shop","description":"Transformez votre jardinage avec Coco Brick, un substrat compress\u00e9 qui cr\u00e9e 12 litres de milieu de plantation ! Parfait pour le jardinage urbain. \ud83c\udf31","robots":{"index":"index","follow":"follow","max-snippet":"max-snippet:-1","max-image-preview":"max-image-preview:large","max-video-preview":"max-video-preview:-1"},"canonical":"https:\/\/shop.natureneem.com\/fr\/e-shop\/coco-brick\/","og_locale":"fr_FR","og_type":"article","og_title":"CocoBrick","og_description":"Transformez votre jardinage avec Coco Brick, un substrat compress\u00e9 qui cr\u00e9e 12 litres de milieu de plantation ! Parfait pour le jardinage urbain. \ud83c\udf31","og_url":"https:\/\/shop.natureneem.com\/fr\/e-shop\/coco-brick\/","og_site_name":"NatureNeem e-Shop","article_publisher":"https:\/\/www.facebook.com\/natureneemindia\/","article_modified_time":"2026-04-02T13:20:16+00:00","og_image":[{"width":2400,"height":2400,"url":"https:\/\/shop.natureneem.com\/wp-content\/uploads\/2021\/05\/2025-05-26-NN_COCO-BRICK-WEB-01-11.jpg","type":"image\/jpeg"}],"twitter_card":"summary_large_image","twitter_site":"@natureneem","twitter_misc":{"Disponibilit\u00e9":"En stock"},"schema":{"@context":"https:\/\/schema.org","@graph":[{"@type":"WebPage","@id":"https:\/\/shop.natureneem.com\/fr\/e-shop\/coco-brick\/","url":"https:\/\/shop.natureneem.com\/fr\/e-shop\/coco-brick\/","name":"Coco Brick : Substrat de plantation l\u00e9ger pour le jardinage urbain - NatureNeem e-Shop","isPartOf":{"@id":"https:\/\/shop.natureneem.com\/fr\/#website"},"primaryImageOfPage":{"@id":"https:\/\/shop.natureneem.com\/fr\/e-shop\/coco-brick\/#primaryimage"},"image":{"@id":"https:\/\/shop.natureneem.com\/fr\/e-shop\/coco-brick\/#primaryimage"},"thumbnailUrl":"https:\/\/shop.natureneem.com\/wp-content\/uploads\/2021\/05\/2025-05-26-NN_COCO-BRICK-WEB-01-11.jpg","datePublished":"2021-05-07T09:11:23+00:00","dateModified":"2026-04-02T13:20:16+00:00","description":"Transformez votre jardinage avec Coco Brick, un substrat compress\u00e9 qui cr\u00e9e 12 litres de milieu de plantation ! Parfait pour le jardinage urbain. \ud83c\udf31","breadcrumb":{"@id":"https:\/\/shop.natureneem.com\/fr\/e-shop\/coco-brick\/#breadcrumb"},"inLanguage":"fr-FR","potentialAction":[{"@type":"ReadAction","target":["https:\/\/shop.natureneem.com\/fr\/e-shop\/coco-brick\/"]}]},{"@type":"ImageObject","inLanguage":"fr-FR","@id":"https:\/\/shop.natureneem.com\/fr\/e-shop\/coco-brick\/#primaryimage","url":"https:\/\/shop.natureneem.com\/wp-content\/uploads\/2021\/05\/2025-05-26-NN_COCO-BRICK-WEB-01-11.jpg","contentUrl":"https:\/\/shop.natureneem.com\/wp-content\/uploads\/2021\/05\/2025-05-26-NN_COCO-BRICK-WEB-01-11.jpg","width":2400,"height":2400,"caption":"Blocs de moelle de coco"},{"@type":"BreadcrumbList","@id":"https:\/\/shop.natureneem.com\/fr\/e-shop\/coco-brick\/#breadcrumb","itemListElement":[{"@type":"ListItem","position":1,"name":"Home","item":"https:\/\/shop.natureneem.com\/fr\/accueil\/"},{"@type":"ListItem","position":2,"name":"e-Shop","item":"https:\/\/shop.natureneem.com\/fr\/e-shop\/"},{"@type":"ListItem","position":3,"name":"CocoBrick"}]},{"@type":"WebSite","@id":"https:\/\/shop.natureneem.com\/fr\/#website","url":"https:\/\/shop.natureneem.com\/fr\/","name":"NatureNeem e-Shop","description":"Official Shop from Nature Neem","publisher":{"@id":"https:\/\/shop.natureneem.com\/fr\/#organization"},"alternateName":"Nature Neem","potentialAction":[{"@type":"SearchAction","target":{"@type":"EntryPoint","urlTemplate":"https:\/\/shop.natureneem.com\/fr\/?s={search_term_string}"},"query-input":{"@type":"PropertyValueSpecification","valueRequired":true,"valueName":"search_term_string"}}],"inLanguage":"fr-FR"},{"@type":"Organization","@id":"https:\/\/shop.natureneem.com\/fr\/#organization","name":"Nature Neem","alternateName":"Lorsun SAS","url":"https:\/\/shop.natureneem.com\/fr\/","logo":{"@type":"ImageObject","inLanguage":"fr-FR","@id":"https:\/\/shop.natureneem.com\/fr\/#\/schema\/logo\/image\/","url":"https:\/\/shop.natureneem.com\/wp-content\/uploads\/2024\/09\/nn-logo-symbole-2024-01.svg","contentUrl":"https:\/\/shop.natureneem.com\/wp-content\/uploads\/2024\/09\/nn-logo-symbole-2024-01.svg","width":1,"height":1,"caption":"Nature Neem"},"image":{"@id":"https:\/\/shop.natureneem.com\/fr\/#\/schema\/logo\/image\/"},"sameAs":["https:\/\/www.facebook.com\/natureneemindia\/","https:\/\/x.com\/natureneem","https:\/\/www.youtube.com\/user\/natureneem","https:\/\/www.linkedin.com\/company\/natureneem"],"description":"Nous sommes engag\u00e9s dans le d\u00e9veloppement et la commercialisation de solutions \u00e9cologiques. Nous continuons \u00e0 inventer ces solutions alternatives naturelles qui peuvent remplacer efficacement les produits chimiques de synth\u00e8se qui nuisent \u00e0 notre environnement. Notre \u00e9quipe est particuli\u00e8rement comp\u00e9tente pour proposer des intrants agricoles biologiques. Nous agissons \u00e9galement en tant qu'association de personnes partageant les m\u00eames id\u00e9es et qui croient que la nature est la solution \u00e0 tous les probl\u00e8mes environnementaux rencontr\u00e9s par les \u00eatres humains.   ","email":"info@natureneem.com","telephone":"+91 77084 00899","legalName":"NATURE NEEM PRODUCTS","vatID":"FR08891657884","numberOfEmployees":{"@type":"QuantitativeValue","minValue":"51","maxValue":"200"},"publishingPrinciples":"https:\/\/shop.natureneem.com\/","actionableFeedbackPolicy":"https:\/\/shop.natureneem.com\/return-and-refund-policy\/","hasMerchantReturnPolicy":{"@type":"MerchantReturnPolicy","merchantReturnLink":"https:\/\/shop.natureneem.com\/return-and-refund-policy\/"}}]},"og_availability":"instock","product_availability":"instock","product_retailer_item_id":"NN-GP-CB","product_condition":"new"},"_links":{"self":[{"href":"https:\/\/shop.natureneem.com\/fr\/wp-json\/wp\/v2\/product\/5569","targetHints":{"allow":["GET"]}}],"collection":[{"href":"https:\/\/shop.natureneem.com\/fr\/wp-json\/wp\/v2\/product"}],"about":[{"href":"https:\/\/shop.natureneem.com\/fr\/wp-json\/wp\/v2\/types\/product"}],"replies":[{"embeddable":true,"href":"https:\/\/shop.natureneem.com\/fr\/wp-json\/wp\/v2\/comments?post=5569"}],"wp:featuredmedia":[{"embeddable":true,"href":"https:\/\/shop.natureneem.com\/fr\/wp-json\/wp\/v2\/media\/11742"}],"wp:attachment":[{"href":"https:\/\/shop.natureneem.com\/fr\/wp-json\/wp\/v2\/media?parent=5569"}],"wp:term":[{"taxonomy":"product_brand","embeddable":true,"href":"https:\/\/shop.natureneem.com\/fr\/wp-json\/wp\/v2\/product_brand?post=5569"},{"taxonomy":"product_cat","embeddable":true,"href":"https:\/\/shop.natureneem.com\/fr\/wp-json\/wp\/v2\/product_cat?post=5569"},{"taxonomy":"product_tag","embeddable":true,"href":"https:\/\/shop.natureneem.com\/fr\/wp-json\/wp\/v2\/product_tag?post=5569"}],"curies":[{"name":"wp","href":"https:\/\/api.w.org\/{rel}","templated":true}]}}