{"id":5607,"date":"2019-07-06T19:00:23","date_gmt":"2019-07-06T17:00:23","guid":{"rendered":"https:\/\/shop.natureneem.com\/e-shop\/totalcare\/"},"modified":"2026-04-24T12:19:56","modified_gmt":"2026-04-24T10:19:56","slug":"totalcare","status":"publish","type":"product","link":"https:\/\/shop.natureneem.com\/fr\/e-shop\/totalcare\/","title":{"rendered":"TotalCare"},"content":{"rendered":"<h3><strong>TotalCare,  <\/strong><strong>L&#8217;huile de neem pour les plantes est soluble dans l&#8217;eau. Il suffit de la diluer dans l&#8217;eau et de la pulv\u00e9riser.   <\/strong><\/h3>\n<p>TotalCare est le meilleur pesticide botanique pour l&#8217;agriculture et les jardins biologiques. Obtenu par \u00e9mulsification de l&#8217;huile pure de neem press\u00e9e \u00e0 froid \u00e0 partir des graines de neem de la saison en cours, il garantit l&#8217;efficacit\u00e9 du neem. Le choix et le dosage des \u00e9mulsifiants ont \u00e9t\u00e9 optimis\u00e9s au cours de longues ann\u00e9es de recherche pour pr\u00e9server les ingr\u00e9dients magiques du neem. Il est sup\u00e9rieur aux autres solutions biologiques en raison de son application plus large et de son influence sur 200 esp\u00e8ces de ravageurs. Il est important de noter que certaines d&#8217;entre elles sont d\u00e9j\u00e0 r\u00e9sistantes ou intrins\u00e8quement difficiles \u00e0 contr\u00f4ler avec des pesticides conventionnels.     Huile de neem soluble dans l&#8217;eau pour les plantes pesticides dans l&#8217;agriculture et les jardins biologiques.<\/p>\n<h3><strong>Le meilleur pesticide botanique pour les jardins biologiques. Huile de neem soluble dans l&#8217;eau pour les plantes. <\/strong><\/h3>\n<h3 style=\"padding-left: 40px;\"><strong>Dosage :  <\/strong><\/h3>\n<p style=\"padding-left: 40px;\"><strong>5-15 ml par litre d&#8217;eau en fonction de l&#8217;infestation et du volume d&#8217;eau utilis\u00e9 pour la pulv\u00e9risation.<\/strong><\/p>\n<p style=\"padding-left: 80px;\"><strong>Exemples :<\/strong><\/p>\n<ul>\n<li style=\"list-style-type: none;\">\n<ul>\n<li><strong>Pour les arbres fruitiers et les buissons<\/strong> qui ont besoin de plus d&#8217;eau pour se couvrir, 2 \u00e0 5 ml par litre d&#8217;eau suffisent.<\/li>\n<li><strong>Pour les jardins potagers ou les plantes de jardin<\/strong> o\u00f9 les pulv\u00e9risations manuelles sont g\u00e9n\u00e9ralement utilis\u00e9es, en fonction de l&#8217;incidence des parasites, m\u00e9langez 5 \u00e0 10 ml de TotalCare par litre d&#8217;eau.<\/li>\n<li><strong>Pour les pulv\u00e9risateurs modernes<\/strong> utilis\u00e9s dans les cultures de plein champ qui n\u00e9cessitent moins d&#8217;eau pour couvrir, m\u00e9langez 30-50 ml par litre d&#8217;eau.<br \/>\n<a href=\"https:\/\/natureneem.com\/en\/products\/totalcare#applications\" target=\"_blank\" rel=\"noopener\">D\u00e9tails inform\u00e9s sur le dosage de TotalCare<\/a>.<\/li>\n<\/ul>\n<\/li>\n<\/ul>\n<div class=\"uk-grid-match uk-child-width-expand@s\" uk-grid=\"\">\n<div>\n<div class=\"uk-card uk-card-primary uk-card-body\">\n<h3 class=\"uk-card-title\">Organique, non toxique et biod\u00e9gradable<\/h3>\n<p>TotalCare est non toxique pour les mammif\u00e8res, les animaux, les oiseaux et la vie aquatique. Aucune toxicit\u00e9 r\u00e9siduelle n&#8217;est transmise au produit r\u00e9colt\u00e9. Il n&#8217;y a pas de p\u00e9riode d&#8217;attente et vous pouvez l&#8217;appliquer \u00e0 n&#8217;importe quel stade de la plante. Il convient parfaitement aux serres et aux jardins potagers. Il est \u00e9galement largement utilis\u00e9 dans la floriculture et l&#8217;horticulture, ainsi que pour les cultures de plein champ n\u00e9cessitant une certification biologique.    <\/p>\n<p><a class=\"uk-button uk-button-small uk-button-secondary\" href=\"https:\/\/shop.natureneem.com\/download\/694\/certifications\/10698\/issued-eu-attestation-nature-neem-2023\">  Attestation UE d\u00e9livr\u00e9e &#8211; Nature Neem-2023<\/a><\/p>\n<p><a class=\"uk-button uk-button-small uk-button-secondary\" href=\"https:\/\/shop.natureneem.com\/download\/694\/certifications\/10699\/issued-jas-attestation-nature-neem-2023\">  Attestation JAS d\u00e9livr\u00e9e &#8211; Nature Neem-2023<\/a><\/p>\n<p><a class=\"uk-button uk-button-small uk-button-secondary\" href=\"https:\/\/shop.natureneem.com\/download\/694\/certifications\/10700\/issued-nop-attestation-nature-neem-2023\">  Attestation NOP d\u00e9livr\u00e9e &#8211; Nature Neem-2023<\/a><\/p>\n<\/div>\n<\/div>\n<div>\n<div class=\"uk-card uk-card-default uk-card-body uk-background-muted\">\n<h3 class=\"uk-card-title\">La puissance ayurv\u00e9dique de neem<\/h3>\n<p>Il constitue un rem\u00e8de naturel en am\u00e9liorant la sant\u00e9 g\u00e9n\u00e9rale de la plante et en augmentant sa r\u00e9sistance aux parasites et aux maladies. TotalCare est \u00e9galement une source organique de macro et micronutriments. Il contient pr\u00e8s de 200 oligo-\u00e9l\u00e9ments.  <\/p>\n<h3>Pourquoi TotalCare est-il sup\u00e9rieur aux autres huiles ? N&#8217;h\u00e9sitez pas \u00e0 comparer, vous serez surpris ! <\/h3>\n<p>Notre huile est obtenue par la premi\u00e8re pression \u00e0 froide en utilisant des amandes de neem int\u00e9rieures bien m\u00fbres en utilisant la m\u00e9thode traditionnelle de pression \u00e0 froid. Dans TotalCare, l&#8217;azadirachtine, l&#8217;ingr\u00e9dient principal, est d&#8217;environ 2700 ppm (0,27 %). Des lots typiques de certaines saisons ont montr\u00e9 des niveaux records de 3000 ppm d&#8217;azadirachtine. Toutefois, 90 % de l&#8217;huile de neem dite pure disponible sur le march\u00e9 europ\u00e9en n&#8217;est que de l&#8217;huile de neem r\u00e9siduelle provenant de l&#8217;industrie du neem et sa teneur en azadirachtine est d&#8217;environ 150 ppm.   <\/p>\n<\/div>\n<\/div>\n<\/div>\n<div class=\"uk-grid-match uk-child-width-expand@s uk-text-center\" uk-grid=\"\">\n<div>\n<div class=\"uk-card uk-card-default uk-card-body\">\n<h2 class=\"uk-card-title\">TotalCare est certifi\u00e9 biologique par Ecocert, conform\u00e9ment aux normes biologiques de l&#8217;UE, du NOP (USDA) et du JAP.<\/h2>\n<div><img loading=\"lazy\" decoding=\"async\" class=\"alignnone wp-image-391 size-medium\" title=\"Certifications des officiels de TotalCare par NatureNeem\" src=\"https:\/\/shop.natureneem.com\/wp-content\/uploads\/2023\/05\/nn_cert_facture-300x60.png\" alt=\"Les produits Nature Neem sont certifi\u00e9s par Ecocert SA F-32600, les normes de la Commission europ\u00e9enne, le National Organic Program (NOP - USDA) et la Soil Association Certification.\" width=\"300\" height=\"60\"><\/div>\n<\/div>\n<\/div>\n<div>\n<div class=\"uk-card uk-card-secondary uk-card-body\">\n<h2 class=\"uk-card-title\">Comment appliquer ce produit ?<\/h2>\n<p>Description compl\u00e8te, candidatures, FAQ et informations.<\/p>\n<div><a class=\"uk-button uk-button-primary\" href=\"https:\/\/natureneem.com\/en\/products\/totalcare\" target=\"_blank\" rel=\"noopener noreferrer\">CLIQUEZ ICI<\/a><\/div>\n<\/div>\n<\/div>\n<\/div>\n<h3>L&#8217;huile de neem soluble dans l&#8217;eau pour les plantes, en un mot, c&#8217;est TotalCare. En conclusion, il faut rappeler qu&#8217;elle est simple \u00e0 utiliser, efficace et non toxique. Il convient parfaitement \u00e0 votre potager, \u00e0 vos serres et \u00e0 vos fleurs.<br \/>\nTous les produits de Nature Neem India sont enti\u00e8rement bio. <b>De m\u00eame, essayez<\/b> <a href=\"https:\/\/shop.natureneem.com\/fr\/e-shop\/nutraza\/\">NutrAza<\/a> pour compl\u00e9ter les avantages de l&#8217;engrais au neem et <a href=\"https:\/\/shop.natureneem.com\/fr\/e-shop\/biocare\/\">BioCare<\/a> pour vos animaux.  <\/h3>\n","protected":false},"excerpt":{"rendered":"<h3 class=\"ai-optimize-20\">Huile de neem soluble dans l&#8217;eau pour plantes en spray<\/h3>\n<p><img loading=\"lazy\" decoding=\"async\" class=\"alignnone\" style=\"float: left;\" title=\"Symbole TotalCare de NatureNeem\" src=\"https:\/\/natureneem.com\/images\/logos\/nn_plant_care.svg\" alt=\"NatureNeem soins des plantes avec TotalCare\" width=\"160\" height=\"599\"><\/p>\n<p class=\"ai-optimize-21\"><strong>Le meilleur pesticide botanique pour les jardins biologiques.<br \/>\n<\/strong><strong>Huile de neem soluble dans l&#8217;eau pour plantes pesticides en agriculture et jardins biologiques<br \/>\nProduit naturel de qualit\u00e9 bio-certifi\u00e9 depuis 1990 par Nature Neem India<br \/>\nM\u00e9langer 5-10 ml par litre d&#8217;eau et pulv\u00e9riser. Non toxique pour les humains, les animaux, les oiseaux&#8230; <\/strong><\/p>\n","protected":false},"featured_media":11971,"comment_status":"open","ping_status":"closed","template":"","meta":[],"product_brand":[],"product_cat":[184],"product_tag":[],"class_list":{"0":"post-5607","1":"product","2":"type-product","3":"status-publish","4":"has-post-thumbnail","6":"product_cat-produits-a-base-de-neem","7":"pa_packing-1l-fr","8":"pa_packing-20l-fr","9":"pa_packing-250ml-fr","10":"pa_packing-5l-fr","11":"pa_packing-500ml-fr","13":"first","14":"instock","15":"shipping-taxable","16":"purchasable","17":"product-type-variable","18":"has-default-attributes"},"yoast_head":"<!-- This site is optimized with the Yoast SEO Premium plugin v27.1 (Yoast SEO v27.2) - https:\/\/yoast.com\/product\/yoast-seo-premium-wordpress\/ -->\n<title>Huile de Neem soluble dans l&#039;eau pour les plantes : Solution biologique de lutte contre les parasites<\/title>\n<meta name=\"description\" content=\"Prot\u00e9gez vos plantes avec le pouvoir de la nature ! TotalCare : Huile de neem soluble dans l&#039;eau pour les plantes, pesticide dans l&#039;agriculture et les jardins biologiques. Procurez-vous la v\u00f4tre d\u00e8s aujourd&#039;hui.\" \/>\n<meta name=\"robots\" content=\"index, follow, max-snippet:-1, max-image-preview:large, max-video-preview:-1\" \/>\n<link rel=\"canonical\" href=\"https:\/\/shop.natureneem.com\/fr\/e-shop\/totalcare\/\" \/>\n<meta property=\"og:locale\" content=\"fr_FR\" \/>\n<meta property=\"og:type\" content=\"article\" \/>\n<meta property=\"og:title\" content=\"L&#039;huile de neem pour les plantes de votre jardin\" \/>\n<meta property=\"og:description\" content=\"Vous voulez un pesticide sans danger pour vos plantes et l&#039;environnement ? Essayez TotalCare, la meilleure huile de neem pour les plantes. Prot\u00e9gez votre jardin naturellement ! \ud83c\udf31\" \/>\n<meta property=\"og:url\" content=\"https:\/\/shop.natureneem.com\/fr\/e-shop\/totalcare\/\" \/>\n<meta property=\"og:site_name\" content=\"NatureNeem e-Shop\" \/>\n<meta property=\"article:publisher\" content=\"https:\/\/www.facebook.com\/natureneemindia\/\" \/>\n<meta property=\"article:modified_time\" content=\"2026-04-24T10:19:56+00:00\" \/>\n<meta property=\"og:image\" content=\"https:\/\/shop.natureneem.com\/wp-content\/uploads\/nc\/images\/products\/totalcare\/nn_totalcare_en_champ_et_ecocert.jpg\" \/>\n<meta name=\"twitter:card\" content=\"summary_large_image\" \/>\n<meta name=\"twitter:title\" content=\"TotalCare : Huile de Neem pour les plantes - Lutte biologique contre les parasites dans les jardins\" \/>\n<meta name=\"twitter:description\" content=\"Prot\u00e9gez vos plantes de mani\u00e8re naturelle avec TotalCare, le meilleur pesticide botanique pour l&#039;agriculture et les jardins biologiques. S\u00fbr, efficace et respectueux de l&#039;environnement. \ud83c\udf3f #OrganicGardening\" \/>\n<meta name=\"twitter:site\" content=\"@natureneem\" \/>\n<meta name=\"twitter:label1\" content=\"Disponibilit\u00e9\" \/>\n\t<meta name=\"twitter:data1\" content=\"En stock\" \/>\n<script type=\"application\/ld+json\" class=\"yoast-schema-graph\">{\"@context\":\"https:\/\/schema.org\",\"@graph\":[{\"@type\":\"WebPage\",\"@id\":\"https:\/\/shop.natureneem.com\/fr\/e-shop\/totalcare\/\",\"url\":\"https:\/\/shop.natureneem.com\/fr\/e-shop\/totalcare\/\",\"name\":\"Huile de Neem soluble dans l'eau pour les plantes : Solution biologique de lutte contre les parasites\",\"isPartOf\":{\"@id\":\"https:\/\/shop.natureneem.com\/fr\/#website\"},\"primaryImageOfPage\":{\"@id\":\"https:\/\/shop.natureneem.com\/fr\/e-shop\/totalcare\/#primaryimage\"},\"image\":{\"@id\":\"https:\/\/shop.natureneem.com\/fr\/e-shop\/totalcare\/#primaryimage\"},\"thumbnailUrl\":\"https:\/\/shop.natureneem.com\/wp-content\/uploads\/2019\/07\/NN-TOTALCARE-2025_GROUP_01.jpg\",\"datePublished\":\"2019-07-06T17:00:23+00:00\",\"dateModified\":\"2026-04-24T10:19:56+00:00\",\"description\":\"Prot\u00e9gez vos plantes avec le pouvoir de la nature ! TotalCare : Huile de neem soluble dans l'eau pour les plantes, pesticide dans l'agriculture et les jardins biologiques. Procurez-vous la v\u00f4tre d\u00e8s aujourd'hui.\",\"breadcrumb\":{\"@id\":\"https:\/\/shop.natureneem.com\/fr\/e-shop\/totalcare\/#breadcrumb\"},\"inLanguage\":\"fr-FR\",\"potentialAction\":[{\"@type\":\"ReadAction\",\"target\":[\"https:\/\/shop.natureneem.com\/fr\/e-shop\/totalcare\/\"]}]},{\"@type\":\"ImageObject\",\"inLanguage\":\"fr-FR\",\"@id\":\"https:\/\/shop.natureneem.com\/fr\/e-shop\/totalcare\/#primaryimage\",\"url\":\"https:\/\/shop.natureneem.com\/wp-content\/uploads\/2019\/07\/NN-TOTALCARE-2025_GROUP_01.jpg\",\"contentUrl\":\"https:\/\/shop.natureneem.com\/wp-content\/uploads\/2019\/07\/NN-TOTALCARE-2025_GROUP_01.jpg\",\"width\":800,\"height\":800},{\"@type\":\"BreadcrumbList\",\"@id\":\"https:\/\/shop.natureneem.com\/fr\/e-shop\/totalcare\/#breadcrumb\",\"itemListElement\":[{\"@type\":\"ListItem\",\"position\":1,\"name\":\"Home\",\"item\":\"https:\/\/shop.natureneem.com\/fr\/accueil\/\"},{\"@type\":\"ListItem\",\"position\":2,\"name\":\"e-Shop\",\"item\":\"https:\/\/shop.natureneem.com\/fr\/e-shop\/\"},{\"@type\":\"ListItem\",\"position\":3,\"name\":\"TotalCare\"}]},{\"@type\":\"WebSite\",\"@id\":\"https:\/\/shop.natureneem.com\/fr\/#website\",\"url\":\"https:\/\/shop.natureneem.com\/fr\/\",\"name\":\"NatureNeem e-Shop\",\"description\":\"Official Shop from Nature Neem\",\"publisher\":{\"@id\":\"https:\/\/shop.natureneem.com\/fr\/#organization\"},\"alternateName\":\"Nature Neem\",\"potentialAction\":[{\"@type\":\"SearchAction\",\"target\":{\"@type\":\"EntryPoint\",\"urlTemplate\":\"https:\/\/shop.natureneem.com\/fr\/?s={search_term_string}\"},\"query-input\":{\"@type\":\"PropertyValueSpecification\",\"valueRequired\":true,\"valueName\":\"search_term_string\"}}],\"inLanguage\":\"fr-FR\"},{\"@type\":\"Organization\",\"@id\":\"https:\/\/shop.natureneem.com\/fr\/#organization\",\"name\":\"Nature Neem\",\"alternateName\":\"Lorsun SAS\",\"url\":\"https:\/\/shop.natureneem.com\/fr\/\",\"logo\":{\"@type\":\"ImageObject\",\"inLanguage\":\"fr-FR\",\"@id\":\"https:\/\/shop.natureneem.com\/fr\/#\/schema\/logo\/image\/\",\"url\":\"https:\/\/shop.natureneem.com\/wp-content\/uploads\/2024\/09\/nn-logo-symbole-2024-01.svg\",\"contentUrl\":\"https:\/\/shop.natureneem.com\/wp-content\/uploads\/2024\/09\/nn-logo-symbole-2024-01.svg\",\"width\":1,\"height\":1,\"caption\":\"Nature Neem\"},\"image\":{\"@id\":\"https:\/\/shop.natureneem.com\/fr\/#\/schema\/logo\/image\/\"},\"sameAs\":[\"https:\/\/www.facebook.com\/natureneemindia\/\",\"https:\/\/x.com\/natureneem\",\"https:\/\/www.youtube.com\/user\/natureneem\",\"https:\/\/www.linkedin.com\/company\/natureneem\"],\"description\":\"Nous sommes engag\u00e9s dans le d\u00e9veloppement et la commercialisation de solutions \u00e9cologiques. Nous continuons \u00e0 inventer ces solutions alternatives naturelles qui peuvent remplacer efficacement les produits chimiques de synth\u00e8se qui nuisent \u00e0 notre environnement. Notre \u00e9quipe est particuli\u00e8rement comp\u00e9tente pour proposer des intrants agricoles biologiques. Nous agissons \u00e9galement en tant qu'association de personnes partageant les m\u00eames id\u00e9es et qui croient que la nature est la solution \u00e0 tous les probl\u00e8mes environnementaux rencontr\u00e9s par les \u00eatres humains.   \",\"email\":\"info@natureneem.com\",\"telephone\":\"+91 77084 00899\",\"legalName\":\"NATURE NEEM PRODUCTS\",\"vatID\":\"FR08891657884\",\"numberOfEmployees\":{\"@type\":\"QuantitativeValue\",\"minValue\":\"51\",\"maxValue\":\"200\"},\"publishingPrinciples\":\"https:\/\/shop.natureneem.com\/\",\"actionableFeedbackPolicy\":\"https:\/\/shop.natureneem.com\/return-and-refund-policy\/\",\"hasMerchantReturnPolicy\":{\"@type\":\"MerchantReturnPolicy\",\"merchantReturnLink\":\"https:\/\/shop.natureneem.com\/return-and-refund-policy\/\"}}]}<\/script>\n<meta property=\"og:availability\" content=\"instock\" \/>\n<meta property=\"product:availability\" content=\"instock\" \/>\n<meta property=\"product:retailer_item_id\" content=\"TotalCare\" \/>\n<meta property=\"product:condition\" content=\"new\" \/>\n<!-- \/ Yoast SEO Premium plugin. -->","yoast_head_json":{"title":"Huile de Neem soluble dans l'eau pour les plantes : Solution biologique de lutte contre les parasites","description":"Prot\u00e9gez vos plantes avec le pouvoir de la nature ! TotalCare : Huile de neem soluble dans l'eau pour les plantes, pesticide dans l'agriculture et les jardins biologiques. Procurez-vous la v\u00f4tre d\u00e8s aujourd'hui.","robots":{"index":"index","follow":"follow","max-snippet":"max-snippet:-1","max-image-preview":"max-image-preview:large","max-video-preview":"max-video-preview:-1"},"canonical":"https:\/\/shop.natureneem.com\/fr\/e-shop\/totalcare\/","og_locale":"fr_FR","og_type":"article","og_title":"L'huile de neem pour les plantes de votre jardin","og_description":"Vous voulez un pesticide sans danger pour vos plantes et l'environnement ? Essayez TotalCare, la meilleure huile de neem pour les plantes. Prot\u00e9gez votre jardin naturellement ! \ud83c\udf31","og_url":"https:\/\/shop.natureneem.com\/fr\/e-shop\/totalcare\/","og_site_name":"NatureNeem e-Shop","article_publisher":"https:\/\/www.facebook.com\/natureneemindia\/","article_modified_time":"2026-04-24T10:19:56+00:00","og_image":[{"url":"https:\/\/shop.natureneem.com\/wp-content\/uploads\/nc\/images\/products\/totalcare\/nn_totalcare_en_champ_et_ecocert.jpg","type":"","width":"","height":""}],"twitter_card":"summary_large_image","twitter_title":"TotalCare : Huile de Neem pour les plantes - Lutte biologique contre les parasites dans les jardins","twitter_description":"Prot\u00e9gez vos plantes de mani\u00e8re naturelle avec TotalCare, le meilleur pesticide botanique pour l'agriculture et les jardins biologiques. S\u00fbr, efficace et respectueux de l'environnement. \ud83c\udf3f #OrganicGardening","twitter_site":"@natureneem","twitter_misc":{"Disponibilit\u00e9":"En stock"},"schema":{"@context":"https:\/\/schema.org","@graph":[{"@type":"WebPage","@id":"https:\/\/shop.natureneem.com\/fr\/e-shop\/totalcare\/","url":"https:\/\/shop.natureneem.com\/fr\/e-shop\/totalcare\/","name":"Huile de Neem soluble dans l'eau pour les plantes : Solution biologique de lutte contre les parasites","isPartOf":{"@id":"https:\/\/shop.natureneem.com\/fr\/#website"},"primaryImageOfPage":{"@id":"https:\/\/shop.natureneem.com\/fr\/e-shop\/totalcare\/#primaryimage"},"image":{"@id":"https:\/\/shop.natureneem.com\/fr\/e-shop\/totalcare\/#primaryimage"},"thumbnailUrl":"https:\/\/shop.natureneem.com\/wp-content\/uploads\/2019\/07\/NN-TOTALCARE-2025_GROUP_01.jpg","datePublished":"2019-07-06T17:00:23+00:00","dateModified":"2026-04-24T10:19:56+00:00","description":"Prot\u00e9gez vos plantes avec le pouvoir de la nature ! TotalCare : Huile de neem soluble dans l'eau pour les plantes, pesticide dans l'agriculture et les jardins biologiques. Procurez-vous la v\u00f4tre d\u00e8s aujourd'hui.","breadcrumb":{"@id":"https:\/\/shop.natureneem.com\/fr\/e-shop\/totalcare\/#breadcrumb"},"inLanguage":"fr-FR","potentialAction":[{"@type":"ReadAction","target":["https:\/\/shop.natureneem.com\/fr\/e-shop\/totalcare\/"]}]},{"@type":"ImageObject","inLanguage":"fr-FR","@id":"https:\/\/shop.natureneem.com\/fr\/e-shop\/totalcare\/#primaryimage","url":"https:\/\/shop.natureneem.com\/wp-content\/uploads\/2019\/07\/NN-TOTALCARE-2025_GROUP_01.jpg","contentUrl":"https:\/\/shop.natureneem.com\/wp-content\/uploads\/2019\/07\/NN-TOTALCARE-2025_GROUP_01.jpg","width":800,"height":800},{"@type":"BreadcrumbList","@id":"https:\/\/shop.natureneem.com\/fr\/e-shop\/totalcare\/#breadcrumb","itemListElement":[{"@type":"ListItem","position":1,"name":"Home","item":"https:\/\/shop.natureneem.com\/fr\/accueil\/"},{"@type":"ListItem","position":2,"name":"e-Shop","item":"https:\/\/shop.natureneem.com\/fr\/e-shop\/"},{"@type":"ListItem","position":3,"name":"TotalCare"}]},{"@type":"WebSite","@id":"https:\/\/shop.natureneem.com\/fr\/#website","url":"https:\/\/shop.natureneem.com\/fr\/","name":"NatureNeem e-Shop","description":"Official Shop from Nature Neem","publisher":{"@id":"https:\/\/shop.natureneem.com\/fr\/#organization"},"alternateName":"Nature Neem","potentialAction":[{"@type":"SearchAction","target":{"@type":"EntryPoint","urlTemplate":"https:\/\/shop.natureneem.com\/fr\/?s={search_term_string}"},"query-input":{"@type":"PropertyValueSpecification","valueRequired":true,"valueName":"search_term_string"}}],"inLanguage":"fr-FR"},{"@type":"Organization","@id":"https:\/\/shop.natureneem.com\/fr\/#organization","name":"Nature Neem","alternateName":"Lorsun SAS","url":"https:\/\/shop.natureneem.com\/fr\/","logo":{"@type":"ImageObject","inLanguage":"fr-FR","@id":"https:\/\/shop.natureneem.com\/fr\/#\/schema\/logo\/image\/","url":"https:\/\/shop.natureneem.com\/wp-content\/uploads\/2024\/09\/nn-logo-symbole-2024-01.svg","contentUrl":"https:\/\/shop.natureneem.com\/wp-content\/uploads\/2024\/09\/nn-logo-symbole-2024-01.svg","width":1,"height":1,"caption":"Nature Neem"},"image":{"@id":"https:\/\/shop.natureneem.com\/fr\/#\/schema\/logo\/image\/"},"sameAs":["https:\/\/www.facebook.com\/natureneemindia\/","https:\/\/x.com\/natureneem","https:\/\/www.youtube.com\/user\/natureneem","https:\/\/www.linkedin.com\/company\/natureneem"],"description":"Nous sommes engag\u00e9s dans le d\u00e9veloppement et la commercialisation de solutions \u00e9cologiques. Nous continuons \u00e0 inventer ces solutions alternatives naturelles qui peuvent remplacer efficacement les produits chimiques de synth\u00e8se qui nuisent \u00e0 notre environnement. Notre \u00e9quipe est particuli\u00e8rement comp\u00e9tente pour proposer des intrants agricoles biologiques. Nous agissons \u00e9galement en tant qu'association de personnes partageant les m\u00eames id\u00e9es et qui croient que la nature est la solution \u00e0 tous les probl\u00e8mes environnementaux rencontr\u00e9s par les \u00eatres humains.   ","email":"info@natureneem.com","telephone":"+91 77084 00899","legalName":"NATURE NEEM PRODUCTS","vatID":"FR08891657884","numberOfEmployees":{"@type":"QuantitativeValue","minValue":"51","maxValue":"200"},"publishingPrinciples":"https:\/\/shop.natureneem.com\/","actionableFeedbackPolicy":"https:\/\/shop.natureneem.com\/return-and-refund-policy\/","hasMerchantReturnPolicy":{"@type":"MerchantReturnPolicy","merchantReturnLink":"https:\/\/shop.natureneem.com\/return-and-refund-policy\/"}}]},"og_availability":"instock","product_availability":"instock","product_retailer_item_id":"TotalCare","product_condition":"new"},"_links":{"self":[{"href":"https:\/\/shop.natureneem.com\/fr\/wp-json\/wp\/v2\/product\/5607","targetHints":{"allow":["GET"]}}],"collection":[{"href":"https:\/\/shop.natureneem.com\/fr\/wp-json\/wp\/v2\/product"}],"about":[{"href":"https:\/\/shop.natureneem.com\/fr\/wp-json\/wp\/v2\/types\/product"}],"replies":[{"embeddable":true,"href":"https:\/\/shop.natureneem.com\/fr\/wp-json\/wp\/v2\/comments?post=5607"}],"wp:featuredmedia":[{"embeddable":true,"href":"https:\/\/shop.natureneem.com\/fr\/wp-json\/wp\/v2\/media\/11971"}],"wp:attachment":[{"href":"https:\/\/shop.natureneem.com\/fr\/wp-json\/wp\/v2\/media?parent=5607"}],"wp:term":[{"taxonomy":"product_brand","embeddable":true,"href":"https:\/\/shop.natureneem.com\/fr\/wp-json\/wp\/v2\/product_brand?post=5607"},{"taxonomy":"product_cat","embeddable":true,"href":"https:\/\/shop.natureneem.com\/fr\/wp-json\/wp\/v2\/product_cat?post=5607"},{"taxonomy":"product_tag","embeddable":true,"href":"https:\/\/shop.natureneem.com\/fr\/wp-json\/wp\/v2\/product_tag?post=5607"}],"curies":[{"name":"wp","href":"https:\/\/api.w.org\/{rel}","templated":true}]}}