{"id":5618,"date":"2019-07-06T18:49:41","date_gmt":"2019-07-06T16:49:41","guid":{"rendered":"https:\/\/shop.natureneem.com\/e-shop\/huile-de-margousier-pure\/"},"modified":"2026-04-05T10:53:12","modified_gmt":"2026-04-05T08:53:12","slug":"huile-de-margousier-pure","status":"publish","type":"product","link":"https:\/\/shop.natureneem.com\/fr\/e-shop\/huile-de-margousier-pure\/","title":{"rendered":"Huile de Neem Pure"},"content":{"rendered":"<p><strong>L&#8217;huile de neem pure est obtenue par pression \u00e0 froid de l&#8217;amande des graines de neem m\u00fbries et s\u00e9gr\u00e9gu\u00e9es de la meilleure qualit\u00e9.<\/strong><\/p>\n<p>Ces graines de neem sont obtenues par d\u00e9pulpage, lavage, s\u00e9chage et d\u00e9cortication des fruits de neem de la saison en cours. Notre huile de neem pure ne contient aucun stabilisateur, \u00e9mulsifiant ou additif et est certifi\u00e9e par Ecocert en tant qu&#8217;intrant biologique. <\/p>\n<p>Le Neem est une usine biochimique qui contient plusieurs milliers de compos\u00e9s organiques. Les m\u00e9dicaments utilisent chaque partie du margousier. L&#8217;huile de neem a des propri\u00e9t\u00e9s curatives et est largement utilis\u00e9e dans les syst\u00e8mes de m\u00e9decine traditionnelle depuis des si\u00e8cles. Apr\u00e8s de nombreuses recherches men\u00e9es par des organisations de premier plan, le neem est l&#8217;herbe m\u00e9dicinale la plus s\u00fbre et la plus efficace contre plusieurs maladies. L&#8217;Office of Special Nutritionals de la FDA tient \u00e0 jour une vaste base de donn\u00e9es sur les effets ind\u00e9sirables des m\u00e9dicaments \u00e0 base de plantes. Cette base de donn\u00e9es ne contient aucune r\u00e9f\u00e9rence au margousier qui indiquerait des probl\u00e8mes potentiels.     <\/p>\n<h3>Pourquoi notre huile de Neem pure est-elle sup\u00e9rieure aux autres huiles ? N&#8217;h\u00e9sitez pas \u00e0 comparer, vous serez surpris ! <\/h3>\n<p>En effet, l&#8217;azadirachtine, l&#8217;ingr\u00e9dient principal, contient environ 2500 ppm (0,25 %). Des lots typiques de certaines saisons ont montr\u00e9 des niveaux records de 3000 ppm d&#8217;azadirachtine.<br \/>\n<strong>Toutefois, la teneur en azadirachtine des produits bon march\u00e9 disponibles sur le march\u00e9 ne d\u00e9passe pas 300 ppm.<\/strong><\/p>\n<p>&nbsp;<\/p>\n<div class=\"uk-grid-match uk-child-width-expand@s\" uk-grid=\"\">\n<div>\n<div class=\"uk-card uk-card-primary uk-card-body\">\n<h3 class=\"uk-card-title\">Pour la m\u00e9decine ayurv\u00e9dique<\/h3>\n<p><strong>Soins de la peau<\/strong> C&#8217;est un m\u00e9dicament naturel pour la gu\u00e9rison des troubles cutan\u00e9s topiques tels que l&#8217;ecz\u00e9ma. A l&#8217;\u00e9poque, c&#8217;\u00e9tait aussi le cas pour les \u00e9ruptions cutan\u00e9es, en particulier pour l&#8217;acn\u00e9. Encore plus pour la dermatite, identiquement les probl\u00e8mes de peau s\u00e8che, cependant, les br\u00fblures. Vous trouverez toujours des avantages \u00e0 l&#8217;huile de neem pure.   <\/p>\n<p><strong>Contre les poux<\/strong> Juste avant le bain, massez l&#8217;huile de Neem directement ou m\u00e9langez-la avec 50 % d&#8217;apr\u00e8s-shampoing sur le cuir chevelu et les cheveux.<\/p>\n<\/div>\n<\/div>\n<div>\n<div class=\"uk-card uk-card-default uk-card-body uk-background-muted\">\n<h3 class=\"uk-card-title\">Un insecticide biologique pour les plantes et les animaux<\/h3>\n<p>Pour une utilisation en tant qu&#8217;insecticide biologique, en particulier pour la pulv\u00e9risation, nous proposons 2 produits hydrosolubles <strong><a class=\"uk-button-link\" href=\"https:\/\/shop.natureneem.com\/e-shop\/totalcare-water-soluble-neem-oil\/\">TotalCare<\/a> <\/strong>formulation d&#8217;huile de neem optimis\u00e9e plut\u00f4t pour la pulv\u00e9risation sur les plantes et dans un autre cas <strong><a class=\"uk-button-link\" href=\"https:\/\/shop.natureneem.com\/fr\/e-shop\/biocare\/\">BioCare <\/a><\/strong>formulation d&#8217;huile de neem pour les ectoparasites lorsque, par exemple, ils affectent les animaux.<\/p>\n<\/div>\n<\/div>\n<\/div>\n<div class=\"uk-grid-match uk-child-width-expand@s uk-text-center\" uk-grid=\"\">\n<div>\n<div class=\"uk-card uk-card-default uk-card-body\">\n<h2 class=\"uk-card-title\">L&#8217;huile de margousier pure est certifi\u00e9e par Ecocert selon les normes NOP, EU et JAP.<\/h2>\n<div><img loading=\"lazy\" decoding=\"async\" class=\"alignnone wp-image-391 size-medium\" src=\"https:\/\/shop.natureneem.com\/wp-content\/uploads\/2023\/05\/nn_cert_facture-300x60.png\" alt=\"Les produits Nature Neem sont certifi\u00e9s par Ecocert SA F-32600, les normes de la Commission europ\u00e9enne, le National Organic Program (NOP - USDA) et la Soil Association Certification.\" width=\"300\" height=\"60\"><\/div>\n<\/div>\n<\/div>\n<div>\n<div class=\"uk-card uk-card-secondary uk-card-body\">\n<h2 class=\"uk-card-title\">Comment appliquer ce produit ?<\/h2>\n<p>Description compl\u00e8te, candidatures, FAQ et informations.<\/p>\n<div><a class=\"uk-button uk-button-primary\" href=\"https:\/\/natureneem.com\/en\/products\/pure-neem-oil\" target=\"_blank\" rel=\"noopener noreferrer\">CLIQUEZ ICI<\/a><\/div>\n<\/div>\n<\/div>\n<\/div>\n<h3>L&#8217;huile de neem pure est produite par Nature Neem dans le Tamil Nadu, en Inde.<br \/>\nTous les produits de Nature Neem India sont enti\u00e8rement bio. <b>De m\u00eame, essayez<\/b> <a href=\"https:\/\/shop.natureneem.com\/fr\/e-shop\/nutraza\/\">NutrAza<\/a> pour compl\u00e9ter les avantages de l&#8217;engrais \u00e0 base de neem, et <a href=\"https:\/\/shop.natureneem.com\/fr\/e-shop\/biocare\/\">BioCare<\/a> sp\u00e9cifiquement pour vos animaux.<\/h3>\n","protected":false},"excerpt":{"rendered":"<div>\n<p><img decoding=\"async\" style=\"float: left;\" src=\"https:\/\/natureneem.com\/images\/logos\/nn_pure_oil.svg\" alt=\"NatureNeem Huile de margousier pure\" width=\"100\">  Pressage \u00e0 froid de l&#8217;amande des graines de neem de bonne qualit\u00e9, s\u00e9gr\u00e9gu\u00e9es et m\u00fbries.<\/p>\n<p><strong>Comment appliquer ce produit ?<\/strong><\/p>\n<div><a class=\"uk-button uk-button-small uk-button-primary\" href=\"https:\/\/natureneem.com\/en\/products\/pure-neem-oil#applications\" target=\"_blank\" rel=\"noopener noreferrer\">CLIQUEZ ICI<\/a><\/div>\n<div><\/div>\n<\/div>\n","protected":false},"featured_media":5299,"comment_status":"open","ping_status":"closed","template":"","meta":[],"product_brand":[],"product_cat":[184],"product_tag":[],"class_list":{"0":"post-5618","1":"product","2":"type-product","3":"status-publish","4":"has-post-thumbnail","6":"product_cat-produits-a-base-de-neem","7":"pa_packing-1l-fr","8":"pa_packing-20l-fr","9":"pa_packing-250ml-fr","10":"pa_packing-5l-fr","11":"pa_packing-500ml-fr","13":"first","14":"instock","15":"shipping-taxable","16":"purchasable","17":"product-type-variable","18":"has-default-attributes"},"yoast_head":"<!-- This site is optimized with the Yoast SEO Premium plugin v27.1 (Yoast SEO v27.2) - https:\/\/yoast.com\/product\/yoast-seo-premium-wordpress\/ -->\n<title>Huile de neem pure certifi\u00e9e biologique : Sans additifs ni stabilisateurs NatureNeem e-Shop<\/title>\n<meta name=\"description\" content=\"D\u00e9couvrez la puissance de l&#039;huile de neem pure, extraite des graines de neem de la meilleure qualit\u00e9. 100% biologique et sans additifs. Procurez-vous le v\u00f4tre d\u00e8s maintenant !\" \/>\n<meta name=\"robots\" content=\"index, follow, max-snippet:-1, max-image-preview:large, max-video-preview:-1\" \/>\n<link rel=\"canonical\" href=\"https:\/\/shop.natureneem.com\/fr\/e-shop\/huile-de-margousier-pure\/\" \/>\n<meta property=\"og:locale\" content=\"fr_FR\" \/>\n<meta property=\"og:type\" content=\"article\" \/>\n<meta property=\"og:title\" content=\"Ces graines de neem sont obtenues par d\u00e9pulpage, lavage, s\u00e9chage et d\u00e9cortication des fruits de neem de la saison en cours. Notre huile de neem pure est sans aucun stabilisateur, \u00e9mulsifiant ou additif et est certifi\u00e9e par Ecocert en tant qu&#039;intrant biologique. Le neem est une usine biochimique qui contient plusieurs milliers de compos\u00e9s organiques. Les m\u00e9dicaments utilisent chaque partie du neem. L&#039;huile de neem a des propri\u00e9t\u00e9s curatives et est largement utilis\u00e9e dans les syst\u00e8mes de m\u00e9decine traditionnelle depuis des si\u00e8cles. Apr\u00e8s de nombreuses recherches men\u00e9es par des organisations de premier plan, le neem est l&#039;herbe m\u00e9dicinale la plus s\u00fbre et la plus efficace contre plusieurs maladies. L&#039;Office of Special Nutritionals de la FDA tient \u00e0 jour une vaste base de donn\u00e9es sur les effets ind\u00e9sirables des m\u00e9dicaments \u00e0 base de plantes. Cette base de donn\u00e9es ne contient aucune r\u00e9f\u00e9rence au neem qui indiquerait des probl\u00e8mes potentiels.\" \/>\n<meta property=\"og:description\" content=\"D\u00e9couvrez la forme la plus pure de l&#039;huile de neem, press\u00e9e \u00e0 froid \u00e0 partir de graines de neem soigneusement s\u00e9lectionn\u00e9es. Faites l&#039;exp\u00e9rience de la bont\u00e9 organique comme jamais auparavant. Achetez le v\u00f4tre d\u00e8s maintenant !\" \/>\n<meta property=\"og:url\" content=\"https:\/\/shop.natureneem.com\/fr\/e-shop\/huile-de-margousier-pure\/\" \/>\n<meta property=\"og:site_name\" content=\"NatureNeem e-Shop\" \/>\n<meta property=\"article:publisher\" content=\"https:\/\/www.facebook.com\/natureneemindia\/\" \/>\n<meta property=\"article:modified_time\" content=\"2026-04-05T08:53:12+00:00\" \/>\n<meta property=\"og:image\" content=\"https:\/\/shop.natureneem.com\/wp-content\/uploads\/2019\/07\/nn_pureneemoil_01-1.jpg\" \/>\n\t<meta property=\"og:image:width\" content=\"1000\" \/>\n\t<meta property=\"og:image:height\" content=\"1000\" \/>\n\t<meta property=\"og:image:type\" content=\"image\/jpeg\" \/>\n<meta name=\"twitter:card\" content=\"summary_large_image\" \/>\n<meta name=\"twitter:title\" content=\"Huile de Neem Pure : Press\u00e9e \u00e0 froid pour une qualit\u00e9 et une puret\u00e9 sup\u00e9rieures\" \/>\n<meta name=\"twitter:description\" content=\"D\u00e9couvrez la puissance de l&#039;huile de neem pure, press\u00e9e \u00e0 froid \u00e0 partir des meilleures graines de neem. Certifi\u00e9e biologique, sans additifs ni \u00e9mulsifiants. Procurez-vous la v\u00f4tre d\u00e8s aujourd&#039;hui et profitez de ses nombreux bienfaits !\" \/>\n<meta name=\"twitter:site\" content=\"@natureneem\" \/>\n<meta name=\"twitter:label1\" content=\"Disponibilit\u00e9\" \/>\n\t<meta name=\"twitter:data1\" content=\"En stock\" \/>\n<script type=\"application\/ld+json\" class=\"yoast-schema-graph\">{\"@context\":\"https:\/\/schema.org\",\"@graph\":[{\"@type\":\"WebPage\",\"@id\":\"https:\/\/shop.natureneem.com\/fr\/e-shop\/huile-de-margousier-pure\/\",\"url\":\"https:\/\/shop.natureneem.com\/fr\/e-shop\/huile-de-margousier-pure\/\",\"name\":\"Huile de neem pure certifi\u00e9e biologique : Sans additifs ni stabilisateurs NatureNeem e-Shop\",\"isPartOf\":{\"@id\":\"https:\/\/shop.natureneem.com\/fr\/#website\"},\"primaryImageOfPage\":{\"@id\":\"https:\/\/shop.natureneem.com\/fr\/e-shop\/huile-de-margousier-pure\/#primaryimage\"},\"image\":{\"@id\":\"https:\/\/shop.natureneem.com\/fr\/e-shop\/huile-de-margousier-pure\/#primaryimage\"},\"thumbnailUrl\":\"https:\/\/shop.natureneem.com\/wp-content\/uploads\/2019\/07\/nn_pureneemoil_01-1.jpg\",\"datePublished\":\"2019-07-06T16:49:41+00:00\",\"dateModified\":\"2026-04-05T08:53:12+00:00\",\"description\":\"D\u00e9couvrez la puissance de l'huile de neem pure, extraite des graines de neem de la meilleure qualit\u00e9. 100% biologique et sans additifs. Procurez-vous le v\u00f4tre d\u00e8s maintenant !\",\"breadcrumb\":{\"@id\":\"https:\/\/shop.natureneem.com\/fr\/e-shop\/huile-de-margousier-pure\/#breadcrumb\"},\"inLanguage\":\"fr-FR\",\"potentialAction\":[{\"@type\":\"ReadAction\",\"target\":[\"https:\/\/shop.natureneem.com\/fr\/e-shop\/huile-de-margousier-pure\/\"]}]},{\"@type\":\"ImageObject\",\"inLanguage\":\"fr-FR\",\"@id\":\"https:\/\/shop.natureneem.com\/fr\/e-shop\/huile-de-margousier-pure\/#primaryimage\",\"url\":\"https:\/\/shop.natureneem.com\/wp-content\/uploads\/2019\/07\/nn_pureneemoil_01-1.jpg\",\"contentUrl\":\"https:\/\/shop.natureneem.com\/wp-content\/uploads\/2019\/07\/nn_pureneemoil_01-1.jpg\",\"width\":1000,\"height\":1000,\"caption\":\"Huile de Neem Pure par Nature Neem\"},{\"@type\":\"BreadcrumbList\",\"@id\":\"https:\/\/shop.natureneem.com\/fr\/e-shop\/huile-de-margousier-pure\/#breadcrumb\",\"itemListElement\":[{\"@type\":\"ListItem\",\"position\":1,\"name\":\"Home\",\"item\":\"https:\/\/shop.natureneem.com\/fr\/accueil\/\"},{\"@type\":\"ListItem\",\"position\":2,\"name\":\"e-Shop\",\"item\":\"https:\/\/shop.natureneem.com\/fr\/e-shop\/\"},{\"@type\":\"ListItem\",\"position\":3,\"name\":\"Huile de Neem Pure\"}]},{\"@type\":\"WebSite\",\"@id\":\"https:\/\/shop.natureneem.com\/fr\/#website\",\"url\":\"https:\/\/shop.natureneem.com\/fr\/\",\"name\":\"NatureNeem e-Shop\",\"description\":\"Official Shop from Nature Neem\",\"publisher\":{\"@id\":\"https:\/\/shop.natureneem.com\/fr\/#organization\"},\"alternateName\":\"Nature Neem\",\"potentialAction\":[{\"@type\":\"SearchAction\",\"target\":{\"@type\":\"EntryPoint\",\"urlTemplate\":\"https:\/\/shop.natureneem.com\/fr\/?s={search_term_string}\"},\"query-input\":{\"@type\":\"PropertyValueSpecification\",\"valueRequired\":true,\"valueName\":\"search_term_string\"}}],\"inLanguage\":\"fr-FR\"},{\"@type\":\"Organization\",\"@id\":\"https:\/\/shop.natureneem.com\/fr\/#organization\",\"name\":\"Nature Neem\",\"alternateName\":\"Lorsun SAS\",\"url\":\"https:\/\/shop.natureneem.com\/fr\/\",\"logo\":{\"@type\":\"ImageObject\",\"inLanguage\":\"fr-FR\",\"@id\":\"https:\/\/shop.natureneem.com\/fr\/#\/schema\/logo\/image\/\",\"url\":\"https:\/\/shop.natureneem.com\/wp-content\/uploads\/2024\/09\/nn-logo-symbole-2024-01.svg\",\"contentUrl\":\"https:\/\/shop.natureneem.com\/wp-content\/uploads\/2024\/09\/nn-logo-symbole-2024-01.svg\",\"width\":1,\"height\":1,\"caption\":\"Nature Neem\"},\"image\":{\"@id\":\"https:\/\/shop.natureneem.com\/fr\/#\/schema\/logo\/image\/\"},\"sameAs\":[\"https:\/\/www.facebook.com\/natureneemindia\/\",\"https:\/\/x.com\/natureneem\",\"https:\/\/www.youtube.com\/user\/natureneem\",\"https:\/\/www.linkedin.com\/company\/natureneem\"],\"description\":\"Nous sommes engag\u00e9s dans le d\u00e9veloppement et la commercialisation de solutions \u00e9cologiques. Nous continuons \u00e0 inventer ces solutions alternatives naturelles qui peuvent remplacer efficacement les produits chimiques de synth\u00e8se qui nuisent \u00e0 notre environnement. Notre \u00e9quipe est particuli\u00e8rement comp\u00e9tente pour proposer des intrants agricoles biologiques. Nous agissons \u00e9galement en tant qu'association de personnes partageant les m\u00eames id\u00e9es et qui croient que la nature est la solution \u00e0 tous les probl\u00e8mes environnementaux rencontr\u00e9s par les \u00eatres humains.   \",\"email\":\"info@natureneem.com\",\"telephone\":\"+91 77084 00899\",\"legalName\":\"NATURE NEEM PRODUCTS\",\"vatID\":\"FR08891657884\",\"numberOfEmployees\":{\"@type\":\"QuantitativeValue\",\"minValue\":\"51\",\"maxValue\":\"200\"},\"publishingPrinciples\":\"https:\/\/shop.natureneem.com\/\",\"actionableFeedbackPolicy\":\"https:\/\/shop.natureneem.com\/return-and-refund-policy\/\",\"hasMerchantReturnPolicy\":{\"@type\":\"MerchantReturnPolicy\",\"merchantReturnLink\":\"https:\/\/shop.natureneem.com\/return-and-refund-policy\/\"}}]}<\/script>\n<meta property=\"og:availability\" content=\"instock\" \/>\n<meta property=\"product:availability\" content=\"instock\" \/>\n<meta property=\"product:retailer_item_id\" content=\"Pure_Neem_Oil\" \/>\n<meta property=\"product:condition\" content=\"new\" \/>\n<!-- \/ Yoast SEO Premium plugin. -->","yoast_head_json":{"title":"Huile de neem pure certifi\u00e9e biologique : Sans additifs ni stabilisateurs NatureNeem e-Shop","description":"D\u00e9couvrez la puissance de l'huile de neem pure, extraite des graines de neem de la meilleure qualit\u00e9. 100% biologique et sans additifs. Procurez-vous le v\u00f4tre d\u00e8s maintenant !","robots":{"index":"index","follow":"follow","max-snippet":"max-snippet:-1","max-image-preview":"max-image-preview:large","max-video-preview":"max-video-preview:-1"},"canonical":"https:\/\/shop.natureneem.com\/fr\/e-shop\/huile-de-margousier-pure\/","og_locale":"fr_FR","og_type":"article","og_title":"Ces graines de neem sont obtenues par d\u00e9pulpage, lavage, s\u00e9chage et d\u00e9cortication des fruits de neem de la saison en cours. Notre huile de neem pure est sans aucun stabilisateur, \u00e9mulsifiant ou additif et est certifi\u00e9e par Ecocert en tant qu'intrant biologique. Le neem est une usine biochimique qui contient plusieurs milliers de compos\u00e9s organiques. Les m\u00e9dicaments utilisent chaque partie du neem. L'huile de neem a des propri\u00e9t\u00e9s curatives et est largement utilis\u00e9e dans les syst\u00e8mes de m\u00e9decine traditionnelle depuis des si\u00e8cles. Apr\u00e8s de nombreuses recherches men\u00e9es par des organisations de premier plan, le neem est l'herbe m\u00e9dicinale la plus s\u00fbre et la plus efficace contre plusieurs maladies. L'Office of Special Nutritionals de la FDA tient \u00e0 jour une vaste base de donn\u00e9es sur les effets ind\u00e9sirables des m\u00e9dicaments \u00e0 base de plantes. Cette base de donn\u00e9es ne contient aucune r\u00e9f\u00e9rence au neem qui indiquerait des probl\u00e8mes potentiels.","og_description":"D\u00e9couvrez la forme la plus pure de l'huile de neem, press\u00e9e \u00e0 froid \u00e0 partir de graines de neem soigneusement s\u00e9lectionn\u00e9es. Faites l'exp\u00e9rience de la bont\u00e9 organique comme jamais auparavant. Achetez le v\u00f4tre d\u00e8s maintenant !","og_url":"https:\/\/shop.natureneem.com\/fr\/e-shop\/huile-de-margousier-pure\/","og_site_name":"NatureNeem e-Shop","article_publisher":"https:\/\/www.facebook.com\/natureneemindia\/","article_modified_time":"2026-04-05T08:53:12+00:00","og_image":[{"width":1000,"height":1000,"url":"https:\/\/shop.natureneem.com\/wp-content\/uploads\/2019\/07\/nn_pureneemoil_01-1.jpg","type":"image\/jpeg"}],"twitter_card":"summary_large_image","twitter_title":"Huile de Neem Pure : Press\u00e9e \u00e0 froid pour une qualit\u00e9 et une puret\u00e9 sup\u00e9rieures","twitter_description":"D\u00e9couvrez la puissance de l'huile de neem pure, press\u00e9e \u00e0 froid \u00e0 partir des meilleures graines de neem. Certifi\u00e9e biologique, sans additifs ni \u00e9mulsifiants. Procurez-vous la v\u00f4tre d\u00e8s aujourd'hui et profitez de ses nombreux bienfaits !","twitter_site":"@natureneem","twitter_misc":{"Disponibilit\u00e9":"En stock"},"schema":{"@context":"https:\/\/schema.org","@graph":[{"@type":"WebPage","@id":"https:\/\/shop.natureneem.com\/fr\/e-shop\/huile-de-margousier-pure\/","url":"https:\/\/shop.natureneem.com\/fr\/e-shop\/huile-de-margousier-pure\/","name":"Huile de neem pure certifi\u00e9e biologique : Sans additifs ni stabilisateurs NatureNeem e-Shop","isPartOf":{"@id":"https:\/\/shop.natureneem.com\/fr\/#website"},"primaryImageOfPage":{"@id":"https:\/\/shop.natureneem.com\/fr\/e-shop\/huile-de-margousier-pure\/#primaryimage"},"image":{"@id":"https:\/\/shop.natureneem.com\/fr\/e-shop\/huile-de-margousier-pure\/#primaryimage"},"thumbnailUrl":"https:\/\/shop.natureneem.com\/wp-content\/uploads\/2019\/07\/nn_pureneemoil_01-1.jpg","datePublished":"2019-07-06T16:49:41+00:00","dateModified":"2026-04-05T08:53:12+00:00","description":"D\u00e9couvrez la puissance de l'huile de neem pure, extraite des graines de neem de la meilleure qualit\u00e9. 100% biologique et sans additifs. Procurez-vous le v\u00f4tre d\u00e8s maintenant !","breadcrumb":{"@id":"https:\/\/shop.natureneem.com\/fr\/e-shop\/huile-de-margousier-pure\/#breadcrumb"},"inLanguage":"fr-FR","potentialAction":[{"@type":"ReadAction","target":["https:\/\/shop.natureneem.com\/fr\/e-shop\/huile-de-margousier-pure\/"]}]},{"@type":"ImageObject","inLanguage":"fr-FR","@id":"https:\/\/shop.natureneem.com\/fr\/e-shop\/huile-de-margousier-pure\/#primaryimage","url":"https:\/\/shop.natureneem.com\/wp-content\/uploads\/2019\/07\/nn_pureneemoil_01-1.jpg","contentUrl":"https:\/\/shop.natureneem.com\/wp-content\/uploads\/2019\/07\/nn_pureneemoil_01-1.jpg","width":1000,"height":1000,"caption":"Huile de Neem Pure par Nature Neem"},{"@type":"BreadcrumbList","@id":"https:\/\/shop.natureneem.com\/fr\/e-shop\/huile-de-margousier-pure\/#breadcrumb","itemListElement":[{"@type":"ListItem","position":1,"name":"Home","item":"https:\/\/shop.natureneem.com\/fr\/accueil\/"},{"@type":"ListItem","position":2,"name":"e-Shop","item":"https:\/\/shop.natureneem.com\/fr\/e-shop\/"},{"@type":"ListItem","position":3,"name":"Huile de Neem Pure"}]},{"@type":"WebSite","@id":"https:\/\/shop.natureneem.com\/fr\/#website","url":"https:\/\/shop.natureneem.com\/fr\/","name":"NatureNeem e-Shop","description":"Official Shop from Nature Neem","publisher":{"@id":"https:\/\/shop.natureneem.com\/fr\/#organization"},"alternateName":"Nature Neem","potentialAction":[{"@type":"SearchAction","target":{"@type":"EntryPoint","urlTemplate":"https:\/\/shop.natureneem.com\/fr\/?s={search_term_string}"},"query-input":{"@type":"PropertyValueSpecification","valueRequired":true,"valueName":"search_term_string"}}],"inLanguage":"fr-FR"},{"@type":"Organization","@id":"https:\/\/shop.natureneem.com\/fr\/#organization","name":"Nature Neem","alternateName":"Lorsun SAS","url":"https:\/\/shop.natureneem.com\/fr\/","logo":{"@type":"ImageObject","inLanguage":"fr-FR","@id":"https:\/\/shop.natureneem.com\/fr\/#\/schema\/logo\/image\/","url":"https:\/\/shop.natureneem.com\/wp-content\/uploads\/2024\/09\/nn-logo-symbole-2024-01.svg","contentUrl":"https:\/\/shop.natureneem.com\/wp-content\/uploads\/2024\/09\/nn-logo-symbole-2024-01.svg","width":1,"height":1,"caption":"Nature Neem"},"image":{"@id":"https:\/\/shop.natureneem.com\/fr\/#\/schema\/logo\/image\/"},"sameAs":["https:\/\/www.facebook.com\/natureneemindia\/","https:\/\/x.com\/natureneem","https:\/\/www.youtube.com\/user\/natureneem","https:\/\/www.linkedin.com\/company\/natureneem"],"description":"Nous sommes engag\u00e9s dans le d\u00e9veloppement et la commercialisation de solutions \u00e9cologiques. Nous continuons \u00e0 inventer ces solutions alternatives naturelles qui peuvent remplacer efficacement les produits chimiques de synth\u00e8se qui nuisent \u00e0 notre environnement. Notre \u00e9quipe est particuli\u00e8rement comp\u00e9tente pour proposer des intrants agricoles biologiques. Nous agissons \u00e9galement en tant qu'association de personnes partageant les m\u00eames id\u00e9es et qui croient que la nature est la solution \u00e0 tous les probl\u00e8mes environnementaux rencontr\u00e9s par les \u00eatres humains.   ","email":"info@natureneem.com","telephone":"+91 77084 00899","legalName":"NATURE NEEM PRODUCTS","vatID":"FR08891657884","numberOfEmployees":{"@type":"QuantitativeValue","minValue":"51","maxValue":"200"},"publishingPrinciples":"https:\/\/shop.natureneem.com\/","actionableFeedbackPolicy":"https:\/\/shop.natureneem.com\/return-and-refund-policy\/","hasMerchantReturnPolicy":{"@type":"MerchantReturnPolicy","merchantReturnLink":"https:\/\/shop.natureneem.com\/return-and-refund-policy\/"}}]},"og_availability":"instock","product_availability":"instock","product_retailer_item_id":"Pure_Neem_Oil","product_condition":"new"},"_links":{"self":[{"href":"https:\/\/shop.natureneem.com\/fr\/wp-json\/wp\/v2\/product\/5618","targetHints":{"allow":["GET"]}}],"collection":[{"href":"https:\/\/shop.natureneem.com\/fr\/wp-json\/wp\/v2\/product"}],"about":[{"href":"https:\/\/shop.natureneem.com\/fr\/wp-json\/wp\/v2\/types\/product"}],"replies":[{"embeddable":true,"href":"https:\/\/shop.natureneem.com\/fr\/wp-json\/wp\/v2\/comments?post=5618"}],"wp:featuredmedia":[{"embeddable":true,"href":"https:\/\/shop.natureneem.com\/fr\/wp-json\/wp\/v2\/media\/5299"}],"wp:attachment":[{"href":"https:\/\/shop.natureneem.com\/fr\/wp-json\/wp\/v2\/media?parent=5618"}],"wp:term":[{"taxonomy":"product_brand","embeddable":true,"href":"https:\/\/shop.natureneem.com\/fr\/wp-json\/wp\/v2\/product_brand?post=5618"},{"taxonomy":"product_cat","embeddable":true,"href":"https:\/\/shop.natureneem.com\/fr\/wp-json\/wp\/v2\/product_cat?post=5618"},{"taxonomy":"product_tag","embeddable":true,"href":"https:\/\/shop.natureneem.com\/fr\/wp-json\/wp\/v2\/product_tag?post=5618"}],"curies":[{"name":"wp","href":"https:\/\/api.w.org\/{rel}","templated":true}]}}