{"id":5649,"date":"2019-07-06T19:06:49","date_gmt":"2019-07-06T17:06:49","guid":{"rendered":"https:\/\/shop.natureneem.com\/e-shop\/biocare\/"},"modified":"2026-04-28T18:35:05","modified_gmt":"2026-04-28T16:35:05","slug":"biocare","status":"publish","type":"product","link":"https:\/\/shop.natureneem.com\/fr\/e-shop\/biocare\/","title":{"rendered":"BioCare"},"content":{"rendered":"<h2>L&#8217;huile de neem pour les animaux : BioCare<\/h2>\n<p><strong>BioCare, l&#8217;huile de neem pour animaux, est une formulation originale issue de la R&amp;D de Nature Neem<\/strong>. Ses ingr\u00e9dients sont optimis\u00e9s pour les animaux et les oiseaux. Elle est efficace pour contr\u00f4ler les parasites externes et les diff\u00e9rentes maladies fongiques affectant les animaux et les oiseaux.  <\/p>\n<p>BioCare est le choix des d\u00e9tenteurs d&#8217;animaux de compagnie qui souhaitent trouver une alternative naturelle aux pesticides chimiques. BioCare appartient \u00e0 la cat\u00e9gorie des pesticides \u00e0 spectre moyen ou large. Il agit en intervenant \u00e0 plusieurs stades du cycle de vie des parasites.  <\/p>\n<div class=\"uk-grid-match uk-child-width-expand@s\" uk-grid=\"\">\n<div>\n<div class=\"uk-card uk-card-primary uk-card-body\">\n<h3 class=\"uk-card-title\">BioCare comme fongicide et bact\u00e9ricide<\/h3>\n<p>Vous trouverez tous les dosages pour les chevaux, les porcs, les lapins et bien s\u00fbr pour vos chiens, chats et oiseaux. En effet, de nombreuses \u00e9tudes de cas prouvent que l&#8217;huile pour animaux a gu\u00e9ri et rajeuni la peau des chiens.<br \/>\nL&#8217;huile de neem pour animaux ne cr\u00e9e aucun probl\u00e8me environnemental et pr\u00e9serve l&#8217;agro\u00e9cosyst\u00e8me de la pollution. <\/p>\n<\/div>\n<\/div>\n<div>\n<div class=\"uk-card uk-card-default uk-card-body uk-background-muted\">\n<p>De nombreuses m\u00e9thodes pour \u00e9radiquer les parasites :<\/p>\n<ul>\n<li style=\"text-align: justify;\"><strong>St\u00e9rilise le<\/strong> syst\u00e8me <strong>reproducteur des insectes<\/strong> et perturbe la reproduction.<\/li>\n<li><strong>R\u00e9duit la<\/strong> capacit\u00e9 de <strong>ponte des insectes.<\/strong> <\/li>\n<li><strong>Perturbe l&#8217;<\/strong> \u00e9closion des <strong>\u0153ufs<\/strong>.<\/li>\n<li><strong>Affecte<\/strong> n\u00e9gativement <strong>le d\u00e9veloppement des larves<\/strong>, des pupes et des nymphes.<\/li>\n<\/ul>\n<\/div>\n<\/div>\n<\/div>\n<div class=\"uk-grid-match uk-child-width-expand@s uk-text-center\" uk-grid=\"\">\n<div>\n<div class=\"uk-card uk-card-default uk-card-body\">\n<h3>Pourquoi BioCare est-il sup\u00e9rieur aux autres huiles ? N&#8217;h\u00e9sitez pas \u00e0 comparer, vous serez surpris ! <\/h3>\n<p>En effet, l&#8217;azadirachtine, l&#8217;ingr\u00e9dient principal, contient environ 2500 ppm (0,25 %). Des lots typiques de certaines saisons ont montr\u00e9 des niveaux records de 3000 ppm d&#8217;azadirachtine.<br \/>\n<strong>Toutefois, la teneur en azadirachtine des produits bon march\u00e9 disponibles sur le march\u00e9 ne d\u00e9passe pas 300 ppm.<\/strong><\/p>\n<h2 class=\"uk-card-title\">BioCare est certifi\u00e9 par la plainte d&#8217;Ecocert selon les normes NOP et EU.<\/h2>\n<div><img loading=\"lazy\" decoding=\"async\" class=\"alignnone wp-image-391 size-medium\" title=\"Certifications BioCare\" src=\"https:\/\/shop.natureneem.com\/wp-content\/uploads\/2023\/05\/nn_cert_facture-300x60.png\" alt=\"Les produits Nature Neem sont certifi\u00e9s par Ecocert SA F-32600, les normes de la Commission europ\u00e9enne, le National Organic Programe (NOP - USDA) et la Soil Association Certification.\" width=\"300\" height=\"60\"><\/div>\n<\/div>\n<\/div>\n<div>\n<div class=\"uk-card uk-card-secondary uk-card-body\">\n<h2 class=\"uk-card-title\">Comment appliquer ce produit ?<\/h2>\n<p>Description compl\u00e8te, candidatures, FAQ et informations.<\/p>\n<div><a class=\"uk-button uk-button-primary\" href=\"https:\/\/natureneem.com\/en\/products\/biocare\" target=\"_blank\" rel=\"noopener noreferrer\">CLIQUEZ ICI<\/a><\/div>\n<\/div>\n<\/div>\n<\/div>\n<h3>L&#8217;huile de neem hydrosoluble pour animaux en un mot c&#8217;est BioCare. Il faut rappeler qu&#8217;elle est si simple \u00e0 utiliser, en premier lieu pour tous vos animaux domestiques, mammif\u00e8res, chevaux, &#8230;<br \/>\nTous les produits de Nature Neem India sont full bio. Essayez <a href=\"https:\/\/shop.natureneem.com\/fr\/e-shop\/nutraza\/\">NutrAza<\/a> pour compl\u00e9ter les avantages de l&#8217;engrais au neem et <a href=\"https:\/\/shop.natureneem.com\/fr\/e-shop\/totalcare\/\">TotalCare<\/a> pour vos plantes.  <\/h3>\n","protected":false},"excerpt":{"rendered":"<h3 class=\"ai-optimize-19\">Huile de neem soluble dans l&#8217;eau pour les soins de la peau des animaux<\/h3>\n<p class=\"ai-optimize-20\">Produit naturel de qualit\u00e9 certifi\u00e9 bio depuis 1990 par Nature Neem India. Pesticide biologique efficace, fongicide et bact\u00e9ricide. Non toxique pour l&#8217;homme, les animaux, les oiseaux&#8230;  <\/p>\n","protected":false},"featured_media":11983,"comment_status":"open","ping_status":"closed","template":"","meta":[],"product_brand":[],"product_cat":[184],"product_tag":[],"class_list":{"0":"post-5649","1":"product","2":"type-product","3":"status-publish","4":"has-post-thumbnail","6":"product_cat-produits-a-base-de-neem","7":"pa_packing-1l-fr","8":"pa_packing-20l-fr","9":"pa_packing-250ml-fr","10":"pa_packing-5l-fr","11":"pa_packing-500ml-fr","13":"first","14":"instock","15":"shipping-taxable","16":"purchasable","17":"product-type-variable","18":"has-default-attributes"},"yoast_head":"<!-- This site is optimized with the Yoast SEO Premium plugin v27.1 (Yoast SEO v27.4) - https:\/\/yoast.com\/product\/yoast-seo-premium-wordpress\/ -->\n<title>BioCare Neem Oil pour les animaux : Alternative naturelle aux pesticides.<\/title>\n<meta name=\"description\" content=\"Dites adieu aux pesticides chimiques ! L&#039;huile de neem BioCare pour animaux de compagnie est naturellement efficace contre les parasites et les maladies fongiques. \ud83d\udc36 \ud83d\udc34 \ud83d\udc2e. Pas de stress pour vos animaux.\" \/>\n<meta name=\"robots\" content=\"index, follow, max-snippet:-1, max-image-preview:large, max-video-preview:-1\" \/>\n<link rel=\"canonical\" href=\"https:\/\/shop.natureneem.com\/fr\/e-shop\/biocare\/\" \/>\n<meta property=\"og:locale\" content=\"fr_FR\" \/>\n<meta property=\"og:type\" content=\"article\" \/>\n<meta property=\"og:title\" content=\"BioCare : Huile de Neem pour les animaux - Solution s\u00fbre et naturelle\" \/>\n<meta property=\"og:description\" content=\"Vous cherchez une alternative naturelle aux pesticides chimiques ? BioCare, l&#039;huile de neem pour animaux, est le choix id\u00e9al pour les d\u00e9tenteurs d&#039;animaux de compagnie responsables. \ud83c\udf3f\" \/>\n<meta property=\"og:url\" content=\"https:\/\/shop.natureneem.com\/fr\/e-shop\/biocare\/\" \/>\n<meta property=\"og:site_name\" content=\"NatureNeem e-Shop\" \/>\n<meta property=\"article:publisher\" content=\"https:\/\/www.facebook.com\/natureneemindia\/\" \/>\n<meta property=\"article:modified_time\" content=\"2026-04-28T16:35:05+00:00\" \/>\n<meta property=\"og:image\" content=\"https:\/\/shop.natureneem.com\/wp-content\/uploads\/2019\/07\/NN-BIOCARE-2025_GROUP_01.jpg\" \/>\n\t<meta property=\"og:image:width\" content=\"800\" \/>\n\t<meta property=\"og:image:height\" content=\"800\" \/>\n\t<meta property=\"og:image:type\" content=\"image\/jpeg\" \/>\n<meta name=\"twitter:card\" content=\"summary_large_image\" \/>\n<meta name=\"twitter:title\" content=\"Huile de Neem pour les animaux : Solution naturelle pour lutter contre les parasites\" \/>\n<meta name=\"twitter:description\" content=\"Dites adieu aux pesticides chimiques ! L&#039;huile de neem BioCare pour animaux est une solution s\u00fbre et efficace pour lutter contre les parasites et les maladies fongiques. Procurez-vous la v\u00f4tre d\u00e8s aujourd&#039;hui ! \ud83d\udc3e\" \/>\n<meta name=\"twitter:site\" content=\"@natureneem\" \/>\n<meta name=\"twitter:label1\" content=\"Disponibilit\u00e9\" \/>\n\t<meta name=\"twitter:data1\" content=\"En stock\" \/>\n<script type=\"application\/ld+json\" class=\"yoast-schema-graph\">{\"@context\":\"https:\\\/\\\/schema.org\",\"@graph\":[{\"@type\":\"WebPage\",\"@id\":\"https:\\\/\\\/shop.natureneem.com\\\/fr\\\/e-shop\\\/biocare\\\/\",\"url\":\"https:\\\/\\\/shop.natureneem.com\\\/fr\\\/e-shop\\\/biocare\\\/\",\"name\":\"BioCare Neem Oil pour les animaux : Alternative naturelle aux pesticides.\",\"isPartOf\":{\"@id\":\"https:\\\/\\\/shop.natureneem.com\\\/fr\\\/#website\"},\"primaryImageOfPage\":{\"@id\":\"https:\\\/\\\/shop.natureneem.com\\\/fr\\\/e-shop\\\/biocare\\\/#primaryimage\"},\"image\":{\"@id\":\"https:\\\/\\\/shop.natureneem.com\\\/fr\\\/e-shop\\\/biocare\\\/#primaryimage\"},\"thumbnailUrl\":\"https:\\\/\\\/shop.natureneem.com\\\/wp-content\\\/uploads\\\/2019\\\/07\\\/NN-BIOCARE-2025_GROUP_01.jpg\",\"datePublished\":\"2019-07-06T17:06:49+00:00\",\"dateModified\":\"2026-04-28T16:35:05+00:00\",\"description\":\"Dites adieu aux pesticides chimiques ! L'huile de neem BioCare pour animaux de compagnie est naturellement efficace contre les parasites et les maladies fongiques. \ud83d\udc36 \ud83d\udc34 \ud83d\udc2e. Pas de stress pour vos animaux.\",\"breadcrumb\":{\"@id\":\"https:\\\/\\\/shop.natureneem.com\\\/fr\\\/e-shop\\\/biocare\\\/#breadcrumb\"},\"inLanguage\":\"fr-FR\",\"potentialAction\":[{\"@type\":\"ReadAction\",\"target\":[\"https:\\\/\\\/shop.natureneem.com\\\/fr\\\/e-shop\\\/biocare\\\/\"]}]},{\"@type\":\"ImageObject\",\"inLanguage\":\"fr-FR\",\"@id\":\"https:\\\/\\\/shop.natureneem.com\\\/fr\\\/e-shop\\\/biocare\\\/#primaryimage\",\"url\":\"https:\\\/\\\/shop.natureneem.com\\\/wp-content\\\/uploads\\\/2019\\\/07\\\/NN-BIOCARE-2025_GROUP_01.jpg\",\"contentUrl\":\"https:\\\/\\\/shop.natureneem.com\\\/wp-content\\\/uploads\\\/2019\\\/07\\\/NN-BIOCARE-2025_GROUP_01.jpg\",\"width\":800,\"height\":800,\"caption\":\"BioCare by Nature Neem\"},{\"@type\":\"BreadcrumbList\",\"@id\":\"https:\\\/\\\/shop.natureneem.com\\\/fr\\\/e-shop\\\/biocare\\\/#breadcrumb\",\"itemListElement\":[{\"@type\":\"ListItem\",\"position\":1,\"name\":\"Home\",\"item\":\"https:\\\/\\\/shop.natureneem.com\\\/fr\\\/accueil\\\/\"},{\"@type\":\"ListItem\",\"position\":2,\"name\":\"e-Shop\",\"item\":\"https:\\\/\\\/shop.natureneem.com\\\/fr\\\/e-shop\\\/\"},{\"@type\":\"ListItem\",\"position\":3,\"name\":\"BioCare\"}]},{\"@type\":\"WebSite\",\"@id\":\"https:\\\/\\\/shop.natureneem.com\\\/fr\\\/#website\",\"url\":\"https:\\\/\\\/shop.natureneem.com\\\/fr\\\/\",\"name\":\"NatureNeem e-Shop\",\"description\":\"Official Shop from Nature Neem\",\"publisher\":{\"@id\":\"https:\\\/\\\/shop.natureneem.com\\\/fr\\\/#organization\"},\"alternateName\":\"Nature Neem\",\"potentialAction\":[{\"@type\":\"SearchAction\",\"target\":{\"@type\":\"EntryPoint\",\"urlTemplate\":\"https:\\\/\\\/shop.natureneem.com\\\/fr\\\/?s={search_term_string}\"},\"query-input\":{\"@type\":\"PropertyValueSpecification\",\"valueRequired\":true,\"valueName\":\"search_term_string\"}}],\"inLanguage\":\"fr-FR\"},{\"@type\":\"Organization\",\"@id\":\"https:\\\/\\\/shop.natureneem.com\\\/fr\\\/#organization\",\"name\":\"Nature Neem\",\"alternateName\":\"Lorsun SAS\",\"url\":\"https:\\\/\\\/shop.natureneem.com\\\/fr\\\/\",\"logo\":{\"@type\":\"ImageObject\",\"inLanguage\":\"fr-FR\",\"@id\":\"https:\\\/\\\/shop.natureneem.com\\\/fr\\\/#\\\/schema\\\/logo\\\/image\\\/\",\"url\":\"https:\\\/\\\/shop.natureneem.com\\\/wp-content\\\/uploads\\\/2024\\\/09\\\/nn-logo-symbole-2024-01.svg\",\"contentUrl\":\"https:\\\/\\\/shop.natureneem.com\\\/wp-content\\\/uploads\\\/2024\\\/09\\\/nn-logo-symbole-2024-01.svg\",\"width\":1,\"height\":1,\"caption\":\"Nature Neem\"},\"image\":{\"@id\":\"https:\\\/\\\/shop.natureneem.com\\\/fr\\\/#\\\/schema\\\/logo\\\/image\\\/\"},\"sameAs\":[\"https:\\\/\\\/www.facebook.com\\\/natureneemindia\\\/\",\"https:\\\/\\\/x.com\\\/natureneem\",\"https:\\\/\\\/www.youtube.com\\\/user\\\/natureneem\",\"https:\\\/\\\/www.linkedin.com\\\/company\\\/natureneem\"],\"description\":\"Nous sommes engag\u00e9s dans le d\u00e9veloppement et la commercialisation de solutions \u00e9cologiques. Nous continuons \u00e0 inventer ces solutions alternatives naturelles qui peuvent remplacer efficacement les produits chimiques de synth\u00e8se qui nuisent \u00e0 notre environnement. Notre \u00e9quipe est particuli\u00e8rement comp\u00e9tente pour proposer des intrants agricoles biologiques. Nous agissons \u00e9galement en tant qu'association de personnes partageant les m\u00eames id\u00e9es et qui croient que la nature est la solution \u00e0 tous les probl\u00e8mes environnementaux rencontr\u00e9s par les \u00eatres humains.   \",\"email\":\"info@natureneem.com\",\"telephone\":\"+91 77084 00899\",\"legalName\":\"NATURE NEEM PRODUCTS\",\"vatID\":\"FR08891657884\",\"numberOfEmployees\":{\"@type\":\"QuantitativeValue\",\"minValue\":\"51\",\"maxValue\":\"200\"},\"publishingPrinciples\":\"https:\\\/\\\/shop.natureneem.com\\\/\",\"actionableFeedbackPolicy\":\"https:\\\/\\\/shop.natureneem.com\\\/return-and-refund-policy\\\/\",\"hasMerchantReturnPolicy\":{\"@type\":\"MerchantReturnPolicy\",\"merchantReturnLink\":\"https:\\\/\\\/shop.natureneem.com\\\/return-and-refund-policy\\\/\"}}]}<\/script>\n<meta property=\"og:availability\" content=\"instock\" \/>\n<meta property=\"product:availability\" content=\"instock\" \/>\n<meta property=\"product:retailer_item_id\" content=\"BioCare\" \/>\n<meta property=\"product:condition\" content=\"new\" \/>\n<!-- \/ Yoast SEO Premium plugin. -->","yoast_head_json":{"title":"BioCare Neem Oil pour les animaux : Alternative naturelle aux pesticides.","description":"Dites adieu aux pesticides chimiques ! L'huile de neem BioCare pour animaux de compagnie est naturellement efficace contre les parasites et les maladies fongiques. \ud83d\udc36 \ud83d\udc34 \ud83d\udc2e. Pas de stress pour vos animaux.","robots":{"index":"index","follow":"follow","max-snippet":"max-snippet:-1","max-image-preview":"max-image-preview:large","max-video-preview":"max-video-preview:-1"},"canonical":"https:\/\/shop.natureneem.com\/fr\/e-shop\/biocare\/","og_locale":"fr_FR","og_type":"article","og_title":"BioCare : Huile de Neem pour les animaux - Solution s\u00fbre et naturelle","og_description":"Vous cherchez une alternative naturelle aux pesticides chimiques ? BioCare, l'huile de neem pour animaux, est le choix id\u00e9al pour les d\u00e9tenteurs d'animaux de compagnie responsables. \ud83c\udf3f","og_url":"https:\/\/shop.natureneem.com\/fr\/e-shop\/biocare\/","og_site_name":"NatureNeem e-Shop","article_publisher":"https:\/\/www.facebook.com\/natureneemindia\/","article_modified_time":"2026-04-28T16:35:05+00:00","og_image":[{"width":800,"height":800,"url":"https:\/\/shop.natureneem.com\/wp-content\/uploads\/2019\/07\/NN-BIOCARE-2025_GROUP_01.jpg","type":"image\/jpeg"}],"twitter_card":"summary_large_image","twitter_title":"Huile de Neem pour les animaux : Solution naturelle pour lutter contre les parasites","twitter_description":"Dites adieu aux pesticides chimiques ! L'huile de neem BioCare pour animaux est une solution s\u00fbre et efficace pour lutter contre les parasites et les maladies fongiques. Procurez-vous la v\u00f4tre d\u00e8s aujourd'hui ! \ud83d\udc3e","twitter_site":"@natureneem","twitter_misc":{"Disponibilit\u00e9":"En stock"},"schema":{"@context":"https:\/\/schema.org","@graph":[{"@type":"WebPage","@id":"https:\/\/shop.natureneem.com\/fr\/e-shop\/biocare\/","url":"https:\/\/shop.natureneem.com\/fr\/e-shop\/biocare\/","name":"BioCare Neem Oil pour les animaux : Alternative naturelle aux pesticides.","isPartOf":{"@id":"https:\/\/shop.natureneem.com\/fr\/#website"},"primaryImageOfPage":{"@id":"https:\/\/shop.natureneem.com\/fr\/e-shop\/biocare\/#primaryimage"},"image":{"@id":"https:\/\/shop.natureneem.com\/fr\/e-shop\/biocare\/#primaryimage"},"thumbnailUrl":"https:\/\/shop.natureneem.com\/wp-content\/uploads\/2019\/07\/NN-BIOCARE-2025_GROUP_01.jpg","datePublished":"2019-07-06T17:06:49+00:00","dateModified":"2026-04-28T16:35:05+00:00","description":"Dites adieu aux pesticides chimiques ! L'huile de neem BioCare pour animaux de compagnie est naturellement efficace contre les parasites et les maladies fongiques. \ud83d\udc36 \ud83d\udc34 \ud83d\udc2e. Pas de stress pour vos animaux.","breadcrumb":{"@id":"https:\/\/shop.natureneem.com\/fr\/e-shop\/biocare\/#breadcrumb"},"inLanguage":"fr-FR","potentialAction":[{"@type":"ReadAction","target":["https:\/\/shop.natureneem.com\/fr\/e-shop\/biocare\/"]}]},{"@type":"ImageObject","inLanguage":"fr-FR","@id":"https:\/\/shop.natureneem.com\/fr\/e-shop\/biocare\/#primaryimage","url":"https:\/\/shop.natureneem.com\/wp-content\/uploads\/2019\/07\/NN-BIOCARE-2025_GROUP_01.jpg","contentUrl":"https:\/\/shop.natureneem.com\/wp-content\/uploads\/2019\/07\/NN-BIOCARE-2025_GROUP_01.jpg","width":800,"height":800,"caption":"BioCare by Nature Neem"},{"@type":"BreadcrumbList","@id":"https:\/\/shop.natureneem.com\/fr\/e-shop\/biocare\/#breadcrumb","itemListElement":[{"@type":"ListItem","position":1,"name":"Home","item":"https:\/\/shop.natureneem.com\/fr\/accueil\/"},{"@type":"ListItem","position":2,"name":"e-Shop","item":"https:\/\/shop.natureneem.com\/fr\/e-shop\/"},{"@type":"ListItem","position":3,"name":"BioCare"}]},{"@type":"WebSite","@id":"https:\/\/shop.natureneem.com\/fr\/#website","url":"https:\/\/shop.natureneem.com\/fr\/","name":"NatureNeem e-Shop","description":"Official Shop from Nature Neem","publisher":{"@id":"https:\/\/shop.natureneem.com\/fr\/#organization"},"alternateName":"Nature Neem","potentialAction":[{"@type":"SearchAction","target":{"@type":"EntryPoint","urlTemplate":"https:\/\/shop.natureneem.com\/fr\/?s={search_term_string}"},"query-input":{"@type":"PropertyValueSpecification","valueRequired":true,"valueName":"search_term_string"}}],"inLanguage":"fr-FR"},{"@type":"Organization","@id":"https:\/\/shop.natureneem.com\/fr\/#organization","name":"Nature Neem","alternateName":"Lorsun SAS","url":"https:\/\/shop.natureneem.com\/fr\/","logo":{"@type":"ImageObject","inLanguage":"fr-FR","@id":"https:\/\/shop.natureneem.com\/fr\/#\/schema\/logo\/image\/","url":"https:\/\/shop.natureneem.com\/wp-content\/uploads\/2024\/09\/nn-logo-symbole-2024-01.svg","contentUrl":"https:\/\/shop.natureneem.com\/wp-content\/uploads\/2024\/09\/nn-logo-symbole-2024-01.svg","width":1,"height":1,"caption":"Nature Neem"},"image":{"@id":"https:\/\/shop.natureneem.com\/fr\/#\/schema\/logo\/image\/"},"sameAs":["https:\/\/www.facebook.com\/natureneemindia\/","https:\/\/x.com\/natureneem","https:\/\/www.youtube.com\/user\/natureneem","https:\/\/www.linkedin.com\/company\/natureneem"],"description":"Nous sommes engag\u00e9s dans le d\u00e9veloppement et la commercialisation de solutions \u00e9cologiques. Nous continuons \u00e0 inventer ces solutions alternatives naturelles qui peuvent remplacer efficacement les produits chimiques de synth\u00e8se qui nuisent \u00e0 notre environnement. Notre \u00e9quipe est particuli\u00e8rement comp\u00e9tente pour proposer des intrants agricoles biologiques. Nous agissons \u00e9galement en tant qu'association de personnes partageant les m\u00eames id\u00e9es et qui croient que la nature est la solution \u00e0 tous les probl\u00e8mes environnementaux rencontr\u00e9s par les \u00eatres humains.   ","email":"info@natureneem.com","telephone":"+91 77084 00899","legalName":"NATURE NEEM PRODUCTS","vatID":"FR08891657884","numberOfEmployees":{"@type":"QuantitativeValue","minValue":"51","maxValue":"200"},"publishingPrinciples":"https:\/\/shop.natureneem.com\/","actionableFeedbackPolicy":"https:\/\/shop.natureneem.com\/return-and-refund-policy\/","hasMerchantReturnPolicy":{"@type":"MerchantReturnPolicy","merchantReturnLink":"https:\/\/shop.natureneem.com\/return-and-refund-policy\/"}}]},"og_availability":"instock","product_availability":"instock","product_retailer_item_id":"BioCare","product_condition":"new"},"_links":{"self":[{"href":"https:\/\/shop.natureneem.com\/fr\/wp-json\/wp\/v2\/product\/5649","targetHints":{"allow":["GET"]}}],"collection":[{"href":"https:\/\/shop.natureneem.com\/fr\/wp-json\/wp\/v2\/product"}],"about":[{"href":"https:\/\/shop.natureneem.com\/fr\/wp-json\/wp\/v2\/types\/product"}],"replies":[{"embeddable":true,"href":"https:\/\/shop.natureneem.com\/fr\/wp-json\/wp\/v2\/comments?post=5649"}],"wp:featuredmedia":[{"embeddable":true,"href":"https:\/\/shop.natureneem.com\/fr\/wp-json\/wp\/v2\/media\/11983"}],"wp:attachment":[{"href":"https:\/\/shop.natureneem.com\/fr\/wp-json\/wp\/v2\/media?parent=5649"}],"wp:term":[{"taxonomy":"product_brand","embeddable":true,"href":"https:\/\/shop.natureneem.com\/fr\/wp-json\/wp\/v2\/product_brand?post=5649"},{"taxonomy":"product_cat","embeddable":true,"href":"https:\/\/shop.natureneem.com\/fr\/wp-json\/wp\/v2\/product_cat?post=5649"},{"taxonomy":"product_tag","embeddable":true,"href":"https:\/\/shop.natureneem.com\/fr\/wp-json\/wp\/v2\/product_tag?post=5649"}],"curies":[{"name":"wp","href":"https:\/\/api.w.org\/{rel}","templated":true}]}}