{"id":5657,"date":"2023-05-06T17:02:45","date_gmt":"2023-05-06T15:02:45","guid":{"rendered":"https:\/\/shop.natureneem.com\/e-shop\/nutraza\/"},"modified":"2026-03-24T22:32:46","modified_gmt":"2026-03-24T21:32:46","slug":"nutraza","status":"publish","type":"product","link":"https:\/\/shop.natureneem.com\/fr\/e-shop\/nutraza\/","title":{"rendered":"NutrAza"},"content":{"rendered":"<h3><strong>Le tourteau de graines de neem sous forme de granul\u00e9s &#8211; Le meilleur engrais organique, le meilleur protecteur du sol et le meilleur n\u00e9maticide naturel.<\/strong><\/h3>\n<h4><strong>Dosage<\/strong><\/h4>\n<ul>\n<li>Mise en pot : 30 g \/ Kg de terre. Jusqu&#8217;\u00e0 250 g pour les pots plus grands. Recouvrir d&#8217;un paillis.<br \/>\n<a href=\"https:\/\/www.youtube.com\/watch?v=yjb7McnAWbg\" target=\"_blank\" rel=\"noopener\">Vid\u00e9o d&#8217;empotage utilisant NutrAza<\/a><\/li>\n<li>P\u00e9pini\u00e8res, Potagers : 100 g \/ m\u00e8tre carr\u00e9. 500-1000 g pour une parcelle de 10-15 m\u00b2.   <\/li>\n<li>Arbres et arbustes : 100-500 g en fonction de la taille de la plante.<br \/>\nApplication de NutrAza sur les arbres fruitiers. <a href=\"https:\/\/www.youtube.com\/watch?v=IKq8JdvQV0k\" target=\"_blank\" rel=\"noopener\">Video1<\/a> <a href=\"https:\/\/www.youtube.com\/watch?v=oZCcpArD4fs\" target=\"_blank\" rel=\"noopener\">Video2<\/a><\/li>\n<li>Grandes cultures : 1000-2000 kg par hectare en fonction de la fertilit\u00e9 du sol et de l&#8217;incidence des n\u00e9matodes.<\/li>\n<\/ul>\n<h4><strong>Enrichissez et prot\u00e9gez votre sol avec NutrAza. Un engrais \u00e0 lib\u00e9ration lente qui ne s&#8217;infiltre pas dans l&#8217;eau.<br \/>\n<\/strong><\/h4>\n<p>NutrAza est une formulation sp\u00e9ciale du tourteau de graines de neem qui conserve les principaux nutriments le plus longtemps possible. Sa forme granul\u00e9e augmente ses capacit\u00e9s de stockage pendant plus de deux ans, alors que le tourteau ou la poudre de graines de neem se d\u00e9t\u00e9riore s&#8217;il est stock\u00e9 pendant plus de six mois. Les granul\u00e9s NutrAza permettent l&#8217;\u00e9pandage sur le sol de base ou l&#8217;\u00e9pandage en surface \u00e0 l&#8217;aide de machines m\u00e9canis\u00e9es sophistiqu\u00e9es.  <\/p>\n<h4><strong>Caract\u00e9ristiques<\/strong><\/h4>\n<ul>\n<li style=\"list-style-type: none;\">\n<ul>\n<li>Le meilleur engrais organique qui contient des macro-nutriments et des micro-nutriments sous forme naturelle.<\/li>\n<li>Bio-stimulant pour les plantes lorsqu&#8217;il est absorb\u00e9 par les racines. Il acc\u00e9l\u00e8re le d\u00e9veloppement des racines et la croissance globale de la plante. <\/li>\n<li>NutrAza am\u00e9liore l&#8217;aspect g\u00e9n\u00e9ral des fruits et l\u00e9gumes et augmente l&#8217;\u00e2ge des feuilles, la croissance, la floraison et le renforcement des racines.<\/li>\n<li>Conditionneur de sol qui am\u00e9liore la structure du sol en ajoutant de la mati\u00e8re organique et en r\u00e9tablissant la flore du sol.<\/li>\n<li>Pesticide et fongicide naturel pour le sol qui repousse les insectes du sol et retarde les champignons pathog\u00e8nes du sol.<\/li>\n<li>Le meilleur n\u00e9maticide naturel avec un rem\u00e8de \u00e0 long terme scientifiquement prouv\u00e9 contre un spectre de n\u00e9matodes affectant les plantes.<\/li>\n<li>Engrais \u00e0 lib\u00e9ration lente qui convient parfaitement \u00e0 la fertilisation d&#8217;automne et d&#8217;hiver.<\/li>\n<\/ul>\n<\/li>\n<\/ul>\n<p><span style=\"text-decoration: underline;\"><strong>NutrAza est certifi\u00e9 par Ecocert<\/strong><\/span> en tant qu&#8217;intrant biologique conforme aux diff\u00e9rentes normes agricoles. C&#8217;est l&#8217;intrant pr\u00e9f\u00e9r\u00e9 des agriculteurs qui cherchent \u00e0 obtenir une certification biologique. <\/p>\n<h4><strong>Activit\u00e9 r\u00e9pulsive de NutrAza.  <\/strong><\/h4>\n<p><strong>NutrAza <\/strong>s&#8217;est av\u00e9r\u00e9 efficace contre un large \u00e9ventail de n\u00e9matodes. Il inhibe \u00e9galement la croissance d&#8217;une s\u00e9rie de champignons parasites du sol responsables de la pourriture des racines, du fl\u00e9trissement, etc&#8230; <\/p>\n<h3><strong>Description compl\u00e8te, applications et informations sur ce produit.<\/strong><\/h3>\n<p><a class=\"uk-button uk-button-small uk-button-primary\" href=\"https:\/\/natureneem.com\/en\/products\/nutraza\" target=\"_blank\" rel=\"noopener noreferrer\">CLIQUEZ ICI<\/a><\/p>\n","protected":false},"excerpt":{"rendered":"<h2 class=\"ai-optimize-15\">Pellet de tourteau de graines de neem comme engrais organique naturel et protecteur du sol<\/h2>\n","protected":false},"featured_media":11907,"comment_status":"open","ping_status":"closed","template":"","meta":[],"product_brand":[],"product_cat":[184],"product_tag":[202,199,200,201,203],"class_list":{"0":"post-5657","1":"product","2":"type-product","3":"status-publish","4":"has-post-thumbnail","6":"product_cat-produits-a-base-de-neem","7":"product_tag-engrais","8":"product_tag-neem-fr","9":"product_tag-nutraza-fr","10":"product_tag-organique","11":"product_tag-poudre-de-noyau","12":"pa_packing-10kg-fr","13":"pa_packing-15kg-fr","14":"pa_packing-2kg-fr","15":"pa_packing-20kg-fr","16":"pa_packing-25kg-fr","17":"pa_packing-25-kg_powder-fr","18":"pa_packing-5kg-fr","20":"first","21":"instock","22":"shipping-taxable","23":"purchasable","24":"product-type-variable","25":"has-default-attributes"},"yoast_head":"<!-- This site is optimized with the Yoast SEO Premium plugin v27.1 (Yoast SEO v27.2) - https:\/\/yoast.com\/product\/yoast-seo-premium-wordpress\/ -->\n<title>Neem Seed Pellet : Enrichissement et fertilisation organiques des sols - NatureNeem e-Shop<\/title>\n<meta name=\"description\" content=\"Boostez la croissance de vos plantes avec NutrAZA, des granul\u00e9s de graines de neem. Engrais organique naturel. Favorise le d\u00e9veloppement des racines et prot\u00e8ge contre les parasites. Pastille de neem.\" \/>\n<meta name=\"robots\" content=\"index, follow, max-snippet:-1, max-image-preview:large, max-video-preview:-1\" \/>\n<link rel=\"canonical\" href=\"https:\/\/shop.natureneem.com\/fr\/e-shop\/nutraza\/\" \/>\n<meta property=\"og:locale\" content=\"fr_FR\" \/>\n<meta property=\"og:type\" content=\"article\" \/>\n<meta property=\"og:title\" content=\"Puissant engrais \u00e0 base de graines de margousier pour un sol et des plantes sains\" \/>\n<meta property=\"og:description\" content=\"Stimulez la croissance des plantes et le d\u00e9veloppement des racines avec nos granul\u00e9s de graines de neem. Compos\u00e9es de macronutriments et de micronutriments naturels, c&#039;est le choix biologique parfait. \ud83c\udf3f\" \/>\n<meta property=\"og:url\" content=\"https:\/\/shop.natureneem.com\/fr\/e-shop\/nutraza\/\" \/>\n<meta property=\"og:site_name\" content=\"NatureNeem e-Shop\" \/>\n<meta property=\"article:publisher\" content=\"https:\/\/www.facebook.com\/natureneemindia\/\" \/>\n<meta property=\"article:modified_time\" content=\"2026-03-24T21:32:46+00:00\" \/>\n<meta property=\"og:image\" content=\"https:\/\/shop.natureneem.com\/wp-content\/uploads\/2024\/10\/nn_nutraza_en-2kg-800x800-1.jpg\" \/>\n\t<meta property=\"og:image:width\" content=\"800\" \/>\n\t<meta property=\"og:image:height\" content=\"800\" \/>\n\t<meta property=\"og:image:type\" content=\"image\/jpeg\" \/>\n<meta name=\"twitter:card\" content=\"summary_large_image\" \/>\n<meta name=\"twitter:title\" content=\"Neem Seed Pellet (granul\u00e9s de graines de margousier) : Rectificateur de sol et engrais biologique\" \/>\n<meta name=\"twitter:description\" content=\"Donnez \u00e0 vos plantes un coup de pouce naturel avec nos granul\u00e9s de graines de neem. Ces bio-stimulants favorisent le d\u00e9veloppement des racines et la croissance g\u00e9n\u00e9rale des plantes. Essayez-les et vous verrez la diff\u00e9rence !\" \/>\n<meta name=\"twitter:site\" content=\"@natureneem\" \/>\n<meta name=\"twitter:label1\" content=\"Disponibilit\u00e9\" \/>\n\t<meta name=\"twitter:data1\" content=\"En stock\" \/>\n<script type=\"application\/ld+json\" class=\"yoast-schema-graph\">{\"@context\":\"https:\/\/schema.org\",\"@graph\":[{\"@type\":\"WebPage\",\"@id\":\"https:\/\/shop.natureneem.com\/fr\/e-shop\/nutraza\/\",\"url\":\"https:\/\/shop.natureneem.com\/fr\/e-shop\/nutraza\/\",\"name\":\"Neem Seed Pellet : Enrichissement et fertilisation organiques des sols - NatureNeem e-Shop\",\"isPartOf\":{\"@id\":\"https:\/\/shop.natureneem.com\/fr\/#website\"},\"primaryImageOfPage\":{\"@id\":\"https:\/\/shop.natureneem.com\/fr\/e-shop\/nutraza\/#primaryimage\"},\"image\":{\"@id\":\"https:\/\/shop.natureneem.com\/fr\/e-shop\/nutraza\/#primaryimage\"},\"thumbnailUrl\":\"https:\/\/shop.natureneem.com\/wp-content\/uploads\/2024\/10\/nn_nutraza_en-2kg-800x800-1.jpg\",\"datePublished\":\"2023-05-06T15:02:45+00:00\",\"dateModified\":\"2026-03-24T21:32:46+00:00\",\"description\":\"Boostez la croissance de vos plantes avec NutrAZA, des granul\u00e9s de graines de neem. Engrais organique naturel. Favorise le d\u00e9veloppement des racines et prot\u00e8ge contre les parasites. Pastille de neem.\",\"breadcrumb\":{\"@id\":\"https:\/\/shop.natureneem.com\/fr\/e-shop\/nutraza\/#breadcrumb\"},\"inLanguage\":\"fr-FR\",\"potentialAction\":[{\"@type\":\"ReadAction\",\"target\":[\"https:\/\/shop.natureneem.com\/fr\/e-shop\/nutraza\/\"]}]},{\"@type\":\"ImageObject\",\"inLanguage\":\"fr-FR\",\"@id\":\"https:\/\/shop.natureneem.com\/fr\/e-shop\/nutraza\/#primaryimage\",\"url\":\"https:\/\/shop.natureneem.com\/wp-content\/uploads\/2024\/10\/nn_nutraza_en-2kg-800x800-1.jpg\",\"contentUrl\":\"https:\/\/shop.natureneem.com\/wp-content\/uploads\/2024\/10\/nn_nutraza_en-2kg-800x800-1.jpg\",\"width\":800,\"height\":800},{\"@type\":\"BreadcrumbList\",\"@id\":\"https:\/\/shop.natureneem.com\/fr\/e-shop\/nutraza\/#breadcrumb\",\"itemListElement\":[{\"@type\":\"ListItem\",\"position\":1,\"name\":\"Home\",\"item\":\"https:\/\/shop.natureneem.com\/fr\/accueil\/\"},{\"@type\":\"ListItem\",\"position\":2,\"name\":\"e-Shop\",\"item\":\"https:\/\/shop.natureneem.com\/fr\/e-shop\/\"},{\"@type\":\"ListItem\",\"position\":3,\"name\":\"NutrAza\"}]},{\"@type\":\"WebSite\",\"@id\":\"https:\/\/shop.natureneem.com\/fr\/#website\",\"url\":\"https:\/\/shop.natureneem.com\/fr\/\",\"name\":\"NatureNeem e-Shop\",\"description\":\"Official Shop from Nature Neem\",\"publisher\":{\"@id\":\"https:\/\/shop.natureneem.com\/fr\/#organization\"},\"alternateName\":\"Nature Neem\",\"potentialAction\":[{\"@type\":\"SearchAction\",\"target\":{\"@type\":\"EntryPoint\",\"urlTemplate\":\"https:\/\/shop.natureneem.com\/fr\/?s={search_term_string}\"},\"query-input\":{\"@type\":\"PropertyValueSpecification\",\"valueRequired\":true,\"valueName\":\"search_term_string\"}}],\"inLanguage\":\"fr-FR\"},{\"@type\":\"Organization\",\"@id\":\"https:\/\/shop.natureneem.com\/fr\/#organization\",\"name\":\"Nature Neem\",\"alternateName\":\"Lorsun SAS\",\"url\":\"https:\/\/shop.natureneem.com\/fr\/\",\"logo\":{\"@type\":\"ImageObject\",\"inLanguage\":\"fr-FR\",\"@id\":\"https:\/\/shop.natureneem.com\/fr\/#\/schema\/logo\/image\/\",\"url\":\"https:\/\/shop.natureneem.com\/wp-content\/uploads\/2024\/09\/nn-logo-symbole-2024-01.svg\",\"contentUrl\":\"https:\/\/shop.natureneem.com\/wp-content\/uploads\/2024\/09\/nn-logo-symbole-2024-01.svg\",\"width\":1,\"height\":1,\"caption\":\"Nature Neem\"},\"image\":{\"@id\":\"https:\/\/shop.natureneem.com\/fr\/#\/schema\/logo\/image\/\"},\"sameAs\":[\"https:\/\/www.facebook.com\/natureneemindia\/\",\"https:\/\/x.com\/natureneem\",\"https:\/\/www.youtube.com\/user\/natureneem\",\"https:\/\/www.linkedin.com\/company\/natureneem\"],\"description\":\"Nous sommes engag\u00e9s dans le d\u00e9veloppement et la commercialisation de solutions \u00e9cologiques. Nous continuons \u00e0 inventer ces solutions alternatives naturelles qui peuvent remplacer efficacement les produits chimiques de synth\u00e8se qui nuisent \u00e0 notre environnement. Notre \u00e9quipe est particuli\u00e8rement comp\u00e9tente pour proposer des intrants agricoles biologiques. Nous agissons \u00e9galement en tant qu'association de personnes partageant les m\u00eames id\u00e9es et qui croient que la nature est la solution \u00e0 tous les probl\u00e8mes environnementaux rencontr\u00e9s par les \u00eatres humains.   \",\"email\":\"info@natureneem.com\",\"telephone\":\"+91 77084 00899\",\"legalName\":\"NATURE NEEM PRODUCTS\",\"vatID\":\"FR08891657884\",\"numberOfEmployees\":{\"@type\":\"QuantitativeValue\",\"minValue\":\"51\",\"maxValue\":\"200\"},\"publishingPrinciples\":\"https:\/\/shop.natureneem.com\/\",\"actionableFeedbackPolicy\":\"https:\/\/shop.natureneem.com\/return-and-refund-policy\/\",\"hasMerchantReturnPolicy\":{\"@type\":\"MerchantReturnPolicy\",\"merchantReturnLink\":\"https:\/\/shop.natureneem.com\/return-and-refund-policy\/\"}}]}<\/script>\n<meta property=\"og:availability\" content=\"instock\" \/>\n<meta property=\"product:availability\" content=\"instock\" \/>\n<meta property=\"product:retailer_item_id\" content=\"NN-NUT-XX\" \/>\n<meta property=\"product:condition\" content=\"new\" \/>\n<!-- \/ Yoast SEO Premium plugin. -->","yoast_head_json":{"title":"Neem Seed Pellet : Enrichissement et fertilisation organiques des sols - NatureNeem e-Shop","description":"Boostez la croissance de vos plantes avec NutrAZA, des granul\u00e9s de graines de neem. Engrais organique naturel. Favorise le d\u00e9veloppement des racines et prot\u00e8ge contre les parasites. Pastille de neem.","robots":{"index":"index","follow":"follow","max-snippet":"max-snippet:-1","max-image-preview":"max-image-preview:large","max-video-preview":"max-video-preview:-1"},"canonical":"https:\/\/shop.natureneem.com\/fr\/e-shop\/nutraza\/","og_locale":"fr_FR","og_type":"article","og_title":"Puissant engrais \u00e0 base de graines de margousier pour un sol et des plantes sains","og_description":"Stimulez la croissance des plantes et le d\u00e9veloppement des racines avec nos granul\u00e9s de graines de neem. Compos\u00e9es de macronutriments et de micronutriments naturels, c'est le choix biologique parfait. \ud83c\udf3f","og_url":"https:\/\/shop.natureneem.com\/fr\/e-shop\/nutraza\/","og_site_name":"NatureNeem e-Shop","article_publisher":"https:\/\/www.facebook.com\/natureneemindia\/","article_modified_time":"2026-03-24T21:32:46+00:00","og_image":[{"width":800,"height":800,"url":"https:\/\/shop.natureneem.com\/wp-content\/uploads\/2024\/10\/nn_nutraza_en-2kg-800x800-1.jpg","type":"image\/jpeg"}],"twitter_card":"summary_large_image","twitter_title":"Neem Seed Pellet (granul\u00e9s de graines de margousier) : Rectificateur de sol et engrais biologique","twitter_description":"Donnez \u00e0 vos plantes un coup de pouce naturel avec nos granul\u00e9s de graines de neem. Ces bio-stimulants favorisent le d\u00e9veloppement des racines et la croissance g\u00e9n\u00e9rale des plantes. Essayez-les et vous verrez la diff\u00e9rence !","twitter_site":"@natureneem","twitter_misc":{"Disponibilit\u00e9":"En stock"},"schema":{"@context":"https:\/\/schema.org","@graph":[{"@type":"WebPage","@id":"https:\/\/shop.natureneem.com\/fr\/e-shop\/nutraza\/","url":"https:\/\/shop.natureneem.com\/fr\/e-shop\/nutraza\/","name":"Neem Seed Pellet : Enrichissement et fertilisation organiques des sols - NatureNeem e-Shop","isPartOf":{"@id":"https:\/\/shop.natureneem.com\/fr\/#website"},"primaryImageOfPage":{"@id":"https:\/\/shop.natureneem.com\/fr\/e-shop\/nutraza\/#primaryimage"},"image":{"@id":"https:\/\/shop.natureneem.com\/fr\/e-shop\/nutraza\/#primaryimage"},"thumbnailUrl":"https:\/\/shop.natureneem.com\/wp-content\/uploads\/2024\/10\/nn_nutraza_en-2kg-800x800-1.jpg","datePublished":"2023-05-06T15:02:45+00:00","dateModified":"2026-03-24T21:32:46+00:00","description":"Boostez la croissance de vos plantes avec NutrAZA, des granul\u00e9s de graines de neem. Engrais organique naturel. Favorise le d\u00e9veloppement des racines et prot\u00e8ge contre les parasites. Pastille de neem.","breadcrumb":{"@id":"https:\/\/shop.natureneem.com\/fr\/e-shop\/nutraza\/#breadcrumb"},"inLanguage":"fr-FR","potentialAction":[{"@type":"ReadAction","target":["https:\/\/shop.natureneem.com\/fr\/e-shop\/nutraza\/"]}]},{"@type":"ImageObject","inLanguage":"fr-FR","@id":"https:\/\/shop.natureneem.com\/fr\/e-shop\/nutraza\/#primaryimage","url":"https:\/\/shop.natureneem.com\/wp-content\/uploads\/2024\/10\/nn_nutraza_en-2kg-800x800-1.jpg","contentUrl":"https:\/\/shop.natureneem.com\/wp-content\/uploads\/2024\/10\/nn_nutraza_en-2kg-800x800-1.jpg","width":800,"height":800},{"@type":"BreadcrumbList","@id":"https:\/\/shop.natureneem.com\/fr\/e-shop\/nutraza\/#breadcrumb","itemListElement":[{"@type":"ListItem","position":1,"name":"Home","item":"https:\/\/shop.natureneem.com\/fr\/accueil\/"},{"@type":"ListItem","position":2,"name":"e-Shop","item":"https:\/\/shop.natureneem.com\/fr\/e-shop\/"},{"@type":"ListItem","position":3,"name":"NutrAza"}]},{"@type":"WebSite","@id":"https:\/\/shop.natureneem.com\/fr\/#website","url":"https:\/\/shop.natureneem.com\/fr\/","name":"NatureNeem e-Shop","description":"Official Shop from Nature Neem","publisher":{"@id":"https:\/\/shop.natureneem.com\/fr\/#organization"},"alternateName":"Nature Neem","potentialAction":[{"@type":"SearchAction","target":{"@type":"EntryPoint","urlTemplate":"https:\/\/shop.natureneem.com\/fr\/?s={search_term_string}"},"query-input":{"@type":"PropertyValueSpecification","valueRequired":true,"valueName":"search_term_string"}}],"inLanguage":"fr-FR"},{"@type":"Organization","@id":"https:\/\/shop.natureneem.com\/fr\/#organization","name":"Nature Neem","alternateName":"Lorsun SAS","url":"https:\/\/shop.natureneem.com\/fr\/","logo":{"@type":"ImageObject","inLanguage":"fr-FR","@id":"https:\/\/shop.natureneem.com\/fr\/#\/schema\/logo\/image\/","url":"https:\/\/shop.natureneem.com\/wp-content\/uploads\/2024\/09\/nn-logo-symbole-2024-01.svg","contentUrl":"https:\/\/shop.natureneem.com\/wp-content\/uploads\/2024\/09\/nn-logo-symbole-2024-01.svg","width":1,"height":1,"caption":"Nature Neem"},"image":{"@id":"https:\/\/shop.natureneem.com\/fr\/#\/schema\/logo\/image\/"},"sameAs":["https:\/\/www.facebook.com\/natureneemindia\/","https:\/\/x.com\/natureneem","https:\/\/www.youtube.com\/user\/natureneem","https:\/\/www.linkedin.com\/company\/natureneem"],"description":"Nous sommes engag\u00e9s dans le d\u00e9veloppement et la commercialisation de solutions \u00e9cologiques. Nous continuons \u00e0 inventer ces solutions alternatives naturelles qui peuvent remplacer efficacement les produits chimiques de synth\u00e8se qui nuisent \u00e0 notre environnement. Notre \u00e9quipe est particuli\u00e8rement comp\u00e9tente pour proposer des intrants agricoles biologiques. Nous agissons \u00e9galement en tant qu'association de personnes partageant les m\u00eames id\u00e9es et qui croient que la nature est la solution \u00e0 tous les probl\u00e8mes environnementaux rencontr\u00e9s par les \u00eatres humains.   ","email":"info@natureneem.com","telephone":"+91 77084 00899","legalName":"NATURE NEEM PRODUCTS","vatID":"FR08891657884","numberOfEmployees":{"@type":"QuantitativeValue","minValue":"51","maxValue":"200"},"publishingPrinciples":"https:\/\/shop.natureneem.com\/","actionableFeedbackPolicy":"https:\/\/shop.natureneem.com\/return-and-refund-policy\/","hasMerchantReturnPolicy":{"@type":"MerchantReturnPolicy","merchantReturnLink":"https:\/\/shop.natureneem.com\/return-and-refund-policy\/"}}]},"og_availability":"instock","product_availability":"instock","product_retailer_item_id":"NN-NUT-XX","product_condition":"new"},"_links":{"self":[{"href":"https:\/\/shop.natureneem.com\/fr\/wp-json\/wp\/v2\/product\/5657","targetHints":{"allow":["GET"]}}],"collection":[{"href":"https:\/\/shop.natureneem.com\/fr\/wp-json\/wp\/v2\/product"}],"about":[{"href":"https:\/\/shop.natureneem.com\/fr\/wp-json\/wp\/v2\/types\/product"}],"replies":[{"embeddable":true,"href":"https:\/\/shop.natureneem.com\/fr\/wp-json\/wp\/v2\/comments?post=5657"}],"wp:featuredmedia":[{"embeddable":true,"href":"https:\/\/shop.natureneem.com\/fr\/wp-json\/wp\/v2\/media\/11907"}],"wp:attachment":[{"href":"https:\/\/shop.natureneem.com\/fr\/wp-json\/wp\/v2\/media?parent=5657"}],"wp:term":[{"taxonomy":"product_brand","embeddable":true,"href":"https:\/\/shop.natureneem.com\/fr\/wp-json\/wp\/v2\/product_brand?post=5657"},{"taxonomy":"product_cat","embeddable":true,"href":"https:\/\/shop.natureneem.com\/fr\/wp-json\/wp\/v2\/product_cat?post=5657"},{"taxonomy":"product_tag","embeddable":true,"href":"https:\/\/shop.natureneem.com\/fr\/wp-json\/wp\/v2\/product_tag?post=5657"}],"curies":[{"name":"wp","href":"https:\/\/api.w.org\/{rel}","templated":true}]}}