{"id":10183,"date":"2024-11-28T04:27:20","date_gmt":"2024-11-28T03:27:20","guid":{"rendered":"https:\/\/shop.natureneem.com\/e-shop\/olio-di-sesamo\/"},"modified":"2025-01-04T09:44:27","modified_gmt":"2025-01-04T08:44:27","slug":"olio-di-sesamo","status":"publish","type":"product","link":"https:\/\/shop.natureneem.com\/it\/e-shop\/olio-di-sesamo\/","title":{"rendered":"Olio di sesamo"},"content":{"rendered":"<h3><strong>Cucinare<\/strong><\/h3>\n<p style=\"padding-left: 40px;\">Saltare in padella, friggere poco, saltare in padella, cuocere al forno e condire l&#8217;insalata. L&#8217;olio di sesamo ha un punto di fumo pi\u00f9 alto, che lo rende ideale per friggere e grigliare. <\/p>\n<h3><strong>Cosmetici<\/strong><\/h3>\n<p style=\"padding-left: 40px;\"><strong>Promuove la crescita dei capelli:<\/strong> Applicare sul cuoio capelluto e sulla pelle e massaggiare delicatamente. Lascia agire per 20 minuti prima di detergere. <strong>Pelle:<\/strong> Massaggia uno strato sottile. Agisce come una protezione solare naturale e previene i danni del sole. Guarisce le ferite. Inoltre, \u00e8 un agente anti-et\u00e0 in grado di cancellare le occhiaie e le rughe. Riduce le infiammazioni.\n    <\/p>\n<h3><strong>Medicinale<\/strong><\/h3>\n<p style=\"padding-left: 40px;\">Antiossidante e antinfiammatorio. Regola la glicemia e aiuta ad alleviare la depressione.<br \/>\nFa bene al cuore: Contiene Omega-3 e Omega-6. Riduce i depositi di grasso sui vasi sanguigni.  <\/p>\n<h3><strong>Caratteristiche<\/strong><\/h3>\n<p style=\"padding-left: 40px;\">Olio di Sesamo puro senza additivi o sostanze chimiche come parabeni e alcol.<br \/>\nVegan e cruelty-free &#8211; non testato sugli animali.<\/p>\n<h3><strong>Conservazione<\/strong><\/h3>\n<p style=\"padding-left: 40px;\">Pu\u00f2 essere conservato in un luogo fresco e asciutto per almeno 2 anni.<br \/>\nMa dopo l&#8217;apertura, conservalo in frigorifero e consumalo entro 3 mesi.<\/p>\n","protected":false},"excerpt":{"rendered":"<p>L&#8217;olio di sesamo \u00e8 uno degli oli pi\u00f9 diffusi e utilizzati nell&#8217;Ayurveda e in India viene spesso definito &#8220;il re degli oli&#8221;. I suoi benefici e le sue propriet\u00e0 possono essere paragonati all&#8217;olio di oliva, anche se il sapore non \u00e8 simile. L&#8217;olio di sesamo che ti proponiamo \u00e8 puro e non raffinato. \u00c8 ottenuto dalla spremitura a freddo di semi di sesamo coltivati in giardini biologici dell&#8217;India meridionale.<\/p>\n","protected":false},"featured_media":10090,"comment_status":"closed","ping_status":"closed","template":"","meta":[],"product_brand":[],"product_cat":[682],"product_tag":[],"class_list":{"0":"post-10183","1":"product","2":"type-product","3":"status-publish","4":"has-post-thumbnail","6":"product_cat-altri-prodotti","7":"product_shipping_class-06kg","9":"first","10":"instock","11":"sale","12":"shipping-taxable","13":"purchasable","14":"product-type-simple"},"yoast_head":"<!-- This site is optimized with the Yoast SEO Premium plugin v27.1 (Yoast SEO v27.2) - https:\/\/yoast.com\/product\/yoast-seo-premium-wordpress\/ -->\n<title>Olio di sesamo - NatureNeem e-Shop<\/title>\n<meta name=\"robots\" content=\"index, follow, max-snippet:-1, max-image-preview:large, max-video-preview:-1\" \/>\n<link rel=\"canonical\" href=\"https:\/\/shop.natureneem.com\/it\/e-shop\/olio-di-sesamo\/\" \/>\n<meta property=\"og:locale\" content=\"it_IT\" \/>\n<meta property=\"og:type\" content=\"article\" \/>\n<meta property=\"og:title\" content=\"Olio di sesamo\" \/>\n<meta property=\"og:description\" content=\"L&#039;olio di sesamo \u00e8 uno degli oli pi\u00f9 diffusi e utilizzati nell&#039;Ayurveda e in India viene spesso definito &quot;il re degli oli&quot;. I suoi benefici e le sue propriet\u00e0 possono essere paragonati all&#039;olio di oliva, anche se il sapore non \u00e8 simile. L&#039;olio di sesamo che ti proponiamo \u00e8 puro e non raffinato. \u00c8 ottenuto dalla spremitura a freddo di semi di sesamo coltivati in giardini biologici dell&#039;India meridionale.\" \/>\n<meta property=\"og:url\" content=\"https:\/\/shop.natureneem.com\/it\/e-shop\/olio-di-sesamo\/\" \/>\n<meta property=\"og:site_name\" content=\"NatureNeem e-Shop\" \/>\n<meta property=\"article:publisher\" content=\"https:\/\/www.facebook.com\/natureneemindia\/\" \/>\n<meta property=\"article:modified_time\" content=\"2025-01-04T08:44:27+00:00\" \/>\n<meta property=\"og:image\" content=\"https:\/\/shop.natureneem.com\/wp-content\/uploads\/2024\/11\/NN-Sesame_Oil_500ml_2024-11-28_01.jpg\" \/>\n\t<meta property=\"og:image:width\" content=\"2000\" \/>\n\t<meta property=\"og:image:height\" content=\"2000\" \/>\n\t<meta property=\"og:image:type\" content=\"image\/jpeg\" \/>\n<meta name=\"twitter:card\" content=\"summary_large_image\" \/>\n<meta name=\"twitter:site\" content=\"@natureneem\" \/>\n<meta name=\"twitter:label1\" content=\"Prezzo\" \/>\n\t<meta name=\"twitter:data1\" content=\"12,99&nbsp;&euro;\" \/>\n\t<meta name=\"twitter:label2\" content=\"Disponibilit\u00e0\" \/>\n\t<meta name=\"twitter:data2\" content=\"In stock\" \/>\n<script type=\"application\/ld+json\" class=\"yoast-schema-graph\">{\"@context\":\"https:\/\/schema.org\",\"@graph\":[{\"@type\":\"WebPage\",\"@id\":\"https:\/\/shop.natureneem.com\/it\/e-shop\/olio-di-sesamo\/\",\"url\":\"https:\/\/shop.natureneem.com\/it\/e-shop\/olio-di-sesamo\/\",\"name\":\"Olio di sesamo - NatureNeem e-Shop\",\"isPartOf\":{\"@id\":\"https:\/\/shop.natureneem.com\/it\/#website\"},\"primaryImageOfPage\":{\"@id\":\"https:\/\/shop.natureneem.com\/it\/e-shop\/olio-di-sesamo\/#primaryimage\"},\"image\":{\"@id\":\"https:\/\/shop.natureneem.com\/it\/e-shop\/olio-di-sesamo\/#primaryimage\"},\"thumbnailUrl\":\"https:\/\/shop.natureneem.com\/wp-content\/uploads\/2024\/11\/NN-Sesame_Oil_500ml_2024-11-28_01.jpg\",\"datePublished\":\"2024-11-28T03:27:20+00:00\",\"dateModified\":\"2025-01-04T08:44:27+00:00\",\"breadcrumb\":{\"@id\":\"https:\/\/shop.natureneem.com\/it\/e-shop\/olio-di-sesamo\/#breadcrumb\"},\"inLanguage\":\"it-IT\",\"potentialAction\":[{\"@type\":\"ReadAction\",\"target\":[\"https:\/\/shop.natureneem.com\/it\/e-shop\/olio-di-sesamo\/\"]}]},{\"@type\":\"ImageObject\",\"inLanguage\":\"it-IT\",\"@id\":\"https:\/\/shop.natureneem.com\/it\/e-shop\/olio-di-sesamo\/#primaryimage\",\"url\":\"https:\/\/shop.natureneem.com\/wp-content\/uploads\/2024\/11\/NN-Sesame_Oil_500ml_2024-11-28_01.jpg\",\"contentUrl\":\"https:\/\/shop.natureneem.com\/wp-content\/uploads\/2024\/11\/NN-Sesame_Oil_500ml_2024-11-28_01.jpg\",\"width\":2000,\"height\":2000},{\"@type\":\"BreadcrumbList\",\"@id\":\"https:\/\/shop.natureneem.com\/it\/e-shop\/olio-di-sesamo\/#breadcrumb\",\"itemListElement\":[{\"@type\":\"ListItem\",\"position\":1,\"name\":\"Home\",\"item\":\"https:\/\/shop.natureneem.com\/it\/casa\/\"},{\"@type\":\"ListItem\",\"position\":2,\"name\":\"e-Shop\",\"item\":\"https:\/\/shop.natureneem.com\/it\/e-shop\/\"},{\"@type\":\"ListItem\",\"position\":3,\"name\":\"Olio di sesamo\"}]},{\"@type\":\"WebSite\",\"@id\":\"https:\/\/shop.natureneem.com\/it\/#website\",\"url\":\"https:\/\/shop.natureneem.com\/it\/\",\"name\":\"NatureNeem e-Shop\",\"description\":\"Official Shop from Nature Neem\",\"publisher\":{\"@id\":\"https:\/\/shop.natureneem.com\/it\/#organization\"},\"alternateName\":\"Nature Neem\",\"potentialAction\":[{\"@type\":\"SearchAction\",\"target\":{\"@type\":\"EntryPoint\",\"urlTemplate\":\"https:\/\/shop.natureneem.com\/it\/?s={search_term_string}\"},\"query-input\":{\"@type\":\"PropertyValueSpecification\",\"valueRequired\":true,\"valueName\":\"search_term_string\"}}],\"inLanguage\":\"it-IT\"},{\"@type\":\"Organization\",\"@id\":\"https:\/\/shop.natureneem.com\/it\/#organization\",\"name\":\"Nature Neem\",\"alternateName\":\"Lorsun SAS\",\"url\":\"https:\/\/shop.natureneem.com\/it\/\",\"logo\":{\"@type\":\"ImageObject\",\"inLanguage\":\"it-IT\",\"@id\":\"https:\/\/shop.natureneem.com\/it\/#\/schema\/logo\/image\/\",\"url\":\"https:\/\/shop.natureneem.com\/wp-content\/uploads\/2024\/09\/nn-logo-symbole-2024-01.svg\",\"contentUrl\":\"https:\/\/shop.natureneem.com\/wp-content\/uploads\/2024\/09\/nn-logo-symbole-2024-01.svg\",\"width\":1,\"height\":1,\"caption\":\"Nature Neem\"},\"image\":{\"@id\":\"https:\/\/shop.natureneem.com\/it\/#\/schema\/logo\/image\/\"},\"sameAs\":[\"https:\/\/www.facebook.com\/natureneemindia\/\",\"https:\/\/x.com\/natureneem\",\"https:\/\/www.youtube.com\/user\/natureneem\",\"https:\/\/www.linkedin.com\/company\/natureneem\"],\"description\":\"Siamo impegnati nello sviluppo e nella commercializzazione di soluzioni ecologiche. Continuiamo a inventare queste soluzioni alternative naturali che possono sostituire efficacemente i prodotti di sintesi chimica che danneggiano il nostro ambiente. Il nostro team \u00e8 particolarmente competente nella proposta di prodotti agricoli biologici. Siamo anche un'associazione di persone che la pensano come noi e che credono che la natura sia la soluzione per tutti i problemi ambientali che l'uomo deve affrontare.   \",\"email\":\"info@natureneem.com\",\"telephone\":\"+91 77084 00899\",\"legalName\":\"NATURE NEEM PRODUCTS\",\"vatID\":\"FR08891657884\",\"numberOfEmployees\":{\"@type\":\"QuantitativeValue\",\"minValue\":\"51\",\"maxValue\":\"200\"},\"publishingPrinciples\":\"https:\/\/shop.natureneem.com\/\",\"actionableFeedbackPolicy\":\"https:\/\/shop.natureneem.com\/return-and-refund-policy\/\",\"hasMerchantReturnPolicy\":{\"@type\":\"MerchantReturnPolicy\",\"merchantReturnLink\":\"https:\/\/shop.natureneem.com\/return-and-refund-policy\/\"}}]}<\/script>\n<meta property=\"product:price:amount\" content=\"12.99\" \/>\n<meta property=\"product:price:currency\" content=\"EUR\" \/>\n<meta property=\"og:availability\" content=\"instock\" \/>\n<meta property=\"product:availability\" content=\"instock\" \/>\n<meta property=\"product:retailer_item_id\" content=\"NN-SO-0500\" \/>\n<meta property=\"product:condition\" content=\"new\" \/>\n<!-- \/ Yoast SEO Premium plugin. -->","yoast_head_json":{"title":"Olio di sesamo - NatureNeem e-Shop","robots":{"index":"index","follow":"follow","max-snippet":"max-snippet:-1","max-image-preview":"max-image-preview:large","max-video-preview":"max-video-preview:-1"},"canonical":"https:\/\/shop.natureneem.com\/it\/e-shop\/olio-di-sesamo\/","og_locale":"it_IT","og_type":"article","og_title":"Olio di sesamo","og_description":"L'olio di sesamo \u00e8 uno degli oli pi\u00f9 diffusi e utilizzati nell'Ayurveda e in India viene spesso definito \"il re degli oli\". I suoi benefici e le sue propriet\u00e0 possono essere paragonati all'olio di oliva, anche se il sapore non \u00e8 simile. L'olio di sesamo che ti proponiamo \u00e8 puro e non raffinato. \u00c8 ottenuto dalla spremitura a freddo di semi di sesamo coltivati in giardini biologici dell'India meridionale.","og_url":"https:\/\/shop.natureneem.com\/it\/e-shop\/olio-di-sesamo\/","og_site_name":"NatureNeem e-Shop","article_publisher":"https:\/\/www.facebook.com\/natureneemindia\/","article_modified_time":"2025-01-04T08:44:27+00:00","og_image":[{"width":2000,"height":2000,"url":"https:\/\/shop.natureneem.com\/wp-content\/uploads\/2024\/11\/NN-Sesame_Oil_500ml_2024-11-28_01.jpg","type":"image\/jpeg"}],"twitter_card":"summary_large_image","twitter_site":"@natureneem","twitter_misc":{"Prezzo":"12,99&nbsp;&euro;","Disponibilit\u00e0":"In stock"},"schema":{"@context":"https:\/\/schema.org","@graph":[{"@type":"WebPage","@id":"https:\/\/shop.natureneem.com\/it\/e-shop\/olio-di-sesamo\/","url":"https:\/\/shop.natureneem.com\/it\/e-shop\/olio-di-sesamo\/","name":"Olio di sesamo - NatureNeem e-Shop","isPartOf":{"@id":"https:\/\/shop.natureneem.com\/it\/#website"},"primaryImageOfPage":{"@id":"https:\/\/shop.natureneem.com\/it\/e-shop\/olio-di-sesamo\/#primaryimage"},"image":{"@id":"https:\/\/shop.natureneem.com\/it\/e-shop\/olio-di-sesamo\/#primaryimage"},"thumbnailUrl":"https:\/\/shop.natureneem.com\/wp-content\/uploads\/2024\/11\/NN-Sesame_Oil_500ml_2024-11-28_01.jpg","datePublished":"2024-11-28T03:27:20+00:00","dateModified":"2025-01-04T08:44:27+00:00","breadcrumb":{"@id":"https:\/\/shop.natureneem.com\/it\/e-shop\/olio-di-sesamo\/#breadcrumb"},"inLanguage":"it-IT","potentialAction":[{"@type":"ReadAction","target":["https:\/\/shop.natureneem.com\/it\/e-shop\/olio-di-sesamo\/"]}]},{"@type":"ImageObject","inLanguage":"it-IT","@id":"https:\/\/shop.natureneem.com\/it\/e-shop\/olio-di-sesamo\/#primaryimage","url":"https:\/\/shop.natureneem.com\/wp-content\/uploads\/2024\/11\/NN-Sesame_Oil_500ml_2024-11-28_01.jpg","contentUrl":"https:\/\/shop.natureneem.com\/wp-content\/uploads\/2024\/11\/NN-Sesame_Oil_500ml_2024-11-28_01.jpg","width":2000,"height":2000},{"@type":"BreadcrumbList","@id":"https:\/\/shop.natureneem.com\/it\/e-shop\/olio-di-sesamo\/#breadcrumb","itemListElement":[{"@type":"ListItem","position":1,"name":"Home","item":"https:\/\/shop.natureneem.com\/it\/casa\/"},{"@type":"ListItem","position":2,"name":"e-Shop","item":"https:\/\/shop.natureneem.com\/it\/e-shop\/"},{"@type":"ListItem","position":3,"name":"Olio di sesamo"}]},{"@type":"WebSite","@id":"https:\/\/shop.natureneem.com\/it\/#website","url":"https:\/\/shop.natureneem.com\/it\/","name":"NatureNeem e-Shop","description":"Official Shop from Nature Neem","publisher":{"@id":"https:\/\/shop.natureneem.com\/it\/#organization"},"alternateName":"Nature Neem","potentialAction":[{"@type":"SearchAction","target":{"@type":"EntryPoint","urlTemplate":"https:\/\/shop.natureneem.com\/it\/?s={search_term_string}"},"query-input":{"@type":"PropertyValueSpecification","valueRequired":true,"valueName":"search_term_string"}}],"inLanguage":"it-IT"},{"@type":"Organization","@id":"https:\/\/shop.natureneem.com\/it\/#organization","name":"Nature Neem","alternateName":"Lorsun SAS","url":"https:\/\/shop.natureneem.com\/it\/","logo":{"@type":"ImageObject","inLanguage":"it-IT","@id":"https:\/\/shop.natureneem.com\/it\/#\/schema\/logo\/image\/","url":"https:\/\/shop.natureneem.com\/wp-content\/uploads\/2024\/09\/nn-logo-symbole-2024-01.svg","contentUrl":"https:\/\/shop.natureneem.com\/wp-content\/uploads\/2024\/09\/nn-logo-symbole-2024-01.svg","width":1,"height":1,"caption":"Nature Neem"},"image":{"@id":"https:\/\/shop.natureneem.com\/it\/#\/schema\/logo\/image\/"},"sameAs":["https:\/\/www.facebook.com\/natureneemindia\/","https:\/\/x.com\/natureneem","https:\/\/www.youtube.com\/user\/natureneem","https:\/\/www.linkedin.com\/company\/natureneem"],"description":"Siamo impegnati nello sviluppo e nella commercializzazione di soluzioni ecologiche. Continuiamo a inventare queste soluzioni alternative naturali che possono sostituire efficacemente i prodotti di sintesi chimica che danneggiano il nostro ambiente. Il nostro team \u00e8 particolarmente competente nella proposta di prodotti agricoli biologici. Siamo anche un'associazione di persone che la pensano come noi e che credono che la natura sia la soluzione per tutti i problemi ambientali che l'uomo deve affrontare.   ","email":"info@natureneem.com","telephone":"+91 77084 00899","legalName":"NATURE NEEM PRODUCTS","vatID":"FR08891657884","numberOfEmployees":{"@type":"QuantitativeValue","minValue":"51","maxValue":"200"},"publishingPrinciples":"https:\/\/shop.natureneem.com\/","actionableFeedbackPolicy":"https:\/\/shop.natureneem.com\/return-and-refund-policy\/","hasMerchantReturnPolicy":{"@type":"MerchantReturnPolicy","merchantReturnLink":"https:\/\/shop.natureneem.com\/return-and-refund-policy\/"}}]},"product_price_amount":"12.99","product_price_currency":"EUR","og_availability":"instock","product_availability":"instock","product_retailer_item_id":"NN-SO-0500","product_condition":"new"},"_links":{"self":[{"href":"https:\/\/shop.natureneem.com\/it\/wp-json\/wp\/v2\/product\/10183","targetHints":{"allow":["GET"]}}],"collection":[{"href":"https:\/\/shop.natureneem.com\/it\/wp-json\/wp\/v2\/product"}],"about":[{"href":"https:\/\/shop.natureneem.com\/it\/wp-json\/wp\/v2\/types\/product"}],"replies":[{"embeddable":true,"href":"https:\/\/shop.natureneem.com\/it\/wp-json\/wp\/v2\/comments?post=10183"}],"wp:featuredmedia":[{"embeddable":true,"href":"https:\/\/shop.natureneem.com\/it\/wp-json\/wp\/v2\/media\/10090"}],"wp:attachment":[{"href":"https:\/\/shop.natureneem.com\/it\/wp-json\/wp\/v2\/media?parent=10183"}],"wp:term":[{"taxonomy":"product_brand","embeddable":true,"href":"https:\/\/shop.natureneem.com\/it\/wp-json\/wp\/v2\/product_brand?post=10183"},{"taxonomy":"product_cat","embeddable":true,"href":"https:\/\/shop.natureneem.com\/it\/wp-json\/wp\/v2\/product_cat?post=10183"},{"taxonomy":"product_tag","embeddable":true,"href":"https:\/\/shop.natureneem.com\/it\/wp-json\/wp\/v2\/product_tag?post=10183"}],"curies":[{"name":"wp","href":"https:\/\/api.w.org\/{rel}","templated":true}]}}