{"id":10188,"date":"2024-11-27T20:31:38","date_gmt":"2024-11-27T19:31:38","guid":{"rendered":"https:\/\/shop.natureneem.com\/e-shop\/olio-di-senape\/"},"modified":"2025-04-03T00:10:49","modified_gmt":"2025-04-02T22:10:49","slug":"olio-di-senape","status":"publish","type":"product","link":"https:\/\/shop.natureneem.com\/it\/e-shop\/olio-di-senape\/","title":{"rendered":"Olio di senape"},"content":{"rendered":"<h2 style=\"text-align: left;\"><strong>100% Olio puro spremuto a freddo dai semi di senape gialla<\/strong><\/h2>\n<h3 style=\"text-align: justify;\"><strong>Cosa fa la differenza nel nostro olio di senape?<\/strong><\/h3>\n<h4 style=\"text-align: justify; padding-left: 40px;\"><strong>Olio di senape Nature Neem<\/strong><\/h4>\n<div style=\"text-align: justify; padding-left: 40px;\">Il nostro olio di senape \u00e8 ottenuto dai semi di senape gialla Brassica Alba, che hanno un basso contenuto di acido erucico (chiamata anche senape bianca). \u00c8 spremuto a freddo, non raffinato e puro. Inoltre, il sapore \u00e8 pi\u00f9 vivace e pungente e il colore \u00e8 pi\u00f9 scuro, a indicare la sua purezza e la sua composizione naturale.  <\/div>\n<h4 style=\"text-align: justify; padding-left: 40px;\"><strong>Altri oli di senape pi\u00f9 economici<\/strong><\/h4>\n<p style=\"text-align: justify; padding-left: 40px;\">La maggior parte dei prodotti a base di olio di senape disponibili sul mercato sono ottenuti con metodi di estrazione pi\u00f9 economici che utilizzano solventi chimici e calore elevato. L&#8217;odore di questo olio estratto chimicamente \u00e8 talmente rancido che viene utilizzato un processo di sbiancamento per deodorarlo. Quindi, l&#8217;olio non raffinato sembra essere pi\u00f9 chiaro e pi\u00f9 economico. Inoltre, questo processo industriale crea acidi grassi omega-6 e acido erucico che non fanno bene al nostro organismo.   <\/p>\n<h3 style=\"text-align: justify;\"><strong>Benefici dell&#8217;olio di senape per la pelle<\/strong><\/h3>\n<ul>\n<li style=\"text-align: justify;\"><strong>Elimina le linee della pelle e le rughe: <\/strong>La ricchezza di acidi omega e di acido alfa-linolenico previene l&#8217;invecchiamento precoce della pelle. L&#8217;olio di senape aumenta la produzione di collagene, essenziale per mantenere la pelle giovane. <\/li>\n<li style=\"text-align: justify;\"><strong>Eruzioni cutanee: <\/strong>le sue propriet\u00e0 antimicrobiche e antifungine sono efficaci nel trattamento di problemi della pelle come eruzioni cutanee, brufoli e prurito. \u00c8 un buon rimedio per le allergie cutanee. <\/li>\n<li style=\"text-align: justify;\"><strong>Esfoliazione: l&#8217;<\/strong>olio di senape viene utilizzato per esfoliare e nutrire la pelle. Pulisce i pori della pelle, agisce come un detergente naturale e rende la pelle pi\u00f9 luminosa. <\/li>\n<\/ul>\n<h3 style=\"text-align: justify;\"><strong>Olio di senape per tosse e raffreddore<\/strong><\/h3>\n<p style=\"text-align: justify; padding-left: 40px;\">\u00c8 un rimedio naturale per raffreddore, tosse e congestione. L&#8217;inalazione di vapore contenente olio di senape \u00e8 nota per eliminare la congestione e portare sollievo. \u00c8 utile anche per chi soffre di sinusite. L&#8217;olio di senape leggermente riscaldato con aglio e chiodi di garofano e massaggiato sul petto e sui piedi porta sollievo da raffreddore e tosse.   <\/p>\n<h3 style=\"text-align: justify;\"><strong>Olio di senape per capelli<\/strong><\/h3>\n<ul>\n<li style=\"text-align: justify;\">Anche l&#8217;olio di senape pu\u00f2 essere utilizzato per ottenere i capelli dei tuoi sogni. I benefici dell&#8217;olio di senape per i capelli possono essere attribuiti alla presenza di acidi grassi omega. <\/li>\n<li style=\"text-align: justify;\">Aiuta a mantenere l&#8217;idratazione dei capelli e a mantenerli setosi e vivaci.<\/li>\n<li style=\"text-align: justify;\">Massaggiare l&#8217;olio di senape sul cuoio capelluto lo nutre e lo rafforza e dona lucentezza ai capelli.<\/li>\n<li style=\"text-align: justify;\">Essendo uno stimolante naturale, l&#8217;olio di senape migliora la circolazione sanguigna del cuoio capelluto. Una circolazione sanguigna efficiente riduce la caduta dei capelli e l&#8217;assottigliamento dovuto a una cattiva circolazione. <\/li>\n<li style=\"text-align: justify;\">Puoi preparare una maschera per capelli all&#8217;olio di senape nel seguente modo:\n<ul>\n<li style=\"text-align: justify;\">Mescola 1 cucchiaio di olio di senape, olio di jojoba e olio di mandorle.<\/li>\n<li style=\"text-align: justify;\">Scalda l&#8217;olio per 10 secondi.<\/li>\n<li style=\"text-align: justify;\">Applica la maschera sulle radici e sulle ciocche.<\/li>\n<li style=\"text-align: justify;\">Lascia agire per 30 minuti e lava i capelli con acqua tiepida.<\/li>\n<\/ul>\n<\/li>\n<\/ul>\n<h3><strong>Conservazione<\/strong><\/h3>\n<p style=\"padding-left: 40px;\">Pu\u00f2 essere conservato in un luogo fresco e asciutto per almeno 2 anni.<br \/>\nMa dopo l&#8217;apertura, conservalo in frigorifero e consumalo entro 3 mesi.<\/p>\n<p style=\"padding-left: 40px;\">La migliore qualit\u00e0 dell&#8217;olio di semi di senape spremuto a freddo.<\/p>\n","protected":false},"excerpt":{"rendered":"<p>Con la sua ricca storia e il suo significato culturale, l&#8217;olio di senape \u00e8 stato per secoli parte integrante della civilt\u00e0 umana.<\/p>\n<p>I testi ayurvedici citano l&#8217;olio di senape come potente rimedio per diversi disturbi.<\/p>\n","protected":false},"featured_media":10036,"comment_status":"closed","ping_status":"closed","template":"","meta":[],"product_brand":[],"product_cat":[682],"product_tag":[],"class_list":{"0":"post-10188","1":"product","2":"type-product","3":"status-publish","4":"has-post-thumbnail","6":"product_cat-altri-prodotti","7":"product_shipping_class-06kg","9":"first","10":"instock","11":"sale","12":"shipping-taxable","13":"purchasable","14":"product-type-simple"},"yoast_head":"<!-- This site is optimized with the Yoast SEO Premium plugin v27.1 (Yoast SEO v27.2) - https:\/\/yoast.com\/product\/yoast-seo-premium-wordpress\/ -->\n<title>Olio spremuto a freddo dai semi di senape - Qualit\u00e0 pura - NatureNeem e-Shop<\/title>\n<meta name=\"description\" content=\"Scopri i benefici dell&#039;olio di semi di senape spremuti a freddo. Questo olio non raffinato promuove la salute della pelle e migliora la tua cucina! \ud83c\udf31 Olio di senape per i capelli \ud83d\udc69\ud83c\udffd\u200d\ud83e\uddb0\ud83d\udc71\ud83c\udffd\u200d\u2640\ufe0f\ud83d\udc69\ud83c\udffd\" \/>\n<meta name=\"robots\" content=\"index, follow, max-snippet:-1, max-image-preview:large, max-video-preview:-1\" \/>\n<link rel=\"canonical\" href=\"https:\/\/shop.natureneem.com\/it\/e-shop\/olio-di-senape\/\" \/>\n<meta property=\"og:locale\" content=\"it_IT\" \/>\n<meta property=\"og:type\" content=\"article\" \/>\n<meta property=\"og:title\" content=\"Olio di senape\" \/>\n<meta property=\"og:description\" content=\"Scopri i benefici dell&#039;olio di semi di senape spremuti a freddo. Questo olio non raffinato promuove la salute della pelle e migliora la tua cucina! \ud83c\udf31 Olio di senape per i capelli \ud83d\udc69\ud83c\udffd\u200d\ud83e\uddb0\ud83d\udc71\ud83c\udffd\u200d\u2640\ufe0f\ud83d\udc69\ud83c\udffd\" \/>\n<meta property=\"og:url\" content=\"https:\/\/shop.natureneem.com\/it\/e-shop\/olio-di-senape\/\" \/>\n<meta property=\"og:site_name\" content=\"NatureNeem e-Shop\" \/>\n<meta property=\"article:publisher\" content=\"https:\/\/www.facebook.com\/natureneemindia\/\" \/>\n<meta property=\"article:modified_time\" content=\"2025-04-02T22:10:49+00:00\" \/>\n<meta property=\"og:image\" content=\"https:\/\/shop.natureneem.com\/wp-content\/uploads\/2024\/11\/NN-Mustard_Oil_500ml_2024-11-28_01.jpg\" \/>\n\t<meta property=\"og:image:width\" content=\"2000\" \/>\n\t<meta property=\"og:image:height\" content=\"2000\" \/>\n\t<meta property=\"og:image:type\" content=\"image\/jpeg\" \/>\n<meta name=\"twitter:card\" content=\"summary_large_image\" \/>\n<meta name=\"twitter:site\" content=\"@natureneem\" \/>\n<meta name=\"twitter:label1\" content=\"Prezzo\" \/>\n\t<meta name=\"twitter:data1\" content=\"11,99&nbsp;&euro;\" \/>\n\t<meta name=\"twitter:label2\" content=\"Disponibilit\u00e0\" \/>\n\t<meta name=\"twitter:data2\" content=\"In stock\" \/>\n<script type=\"application\/ld+json\" class=\"yoast-schema-graph\">{\"@context\":\"https:\/\/schema.org\",\"@graph\":[{\"@type\":\"WebPage\",\"@id\":\"https:\/\/shop.natureneem.com\/it\/e-shop\/olio-di-senape\/\",\"url\":\"https:\/\/shop.natureneem.com\/it\/e-shop\/olio-di-senape\/\",\"name\":\"Olio spremuto a freddo dai semi di senape - Qualit\u00e0 pura - NatureNeem e-Shop\",\"isPartOf\":{\"@id\":\"https:\/\/shop.natureneem.com\/it\/#website\"},\"primaryImageOfPage\":{\"@id\":\"https:\/\/shop.natureneem.com\/it\/e-shop\/olio-di-senape\/#primaryimage\"},\"image\":{\"@id\":\"https:\/\/shop.natureneem.com\/it\/e-shop\/olio-di-senape\/#primaryimage\"},\"thumbnailUrl\":\"https:\/\/shop.natureneem.com\/wp-content\/uploads\/2024\/11\/NN-Mustard_Oil_500ml_2024-11-28_01.jpg\",\"datePublished\":\"2024-11-27T19:31:38+00:00\",\"dateModified\":\"2025-04-02T22:10:49+00:00\",\"description\":\"Scopri i benefici dell'olio di semi di senape spremuti a freddo. Questo olio non raffinato promuove la salute della pelle e migliora la tua cucina! \ud83c\udf31 Olio di senape per i capelli \ud83d\udc69\ud83c\udffd\u200d\ud83e\uddb0\ud83d\udc71\ud83c\udffd\u200d\u2640\ufe0f\ud83d\udc69\ud83c\udffd\",\"breadcrumb\":{\"@id\":\"https:\/\/shop.natureneem.com\/it\/e-shop\/olio-di-senape\/#breadcrumb\"},\"inLanguage\":\"it-IT\",\"potentialAction\":[{\"@type\":\"ReadAction\",\"target\":[\"https:\/\/shop.natureneem.com\/it\/e-shop\/olio-di-senape\/\"]}]},{\"@type\":\"ImageObject\",\"inLanguage\":\"it-IT\",\"@id\":\"https:\/\/shop.natureneem.com\/it\/e-shop\/olio-di-senape\/#primaryimage\",\"url\":\"https:\/\/shop.natureneem.com\/wp-content\/uploads\/2024\/11\/NN-Mustard_Oil_500ml_2024-11-28_01.jpg\",\"contentUrl\":\"https:\/\/shop.natureneem.com\/wp-content\/uploads\/2024\/11\/NN-Mustard_Oil_500ml_2024-11-28_01.jpg\",\"width\":2000,\"height\":2000,\"caption\":\"Olio di senape di Nature Neem (Brassica Alba) Olio di semi di senape Nature Neem India\"},{\"@type\":\"BreadcrumbList\",\"@id\":\"https:\/\/shop.natureneem.com\/it\/e-shop\/olio-di-senape\/#breadcrumb\",\"itemListElement\":[{\"@type\":\"ListItem\",\"position\":1,\"name\":\"Home\",\"item\":\"https:\/\/shop.natureneem.com\/it\/casa\/\"},{\"@type\":\"ListItem\",\"position\":2,\"name\":\"e-Shop\",\"item\":\"https:\/\/shop.natureneem.com\/it\/e-shop\/\"},{\"@type\":\"ListItem\",\"position\":3,\"name\":\"Olio di senape\"}]},{\"@type\":\"WebSite\",\"@id\":\"https:\/\/shop.natureneem.com\/it\/#website\",\"url\":\"https:\/\/shop.natureneem.com\/it\/\",\"name\":\"NatureNeem e-Shop\",\"description\":\"Official Shop from Nature Neem\",\"publisher\":{\"@id\":\"https:\/\/shop.natureneem.com\/it\/#organization\"},\"alternateName\":\"Nature Neem\",\"potentialAction\":[{\"@type\":\"SearchAction\",\"target\":{\"@type\":\"EntryPoint\",\"urlTemplate\":\"https:\/\/shop.natureneem.com\/it\/?s={search_term_string}\"},\"query-input\":{\"@type\":\"PropertyValueSpecification\",\"valueRequired\":true,\"valueName\":\"search_term_string\"}}],\"inLanguage\":\"it-IT\"},{\"@type\":\"Organization\",\"@id\":\"https:\/\/shop.natureneem.com\/it\/#organization\",\"name\":\"Nature Neem\",\"alternateName\":\"Lorsun SAS\",\"url\":\"https:\/\/shop.natureneem.com\/it\/\",\"logo\":{\"@type\":\"ImageObject\",\"inLanguage\":\"it-IT\",\"@id\":\"https:\/\/shop.natureneem.com\/it\/#\/schema\/logo\/image\/\",\"url\":\"https:\/\/shop.natureneem.com\/wp-content\/uploads\/2024\/09\/nn-logo-symbole-2024-01.svg\",\"contentUrl\":\"https:\/\/shop.natureneem.com\/wp-content\/uploads\/2024\/09\/nn-logo-symbole-2024-01.svg\",\"width\":1,\"height\":1,\"caption\":\"Nature Neem\"},\"image\":{\"@id\":\"https:\/\/shop.natureneem.com\/it\/#\/schema\/logo\/image\/\"},\"sameAs\":[\"https:\/\/www.facebook.com\/natureneemindia\/\",\"https:\/\/x.com\/natureneem\",\"https:\/\/www.youtube.com\/user\/natureneem\",\"https:\/\/www.linkedin.com\/company\/natureneem\"],\"description\":\"Siamo impegnati nello sviluppo e nella commercializzazione di soluzioni ecologiche. Continuiamo a inventare queste soluzioni alternative naturali che possono sostituire efficacemente i prodotti di sintesi chimica che danneggiano il nostro ambiente. Il nostro team \u00e8 particolarmente competente nella proposta di prodotti agricoli biologici. Siamo anche un'associazione di persone che la pensano come noi e che credono che la natura sia la soluzione per tutti i problemi ambientali che l'uomo deve affrontare.   \",\"email\":\"info@natureneem.com\",\"telephone\":\"+91 77084 00899\",\"legalName\":\"NATURE NEEM PRODUCTS\",\"vatID\":\"FR08891657884\",\"numberOfEmployees\":{\"@type\":\"QuantitativeValue\",\"minValue\":\"51\",\"maxValue\":\"200\"},\"publishingPrinciples\":\"https:\/\/shop.natureneem.com\/\",\"actionableFeedbackPolicy\":\"https:\/\/shop.natureneem.com\/return-and-refund-policy\/\",\"hasMerchantReturnPolicy\":{\"@type\":\"MerchantReturnPolicy\",\"merchantReturnLink\":\"https:\/\/shop.natureneem.com\/return-and-refund-policy\/\"}}]}<\/script>\n<meta property=\"product:price:amount\" content=\"11.99\" \/>\n<meta property=\"product:price:currency\" content=\"EUR\" \/>\n<meta property=\"og:availability\" content=\"instock\" \/>\n<meta property=\"product:availability\" content=\"instock\" \/>\n<meta property=\"product:retailer_item_id\" content=\"NN-MO-0500\" \/>\n<meta property=\"product:condition\" content=\"new\" \/>\n<!-- \/ Yoast SEO Premium plugin. -->","yoast_head_json":{"title":"Olio spremuto a freddo dai semi di senape - Qualit\u00e0 pura - NatureNeem e-Shop","description":"Scopri i benefici dell'olio di semi di senape spremuti a freddo. Questo olio non raffinato promuove la salute della pelle e migliora la tua cucina! \ud83c\udf31 Olio di senape per i capelli \ud83d\udc69\ud83c\udffd\u200d\ud83e\uddb0\ud83d\udc71\ud83c\udffd\u200d\u2640\ufe0f\ud83d\udc69\ud83c\udffd","robots":{"index":"index","follow":"follow","max-snippet":"max-snippet:-1","max-image-preview":"max-image-preview:large","max-video-preview":"max-video-preview:-1"},"canonical":"https:\/\/shop.natureneem.com\/it\/e-shop\/olio-di-senape\/","og_locale":"it_IT","og_type":"article","og_title":"Olio di senape","og_description":"Scopri i benefici dell'olio di semi di senape spremuti a freddo. Questo olio non raffinato promuove la salute della pelle e migliora la tua cucina! \ud83c\udf31 Olio di senape per i capelli \ud83d\udc69\ud83c\udffd\u200d\ud83e\uddb0\ud83d\udc71\ud83c\udffd\u200d\u2640\ufe0f\ud83d\udc69\ud83c\udffd","og_url":"https:\/\/shop.natureneem.com\/it\/e-shop\/olio-di-senape\/","og_site_name":"NatureNeem e-Shop","article_publisher":"https:\/\/www.facebook.com\/natureneemindia\/","article_modified_time":"2025-04-02T22:10:49+00:00","og_image":[{"width":2000,"height":2000,"url":"https:\/\/shop.natureneem.com\/wp-content\/uploads\/2024\/11\/NN-Mustard_Oil_500ml_2024-11-28_01.jpg","type":"image\/jpeg"}],"twitter_card":"summary_large_image","twitter_site":"@natureneem","twitter_misc":{"Prezzo":"11,99&nbsp;&euro;","Disponibilit\u00e0":"In stock"},"schema":{"@context":"https:\/\/schema.org","@graph":[{"@type":"WebPage","@id":"https:\/\/shop.natureneem.com\/it\/e-shop\/olio-di-senape\/","url":"https:\/\/shop.natureneem.com\/it\/e-shop\/olio-di-senape\/","name":"Olio spremuto a freddo dai semi di senape - Qualit\u00e0 pura - NatureNeem e-Shop","isPartOf":{"@id":"https:\/\/shop.natureneem.com\/it\/#website"},"primaryImageOfPage":{"@id":"https:\/\/shop.natureneem.com\/it\/e-shop\/olio-di-senape\/#primaryimage"},"image":{"@id":"https:\/\/shop.natureneem.com\/it\/e-shop\/olio-di-senape\/#primaryimage"},"thumbnailUrl":"https:\/\/shop.natureneem.com\/wp-content\/uploads\/2024\/11\/NN-Mustard_Oil_500ml_2024-11-28_01.jpg","datePublished":"2024-11-27T19:31:38+00:00","dateModified":"2025-04-02T22:10:49+00:00","description":"Scopri i benefici dell'olio di semi di senape spremuti a freddo. Questo olio non raffinato promuove la salute della pelle e migliora la tua cucina! \ud83c\udf31 Olio di senape per i capelli \ud83d\udc69\ud83c\udffd\u200d\ud83e\uddb0\ud83d\udc71\ud83c\udffd\u200d\u2640\ufe0f\ud83d\udc69\ud83c\udffd","breadcrumb":{"@id":"https:\/\/shop.natureneem.com\/it\/e-shop\/olio-di-senape\/#breadcrumb"},"inLanguage":"it-IT","potentialAction":[{"@type":"ReadAction","target":["https:\/\/shop.natureneem.com\/it\/e-shop\/olio-di-senape\/"]}]},{"@type":"ImageObject","inLanguage":"it-IT","@id":"https:\/\/shop.natureneem.com\/it\/e-shop\/olio-di-senape\/#primaryimage","url":"https:\/\/shop.natureneem.com\/wp-content\/uploads\/2024\/11\/NN-Mustard_Oil_500ml_2024-11-28_01.jpg","contentUrl":"https:\/\/shop.natureneem.com\/wp-content\/uploads\/2024\/11\/NN-Mustard_Oil_500ml_2024-11-28_01.jpg","width":2000,"height":2000,"caption":"Olio di senape di Nature Neem (Brassica Alba) Olio di semi di senape Nature Neem India"},{"@type":"BreadcrumbList","@id":"https:\/\/shop.natureneem.com\/it\/e-shop\/olio-di-senape\/#breadcrumb","itemListElement":[{"@type":"ListItem","position":1,"name":"Home","item":"https:\/\/shop.natureneem.com\/it\/casa\/"},{"@type":"ListItem","position":2,"name":"e-Shop","item":"https:\/\/shop.natureneem.com\/it\/e-shop\/"},{"@type":"ListItem","position":3,"name":"Olio di senape"}]},{"@type":"WebSite","@id":"https:\/\/shop.natureneem.com\/it\/#website","url":"https:\/\/shop.natureneem.com\/it\/","name":"NatureNeem e-Shop","description":"Official Shop from Nature Neem","publisher":{"@id":"https:\/\/shop.natureneem.com\/it\/#organization"},"alternateName":"Nature Neem","potentialAction":[{"@type":"SearchAction","target":{"@type":"EntryPoint","urlTemplate":"https:\/\/shop.natureneem.com\/it\/?s={search_term_string}"},"query-input":{"@type":"PropertyValueSpecification","valueRequired":true,"valueName":"search_term_string"}}],"inLanguage":"it-IT"},{"@type":"Organization","@id":"https:\/\/shop.natureneem.com\/it\/#organization","name":"Nature Neem","alternateName":"Lorsun SAS","url":"https:\/\/shop.natureneem.com\/it\/","logo":{"@type":"ImageObject","inLanguage":"it-IT","@id":"https:\/\/shop.natureneem.com\/it\/#\/schema\/logo\/image\/","url":"https:\/\/shop.natureneem.com\/wp-content\/uploads\/2024\/09\/nn-logo-symbole-2024-01.svg","contentUrl":"https:\/\/shop.natureneem.com\/wp-content\/uploads\/2024\/09\/nn-logo-symbole-2024-01.svg","width":1,"height":1,"caption":"Nature Neem"},"image":{"@id":"https:\/\/shop.natureneem.com\/it\/#\/schema\/logo\/image\/"},"sameAs":["https:\/\/www.facebook.com\/natureneemindia\/","https:\/\/x.com\/natureneem","https:\/\/www.youtube.com\/user\/natureneem","https:\/\/www.linkedin.com\/company\/natureneem"],"description":"Siamo impegnati nello sviluppo e nella commercializzazione di soluzioni ecologiche. Continuiamo a inventare queste soluzioni alternative naturali che possono sostituire efficacemente i prodotti di sintesi chimica che danneggiano il nostro ambiente. Il nostro team \u00e8 particolarmente competente nella proposta di prodotti agricoli biologici. Siamo anche un'associazione di persone che la pensano come noi e che credono che la natura sia la soluzione per tutti i problemi ambientali che l'uomo deve affrontare.   ","email":"info@natureneem.com","telephone":"+91 77084 00899","legalName":"NATURE NEEM PRODUCTS","vatID":"FR08891657884","numberOfEmployees":{"@type":"QuantitativeValue","minValue":"51","maxValue":"200"},"publishingPrinciples":"https:\/\/shop.natureneem.com\/","actionableFeedbackPolicy":"https:\/\/shop.natureneem.com\/return-and-refund-policy\/","hasMerchantReturnPolicy":{"@type":"MerchantReturnPolicy","merchantReturnLink":"https:\/\/shop.natureneem.com\/return-and-refund-policy\/"}}]},"product_price_amount":"11.99","product_price_currency":"EUR","og_availability":"instock","product_availability":"instock","product_retailer_item_id":"NN-MO-0500","product_condition":"new"},"_links":{"self":[{"href":"https:\/\/shop.natureneem.com\/it\/wp-json\/wp\/v2\/product\/10188","targetHints":{"allow":["GET"]}}],"collection":[{"href":"https:\/\/shop.natureneem.com\/it\/wp-json\/wp\/v2\/product"}],"about":[{"href":"https:\/\/shop.natureneem.com\/it\/wp-json\/wp\/v2\/types\/product"}],"replies":[{"embeddable":true,"href":"https:\/\/shop.natureneem.com\/it\/wp-json\/wp\/v2\/comments?post=10188"}],"wp:featuredmedia":[{"embeddable":true,"href":"https:\/\/shop.natureneem.com\/it\/wp-json\/wp\/v2\/media\/10036"}],"wp:attachment":[{"href":"https:\/\/shop.natureneem.com\/it\/wp-json\/wp\/v2\/media?parent=10188"}],"wp:term":[{"taxonomy":"product_brand","embeddable":true,"href":"https:\/\/shop.natureneem.com\/it\/wp-json\/wp\/v2\/product_brand?post=10188"},{"taxonomy":"product_cat","embeddable":true,"href":"https:\/\/shop.natureneem.com\/it\/wp-json\/wp\/v2\/product_cat?post=10188"},{"taxonomy":"product_tag","embeddable":true,"href":"https:\/\/shop.natureneem.com\/it\/wp-json\/wp\/v2\/product_tag?post=10188"}],"curies":[{"name":"wp","href":"https:\/\/api.w.org\/{rel}","templated":true}]}}