{"id":10991,"date":"2025-03-31T13:48:36","date_gmt":"2025-03-31T11:48:36","guid":{"rendered":"https:\/\/shop.natureneem.com\/?post_type=product&#038;p=10991"},"modified":"2025-07-11T21:42:00","modified_gmt":"2025-07-11T19:42:00","slug":"nutraza-copy","status":"publish","type":"product","link":"https:\/\/shop.natureneem.com\/it\/e-shop\/nutraza-copy\/","title":{"rendered":"Polvere di NutrAza"},"content":{"rendered":"<h3><strong>Panello di semi di Neem in polvere &#8211; Miglior fertilizzante organico, protettore del suolo e nematocida naturale.<\/strong><\/h3>\n<h4><strong>Dosaggio<\/strong><\/h4>\n<ul>\n<li>Invasatura: 30 g \/ Kg di terriccio. Fino a 250 g per vasi pi\u00f9 grandi. Coprire con un pacciame.<br \/>\n<a href=\"https:\/\/www.youtube.com\/watch?v=yjb7McnAWbg\" target=\"_blank\" rel=\"noopener\">Video sul rinvaso con NutrAza<\/a><\/li>\n<li>Vivai, Orto: 100 g \/ metro quadro. 500-1000 g per un appezzamento di 10-15 metri quadrati.   <\/li>\n<li>Alberi e arbusti: 100-500 g in base alle dimensioni della pianta.<br \/>\nApplicare NutrAza agli alberi da frutto. <a href=\"https:\/\/www.youtube.com\/watch?v=IKq8JdvQV0k\" target=\"_blank\" rel=\"noopener\">Video1<\/a> <a href=\"https:\/\/www.youtube.com\/watch?v=oZCcpArD4fs\" target=\"_blank\" rel=\"noopener\">Video2<\/a><\/li>\n<li>Colture da campo: 1000-2000 kg per ettaro in base alla fertilit\u00e0 del terreno e all&#8217;incidenza dei nematodi.<\/li>\n<\/ul>\n<h4><strong>Arricchisci e proteggi il tuo terreno con NutrAza organico: semi di Neem in polvere.<br \/>\nUn fertilizzante a lento rilascio che non langue nell&#8217;acqua.<br \/>\n<\/strong><\/h4>\n<p>NutrAza \u00e8 una speciale formulazione di polvere di semi di neem che conserva i principali nutrienti il pi\u00f9 a lungo possibile. La sua forma pellettizzata aumenta le capacit\u00e0 di conservazione per oltre 2 anni, mentre il panetto di semi di neem o la polvere si deteriorano se conservati per pi\u00f9 di 6 mesi. I pellet NutrAza consentono l&#8217;applicazione al terreno o la concimazione con sofisticate macchine meccanizzate.  <\/p>\n<h4><strong>Caratteristiche<\/strong><\/h4>\n<ul>\n<li style=\"list-style-type: none;\">\n<ul>\n<li>Il miglior fertilizzante organico che contiene macro-nutrienti e micro-nutrienti in forma naturale.<\/li>\n<li>Bio-stimolante per le piante quando viene assorbito dalle radici. Accelera lo sviluppo delle radici e la crescita complessiva della pianta. <\/li>\n<li>NutrAza, polvere di semi di neem, migliora l&#8217;aspetto generale di frutta e verdura e aumenta l&#8217;et\u00e0 delle foglie, la crescita, la fioritura e il rafforzamento delle radici.<\/li>\n<li>Ammendante che migliora la struttura del terreno aggiungendo contenuto organico e riportando la flora del suolo.<\/li>\n<li>Pesticida e fungicida naturale che respinge gli insetti del suolo e ritarda i funghi patogeni del suolo.<\/li>\n<li>Il miglior nematocida naturale con un rimedio a lungo termine scientificamente provato contro uno spettro di nematodi che colpiscono le piante.<\/li>\n<li>Fertilizzante a lento rilascio che si adatta perfettamente alla concimazione autunnale e invernale.<\/li>\n<\/ul>\n<\/li>\n<\/ul>\n<p><span style=\"text-decoration: underline;\"><strong>NutrAza \u00e8 certificato da Ecocert<\/strong><\/span> come prodotto biologico conforme ai diversi standard agricoli. \u00c8 il prodotto preferito dagli agricoltori che vogliono ottenere la certificazione biologica.  La polvere di semi di neem \u00e8 disponibile in sacchi da 25 kg.<\/p>\n<h4><strong>Attivit\u00e0 repellente di NutrAza.  <\/strong><\/h4>\n<p>\u00c8 stato dimostrato che <strong>NutrAza <\/strong>\u00e8 efficace contro uno spettro di nematodi. Inoltre, inibisce la crescita di una serie di funghi parassiti del suolo che causano marciumi radicali, appassimenti, ecc&#8230; <\/p>\n<h3><strong>Descrizione completa, applicazioni e informazioni su questo prodotto.<br \/>\nPolvere di semi di neem: sacco da 25Kg.<\/strong><\/h3>\n<p><a class=\"uk-button uk-button-small uk-button-primary\" href=\"https:\/\/natureneem.com\/en\/products\/nutraza\" target=\"_blank\" rel=\"noopener noreferrer\">CLICCA QUI<\/a><\/p>\n","protected":false},"excerpt":{"rendered":"<h2>Polvere di semi di neem come fertilizzante organico naturale e protettivo del suolo.<br \/>\nTorta di semi di neem in polvere.<\/h2>\n","protected":false},"featured_media":11053,"comment_status":"open","ping_status":"closed","template":"","meta":[],"product_brand":[],"product_cat":[123],"product_tag":[204,124,125,126,205],"class_list":{"0":"post-10991","1":"product","2":"type-product","3":"status-publish","4":"has-post-thumbnail","6":"product_cat-prodotti-a-base-di-neem","7":"product_tag-fertilizzante-it","8":"product_tag-neem-it","9":"product_tag-nutraza-it","10":"product_tag-organico","11":"product_tag-polvere-di-nocciolo-it","12":"pa_packing-25-kg_powder-it","14":"first","15":"instock","16":"shipping-taxable","17":"purchasable","18":"product-type-variable"},"yoast_head":"<!-- This site is optimized with the Yoast SEO Premium plugin v27.1 (Yoast SEO v27.2) - https:\/\/yoast.com\/product\/yoast-seo-premium-wordpress\/ -->\n<title>Polvere di semi di Neem - Terreno organico per una crescita migliore<\/title>\n<meta name=\"description\" content=\"Trasforma le tue piante con il panetto di semi di neem in polvere per terriccio organico. Perfetto per alberi e arbusti, garantisce alle tue piante di prosperare! \ud83c\udf31\" \/>\n<meta name=\"robots\" content=\"index, follow, max-snippet:-1, max-image-preview:large, max-video-preview:-1\" \/>\n<link rel=\"canonical\" href=\"https:\/\/shop.natureneem.com\/it\/e-shop\/nutraza-copy\/\" \/>\n<meta property=\"og:locale\" content=\"it_IT\" \/>\n<meta property=\"og:type\" content=\"article\" \/>\n<meta property=\"og:title\" content=\"Seme di Neem in polvere per il terreno organico: fertilizzante naturale per aumentare la produttivit\u00e0\" \/>\n<meta property=\"og:description\" content=\"Nutri le tue piante in modo naturale con il nostro terriccio organico di semi di Neem in polvere. Sperimenta una crescita migliore nel tuo giardino. Acquista ora e prospera! \ud83c\udf3f\" \/>\n<meta property=\"og:url\" content=\"https:\/\/shop.natureneem.com\/it\/e-shop\/nutraza-copy\/\" \/>\n<meta property=\"og:site_name\" content=\"NatureNeem e-Shop\" \/>\n<meta property=\"article:publisher\" content=\"https:\/\/www.facebook.com\/natureneemindia\/\" \/>\n<meta property=\"article:modified_time\" content=\"2025-07-11T19:42:00+00:00\" \/>\n<meta property=\"og:image\" content=\"https:\/\/shop.natureneem.com\/wp-content\/uploads\/2025\/03\/NN-NutrAza_Powder_BAG_25KG_2025-03-31_01.jpg\" \/>\n\t<meta property=\"og:image:width\" content=\"2000\" \/>\n\t<meta property=\"og:image:height\" content=\"2000\" \/>\n\t<meta property=\"og:image:type\" content=\"image\/jpeg\" \/>\n<meta name=\"twitter:card\" content=\"summary_large_image\" \/>\n<meta name=\"twitter:title\" content=\"Semi di Neem in polvere Terreno organico per piante sane\" \/>\n<meta name=\"twitter:description\" content=\"Migliora il tuo giardinaggio con il terriccio organico in polvere di semi di Neem! Usalo per il rinvaso o come fertilizzante per le piante. \ud83c\udf31 Ordina ora!\" \/>\n<meta name=\"twitter:site\" content=\"@natureneem\" \/>\n<meta name=\"twitter:label1\" content=\"Disponibilit\u00e0\" \/>\n\t<meta name=\"twitter:data1\" content=\"In stock\" \/>\n<script type=\"application\/ld+json\" class=\"yoast-schema-graph\">{\"@context\":\"https:\/\/schema.org\",\"@graph\":[{\"@type\":\"WebPage\",\"@id\":\"https:\/\/shop.natureneem.com\/it\/e-shop\/nutraza-copy\/\",\"url\":\"https:\/\/shop.natureneem.com\/it\/e-shop\/nutraza-copy\/\",\"name\":\"Polvere di semi di Neem - Terreno organico per una crescita migliore\",\"isPartOf\":{\"@id\":\"https:\/\/shop.natureneem.com\/it\/#website\"},\"primaryImageOfPage\":{\"@id\":\"https:\/\/shop.natureneem.com\/it\/e-shop\/nutraza-copy\/#primaryimage\"},\"image\":{\"@id\":\"https:\/\/shop.natureneem.com\/it\/e-shop\/nutraza-copy\/#primaryimage\"},\"thumbnailUrl\":\"https:\/\/shop.natureneem.com\/wp-content\/uploads\/2025\/03\/NN-NutrAza_Powder_BAG_25KG_2025-03-31_01.jpg\",\"datePublished\":\"2025-03-31T11:48:36+00:00\",\"dateModified\":\"2025-07-11T19:42:00+00:00\",\"description\":\"Trasforma le tue piante con il panetto di semi di neem in polvere per terriccio organico. Perfetto per alberi e arbusti, garantisce alle tue piante di prosperare! \ud83c\udf31\",\"breadcrumb\":{\"@id\":\"https:\/\/shop.natureneem.com\/it\/e-shop\/nutraza-copy\/#breadcrumb\"},\"inLanguage\":\"it-IT\",\"potentialAction\":[{\"@type\":\"ReadAction\",\"target\":[\"https:\/\/shop.natureneem.com\/it\/e-shop\/nutraza-copy\/\"]}]},{\"@type\":\"ImageObject\",\"inLanguage\":\"it-IT\",\"@id\":\"https:\/\/shop.natureneem.com\/it\/e-shop\/nutraza-copy\/#primaryimage\",\"url\":\"https:\/\/shop.natureneem.com\/wp-content\/uploads\/2025\/03\/NN-NutrAza_Powder_BAG_25KG_2025-03-31_01.jpg\",\"contentUrl\":\"https:\/\/shop.natureneem.com\/wp-content\/uploads\/2025\/03\/NN-NutrAza_Powder_BAG_25KG_2025-03-31_01.jpg\",\"width\":2000,\"height\":2000,\"caption\":\"Polvere di semi di neem da NatureNeem\"},{\"@type\":\"BreadcrumbList\",\"@id\":\"https:\/\/shop.natureneem.com\/it\/e-shop\/nutraza-copy\/#breadcrumb\",\"itemListElement\":[{\"@type\":\"ListItem\",\"position\":1,\"name\":\"Home\",\"item\":\"https:\/\/shop.natureneem.com\/it\/casa\/\"},{\"@type\":\"ListItem\",\"position\":2,\"name\":\"e-Shop\",\"item\":\"https:\/\/shop.natureneem.com\/it\/e-shop\/\"},{\"@type\":\"ListItem\",\"position\":3,\"name\":\"Private: Polvere di NutrAza\"}]},{\"@type\":\"WebSite\",\"@id\":\"https:\/\/shop.natureneem.com\/it\/#website\",\"url\":\"https:\/\/shop.natureneem.com\/it\/\",\"name\":\"NatureNeem e-Shop\",\"description\":\"Official Shop from Nature Neem\",\"publisher\":{\"@id\":\"https:\/\/shop.natureneem.com\/it\/#organization\"},\"alternateName\":\"Nature Neem\",\"potentialAction\":[{\"@type\":\"SearchAction\",\"target\":{\"@type\":\"EntryPoint\",\"urlTemplate\":\"https:\/\/shop.natureneem.com\/it\/?s={search_term_string}\"},\"query-input\":{\"@type\":\"PropertyValueSpecification\",\"valueRequired\":true,\"valueName\":\"search_term_string\"}}],\"inLanguage\":\"it-IT\"},{\"@type\":\"Organization\",\"@id\":\"https:\/\/shop.natureneem.com\/it\/#organization\",\"name\":\"Nature Neem\",\"alternateName\":\"Lorsun SAS\",\"url\":\"https:\/\/shop.natureneem.com\/it\/\",\"logo\":{\"@type\":\"ImageObject\",\"inLanguage\":\"it-IT\",\"@id\":\"https:\/\/shop.natureneem.com\/it\/#\/schema\/logo\/image\/\",\"url\":\"https:\/\/shop.natureneem.com\/wp-content\/uploads\/2024\/09\/nn-logo-symbole-2024-01.svg\",\"contentUrl\":\"https:\/\/shop.natureneem.com\/wp-content\/uploads\/2024\/09\/nn-logo-symbole-2024-01.svg\",\"width\":1,\"height\":1,\"caption\":\"Nature Neem\"},\"image\":{\"@id\":\"https:\/\/shop.natureneem.com\/it\/#\/schema\/logo\/image\/\"},\"sameAs\":[\"https:\/\/www.facebook.com\/natureneemindia\/\",\"https:\/\/x.com\/natureneem\",\"https:\/\/www.youtube.com\/user\/natureneem\",\"https:\/\/www.linkedin.com\/company\/natureneem\"],\"description\":\"Siamo impegnati nello sviluppo e nella commercializzazione di soluzioni ecologiche. Continuiamo a inventare queste soluzioni alternative naturali che possono sostituire efficacemente i prodotti di sintesi chimica che danneggiano il nostro ambiente. Il nostro team \u00e8 particolarmente competente nella proposta di prodotti agricoli biologici. Siamo anche un'associazione di persone che la pensano come noi e che credono che la natura sia la soluzione per tutti i problemi ambientali che l'uomo deve affrontare.   \",\"email\":\"info@natureneem.com\",\"telephone\":\"+91 77084 00899\",\"legalName\":\"NATURE NEEM PRODUCTS\",\"vatID\":\"FR08891657884\",\"numberOfEmployees\":{\"@type\":\"QuantitativeValue\",\"minValue\":\"51\",\"maxValue\":\"200\"},\"publishingPrinciples\":\"https:\/\/shop.natureneem.com\/\",\"actionableFeedbackPolicy\":\"https:\/\/shop.natureneem.com\/return-and-refund-policy\/\",\"hasMerchantReturnPolicy\":{\"@type\":\"MerchantReturnPolicy\",\"merchantReturnLink\":\"https:\/\/shop.natureneem.com\/return-and-refund-policy\/\"}}]}<\/script>\n<meta property=\"og:availability\" content=\"instock\" \/>\n<meta property=\"product:availability\" content=\"instock\" \/>\n<meta property=\"product:retailer_item_id\" content=\"NN-NUT-XX-1\" \/>\n<meta property=\"product:condition\" content=\"new\" \/>\n<!-- \/ Yoast SEO Premium plugin. -->","yoast_head_json":{"title":"Polvere di semi di Neem - Terreno organico per una crescita migliore","description":"Trasforma le tue piante con il panetto di semi di neem in polvere per terriccio organico. Perfetto per alberi e arbusti, garantisce alle tue piante di prosperare! \ud83c\udf31","robots":{"index":"index","follow":"follow","max-snippet":"max-snippet:-1","max-image-preview":"max-image-preview:large","max-video-preview":"max-video-preview:-1"},"canonical":"https:\/\/shop.natureneem.com\/it\/e-shop\/nutraza-copy\/","og_locale":"it_IT","og_type":"article","og_title":"Seme di Neem in polvere per il terreno organico: fertilizzante naturale per aumentare la produttivit\u00e0","og_description":"Nutri le tue piante in modo naturale con il nostro terriccio organico di semi di Neem in polvere. Sperimenta una crescita migliore nel tuo giardino. Acquista ora e prospera! \ud83c\udf3f","og_url":"https:\/\/shop.natureneem.com\/it\/e-shop\/nutraza-copy\/","og_site_name":"NatureNeem e-Shop","article_publisher":"https:\/\/www.facebook.com\/natureneemindia\/","article_modified_time":"2025-07-11T19:42:00+00:00","og_image":[{"width":2000,"height":2000,"url":"https:\/\/shop.natureneem.com\/wp-content\/uploads\/2025\/03\/NN-NutrAza_Powder_BAG_25KG_2025-03-31_01.jpg","type":"image\/jpeg"}],"twitter_card":"summary_large_image","twitter_title":"Semi di Neem in polvere Terreno organico per piante sane","twitter_description":"Migliora il tuo giardinaggio con il terriccio organico in polvere di semi di Neem! Usalo per il rinvaso o come fertilizzante per le piante. \ud83c\udf31 Ordina ora!","twitter_site":"@natureneem","twitter_misc":{"Disponibilit\u00e0":"In stock"},"schema":{"@context":"https:\/\/schema.org","@graph":[{"@type":"WebPage","@id":"https:\/\/shop.natureneem.com\/it\/e-shop\/nutraza-copy\/","url":"https:\/\/shop.natureneem.com\/it\/e-shop\/nutraza-copy\/","name":"Polvere di semi di Neem - Terreno organico per una crescita migliore","isPartOf":{"@id":"https:\/\/shop.natureneem.com\/it\/#website"},"primaryImageOfPage":{"@id":"https:\/\/shop.natureneem.com\/it\/e-shop\/nutraza-copy\/#primaryimage"},"image":{"@id":"https:\/\/shop.natureneem.com\/it\/e-shop\/nutraza-copy\/#primaryimage"},"thumbnailUrl":"https:\/\/shop.natureneem.com\/wp-content\/uploads\/2025\/03\/NN-NutrAza_Powder_BAG_25KG_2025-03-31_01.jpg","datePublished":"2025-03-31T11:48:36+00:00","dateModified":"2025-07-11T19:42:00+00:00","description":"Trasforma le tue piante con il panetto di semi di neem in polvere per terriccio organico. Perfetto per alberi e arbusti, garantisce alle tue piante di prosperare! \ud83c\udf31","breadcrumb":{"@id":"https:\/\/shop.natureneem.com\/it\/e-shop\/nutraza-copy\/#breadcrumb"},"inLanguage":"it-IT","potentialAction":[{"@type":"ReadAction","target":["https:\/\/shop.natureneem.com\/it\/e-shop\/nutraza-copy\/"]}]},{"@type":"ImageObject","inLanguage":"it-IT","@id":"https:\/\/shop.natureneem.com\/it\/e-shop\/nutraza-copy\/#primaryimage","url":"https:\/\/shop.natureneem.com\/wp-content\/uploads\/2025\/03\/NN-NutrAza_Powder_BAG_25KG_2025-03-31_01.jpg","contentUrl":"https:\/\/shop.natureneem.com\/wp-content\/uploads\/2025\/03\/NN-NutrAza_Powder_BAG_25KG_2025-03-31_01.jpg","width":2000,"height":2000,"caption":"Polvere di semi di neem da NatureNeem"},{"@type":"BreadcrumbList","@id":"https:\/\/shop.natureneem.com\/it\/e-shop\/nutraza-copy\/#breadcrumb","itemListElement":[{"@type":"ListItem","position":1,"name":"Home","item":"https:\/\/shop.natureneem.com\/it\/casa\/"},{"@type":"ListItem","position":2,"name":"e-Shop","item":"https:\/\/shop.natureneem.com\/it\/e-shop\/"},{"@type":"ListItem","position":3,"name":"Private: Polvere di NutrAza"}]},{"@type":"WebSite","@id":"https:\/\/shop.natureneem.com\/it\/#website","url":"https:\/\/shop.natureneem.com\/it\/","name":"NatureNeem e-Shop","description":"Official Shop from Nature Neem","publisher":{"@id":"https:\/\/shop.natureneem.com\/it\/#organization"},"alternateName":"Nature Neem","potentialAction":[{"@type":"SearchAction","target":{"@type":"EntryPoint","urlTemplate":"https:\/\/shop.natureneem.com\/it\/?s={search_term_string}"},"query-input":{"@type":"PropertyValueSpecification","valueRequired":true,"valueName":"search_term_string"}}],"inLanguage":"it-IT"},{"@type":"Organization","@id":"https:\/\/shop.natureneem.com\/it\/#organization","name":"Nature Neem","alternateName":"Lorsun SAS","url":"https:\/\/shop.natureneem.com\/it\/","logo":{"@type":"ImageObject","inLanguage":"it-IT","@id":"https:\/\/shop.natureneem.com\/it\/#\/schema\/logo\/image\/","url":"https:\/\/shop.natureneem.com\/wp-content\/uploads\/2024\/09\/nn-logo-symbole-2024-01.svg","contentUrl":"https:\/\/shop.natureneem.com\/wp-content\/uploads\/2024\/09\/nn-logo-symbole-2024-01.svg","width":1,"height":1,"caption":"Nature Neem"},"image":{"@id":"https:\/\/shop.natureneem.com\/it\/#\/schema\/logo\/image\/"},"sameAs":["https:\/\/www.facebook.com\/natureneemindia\/","https:\/\/x.com\/natureneem","https:\/\/www.youtube.com\/user\/natureneem","https:\/\/www.linkedin.com\/company\/natureneem"],"description":"Siamo impegnati nello sviluppo e nella commercializzazione di soluzioni ecologiche. Continuiamo a inventare queste soluzioni alternative naturali che possono sostituire efficacemente i prodotti di sintesi chimica che danneggiano il nostro ambiente. Il nostro team \u00e8 particolarmente competente nella proposta di prodotti agricoli biologici. Siamo anche un'associazione di persone che la pensano come noi e che credono che la natura sia la soluzione per tutti i problemi ambientali che l'uomo deve affrontare.   ","email":"info@natureneem.com","telephone":"+91 77084 00899","legalName":"NATURE NEEM PRODUCTS","vatID":"FR08891657884","numberOfEmployees":{"@type":"QuantitativeValue","minValue":"51","maxValue":"200"},"publishingPrinciples":"https:\/\/shop.natureneem.com\/","actionableFeedbackPolicy":"https:\/\/shop.natureneem.com\/return-and-refund-policy\/","hasMerchantReturnPolicy":{"@type":"MerchantReturnPolicy","merchantReturnLink":"https:\/\/shop.natureneem.com\/return-and-refund-policy\/"}}]},"og_availability":"instock","product_availability":"instock","product_retailer_item_id":"NN-NUT-XX-1","product_condition":"new"},"_links":{"self":[{"href":"https:\/\/shop.natureneem.com\/it\/wp-json\/wp\/v2\/product\/10991","targetHints":{"allow":["GET"]}}],"collection":[{"href":"https:\/\/shop.natureneem.com\/it\/wp-json\/wp\/v2\/product"}],"about":[{"href":"https:\/\/shop.natureneem.com\/it\/wp-json\/wp\/v2\/types\/product"}],"replies":[{"embeddable":true,"href":"https:\/\/shop.natureneem.com\/it\/wp-json\/wp\/v2\/comments?post=10991"}],"wp:featuredmedia":[{"embeddable":true,"href":"https:\/\/shop.natureneem.com\/it\/wp-json\/wp\/v2\/media\/11053"}],"wp:attachment":[{"href":"https:\/\/shop.natureneem.com\/it\/wp-json\/wp\/v2\/media?parent=10991"}],"wp:term":[{"taxonomy":"product_brand","embeddable":true,"href":"https:\/\/shop.natureneem.com\/it\/wp-json\/wp\/v2\/product_brand?post=10991"},{"taxonomy":"product_cat","embeddable":true,"href":"https:\/\/shop.natureneem.com\/it\/wp-json\/wp\/v2\/product_cat?post=10991"},{"taxonomy":"product_tag","embeddable":true,"href":"https:\/\/shop.natureneem.com\/it\/wp-json\/wp\/v2\/product_tag?post=10991"}],"curies":[{"name":"wp","href":"https:\/\/api.w.org\/{rel}","templated":true}]}}