{"id":11505,"date":"2025-05-14T17:54:41","date_gmt":"2025-05-14T15:54:41","guid":{"rendered":"https:\/\/shop.natureneem.com\/?post_type=product&#038;p=11505"},"modified":"2025-09-12T12:58:12","modified_gmt":"2025-09-12T10:58:12","slug":"mattone-coco-copy","status":"publish","type":"product","link":"https:\/\/shop.natureneem.com\/it\/e-shop\/mattone-coco-copy\/","title":{"rendered":"Coco Mulch"},"content":{"rendered":"<h3><strong>Pacciame naturale ricavato dalla buccia di cocco. Facile da conservare. Ideale per il giardinaggio urbano &#8211; appartamenti, terrazze, &#8230;<br \/>\n<\/strong><\/h3>\n<h4 style=\"text-align: left;\"><strong>1 kg di blocco compresso = circa 15 litri di volume idratato.<br \/>\n<\/strong><strong>Esempio: 4,5 kg compressi = circa 65 litri idratati.<\/strong><\/h4>\n<div class=\"uk-alert\"><img loading=\"lazy\" decoding=\"async\" class=\"alignnone wp-image-11652 size-thumbnail\" title=\"CocoMulch 4-4.5Kg di NatureNeem\" src=\"https:\/\/shop.natureneem.com\/wp-content\/uploads\/2025\/05\/NN_COCO-MULCH_WEB_02-1-150x150.jpg\" alt=\"CocoMulch 4-4.5Kg\" width=\"150\" height=\"150\" srcset=\"https:\/\/shop.natureneem.com\/wp-content\/uploads\/2025\/05\/NN_COCO-MULCH_WEB_02-1-150x150.jpg 150w, https:\/\/shop.natureneem.com\/wp-content\/uploads\/2025\/05\/NN_COCO-MULCH_WEB_02-1-300x300.jpg 300w, https:\/\/shop.natureneem.com\/wp-content\/uploads\/2025\/05\/NN_COCO-MULCH_WEB_02-1-100x100.jpg 100w, https:\/\/shop.natureneem.com\/wp-content\/uploads\/2025\/05\/NN_COCO-MULCH_WEB_02-1-500x500.jpg 500w, https:\/\/shop.natureneem.com\/wp-content\/uploads\/2025\/05\/NN_COCO-MULCH_WEB_02-1-1024x1024.jpg 1024w, https:\/\/shop.natureneem.com\/wp-content\/uploads\/2025\/05\/NN_COCO-MULCH_WEB_02-1-768x768.jpg 768w, https:\/\/shop.natureneem.com\/wp-content\/uploads\/2025\/05\/NN_COCO-MULCH_WEB_02-1.jpg 1200w\" sizes=\"(max-width: 150px) 100vw, 150px\" \/>Pacciamatura naturale ricavata dalla pula di cocco. 4,5 kg di blocco compresso = circa 65 litri di volume idratato. <\/div>\n<div class=\"uk-alert\"><img loading=\"lazy\" decoding=\"async\" class=\"alignnone wp-image-11670 size-thumbnail\" src=\"https:\/\/shop.natureneem.com\/wp-content\/uploads\/2025\/05\/NN_COCO-MULCH_WEB_04-1-150x150.jpg\" alt=\"CocoMulch 650g\" width=\"150\" height=\"150\" srcset=\"https:\/\/shop.natureneem.com\/wp-content\/uploads\/2025\/05\/NN_COCO-MULCH_WEB_04-1-150x150.jpg 150w, https:\/\/shop.natureneem.com\/wp-content\/uploads\/2025\/05\/NN_COCO-MULCH_WEB_04-1-300x300.jpg 300w, https:\/\/shop.natureneem.com\/wp-content\/uploads\/2025\/05\/NN_COCO-MULCH_WEB_04-1-100x100.jpg 100w, https:\/\/shop.natureneem.com\/wp-content\/uploads\/2025\/05\/NN_COCO-MULCH_WEB_04-1-500x500.jpg 500w, https:\/\/shop.natureneem.com\/wp-content\/uploads\/2025\/05\/NN_COCO-MULCH_WEB_04-1-1024x1024.jpg 1024w, https:\/\/shop.natureneem.com\/wp-content\/uploads\/2025\/05\/NN_COCO-MULCH_WEB_04-1-768x768.jpg 768w, https:\/\/shop.natureneem.com\/wp-content\/uploads\/2025\/05\/NN_COCO-MULCH_WEB_04-1.jpg 1200w\" sizes=\"(max-width: 150px) 100vw, 150px\" \/>Pacciamatura naturale ricavata dalla pula di cocco. 650 g di blocco compresso = circa 12 litri di volume idratato. <\/div>\n<div class=\"uk-alert\"><img loading=\"lazy\" decoding=\"async\" class=\"alignnone size-thumbnail wp-image-11688\" src=\"https:\/\/shop.natureneem.com\/wp-content\/uploads\/2025\/05\/NN_COCO-MULCH_WEB_06-1-150x150.jpg\" alt=\"Disco CocoMulch 110g  \" width=\"150\" height=\"150\" srcset=\"https:\/\/shop.natureneem.com\/wp-content\/uploads\/2025\/05\/NN_COCO-MULCH_WEB_06-1-150x150.jpg 150w, https:\/\/shop.natureneem.com\/wp-content\/uploads\/2025\/05\/NN_COCO-MULCH_WEB_06-1-300x300.jpg 300w, https:\/\/shop.natureneem.com\/wp-content\/uploads\/2025\/05\/NN_COCO-MULCH_WEB_06-1-100x100.jpg 100w, https:\/\/shop.natureneem.com\/wp-content\/uploads\/2025\/05\/NN_COCO-MULCH_WEB_06-1-500x500.jpg 500w, https:\/\/shop.natureneem.com\/wp-content\/uploads\/2025\/05\/NN_COCO-MULCH_WEB_06-1-1024x1024.jpg 1024w, https:\/\/shop.natureneem.com\/wp-content\/uploads\/2025\/05\/NN_COCO-MULCH_WEB_06-1-768x768.jpg 768w, https:\/\/shop.natureneem.com\/wp-content\/uploads\/2025\/05\/NN_COCO-MULCH_WEB_06-1.jpg 1200w\" sizes=\"(max-width: 150px) 100vw, 150px\" \/>Pacciamatura naturale ricavata dalla pula di cocco. 110 g di blocco compresso = circa 1,5 litri di volume idratato. <\/div>\n<h3 style=\"text-align: left;\"><strong><br \/>\nVantaggi<\/strong><\/h3>\n<ul>\n<li><strong>Riduce l&#8217;evaporazione ed economizza l&#8217;acqua<\/strong><br \/>\nUno spesso strato di Coco Mulch blocca la luce solare, sopprimendo la crescita delle erbacce.<\/li>\n<li><strong>Fertilizzante organico e ammendante<\/strong><br \/>\nMantiene l&#8217;umidit\u00e0 del suolo riducendo l&#8217;evaporazione e mantenendo il terreno umido pi\u00f9 a lungo.<\/li>\n<li><strong>Aerazione superiore per radici sane<\/strong><br \/>\nLa struttura fibrosa del Coco Mulch aiuta a prevenire l&#8217;erosione del suolo, soprattutto in pendenza o in caso di forti piogge.<\/li>\n<li><strong>Regolazione della temperatura del suolo<\/strong><br \/>\nIsola il suolo, proteggendo le radici dalle fluttuazioni estreme della temperatura.<\/li>\n<\/ul>\n<h3><strong>Preparazione prima dell&#8217;applicazione<\/strong><\/h3>\n<ul>\n<li>Metti il blocco in una vasca da 100 litri<\/li>\n<li>Aggiungi circa 60 litri di acqua<\/li>\n<li>Attendi 45 minuti<\/li>\n<\/ul>\n<h3><strong>Applicazioni<\/strong><\/h3>\n<ul>\n<li>Pacciamatura per piante pronta all&#8217;uso, priva di erbacce e con pH ed EC bilanciati<\/li>\n<li>Pacciamatura: spargi 10 cm in superficie.<\/li>\n<li>Drenaggio: stendere 10 cm sul fondo (vasi e buche)<\/li>\n<li>Per le orchidee che richiedono aerazione, riempi interamente il vaso come terreno di coltura.<\/li>\n<\/ul>\n<h3><strong>Suggerimenti per ottenere risultati ideali<\/strong><\/h3>\n<ul>\n<li>Aggiungi <a href=\"https:\/\/shop.natureneem.com\/it\/e-shop\/nutraza\/\">NutrAza<\/a>, un fertilizzante organico e un protettore del suolo contro i nematodi.<\/li>\n<li>Usa il <a href=\"https:\/\/shop.natureneem.com\/it\/e-shop\/mattone-coco\/\">Coco Brick<\/a> come substrato di coltivazione<\/li>\n<\/ul>\n<h3><strong>Specifiche<\/strong><\/h3>\n<ul>\n<li>Composizione : Crusca di cacao organica tritata, arricchita e tamponata<\/li>\n<li>Contenuto di umidit\u00e0: inferiore al 15%.<\/li>\n<li>pH : 5.6- 6.5 | EC : 0.6-0.8 mS\/cm<\/li>\n<li>Rapporto di compressione &#8211; 6:1<\/li>\n<li>Norme europee : NFU 44-551 ( Terreno di coltura per piante)<\/li>\n<li>Peso: 4-4,5 kg<\/li>\n<\/ul>\n","protected":false},"excerpt":{"rendered":"<p class=\"ai-optimize-20\"><strong>Pacciamatura naturale con pula di cocco<br \/>\n<\/strong>Uno spesso strato di trucioli di cocco blocca la luce del sole per fermare le erbacce e trattenere l&#8217;umidit\u00e0, mantenendo il tuo terreno naturalmente umido e sano per lunghi periodi.<\/p>\n<p class=\"ai-optimize-21\"><strong> <\/strong><\/p>\n","protected":false},"featured_media":11720,"comment_status":"open","ping_status":"closed","template":"","meta":[],"product_brand":[],"product_cat":[144],"product_tag":[],"class_list":{"0":"post-11505","1":"product","2":"type-product","3":"status-publish","4":"has-post-thumbnail","6":"product_cat-prodotti-coco","7":"product_shipping_class-06kg","9":"first","10":"instock","11":"sale","12":"shipping-taxable","13":"purchasable","14":"product-type-variable"},"yoast_head":"<!-- This site is optimized with the Yoast SEO Premium plugin v27.1 (Yoast SEO v27.2) - https:\/\/yoast.com\/product\/yoast-seo-premium-wordpress\/ -->\n<title>Pacciamatura di cocco per trattenere l&#039;umidit\u00e0 e isolare il terreno<\/title>\n<meta name=\"description\" content=\"Trasforma la tua esperienza di giardinaggio con il Coco Mulch! Ideale per appartamenti e terrazze, fornisce isolamento e previene la crescita delle erbacce. Acquista ora!\" \/>\n<meta name=\"robots\" content=\"index, follow, max-snippet:-1, max-image-preview:large, max-video-preview:-1\" \/>\n<link rel=\"canonical\" href=\"https:\/\/shop.natureneem.com\/it\/e-shop\/mattone-coco-copy\/\" \/>\n<meta property=\"og:locale\" content=\"it_IT\" \/>\n<meta property=\"og:type\" content=\"article\" \/>\n<meta property=\"og:title\" content=\"Coco Mulch Coco Mulch di Nature Neem\" \/>\n<meta property=\"og:description\" content=\"Pacciamatura naturale ricavata dalla buccia di cocco. Uno spesso strato di chips di cocco pu\u00f2 bloccare la luce del sole, impedendo la crescita delle erbe infestanti. Aiutano a trattenere l&#039;umidit\u00e0 del suolo riducendo l&#039;evaporazione e mantenendo il terreno umido pi\u00f9 a lungo.\" \/>\n<meta property=\"og:url\" content=\"https:\/\/shop.natureneem.com\/it\/e-shop\/mattone-coco-copy\/\" \/>\n<meta property=\"og:site_name\" content=\"NatureNeem e-Shop\" \/>\n<meta property=\"article:publisher\" content=\"https:\/\/www.facebook.com\/natureneemindia\/\" \/>\n<meta property=\"article:modified_time\" content=\"2025-09-12T10:58:12+00:00\" \/>\n<meta property=\"og:image\" content=\"https:\/\/shop.natureneem.com\/wp-content\/uploads\/2025\/05\/NN_COCO-MULCH_WEB_00-1.jpg\" \/>\n\t<meta property=\"og:image:width\" content=\"1200\" \/>\n\t<meta property=\"og:image:height\" content=\"1200\" \/>\n\t<meta property=\"og:image:type\" content=\"image\/jpeg\" \/>\n<meta name=\"twitter:card\" content=\"summary_large_image\" \/>\n<meta name=\"twitter:title\" content=\"Coco Mulch\" \/>\n<meta name=\"twitter:site\" content=\"@natureneem\" \/>\n<meta name=\"twitter:label1\" content=\"Disponibilit\u00e0\" \/>\n\t<meta name=\"twitter:data1\" content=\"In stock\" \/>\n<script type=\"application\/ld+json\" class=\"yoast-schema-graph\">{\"@context\":\"https:\/\/schema.org\",\"@graph\":[{\"@type\":\"WebPage\",\"@id\":\"https:\/\/shop.natureneem.com\/it\/e-shop\/mattone-coco-copy\/\",\"url\":\"https:\/\/shop.natureneem.com\/it\/e-shop\/mattone-coco-copy\/\",\"name\":\"Pacciamatura di cocco per trattenere l'umidit\u00e0 e isolare il terreno\",\"isPartOf\":{\"@id\":\"https:\/\/shop.natureneem.com\/it\/#website\"},\"primaryImageOfPage\":{\"@id\":\"https:\/\/shop.natureneem.com\/it\/e-shop\/mattone-coco-copy\/#primaryimage\"},\"image\":{\"@id\":\"https:\/\/shop.natureneem.com\/it\/e-shop\/mattone-coco-copy\/#primaryimage\"},\"thumbnailUrl\":\"https:\/\/shop.natureneem.com\/wp-content\/uploads\/2025\/05\/NN_COCO-MULCH_WEB_00-1.jpg\",\"datePublished\":\"2025-05-14T15:54:41+00:00\",\"dateModified\":\"2025-09-12T10:58:12+00:00\",\"description\":\"Trasforma la tua esperienza di giardinaggio con il Coco Mulch! Ideale per appartamenti e terrazze, fornisce isolamento e previene la crescita delle erbacce. Acquista ora!\",\"breadcrumb\":{\"@id\":\"https:\/\/shop.natureneem.com\/it\/e-shop\/mattone-coco-copy\/#breadcrumb\"},\"inLanguage\":\"it-IT\",\"potentialAction\":[{\"@type\":\"ReadAction\",\"target\":[\"https:\/\/shop.natureneem.com\/it\/e-shop\/mattone-coco-copy\/\"]}]},{\"@type\":\"ImageObject\",\"inLanguage\":\"it-IT\",\"@id\":\"https:\/\/shop.natureneem.com\/it\/e-shop\/mattone-coco-copy\/#primaryimage\",\"url\":\"https:\/\/shop.natureneem.com\/wp-content\/uploads\/2025\/05\/NN_COCO-MULCH_WEB_00-1.jpg\",\"contentUrl\":\"https:\/\/shop.natureneem.com\/wp-content\/uploads\/2025\/05\/NN_COCO-MULCH_WEB_00-1.jpg\",\"width\":1200,\"height\":1200,\"caption\":\"CocoMulch di NatureNeem\"},{\"@type\":\"BreadcrumbList\",\"@id\":\"https:\/\/shop.natureneem.com\/it\/e-shop\/mattone-coco-copy\/#breadcrumb\",\"itemListElement\":[{\"@type\":\"ListItem\",\"position\":1,\"name\":\"Home\",\"item\":\"https:\/\/shop.natureneem.com\/it\/casa\/\"},{\"@type\":\"ListItem\",\"position\":2,\"name\":\"e-Shop\",\"item\":\"https:\/\/shop.natureneem.com\/it\/e-shop\/\"},{\"@type\":\"ListItem\",\"position\":3,\"name\":\"Coco Mulch\"}]},{\"@type\":\"WebSite\",\"@id\":\"https:\/\/shop.natureneem.com\/it\/#website\",\"url\":\"https:\/\/shop.natureneem.com\/it\/\",\"name\":\"NatureNeem e-Shop\",\"description\":\"Official Shop from Nature Neem\",\"publisher\":{\"@id\":\"https:\/\/shop.natureneem.com\/it\/#organization\"},\"alternateName\":\"Nature Neem\",\"potentialAction\":[{\"@type\":\"SearchAction\",\"target\":{\"@type\":\"EntryPoint\",\"urlTemplate\":\"https:\/\/shop.natureneem.com\/it\/?s={search_term_string}\"},\"query-input\":{\"@type\":\"PropertyValueSpecification\",\"valueRequired\":true,\"valueName\":\"search_term_string\"}}],\"inLanguage\":\"it-IT\"},{\"@type\":\"Organization\",\"@id\":\"https:\/\/shop.natureneem.com\/it\/#organization\",\"name\":\"Nature Neem\",\"alternateName\":\"Lorsun SAS\",\"url\":\"https:\/\/shop.natureneem.com\/it\/\",\"logo\":{\"@type\":\"ImageObject\",\"inLanguage\":\"it-IT\",\"@id\":\"https:\/\/shop.natureneem.com\/it\/#\/schema\/logo\/image\/\",\"url\":\"https:\/\/shop.natureneem.com\/wp-content\/uploads\/2024\/09\/nn-logo-symbole-2024-01.svg\",\"contentUrl\":\"https:\/\/shop.natureneem.com\/wp-content\/uploads\/2024\/09\/nn-logo-symbole-2024-01.svg\",\"width\":1,\"height\":1,\"caption\":\"Nature Neem\"},\"image\":{\"@id\":\"https:\/\/shop.natureneem.com\/it\/#\/schema\/logo\/image\/\"},\"sameAs\":[\"https:\/\/www.facebook.com\/natureneemindia\/\",\"https:\/\/x.com\/natureneem\",\"https:\/\/www.youtube.com\/user\/natureneem\",\"https:\/\/www.linkedin.com\/company\/natureneem\"],\"description\":\"Siamo impegnati nello sviluppo e nella commercializzazione di soluzioni ecologiche. Continuiamo a inventare queste soluzioni alternative naturali che possono sostituire efficacemente i prodotti di sintesi chimica che danneggiano il nostro ambiente. Il nostro team \u00e8 particolarmente competente nella proposta di prodotti agricoli biologici. Siamo anche un'associazione di persone che la pensano come noi e che credono che la natura sia la soluzione per tutti i problemi ambientali che l'uomo deve affrontare.   \",\"email\":\"info@natureneem.com\",\"telephone\":\"+91 77084 00899\",\"legalName\":\"NATURE NEEM PRODUCTS\",\"vatID\":\"FR08891657884\",\"numberOfEmployees\":{\"@type\":\"QuantitativeValue\",\"minValue\":\"51\",\"maxValue\":\"200\"},\"publishingPrinciples\":\"https:\/\/shop.natureneem.com\/\",\"actionableFeedbackPolicy\":\"https:\/\/shop.natureneem.com\/return-and-refund-policy\/\",\"hasMerchantReturnPolicy\":{\"@type\":\"MerchantReturnPolicy\",\"merchantReturnLink\":\"https:\/\/shop.natureneem.com\/return-and-refund-policy\/\"}}]}<\/script>\n<meta property=\"og:availability\" content=\"instock\" \/>\n<meta property=\"product:availability\" content=\"instock\" \/>\n<meta property=\"product:retailer_item_id\" content=\"NN-GP-CM\" \/>\n<meta property=\"product:condition\" content=\"new\" \/>\n<!-- \/ Yoast SEO Premium plugin. -->","yoast_head_json":{"title":"Pacciamatura di cocco per trattenere l'umidit\u00e0 e isolare il terreno","description":"Trasforma la tua esperienza di giardinaggio con il Coco Mulch! Ideale per appartamenti e terrazze, fornisce isolamento e previene la crescita delle erbacce. Acquista ora!","robots":{"index":"index","follow":"follow","max-snippet":"max-snippet:-1","max-image-preview":"max-image-preview:large","max-video-preview":"max-video-preview:-1"},"canonical":"https:\/\/shop.natureneem.com\/it\/e-shop\/mattone-coco-copy\/","og_locale":"it_IT","og_type":"article","og_title":"Coco Mulch Coco Mulch di Nature Neem","og_description":"Pacciamatura naturale ricavata dalla buccia di cocco. Uno spesso strato di chips di cocco pu\u00f2 bloccare la luce del sole, impedendo la crescita delle erbe infestanti. Aiutano a trattenere l'umidit\u00e0 del suolo riducendo l'evaporazione e mantenendo il terreno umido pi\u00f9 a lungo.","og_url":"https:\/\/shop.natureneem.com\/it\/e-shop\/mattone-coco-copy\/","og_site_name":"NatureNeem e-Shop","article_publisher":"https:\/\/www.facebook.com\/natureneemindia\/","article_modified_time":"2025-09-12T10:58:12+00:00","og_image":[{"width":1200,"height":1200,"url":"https:\/\/shop.natureneem.com\/wp-content\/uploads\/2025\/05\/NN_COCO-MULCH_WEB_00-1.jpg","type":"image\/jpeg"}],"twitter_card":"summary_large_image","twitter_title":"Coco Mulch","twitter_site":"@natureneem","twitter_misc":{"Disponibilit\u00e0":"In stock"},"schema":{"@context":"https:\/\/schema.org","@graph":[{"@type":"WebPage","@id":"https:\/\/shop.natureneem.com\/it\/e-shop\/mattone-coco-copy\/","url":"https:\/\/shop.natureneem.com\/it\/e-shop\/mattone-coco-copy\/","name":"Pacciamatura di cocco per trattenere l'umidit\u00e0 e isolare il terreno","isPartOf":{"@id":"https:\/\/shop.natureneem.com\/it\/#website"},"primaryImageOfPage":{"@id":"https:\/\/shop.natureneem.com\/it\/e-shop\/mattone-coco-copy\/#primaryimage"},"image":{"@id":"https:\/\/shop.natureneem.com\/it\/e-shop\/mattone-coco-copy\/#primaryimage"},"thumbnailUrl":"https:\/\/shop.natureneem.com\/wp-content\/uploads\/2025\/05\/NN_COCO-MULCH_WEB_00-1.jpg","datePublished":"2025-05-14T15:54:41+00:00","dateModified":"2025-09-12T10:58:12+00:00","description":"Trasforma la tua esperienza di giardinaggio con il Coco Mulch! Ideale per appartamenti e terrazze, fornisce isolamento e previene la crescita delle erbacce. Acquista ora!","breadcrumb":{"@id":"https:\/\/shop.natureneem.com\/it\/e-shop\/mattone-coco-copy\/#breadcrumb"},"inLanguage":"it-IT","potentialAction":[{"@type":"ReadAction","target":["https:\/\/shop.natureneem.com\/it\/e-shop\/mattone-coco-copy\/"]}]},{"@type":"ImageObject","inLanguage":"it-IT","@id":"https:\/\/shop.natureneem.com\/it\/e-shop\/mattone-coco-copy\/#primaryimage","url":"https:\/\/shop.natureneem.com\/wp-content\/uploads\/2025\/05\/NN_COCO-MULCH_WEB_00-1.jpg","contentUrl":"https:\/\/shop.natureneem.com\/wp-content\/uploads\/2025\/05\/NN_COCO-MULCH_WEB_00-1.jpg","width":1200,"height":1200,"caption":"CocoMulch di NatureNeem"},{"@type":"BreadcrumbList","@id":"https:\/\/shop.natureneem.com\/it\/e-shop\/mattone-coco-copy\/#breadcrumb","itemListElement":[{"@type":"ListItem","position":1,"name":"Home","item":"https:\/\/shop.natureneem.com\/it\/casa\/"},{"@type":"ListItem","position":2,"name":"e-Shop","item":"https:\/\/shop.natureneem.com\/it\/e-shop\/"},{"@type":"ListItem","position":3,"name":"Coco Mulch"}]},{"@type":"WebSite","@id":"https:\/\/shop.natureneem.com\/it\/#website","url":"https:\/\/shop.natureneem.com\/it\/","name":"NatureNeem e-Shop","description":"Official Shop from Nature Neem","publisher":{"@id":"https:\/\/shop.natureneem.com\/it\/#organization"},"alternateName":"Nature Neem","potentialAction":[{"@type":"SearchAction","target":{"@type":"EntryPoint","urlTemplate":"https:\/\/shop.natureneem.com\/it\/?s={search_term_string}"},"query-input":{"@type":"PropertyValueSpecification","valueRequired":true,"valueName":"search_term_string"}}],"inLanguage":"it-IT"},{"@type":"Organization","@id":"https:\/\/shop.natureneem.com\/it\/#organization","name":"Nature Neem","alternateName":"Lorsun SAS","url":"https:\/\/shop.natureneem.com\/it\/","logo":{"@type":"ImageObject","inLanguage":"it-IT","@id":"https:\/\/shop.natureneem.com\/it\/#\/schema\/logo\/image\/","url":"https:\/\/shop.natureneem.com\/wp-content\/uploads\/2024\/09\/nn-logo-symbole-2024-01.svg","contentUrl":"https:\/\/shop.natureneem.com\/wp-content\/uploads\/2024\/09\/nn-logo-symbole-2024-01.svg","width":1,"height":1,"caption":"Nature Neem"},"image":{"@id":"https:\/\/shop.natureneem.com\/it\/#\/schema\/logo\/image\/"},"sameAs":["https:\/\/www.facebook.com\/natureneemindia\/","https:\/\/x.com\/natureneem","https:\/\/www.youtube.com\/user\/natureneem","https:\/\/www.linkedin.com\/company\/natureneem"],"description":"Siamo impegnati nello sviluppo e nella commercializzazione di soluzioni ecologiche. Continuiamo a inventare queste soluzioni alternative naturali che possono sostituire efficacemente i prodotti di sintesi chimica che danneggiano il nostro ambiente. Il nostro team \u00e8 particolarmente competente nella proposta di prodotti agricoli biologici. Siamo anche un'associazione di persone che la pensano come noi e che credono che la natura sia la soluzione per tutti i problemi ambientali che l'uomo deve affrontare.   ","email":"info@natureneem.com","telephone":"+91 77084 00899","legalName":"NATURE NEEM PRODUCTS","vatID":"FR08891657884","numberOfEmployees":{"@type":"QuantitativeValue","minValue":"51","maxValue":"200"},"publishingPrinciples":"https:\/\/shop.natureneem.com\/","actionableFeedbackPolicy":"https:\/\/shop.natureneem.com\/return-and-refund-policy\/","hasMerchantReturnPolicy":{"@type":"MerchantReturnPolicy","merchantReturnLink":"https:\/\/shop.natureneem.com\/return-and-refund-policy\/"}}]},"og_availability":"instock","product_availability":"instock","product_retailer_item_id":"NN-GP-CM","product_condition":"new"},"_links":{"self":[{"href":"https:\/\/shop.natureneem.com\/it\/wp-json\/wp\/v2\/product\/11505","targetHints":{"allow":["GET"]}}],"collection":[{"href":"https:\/\/shop.natureneem.com\/it\/wp-json\/wp\/v2\/product"}],"about":[{"href":"https:\/\/shop.natureneem.com\/it\/wp-json\/wp\/v2\/types\/product"}],"replies":[{"embeddable":true,"href":"https:\/\/shop.natureneem.com\/it\/wp-json\/wp\/v2\/comments?post=11505"}],"wp:featuredmedia":[{"embeddable":true,"href":"https:\/\/shop.natureneem.com\/it\/wp-json\/wp\/v2\/media\/11720"}],"wp:attachment":[{"href":"https:\/\/shop.natureneem.com\/it\/wp-json\/wp\/v2\/media?parent=11505"}],"wp:term":[{"taxonomy":"product_brand","embeddable":true,"href":"https:\/\/shop.natureneem.com\/it\/wp-json\/wp\/v2\/product_brand?post=11505"},{"taxonomy":"product_cat","embeddable":true,"href":"https:\/\/shop.natureneem.com\/it\/wp-json\/wp\/v2\/product_cat?post=11505"},{"taxonomy":"product_tag","embeddable":true,"href":"https:\/\/shop.natureneem.com\/it\/wp-json\/wp\/v2\/product_tag?post=11505"}],"curies":[{"name":"wp","href":"https:\/\/api.w.org\/{rel}","templated":true}]}}