{"id":5557,"date":"2023-05-06T17:02:45","date_gmt":"2023-05-06T15:02:45","guid":{"rendered":"https:\/\/shop.natureneem.com\/e-shop\/nutraza\/"},"modified":"2026-03-11T18:26:51","modified_gmt":"2026-03-11T17:26:51","slug":"nutraza","status":"publish","type":"product","link":"https:\/\/shop.natureneem.com\/it\/e-shop\/nutraza\/","title":{"rendered":"NutrAza"},"content":{"rendered":"<h3><strong>Panetti di semi di Neem in pellet &#8211; Il miglior fertilizzante organico, protettore del suolo e nematocida naturale.<\/strong><\/h3>\n<h4><strong>Dosaggio<\/strong><\/h4>\n<ul>\n<li>Invasatura: 30 g \/ Kg di terriccio. Fino a 250 g per vasi pi\u00f9 grandi. Coprire con un pacciame.<br \/>\n<a href=\"https:\/\/www.youtube.com\/watch?v=yjb7McnAWbg\" target=\"_blank\" rel=\"noopener\">Video sul rinvaso con NutrAza<\/a><\/li>\n<li>Vivai, Orto: 100 g \/ metro quadro. 500-1000 g per un appezzamento di 10-15 metri quadrati.   <\/li>\n<li>Alberi e arbusti: 100-500 g in base alle dimensioni della pianta.<br \/>\nApplicare NutrAza agli alberi da frutto. <a href=\"https:\/\/www.youtube.com\/watch?v=IKq8JdvQV0k\" target=\"_blank\" rel=\"noopener\">Video1<\/a> <a href=\"https:\/\/www.youtube.com\/watch?v=oZCcpArD4fs\" target=\"_blank\" rel=\"noopener\">Video2<\/a><\/li>\n<li>Colture da campo: 1000-2000 kg per ettaro in base alla fertilit\u00e0 del terreno e all&#8217;incidenza dei nematodi.<\/li>\n<\/ul>\n<h4><strong>Arricchisci e proteggi il tuo terreno con NutrAza organico. Un fertilizzante a lento rilascio che non langue nell&#8217;acqua.<br \/>\n<\/strong><\/h4>\n<p>NutrAza \u00e8 una speciale formulazione di panetti di semi di neem che conserva i principali nutrienti il pi\u00f9 a lungo possibile. La sua forma pellettizzata aumenta le capacit\u00e0 di conservazione per oltre 2 anni, mentre il panetto di semi di neem o la polvere si deteriorano se conservati per pi\u00f9 di 6 mesi. I pellet NutrAza consentono l&#8217;applicazione al terreno o la medicazione superiore con sofisticate macchine meccanizzate.  <\/p>\n<h4><strong>Caratteristiche<\/strong><\/h4>\n<ul>\n<li style=\"list-style-type: none;\">\n<ul>\n<li>Il miglior fertilizzante organico che contiene macro-nutrienti e micro-nutrienti in forma naturale.<\/li>\n<li>Bio-stimolante per le piante quando viene assorbito dalle radici. Accelera lo sviluppo delle radici e la crescita complessiva della pianta. <\/li>\n<li>NutrAza migliora l&#8217;aspetto generale di frutta e verdura e aumenta l&#8217;et\u00e0 delle foglie, la crescita, la fioritura e il rafforzamento delle radici.<\/li>\n<li>Ammendante che migliora la struttura del terreno aggiungendo contenuto organico e riportando la flora del suolo.<\/li>\n<li>Pesticida e fungicida naturale che respinge gli insetti del suolo e ritarda i funghi patogeni del suolo.<\/li>\n<li>Il miglior nematocida naturale con un rimedio a lungo termine scientificamente provato contro uno spettro di nematodi che colpiscono le piante.<\/li>\n<li>Fertilizzante a lento rilascio che si adatta perfettamente alla concimazione autunnale e invernale.<\/li>\n<\/ul>\n<\/li>\n<\/ul>\n<p><span style=\"text-decoration: underline;\"><strong>NutrAza \u00e8 certificato da Ecocert<\/strong><\/span> come prodotto biologico conforme ai diversi standard agricoli. \u00c8 il prodotto preferito dagli agricoltori che vogliono ottenere la certificazione biologica. <\/p>\n<h4><strong>Attivit\u00e0 repellente di NutrAza.  <\/strong><\/h4>\n<p>\u00c8 stato dimostrato che <strong>NutrAza <\/strong>\u00e8 efficace contro uno spettro di nematodi. Inoltre, inibisce la crescita di una serie di funghi parassiti del suolo che causano marciumi radicali, appassimenti, ecc&#8230; <\/p>\n<h3><strong>Descrizione completa, applicazioni e informazioni su questo prodotto.<\/strong><\/h3>\n<p><a class=\"uk-button uk-button-small uk-button-primary\" href=\"https:\/\/natureneem.com\/en\/products\/nutraza\" target=\"_blank\" rel=\"noopener noreferrer\">CLICCA QUI<\/a><\/p>\n","protected":false},"excerpt":{"rendered":"<h2 class=\"ai-optimize-15\">Pellet di panelli di semi di neem come fertilizzante organico naturale e protettivo del terreno<\/h2>\n","protected":false},"featured_media":11909,"comment_status":"open","ping_status":"closed","template":"","meta":[],"product_brand":[],"product_cat":[123],"product_tag":[204,124,125,126,205],"class_list":{"0":"post-5557","1":"product","2":"type-product","3":"status-publish","4":"has-post-thumbnail","6":"product_cat-prodotti-a-base-di-neem","7":"product_tag-fertilizzante-it","8":"product_tag-neem-it","9":"product_tag-nutraza-it","10":"product_tag-organico","11":"product_tag-polvere-di-nocciolo-it","12":"pa_packing-10kg-it","13":"pa_packing-15kg-it","14":"pa_packing-2kg-it","15":"pa_packing-20kg-it","16":"pa_packing-25kg-it","17":"pa_packing-25-kg_powder-it","18":"pa_packing-5kg-it","20":"first","21":"instock","22":"shipping-taxable","23":"purchasable","24":"product-type-variable","25":"has-default-attributes"},"yoast_head":"<!-- This site is optimized with the Yoast SEO Premium plugin v27.1 (Yoast SEO v27.2) - https:\/\/yoast.com\/product\/yoast-seo-premium-wordpress\/ -->\n<title>Pellet di semi di Neem: Arricchimento e fertilizzazione organica del suolo - NatureNeem e-Shop<\/title>\n<meta name=\"description\" content=\"Aumenta la crescita delle tue piante con NutrAZA, pellet di semi di neem. Fertilizzante organico naturale. Favorisce lo sviluppo delle radici e protegge dai parassiti. Pellet di neem.\" \/>\n<meta name=\"robots\" content=\"index, follow, max-snippet:-1, max-image-preview:large, max-video-preview:-1\" \/>\n<link rel=\"canonical\" href=\"https:\/\/shop.natureneem.com\/it\/e-shop\/nutraza\/\" \/>\n<meta property=\"og:locale\" content=\"it_IT\" \/>\n<meta property=\"og:type\" content=\"article\" \/>\n<meta property=\"og:title\" content=\"Potente fertilizzante per semi di Neem per un terreno e delle piante sane\" \/>\n<meta property=\"og:description\" content=\"Aumenta la crescita delle piante e lo sviluppo delle radici con il nostro pellet di semi di neem. Realizzato con macronutrienti e micronutrienti naturali, \u00e8 la scelta biologica perfetta. \ud83c\udf3f\" \/>\n<meta property=\"og:url\" content=\"https:\/\/shop.natureneem.com\/it\/e-shop\/nutraza\/\" \/>\n<meta property=\"og:site_name\" content=\"NatureNeem e-Shop\" \/>\n<meta property=\"article:publisher\" content=\"https:\/\/www.facebook.com\/natureneemindia\/\" \/>\n<meta property=\"article:modified_time\" content=\"2026-03-11T17:26:51+00:00\" \/>\n<meta property=\"og:image\" content=\"https:\/\/shop.natureneem.com\/wp-content\/uploads\/2024\/10\/nn_nutraza_en-2kg-800x800-1.jpg\" \/>\n\t<meta property=\"og:image:width\" content=\"800\" \/>\n\t<meta property=\"og:image:height\" content=\"800\" \/>\n\t<meta property=\"og:image:type\" content=\"image\/jpeg\" \/>\n<meta name=\"twitter:card\" content=\"summary_large_image\" \/>\n<meta name=\"twitter:title\" content=\"Pellet di semi di Neem: Raddrizzatore e fertilizzante organico per il terreno\" \/>\n<meta name=\"twitter:description\" content=\"Dai alle tue piante una spinta naturale con i nostri pellet di semi di neem. Questi bio-stimolanti promuovono lo sviluppo delle radici e la crescita generale delle piante. Provali tu stesso e vedrai la differenza!\" \/>\n<meta name=\"twitter:site\" content=\"@natureneem\" \/>\n<meta name=\"twitter:label1\" content=\"Disponibilit\u00e0\" \/>\n\t<meta name=\"twitter:data1\" content=\"In stock\" \/>\n<script type=\"application\/ld+json\" class=\"yoast-schema-graph\">{\"@context\":\"https:\/\/schema.org\",\"@graph\":[{\"@type\":\"WebPage\",\"@id\":\"https:\/\/shop.natureneem.com\/it\/e-shop\/nutraza\/\",\"url\":\"https:\/\/shop.natureneem.com\/it\/e-shop\/nutraza\/\",\"name\":\"Pellet di semi di Neem: Arricchimento e fertilizzazione organica del suolo - NatureNeem e-Shop\",\"isPartOf\":{\"@id\":\"https:\/\/shop.natureneem.com\/it\/#website\"},\"primaryImageOfPage\":{\"@id\":\"https:\/\/shop.natureneem.com\/it\/e-shop\/nutraza\/#primaryimage\"},\"image\":{\"@id\":\"https:\/\/shop.natureneem.com\/it\/e-shop\/nutraza\/#primaryimage\"},\"thumbnailUrl\":\"https:\/\/shop.natureneem.com\/wp-content\/uploads\/2024\/10\/nn_nutraza_en-2kg-800x800-1.jpg\",\"datePublished\":\"2023-05-06T15:02:45+00:00\",\"dateModified\":\"2026-03-11T17:26:51+00:00\",\"description\":\"Aumenta la crescita delle tue piante con NutrAZA, pellet di semi di neem. Fertilizzante organico naturale. Favorisce lo sviluppo delle radici e protegge dai parassiti. Pellet di neem.\",\"breadcrumb\":{\"@id\":\"https:\/\/shop.natureneem.com\/it\/e-shop\/nutraza\/#breadcrumb\"},\"inLanguage\":\"it-IT\",\"potentialAction\":[{\"@type\":\"ReadAction\",\"target\":[\"https:\/\/shop.natureneem.com\/it\/e-shop\/nutraza\/\"]}]},{\"@type\":\"ImageObject\",\"inLanguage\":\"it-IT\",\"@id\":\"https:\/\/shop.natureneem.com\/it\/e-shop\/nutraza\/#primaryimage\",\"url\":\"https:\/\/shop.natureneem.com\/wp-content\/uploads\/2024\/10\/nn_nutraza_en-2kg-800x800-1.jpg\",\"contentUrl\":\"https:\/\/shop.natureneem.com\/wp-content\/uploads\/2024\/10\/nn_nutraza_en-2kg-800x800-1.jpg\",\"width\":800,\"height\":800},{\"@type\":\"BreadcrumbList\",\"@id\":\"https:\/\/shop.natureneem.com\/it\/e-shop\/nutraza\/#breadcrumb\",\"itemListElement\":[{\"@type\":\"ListItem\",\"position\":1,\"name\":\"Home\",\"item\":\"https:\/\/shop.natureneem.com\/it\/casa\/\"},{\"@type\":\"ListItem\",\"position\":2,\"name\":\"e-Shop\",\"item\":\"https:\/\/shop.natureneem.com\/it\/e-shop\/\"},{\"@type\":\"ListItem\",\"position\":3,\"name\":\"NutrAza\"}]},{\"@type\":\"WebSite\",\"@id\":\"https:\/\/shop.natureneem.com\/it\/#website\",\"url\":\"https:\/\/shop.natureneem.com\/it\/\",\"name\":\"NatureNeem e-Shop\",\"description\":\"Official Shop from Nature Neem\",\"publisher\":{\"@id\":\"https:\/\/shop.natureneem.com\/it\/#organization\"},\"alternateName\":\"Nature Neem\",\"potentialAction\":[{\"@type\":\"SearchAction\",\"target\":{\"@type\":\"EntryPoint\",\"urlTemplate\":\"https:\/\/shop.natureneem.com\/it\/?s={search_term_string}\"},\"query-input\":{\"@type\":\"PropertyValueSpecification\",\"valueRequired\":true,\"valueName\":\"search_term_string\"}}],\"inLanguage\":\"it-IT\"},{\"@type\":\"Organization\",\"@id\":\"https:\/\/shop.natureneem.com\/it\/#organization\",\"name\":\"Nature Neem\",\"alternateName\":\"Lorsun SAS\",\"url\":\"https:\/\/shop.natureneem.com\/it\/\",\"logo\":{\"@type\":\"ImageObject\",\"inLanguage\":\"it-IT\",\"@id\":\"https:\/\/shop.natureneem.com\/it\/#\/schema\/logo\/image\/\",\"url\":\"https:\/\/shop.natureneem.com\/wp-content\/uploads\/2024\/09\/nn-logo-symbole-2024-01.svg\",\"contentUrl\":\"https:\/\/shop.natureneem.com\/wp-content\/uploads\/2024\/09\/nn-logo-symbole-2024-01.svg\",\"width\":1,\"height\":1,\"caption\":\"Nature Neem\"},\"image\":{\"@id\":\"https:\/\/shop.natureneem.com\/it\/#\/schema\/logo\/image\/\"},\"sameAs\":[\"https:\/\/www.facebook.com\/natureneemindia\/\",\"https:\/\/x.com\/natureneem\",\"https:\/\/www.youtube.com\/user\/natureneem\",\"https:\/\/www.linkedin.com\/company\/natureneem\"],\"description\":\"Siamo impegnati nello sviluppo e nella commercializzazione di soluzioni ecologiche. Continuiamo a inventare queste soluzioni alternative naturali che possono sostituire efficacemente i prodotti di sintesi chimica che danneggiano il nostro ambiente. Il nostro team \u00e8 particolarmente competente nella proposta di prodotti agricoli biologici. Siamo anche un'associazione di persone che la pensano come noi e che credono che la natura sia la soluzione per tutti i problemi ambientali che l'uomo deve affrontare.   \",\"email\":\"info@natureneem.com\",\"telephone\":\"+91 77084 00899\",\"legalName\":\"NATURE NEEM PRODUCTS\",\"vatID\":\"FR08891657884\",\"numberOfEmployees\":{\"@type\":\"QuantitativeValue\",\"minValue\":\"51\",\"maxValue\":\"200\"},\"publishingPrinciples\":\"https:\/\/shop.natureneem.com\/\",\"actionableFeedbackPolicy\":\"https:\/\/shop.natureneem.com\/return-and-refund-policy\/\",\"hasMerchantReturnPolicy\":{\"@type\":\"MerchantReturnPolicy\",\"merchantReturnLink\":\"https:\/\/shop.natureneem.com\/return-and-refund-policy\/\"}}]}<\/script>\n<meta property=\"og:availability\" content=\"instock\" \/>\n<meta property=\"product:availability\" content=\"instock\" \/>\n<meta property=\"product:retailer_item_id\" content=\"NN-NUT-XX\" \/>\n<meta property=\"product:condition\" content=\"new\" \/>\n<!-- \/ Yoast SEO Premium plugin. -->","yoast_head_json":{"title":"Pellet di semi di Neem: Arricchimento e fertilizzazione organica del suolo - NatureNeem e-Shop","description":"Aumenta la crescita delle tue piante con NutrAZA, pellet di semi di neem. Fertilizzante organico naturale. Favorisce lo sviluppo delle radici e protegge dai parassiti. Pellet di neem.","robots":{"index":"index","follow":"follow","max-snippet":"max-snippet:-1","max-image-preview":"max-image-preview:large","max-video-preview":"max-video-preview:-1"},"canonical":"https:\/\/shop.natureneem.com\/it\/e-shop\/nutraza\/","og_locale":"it_IT","og_type":"article","og_title":"Potente fertilizzante per semi di Neem per un terreno e delle piante sane","og_description":"Aumenta la crescita delle piante e lo sviluppo delle radici con il nostro pellet di semi di neem. Realizzato con macronutrienti e micronutrienti naturali, \u00e8 la scelta biologica perfetta. \ud83c\udf3f","og_url":"https:\/\/shop.natureneem.com\/it\/e-shop\/nutraza\/","og_site_name":"NatureNeem e-Shop","article_publisher":"https:\/\/www.facebook.com\/natureneemindia\/","article_modified_time":"2026-03-11T17:26:51+00:00","og_image":[{"width":800,"height":800,"url":"https:\/\/shop.natureneem.com\/wp-content\/uploads\/2024\/10\/nn_nutraza_en-2kg-800x800-1.jpg","type":"image\/jpeg"}],"twitter_card":"summary_large_image","twitter_title":"Pellet di semi di Neem: Raddrizzatore e fertilizzante organico per il terreno","twitter_description":"Dai alle tue piante una spinta naturale con i nostri pellet di semi di neem. Questi bio-stimolanti promuovono lo sviluppo delle radici e la crescita generale delle piante. Provali tu stesso e vedrai la differenza!","twitter_site":"@natureneem","twitter_misc":{"Disponibilit\u00e0":"In stock"},"schema":{"@context":"https:\/\/schema.org","@graph":[{"@type":"WebPage","@id":"https:\/\/shop.natureneem.com\/it\/e-shop\/nutraza\/","url":"https:\/\/shop.natureneem.com\/it\/e-shop\/nutraza\/","name":"Pellet di semi di Neem: Arricchimento e fertilizzazione organica del suolo - NatureNeem e-Shop","isPartOf":{"@id":"https:\/\/shop.natureneem.com\/it\/#website"},"primaryImageOfPage":{"@id":"https:\/\/shop.natureneem.com\/it\/e-shop\/nutraza\/#primaryimage"},"image":{"@id":"https:\/\/shop.natureneem.com\/it\/e-shop\/nutraza\/#primaryimage"},"thumbnailUrl":"https:\/\/shop.natureneem.com\/wp-content\/uploads\/2024\/10\/nn_nutraza_en-2kg-800x800-1.jpg","datePublished":"2023-05-06T15:02:45+00:00","dateModified":"2026-03-11T17:26:51+00:00","description":"Aumenta la crescita delle tue piante con NutrAZA, pellet di semi di neem. Fertilizzante organico naturale. Favorisce lo sviluppo delle radici e protegge dai parassiti. Pellet di neem.","breadcrumb":{"@id":"https:\/\/shop.natureneem.com\/it\/e-shop\/nutraza\/#breadcrumb"},"inLanguage":"it-IT","potentialAction":[{"@type":"ReadAction","target":["https:\/\/shop.natureneem.com\/it\/e-shop\/nutraza\/"]}]},{"@type":"ImageObject","inLanguage":"it-IT","@id":"https:\/\/shop.natureneem.com\/it\/e-shop\/nutraza\/#primaryimage","url":"https:\/\/shop.natureneem.com\/wp-content\/uploads\/2024\/10\/nn_nutraza_en-2kg-800x800-1.jpg","contentUrl":"https:\/\/shop.natureneem.com\/wp-content\/uploads\/2024\/10\/nn_nutraza_en-2kg-800x800-1.jpg","width":800,"height":800},{"@type":"BreadcrumbList","@id":"https:\/\/shop.natureneem.com\/it\/e-shop\/nutraza\/#breadcrumb","itemListElement":[{"@type":"ListItem","position":1,"name":"Home","item":"https:\/\/shop.natureneem.com\/it\/casa\/"},{"@type":"ListItem","position":2,"name":"e-Shop","item":"https:\/\/shop.natureneem.com\/it\/e-shop\/"},{"@type":"ListItem","position":3,"name":"NutrAza"}]},{"@type":"WebSite","@id":"https:\/\/shop.natureneem.com\/it\/#website","url":"https:\/\/shop.natureneem.com\/it\/","name":"NatureNeem e-Shop","description":"Official Shop from Nature Neem","publisher":{"@id":"https:\/\/shop.natureneem.com\/it\/#organization"},"alternateName":"Nature Neem","potentialAction":[{"@type":"SearchAction","target":{"@type":"EntryPoint","urlTemplate":"https:\/\/shop.natureneem.com\/it\/?s={search_term_string}"},"query-input":{"@type":"PropertyValueSpecification","valueRequired":true,"valueName":"search_term_string"}}],"inLanguage":"it-IT"},{"@type":"Organization","@id":"https:\/\/shop.natureneem.com\/it\/#organization","name":"Nature Neem","alternateName":"Lorsun SAS","url":"https:\/\/shop.natureneem.com\/it\/","logo":{"@type":"ImageObject","inLanguage":"it-IT","@id":"https:\/\/shop.natureneem.com\/it\/#\/schema\/logo\/image\/","url":"https:\/\/shop.natureneem.com\/wp-content\/uploads\/2024\/09\/nn-logo-symbole-2024-01.svg","contentUrl":"https:\/\/shop.natureneem.com\/wp-content\/uploads\/2024\/09\/nn-logo-symbole-2024-01.svg","width":1,"height":1,"caption":"Nature Neem"},"image":{"@id":"https:\/\/shop.natureneem.com\/it\/#\/schema\/logo\/image\/"},"sameAs":["https:\/\/www.facebook.com\/natureneemindia\/","https:\/\/x.com\/natureneem","https:\/\/www.youtube.com\/user\/natureneem","https:\/\/www.linkedin.com\/company\/natureneem"],"description":"Siamo impegnati nello sviluppo e nella commercializzazione di soluzioni ecologiche. Continuiamo a inventare queste soluzioni alternative naturali che possono sostituire efficacemente i prodotti di sintesi chimica che danneggiano il nostro ambiente. Il nostro team \u00e8 particolarmente competente nella proposta di prodotti agricoli biologici. Siamo anche un'associazione di persone che la pensano come noi e che credono che la natura sia la soluzione per tutti i problemi ambientali che l'uomo deve affrontare.   ","email":"info@natureneem.com","telephone":"+91 77084 00899","legalName":"NATURE NEEM PRODUCTS","vatID":"FR08891657884","numberOfEmployees":{"@type":"QuantitativeValue","minValue":"51","maxValue":"200"},"publishingPrinciples":"https:\/\/shop.natureneem.com\/","actionableFeedbackPolicy":"https:\/\/shop.natureneem.com\/return-and-refund-policy\/","hasMerchantReturnPolicy":{"@type":"MerchantReturnPolicy","merchantReturnLink":"https:\/\/shop.natureneem.com\/return-and-refund-policy\/"}}]},"og_availability":"instock","product_availability":"instock","product_retailer_item_id":"NN-NUT-XX","product_condition":"new"},"_links":{"self":[{"href":"https:\/\/shop.natureneem.com\/it\/wp-json\/wp\/v2\/product\/5557","targetHints":{"allow":["GET"]}}],"collection":[{"href":"https:\/\/shop.natureneem.com\/it\/wp-json\/wp\/v2\/product"}],"about":[{"href":"https:\/\/shop.natureneem.com\/it\/wp-json\/wp\/v2\/types\/product"}],"replies":[{"embeddable":true,"href":"https:\/\/shop.natureneem.com\/it\/wp-json\/wp\/v2\/comments?post=5557"}],"wp:featuredmedia":[{"embeddable":true,"href":"https:\/\/shop.natureneem.com\/it\/wp-json\/wp\/v2\/media\/11909"}],"wp:attachment":[{"href":"https:\/\/shop.natureneem.com\/it\/wp-json\/wp\/v2\/media?parent=5557"}],"wp:term":[{"taxonomy":"product_brand","embeddable":true,"href":"https:\/\/shop.natureneem.com\/it\/wp-json\/wp\/v2\/product_brand?post=5557"},{"taxonomy":"product_cat","embeddable":true,"href":"https:\/\/shop.natureneem.com\/it\/wp-json\/wp\/v2\/product_cat?post=5557"},{"taxonomy":"product_tag","embeddable":true,"href":"https:\/\/shop.natureneem.com\/it\/wp-json\/wp\/v2\/product_tag?post=5557"}],"curies":[{"name":"wp","href":"https:\/\/api.w.org\/{rel}","templated":true}]}}