{"id":5568,"date":"2020-03-31T18:54:27","date_gmt":"2020-03-31T16:54:27","guid":{"rendered":"https:\/\/shop.natureneem.com\/e-shop\/coco-grow\/"},"modified":"2026-04-30T19:13:53","modified_gmt":"2026-04-30T17:13:53","slug":"coco-grow","status":"publish","type":"product","link":"https:\/\/shop.natureneem.com\/it\/e-shop\/coco-grow\/","title":{"rendered":"CocoGrow"},"content":{"rendered":"<h3>Coco Grow \u00e8 un sacchetto di torba di cocco naturale e fibre per le tue piante<\/h3>\n<h2 class=\"uk-card-title\">Quali sono i vantaggi?<\/h2>\n<p>&nbsp;<\/p>\n<ul>\n<li>Terreno di coltura 100% naturale, arricchito e tamponato in fibra di cocco.<\/li>\n<li>Aerazione e drenaggio eccellenti per un apparato radicale forte e sano.<\/li>\n<li>Riduce al minimo lo shock da trapianto, ideale per le colture sensibili<\/li>\n<li>Economico e flessibile, in quanto viene semplicemente posato in base alle esigenze e idratato.<\/li>\n<li>Facile da maneggiare, conservare e utilizzare<\/li>\n<\/ul>\n<p><strong>Coco Grow<\/strong> \u00e8 una miscela di torba di cocco e fibre lavate e tamponate. Questa miscela consente una buona ritenzione, drenaggio e aerazione, senza il rischio di un eccesso di salinit\u00e0 sulle radici. Non contiene semi di erbe infestanti o agenti patogeni. \u00c8 molto apprezzato dai coltivatori di frutta e ortaggi delicati.   <\/p>\n<div class=\"uk-grid-match uk-child-width-expand@s\">\n<div>\n<div class=\"uk-card uk-card-default uk-card-body\">\n<h4><img loading=\"lazy\" decoding=\"async\" class=\"alignnone size-medium wp-image-12113\" src=\"https:\/\/shop.natureneem.com\/wp-content\/uploads\/2025\/06\/nn_eshop_cocogrow_bag-300x197.jpg\" alt=\"CocoGrow di NatureNeem\" width=\"300\" height=\"197\" srcset=\"https:\/\/shop.natureneem.com\/wp-content\/uploads\/2025\/06\/nn_eshop_cocogrow_bag-300x197.jpg 300w, https:\/\/shop.natureneem.com\/wp-content\/uploads\/2025\/06\/nn_eshop_cocogrow_bag-1024x672.jpg 1024w, https:\/\/shop.natureneem.com\/wp-content\/uploads\/2025\/06\/nn_eshop_cocogrow_bag-768x504.jpg 768w, https:\/\/shop.natureneem.com\/wp-content\/uploads\/2025\/06\/nn_eshop_cocogrow_bag-500x328.jpg 500w, https:\/\/shop.natureneem.com\/wp-content\/uploads\/2025\/06\/nn_eshop_cocogrow_bag.jpg 1280w\" sizes=\"(max-width: 300px) 100vw, 300px\" \/><\/h4>\n<h4>1 sacco di Coco Grow = 6 litri di terriccio pre-riempito pronto per la semina in un sacco.<br \/>\n<strong>Ideale per appartamenti e case per la coltivazione di erbe aromatiche.<\/strong><\/h4>\n<\/div>\n<\/div>\n<div>\n<div class=\"uk-card uk-card-primary uk-card-body\">\n<h2 class=\"uk-card-title\">Come posso utilizzarlo?<\/h2>\n<ul>\n<li>Il sacchetto per la coltivazione \u00e8 gi\u00e0 perforato. Non \u00e8 necessario fare altri fori. <\/li>\n<li>Svuota il sacchetto contenente 750 g di midollo di cocco compresso e mettilo in una vasca di plastica.<\/li>\n<li>Aggiungi circa 5 litri d&#8217;acqua, sufficienti a far espandere completamente il sacco.<\/li>\n<li>Attendi 45 minuti fino a quando tutta l&#8217;acqua sar\u00e0 stata assorbita. Scola l&#8217;acqua in eccesso se necessario. <\/li>\n<li>Aggiungi circa 15 g di <a href=\"https:\/\/shop.natureneem.com\/it\/e-shop\/nutraza\/\" target=\"_blank\" rel=\"noopener\">NutrAza<\/a>, il fertilizzante naturale a base di neem.<\/li>\n<li>Il numero di piante per sacchetto dipende dalle dimensioni delle piante che desideri coltivare.<\/li>\n<li>Dopo la semina, ricopri con <a href=\"https:\/\/shop.natureneem.com\/it\/e-shop\/mattone-coco-copy\/\" target=\"_blank\" rel=\"noopener\">CocoMulch<\/a>. In questo modo si eviter\u00e0 la crescita di erbe infestanti e si conserver\u00e0 l&#8217;umidit\u00e0 nel substrato. <\/li>\n<\/ul>\n<p><strong>Suggerimento<\/strong>: il sacchetto \u00e8 riciclabile e pu\u00f2 essere riutilizzato per un massimo di 3 stagioni di coltivazione.<\/p>\n<\/div>\n<\/div>\n<\/div>\n<div class=\"uk-grid-match uk-child-width-expand@s\">\n<div>\n<div class=\"uk-card uk-card-secondary uk-card-body\">\n<h2 class=\"uk-card-title\">Canale Natura Neem<\/h2>\n<p><iframe loading=\"lazy\" title=\"Rempotage dans un sac de culture pr\u00e9 rempli de terreau de coco\" width=\"500\" height=\"281\" src=\"https:\/\/www.youtube.com\/embed\/yjb7McnAWbg?feature=oembed\" frameborder=\"0\" allow=\"accelerometer; autoplay; clipboard-write; encrypted-media; gyroscope; picture-in-picture; web-share\" referrerpolicy=\"strict-origin-when-cross-origin\" allowfullscreen><\/iframe><\/p>\n<\/div>\n<\/div>\n<div>\n<div class=\"uk-card uk-card-default uk-card-body uk-background-muted\">\n<h2 class=\"uk-card-title\">Dai un&#8217;occhiata al nostro canale YouTube<\/h2>\n<h3>Segui le nostre migliori pratiche di<em>rinvaso<\/em> Coco Grow<br \/>\n<em>in una busta per la coltivazione riempita con terriccio di cocco.<\/em><\/h3>\n<\/div>\n<\/div>\n<\/div>\n<h3>Coltiva ortaggi, piante e persino frutta. \u00c8 facile, economico ed ecologico con un terriccio pronto all&#8217;uso. Con soli 9 litri d&#8217;acqua otterrai un sacco di terriccio realizzato con fibre di cocco naturali al 100%. Facile da trasportare, facile da realizzare.   <\/h3>\n<h3 class=\"uk-alert\">Non hai un giardino e poco spazio per conservare il terriccio? Pensa a Coco Grow! <\/h3>\n<h3 class=\"uk-alert\">Sei stanco di trasportare sacchi di terriccio troppo pesanti e ingombranti? Scegli Coco Grow! <\/h3>\n<h3>Dai un&#8217;occhiata ai nostri altri prodotti a base di cocco, come il <a href=\"https:\/\/shop.natureneem.com\/it\/e-shop\/mattone-coco\/\">mattone di cocco<\/a>, un eccellente substrato per le piante e un ammendante per il terreno. Prova il best seller <a href=\"https:\/\/shop.natureneem.com\/e-shop\/naturecoco-organic-virgin-coconut-oil\/\">NatureCoco<\/a>, l&#8217;olio di cocco vergine biologico. Coco Grow Soluzione bio ed ecologica tutto in uno per piccoli spazi.  <\/h3>\n","protected":false},"excerpt":{"rendered":"<h2 class=\"ai-optimize-19\">Sacco da coltivazione in fibra di cocco<\/h2>\n<p class=\"ai-optimize-20\">per tutti i tipi di piante<br \/>\n1 sacco = 6 litri<br \/>\nPronto per essere piantato!<\/p>\n","protected":false},"featured_media":12155,"comment_status":"open","ping_status":"closed","template":"","meta":[],"product_brand":[],"product_cat":[144],"product_tag":[],"class_list":{"0":"post-5568","1":"product","2":"type-product","3":"status-publish","4":"has-post-thumbnail","6":"product_cat-prodotti-coco","7":"product_shipping_class-11kg","9":"first","10":"instock","11":"shipping-taxable","12":"purchasable","13":"product-type-simple"},"yoast_head":"<!-- This site is optimized with the Yoast SEO Premium plugin v27.5 (Yoast SEO v27.5) - https:\/\/yoast.com\/product\/yoast-seo-premium-wordpress\/ -->\n<title>Coco Grow: Un substrato per piante facile da usare e da maneggiare \ud83e\udd65 % NatureNeem e-Shop%<\/title>\n<meta name=\"description\" content=\"Dai alle tue piante il miglior inizio con Coco Grow, un substrato di piantagione economico e flessibile. Riduci al minimo lo shock da trapianto. Facile da maneggiare e da conservare.\" \/>\n<meta name=\"robots\" content=\"index, follow, max-snippet:-1, max-image-preview:large, max-video-preview:-1\" \/>\n<link rel=\"canonical\" href=\"https:\/\/shop.natureneem.com\/it\/e-shop\/coco-grow\/\" \/>\n<meta property=\"og:locale\" content=\"it_IT\" \/>\n<meta property=\"og:type\" content=\"article\" \/>\n<meta property=\"og:title\" content=\"CocoGrow\" \/>\n<meta property=\"og:description\" content=\"Dai alle tue piante il miglior inizio con Coco Grow, un substrato di piantagione economico e flessibile. Riduci al minimo lo shock da trapianto. Facile da maneggiare e da conservare.\" \/>\n<meta property=\"og:url\" content=\"https:\/\/shop.natureneem.com\/it\/e-shop\/coco-grow\/\" \/>\n<meta property=\"og:site_name\" content=\"NatureNeem e-Shop\" \/>\n<meta property=\"article:publisher\" content=\"https:\/\/www.facebook.com\/natureneemindia\/\" \/>\n<meta property=\"article:modified_time\" content=\"2026-04-30T17:13:53+00:00\" \/>\n<meta property=\"og:image\" content=\"https:\/\/shop.natureneem.com\/wp-content\/uploads\/2020\/03\/NN-COCOGROW-2025_01.jpg\" \/>\n\t<meta property=\"og:image:width\" content=\"2000\" \/>\n\t<meta property=\"og:image:height\" content=\"2000\" \/>\n\t<meta property=\"og:image:type\" content=\"image\/jpeg\" \/>\n<meta name=\"twitter:card\" content=\"summary_large_image\" \/>\n<meta name=\"twitter:site\" content=\"@natureneem\" \/>\n<meta name=\"twitter:label1\" content=\"Prezzo\" \/>\n\t<meta name=\"twitter:data1\" content=\"7,99&nbsp;&euro;\" \/>\n\t<meta name=\"twitter:label2\" content=\"Disponibilit\u00e0\" \/>\n\t<meta name=\"twitter:data2\" content=\"In stock\" \/>\n<script type=\"application\/ld+json\" class=\"yoast-schema-graph\">{\"@context\":\"https:\\\/\\\/schema.org\",\"@graph\":[{\"@type\":\"WebPage\",\"@id\":\"https:\\\/\\\/shop.natureneem.com\\\/it\\\/e-shop\\\/coco-grow\\\/\",\"url\":\"https:\\\/\\\/shop.natureneem.com\\\/it\\\/e-shop\\\/coco-grow\\\/\",\"name\":\"Coco Grow: Un substrato per piante facile da usare e da maneggiare \ud83e\udd65 % NatureNeem e-Shop%\",\"isPartOf\":{\"@id\":\"https:\\\/\\\/shop.natureneem.com\\\/it\\\/#website\"},\"primaryImageOfPage\":{\"@id\":\"https:\\\/\\\/shop.natureneem.com\\\/it\\\/e-shop\\\/coco-grow\\\/#primaryimage\"},\"image\":{\"@id\":\"https:\\\/\\\/shop.natureneem.com\\\/it\\\/e-shop\\\/coco-grow\\\/#primaryimage\"},\"thumbnailUrl\":\"https:\\\/\\\/shop.natureneem.com\\\/wp-content\\\/uploads\\\/2020\\\/03\\\/NN-COCOGROW-2025_01.jpg\",\"datePublished\":\"2020-03-31T16:54:27+00:00\",\"dateModified\":\"2026-04-30T17:13:53+00:00\",\"description\":\"Dai alle tue piante il miglior inizio con Coco Grow, un substrato di piantagione economico e flessibile. Riduci al minimo lo shock da trapianto. Facile da maneggiare e da conservare.\",\"breadcrumb\":{\"@id\":\"https:\\\/\\\/shop.natureneem.com\\\/it\\\/e-shop\\\/coco-grow\\\/#breadcrumb\"},\"inLanguage\":\"it-IT\",\"potentialAction\":[{\"@type\":\"ReadAction\",\"target\":[\"https:\\\/\\\/shop.natureneem.com\\\/it\\\/e-shop\\\/coco-grow\\\/\"]}]},{\"@type\":\"ImageObject\",\"inLanguage\":\"it-IT\",\"@id\":\"https:\\\/\\\/shop.natureneem.com\\\/it\\\/e-shop\\\/coco-grow\\\/#primaryimage\",\"url\":\"https:\\\/\\\/shop.natureneem.com\\\/wp-content\\\/uploads\\\/2020\\\/03\\\/NN-COCOGROW-2025_01.jpg\",\"contentUrl\":\"https:\\\/\\\/shop.natureneem.com\\\/wp-content\\\/uploads\\\/2020\\\/03\\\/NN-COCOGROW-2025_01.jpg\",\"width\":2000,\"height\":2000,\"caption\":\"CocoGrow di NatureNeem - Facile da maneggiare, conservare e utilizzare\"},{\"@type\":\"BreadcrumbList\",\"@id\":\"https:\\\/\\\/shop.natureneem.com\\\/it\\\/e-shop\\\/coco-grow\\\/#breadcrumb\",\"itemListElement\":[{\"@type\":\"ListItem\",\"position\":1,\"name\":\"Home\",\"item\":\"https:\\\/\\\/shop.natureneem.com\\\/it\\\/casa\\\/\"},{\"@type\":\"ListItem\",\"position\":2,\"name\":\"e-Shop\",\"item\":\"https:\\\/\\\/shop.natureneem.com\\\/it\\\/e-shop\\\/\"},{\"@type\":\"ListItem\",\"position\":3,\"name\":\"CocoGrow\"}]},{\"@type\":\"WebSite\",\"@id\":\"https:\\\/\\\/shop.natureneem.com\\\/it\\\/#website\",\"url\":\"https:\\\/\\\/shop.natureneem.com\\\/it\\\/\",\"name\":\"NatureNeem e-Shop\",\"description\":\"Official Shop from Nature Neem\",\"publisher\":{\"@id\":\"https:\\\/\\\/shop.natureneem.com\\\/it\\\/#organization\"},\"alternateName\":\"Nature Neem\",\"potentialAction\":[{\"@type\":\"SearchAction\",\"target\":{\"@type\":\"EntryPoint\",\"urlTemplate\":\"https:\\\/\\\/shop.natureneem.com\\\/it\\\/?s={search_term_string}\"},\"query-input\":{\"@type\":\"PropertyValueSpecification\",\"valueRequired\":true,\"valueName\":\"search_term_string\"}}],\"inLanguage\":\"it-IT\"},{\"@type\":\"Organization\",\"@id\":\"https:\\\/\\\/shop.natureneem.com\\\/it\\\/#organization\",\"name\":\"Nature Neem\",\"alternateName\":\"Lorsun SAS\",\"url\":\"https:\\\/\\\/shop.natureneem.com\\\/it\\\/\",\"logo\":{\"@type\":\"ImageObject\",\"inLanguage\":\"it-IT\",\"@id\":\"https:\\\/\\\/shop.natureneem.com\\\/it\\\/#\\\/schema\\\/logo\\\/image\\\/\",\"url\":\"https:\\\/\\\/shop.natureneem.com\\\/wp-content\\\/uploads\\\/2024\\\/09\\\/nn-logo-symbole-2024-01.svg\",\"contentUrl\":\"https:\\\/\\\/shop.natureneem.com\\\/wp-content\\\/uploads\\\/2024\\\/09\\\/nn-logo-symbole-2024-01.svg\",\"width\":1,\"height\":1,\"caption\":\"Nature Neem\"},\"image\":{\"@id\":\"https:\\\/\\\/shop.natureneem.com\\\/it\\\/#\\\/schema\\\/logo\\\/image\\\/\"},\"sameAs\":[\"https:\\\/\\\/www.facebook.com\\\/natureneemindia\\\/\",\"https:\\\/\\\/x.com\\\/natureneem\",\"https:\\\/\\\/www.youtube.com\\\/user\\\/natureneem\",\"https:\\\/\\\/www.linkedin.com\\\/company\\\/natureneem\"],\"description\":\"Siamo impegnati nello sviluppo e nella commercializzazione di soluzioni ecologiche. Continuiamo a inventare queste soluzioni alternative naturali che possono sostituire efficacemente i prodotti di sintesi chimica che danneggiano il nostro ambiente. Il nostro team \u00e8 particolarmente competente nella proposta di prodotti agricoli biologici. Siamo anche un'associazione di persone che la pensano come noi e che credono che la natura sia la soluzione per tutti i problemi ambientali che l'uomo deve affrontare.   \",\"email\":\"info@natureneem.com\",\"telephone\":\"+91 77084 00899\",\"legalName\":\"NATURE NEEM PRODUCTS\",\"vatID\":\"FR08891657884\",\"numberOfEmployees\":{\"@type\":\"QuantitativeValue\",\"minValue\":\"51\",\"maxValue\":\"200\"},\"publishingPrinciples\":\"https:\\\/\\\/shop.natureneem.com\\\/\",\"actionableFeedbackPolicy\":\"https:\\\/\\\/shop.natureneem.com\\\/return-and-refund-policy\\\/\",\"hasMerchantReturnPolicy\":{\"@type\":\"MerchantReturnPolicy\",\"merchantReturnLink\":\"https:\\\/\\\/shop.natureneem.com\\\/return-and-refund-policy\\\/\"}}]}<\/script>\n<meta property=\"product:price:amount\" content=\"7.99\" \/>\n<meta property=\"product:price:currency\" content=\"EUR\" \/>\n<meta property=\"og:availability\" content=\"instock\" \/>\n<meta property=\"product:availability\" content=\"instock\" \/>\n<meta property=\"product:retailer_item_id\" content=\"NN-GP-CG\" \/>\n<meta property=\"product:condition\" content=\"new\" \/>\n<!-- \/ Yoast SEO Premium plugin. -->","yoast_head_json":{"title":"Coco Grow: Un substrato per piante facile da usare e da maneggiare \ud83e\udd65 % NatureNeem e-Shop%","description":"Dai alle tue piante il miglior inizio con Coco Grow, un substrato di piantagione economico e flessibile. Riduci al minimo lo shock da trapianto. Facile da maneggiare e da conservare.","robots":{"index":"index","follow":"follow","max-snippet":"max-snippet:-1","max-image-preview":"max-image-preview:large","max-video-preview":"max-video-preview:-1"},"canonical":"https:\/\/shop.natureneem.com\/it\/e-shop\/coco-grow\/","og_locale":"it_IT","og_type":"article","og_title":"CocoGrow","og_description":"Dai alle tue piante il miglior inizio con Coco Grow, un substrato di piantagione economico e flessibile. Riduci al minimo lo shock da trapianto. Facile da maneggiare e da conservare.","og_url":"https:\/\/shop.natureneem.com\/it\/e-shop\/coco-grow\/","og_site_name":"NatureNeem e-Shop","article_publisher":"https:\/\/www.facebook.com\/natureneemindia\/","article_modified_time":"2026-04-30T17:13:53+00:00","og_image":[{"width":2000,"height":2000,"url":"https:\/\/shop.natureneem.com\/wp-content\/uploads\/2020\/03\/NN-COCOGROW-2025_01.jpg","type":"image\/jpeg"}],"twitter_card":"summary_large_image","twitter_site":"@natureneem","twitter_misc":{"Prezzo":"7,99&nbsp;&euro;","Disponibilit\u00e0":"In stock"},"schema":{"@context":"https:\/\/schema.org","@graph":[{"@type":"WebPage","@id":"https:\/\/shop.natureneem.com\/it\/e-shop\/coco-grow\/","url":"https:\/\/shop.natureneem.com\/it\/e-shop\/coco-grow\/","name":"Coco Grow: Un substrato per piante facile da usare e da maneggiare \ud83e\udd65 % NatureNeem e-Shop%","isPartOf":{"@id":"https:\/\/shop.natureneem.com\/it\/#website"},"primaryImageOfPage":{"@id":"https:\/\/shop.natureneem.com\/it\/e-shop\/coco-grow\/#primaryimage"},"image":{"@id":"https:\/\/shop.natureneem.com\/it\/e-shop\/coco-grow\/#primaryimage"},"thumbnailUrl":"https:\/\/shop.natureneem.com\/wp-content\/uploads\/2020\/03\/NN-COCOGROW-2025_01.jpg","datePublished":"2020-03-31T16:54:27+00:00","dateModified":"2026-04-30T17:13:53+00:00","description":"Dai alle tue piante il miglior inizio con Coco Grow, un substrato di piantagione economico e flessibile. Riduci al minimo lo shock da trapianto. Facile da maneggiare e da conservare.","breadcrumb":{"@id":"https:\/\/shop.natureneem.com\/it\/e-shop\/coco-grow\/#breadcrumb"},"inLanguage":"it-IT","potentialAction":[{"@type":"ReadAction","target":["https:\/\/shop.natureneem.com\/it\/e-shop\/coco-grow\/"]}]},{"@type":"ImageObject","inLanguage":"it-IT","@id":"https:\/\/shop.natureneem.com\/it\/e-shop\/coco-grow\/#primaryimage","url":"https:\/\/shop.natureneem.com\/wp-content\/uploads\/2020\/03\/NN-COCOGROW-2025_01.jpg","contentUrl":"https:\/\/shop.natureneem.com\/wp-content\/uploads\/2020\/03\/NN-COCOGROW-2025_01.jpg","width":2000,"height":2000,"caption":"CocoGrow di NatureNeem - Facile da maneggiare, conservare e utilizzare"},{"@type":"BreadcrumbList","@id":"https:\/\/shop.natureneem.com\/it\/e-shop\/coco-grow\/#breadcrumb","itemListElement":[{"@type":"ListItem","position":1,"name":"Home","item":"https:\/\/shop.natureneem.com\/it\/casa\/"},{"@type":"ListItem","position":2,"name":"e-Shop","item":"https:\/\/shop.natureneem.com\/it\/e-shop\/"},{"@type":"ListItem","position":3,"name":"CocoGrow"}]},{"@type":"WebSite","@id":"https:\/\/shop.natureneem.com\/it\/#website","url":"https:\/\/shop.natureneem.com\/it\/","name":"NatureNeem e-Shop","description":"Official Shop from Nature Neem","publisher":{"@id":"https:\/\/shop.natureneem.com\/it\/#organization"},"alternateName":"Nature Neem","potentialAction":[{"@type":"SearchAction","target":{"@type":"EntryPoint","urlTemplate":"https:\/\/shop.natureneem.com\/it\/?s={search_term_string}"},"query-input":{"@type":"PropertyValueSpecification","valueRequired":true,"valueName":"search_term_string"}}],"inLanguage":"it-IT"},{"@type":"Organization","@id":"https:\/\/shop.natureneem.com\/it\/#organization","name":"Nature Neem","alternateName":"Lorsun SAS","url":"https:\/\/shop.natureneem.com\/it\/","logo":{"@type":"ImageObject","inLanguage":"it-IT","@id":"https:\/\/shop.natureneem.com\/it\/#\/schema\/logo\/image\/","url":"https:\/\/shop.natureneem.com\/wp-content\/uploads\/2024\/09\/nn-logo-symbole-2024-01.svg","contentUrl":"https:\/\/shop.natureneem.com\/wp-content\/uploads\/2024\/09\/nn-logo-symbole-2024-01.svg","width":1,"height":1,"caption":"Nature Neem"},"image":{"@id":"https:\/\/shop.natureneem.com\/it\/#\/schema\/logo\/image\/"},"sameAs":["https:\/\/www.facebook.com\/natureneemindia\/","https:\/\/x.com\/natureneem","https:\/\/www.youtube.com\/user\/natureneem","https:\/\/www.linkedin.com\/company\/natureneem"],"description":"Siamo impegnati nello sviluppo e nella commercializzazione di soluzioni ecologiche. Continuiamo a inventare queste soluzioni alternative naturali che possono sostituire efficacemente i prodotti di sintesi chimica che danneggiano il nostro ambiente. Il nostro team \u00e8 particolarmente competente nella proposta di prodotti agricoli biologici. Siamo anche un'associazione di persone che la pensano come noi e che credono che la natura sia la soluzione per tutti i problemi ambientali che l'uomo deve affrontare.   ","email":"info@natureneem.com","telephone":"+91 77084 00899","legalName":"NATURE NEEM PRODUCTS","vatID":"FR08891657884","numberOfEmployees":{"@type":"QuantitativeValue","minValue":"51","maxValue":"200"},"publishingPrinciples":"https:\/\/shop.natureneem.com\/","actionableFeedbackPolicy":"https:\/\/shop.natureneem.com\/return-and-refund-policy\/","hasMerchantReturnPolicy":{"@type":"MerchantReturnPolicy","merchantReturnLink":"https:\/\/shop.natureneem.com\/return-and-refund-policy\/"}}]},"product_price_amount":"7.99","product_price_currency":"EUR","og_availability":"instock","product_availability":"instock","product_retailer_item_id":"NN-GP-CG","product_condition":"new"},"_links":{"self":[{"href":"https:\/\/shop.natureneem.com\/it\/wp-json\/wp\/v2\/product\/5568","targetHints":{"allow":["GET"]}}],"collection":[{"href":"https:\/\/shop.natureneem.com\/it\/wp-json\/wp\/v2\/product"}],"about":[{"href":"https:\/\/shop.natureneem.com\/it\/wp-json\/wp\/v2\/types\/product"}],"replies":[{"embeddable":true,"href":"https:\/\/shop.natureneem.com\/it\/wp-json\/wp\/v2\/comments?post=5568"}],"wp:featuredmedia":[{"embeddable":true,"href":"https:\/\/shop.natureneem.com\/it\/wp-json\/wp\/v2\/media\/12155"}],"wp:attachment":[{"href":"https:\/\/shop.natureneem.com\/it\/wp-json\/wp\/v2\/media?parent=5568"}],"wp:term":[{"taxonomy":"product_brand","embeddable":true,"href":"https:\/\/shop.natureneem.com\/it\/wp-json\/wp\/v2\/product_brand?post=5568"},{"taxonomy":"product_cat","embeddable":true,"href":"https:\/\/shop.natureneem.com\/it\/wp-json\/wp\/v2\/product_cat?post=5568"},{"taxonomy":"product_tag","embeddable":true,"href":"https:\/\/shop.natureneem.com\/it\/wp-json\/wp\/v2\/product_tag?post=5568"}],"curies":[{"name":"wp","href":"https:\/\/api.w.org\/{rel}","templated":true}]}}