{"id":5583,"date":"2019-07-06T19:00:23","date_gmt":"2019-07-06T17:00:23","guid":{"rendered":"https:\/\/shop.natureneem.com\/e-shop\/totalcare\/"},"modified":"2026-03-22T11:55:13","modified_gmt":"2026-03-22T10:55:13","slug":"totalcare","status":"publish","type":"product","link":"https:\/\/shop.natureneem.com\/it\/e-shop\/totalcare\/","title":{"rendered":"TotalCare"},"content":{"rendered":"<h3><strong>TotalCare,  <\/strong><strong>Olio di neem per piante in formulazione idrosolubile. Basta diluirlo in acqua e spruzzarlo.   <\/strong><\/h3>\n<p>TotalCare \u00e8 il miglior pesticida botanico per l&#8217;agricoltura e i giardini biologici. Ottenuto emulsionando puro olio di neem spremuto a freddo dai semi di neem della stagione in corso, garantisce l&#8217;efficacia del neem. La scelta e il dosaggio degli emulsionanti sono stati ottimizzati in lunghi anni di ricerca per preservare i magici ingredienti del neem. \u00c8 superiore ad altre soluzioni biologiche grazie alla sua ampia applicazione e alla sua influenza su 200 specie di parassiti. \u00c8 significativo che alcune di esse siano gi\u00e0 resistenti o intrinsecamente difficili da controllare con i pesticidi convenzionali.     Olio di neem idrosolubile per piante antiparassitarie in agricoltura e giardini biologici.<\/p>\n<h3><strong>Il miglior pesticida botanico per giardini biologici. Olio di neem idrosolubile per piante. <\/strong><\/h3>\n<h3 style=\"padding-left: 40px;\"><strong>Dosaggio:  <\/strong><\/h3>\n<p style=\"padding-left: 40px;\"><strong>5-15 ml per litro d&#8217;acqua in base all&#8217;infestazione e al volume d&#8217;acqua utilizzato per l&#8217;irrorazione.<\/strong><\/p>\n<p style=\"padding-left: 80px;\"><strong>Esempi:<\/strong><\/p>\n<ul>\n<li style=\"list-style-type: none;\">\n<ul>\n<li><strong>Per gli alberi da frutto e i cespugli<\/strong> che richiedono una maggiore quantit\u00e0 d&#8217;acqua, sono sufficienti 2-5 ml per litro d&#8217;acqua.<\/li>\n<li><strong>Per gli orti o le piante da giardino<\/strong> in cui si utilizzano generalmente le irrorazioni manuali, a seconda dell&#8217;incidenza dei parassiti, mescola 5-10 ml di TotalCare per litro d&#8217;acqua.<\/li>\n<li><strong>Per le moderne irroratrici<\/strong> utilizzate per le colture in campo che richiedono meno acqua per la copertura, mescola 30-50 ml per litro d&#8217;acqua.<br \/>\n<a href=\"https:\/\/natureneem.com\/en\/products\/totalcare#applications\" target=\"_blank\" rel=\"noopener\">Dettagli informati sul dosaggio di TotalCare<\/a>.<\/li>\n<\/ul>\n<\/li>\n<\/ul>\n<div class=\"uk-grid-match uk-child-width-expand@s\" uk-grid=\"\">\n<div>\n<div class=\"uk-card uk-card-primary uk-card-body\">\n<h3 class=\"uk-card-title\">Organico, atossico e biodegradabile<\/h3>\n<p>TotalCare non \u00e8 tossico per mammiferi, animali, uccelli e animali acquatici. La tossicit\u00e0 residua non viene trasmessa al prodotto raccolto. Non ci sono tempi di attesa e puoi applicarlo in qualsiasi fase della pianta. \u00c8 l&#8217;ideale per le serre e gli orti. \u00c8 molto utilizzato anche in floricoltura e orticoltura, oltre che per le coltivazioni in campo che richiedono la certificazione biologica.    <\/p>\n<p><a class=\"uk-button uk-button-small uk-button-secondary\" href=\"https:\/\/shop.natureneem.com\/download\/694\/certifications\/10698\/issued-eu-attestation-nature-neem-2023\">  Attestato UE rilasciato &#8211; Nature Neem-2023<\/a><\/p>\n<p><a class=\"uk-button uk-button-small uk-button-secondary\" href=\"https:\/\/shop.natureneem.com\/download\/694\/certifications\/10699\/issued-jas-attestation-nature-neem-2023\">  Attestato JAS rilasciato &#8211; Nature Neem-2023<\/a><\/p>\n<p><a class=\"uk-button uk-button-small uk-button-secondary\" href=\"https:\/\/shop.natureneem.com\/download\/694\/certifications\/10700\/issued-nop-attestation-nature-neem-2023\">  Attestazione NOP rilasciata &#8211; Nature Neem-2023<\/a><\/p>\n<\/div>\n<\/div>\n<div>\n<div class=\"uk-card uk-card-default uk-card-body uk-background-muted\">\n<h3 class=\"uk-card-title\">Il potere erboristico del neem<\/h3>\n<p>Fornisce un rimedio naturale aumentando la salute generale della pianta e aumentando la sua resistenza a parassiti e malattie. TotalCare contiene anche una fonte organica di macro e micronutrienti. Contiene quasi 200 oligoelementi.  <\/p>\n<h3>Perch\u00e9 TotalCare \u00e8 superiore agli altri oli? Non esitare a fare un confronto, rimarrai sorpreso! <\/h3>\n<p>Estraiamo l&#8217;olio dai gherigli di neem ben maturi utilizzando il metodo tradizionale di spremitura a freddo. In TotalCare, l&#8217;azadiractina, l&#8217;ingrediente principale, \u00e8 di circa 2700 ppm (0,27%). I lotti tipici di alcune stagioni hanno mostrato livelli record di 3000 ppm di azadiractina. Tuttavia, il 90% del cosiddetto olio di neem puro disponibile sul mercato europeo \u00e8 solo olio di neem residuo di industrie di neem e il suo livello di azadiractina si aggira intorno alle 150 ppm.   <\/p>\n<\/div>\n<\/div>\n<\/div>\n<div class=\"uk-grid-match uk-child-width-expand@s uk-text-center\" uk-grid=\"\">\n<div>\n<div class=\"uk-card uk-card-default uk-card-body\">\n<h2 class=\"uk-card-title\">TotalCare \u00e8 certificato biologico da Ecocert secondo gli standard biologici UE, NOP (USDA) e JAP.<\/h2>\n<div><img loading=\"lazy\" decoding=\"async\" class=\"alignnone wp-image-391 size-medium\" title=\"Certificazioni ufficiali TotalCare da parte di NatureNeem\" src=\"https:\/\/shop.natureneem.com\/wp-content\/uploads\/2023\/05\/nn_cert_facture-300x60.png\" alt=\"I prodotti Nature Neem sono certificati da Ecocert SA F-32600, dagli standard della Commissione Europea, dal National Organic Program (NOP - USDA) e dalla Soil Association Certification.\" width=\"300\" height=\"60\"><\/div>\n<\/div>\n<\/div>\n<div>\n<div class=\"uk-card uk-card-secondary uk-card-body\">\n<h2 class=\"uk-card-title\">Come applicare questo prodotto?<\/h2>\n<p>Descrizione completa, applicazioni, FAQ e informazioni.<\/p>\n<div><a class=\"uk-button uk-button-primary\" href=\"https:\/\/natureneem.com\/en\/products\/totalcare\" target=\"_blank\" rel=\"noopener noreferrer\">CLICCA QUI<\/a><\/div>\n<\/div>\n<\/div>\n<\/div>\n<h3>L&#8217;olio di neem idrosolubile per piante, in una parola, \u00e8 TotalCare. In conclusione, va ricordato che \u00e8 cos\u00ec semplice da usare, efficace e non tossico. \u00c8 il pi\u00f9 adatto per il tuo orto, le serre e i fiori.<br \/>\nTutti i prodotti di Nature Neem India sono completamente bio. <b>Prova anche<\/b> <a href=\"https:\/\/shop.natureneem.com\/e-shop\/nutraza-pellet-of-neem-seed\/\">NutrAza<\/a> per completare i benefici del fertilizzante al neem e <a href=\"https:\/\/shop.natureneem.com\/it\/e-shop\/biocare\/\">BioCare<\/a> per i tuoi animali.  <\/h3>\n","protected":false},"excerpt":{"rendered":"<h3 class=\"ai-optimize-20\">Olio di Neem idrosolubile da spruzzare sulle piante<\/h3>\n<p><img loading=\"lazy\" decoding=\"async\" class=\"alignnone\" style=\"float: left;\" title=\"Simbolo TotalCare di NatureNeem\" src=\"https:\/\/natureneem.com\/images\/logos\/nn_plant_care.svg\" alt=\"Cura delle piante NatureNeem con TotalCare\" width=\"160\" height=\"599\"><\/p>\n<p class=\"ai-optimize-21\"><strong>Il miglior pesticida botanico per giardini biologici.<br \/>\n<\/strong><strong>Olio di neem idrosolubile per piante antiparassitario in agricoltura biologica e giardini<br \/>\nProdotto naturale di qualit\u00e0 bio-certificato dal 1990 da Nature Neem India<br \/>\nMiscela 5-10 ml per litro d&#8217;acqua e spruzza. Non tossico per l&#8217;uomo, gli animali, gli uccelli &#8230; <\/strong><\/p>\n","protected":false},"featured_media":11973,"comment_status":"open","ping_status":"closed","template":"","meta":[],"product_brand":[],"product_cat":[123],"product_tag":[],"class_list":{"0":"post-5583","1":"product","2":"type-product","3":"status-publish","4":"has-post-thumbnail","6":"product_cat-prodotti-a-base-di-neem","7":"pa_packing-1l-it","8":"pa_packing-20l-it","9":"pa_packing-250ml-it","10":"pa_packing-5l-it","11":"pa_packing-500ml-it","13":"first","14":"instock","15":"shipping-taxable","16":"purchasable","17":"product-type-variable","18":"has-default-attributes"},"yoast_head":"<!-- This site is optimized with the Yoast SEO Premium plugin v27.1 (Yoast SEO v27.2) - https:\/\/yoast.com\/product\/yoast-seo-premium-wordpress\/ -->\n<title>Olio di Neem idrosolubile per piante: Soluzione organica per il controllo dei parassiti<\/title>\n<meta name=\"description\" content=\"Proteggi le tue piante con la forza della natura! TotalCare : Olio di neem idrosolubile per piante antiparassitarie in agricoltura e giardini biologici. Acquista il tuo oggi.\" \/>\n<meta name=\"robots\" content=\"index, follow, max-snippet:-1, max-image-preview:large, max-video-preview:-1\" \/>\n<link rel=\"canonical\" href=\"https:\/\/shop.natureneem.com\/it\/e-shop\/totalcare\/\" \/>\n<meta property=\"og:locale\" content=\"it_IT\" \/>\n<meta property=\"og:type\" content=\"article\" \/>\n<meta property=\"og:title\" content=\"Diventa biologico con l&#039;olio di Neem per le piante del tuo giardino\" \/>\n<meta property=\"og:description\" content=\"Vuoi un pesticida sicuro per le tue piante e per l&#039;ambiente? Prova TotalCare, il miglior olio di neem per piante. Proteggi il tuo giardino in modo naturale! \ud83c\udf31\" \/>\n<meta property=\"og:url\" content=\"https:\/\/shop.natureneem.com\/it\/e-shop\/totalcare\/\" \/>\n<meta property=\"og:site_name\" content=\"NatureNeem e-Shop\" \/>\n<meta property=\"article:publisher\" content=\"https:\/\/www.facebook.com\/natureneemindia\/\" \/>\n<meta property=\"article:modified_time\" content=\"2026-03-22T10:55:13+00:00\" \/>\n<meta property=\"og:image\" content=\"https:\/\/shop.natureneem.com\/wp-content\/uploads\/nc\/images\/products\/totalcare\/nn_totalcare_en_champ_et_ecocert.jpg\" \/>\n<meta name=\"twitter:card\" content=\"summary_large_image\" \/>\n<meta name=\"twitter:title\" content=\"TotalCare: Olio di Neem per piante - Disinfestazione organica per i giardini\" \/>\n<meta name=\"twitter:description\" content=\"Proteggi le tue piante in modo naturale con TotalCare, il miglior pesticida botanico per l&#039;agricoltura e i giardini biologici. Sicuro, efficace e rispettoso dell&#039;ambiente. \ud83c\udf3f #GiardinaggioOrganico\" \/>\n<meta name=\"twitter:site\" content=\"@natureneem\" \/>\n<meta name=\"twitter:label1\" content=\"Disponibilit\u00e0\" \/>\n\t<meta name=\"twitter:data1\" content=\"In stock\" \/>\n<script type=\"application\/ld+json\" class=\"yoast-schema-graph\">{\"@context\":\"https:\/\/schema.org\",\"@graph\":[{\"@type\":\"WebPage\",\"@id\":\"https:\/\/shop.natureneem.com\/it\/e-shop\/totalcare\/\",\"url\":\"https:\/\/shop.natureneem.com\/it\/e-shop\/totalcare\/\",\"name\":\"Olio di Neem idrosolubile per piante: Soluzione organica per il controllo dei parassiti\",\"isPartOf\":{\"@id\":\"https:\/\/shop.natureneem.com\/it\/#website\"},\"primaryImageOfPage\":{\"@id\":\"https:\/\/shop.natureneem.com\/it\/e-shop\/totalcare\/#primaryimage\"},\"image\":{\"@id\":\"https:\/\/shop.natureneem.com\/it\/e-shop\/totalcare\/#primaryimage\"},\"thumbnailUrl\":\"https:\/\/shop.natureneem.com\/wp-content\/uploads\/2019\/07\/NN-TOTALCARE-2025_GROUP_01.jpg\",\"datePublished\":\"2019-07-06T17:00:23+00:00\",\"dateModified\":\"2026-03-22T10:55:13+00:00\",\"description\":\"Proteggi le tue piante con la forza della natura! TotalCare : Olio di neem idrosolubile per piante antiparassitarie in agricoltura e giardini biologici. Acquista il tuo oggi.\",\"breadcrumb\":{\"@id\":\"https:\/\/shop.natureneem.com\/it\/e-shop\/totalcare\/#breadcrumb\"},\"inLanguage\":\"it-IT\",\"potentialAction\":[{\"@type\":\"ReadAction\",\"target\":[\"https:\/\/shop.natureneem.com\/it\/e-shop\/totalcare\/\"]}]},{\"@type\":\"ImageObject\",\"inLanguage\":\"it-IT\",\"@id\":\"https:\/\/shop.natureneem.com\/it\/e-shop\/totalcare\/#primaryimage\",\"url\":\"https:\/\/shop.natureneem.com\/wp-content\/uploads\/2019\/07\/NN-TOTALCARE-2025_GROUP_01.jpg\",\"contentUrl\":\"https:\/\/shop.natureneem.com\/wp-content\/uploads\/2019\/07\/NN-TOTALCARE-2025_GROUP_01.jpg\",\"width\":800,\"height\":800},{\"@type\":\"BreadcrumbList\",\"@id\":\"https:\/\/shop.natureneem.com\/it\/e-shop\/totalcare\/#breadcrumb\",\"itemListElement\":[{\"@type\":\"ListItem\",\"position\":1,\"name\":\"Home\",\"item\":\"https:\/\/shop.natureneem.com\/it\/casa\/\"},{\"@type\":\"ListItem\",\"position\":2,\"name\":\"e-Shop\",\"item\":\"https:\/\/shop.natureneem.com\/it\/e-shop\/\"},{\"@type\":\"ListItem\",\"position\":3,\"name\":\"TotalCare\"}]},{\"@type\":\"WebSite\",\"@id\":\"https:\/\/shop.natureneem.com\/it\/#website\",\"url\":\"https:\/\/shop.natureneem.com\/it\/\",\"name\":\"NatureNeem e-Shop\",\"description\":\"Official Shop from Nature Neem\",\"publisher\":{\"@id\":\"https:\/\/shop.natureneem.com\/it\/#organization\"},\"alternateName\":\"Nature Neem\",\"potentialAction\":[{\"@type\":\"SearchAction\",\"target\":{\"@type\":\"EntryPoint\",\"urlTemplate\":\"https:\/\/shop.natureneem.com\/it\/?s={search_term_string}\"},\"query-input\":{\"@type\":\"PropertyValueSpecification\",\"valueRequired\":true,\"valueName\":\"search_term_string\"}}],\"inLanguage\":\"it-IT\"},{\"@type\":\"Organization\",\"@id\":\"https:\/\/shop.natureneem.com\/it\/#organization\",\"name\":\"Nature Neem\",\"alternateName\":\"Lorsun SAS\",\"url\":\"https:\/\/shop.natureneem.com\/it\/\",\"logo\":{\"@type\":\"ImageObject\",\"inLanguage\":\"it-IT\",\"@id\":\"https:\/\/shop.natureneem.com\/it\/#\/schema\/logo\/image\/\",\"url\":\"https:\/\/shop.natureneem.com\/wp-content\/uploads\/2024\/09\/nn-logo-symbole-2024-01.svg\",\"contentUrl\":\"https:\/\/shop.natureneem.com\/wp-content\/uploads\/2024\/09\/nn-logo-symbole-2024-01.svg\",\"width\":1,\"height\":1,\"caption\":\"Nature Neem\"},\"image\":{\"@id\":\"https:\/\/shop.natureneem.com\/it\/#\/schema\/logo\/image\/\"},\"sameAs\":[\"https:\/\/www.facebook.com\/natureneemindia\/\",\"https:\/\/x.com\/natureneem\",\"https:\/\/www.youtube.com\/user\/natureneem\",\"https:\/\/www.linkedin.com\/company\/natureneem\"],\"description\":\"Siamo impegnati nello sviluppo e nella commercializzazione di soluzioni ecologiche. Continuiamo a inventare queste soluzioni alternative naturali che possono sostituire efficacemente i prodotti di sintesi chimica che danneggiano il nostro ambiente. Il nostro team \u00e8 particolarmente competente nella proposta di prodotti agricoli biologici. Siamo anche un'associazione di persone che la pensano come noi e che credono che la natura sia la soluzione per tutti i problemi ambientali che l'uomo deve affrontare.   \",\"email\":\"info@natureneem.com\",\"telephone\":\"+91 77084 00899\",\"legalName\":\"NATURE NEEM PRODUCTS\",\"vatID\":\"FR08891657884\",\"numberOfEmployees\":{\"@type\":\"QuantitativeValue\",\"minValue\":\"51\",\"maxValue\":\"200\"},\"publishingPrinciples\":\"https:\/\/shop.natureneem.com\/\",\"actionableFeedbackPolicy\":\"https:\/\/shop.natureneem.com\/return-and-refund-policy\/\",\"hasMerchantReturnPolicy\":{\"@type\":\"MerchantReturnPolicy\",\"merchantReturnLink\":\"https:\/\/shop.natureneem.com\/return-and-refund-policy\/\"}}]}<\/script>\n<meta property=\"og:availability\" content=\"instock\" \/>\n<meta property=\"product:availability\" content=\"instock\" \/>\n<meta property=\"product:retailer_item_id\" content=\"TotalCare\" \/>\n<meta property=\"product:condition\" content=\"new\" \/>\n<!-- \/ Yoast SEO Premium plugin. -->","yoast_head_json":{"title":"Olio di Neem idrosolubile per piante: Soluzione organica per il controllo dei parassiti","description":"Proteggi le tue piante con la forza della natura! TotalCare : Olio di neem idrosolubile per piante antiparassitarie in agricoltura e giardini biologici. Acquista il tuo oggi.","robots":{"index":"index","follow":"follow","max-snippet":"max-snippet:-1","max-image-preview":"max-image-preview:large","max-video-preview":"max-video-preview:-1"},"canonical":"https:\/\/shop.natureneem.com\/it\/e-shop\/totalcare\/","og_locale":"it_IT","og_type":"article","og_title":"Diventa biologico con l'olio di Neem per le piante del tuo giardino","og_description":"Vuoi un pesticida sicuro per le tue piante e per l'ambiente? Prova TotalCare, il miglior olio di neem per piante. Proteggi il tuo giardino in modo naturale! \ud83c\udf31","og_url":"https:\/\/shop.natureneem.com\/it\/e-shop\/totalcare\/","og_site_name":"NatureNeem e-Shop","article_publisher":"https:\/\/www.facebook.com\/natureneemindia\/","article_modified_time":"2026-03-22T10:55:13+00:00","og_image":[{"url":"https:\/\/shop.natureneem.com\/wp-content\/uploads\/nc\/images\/products\/totalcare\/nn_totalcare_en_champ_et_ecocert.jpg","type":"","width":"","height":""}],"twitter_card":"summary_large_image","twitter_title":"TotalCare: Olio di Neem per piante - Disinfestazione organica per i giardini","twitter_description":"Proteggi le tue piante in modo naturale con TotalCare, il miglior pesticida botanico per l'agricoltura e i giardini biologici. Sicuro, efficace e rispettoso dell'ambiente. \ud83c\udf3f #GiardinaggioOrganico","twitter_site":"@natureneem","twitter_misc":{"Disponibilit\u00e0":"In stock"},"schema":{"@context":"https:\/\/schema.org","@graph":[{"@type":"WebPage","@id":"https:\/\/shop.natureneem.com\/it\/e-shop\/totalcare\/","url":"https:\/\/shop.natureneem.com\/it\/e-shop\/totalcare\/","name":"Olio di Neem idrosolubile per piante: Soluzione organica per il controllo dei parassiti","isPartOf":{"@id":"https:\/\/shop.natureneem.com\/it\/#website"},"primaryImageOfPage":{"@id":"https:\/\/shop.natureneem.com\/it\/e-shop\/totalcare\/#primaryimage"},"image":{"@id":"https:\/\/shop.natureneem.com\/it\/e-shop\/totalcare\/#primaryimage"},"thumbnailUrl":"https:\/\/shop.natureneem.com\/wp-content\/uploads\/2019\/07\/NN-TOTALCARE-2025_GROUP_01.jpg","datePublished":"2019-07-06T17:00:23+00:00","dateModified":"2026-03-22T10:55:13+00:00","description":"Proteggi le tue piante con la forza della natura! TotalCare : Olio di neem idrosolubile per piante antiparassitarie in agricoltura e giardini biologici. Acquista il tuo oggi.","breadcrumb":{"@id":"https:\/\/shop.natureneem.com\/it\/e-shop\/totalcare\/#breadcrumb"},"inLanguage":"it-IT","potentialAction":[{"@type":"ReadAction","target":["https:\/\/shop.natureneem.com\/it\/e-shop\/totalcare\/"]}]},{"@type":"ImageObject","inLanguage":"it-IT","@id":"https:\/\/shop.natureneem.com\/it\/e-shop\/totalcare\/#primaryimage","url":"https:\/\/shop.natureneem.com\/wp-content\/uploads\/2019\/07\/NN-TOTALCARE-2025_GROUP_01.jpg","contentUrl":"https:\/\/shop.natureneem.com\/wp-content\/uploads\/2019\/07\/NN-TOTALCARE-2025_GROUP_01.jpg","width":800,"height":800},{"@type":"BreadcrumbList","@id":"https:\/\/shop.natureneem.com\/it\/e-shop\/totalcare\/#breadcrumb","itemListElement":[{"@type":"ListItem","position":1,"name":"Home","item":"https:\/\/shop.natureneem.com\/it\/casa\/"},{"@type":"ListItem","position":2,"name":"e-Shop","item":"https:\/\/shop.natureneem.com\/it\/e-shop\/"},{"@type":"ListItem","position":3,"name":"TotalCare"}]},{"@type":"WebSite","@id":"https:\/\/shop.natureneem.com\/it\/#website","url":"https:\/\/shop.natureneem.com\/it\/","name":"NatureNeem e-Shop","description":"Official Shop from Nature Neem","publisher":{"@id":"https:\/\/shop.natureneem.com\/it\/#organization"},"alternateName":"Nature Neem","potentialAction":[{"@type":"SearchAction","target":{"@type":"EntryPoint","urlTemplate":"https:\/\/shop.natureneem.com\/it\/?s={search_term_string}"},"query-input":{"@type":"PropertyValueSpecification","valueRequired":true,"valueName":"search_term_string"}}],"inLanguage":"it-IT"},{"@type":"Organization","@id":"https:\/\/shop.natureneem.com\/it\/#organization","name":"Nature Neem","alternateName":"Lorsun SAS","url":"https:\/\/shop.natureneem.com\/it\/","logo":{"@type":"ImageObject","inLanguage":"it-IT","@id":"https:\/\/shop.natureneem.com\/it\/#\/schema\/logo\/image\/","url":"https:\/\/shop.natureneem.com\/wp-content\/uploads\/2024\/09\/nn-logo-symbole-2024-01.svg","contentUrl":"https:\/\/shop.natureneem.com\/wp-content\/uploads\/2024\/09\/nn-logo-symbole-2024-01.svg","width":1,"height":1,"caption":"Nature Neem"},"image":{"@id":"https:\/\/shop.natureneem.com\/it\/#\/schema\/logo\/image\/"},"sameAs":["https:\/\/www.facebook.com\/natureneemindia\/","https:\/\/x.com\/natureneem","https:\/\/www.youtube.com\/user\/natureneem","https:\/\/www.linkedin.com\/company\/natureneem"],"description":"Siamo impegnati nello sviluppo e nella commercializzazione di soluzioni ecologiche. Continuiamo a inventare queste soluzioni alternative naturali che possono sostituire efficacemente i prodotti di sintesi chimica che danneggiano il nostro ambiente. Il nostro team \u00e8 particolarmente competente nella proposta di prodotti agricoli biologici. Siamo anche un'associazione di persone che la pensano come noi e che credono che la natura sia la soluzione per tutti i problemi ambientali che l'uomo deve affrontare.   ","email":"info@natureneem.com","telephone":"+91 77084 00899","legalName":"NATURE NEEM PRODUCTS","vatID":"FR08891657884","numberOfEmployees":{"@type":"QuantitativeValue","minValue":"51","maxValue":"200"},"publishingPrinciples":"https:\/\/shop.natureneem.com\/","actionableFeedbackPolicy":"https:\/\/shop.natureneem.com\/return-and-refund-policy\/","hasMerchantReturnPolicy":{"@type":"MerchantReturnPolicy","merchantReturnLink":"https:\/\/shop.natureneem.com\/return-and-refund-policy\/"}}]},"og_availability":"instock","product_availability":"instock","product_retailer_item_id":"TotalCare","product_condition":"new"},"_links":{"self":[{"href":"https:\/\/shop.natureneem.com\/it\/wp-json\/wp\/v2\/product\/5583","targetHints":{"allow":["GET"]}}],"collection":[{"href":"https:\/\/shop.natureneem.com\/it\/wp-json\/wp\/v2\/product"}],"about":[{"href":"https:\/\/shop.natureneem.com\/it\/wp-json\/wp\/v2\/types\/product"}],"replies":[{"embeddable":true,"href":"https:\/\/shop.natureneem.com\/it\/wp-json\/wp\/v2\/comments?post=5583"}],"wp:featuredmedia":[{"embeddable":true,"href":"https:\/\/shop.natureneem.com\/it\/wp-json\/wp\/v2\/media\/11973"}],"wp:attachment":[{"href":"https:\/\/shop.natureneem.com\/it\/wp-json\/wp\/v2\/media?parent=5583"}],"wp:term":[{"taxonomy":"product_brand","embeddable":true,"href":"https:\/\/shop.natureneem.com\/it\/wp-json\/wp\/v2\/product_brand?post=5583"},{"taxonomy":"product_cat","embeddable":true,"href":"https:\/\/shop.natureneem.com\/it\/wp-json\/wp\/v2\/product_cat?post=5583"},{"taxonomy":"product_tag","embeddable":true,"href":"https:\/\/shop.natureneem.com\/it\/wp-json\/wp\/v2\/product_tag?post=5583"}],"curies":[{"name":"wp","href":"https:\/\/api.w.org\/{rel}","templated":true}]}}