{"id":5632,"date":"2019-07-06T19:06:49","date_gmt":"2019-07-06T17:06:49","guid":{"rendered":"https:\/\/shop.natureneem.com\/e-shop\/biocare\/"},"modified":"2026-04-07T13:39:05","modified_gmt":"2026-04-07T11:39:05","slug":"biocare","status":"publish","type":"product","link":"https:\/\/shop.natureneem.com\/it\/e-shop\/biocare\/","title":{"rendered":"BioCare"},"content":{"rendered":"<h2>L&#8217;olio di neem per animali: BioCare<\/h2>\n<p><strong>BioCare, l&#8217;olio di neem per animali, \u00e8 una formulazione originale della Nature Neem R&amp;D<\/strong>. I suoi ingredienti sono ottimizzati per animali e uccelli. \u00c8 efficace per controllare i parassiti esterni e le diverse malattie fungine che colpiscono animali e uccelli.  <\/p>\n<p>BioCare \u00e8 la scelta dei proprietari di animali domestici che vogliono cercare un&#8217;alternativa naturale ai pesticidi chimici. BioCare appartiene alla categoria degli antiparassitari a medio e ampio spettro. Agisce intervenendo in diverse fasi del ciclo vitale dei parassiti.  <\/p>\n<div class=\"uk-grid-match uk-child-width-expand@s\" uk-grid=\"\">\n<div>\n<div class=\"uk-card uk-card-primary uk-card-body\">\n<h3 class=\"uk-card-title\">BioCare come fungicida e battericida<\/h3>\n<p>Puoi trovare tutti i dosaggi per cavalli, maiali, conigli e naturalmente per i tuoi cani, gatti e uccelli. Dopotutto, ci sono molti casi di studio che dimostrano che l&#8217;olio per animali ha curato e ringiovanito la pelle dei cani.<br \/>\nL&#8217;olio di neem per animali non crea alcun problema ambientale e mantiene l&#8217;agroecosistema libero dall&#8217;inquinamento. <\/p>\n<\/div>\n<\/div>\n<div>\n<div class=\"uk-card uk-card-default uk-card-body uk-background-muted\">\n<p>Molti metodi per sradicare i parassiti:<\/p>\n<ul>\n<li style=\"text-align: justify;\"><strong>Sterilizza il<\/strong> sistema <strong>riproduttivo degli insetti<\/strong> e interrompe la riproduzione.<\/li>\n<li><strong>Riduce la<\/strong> capacit\u00e0 di <strong>deposizione delle uova degli insetti<\/strong>.<\/li>\n<li><strong>Interrompe la<\/strong> schiusura delle <strong>uova<\/strong>.<\/li>\n<li><strong>Influisce<\/strong> negativamente <strong>sullo sviluppo di larve<\/strong>, pupe e ninfe.<\/li>\n<\/ul>\n<\/div>\n<\/div>\n<\/div>\n<div class=\"uk-grid-match uk-child-width-expand@s uk-text-center\" uk-grid=\"\">\n<div>\n<div class=\"uk-card uk-card-default uk-card-body\">\n<h3>Perch\u00e9 BioCare \u00e8 superiore agli altri oli? Non esitare a fare un confronto, rimarrai sorpreso! <\/h3>\n<p>Perch\u00e9 l&#8217;azadiractina, l&#8217;ingrediente principale, si aggira intorno alle 2500 ppm (0,25%). I lotti tipici di alcune stagioni hanno mostrato livelli record di 3000 ppm di azadiractina.<br \/>\n<strong>Tuttavia, il contenuto di azadiractina dei prodotti pi\u00f9 economici disponibili sul mercato non supera le 300 ppm.<\/strong><\/p>\n<h2 class=\"uk-card-title\">BioCare \u00e8 certificata dal reclamo di Ecocert secondo le norme NOP e UE.<\/h2>\n<div><img loading=\"lazy\" decoding=\"async\" class=\"alignnone wp-image-391 size-medium\" title=\"Certificazioni BioCare\" src=\"https:\/\/shop.natureneem.com\/wp-content\/uploads\/2023\/05\/nn_cert_facture-300x60.png\" alt=\"I prodotti Nature Neem sono certificati da Ecocert SA F-32600, dagli standard della Commissione Europea, dal National Organic Programe (NOP - USDA) e dalla Soil Association Certification.\" width=\"300\" height=\"60\"><\/div>\n<\/div>\n<\/div>\n<div>\n<div class=\"uk-card uk-card-secondary uk-card-body\">\n<h2 class=\"uk-card-title\">Come applicare questo prodotto?<\/h2>\n<p>Descrizione completa, applicazioni, FAQ e informazioni.<\/p>\n<div><a class=\"uk-button uk-button-primary\" href=\"https:\/\/natureneem.com\/en\/products\/biocare\" target=\"_blank\" rel=\"noopener noreferrer\">CLICCA QUI<\/a><\/div>\n<\/div>\n<\/div>\n<\/div>\n<h3>L&#8217;olio di neem idrosolubile per animali in una parola \u00e8 BioCare. Va ricordato che \u00e8 cos\u00ec semplice da usare, in primo luogo per tutti i tuoi animali domestici, mammiferi, cavalli, &#8230;<br \/>\nTutti i prodotti di Nature Neem India sono completamente bio. Prova <a href=\"https:\/\/shop.natureneem.com\/it\/e-shop\/nutraza\/\">NutrAza<\/a> per completare i benefici del fertilizzante al neem e <a href=\"https:\/\/shop.natureneem.com\/it\/e-shop\/totalcare\/\">TotalCare<\/a> per le tue piante.  <\/h3>\n","protected":false},"excerpt":{"rendered":"<h3 class=\"ai-optimize-19\">Olio di neem solubile in acqua per la cura della pelle degli animali<\/h3>\n<p class=\"ai-optimize-20\">Prodotto naturale di qualit\u00e0 certificata dal 1990 da Nature Neem India. Efficace pesticida biologico, fungicida e battericida. Non tossico per l&#8217;uomo, gli animali e gli uccelli.  <\/p>\n","protected":false},"featured_media":11985,"comment_status":"open","ping_status":"closed","template":"","meta":[],"product_brand":[],"product_cat":[123],"product_tag":[],"class_list":{"0":"post-5632","1":"product","2":"type-product","3":"status-publish","4":"has-post-thumbnail","6":"product_cat-prodotti-a-base-di-neem","7":"pa_packing-1l-it","8":"pa_packing-20l-it","9":"pa_packing-250ml-it","10":"pa_packing-5l-it","11":"pa_packing-500ml-it","13":"first","14":"instock","15":"shipping-taxable","16":"purchasable","17":"product-type-variable","18":"has-default-attributes"},"yoast_head":"<!-- This site is optimized with the Yoast SEO Premium plugin v27.1 (Yoast SEO v27.2) - https:\/\/yoast.com\/product\/yoast-seo-premium-wordpress\/ -->\n<title>Olio di Neem per animali BioCare: Alternativa naturale ai pesticidi.<\/title>\n<meta name=\"description\" content=\"D\u00ec addio ai pesticidi chimici! L&#039;olio di neem per animali domestici di BioCare \u00e8 naturalmente efficace contro i parassiti e le malattie fungine. \ud83d\udc36 \ud83d\udc34 \ud83d\udc2e. Niente stress per i tuoi animali domestici.\" \/>\n<meta name=\"robots\" content=\"index, follow, max-snippet:-1, max-image-preview:large, max-video-preview:-1\" \/>\n<link rel=\"canonical\" href=\"https:\/\/shop.natureneem.com\/it\/e-shop\/biocare\/\" \/>\n<meta property=\"og:locale\" content=\"it_IT\" \/>\n<meta property=\"og:type\" content=\"article\" \/>\n<meta property=\"og:title\" content=\"BioCare: Olio di Neem per animali - Soluzione sicura e naturale\" \/>\n<meta property=\"og:description\" content=\"Cerchi un&#039;alternativa naturale ai pesticidi chimici? BioCare, l&#039;olio di neem per animali, \u00e8 la scelta perfetta per i detentori responsabili di animali domestici. \ud83c\udf3f\" \/>\n<meta property=\"og:url\" content=\"https:\/\/shop.natureneem.com\/it\/e-shop\/biocare\/\" \/>\n<meta property=\"og:site_name\" content=\"NatureNeem e-Shop\" \/>\n<meta property=\"article:publisher\" content=\"https:\/\/www.facebook.com\/natureneemindia\/\" \/>\n<meta property=\"article:modified_time\" content=\"2026-04-07T11:39:05+00:00\" \/>\n<meta property=\"og:image\" content=\"https:\/\/shop.natureneem.com\/wp-content\/uploads\/2019\/07\/NN-BIOCARE-2025_GROUP_01.jpg\" \/>\n\t<meta property=\"og:image:width\" content=\"800\" \/>\n\t<meta property=\"og:image:height\" content=\"800\" \/>\n\t<meta property=\"og:image:type\" content=\"image\/jpeg\" \/>\n<meta name=\"twitter:card\" content=\"summary_large_image\" \/>\n<meta name=\"twitter:title\" content=\"Olio di Neem per animali: Una soluzione naturale per controllare i parassiti\" \/>\n<meta name=\"twitter:description\" content=\"D\u00ec addio ai pesticidi chimici! L&#039;olio di neem per animali di BioCare \u00e8 una soluzione sicura ed efficace per controllare parassiti e malattie fungine. Acquista il tuo oggi stesso! \ud83d\udc3e\" \/>\n<meta name=\"twitter:site\" content=\"@natureneem\" \/>\n<meta name=\"twitter:label1\" content=\"Disponibilit\u00e0\" \/>\n\t<meta name=\"twitter:data1\" content=\"In stock\" \/>\n<script type=\"application\/ld+json\" class=\"yoast-schema-graph\">{\"@context\":\"https:\/\/schema.org\",\"@graph\":[{\"@type\":\"WebPage\",\"@id\":\"https:\/\/shop.natureneem.com\/it\/e-shop\/biocare\/\",\"url\":\"https:\/\/shop.natureneem.com\/it\/e-shop\/biocare\/\",\"name\":\"Olio di Neem per animali BioCare: Alternativa naturale ai pesticidi.\",\"isPartOf\":{\"@id\":\"https:\/\/shop.natureneem.com\/it\/#website\"},\"primaryImageOfPage\":{\"@id\":\"https:\/\/shop.natureneem.com\/it\/e-shop\/biocare\/#primaryimage\"},\"image\":{\"@id\":\"https:\/\/shop.natureneem.com\/it\/e-shop\/biocare\/#primaryimage\"},\"thumbnailUrl\":\"https:\/\/shop.natureneem.com\/wp-content\/uploads\/2019\/07\/NN-BIOCARE-2025_GROUP_01.jpg\",\"datePublished\":\"2019-07-06T17:06:49+00:00\",\"dateModified\":\"2026-04-07T11:39:05+00:00\",\"description\":\"D\u00ec addio ai pesticidi chimici! L'olio di neem per animali domestici di BioCare \u00e8 naturalmente efficace contro i parassiti e le malattie fungine. \ud83d\udc36 \ud83d\udc34 \ud83d\udc2e. Niente stress per i tuoi animali domestici.\",\"breadcrumb\":{\"@id\":\"https:\/\/shop.natureneem.com\/it\/e-shop\/biocare\/#breadcrumb\"},\"inLanguage\":\"it-IT\",\"potentialAction\":[{\"@type\":\"ReadAction\",\"target\":[\"https:\/\/shop.natureneem.com\/it\/e-shop\/biocare\/\"]}]},{\"@type\":\"ImageObject\",\"inLanguage\":\"it-IT\",\"@id\":\"https:\/\/shop.natureneem.com\/it\/e-shop\/biocare\/#primaryimage\",\"url\":\"https:\/\/shop.natureneem.com\/wp-content\/uploads\/2019\/07\/NN-BIOCARE-2025_GROUP_01.jpg\",\"contentUrl\":\"https:\/\/shop.natureneem.com\/wp-content\/uploads\/2019\/07\/NN-BIOCARE-2025_GROUP_01.jpg\",\"width\":800,\"height\":800,\"caption\":\"BioCare by Nature Neem\"},{\"@type\":\"BreadcrumbList\",\"@id\":\"https:\/\/shop.natureneem.com\/it\/e-shop\/biocare\/#breadcrumb\",\"itemListElement\":[{\"@type\":\"ListItem\",\"position\":1,\"name\":\"Home\",\"item\":\"https:\/\/shop.natureneem.com\/it\/casa\/\"},{\"@type\":\"ListItem\",\"position\":2,\"name\":\"e-Shop\",\"item\":\"https:\/\/shop.natureneem.com\/it\/e-shop\/\"},{\"@type\":\"ListItem\",\"position\":3,\"name\":\"BioCare\"}]},{\"@type\":\"WebSite\",\"@id\":\"https:\/\/shop.natureneem.com\/it\/#website\",\"url\":\"https:\/\/shop.natureneem.com\/it\/\",\"name\":\"NatureNeem e-Shop\",\"description\":\"Official Shop from Nature Neem\",\"publisher\":{\"@id\":\"https:\/\/shop.natureneem.com\/it\/#organization\"},\"alternateName\":\"Nature Neem\",\"potentialAction\":[{\"@type\":\"SearchAction\",\"target\":{\"@type\":\"EntryPoint\",\"urlTemplate\":\"https:\/\/shop.natureneem.com\/it\/?s={search_term_string}\"},\"query-input\":{\"@type\":\"PropertyValueSpecification\",\"valueRequired\":true,\"valueName\":\"search_term_string\"}}],\"inLanguage\":\"it-IT\"},{\"@type\":\"Organization\",\"@id\":\"https:\/\/shop.natureneem.com\/it\/#organization\",\"name\":\"Nature Neem\",\"alternateName\":\"Lorsun SAS\",\"url\":\"https:\/\/shop.natureneem.com\/it\/\",\"logo\":{\"@type\":\"ImageObject\",\"inLanguage\":\"it-IT\",\"@id\":\"https:\/\/shop.natureneem.com\/it\/#\/schema\/logo\/image\/\",\"url\":\"https:\/\/shop.natureneem.com\/wp-content\/uploads\/2024\/09\/nn-logo-symbole-2024-01.svg\",\"contentUrl\":\"https:\/\/shop.natureneem.com\/wp-content\/uploads\/2024\/09\/nn-logo-symbole-2024-01.svg\",\"width\":1,\"height\":1,\"caption\":\"Nature Neem\"},\"image\":{\"@id\":\"https:\/\/shop.natureneem.com\/it\/#\/schema\/logo\/image\/\"},\"sameAs\":[\"https:\/\/www.facebook.com\/natureneemindia\/\",\"https:\/\/x.com\/natureneem\",\"https:\/\/www.youtube.com\/user\/natureneem\",\"https:\/\/www.linkedin.com\/company\/natureneem\"],\"description\":\"Siamo impegnati nello sviluppo e nella commercializzazione di soluzioni ecologiche. Continuiamo a inventare queste soluzioni alternative naturali che possono sostituire efficacemente i prodotti di sintesi chimica che danneggiano il nostro ambiente. Il nostro team \u00e8 particolarmente competente nella proposta di prodotti agricoli biologici. Siamo anche un'associazione di persone che la pensano come noi e che credono che la natura sia la soluzione per tutti i problemi ambientali che l'uomo deve affrontare.   \",\"email\":\"info@natureneem.com\",\"telephone\":\"+91 77084 00899\",\"legalName\":\"NATURE NEEM PRODUCTS\",\"vatID\":\"FR08891657884\",\"numberOfEmployees\":{\"@type\":\"QuantitativeValue\",\"minValue\":\"51\",\"maxValue\":\"200\"},\"publishingPrinciples\":\"https:\/\/shop.natureneem.com\/\",\"actionableFeedbackPolicy\":\"https:\/\/shop.natureneem.com\/return-and-refund-policy\/\",\"hasMerchantReturnPolicy\":{\"@type\":\"MerchantReturnPolicy\",\"merchantReturnLink\":\"https:\/\/shop.natureneem.com\/return-and-refund-policy\/\"}}]}<\/script>\n<meta property=\"og:availability\" content=\"instock\" \/>\n<meta property=\"product:availability\" content=\"instock\" \/>\n<meta property=\"product:retailer_item_id\" content=\"BioCare\" \/>\n<meta property=\"product:condition\" content=\"new\" \/>\n<!-- \/ Yoast SEO Premium plugin. -->","yoast_head_json":{"title":"Olio di Neem per animali BioCare: Alternativa naturale ai pesticidi.","description":"D\u00ec addio ai pesticidi chimici! L'olio di neem per animali domestici di BioCare \u00e8 naturalmente efficace contro i parassiti e le malattie fungine. \ud83d\udc36 \ud83d\udc34 \ud83d\udc2e. Niente stress per i tuoi animali domestici.","robots":{"index":"index","follow":"follow","max-snippet":"max-snippet:-1","max-image-preview":"max-image-preview:large","max-video-preview":"max-video-preview:-1"},"canonical":"https:\/\/shop.natureneem.com\/it\/e-shop\/biocare\/","og_locale":"it_IT","og_type":"article","og_title":"BioCare: Olio di Neem per animali - Soluzione sicura e naturale","og_description":"Cerchi un'alternativa naturale ai pesticidi chimici? BioCare, l'olio di neem per animali, \u00e8 la scelta perfetta per i detentori responsabili di animali domestici. \ud83c\udf3f","og_url":"https:\/\/shop.natureneem.com\/it\/e-shop\/biocare\/","og_site_name":"NatureNeem e-Shop","article_publisher":"https:\/\/www.facebook.com\/natureneemindia\/","article_modified_time":"2026-04-07T11:39:05+00:00","og_image":[{"width":800,"height":800,"url":"https:\/\/shop.natureneem.com\/wp-content\/uploads\/2019\/07\/NN-BIOCARE-2025_GROUP_01.jpg","type":"image\/jpeg"}],"twitter_card":"summary_large_image","twitter_title":"Olio di Neem per animali: Una soluzione naturale per controllare i parassiti","twitter_description":"D\u00ec addio ai pesticidi chimici! L'olio di neem per animali di BioCare \u00e8 una soluzione sicura ed efficace per controllare parassiti e malattie fungine. Acquista il tuo oggi stesso! \ud83d\udc3e","twitter_site":"@natureneem","twitter_misc":{"Disponibilit\u00e0":"In stock"},"schema":{"@context":"https:\/\/schema.org","@graph":[{"@type":"WebPage","@id":"https:\/\/shop.natureneem.com\/it\/e-shop\/biocare\/","url":"https:\/\/shop.natureneem.com\/it\/e-shop\/biocare\/","name":"Olio di Neem per animali BioCare: Alternativa naturale ai pesticidi.","isPartOf":{"@id":"https:\/\/shop.natureneem.com\/it\/#website"},"primaryImageOfPage":{"@id":"https:\/\/shop.natureneem.com\/it\/e-shop\/biocare\/#primaryimage"},"image":{"@id":"https:\/\/shop.natureneem.com\/it\/e-shop\/biocare\/#primaryimage"},"thumbnailUrl":"https:\/\/shop.natureneem.com\/wp-content\/uploads\/2019\/07\/NN-BIOCARE-2025_GROUP_01.jpg","datePublished":"2019-07-06T17:06:49+00:00","dateModified":"2026-04-07T11:39:05+00:00","description":"D\u00ec addio ai pesticidi chimici! L'olio di neem per animali domestici di BioCare \u00e8 naturalmente efficace contro i parassiti e le malattie fungine. \ud83d\udc36 \ud83d\udc34 \ud83d\udc2e. Niente stress per i tuoi animali domestici.","breadcrumb":{"@id":"https:\/\/shop.natureneem.com\/it\/e-shop\/biocare\/#breadcrumb"},"inLanguage":"it-IT","potentialAction":[{"@type":"ReadAction","target":["https:\/\/shop.natureneem.com\/it\/e-shop\/biocare\/"]}]},{"@type":"ImageObject","inLanguage":"it-IT","@id":"https:\/\/shop.natureneem.com\/it\/e-shop\/biocare\/#primaryimage","url":"https:\/\/shop.natureneem.com\/wp-content\/uploads\/2019\/07\/NN-BIOCARE-2025_GROUP_01.jpg","contentUrl":"https:\/\/shop.natureneem.com\/wp-content\/uploads\/2019\/07\/NN-BIOCARE-2025_GROUP_01.jpg","width":800,"height":800,"caption":"BioCare by Nature Neem"},{"@type":"BreadcrumbList","@id":"https:\/\/shop.natureneem.com\/it\/e-shop\/biocare\/#breadcrumb","itemListElement":[{"@type":"ListItem","position":1,"name":"Home","item":"https:\/\/shop.natureneem.com\/it\/casa\/"},{"@type":"ListItem","position":2,"name":"e-Shop","item":"https:\/\/shop.natureneem.com\/it\/e-shop\/"},{"@type":"ListItem","position":3,"name":"BioCare"}]},{"@type":"WebSite","@id":"https:\/\/shop.natureneem.com\/it\/#website","url":"https:\/\/shop.natureneem.com\/it\/","name":"NatureNeem e-Shop","description":"Official Shop from Nature Neem","publisher":{"@id":"https:\/\/shop.natureneem.com\/it\/#organization"},"alternateName":"Nature Neem","potentialAction":[{"@type":"SearchAction","target":{"@type":"EntryPoint","urlTemplate":"https:\/\/shop.natureneem.com\/it\/?s={search_term_string}"},"query-input":{"@type":"PropertyValueSpecification","valueRequired":true,"valueName":"search_term_string"}}],"inLanguage":"it-IT"},{"@type":"Organization","@id":"https:\/\/shop.natureneem.com\/it\/#organization","name":"Nature Neem","alternateName":"Lorsun SAS","url":"https:\/\/shop.natureneem.com\/it\/","logo":{"@type":"ImageObject","inLanguage":"it-IT","@id":"https:\/\/shop.natureneem.com\/it\/#\/schema\/logo\/image\/","url":"https:\/\/shop.natureneem.com\/wp-content\/uploads\/2024\/09\/nn-logo-symbole-2024-01.svg","contentUrl":"https:\/\/shop.natureneem.com\/wp-content\/uploads\/2024\/09\/nn-logo-symbole-2024-01.svg","width":1,"height":1,"caption":"Nature Neem"},"image":{"@id":"https:\/\/shop.natureneem.com\/it\/#\/schema\/logo\/image\/"},"sameAs":["https:\/\/www.facebook.com\/natureneemindia\/","https:\/\/x.com\/natureneem","https:\/\/www.youtube.com\/user\/natureneem","https:\/\/www.linkedin.com\/company\/natureneem"],"description":"Siamo impegnati nello sviluppo e nella commercializzazione di soluzioni ecologiche. Continuiamo a inventare queste soluzioni alternative naturali che possono sostituire efficacemente i prodotti di sintesi chimica che danneggiano il nostro ambiente. Il nostro team \u00e8 particolarmente competente nella proposta di prodotti agricoli biologici. Siamo anche un'associazione di persone che la pensano come noi e che credono che la natura sia la soluzione per tutti i problemi ambientali che l'uomo deve affrontare.   ","email":"info@natureneem.com","telephone":"+91 77084 00899","legalName":"NATURE NEEM PRODUCTS","vatID":"FR08891657884","numberOfEmployees":{"@type":"QuantitativeValue","minValue":"51","maxValue":"200"},"publishingPrinciples":"https:\/\/shop.natureneem.com\/","actionableFeedbackPolicy":"https:\/\/shop.natureneem.com\/return-and-refund-policy\/","hasMerchantReturnPolicy":{"@type":"MerchantReturnPolicy","merchantReturnLink":"https:\/\/shop.natureneem.com\/return-and-refund-policy\/"}}]},"og_availability":"instock","product_availability":"instock","product_retailer_item_id":"BioCare","product_condition":"new"},"_links":{"self":[{"href":"https:\/\/shop.natureneem.com\/it\/wp-json\/wp\/v2\/product\/5632","targetHints":{"allow":["GET"]}}],"collection":[{"href":"https:\/\/shop.natureneem.com\/it\/wp-json\/wp\/v2\/product"}],"about":[{"href":"https:\/\/shop.natureneem.com\/it\/wp-json\/wp\/v2\/types\/product"}],"replies":[{"embeddable":true,"href":"https:\/\/shop.natureneem.com\/it\/wp-json\/wp\/v2\/comments?post=5632"}],"wp:featuredmedia":[{"embeddable":true,"href":"https:\/\/shop.natureneem.com\/it\/wp-json\/wp\/v2\/media\/11985"}],"wp:attachment":[{"href":"https:\/\/shop.natureneem.com\/it\/wp-json\/wp\/v2\/media?parent=5632"}],"wp:term":[{"taxonomy":"product_brand","embeddable":true,"href":"https:\/\/shop.natureneem.com\/it\/wp-json\/wp\/v2\/product_brand?post=5632"},{"taxonomy":"product_cat","embeddable":true,"href":"https:\/\/shop.natureneem.com\/it\/wp-json\/wp\/v2\/product_cat?post=5632"},{"taxonomy":"product_tag","embeddable":true,"href":"https:\/\/shop.natureneem.com\/it\/wp-json\/wp\/v2\/product_tag?post=5632"}],"curies":[{"name":"wp","href":"https:\/\/api.w.org\/{rel}","templated":true}]}}