{"id":5941,"date":"2019-07-06T19:00:23","date_gmt":"2019-07-06T17:00:23","guid":{"rendered":"https:\/\/shop.natureneem.com\/e-shop\/totalcare\/"},"modified":"2025-11-02T18:42:17","modified_gmt":"2025-11-02T17:42:17","slug":"totalcare","status":"publish","type":"product","link":"https:\/\/shop.natureneem.com\/nl\/e-shop\/totalcare\/","title":{"rendered":"TotalCare"},"content":{"rendered":"<h3><strong>TotalCare,  <\/strong><strong>Neemolie voor planten in wateroplosbare formulering. Gewoon verdunnen in water en sproeien.   <\/strong><\/h3>\n<p>TotalCare is het beste botanische bestrijdingsmiddel voor biologische landbouw en tuinen. Het wordt verkregen door emulgering van pure koudgeperste neemolie uit de neemzaden van het huidige seizoen en garandeert de effici\u00ebntie van neem. De keuze en de dosering van de emulgatoren zijn na jarenlang onderzoek geoptimaliseerd om de magische ingredi\u00ebnten van neem te behouden. Het is superieur aan andere organische oplossingen vanwege de bredere toepassing en de invloed op 200 plaagdiersoorten. Veelzeggend is dat sommige daarvan al resistent zijn of inherent moeilijk te bestrijden met conventionele pesticiden.     Wateroplosbare neemolie voor plantenbestrijdingsmiddelen in biologische landbouw en tuinen.<\/p>\n<h3><strong>Het beste plantaardige bestrijdingsmiddel voor biologische tuinen. In water oplosbare neemolie voor planten. <\/strong><\/h3>\n<h3 style=\"padding-left: 40px;\"><strong>Dosering:  <\/strong><\/h3>\n<p style=\"padding-left: 40px;\"><strong>5-15 ml per liter water, afhankelijk van de plaag en de hoeveelheid water die gebruikt wordt om te sproeien.<\/strong><\/p>\n<p style=\"padding-left: 80px;\"><strong>Voorbeelden:<\/strong><\/p>\n<ul>\n<li style=\"list-style-type: none;\">\n<ul>\n<li><strong>Voor fruitbomen en struiken<\/strong> die meer water nodig hebben om te bedekken, is 2-5 ml per liter water voldoende.<\/li>\n<li>Meng <strong>voor moestuinen of tuinplanten<\/strong> waar meestal met de hand wordt gesproeid, afhankelijk van de plaagincidentie, 5-10 ml TotalCare per liter water.<\/li>\n<li><strong>Voor moderne motorspuiten<\/strong> die worden gebruikt in veldgewassen die minder water nodig hebben om te bedekken, meng 30-50 ml per liter water.<br \/>\n<a href=\"https:\/\/natureneem.com\/en\/products\/totalcare#applications\" target=\"_blank\" rel=\"noopener\">Details over de dosering van TotalCare<\/a>.<\/li>\n<\/ul>\n<\/li>\n<\/ul>\n<div class=\"uk-grid-match uk-child-width-expand@s\" uk-grid=\"\">\n<div>\n<div class=\"uk-card uk-card-primary uk-card-body\">\n<h3 class=\"uk-card-title\">Organisch, niet-giftig en biologisch afbreekbaar<\/h3>\n<p>TotalCare is niet giftig voor zoogdieren, dieren, vogels en in het water levende organismen. Er wordt geen residuele toxiciteit overgedragen op het geoogste product. Er is geen wachttijd en je kunt het in elk stadium van de plant toepassen. Het is het meest geschikt voor kassen en moestuinen. Het wordt ook veel gebruikt in de bloemen- en tuinbouw en voor veldgewassen die biologisch gecertificeerd moeten worden.    <\/p>\n<p><a class=\"uk-button uk-button-small uk-button-secondary\" href=\"https:\/\/shop.natureneem.com\/download\/694\/certifications\/10698\/issued-eu-attestation-nature-neem-2023\">  Afgegeven EU attest &#8211; Natuur Neem-2023<\/a><\/p>\n<p><a class=\"uk-button uk-button-small uk-button-secondary\" href=\"https:\/\/shop.natureneem.com\/download\/694\/certifications\/10699\/issued-jas-attestation-nature-neem-2023\">  Afgegeven JAS-verklaring &#8211; Natuur Neem-2023<\/a><\/p>\n<p><a class=\"uk-button uk-button-small uk-button-secondary\" href=\"https:\/\/shop.natureneem.com\/download\/694\/certifications\/10700\/issued-nop-attestation-nature-neem-2023\">  Afgegeven NOP-verklaring &#8211; Natuur Neem-2023<\/a><\/p>\n<\/div>\n<\/div>\n<div>\n<div class=\"uk-card uk-card-default uk-card-body uk-background-muted\">\n<h3 class=\"uk-card-title\">De plantaardige kracht van neem<\/h3>\n<p>Het biedt een natuurlijke remedie door de algehele gezondheid van de plant te verbeteren en de weerstand tegen ziekten en plagen te verhogen. TotalCare bevat ook de organische bron van macro- en micronutri\u00ebnten. Het bevat bijna 200 oligo-elementen.  <\/p>\n<h3>Waarom TotalCare superieur is aan andere oli\u00ebn? Aarzel niet om te vergelijken, u zult verrast zijn! <\/h3>\n<p>We extraheren olie uit goed gerijpte binnenste neempitten volgens de traditionele koudgeperste methode. In TotalCare bevat azadirachtine, het belangrijkste ingredi\u00ebnt, ongeveer 2700 ppm (0,27%). Typische batches van bepaalde seizoenen hebben recordwaarden van 3000 ppm azadirachtine laten zien. Echter, 90% van de zogenaamde pure neemolie die beschikbaar is op de Europese markt is gewoon residuele neemolie van de neemindustrie en hun azadirachtine gehalte zal rond de 150 ppm liggen.   <\/p>\n<\/div>\n<\/div>\n<\/div>\n<div class=\"uk-grid-match uk-child-width-expand@s uk-text-center\" uk-grid=\"\">\n<div>\n<div class=\"uk-card uk-card-default uk-card-body\">\n<h2 class=\"uk-card-title\">TotalCare is biologisch gecertificeerd door Ecocert volgens de biologische normen van de EU, NOP (USDA) &amp; JAP.<\/h2>\n<div><img loading=\"lazy\" decoding=\"async\" class=\"alignnone wp-image-391 size-medium\" title=\"TotalCare ambtenarencertificeringen van NatureNeem\" src=\"https:\/\/shop.natureneem.com\/wp-content\/uploads\/2023\/05\/nn_cert_facture-300x60.png\" alt=\"Nature Neem producten zijn gecertificeerd door Ecocert SA F-32600, en normen van de Europese Commissie, National Organic Program (NOP - USDA), Soil Association certificering.\" width=\"300\" height=\"60\"><\/div>\n<\/div>\n<\/div>\n<div>\n<div class=\"uk-card uk-card-secondary uk-card-body\">\n<h2 class=\"uk-card-title\">Hoe breng je dit product aan?<\/h2>\n<p>Volledige beschrijving, toepassingen, FAQ en informatie.<\/p>\n<div><a class=\"uk-button uk-button-primary\" href=\"https:\/\/natureneem.com\/en\/products\/totalcare\" target=\"_blank\" rel=\"noopener noreferrer\">KLIK HIER<\/a><\/div>\n<\/div>\n<\/div>\n<\/div>\n<h3>De in water oplosbare neemolie voor planten is in \u00e9\u00e9n woord TotalCare. Tot slot mag niet worden vergeten dat het zo eenvoudig te gebruiken, effici\u00ebnt en niet giftig is. Het is het meest geschikt voor uw moestuin, kassen en bloemen.<br \/>\nAlle producten van Nature Neem India zijn volledig biologisch. <b>Probeer ook<\/b> <a href=\"https:\/\/shop.natureneem.com\/e-shop\/nutraza-pellet-of-neem-seed\/\">NutrAza<\/a> om de voordelen van neemmest aan te vullen en <a href=\"https:\/\/shop.natureneem.com\/nl\/e-shop\/biocare\/\">BioCare<\/a> voor uw dieren.  <\/h3>\n","protected":false},"excerpt":{"rendered":"<h3 class=\"ai-optimize-20\">Wateroplosbare Neem olie voor plantenspuit<\/h3>\n<p><img loading=\"lazy\" decoding=\"async\" class=\"alignnone\" style=\"float: left;\" title=\"TotalCare symbool van NatureNeem\" src=\"https:\/\/natureneem.com\/images\/logos\/nn_plant_care.svg\" alt=\"NatureNeem plantenverzorging met TotalCare\" width=\"160\" height=\"599\"><\/p>\n<p class=\"ai-optimize-21\"><strong>Het beste plantaardige bestrijdingsmiddel voor biologische tuinen.<br \/>\n<\/strong><strong>In water oplosbare neemolie voor planten bestrijdingsmiddel in biologische landbouw en tuinen<br \/>\nNatuurlijk bio-gecertificeerd kwaliteitsproduct sinds 1990 door Nature Neem India<br \/>\nMeng 5-10 ml per liter water en spuit. Niet giftig voor mensen, dieren, vogels &#8230; <\/strong><\/p>\n","protected":false},"featured_media":11970,"comment_status":"open","ping_status":"closed","template":"","meta":[],"product_brand":[],"product_cat":[237],"product_tag":[],"class_list":{"0":"post-5941","1":"product","2":"type-product","3":"status-publish","4":"has-post-thumbnail","6":"product_cat-neem-producten","7":"pa_packing-1l-nl","8":"pa_packing-20l-nl","9":"pa_packing-250ml-nl","10":"pa_packing-5l-nl","11":"pa_packing-500ml-nl","13":"first","14":"instock","15":"shipping-taxable","16":"purchasable","17":"product-type-variable","18":"has-default-attributes"},"yoast_head":"<!-- This site is optimized with the Yoast SEO Premium plugin v27.1 (Yoast SEO v27.2) - https:\/\/yoast.com\/product\/yoast-seo-premium-wordpress\/ -->\n<title>In water oplosbare neemolie voor planten: Organische oplossing voor ongediertebestrijding<\/title>\n<meta name=\"description\" content=\"Bescherm uw planten met de kracht van de natuur! TotalCare : Wateroplosbare neemolie voor plantenbestrijdingsmiddelen in biologische landbouw en tuinen. Koop de jouwe vandaag nog.\" \/>\n<meta name=\"robots\" content=\"index, follow, max-snippet:-1, max-image-preview:large, max-video-preview:-1\" \/>\n<link rel=\"canonical\" href=\"https:\/\/shop.natureneem.com\/nl\/e-shop\/totalcare\/\" \/>\n<meta property=\"og:locale\" content=\"nl_NL\" \/>\n<meta property=\"og:type\" content=\"article\" \/>\n<meta property=\"og:title\" content=\"Ga voor biologisch met Neemolie voor planten in je tuin\" \/>\n<meta property=\"og:description\" content=\"Wilt u een bestrijdingsmiddel dat veilig is voor uw planten en het milieu? Probeer TotalCare, de beste neemolie voor planten. Bescherm uw tuin op natuurlijke wijze! \ud83c\udf31\" \/>\n<meta property=\"og:url\" content=\"https:\/\/shop.natureneem.com\/nl\/e-shop\/totalcare\/\" \/>\n<meta property=\"og:site_name\" content=\"NatureNeem e-Shop\" \/>\n<meta property=\"article:publisher\" content=\"https:\/\/www.facebook.com\/natureneemindia\/\" \/>\n<meta property=\"article:modified_time\" content=\"2025-11-02T17:42:17+00:00\" \/>\n<meta property=\"og:image\" content=\"https:\/\/shop.natureneem.com\/wp-content\/uploads\/nc\/images\/products\/totalcare\/nn_totalcare_en_champ_et_ecocert.jpg\" \/>\n<meta name=\"twitter:card\" content=\"summary_large_image\" \/>\n<meta name=\"twitter:title\" content=\"TotalCare: Neemolie voor planten - Biologische ongediertebestrijding voor tuinen\" \/>\n<meta name=\"twitter:description\" content=\"Bescherm uw planten op natuurlijke wijze met TotalCare, het beste botanische bestrijdingsmiddel voor biologische landbouw en tuinen. Veilig, effectief en milieuvriendelijk. \ud83c\udf3f #OrganischTuinieren\" \/>\n<meta name=\"twitter:site\" content=\"@natureneem\" \/>\n<meta name=\"twitter:label1\" content=\"Beschikbaarheid\" \/>\n\t<meta name=\"twitter:data1\" content=\"Op voorraad\" \/>\n<script type=\"application\/ld+json\" class=\"yoast-schema-graph\">{\"@context\":\"https:\/\/schema.org\",\"@graph\":[{\"@type\":\"WebPage\",\"@id\":\"https:\/\/shop.natureneem.com\/nl\/e-shop\/totalcare\/\",\"url\":\"https:\/\/shop.natureneem.com\/nl\/e-shop\/totalcare\/\",\"name\":\"In water oplosbare neemolie voor planten: Organische oplossing voor ongediertebestrijding\",\"isPartOf\":{\"@id\":\"https:\/\/shop.natureneem.com\/nl\/#website\"},\"primaryImageOfPage\":{\"@id\":\"https:\/\/shop.natureneem.com\/nl\/e-shop\/totalcare\/#primaryimage\"},\"image\":{\"@id\":\"https:\/\/shop.natureneem.com\/nl\/e-shop\/totalcare\/#primaryimage\"},\"thumbnailUrl\":\"https:\/\/shop.natureneem.com\/wp-content\/uploads\/2019\/07\/NN-TOTALCARE-2025_GROUP_01.jpg\",\"datePublished\":\"2019-07-06T17:00:23+00:00\",\"dateModified\":\"2025-11-02T17:42:17+00:00\",\"description\":\"Bescherm uw planten met de kracht van de natuur! TotalCare : Wateroplosbare neemolie voor plantenbestrijdingsmiddelen in biologische landbouw en tuinen. Koop de jouwe vandaag nog.\",\"breadcrumb\":{\"@id\":\"https:\/\/shop.natureneem.com\/nl\/e-shop\/totalcare\/#breadcrumb\"},\"inLanguage\":\"nl-NL\",\"potentialAction\":[{\"@type\":\"ReadAction\",\"target\":[\"https:\/\/shop.natureneem.com\/nl\/e-shop\/totalcare\/\"]}]},{\"@type\":\"ImageObject\",\"inLanguage\":\"nl-NL\",\"@id\":\"https:\/\/shop.natureneem.com\/nl\/e-shop\/totalcare\/#primaryimage\",\"url\":\"https:\/\/shop.natureneem.com\/wp-content\/uploads\/2019\/07\/NN-TOTALCARE-2025_GROUP_01.jpg\",\"contentUrl\":\"https:\/\/shop.natureneem.com\/wp-content\/uploads\/2019\/07\/NN-TOTALCARE-2025_GROUP_01.jpg\",\"width\":800,\"height\":800},{\"@type\":\"BreadcrumbList\",\"@id\":\"https:\/\/shop.natureneem.com\/nl\/e-shop\/totalcare\/#breadcrumb\",\"itemListElement\":[{\"@type\":\"ListItem\",\"position\":1,\"name\":\"Home\",\"item\":\"https:\/\/shop.natureneem.com\/nl\/home\/\"},{\"@type\":\"ListItem\",\"position\":2,\"name\":\"E-shop\",\"item\":\"https:\/\/shop.natureneem.com\/nl\/e-shop\/\"},{\"@type\":\"ListItem\",\"position\":3,\"name\":\"TotalCare\"}]},{\"@type\":\"WebSite\",\"@id\":\"https:\/\/shop.natureneem.com\/nl\/#website\",\"url\":\"https:\/\/shop.natureneem.com\/nl\/\",\"name\":\"NatureNeem e-Shop\",\"description\":\"Official Shop from Nature Neem\",\"publisher\":{\"@id\":\"https:\/\/shop.natureneem.com\/nl\/#organization\"},\"alternateName\":\"Nature Neem\",\"potentialAction\":[{\"@type\":\"SearchAction\",\"target\":{\"@type\":\"EntryPoint\",\"urlTemplate\":\"https:\/\/shop.natureneem.com\/nl\/?s={search_term_string}\"},\"query-input\":{\"@type\":\"PropertyValueSpecification\",\"valueRequired\":true,\"valueName\":\"search_term_string\"}}],\"inLanguage\":\"nl-NL\"},{\"@type\":\"Organization\",\"@id\":\"https:\/\/shop.natureneem.com\/nl\/#organization\",\"name\":\"Nature Neem\",\"alternateName\":\"Lorsun SAS\",\"url\":\"https:\/\/shop.natureneem.com\/nl\/\",\"logo\":{\"@type\":\"ImageObject\",\"inLanguage\":\"nl-NL\",\"@id\":\"https:\/\/shop.natureneem.com\/nl\/#\/schema\/logo\/image\/\",\"url\":\"https:\/\/shop.natureneem.com\/wp-content\/uploads\/2024\/09\/nn-logo-symbole-2024-01.svg\",\"contentUrl\":\"https:\/\/shop.natureneem.com\/wp-content\/uploads\/2024\/09\/nn-logo-symbole-2024-01.svg\",\"width\":1,\"height\":1,\"caption\":\"Nature Neem\"},\"image\":{\"@id\":\"https:\/\/shop.natureneem.com\/nl\/#\/schema\/logo\/image\/\"},\"sameAs\":[\"https:\/\/www.facebook.com\/natureneemindia\/\",\"https:\/\/x.com\/natureneem\",\"https:\/\/www.youtube.com\/user\/natureneem\",\"https:\/\/www.linkedin.com\/company\/natureneem\"],\"description\":\"We houden ons bezig met de ontwikkeling en commercialisering van ecologische oplossingen. We gaan door met het uitvinden van deze natuurlijke alternatieve oplossingen die de chemisch gesynthetiseerde producten die schadelijk zijn voor ons milieu effectief kunnen vervangen. Ons team is vooral competent in het voorstellen van biologische landbouwinputs. We fungeren ook als een vereniging van gelijkgestemde mensen die geloven dat de natuur de oplossing biedt voor alle milieuproblemen waarmee de mens wordt geconfronteerd.   \",\"email\":\"info@natureneem.com\",\"telephone\":\"+91 77084 00899\",\"legalName\":\"NATURE NEEM PRODUCTS\",\"vatID\":\"FR08891657884\",\"numberOfEmployees\":{\"@type\":\"QuantitativeValue\",\"minValue\":\"51\",\"maxValue\":\"200\"},\"publishingPrinciples\":\"https:\/\/shop.natureneem.com\/\",\"actionableFeedbackPolicy\":\"https:\/\/shop.natureneem.com\/return-and-refund-policy\/\",\"hasMerchantReturnPolicy\":{\"@type\":\"MerchantReturnPolicy\",\"merchantReturnLink\":\"https:\/\/shop.natureneem.com\/return-and-refund-policy\/\"}}]}<\/script>\n<meta property=\"og:availability\" content=\"instock\" \/>\n<meta property=\"product:availability\" content=\"instock\" \/>\n<meta property=\"product:retailer_item_id\" content=\"TotalCare\" \/>\n<meta property=\"product:condition\" content=\"new\" \/>\n<!-- \/ Yoast SEO Premium plugin. -->","yoast_head_json":{"title":"In water oplosbare neemolie voor planten: Organische oplossing voor ongediertebestrijding","description":"Bescherm uw planten met de kracht van de natuur! TotalCare : Wateroplosbare neemolie voor plantenbestrijdingsmiddelen in biologische landbouw en tuinen. Koop de jouwe vandaag nog.","robots":{"index":"index","follow":"follow","max-snippet":"max-snippet:-1","max-image-preview":"max-image-preview:large","max-video-preview":"max-video-preview:-1"},"canonical":"https:\/\/shop.natureneem.com\/nl\/e-shop\/totalcare\/","og_locale":"nl_NL","og_type":"article","og_title":"Ga voor biologisch met Neemolie voor planten in je tuin","og_description":"Wilt u een bestrijdingsmiddel dat veilig is voor uw planten en het milieu? Probeer TotalCare, de beste neemolie voor planten. Bescherm uw tuin op natuurlijke wijze! \ud83c\udf31","og_url":"https:\/\/shop.natureneem.com\/nl\/e-shop\/totalcare\/","og_site_name":"NatureNeem e-Shop","article_publisher":"https:\/\/www.facebook.com\/natureneemindia\/","article_modified_time":"2025-11-02T17:42:17+00:00","og_image":[{"url":"https:\/\/shop.natureneem.com\/wp-content\/uploads\/nc\/images\/products\/totalcare\/nn_totalcare_en_champ_et_ecocert.jpg","type":"","width":"","height":""}],"twitter_card":"summary_large_image","twitter_title":"TotalCare: Neemolie voor planten - Biologische ongediertebestrijding voor tuinen","twitter_description":"Bescherm uw planten op natuurlijke wijze met TotalCare, het beste botanische bestrijdingsmiddel voor biologische landbouw en tuinen. Veilig, effectief en milieuvriendelijk. \ud83c\udf3f #OrganischTuinieren","twitter_site":"@natureneem","twitter_misc":{"Beschikbaarheid":"Op voorraad"},"schema":{"@context":"https:\/\/schema.org","@graph":[{"@type":"WebPage","@id":"https:\/\/shop.natureneem.com\/nl\/e-shop\/totalcare\/","url":"https:\/\/shop.natureneem.com\/nl\/e-shop\/totalcare\/","name":"In water oplosbare neemolie voor planten: Organische oplossing voor ongediertebestrijding","isPartOf":{"@id":"https:\/\/shop.natureneem.com\/nl\/#website"},"primaryImageOfPage":{"@id":"https:\/\/shop.natureneem.com\/nl\/e-shop\/totalcare\/#primaryimage"},"image":{"@id":"https:\/\/shop.natureneem.com\/nl\/e-shop\/totalcare\/#primaryimage"},"thumbnailUrl":"https:\/\/shop.natureneem.com\/wp-content\/uploads\/2019\/07\/NN-TOTALCARE-2025_GROUP_01.jpg","datePublished":"2019-07-06T17:00:23+00:00","dateModified":"2025-11-02T17:42:17+00:00","description":"Bescherm uw planten met de kracht van de natuur! TotalCare : Wateroplosbare neemolie voor plantenbestrijdingsmiddelen in biologische landbouw en tuinen. Koop de jouwe vandaag nog.","breadcrumb":{"@id":"https:\/\/shop.natureneem.com\/nl\/e-shop\/totalcare\/#breadcrumb"},"inLanguage":"nl-NL","potentialAction":[{"@type":"ReadAction","target":["https:\/\/shop.natureneem.com\/nl\/e-shop\/totalcare\/"]}]},{"@type":"ImageObject","inLanguage":"nl-NL","@id":"https:\/\/shop.natureneem.com\/nl\/e-shop\/totalcare\/#primaryimage","url":"https:\/\/shop.natureneem.com\/wp-content\/uploads\/2019\/07\/NN-TOTALCARE-2025_GROUP_01.jpg","contentUrl":"https:\/\/shop.natureneem.com\/wp-content\/uploads\/2019\/07\/NN-TOTALCARE-2025_GROUP_01.jpg","width":800,"height":800},{"@type":"BreadcrumbList","@id":"https:\/\/shop.natureneem.com\/nl\/e-shop\/totalcare\/#breadcrumb","itemListElement":[{"@type":"ListItem","position":1,"name":"Home","item":"https:\/\/shop.natureneem.com\/nl\/home\/"},{"@type":"ListItem","position":2,"name":"E-shop","item":"https:\/\/shop.natureneem.com\/nl\/e-shop\/"},{"@type":"ListItem","position":3,"name":"TotalCare"}]},{"@type":"WebSite","@id":"https:\/\/shop.natureneem.com\/nl\/#website","url":"https:\/\/shop.natureneem.com\/nl\/","name":"NatureNeem e-Shop","description":"Official Shop from Nature Neem","publisher":{"@id":"https:\/\/shop.natureneem.com\/nl\/#organization"},"alternateName":"Nature Neem","potentialAction":[{"@type":"SearchAction","target":{"@type":"EntryPoint","urlTemplate":"https:\/\/shop.natureneem.com\/nl\/?s={search_term_string}"},"query-input":{"@type":"PropertyValueSpecification","valueRequired":true,"valueName":"search_term_string"}}],"inLanguage":"nl-NL"},{"@type":"Organization","@id":"https:\/\/shop.natureneem.com\/nl\/#organization","name":"Nature Neem","alternateName":"Lorsun SAS","url":"https:\/\/shop.natureneem.com\/nl\/","logo":{"@type":"ImageObject","inLanguage":"nl-NL","@id":"https:\/\/shop.natureneem.com\/nl\/#\/schema\/logo\/image\/","url":"https:\/\/shop.natureneem.com\/wp-content\/uploads\/2024\/09\/nn-logo-symbole-2024-01.svg","contentUrl":"https:\/\/shop.natureneem.com\/wp-content\/uploads\/2024\/09\/nn-logo-symbole-2024-01.svg","width":1,"height":1,"caption":"Nature Neem"},"image":{"@id":"https:\/\/shop.natureneem.com\/nl\/#\/schema\/logo\/image\/"},"sameAs":["https:\/\/www.facebook.com\/natureneemindia\/","https:\/\/x.com\/natureneem","https:\/\/www.youtube.com\/user\/natureneem","https:\/\/www.linkedin.com\/company\/natureneem"],"description":"We houden ons bezig met de ontwikkeling en commercialisering van ecologische oplossingen. We gaan door met het uitvinden van deze natuurlijke alternatieve oplossingen die de chemisch gesynthetiseerde producten die schadelijk zijn voor ons milieu effectief kunnen vervangen. Ons team is vooral competent in het voorstellen van biologische landbouwinputs. We fungeren ook als een vereniging van gelijkgestemde mensen die geloven dat de natuur de oplossing biedt voor alle milieuproblemen waarmee de mens wordt geconfronteerd.   ","email":"info@natureneem.com","telephone":"+91 77084 00899","legalName":"NATURE NEEM PRODUCTS","vatID":"FR08891657884","numberOfEmployees":{"@type":"QuantitativeValue","minValue":"51","maxValue":"200"},"publishingPrinciples":"https:\/\/shop.natureneem.com\/","actionableFeedbackPolicy":"https:\/\/shop.natureneem.com\/return-and-refund-policy\/","hasMerchantReturnPolicy":{"@type":"MerchantReturnPolicy","merchantReturnLink":"https:\/\/shop.natureneem.com\/return-and-refund-policy\/"}}]},"og_availability":"instock","product_availability":"instock","product_retailer_item_id":"TotalCare","product_condition":"new"},"_links":{"self":[{"href":"https:\/\/shop.natureneem.com\/nl\/wp-json\/wp\/v2\/product\/5941","targetHints":{"allow":["GET"]}}],"collection":[{"href":"https:\/\/shop.natureneem.com\/nl\/wp-json\/wp\/v2\/product"}],"about":[{"href":"https:\/\/shop.natureneem.com\/nl\/wp-json\/wp\/v2\/types\/product"}],"replies":[{"embeddable":true,"href":"https:\/\/shop.natureneem.com\/nl\/wp-json\/wp\/v2\/comments?post=5941"}],"wp:featuredmedia":[{"embeddable":true,"href":"https:\/\/shop.natureneem.com\/nl\/wp-json\/wp\/v2\/media\/11970"}],"wp:attachment":[{"href":"https:\/\/shop.natureneem.com\/nl\/wp-json\/wp\/v2\/media?parent=5941"}],"wp:term":[{"taxonomy":"product_brand","embeddable":true,"href":"https:\/\/shop.natureneem.com\/nl\/wp-json\/wp\/v2\/product_brand?post=5941"},{"taxonomy":"product_cat","embeddable":true,"href":"https:\/\/shop.natureneem.com\/nl\/wp-json\/wp\/v2\/product_cat?post=5941"},{"taxonomy":"product_tag","embeddable":true,"href":"https:\/\/shop.natureneem.com\/nl\/wp-json\/wp\/v2\/product_tag?post=5941"}],"curies":[{"name":"wp","href":"https:\/\/api.w.org\/{rel}","templated":true}]}}